{"id":2305,"date":"2025-01-09T11:23:41","date_gmt":"2025-01-09T11:23:41","guid":{"rendered":"https:\/\/manualer.byggalliansen.no\/v6\/?page_id=2305"},"modified":"2025-08-21T05:58:02","modified_gmt":"2025-08-21T05:58:02","slug":"1-1-1-prinsipper-for-baerekraftig-utvikling","status":"publish","type":"page","link":"http:\/\/breeam-nor.byggalliansen.no\/v6\/kategorier-og-emner\/1-ledelse\/1-1-baerekraftig-lederskap\/1-1-1-prinsipper-for-baerekraftig-utvikling\/","title":{"rendered":"Planlegging av prosjektering og utf\u00f8relse"},"content":{"rendered":"\n<ol class=\"wp-block-list\">\n<li>Senest i l\u00f8pet av steg 3 skal <dfn aria-describedby=\"desc-1749562307864-lvpm4j7wo\" data-definition=\"Interne interessenter\">interne interessenter<\/dfn> samarbeide for\n<ol style=\"list-style-type:lower-alpha\" class=\"wp-block-list\">\n<li><span style=\"font-size: clamp(1rem, 0.9107rem + 0.2857vw, 1.125rem);, sans-serif\">\u00e5 utarbeide en oversikt over gjeldende rammebetingelser (se Metode)<\/span><\/li>\n\n\n\n<li><span style=\"font-size: clamp(1rem, 0.9107rem + 0.2857vw, 1.125rem);, sans-serif\">\u00e5 beslutte m\u00e5l og tiltak for b\u00e6rekraft basert p\u00e5 de gjeldende rammebetingelsene utarbeidet under 1a. <\/span><br><span style=\"font-size: clamp(1rem, 0.9107rem + 0.2857vw, 1.125rem);, sans-serif\">Dette kan f.eks. v\u00e6re BREEAM sertifiseringsniv\u00e5, utslippsfritt utbyggingsomr\u00e5de, energiytelse, brukertilfredshet, klimagassreduksjon, klimagasstilpasning, biologisk mangfold o.l.<\/span><\/li>\n\n\n\n<li><span style=\"font-size: clamp(1rem, 0.9107rem + 0.2857vw, 1.125rem);, sans-serif\">\u00e5 etablere en overordnet stegplan (se Tilleggsinformasjon) basert p\u00e5 veilederen \u00abneste steg\u00bb, hvor steg 2\u20136 skal defineres og prosjekttilpasses for de ulike delene av bygget (f.eks. b\u00e6resystem, klimaskjerm, tekniske anlegg o.l.). Det m\u00e5 komme tydelig frem i hvilket steg i prosjektet det er kritisk at vurderinger og beslutninger knyttet til b\u00e6rekraftsm\u00e5lene og -tiltakene gjennomf\u00f8res, i tillegg til hvem (hvilke roller) som m\u00e5 involveres i de ulike prosessene. Her skal rollene og ansvaret til interne interessenter ogs\u00e5 tydeliggj\u00f8res.<\/span><\/li>\n\n\n\n<li><span style=\"font-size: clamp(1rem, 0.9107rem + 0.2857vw, 1.125rem);, sans-serif\">\u00e5 synliggj\u00f8re b\u00e6rekraftsm\u00e5lene i relevant prosjektoppf\u00f8lgingsverkt\u00f8y, f.eks. beslutningsplan, fremdriftsplan, innkj\u00f8psplan e.l.<\/span><\/li>\n\n\n\n<li>Rammebetingelsene, m\u00e5l og tiltak knyttet til b\u00e6rekraft og overordnet stegplan skal kommuniseres internt (se Tilleggsinformasjon) i prosjektet.<\/li>\n<\/ol>\n<\/li>\n<\/ol>\n\n\n\n<p><\/p>\n","protected":false},"excerpt":{"rendered":"","protected":false},"author":2,"featured_media":0,"parent":2026,"menu_order":0,"comment_status":"closed","ping_status":"closed","template":"","meta":{"_acf_changed":false,"footnotes":""},"categories":[31],"connection":[43],"class_list":["post-2305","page","type-page","status-publish","hentry","category-minstekrav","connection-1-1-1"],"acf":[],"yoast_head":"<!-- This site is optimized with the Yoast SEO plugin v25.4 - https:\/\/yoast.com\/wordpress\/plugins\/seo\/ -->\n<title>Planlegging av prosjektering og utf\u00f8relse - BREEAM-NOR<\/title>\n<meta name=\"robots\" content=\"index, follow, max-snippet:-1, max-image-preview:large, max-video-preview:-1\" \/>\n<link rel=\"canonical\" href=\"http:\/\/breeam-nor.byggalliansen.no\/v6\/kategorier-og-emner\/1-ledelse\/1-1-baerekraftig-lederskap\/1-1-1-prinsipper-for-baerekraftig-utvikling\/\" \/>\n<meta property=\"og:locale\" content=\"nb_NO\" \/>\n<meta property=\"og:type\" content=\"article\" \/>\n<meta property=\"og:title\" content=\"Planlegging av prosjektering og utf\u00f8relse - BREEAM-NOR\" \/>\n<meta property=\"og:url\" content=\"http:\/\/breeam-nor.byggalliansen.no\/v6\/kategorier-og-emner\/1-ledelse\/1-1-baerekraftig-lederskap\/1-1-1-prinsipper-for-baerekraftig-utvikling\/\" \/>\n<meta property=\"og:site_name\" content=\"BREEAM-NOR\" \/>\n<meta property=\"article:modified_time\" content=\"2025-08-21T05:58:02+00:00\" \/>\n<meta name=\"twitter:card\" content=\"summary_large_image\" \/>\n<meta name=\"twitter:label1\" content=\"Ansl. lesetid\" \/>\n\t<meta name=\"twitter:data1\" content=\"1 minutt\" \/>\n<script type=\"application\/ld+json\" class=\"yoast-schema-graph\">{\"@context\":\"https:\/\/schema.org\",\"@graph\":[{\"@type\":\"WebPage\",\"@id\":\"http:\/\/breeam-nor.byggalliansen.no\/v6\/kategorier-og-emner\/1-ledelse\/1-1-baerekraftig-lederskap\/1-1-1-prinsipper-for-baerekraftig-utvikling\/\",\"url\":\"http:\/\/breeam-nor.byggalliansen.no\/v6\/kategorier-og-emner\/1-ledelse\/1-1-baerekraftig-lederskap\/1-1-1-prinsipper-for-baerekraftig-utvikling\/\",\"name\":\"Planlegging av prosjektering og utf\u00f8relse - BREEAM-NOR\",\"isPartOf\":{\"@id\":\"https:\/\/breeam-nor.byggalliansen.no\/v6\/#website\"},\"datePublished\":\"2025-01-09T11:23:41+00:00\",\"dateModified\":\"2025-08-21T05:58:02+00:00\",\"breadcrumb\":{\"@id\":\"http:\/\/breeam-nor.byggalliansen.no\/v6\/kategorier-og-emner\/1-ledelse\/1-1-baerekraftig-lederskap\/1-1-1-prinsipper-for-baerekraftig-utvikling\/#breadcrumb\"},\"inLanguage\":\"nb-NO\",\"potentialAction\":[{\"@type\":\"ReadAction\",\"target\":[\"http:\/\/breeam-nor.byggalliansen.no\/v6\/kategorier-og-emner\/1-ledelse\/1-1-baerekraftig-lederskap\/1-1-1-prinsipper-for-baerekraftig-utvikling\/\"]}]},{\"@type\":\"BreadcrumbList\",\"@id\":\"http:\/\/breeam-nor.byggalliansen.no\/v6\/kategorier-og-emner\/1-ledelse\/1-1-baerekraftig-lederskap\/1-1-1-prinsipper-for-baerekraftig-utvikling\/#breadcrumb\",\"itemListElement\":[{\"@type\":\"ListItem\",\"position\":1,\"name\":\"BREEAM-NOR\",\"item\":\"http:\/\/breeam-nor.byggalliansen.no\/v6\/\"},{\"@type\":\"ListItem\",\"position\":2,\"name\":\"Kategorier og emner\",\"item\":\"https:\/\/breeam-nor.byggalliansen.no\/v6\/kategorier-og-emner\/\"},{\"@type\":\"ListItem\",\"position\":3,\"name\":\"Ledelse\",\"item\":\"http:\/\/breeam-nor.byggalliansen.no\/v6\/kategorier-og-emner\/1-ledelse\/\"},{\"@type\":\"ListItem\",\"position\":4,\"name\":\"Man 01 Konseptutvikling og prosjektoptimalisering\",\"item\":\"http:\/\/breeam-nor.byggalliansen.no\/v6\/kategorier-og-emner\/1-ledelse\/1-1-baerekraftig-lederskap\/\"},{\"@type\":\"ListItem\",\"position\":5,\"name\":\"Planlegging av prosjektering og utf\u00f8relse\"}]},{\"@type\":\"WebSite\",\"@id\":\"https:\/\/breeam-nor.byggalliansen.no\/v6\/#website\",\"url\":\"https:\/\/breeam-nor.byggalliansen.no\/v6\/\",\"name\":\"BREEAM-NOR\",\"description\":\"Versjon 6.1.1, 2024\",\"potentialAction\":[{\"@type\":\"SearchAction\",\"target\":{\"@type\":\"EntryPoint\",\"urlTemplate\":\"https:\/\/breeam-nor.byggalliansen.no\/v6\/?s={search_term_string}\"},\"query-input\":{\"@type\":\"PropertyValueSpecification\",\"valueRequired\":true,\"valueName\":\"search_term_string\"}}],\"inLanguage\":\"nb-NO\"}]}<\/script>\n<!-- \/ Yoast SEO plugin. -->","yoast_head_json":{"title":"Planlegging av prosjektering og utf\u00f8relse - BREEAM-NOR","robots":{"index":"index","follow":"follow","max-snippet":"max-snippet:-1","max-image-preview":"max-image-preview:large","max-video-preview":"max-video-preview:-1"},"canonical":"http:\/\/breeam-nor.byggalliansen.no\/v6\/kategorier-og-emner\/1-ledelse\/1-1-baerekraftig-lederskap\/1-1-1-prinsipper-for-baerekraftig-utvikling\/","og_locale":"nb_NO","og_type":"article","og_title":"Planlegging av prosjektering og utf\u00f8relse - BREEAM-NOR","og_url":"http:\/\/breeam-nor.byggalliansen.no\/v6\/kategorier-og-emner\/1-ledelse\/1-1-baerekraftig-lederskap\/1-1-1-prinsipper-for-baerekraftig-utvikling\/","og_site_name":"BREEAM-NOR","article_modified_time":"2025-08-21T05:58:02+00:00","twitter_card":"summary_large_image","twitter_misc":{"Ansl. lesetid":"1 minutt"},"schema":{"@context":"https:\/\/schema.org","@graph":[{"@type":"WebPage","@id":"http:\/\/breeam-nor.byggalliansen.no\/v6\/kategorier-og-emner\/1-ledelse\/1-1-baerekraftig-lederskap\/1-1-1-prinsipper-for-baerekraftig-utvikling\/","url":"http:\/\/breeam-nor.byggalliansen.no\/v6\/kategorier-og-emner\/1-ledelse\/1-1-baerekraftig-lederskap\/1-1-1-prinsipper-for-baerekraftig-utvikling\/","name":"Planlegging av prosjektering og utf\u00f8relse - BREEAM-NOR","isPartOf":{"@id":"https:\/\/breeam-nor.byggalliansen.no\/v6\/#website"},"datePublished":"2025-01-09T11:23:41+00:00","dateModified":"2025-08-21T05:58:02+00:00","breadcrumb":{"@id":"http:\/\/breeam-nor.byggalliansen.no\/v6\/kategorier-og-emner\/1-ledelse\/1-1-baerekraftig-lederskap\/1-1-1-prinsipper-for-baerekraftig-utvikling\/#breadcrumb"},"inLanguage":"nb-NO","potentialAction":[{"@type":"ReadAction","target":["http:\/\/breeam-nor.byggalliansen.no\/v6\/kategorier-og-emner\/1-ledelse\/1-1-baerekraftig-lederskap\/1-1-1-prinsipper-for-baerekraftig-utvikling\/"]}]},{"@type":"BreadcrumbList","@id":"http:\/\/breeam-nor.byggalliansen.no\/v6\/kategorier-og-emner\/1-ledelse\/1-1-baerekraftig-lederskap\/1-1-1-prinsipper-for-baerekraftig-utvikling\/#breadcrumb","itemListElement":[{"@type":"ListItem","position":1,"name":"BREEAM-NOR","item":"http:\/\/breeam-nor.byggalliansen.no\/v6\/"},{"@type":"ListItem","position":2,"name":"Kategorier og emner","item":"https:\/\/breeam-nor.byggalliansen.no\/v6\/kategorier-og-emner\/"},{"@type":"ListItem","position":3,"name":"Ledelse","item":"http:\/\/breeam-nor.byggalliansen.no\/v6\/kategorier-og-emner\/1-ledelse\/"},{"@type":"ListItem","position":4,"name":"Man 01 Konseptutvikling og prosjektoptimalisering","item":"http:\/\/breeam-nor.byggalliansen.no\/v6\/kategorier-og-emner\/1-ledelse\/1-1-baerekraftig-lederskap\/"},{"@type":"ListItem","position":5,"name":"Planlegging av prosjektering og utf\u00f8relse"}]},{"@type":"WebSite","@id":"https:\/\/breeam-nor.byggalliansen.no\/v6\/#website","url":"https:\/\/breeam-nor.byggalliansen.no\/v6\/","name":"BREEAM-NOR","description":"Versjon 6.1.1, 2024","potentialAction":[{"@type":"SearchAction","target":{"@type":"EntryPoint","urlTemplate":"https:\/\/breeam-nor.byggalliansen.no\/v6\/?s={search_term_string}"},"query-input":{"@type":"PropertyValueSpecification","valueRequired":true,"valueName":"search_term_string"}}],"inLanguage":"nb-NO"}]}},"_links":{"self":[{"href":"http:\/\/breeam-nor.byggalliansen.no\/v6\/wp-json\/wp\/v2\/pages\/2305","targetHints":{"allow":["GET"]}}],"collection":[{"href":"http:\/\/breeam-nor.byggalliansen.no\/v6\/wp-json\/wp\/v2\/pages"}],"about":[{"href":"http:\/\/breeam-nor.byggalliansen.no\/v6\/wp-json\/wp\/v2\/types\/page"}],"author":[{"embeddable":true,"href":"http:\/\/breeam-nor.byggalliansen.no\/v6\/wp-json\/wp\/v2\/users\/2"}],"replies":[{"embeddable":true,"href":"http:\/\/breeam-nor.byggalliansen.no\/v6\/wp-json\/wp\/v2\/comments?post=2305"}],"version-history":[{"count":3,"href":"http:\/\/breeam-nor.byggalliansen.no\/v6\/wp-json\/wp\/v2\/pages\/2305\/revisions"}],"predecessor-version":[{"id":6048,"href":"http:\/\/breeam-nor.byggalliansen.no\/v6\/wp-json\/wp\/v2\/pages\/2305\/revisions\/6048"}],"up":[{"embeddable":true,"href":"http:\/\/breeam-nor.byggalliansen.no\/v6\/wp-json\/wp\/v2\/pages\/2026"}],"wp:attachment":[{"href":"http:\/\/breeam-nor.byggalliansen.no\/v6\/wp-json\/wp\/v2\/media?parent=2305"}],"wp:term":[{"taxonomy":"category","embeddable":true,"href":"http:\/\/breeam-nor.byggalliansen.no\/v6\/wp-json\/wp\/v2\/categories?post=2305"},{"taxonomy":"connection","embeddable":true,"href":"http:\/\/breeam-nor.byggalliansen.no\/v6\/wp-json\/wp\/v2\/connection?post=2305"}],"curies":[{"name":"wp","href":"https:\/\/api.w.org\/{rel}","templated":true}]}}