{"id":4060,"date":"2025-04-10T13:44:36","date_gmt":"2025-04-10T13:44:36","guid":{"rendered":"https:\/\/breeam-nor.byggalliansen.no\/v6\/kategorier-og-emner\/1-ledelse\/1-1-baerekraftig-lederskap\/1-1-1-prinsipper-for-baerekraftig-utvikling-2\/"},"modified":"2025-09-04T10:47:28","modified_gmt":"2025-09-04T10:47:28","slug":"1-1-1-prinsipper-for-baerekraftig-utvikling-2","status":"publish","type":"page","link":"http:\/\/breeam-nor.byggalliansen.no\/v6\/kategorier-og-emner\/1-ledelse\/1-1-baerekraftig-lederskap\/1-1-1-prinsipper-for-baerekraftig-utvikling-2\/","title":{"rendered":"Samlet klimagassregnskap for byggets levetid"},"content":{"rendered":"\n<p><\/p>\n\n\n\n<ol start=\"2\" class=\"wp-block-list\">\n<li>Prosjektgruppen setter opp et samlet klimagassbudsjett (se Metode) for \u00e5 synliggj\u00f8re prosjektets klimagassutslipp. Klimagassbudsjettet skal presenteres for tiltakshaver senest i l\u00f8pet av steg 3. Klimagassbudsjettet skal v\u00e6re en del av underlaget for \u00e5 beslutte b\u00e6rekraftsm\u00e5l med tilh\u00f8rende tiltak i prosjektet, jf. kriterium 1.<\/li>\n\n\n\n<li>Etter oppf\u00f8ring av bygningen skal klimagassregnskap med som-bygget-informasjon gjennomg\u00e5s av prosjektledelsen. Eventuelle b\u00e6rekraftsm\u00e5l, som er knyttet til klimagassutslipp og ikke oppn\u00e5dd, skal gj\u00f8res rede for og rapporteres til tiltakshaver.<\/li>\n<\/ol>\n\n\n\n<p><\/p>\n","protected":false},"excerpt":{"rendered":"","protected":false},"author":5,"featured_media":0,"parent":2026,"menu_order":1,"comment_status":"closed","ping_status":"closed","template":"","meta":{"_acf_changed":false,"footnotes":""},"categories":[31],"connection":[51],"class_list":["post-4060","page","type-page","status-publish","hentry","category-minstekrav","connection-1-1-2"],"acf":[],"yoast_head":"<!-- This site is optimized with the Yoast SEO plugin v25.4 - https:\/\/yoast.com\/wordpress\/plugins\/seo\/ -->\n<title>Samlet klimagassregnskap for byggets levetid - BREEAM-NOR<\/title>\n<meta name=\"robots\" content=\"index, follow, max-snippet:-1, max-image-preview:large, max-video-preview:-1\" \/>\n<link rel=\"canonical\" href=\"https:\/\/breeam-nor.byggalliansen.no\/v6\/kategorier-og-emner\/1-ledelse\/1-1-baerekraftig-lederskap\/1-1-1-prinsipper-for-baerekraftig-utvikling-2\/\" \/>\n<meta property=\"og:locale\" content=\"nb_NO\" \/>\n<meta property=\"og:type\" content=\"article\" \/>\n<meta property=\"og:title\" content=\"Samlet klimagassregnskap for byggets levetid - BREEAM-NOR\" \/>\n<meta property=\"og:url\" content=\"https:\/\/breeam-nor.byggalliansen.no\/v6\/kategorier-og-emner\/1-ledelse\/1-1-baerekraftig-lederskap\/1-1-1-prinsipper-for-baerekraftig-utvikling-2\/\" \/>\n<meta property=\"og:site_name\" content=\"BREEAM-NOR\" \/>\n<meta property=\"article:modified_time\" content=\"2025-09-04T10:47:28+00:00\" \/>\n<meta name=\"twitter:card\" content=\"summary_large_image\" \/>\n<meta name=\"twitter:label1\" content=\"Ansl. lesetid\" \/>\n\t<meta name=\"twitter:data1\" content=\"1 minutt\" \/>\n<script type=\"application\/ld+json\" class=\"yoast-schema-graph\">{\"@context\":\"https:\/\/schema.org\",\"@graph\":[{\"@type\":\"WebPage\",\"@id\":\"https:\/\/breeam-nor.byggalliansen.no\/v6\/kategorier-og-emner\/1-ledelse\/1-1-baerekraftig-lederskap\/1-1-1-prinsipper-for-baerekraftig-utvikling-2\/\",\"url\":\"https:\/\/breeam-nor.byggalliansen.no\/v6\/kategorier-og-emner\/1-ledelse\/1-1-baerekraftig-lederskap\/1-1-1-prinsipper-for-baerekraftig-utvikling-2\/\",\"name\":\"Samlet klimagassregnskap for byggets levetid - BREEAM-NOR\",\"isPartOf\":{\"@id\":\"https:\/\/breeam-nor.byggalliansen.no\/v6\/#website\"},\"datePublished\":\"2025-04-10T13:44:36+00:00\",\"dateModified\":\"2025-09-04T10:47:28+00:00\",\"breadcrumb\":{\"@id\":\"https:\/\/breeam-nor.byggalliansen.no\/v6\/kategorier-og-emner\/1-ledelse\/1-1-baerekraftig-lederskap\/1-1-1-prinsipper-for-baerekraftig-utvikling-2\/#breadcrumb\"},\"inLanguage\":\"nb-NO\",\"potentialAction\":[{\"@type\":\"ReadAction\",\"target\":[\"https:\/\/breeam-nor.byggalliansen.no\/v6\/kategorier-og-emner\/1-ledelse\/1-1-baerekraftig-lederskap\/1-1-1-prinsipper-for-baerekraftig-utvikling-2\/\"]}]},{\"@type\":\"BreadcrumbList\",\"@id\":\"https:\/\/breeam-nor.byggalliansen.no\/v6\/kategorier-og-emner\/1-ledelse\/1-1-baerekraftig-lederskap\/1-1-1-prinsipper-for-baerekraftig-utvikling-2\/#breadcrumb\",\"itemListElement\":[{\"@type\":\"ListItem\",\"position\":1,\"name\":\"BREEAM-NOR\",\"item\":\"http:\/\/breeam-nor.byggalliansen.no\/v6\/\"},{\"@type\":\"ListItem\",\"position\":2,\"name\":\"Kategorier og emner\",\"item\":\"https:\/\/breeam-nor.byggalliansen.no\/v6\/kategorier-og-emner\/\"},{\"@type\":\"ListItem\",\"position\":3,\"name\":\"Ledelse\",\"item\":\"http:\/\/breeam-nor.byggalliansen.no\/v6\/kategorier-og-emner\/1-ledelse\/\"},{\"@type\":\"ListItem\",\"position\":4,\"name\":\"Man 01 Konseptutvikling og prosjektoptimalisering\",\"item\":\"https:\/\/breeam-nor.byggalliansen.no\/v6\/kategorier-og-emner\/1-ledelse\/1-1-baerekraftig-lederskap\/\"},{\"@type\":\"ListItem\",\"position\":5,\"name\":\"Samlet klimagassregnskap for byggets levetid\"}]},{\"@type\":\"WebSite\",\"@id\":\"https:\/\/breeam-nor.byggalliansen.no\/v6\/#website\",\"url\":\"https:\/\/breeam-nor.byggalliansen.no\/v6\/\",\"name\":\"BREEAM-NOR\",\"description\":\"Versjon 6.1.1, 2024\",\"potentialAction\":[{\"@type\":\"SearchAction\",\"target\":{\"@type\":\"EntryPoint\",\"urlTemplate\":\"https:\/\/breeam-nor.byggalliansen.no\/v6\/?s={search_term_string}\"},\"query-input\":{\"@type\":\"PropertyValueSpecification\",\"valueRequired\":true,\"valueName\":\"search_term_string\"}}],\"inLanguage\":\"nb-NO\"}]}<\/script>\n<!-- \/ Yoast SEO plugin. -->","yoast_head_json":{"title":"Samlet klimagassregnskap for byggets levetid - BREEAM-NOR","robots":{"index":"index","follow":"follow","max-snippet":"max-snippet:-1","max-image-preview":"max-image-preview:large","max-video-preview":"max-video-preview:-1"},"canonical":"https:\/\/breeam-nor.byggalliansen.no\/v6\/kategorier-og-emner\/1-ledelse\/1-1-baerekraftig-lederskap\/1-1-1-prinsipper-for-baerekraftig-utvikling-2\/","og_locale":"nb_NO","og_type":"article","og_title":"Samlet klimagassregnskap for byggets levetid - BREEAM-NOR","og_url":"https:\/\/breeam-nor.byggalliansen.no\/v6\/kategorier-og-emner\/1-ledelse\/1-1-baerekraftig-lederskap\/1-1-1-prinsipper-for-baerekraftig-utvikling-2\/","og_site_name":"BREEAM-NOR","article_modified_time":"2025-09-04T10:47:28+00:00","twitter_card":"summary_large_image","twitter_misc":{"Ansl. lesetid":"1 minutt"},"schema":{"@context":"https:\/\/schema.org","@graph":[{"@type":"WebPage","@id":"https:\/\/breeam-nor.byggalliansen.no\/v6\/kategorier-og-emner\/1-ledelse\/1-1-baerekraftig-lederskap\/1-1-1-prinsipper-for-baerekraftig-utvikling-2\/","url":"https:\/\/breeam-nor.byggalliansen.no\/v6\/kategorier-og-emner\/1-ledelse\/1-1-baerekraftig-lederskap\/1-1-1-prinsipper-for-baerekraftig-utvikling-2\/","name":"Samlet klimagassregnskap for byggets levetid - BREEAM-NOR","isPartOf":{"@id":"https:\/\/breeam-nor.byggalliansen.no\/v6\/#website"},"datePublished":"2025-04-10T13:44:36+00:00","dateModified":"2025-09-04T10:47:28+00:00","breadcrumb":{"@id":"https:\/\/breeam-nor.byggalliansen.no\/v6\/kategorier-og-emner\/1-ledelse\/1-1-baerekraftig-lederskap\/1-1-1-prinsipper-for-baerekraftig-utvikling-2\/#breadcrumb"},"inLanguage":"nb-NO","potentialAction":[{"@type":"ReadAction","target":["https:\/\/breeam-nor.byggalliansen.no\/v6\/kategorier-og-emner\/1-ledelse\/1-1-baerekraftig-lederskap\/1-1-1-prinsipper-for-baerekraftig-utvikling-2\/"]}]},{"@type":"BreadcrumbList","@id":"https:\/\/breeam-nor.byggalliansen.no\/v6\/kategorier-og-emner\/1-ledelse\/1-1-baerekraftig-lederskap\/1-1-1-prinsipper-for-baerekraftig-utvikling-2\/#breadcrumb","itemListElement":[{"@type":"ListItem","position":1,"name":"BREEAM-NOR","item":"http:\/\/breeam-nor.byggalliansen.no\/v6\/"},{"@type":"ListItem","position":2,"name":"Kategorier og emner","item":"https:\/\/breeam-nor.byggalliansen.no\/v6\/kategorier-og-emner\/"},{"@type":"ListItem","position":3,"name":"Ledelse","item":"http:\/\/breeam-nor.byggalliansen.no\/v6\/kategorier-og-emner\/1-ledelse\/"},{"@type":"ListItem","position":4,"name":"Man 01 Konseptutvikling og prosjektoptimalisering","item":"https:\/\/breeam-nor.byggalliansen.no\/v6\/kategorier-og-emner\/1-ledelse\/1-1-baerekraftig-lederskap\/"},{"@type":"ListItem","position":5,"name":"Samlet klimagassregnskap for byggets levetid"}]},{"@type":"WebSite","@id":"https:\/\/breeam-nor.byggalliansen.no\/v6\/#website","url":"https:\/\/breeam-nor.byggalliansen.no\/v6\/","name":"BREEAM-NOR","description":"Versjon 6.1.1, 2024","potentialAction":[{"@type":"SearchAction","target":{"@type":"EntryPoint","urlTemplate":"https:\/\/breeam-nor.byggalliansen.no\/v6\/?s={search_term_string}"},"query-input":{"@type":"PropertyValueSpecification","valueRequired":true,"valueName":"search_term_string"}}],"inLanguage":"nb-NO"}]}},"_links":{"self":[{"href":"http:\/\/breeam-nor.byggalliansen.no\/v6\/wp-json\/wp\/v2\/pages\/4060","targetHints":{"allow":["GET"]}}],"collection":[{"href":"http:\/\/breeam-nor.byggalliansen.no\/v6\/wp-json\/wp\/v2\/pages"}],"about":[{"href":"http:\/\/breeam-nor.byggalliansen.no\/v6\/wp-json\/wp\/v2\/types\/page"}],"author":[{"embeddable":true,"href":"http:\/\/breeam-nor.byggalliansen.no\/v6\/wp-json\/wp\/v2\/users\/5"}],"replies":[{"embeddable":true,"href":"http:\/\/breeam-nor.byggalliansen.no\/v6\/wp-json\/wp\/v2\/comments?post=4060"}],"version-history":[{"count":2,"href":"http:\/\/breeam-nor.byggalliansen.no\/v6\/wp-json\/wp\/v2\/pages\/4060\/revisions"}],"predecessor-version":[{"id":6091,"href":"http:\/\/breeam-nor.byggalliansen.no\/v6\/wp-json\/wp\/v2\/pages\/4060\/revisions\/6091"}],"up":[{"embeddable":true,"href":"http:\/\/breeam-nor.byggalliansen.no\/v6\/wp-json\/wp\/v2\/pages\/2026"}],"wp:attachment":[{"href":"http:\/\/breeam-nor.byggalliansen.no\/v6\/wp-json\/wp\/v2\/media?parent=4060"}],"wp:term":[{"taxonomy":"category","embeddable":true,"href":"http:\/\/breeam-nor.byggalliansen.no\/v6\/wp-json\/wp\/v2\/categories?post=4060"},{"taxonomy":"connection","embeddable":true,"href":"http:\/\/breeam-nor.byggalliansen.no\/v6\/wp-json\/wp\/v2\/connection?post=4060"}],"curies":[{"name":"wp","href":"https:\/\/api.w.org\/{rel}","templated":true}]}}