{"id":4156,"date":"2025-04-22T10:01:06","date_gmt":"2025-04-22T10:01:06","guid":{"rendered":"https:\/\/breeam-nor.byggalliansen.no\/v6\/?page_id=4156"},"modified":"2025-09-02T10:07:59","modified_gmt":"2025-09-02T10:07:59","slug":"transportkartlegging-og-mobilitetsplan","status":"publish","type":"page","link":"http:\/\/breeam-nor.byggalliansen.no\/v6\/kategorier-og-emner\/transport\/tra-01-transportkartlegging-og-mobilitetsplan\/transportkartlegging-og-mobilitetsplan\/","title":{"rendered":"Transportkartlegging og mobilitetsplan"},"content":{"rendered":"\n<ol class=\"wp-block-list\">\n<li>En stedsspesifikk transportkartlegging og utkast til mobilitetsplan utarbeides i l\u00f8pet av steg 3. Det skal dokumenteres at dette er en del av grunnlaget for utarbeidelse av utbyggingsomr\u00e5dets planl\u00f8sning og form. Se Metode.<\/li>\n\n\n\n<li>Den stedsspesifikke transportkartleggingen skal som minimum dekke:\n<ol style=\"list-style-type:lower-alpha\" class=\"wp-block-list\">\n<li><span style=\"font-size: clamp(1rem, 0.9107rem + 0.2857vw, 1.125rem);, sans-serif\">Reisevaner og holdninger til utbyggingsomr\u00e5dets eksisterende <dfn aria-describedby=\"desc-1756807673731-z8n11d8ud\" data-definition=\"Brukere\">brukere<\/dfn> (eller tilsvarende brukere) se Definisjoner knyttet til gange, sykling, og offentlig transport dersom dette er relevant, for \u00e5 identifisere relevante restriksjoner og fremtidige muligheter.<\/span><\/li>\n\n\n\n<li><span style=\"font-size: clamp(1rem, 0.9107rem + 0.2857vw, 1.125rem);, sans-serif\">Vurdering av eksisterende lokalmilj\u00f8 for g\u00e5ende og syklister, samt redegj\u00f8relse for universell utforming (se Metode) for brukere og gjester.<\/span><\/li>\n\n\n\n<li><span style=\"font-size: clamp(1rem, 0.9107rem + 0.2857vw, 1.125rem);, sans-serif\">Rapportering av antall og type eksisterende <dfn aria-describedby=\"desc-1745318954579-e8hwoctyz\" data-definition=\"Tilgjengelige servicetilbud\">tilgjengelige servicetilbud<\/dfn> iht. tabell Tra 01-01 innenfor 500 m fra utbyggingsomr\u00e5de.<\/span><\/li>\n\n\n\n<li><span style=\"font-size: clamp(1rem, 0.9107rem + 0.2857vw, 1.125rem);, sans-serif\">Beregning av eksisterende <dfn aria-describedby=\"desc-1745318895266-nati4f6yk\" data-definition=\"Kollektivtransportindeks (AI)\">kollektivtransportindeks (AI)<\/dfn>, se Metode.<\/span><\/li>\n\n\n\n<li><span style=\"font-size: clamp(1rem, 0.9107rem + 0.2857vw, 1.125rem);, sans-serif\">Eksisterende fasiliteter for syklister, samt fasiliteter for transportdeling<\/span>.<\/li>\n\n\n\n<li><span style=\"font-size: clamp(1rem, 0.9107rem + 0.2857vw, 1.125rem);, sans-serif\">Vurdering av hvordan bygningsbrukernes reisemiddelfordeling vil p\u00e5virkes av eiendommens fremtidige utforming<\/span>,<\/li>\n\n\n\n<li>Utbyggingsomr\u00e5dets l\u00f8sninger for universell utforming (se Metode).<\/li>\n<\/ol>\n<\/li>\n\n\n\n<li>Med utgangspunkt i den stedsspesifikke transportkartleggingen (se kriterium 2) skal det utvikles en stedsspesifikk mobilitetsplan som gir en langsiktig styringsstrategi inkludert en tiltakspakke som oppfordrer til mer b\u00e6rekraftige reiser, samt leveranser av varer og tjenester for bygget i drift (se Metode).<\/li>\n\n\n\n<li>Tiltakshaver skal ha en aktiv rolle i videreutvikling av utkastet for mobilitetsplanen fra steg 3. Dersom brukerne er kjent, skal de involveres i utviklingen av mobilitetsplanen.<\/li>\n\n\n\n<li>Dokumenter at mobilitetsplanen skal implementeres og st\u00f8ttes av bygningens ledelse i driftsfasen. For boligprosjekter skal mobilitetsplanen implementeres og st\u00f8ttes av utbyggers\/boligbyggelagets ledelse.<\/li>\n<\/ol>\n\n\n\n<h5 class=\"wp-block-heading\">Tabell Tra 01-01 Servicetilbud i n\u00e6rheten av utbyggingsomr\u00e5de<\/h5>\n\n\n\n<figure class=\"wp-block-table is-style-core-borders\"><table class=\"has-fixed-layout\"><tbody><tr><td><strong>Servicetilbud<\/strong><\/td><\/tr><tr><td><dfn aria-describedby=\"desc-1745319028355-lk15f1tdo\" data-definition=\"Matbutikk\/-utsalg\">Matbutikk\/-utsalg<\/dfn><\/td><\/tr><tr><td>Tilgang til <dfn aria-describedby=\"desc-1745319035954-6pdgsec5m\" data-definition=\"Utend\u00f8rsomr\u00e5de\">utend\u00f8rsomr\u00e5de<\/dfn>. offentlig eller privat, stort nok og tilgjengelig for bygningens brukere<\/td><\/tr><tr><td>Tilgang til <dfn aria-describedby=\"desc-1745319065049-gg7ot1ygg\" data-definition=\"Fritids-\/idrettssentre\">fritids-, idretts- og treningsanlegg<\/dfn><\/td><\/tr><tr><td>Tilgjengelige tjenester for varetransport og post<\/td><\/tr><tr><td>Samfunnshus<\/td><\/tr><tr><td>Apotek<\/td><\/tr><tr><td>Fastlegekontor eller legesenter<\/td><\/tr><tr><td><dfn aria-describedby=\"desc-1745319091034-uxnczgklg\" data-definition=\"Barnehage\/ skole\">Barnehage\/skole<\/dfn><\/td><\/tr><tr><td>Sykkelbutikk eller -verksted<\/td><\/tr><\/tbody><\/table><\/figure>\n","protected":false},"excerpt":{"rendered":"<p>Tabell Tra 01-01 Servicetilbud i n\u00e6rheten av utbyggingsomr\u00e5de Servicetilbud Matbutikk\/-utsalg Tilgang til utend\u00f8rsomr\u00e5de. offentlig eller privat, stort nok og tilgjengelig for bygningens brukere Tilgang til fritids-, idretts- og treningsanlegg Tilgjengelige tjenester for varetransport og post Samfunnshus Apotek Fastlegekontor eller legesenter Barnehage\/skole Sykkelbutikk eller -verksted<\/p>\n","protected":false},"author":5,"featured_media":0,"parent":4158,"menu_order":0,"comment_status":"closed","ping_status":"closed","template":"","meta":{"_acf_changed":false,"footnotes":""},"categories":[],"connection":[233],"class_list":["post-4156","page","type-page","status-publish","hentry","connection-4-1-1"],"acf":[],"yoast_head":"<!-- This site is optimized with the Yoast SEO plugin v25.4 - https:\/\/yoast.com\/wordpress\/plugins\/seo\/ -->\n<title>Transportkartlegging og mobilitetsplan - BREEAM-NOR<\/title>\n<meta name=\"robots\" content=\"index, follow, max-snippet:-1, max-image-preview:large, max-video-preview:-1\" \/>\n<link rel=\"canonical\" href=\"http:\/\/breeam-nor.byggalliansen.no\/v6\/kategorier-og-emner\/transport\/tra-01-transportkartlegging-og-mobilitetsplan\/transportkartlegging-og-mobilitetsplan\/\" \/>\n<meta property=\"og:locale\" content=\"nb_NO\" \/>\n<meta property=\"og:type\" content=\"article\" \/>\n<meta property=\"og:title\" content=\"Transportkartlegging og mobilitetsplan - BREEAM-NOR\" \/>\n<meta property=\"og:description\" content=\"Tabell Tra 01-01 Servicetilbud i n\u00e6rheten av utbyggingsomr\u00e5de Servicetilbud Matbutikk\/-utsalg Tilgang til utend\u00f8rsomr\u00e5de. offentlig eller privat, stort nok og tilgjengelig for bygningens brukere Tilgang til fritids-, idretts- og treningsanlegg Tilgjengelige tjenester for varetransport og post Samfunnshus Apotek Fastlegekontor eller legesenter Barnehage\/skole Sykkelbutikk eller -verksted\" \/>\n<meta property=\"og:url\" content=\"http:\/\/breeam-nor.byggalliansen.no\/v6\/kategorier-og-emner\/transport\/tra-01-transportkartlegging-og-mobilitetsplan\/transportkartlegging-og-mobilitetsplan\/\" \/>\n<meta property=\"og:site_name\" content=\"BREEAM-NOR\" \/>\n<meta property=\"article:modified_time\" content=\"2025-09-02T10:07:59+00:00\" \/>\n<meta name=\"twitter:card\" content=\"summary_large_image\" \/>\n<meta name=\"twitter:label1\" content=\"Ansl. lesetid\" \/>\n\t<meta name=\"twitter:data1\" content=\"2 minutter\" \/>\n<script type=\"application\/ld+json\" class=\"yoast-schema-graph\">{\"@context\":\"https:\/\/schema.org\",\"@graph\":[{\"@type\":\"WebPage\",\"@id\":\"http:\/\/breeam-nor.byggalliansen.no\/v6\/kategorier-og-emner\/transport\/tra-01-transportkartlegging-og-mobilitetsplan\/transportkartlegging-og-mobilitetsplan\/\",\"url\":\"http:\/\/breeam-nor.byggalliansen.no\/v6\/kategorier-og-emner\/transport\/tra-01-transportkartlegging-og-mobilitetsplan\/transportkartlegging-og-mobilitetsplan\/\",\"name\":\"Transportkartlegging og mobilitetsplan - BREEAM-NOR\",\"isPartOf\":{\"@id\":\"https:\/\/breeam-nor.byggalliansen.no\/v6\/#website\"},\"datePublished\":\"2025-04-22T10:01:06+00:00\",\"dateModified\":\"2025-09-02T10:07:59+00:00\",\"breadcrumb\":{\"@id\":\"http:\/\/breeam-nor.byggalliansen.no\/v6\/kategorier-og-emner\/transport\/tra-01-transportkartlegging-og-mobilitetsplan\/transportkartlegging-og-mobilitetsplan\/#breadcrumb\"},\"inLanguage\":\"nb-NO\",\"potentialAction\":[{\"@type\":\"ReadAction\",\"target\":[\"http:\/\/breeam-nor.byggalliansen.no\/v6\/kategorier-og-emner\/transport\/tra-01-transportkartlegging-og-mobilitetsplan\/transportkartlegging-og-mobilitetsplan\/\"]}]},{\"@type\":\"BreadcrumbList\",\"@id\":\"http:\/\/breeam-nor.byggalliansen.no\/v6\/kategorier-og-emner\/transport\/tra-01-transportkartlegging-og-mobilitetsplan\/transportkartlegging-og-mobilitetsplan\/#breadcrumb\",\"itemListElement\":[{\"@type\":\"ListItem\",\"position\":1,\"name\":\"BREEAM-NOR\",\"item\":\"http:\/\/breeam-nor.byggalliansen.no\/v6\/\"},{\"@type\":\"ListItem\",\"position\":2,\"name\":\"Kategorier og emner\",\"item\":\"https:\/\/breeam-nor.byggalliansen.no\/v6\/kategorier-og-emner\/\"},{\"@type\":\"ListItem\",\"position\":3,\"name\":\"Transport\",\"item\":\"https:\/\/breeam-nor.byggalliansen.no\/v6\/kategorier-og-emner\/transport\/\"},{\"@type\":\"ListItem\",\"position\":4,\"name\":\"Tra 01 Transportkartlegging og mobilitetsplan\",\"item\":\"https:\/\/breeam-nor.byggalliansen.no\/v6\/kategorier-og-emner\/transport\/tra-01-transportkartlegging-og-mobilitetsplan\/\"},{\"@type\":\"ListItem\",\"position\":5,\"name\":\"Transportkartlegging og mobilitetsplan\"}]},{\"@type\":\"WebSite\",\"@id\":\"https:\/\/breeam-nor.byggalliansen.no\/v6\/#website\",\"url\":\"https:\/\/breeam-nor.byggalliansen.no\/v6\/\",\"name\":\"BREEAM-NOR\",\"description\":\"Versjon 6.1.1, 2024\",\"potentialAction\":[{\"@type\":\"SearchAction\",\"target\":{\"@type\":\"EntryPoint\",\"urlTemplate\":\"https:\/\/breeam-nor.byggalliansen.no\/v6\/?s={search_term_string}\"},\"query-input\":{\"@type\":\"PropertyValueSpecification\",\"valueRequired\":true,\"valueName\":\"search_term_string\"}}],\"inLanguage\":\"nb-NO\"}]}<\/script>\n<!-- \/ Yoast SEO plugin. -->","yoast_head_json":{"title":"Transportkartlegging og mobilitetsplan - BREEAM-NOR","robots":{"index":"index","follow":"follow","max-snippet":"max-snippet:-1","max-image-preview":"max-image-preview:large","max-video-preview":"max-video-preview:-1"},"canonical":"http:\/\/breeam-nor.byggalliansen.no\/v6\/kategorier-og-emner\/transport\/tra-01-transportkartlegging-og-mobilitetsplan\/transportkartlegging-og-mobilitetsplan\/","og_locale":"nb_NO","og_type":"article","og_title":"Transportkartlegging og mobilitetsplan - BREEAM-NOR","og_description":"Tabell Tra 01-01 Servicetilbud i n\u00e6rheten av utbyggingsomr\u00e5de Servicetilbud Matbutikk\/-utsalg Tilgang til utend\u00f8rsomr\u00e5de. offentlig eller privat, stort nok og tilgjengelig for bygningens brukere Tilgang til fritids-, idretts- og treningsanlegg Tilgjengelige tjenester for varetransport og post Samfunnshus Apotek Fastlegekontor eller legesenter Barnehage\/skole Sykkelbutikk eller -verksted","og_url":"http:\/\/breeam-nor.byggalliansen.no\/v6\/kategorier-og-emner\/transport\/tra-01-transportkartlegging-og-mobilitetsplan\/transportkartlegging-og-mobilitetsplan\/","og_site_name":"BREEAM-NOR","article_modified_time":"2025-09-02T10:07:59+00:00","twitter_card":"summary_large_image","twitter_misc":{"Ansl. lesetid":"2 minutter"},"schema":{"@context":"https:\/\/schema.org","@graph":[{"@type":"WebPage","@id":"http:\/\/breeam-nor.byggalliansen.no\/v6\/kategorier-og-emner\/transport\/tra-01-transportkartlegging-og-mobilitetsplan\/transportkartlegging-og-mobilitetsplan\/","url":"http:\/\/breeam-nor.byggalliansen.no\/v6\/kategorier-og-emner\/transport\/tra-01-transportkartlegging-og-mobilitetsplan\/transportkartlegging-og-mobilitetsplan\/","name":"Transportkartlegging og mobilitetsplan - BREEAM-NOR","isPartOf":{"@id":"https:\/\/breeam-nor.byggalliansen.no\/v6\/#website"},"datePublished":"2025-04-22T10:01:06+00:00","dateModified":"2025-09-02T10:07:59+00:00","breadcrumb":{"@id":"http:\/\/breeam-nor.byggalliansen.no\/v6\/kategorier-og-emner\/transport\/tra-01-transportkartlegging-og-mobilitetsplan\/transportkartlegging-og-mobilitetsplan\/#breadcrumb"},"inLanguage":"nb-NO","potentialAction":[{"@type":"ReadAction","target":["http:\/\/breeam-nor.byggalliansen.no\/v6\/kategorier-og-emner\/transport\/tra-01-transportkartlegging-og-mobilitetsplan\/transportkartlegging-og-mobilitetsplan\/"]}]},{"@type":"BreadcrumbList","@id":"http:\/\/breeam-nor.byggalliansen.no\/v6\/kategorier-og-emner\/transport\/tra-01-transportkartlegging-og-mobilitetsplan\/transportkartlegging-og-mobilitetsplan\/#breadcrumb","itemListElement":[{"@type":"ListItem","position":1,"name":"BREEAM-NOR","item":"http:\/\/breeam-nor.byggalliansen.no\/v6\/"},{"@type":"ListItem","position":2,"name":"Kategorier og emner","item":"https:\/\/breeam-nor.byggalliansen.no\/v6\/kategorier-og-emner\/"},{"@type":"ListItem","position":3,"name":"Transport","item":"https:\/\/breeam-nor.byggalliansen.no\/v6\/kategorier-og-emner\/transport\/"},{"@type":"ListItem","position":4,"name":"Tra 01 Transportkartlegging og mobilitetsplan","item":"https:\/\/breeam-nor.byggalliansen.no\/v6\/kategorier-og-emner\/transport\/tra-01-transportkartlegging-og-mobilitetsplan\/"},{"@type":"ListItem","position":5,"name":"Transportkartlegging og mobilitetsplan"}]},{"@type":"WebSite","@id":"https:\/\/breeam-nor.byggalliansen.no\/v6\/#website","url":"https:\/\/breeam-nor.byggalliansen.no\/v6\/","name":"BREEAM-NOR","description":"Versjon 6.1.1, 2024","potentialAction":[{"@type":"SearchAction","target":{"@type":"EntryPoint","urlTemplate":"https:\/\/breeam-nor.byggalliansen.no\/v6\/?s={search_term_string}"},"query-input":{"@type":"PropertyValueSpecification","valueRequired":true,"valueName":"search_term_string"}}],"inLanguage":"nb-NO"}]}},"_links":{"self":[{"href":"http:\/\/breeam-nor.byggalliansen.no\/v6\/wp-json\/wp\/v2\/pages\/4156","targetHints":{"allow":["GET"]}}],"collection":[{"href":"http:\/\/breeam-nor.byggalliansen.no\/v6\/wp-json\/wp\/v2\/pages"}],"about":[{"href":"http:\/\/breeam-nor.byggalliansen.no\/v6\/wp-json\/wp\/v2\/types\/page"}],"author":[{"embeddable":true,"href":"http:\/\/breeam-nor.byggalliansen.no\/v6\/wp-json\/wp\/v2\/users\/5"}],"replies":[{"embeddable":true,"href":"http:\/\/breeam-nor.byggalliansen.no\/v6\/wp-json\/wp\/v2\/comments?post=4156"}],"version-history":[{"count":3,"href":"http:\/\/breeam-nor.byggalliansen.no\/v6\/wp-json\/wp\/v2\/pages\/4156\/revisions"}],"predecessor-version":[{"id":6086,"href":"http:\/\/breeam-nor.byggalliansen.no\/v6\/wp-json\/wp\/v2\/pages\/4156\/revisions\/6086"}],"up":[{"embeddable":true,"href":"http:\/\/breeam-nor.byggalliansen.no\/v6\/wp-json\/wp\/v2\/pages\/4158"}],"wp:attachment":[{"href":"http:\/\/breeam-nor.byggalliansen.no\/v6\/wp-json\/wp\/v2\/media?parent=4156"}],"wp:term":[{"taxonomy":"category","embeddable":true,"href":"http:\/\/breeam-nor.byggalliansen.no\/v6\/wp-json\/wp\/v2\/categories?post=4156"},{"taxonomy":"connection","embeddable":true,"href":"http:\/\/breeam-nor.byggalliansen.no\/v6\/wp-json\/wp\/v2\/connection?post=4156"}],"curies":[{"name":"wp","href":"https:\/\/api.w.org\/{rel}","templated":true}]}}