{"id":4221,"date":"2025-04-22T11:56:29","date_gmt":"2025-04-22T11:56:29","guid":{"rendered":"https:\/\/breeam-nor.byggalliansen.no\/v6\/?page_id=4221"},"modified":"2025-06-06T08:01:07","modified_gmt":"2025-06-06T08:01:07","slug":"formalsdeling-delmaling-av-energiposter","status":"publish","type":"page","link":"http:\/\/breeam-nor.byggalliansen.no\/v6\/kategorier-og-emner\/energi\/ene-02-energimaling\/formalsdeling-delmaling-av-energiposter\/","title":{"rendered":"Form\u00e5lsdeling (delm\u00e5ling av energiposter)"},"content":{"rendered":"\n<ol class=\"wp-block-list\">\n<li>Installere <dfn aria-describedby=\"desc-1745322960552-8gflj3642\" data-definition=\"Energim\u00e5lere \u2013 hovedm\u00e5lere og delm\u00e5lere\">energim\u00e5lere <\/dfn>slik at minst 90 % av estimert \u00e5rlig energibruk for hver energib\u00e6rer kan form\u00e5lsdeles (se Metode) dersom disse finnes i bygningen:\n<ol style=\"list-style-type:lower-alpha\" class=\"wp-block-list\">\n<li><span style=\"font-size: clamp(1rem, 0.9107rem + 0.2857vw, 1.125rem);, sans-serif\">romoppvarming<\/span><\/li>\n\n\n\n<li><span style=\"font-size: clamp(1rem, 0.9107rem + 0.2857vw, 1.125rem);, sans-serif\">ventilasjonsoppvarming<\/span><\/li>\n\n\n\n<li><span style=\"font-size: clamp(1rem, 0.9107rem + 0.2857vw, 1.125rem);, sans-serif\">varmtvann<\/span><\/li>\n\n\n\n<li><span style=\"font-size: clamp(1rem, 0.9107rem + 0.2857vw, 1.125rem);, sans-serif\">romkj\u00f8ling<\/span><\/li>\n\n\n\n<li><span style=\"font-size: clamp(1rem, 0.9107rem + 0.2857vw, 1.125rem);, sans-serif\">ventilasjonskj\u00f8ling<\/span><\/li>\n\n\n\n<li><span style=\"font-size: clamp(1rem, 0.9107rem + 0.2857vw, 1.125rem);, sans-serif\"><dfn aria-describedby=\"desc-1745322926677-1sc2t4cq2\" data-definition=\"St\u00f8rre vifter og pumper\">st\u00f8rre vifter<\/dfn><\/span><\/li>\n\n\n\n<li><span style=\"font-size: clamp(1rem, 0.9107rem + 0.2857vw, 1.125rem);, sans-serif\"><dfn aria-describedby=\"desc-1745322939752-lhpabw0nl\" data-definition=\"St\u00f8rre vifter og pumper\">st\u00f8rre pumper<\/dfn><\/span><\/li>\n\n\n\n<li><span style=\"font-size: clamp(1rem, 0.9107rem + 0.2857vw, 1.125rem);, sans-serif\">belysning, permanent installert (se Metode)<\/span><\/li>\n\n\n\n<li><span style=\"font-size: clamp(1rem, 0.9107rem + 0.2857vw, 1.125rem);, sans-serif\">mindre teknisk utstyr (se Metode)<\/span><\/li>\n\n\n\n<li><span style=\"font-size: clamp(1rem, 0.9107rem + 0.2857vw, 1.125rem);, sans-serif\">sn\u00f8smelteanlegg (fotskraperister kan unntas), se ogs\u00e5 Ene 08 om sn\u00f8smelteanlegg<\/span><\/li>\n\n\n\n<li><span style=\"font-size: clamp(1rem, 0.9107rem + 0.2857vw, 1.125rem);, sans-serif\">lokalt produsert fornybar energi, f.eks. solceller, solfanger, vindturbin osv.<\/span><\/li>\n\n\n\n<li><span style=\"font-size: clamp(1rem, 0.9107rem + 0.2857vw, 1.125rem);, sans-serif\">ladestasjoner til el-bil<\/span><\/li>\n\n\n\n<li>annet energikrevende utstyr, dersom relevant<br>Annet energikrevende utstyr kan f.eks. omfatte (avhengig av bygningskategori) sv\u00f8mmebasseng eller hydroterapibasseng, kj\u00f8kken, kj\u00f8le-\/fryselagre, laboratorier, steriliseringsutstyr, transportanlegg (f.eks. heiser og rulletrapper), dramastudioer og teatre med store lysrigger, befuktning, parkeringsgarasjer, energi og kj\u00f8ling til datasenter\/serverrom (se ogs\u00e5 Ene 08) (listen er ikke utt\u00f8mmende).<br>R\u00e5dgiveren\/prosjektet har mulighet til \u00e5 vurdere\/beregne hva som eventuelt ikke er n\u00f8dvendig \u00e5 delm\u00e5le, og hvilke eventuelle andre energiforbrukende komponenter\/systemer som b\u00f8r delm\u00e5les.<\/li>\n<\/ol>\n<\/li>\n\n\n\n<li>Dersom det benyttes varmepumpe og\/eller kj\u00f8leaggregat i vannb\u00e5rne varme-\/kj\u00f8lesystemer, kreves det m\u00e5ling av b\u00e5de tilf\u00f8rt elektrisitet til anlegget og avgitt\/produsert varme\/kj\u00f8ling fra anlegget. Dette gj\u00f8r det mulig \u00e5 beregne og angi varmepumpens\/kj\u00f8lemaskinens effektfaktor i <dfn aria-describedby=\"desc-1745322894324-hdol4ozma\" data-definition=\"Energioppf\u00f8lgingssystem (EOS) \">energioppf\u00f8lgingssystemet <\/dfn><\/li>\n\n\n\n<li>M\u00e5ling av energibruken i bygninger i henhold til det totale bruksarealet (BRA) (se Metode):\n<ol style=\"list-style-type:lower-alpha\" class=\"wp-block-list\">\n<li>Dersom arealet er st\u00f8rre enn 1000 m\u00b2<br>Energim\u00e5ling installeres for hver relevant energipost, og det installeres et egnet <dfn aria-describedby=\"desc-1745322880595-3ljqeerg0\" data-definition=\"Energioppf\u00f8lgingssystem (EOS) \">energioppf\u00f8lgingssystem <\/dfn>(EOS).<\/li>\n\n\n\n<li>Dersom arealet er under 1000 m\u00b2, brukes enten:\n<ol style=\"list-style-type:lower-roman\" class=\"wp-block-list\">\n<li>et energioppf\u00f8lgingssystem, eller<\/li>\n\n\n\n<li>separate tilgjengelige delm\u00e5lere, med pulsutgang eller andre kommunikasjonsutganger med \u00e5pen protokoll, for tilrettelegging for framtidig tilkobling til et energioppf\u00f8lgingssystem<\/li>\n<\/ol>\n<\/li>\n<\/ol>\n<\/li>\n\n\n\n<li><dfn aria-describedby=\"desc-1745322856155-xwn367idi\" data-definition=\"Bygningsbrukere\">Bygningsbrukere <\/dfn>kan identifisere bygningens energiforbruk ved tydelig merking av selve energim\u00e5lerne og\/eller ved at hver av energim\u00e5lerne i energioppf\u00f8lgingssystemet er merket med relevant energipost.<\/li>\n<\/ol>\n","protected":false},"excerpt":{"rendered":"","protected":false},"author":5,"featured_media":0,"parent":4219,"menu_order":0,"comment_status":"closed","ping_status":"closed","template":"","meta":{"_acf_changed":false,"footnotes":""},"categories":[1],"connection":[282],"class_list":["post-4221","page","type-page","status-publish","hentry","category-kriterier","connection-3-2-1"],"acf":[],"yoast_head":"<!-- This site is optimized with the Yoast SEO plugin v25.4 - https:\/\/yoast.com\/wordpress\/plugins\/seo\/ -->\n<title>Form\u00e5lsdeling (delm\u00e5ling av energiposter) - BREEAM-NOR<\/title>\n<meta name=\"robots\" content=\"index, follow, max-snippet:-1, max-image-preview:large, max-video-preview:-1\" \/>\n<link rel=\"canonical\" href=\"http:\/\/breeam-nor.byggalliansen.no\/v6\/kategorier-og-emner\/energi\/ene-02-energimaling\/formalsdeling-delmaling-av-energiposter\/\" \/>\n<meta property=\"og:locale\" content=\"nb_NO\" \/>\n<meta property=\"og:type\" content=\"article\" \/>\n<meta property=\"og:title\" content=\"Form\u00e5lsdeling (delm\u00e5ling av energiposter) - BREEAM-NOR\" \/>\n<meta property=\"og:url\" content=\"http:\/\/breeam-nor.byggalliansen.no\/v6\/kategorier-og-emner\/energi\/ene-02-energimaling\/formalsdeling-delmaling-av-energiposter\/\" \/>\n<meta property=\"og:site_name\" content=\"BREEAM-NOR\" \/>\n<meta property=\"article:modified_time\" content=\"2025-06-06T08:01:07+00:00\" \/>\n<meta name=\"twitter:card\" content=\"summary_large_image\" \/>\n<meta name=\"twitter:label1\" content=\"Ansl. lesetid\" \/>\n\t<meta name=\"twitter:data1\" content=\"2 minutter\" \/>\n<script type=\"application\/ld+json\" class=\"yoast-schema-graph\">{\"@context\":\"https:\/\/schema.org\",\"@graph\":[{\"@type\":\"WebPage\",\"@id\":\"http:\/\/breeam-nor.byggalliansen.no\/v6\/kategorier-og-emner\/energi\/ene-02-energimaling\/formalsdeling-delmaling-av-energiposter\/\",\"url\":\"http:\/\/breeam-nor.byggalliansen.no\/v6\/kategorier-og-emner\/energi\/ene-02-energimaling\/formalsdeling-delmaling-av-energiposter\/\",\"name\":\"Form\u00e5lsdeling (delm\u00e5ling av energiposter) - BREEAM-NOR\",\"isPartOf\":{\"@id\":\"https:\/\/breeam-nor.byggalliansen.no\/v6\/#website\"},\"datePublished\":\"2025-04-22T11:56:29+00:00\",\"dateModified\":\"2025-06-06T08:01:07+00:00\",\"breadcrumb\":{\"@id\":\"http:\/\/breeam-nor.byggalliansen.no\/v6\/kategorier-og-emner\/energi\/ene-02-energimaling\/formalsdeling-delmaling-av-energiposter\/#breadcrumb\"},\"inLanguage\":\"nb-NO\",\"potentialAction\":[{\"@type\":\"ReadAction\",\"target\":[\"http:\/\/breeam-nor.byggalliansen.no\/v6\/kategorier-og-emner\/energi\/ene-02-energimaling\/formalsdeling-delmaling-av-energiposter\/\"]}]},{\"@type\":\"BreadcrumbList\",\"@id\":\"http:\/\/breeam-nor.byggalliansen.no\/v6\/kategorier-og-emner\/energi\/ene-02-energimaling\/formalsdeling-delmaling-av-energiposter\/#breadcrumb\",\"itemListElement\":[{\"@type\":\"ListItem\",\"position\":1,\"name\":\"BREEAM-NOR\",\"item\":\"http:\/\/breeam-nor.byggalliansen.no\/v6\/\"},{\"@type\":\"ListItem\",\"position\":2,\"name\":\"Kategorier og emner\",\"item\":\"http:\/\/breeam-nor.byggalliansen.no\/v6\/kategorier-og-emner\/\"},{\"@type\":\"ListItem\",\"position\":3,\"name\":\"Energi\",\"item\":\"https:\/\/breeam-nor.byggalliansen.no\/v6\/kategorier-og-emner\/energi\/\"},{\"@type\":\"ListItem\",\"position\":4,\"name\":\"Ene 02 Energim\u00e5ling\",\"item\":\"http:\/\/breeam-nor.byggalliansen.no\/v6\/kategorier-og-emner\/energi\/ene-02-energimaling\/\"},{\"@type\":\"ListItem\",\"position\":5,\"name\":\"Form\u00e5lsdeling (delm\u00e5ling av energiposter)\"}]},{\"@type\":\"WebSite\",\"@id\":\"https:\/\/breeam-nor.byggalliansen.no\/v6\/#website\",\"url\":\"https:\/\/breeam-nor.byggalliansen.no\/v6\/\",\"name\":\"BREEAM-NOR\",\"description\":\"Versjon 6.1.1, 2024\",\"potentialAction\":[{\"@type\":\"SearchAction\",\"target\":{\"@type\":\"EntryPoint\",\"urlTemplate\":\"https:\/\/breeam-nor.byggalliansen.no\/v6\/?s={search_term_string}\"},\"query-input\":{\"@type\":\"PropertyValueSpecification\",\"valueRequired\":true,\"valueName\":\"search_term_string\"}}],\"inLanguage\":\"nb-NO\"}]}<\/script>\n<!-- \/ Yoast SEO plugin. -->","yoast_head_json":{"title":"Form\u00e5lsdeling (delm\u00e5ling av energiposter) - BREEAM-NOR","robots":{"index":"index","follow":"follow","max-snippet":"max-snippet:-1","max-image-preview":"max-image-preview:large","max-video-preview":"max-video-preview:-1"},"canonical":"http:\/\/breeam-nor.byggalliansen.no\/v6\/kategorier-og-emner\/energi\/ene-02-energimaling\/formalsdeling-delmaling-av-energiposter\/","og_locale":"nb_NO","og_type":"article","og_title":"Form\u00e5lsdeling (delm\u00e5ling av energiposter) - BREEAM-NOR","og_url":"http:\/\/breeam-nor.byggalliansen.no\/v6\/kategorier-og-emner\/energi\/ene-02-energimaling\/formalsdeling-delmaling-av-energiposter\/","og_site_name":"BREEAM-NOR","article_modified_time":"2025-06-06T08:01:07+00:00","twitter_card":"summary_large_image","twitter_misc":{"Ansl. lesetid":"2 minutter"},"schema":{"@context":"https:\/\/schema.org","@graph":[{"@type":"WebPage","@id":"http:\/\/breeam-nor.byggalliansen.no\/v6\/kategorier-og-emner\/energi\/ene-02-energimaling\/formalsdeling-delmaling-av-energiposter\/","url":"http:\/\/breeam-nor.byggalliansen.no\/v6\/kategorier-og-emner\/energi\/ene-02-energimaling\/formalsdeling-delmaling-av-energiposter\/","name":"Form\u00e5lsdeling (delm\u00e5ling av energiposter) - BREEAM-NOR","isPartOf":{"@id":"https:\/\/breeam-nor.byggalliansen.no\/v6\/#website"},"datePublished":"2025-04-22T11:56:29+00:00","dateModified":"2025-06-06T08:01:07+00:00","breadcrumb":{"@id":"http:\/\/breeam-nor.byggalliansen.no\/v6\/kategorier-og-emner\/energi\/ene-02-energimaling\/formalsdeling-delmaling-av-energiposter\/#breadcrumb"},"inLanguage":"nb-NO","potentialAction":[{"@type":"ReadAction","target":["http:\/\/breeam-nor.byggalliansen.no\/v6\/kategorier-og-emner\/energi\/ene-02-energimaling\/formalsdeling-delmaling-av-energiposter\/"]}]},{"@type":"BreadcrumbList","@id":"http:\/\/breeam-nor.byggalliansen.no\/v6\/kategorier-og-emner\/energi\/ene-02-energimaling\/formalsdeling-delmaling-av-energiposter\/#breadcrumb","itemListElement":[{"@type":"ListItem","position":1,"name":"BREEAM-NOR","item":"http:\/\/breeam-nor.byggalliansen.no\/v6\/"},{"@type":"ListItem","position":2,"name":"Kategorier og emner","item":"http:\/\/breeam-nor.byggalliansen.no\/v6\/kategorier-og-emner\/"},{"@type":"ListItem","position":3,"name":"Energi","item":"https:\/\/breeam-nor.byggalliansen.no\/v6\/kategorier-og-emner\/energi\/"},{"@type":"ListItem","position":4,"name":"Ene 02 Energim\u00e5ling","item":"http:\/\/breeam-nor.byggalliansen.no\/v6\/kategorier-og-emner\/energi\/ene-02-energimaling\/"},{"@type":"ListItem","position":5,"name":"Form\u00e5lsdeling (delm\u00e5ling av energiposter)"}]},{"@type":"WebSite","@id":"https:\/\/breeam-nor.byggalliansen.no\/v6\/#website","url":"https:\/\/breeam-nor.byggalliansen.no\/v6\/","name":"BREEAM-NOR","description":"Versjon 6.1.1, 2024","potentialAction":[{"@type":"SearchAction","target":{"@type":"EntryPoint","urlTemplate":"https:\/\/breeam-nor.byggalliansen.no\/v6\/?s={search_term_string}"},"query-input":{"@type":"PropertyValueSpecification","valueRequired":true,"valueName":"search_term_string"}}],"inLanguage":"nb-NO"}]}},"_links":{"self":[{"href":"http:\/\/breeam-nor.byggalliansen.no\/v6\/wp-json\/wp\/v2\/pages\/4221","targetHints":{"allow":["GET"]}}],"collection":[{"href":"http:\/\/breeam-nor.byggalliansen.no\/v6\/wp-json\/wp\/v2\/pages"}],"about":[{"href":"http:\/\/breeam-nor.byggalliansen.no\/v6\/wp-json\/wp\/v2\/types\/page"}],"author":[{"embeddable":true,"href":"http:\/\/breeam-nor.byggalliansen.no\/v6\/wp-json\/wp\/v2\/users\/5"}],"replies":[{"embeddable":true,"href":"http:\/\/breeam-nor.byggalliansen.no\/v6\/wp-json\/wp\/v2\/comments?post=4221"}],"version-history":[{"count":2,"href":"http:\/\/breeam-nor.byggalliansen.no\/v6\/wp-json\/wp\/v2\/pages\/4221\/revisions"}],"predecessor-version":[{"id":4244,"href":"http:\/\/breeam-nor.byggalliansen.no\/v6\/wp-json\/wp\/v2\/pages\/4221\/revisions\/4244"}],"up":[{"embeddable":true,"href":"http:\/\/breeam-nor.byggalliansen.no\/v6\/wp-json\/wp\/v2\/pages\/4219"}],"wp:attachment":[{"href":"http:\/\/breeam-nor.byggalliansen.no\/v6\/wp-json\/wp\/v2\/media?parent=4221"}],"wp:term":[{"taxonomy":"category","embeddable":true,"href":"http:\/\/breeam-nor.byggalliansen.no\/v6\/wp-json\/wp\/v2\/categories?post=4221"},{"taxonomy":"connection","embeddable":true,"href":"http:\/\/breeam-nor.byggalliansen.no\/v6\/wp-json\/wp\/v2\/connection?post=4221"}],"curies":[{"name":"wp","href":"https:\/\/api.w.org\/{rel}","templated":true}]}}