{"id":4290,"date":"2025-04-22T13:45:23","date_gmt":"2025-04-22T13:45:38","guid":{"rendered":"https:\/\/breeam-nor.byggalliansen.no\/v6\/?page_id=4290"},"modified":"2025-06-11T08:57:48","modified_gmt":"2025-06-11T08:57:48","slug":"monstergyldig-niva","status":"publish","type":"page","link":"http:\/\/breeam-nor.byggalliansen.no\/v6\/kategorier-og-emner\/innovasjon\/innovasjon\/monstergyldig-niva\/","title":{"rendered":"M\u00f8nstergyldig niv\u00e5"},"content":{"rendered":"\n<h3 class=\"wp-block-heading\">M\u00f8nstergyldig niv\u00e5<\/h3>\n\n\n\n<ol class=\"wp-block-list\">\n<li>Bygget oppfyller definerte kriterier for m\u00f8nstergyldig niv\u00e5 innenfor ett eller flere av f\u00f8lgende emner i BREEAM-NOR beskrevet i tabell Inn-01. Kriteriene for m\u00f8nstergyldig niv\u00e5 er beskrevet i det relevante emnet i denne tekniske manualen.<\/li>\n<\/ol>\n\n\n\n<h5 class=\"wp-block-heading\">Tabell Inn-01 Tilgjengelige innovasjonspoeng for m\u00f8nstergyldig niv\u00e5<\/h5>\n\n\n\n<figure class=\"wp-block-table is-style-core-borders\"><table class=\"has-fixed-layout\"><thead><tr><th>Emne ID og emnetittel<\/th><th>Poengtittel m\u00f8nstergyldig niv\u00e5<\/th><\/tr><\/thead><tbody><tr><td>Man 03 Ansvarlig byggepraksis<\/td><td><a href=\"https:\/\/breeam-nor.byggalliansen.no\/v6\/kategorier-og-emner\/1-ledelse\/man-03-ansvarlig-byggepraksis\/monstergyldig-niva-begrensning-av-direkte-klimagassutslipp-fra-aktiviteter-tilknyttet-utbyggingsomradet\/\">Reduksjon av direkte klimagassutslipp fra aktiviteter tilknyttet utbyggingsomr\u00e5det<\/a><\/td><\/tr><tr><td>Hea 01 Visuell komfort<\/td><td><a href=\"https:\/\/breeam-nor.byggalliansen.no\/v6\/kategorier-og-emner\/helse-og-innemiljo\/hea-01-visuell-komfort\/monstergyldig-niva-hoyeste-krav-til-utsyn\/\">H\u00f8yeste krav til utsyn<\/a><\/td><\/tr><tr><td>Hea 02 Inneluftkvalitet<\/td><td><a href=\"https:\/\/breeam-nor.byggalliansen.no\/v6\/kategorier-og-emner\/helse-og-innemiljo\/hea-02-inneluftkvalitet\/monstergyldig-niva-minimere-emisjoner-fra-byggeprodukter\/\">Minimere emisjoner fra byggeprodukter<\/a><\/td><\/tr><tr><td>Hea 06 Trygge og sunne omgivelser<\/td><td><a href=\"https:\/\/breeam-nor.byggalliansen.no\/v6\/kategorier-og-emner\/helse-og-innemiljo\/hea-06-trygge-og-sunne-omgivelser\/monstergyldig-niva-omfattende-biofilisk-design-1-poeng\/\">Omfattende biofilisk design<\/a><\/td><\/tr><tr><td>Ene 01 Bygningens energiytelse<\/td><td><a href=\"https:\/\/breeam-nor.byggalliansen.no\/v6\/kategorier-og-emner\/energi\/ene-01-bygningens-energiytelse\/monstergyldig-niva-energiledelse-i-driftsperiode-2-poeng\/\">Energiledelse i driftsperiode<\/a><\/td><\/tr><tr><td>Ene 01 Bygningens energiytelse<\/td><td><a href=\"https:\/\/breeam-nor.byggalliansen.no\/v6\/kategorier-og-emner\/energi\/ene-01-bygningens-energiytelse\/monstergyldig-niva-plusshus-1-poeng\/\">Plusshus<\/a><\/td><\/tr><tr><td>Wat 01 Vannforbruk<\/td><td><a href=\"https:\/\/breeam-nor.byggalliansen.no\/v6\/kategorier-og-emner\/vann\/wat-01-vannforbruk\/monstergyldig-niva-svaert-vanneffektivt-sanitaerutstyr-1-poeng\/\">Sv\u00e6rt vanneffektivt sanit\u00e6rutstyr<\/a><\/td><\/tr><tr><td>Mat 01 B\u00e6rekraftige materialvalg \u2013 LCA og klimagassberegninger<\/td><td><a href=\"https:\/\/breeam-nor.byggalliansen.no\/v6\/kategorier-og-emner\/materialer\/mat-01-baerekraftige-materialvalg-lca-og-klimagassberegninger\/monstergyldig-niva-60-reduksjon-av-klimagassutslipp\/\">60 % reduksjon av klimagassutslipp<\/a><\/td><\/tr><tr><td>Mat 06 Materialeffektivitet og ombruk<\/td><td><a href=\"https:\/\/breeam-nor.byggalliansen.no\/v6\/kategorier-og-emner\/materialer\/mat-06-materialeffektivitet-og-ombruk\/monstergyldig-niva-futurebuilt-kriterier-under-2-3-ombruk-av-bygningsdeler-for-sirkulaere-bygg\/\">FutureBuilt-kriterier under 2.3 Ombruk av bygningsdeler for sirkul\u00e6re bygg<\/a><\/td><\/tr><tr><td>Wst 01 Ressursh\u00e5ndtering p\u00e5 byggeplass<\/td><td><a href=\"https:\/\/breeam-nor.byggalliansen.no\/v6\/kategorier-og-emner\/avfall\/wst-01-ressurshandtering-pa-byggeplass\/monstergyldig-niva-svaert-lave-avfallsmengder\/\">Sv\u00e6rt lave avfallsmengder<\/a><\/td><\/tr><tr><td>LE 02 \u00d8kologisk risiko og muligheter<\/td><td><a href=\"https:\/\/breeam-nor.byggalliansen.no\/v6\/kategorier-og-emner\/arealbruk-og-okologi\/le-02-okologisk-risiko-og-muligheter\/monstergyldig-niva-helhetlig-baerekraft-for-utbyggingsomradet\/\">Helhetlig b\u00e6rekraft for utbyggingsomr\u00e5det<\/a><\/td><\/tr><tr><td>LE 04 \u00d8kologisk endring og forbedring<\/td><td><a href=\"https:\/\/breeam-nor.byggalliansen.no\/v6\/kategorier-og-emner\/arealbruk-og-okologi\/le-04-okologisk-endring-og-forbedring\/monstergyldig-niva-betydelig-netto-forbedring-av-biodiversitet-1-poeng\/\">Betydelig netto forbedring av biodiversitet<\/a><\/td><\/tr><tr><td>LE 06 Klimatilpasning<\/td><td><a href=\"https:\/\/breeam-nor.byggalliansen.no\/v6\/kategorier-og-emner\/arealbruk-og-okologi\/le-06-klimatilpasning\/monstergyldig-niva-helhetlig-respons-pa-klimaendringer-1-poeng\/\">Helhetlig respons p\u00e5 klimaendringer<\/a><\/td><\/tr><tr><td>LE 08 Lokal h\u00e5ndtering av overvann<\/td><td><a href=\"https:\/\/breeam-nor.byggalliansen.no\/v6\/kategorier-og-emner\/arealbruk-og-okologi\/le-08-lokal-overvannshandtering\/monstergyldig-niva-helhetlig-tilnaerming-til-overvannshandtering-1-poeng\/\">Helhetlig tiln\u00e6rming til overvannsh\u00e5ndtering<\/a><\/td><\/tr><\/tbody><\/table><\/figure>\n\n\n\n<p>Merk: Det kan tildeles ett eller to innovasjonspoeng for hvert emne i BREEAM-NOR der bygget viser m\u00f8nstergyldig niv\u00e5.<\/p>\n\n\n\n<p><\/p>\n","protected":false},"excerpt":{"rendered":"<p>M\u00f8nstergyldig niv\u00e5 Tabell Inn-01 Tilgjengelige innovasjonspoeng for m\u00f8nstergyldig niv\u00e5 Emne ID og emnetittel Poengtittel m\u00f8nstergyldig niv\u00e5 Man 03 Ansvarlig byggepraksis Reduksjon av direkte klimagassutslipp fra aktiviteter tilknyttet utbyggingsomr\u00e5det Hea 01 Visuell komfort H\u00f8yeste krav til utsyn Hea 02 Inneluftkvalitet Minimere emisjoner fra byggeprodukter Hea 06 Trygge og sunne omgivelser Omfattende biofilisk design Ene 01 Bygningens [&hellip;]<\/p>\n","protected":false},"author":5,"featured_media":0,"parent":4285,"menu_order":0,"comment_status":"closed","ping_status":"closed","template":"","meta":{"_acf_changed":false,"footnotes":""},"categories":[1],"connection":[315],"class_list":["post-4290","page","type-page","status-publish","hentry","category-kriterier","connection-10-1-1"],"acf":[],"yoast_head":"<!-- This site is optimized with the Yoast SEO plugin v25.4 - https:\/\/yoast.com\/wordpress\/plugins\/seo\/ -->\n<title>M\u00f8nstergyldig niv\u00e5 - BREEAM-NOR<\/title>\n<meta name=\"robots\" content=\"index, follow, max-snippet:-1, max-image-preview:large, max-video-preview:-1\" \/>\n<link rel=\"canonical\" href=\"http:\/\/breeam-nor.byggalliansen.no\/v6\/kategorier-og-emner\/innovasjon\/innovasjon\/monstergyldig-niva\/\" \/>\n<meta property=\"og:locale\" content=\"nb_NO\" \/>\n<meta property=\"og:type\" content=\"article\" \/>\n<meta property=\"og:title\" content=\"M\u00f8nstergyldig niv\u00e5 - BREEAM-NOR\" \/>\n<meta property=\"og:description\" content=\"M\u00f8nstergyldig niv\u00e5 Tabell Inn-01 Tilgjengelige innovasjonspoeng for m\u00f8nstergyldig niv\u00e5 Emne ID og emnetittel Poengtittel m\u00f8nstergyldig niv\u00e5 Man 03 Ansvarlig byggepraksis Reduksjon av direkte klimagassutslipp fra aktiviteter tilknyttet utbyggingsomr\u00e5det Hea 01 Visuell komfort H\u00f8yeste krav til utsyn Hea 02 Inneluftkvalitet Minimere emisjoner fra byggeprodukter Hea 06 Trygge og sunne omgivelser Omfattende biofilisk design Ene 01 Bygningens [&hellip;]\" \/>\n<meta property=\"og:url\" content=\"http:\/\/breeam-nor.byggalliansen.no\/v6\/kategorier-og-emner\/innovasjon\/innovasjon\/monstergyldig-niva\/\" \/>\n<meta property=\"og:site_name\" content=\"BREEAM-NOR\" \/>\n<meta property=\"article:modified_time\" content=\"2025-06-11T08:57:48+00:00\" \/>\n<meta name=\"twitter:card\" content=\"summary_large_image\" \/>\n<meta name=\"twitter:label1\" content=\"Ansl. lesetid\" \/>\n\t<meta name=\"twitter:data1\" content=\"2 minutter\" \/>\n<script type=\"application\/ld+json\" class=\"yoast-schema-graph\">{\"@context\":\"https:\/\/schema.org\",\"@graph\":[{\"@type\":\"WebPage\",\"@id\":\"http:\/\/breeam-nor.byggalliansen.no\/v6\/kategorier-og-emner\/innovasjon\/innovasjon\/monstergyldig-niva\/\",\"url\":\"http:\/\/breeam-nor.byggalliansen.no\/v6\/kategorier-og-emner\/innovasjon\/innovasjon\/monstergyldig-niva\/\",\"name\":\"M\u00f8nstergyldig niv\u00e5 - BREEAM-NOR\",\"isPartOf\":{\"@id\":\"https:\/\/breeam-nor.byggalliansen.no\/v6\/#website\"},\"datePublished\":\"2025-04-22T13:45:38+00:00\",\"dateModified\":\"2025-06-11T08:57:48+00:00\",\"breadcrumb\":{\"@id\":\"http:\/\/breeam-nor.byggalliansen.no\/v6\/kategorier-og-emner\/innovasjon\/innovasjon\/monstergyldig-niva\/#breadcrumb\"},\"inLanguage\":\"nb-NO\",\"potentialAction\":[{\"@type\":\"ReadAction\",\"target\":[\"http:\/\/breeam-nor.byggalliansen.no\/v6\/kategorier-og-emner\/innovasjon\/innovasjon\/monstergyldig-niva\/\"]}]},{\"@type\":\"BreadcrumbList\",\"@id\":\"http:\/\/breeam-nor.byggalliansen.no\/v6\/kategorier-og-emner\/innovasjon\/innovasjon\/monstergyldig-niva\/#breadcrumb\",\"itemListElement\":[{\"@type\":\"ListItem\",\"position\":1,\"name\":\"BREEAM-NOR\",\"item\":\"http:\/\/breeam-nor.byggalliansen.no\/v6\/\"},{\"@type\":\"ListItem\",\"position\":2,\"name\":\"Kategorier og emner\",\"item\":\"http:\/\/breeam-nor.byggalliansen.no\/v6\/kategorier-og-emner\/\"},{\"@type\":\"ListItem\",\"position\":3,\"name\":\"Innovasjon\",\"item\":\"https:\/\/breeam-nor.byggalliansen.no\/v6\/kategorier-og-emner\/innovasjon\/\"},{\"@type\":\"ListItem\",\"position\":4,\"name\":\"Innovasjon\",\"item\":\"https:\/\/breeam-nor.byggalliansen.no\/v6\/kategorier-og-emner\/innovasjon\/innovasjon\/\"},{\"@type\":\"ListItem\",\"position\":5,\"name\":\"M\u00f8nstergyldig niv\u00e5\"}]},{\"@type\":\"WebSite\",\"@id\":\"https:\/\/breeam-nor.byggalliansen.no\/v6\/#website\",\"url\":\"https:\/\/breeam-nor.byggalliansen.no\/v6\/\",\"name\":\"BREEAM-NOR\",\"description\":\"Versjon 6.1.1, 2024\",\"potentialAction\":[{\"@type\":\"SearchAction\",\"target\":{\"@type\":\"EntryPoint\",\"urlTemplate\":\"https:\/\/breeam-nor.byggalliansen.no\/v6\/?s={search_term_string}\"},\"query-input\":{\"@type\":\"PropertyValueSpecification\",\"valueRequired\":true,\"valueName\":\"search_term_string\"}}],\"inLanguage\":\"nb-NO\"}]}<\/script>\n<!-- \/ Yoast SEO plugin. -->","yoast_head_json":{"title":"M\u00f8nstergyldig niv\u00e5 - BREEAM-NOR","robots":{"index":"index","follow":"follow","max-snippet":"max-snippet:-1","max-image-preview":"max-image-preview:large","max-video-preview":"max-video-preview:-1"},"canonical":"http:\/\/breeam-nor.byggalliansen.no\/v6\/kategorier-og-emner\/innovasjon\/innovasjon\/monstergyldig-niva\/","og_locale":"nb_NO","og_type":"article","og_title":"M\u00f8nstergyldig niv\u00e5 - BREEAM-NOR","og_description":"M\u00f8nstergyldig niv\u00e5 Tabell Inn-01 Tilgjengelige innovasjonspoeng for m\u00f8nstergyldig niv\u00e5 Emne ID og emnetittel Poengtittel m\u00f8nstergyldig niv\u00e5 Man 03 Ansvarlig byggepraksis Reduksjon av direkte klimagassutslipp fra aktiviteter tilknyttet utbyggingsomr\u00e5det Hea 01 Visuell komfort H\u00f8yeste krav til utsyn Hea 02 Inneluftkvalitet Minimere emisjoner fra byggeprodukter Hea 06 Trygge og sunne omgivelser Omfattende biofilisk design Ene 01 Bygningens [&hellip;]","og_url":"http:\/\/breeam-nor.byggalliansen.no\/v6\/kategorier-og-emner\/innovasjon\/innovasjon\/monstergyldig-niva\/","og_site_name":"BREEAM-NOR","article_modified_time":"2025-06-11T08:57:48+00:00","twitter_card":"summary_large_image","twitter_misc":{"Ansl. lesetid":"2 minutter"},"schema":{"@context":"https:\/\/schema.org","@graph":[{"@type":"WebPage","@id":"http:\/\/breeam-nor.byggalliansen.no\/v6\/kategorier-og-emner\/innovasjon\/innovasjon\/monstergyldig-niva\/","url":"http:\/\/breeam-nor.byggalliansen.no\/v6\/kategorier-og-emner\/innovasjon\/innovasjon\/monstergyldig-niva\/","name":"M\u00f8nstergyldig niv\u00e5 - BREEAM-NOR","isPartOf":{"@id":"https:\/\/breeam-nor.byggalliansen.no\/v6\/#website"},"datePublished":"2025-04-22T13:45:38+00:00","dateModified":"2025-06-11T08:57:48+00:00","breadcrumb":{"@id":"http:\/\/breeam-nor.byggalliansen.no\/v6\/kategorier-og-emner\/innovasjon\/innovasjon\/monstergyldig-niva\/#breadcrumb"},"inLanguage":"nb-NO","potentialAction":[{"@type":"ReadAction","target":["http:\/\/breeam-nor.byggalliansen.no\/v6\/kategorier-og-emner\/innovasjon\/innovasjon\/monstergyldig-niva\/"]}]},{"@type":"BreadcrumbList","@id":"http:\/\/breeam-nor.byggalliansen.no\/v6\/kategorier-og-emner\/innovasjon\/innovasjon\/monstergyldig-niva\/#breadcrumb","itemListElement":[{"@type":"ListItem","position":1,"name":"BREEAM-NOR","item":"http:\/\/breeam-nor.byggalliansen.no\/v6\/"},{"@type":"ListItem","position":2,"name":"Kategorier og emner","item":"http:\/\/breeam-nor.byggalliansen.no\/v6\/kategorier-og-emner\/"},{"@type":"ListItem","position":3,"name":"Innovasjon","item":"https:\/\/breeam-nor.byggalliansen.no\/v6\/kategorier-og-emner\/innovasjon\/"},{"@type":"ListItem","position":4,"name":"Innovasjon","item":"https:\/\/breeam-nor.byggalliansen.no\/v6\/kategorier-og-emner\/innovasjon\/innovasjon\/"},{"@type":"ListItem","position":5,"name":"M\u00f8nstergyldig niv\u00e5"}]},{"@type":"WebSite","@id":"https:\/\/breeam-nor.byggalliansen.no\/v6\/#website","url":"https:\/\/breeam-nor.byggalliansen.no\/v6\/","name":"BREEAM-NOR","description":"Versjon 6.1.1, 2024","potentialAction":[{"@type":"SearchAction","target":{"@type":"EntryPoint","urlTemplate":"https:\/\/breeam-nor.byggalliansen.no\/v6\/?s={search_term_string}"},"query-input":{"@type":"PropertyValueSpecification","valueRequired":true,"valueName":"search_term_string"}}],"inLanguage":"nb-NO"}]}},"_links":{"self":[{"href":"http:\/\/breeam-nor.byggalliansen.no\/v6\/wp-json\/wp\/v2\/pages\/4290","targetHints":{"allow":["GET"]}}],"collection":[{"href":"http:\/\/breeam-nor.byggalliansen.no\/v6\/wp-json\/wp\/v2\/pages"}],"about":[{"href":"http:\/\/breeam-nor.byggalliansen.no\/v6\/wp-json\/wp\/v2\/types\/page"}],"author":[{"embeddable":true,"href":"http:\/\/breeam-nor.byggalliansen.no\/v6\/wp-json\/wp\/v2\/users\/5"}],"replies":[{"embeddable":true,"href":"http:\/\/breeam-nor.byggalliansen.no\/v6\/wp-json\/wp\/v2\/comments?post=4290"}],"version-history":[{"count":3,"href":"http:\/\/breeam-nor.byggalliansen.no\/v6\/wp-json\/wp\/v2\/pages\/4290\/revisions"}],"predecessor-version":[{"id":5781,"href":"http:\/\/breeam-nor.byggalliansen.no\/v6\/wp-json\/wp\/v2\/pages\/4290\/revisions\/5781"}],"up":[{"embeddable":true,"href":"http:\/\/breeam-nor.byggalliansen.no\/v6\/wp-json\/wp\/v2\/pages\/4285"}],"wp:attachment":[{"href":"http:\/\/breeam-nor.byggalliansen.no\/v6\/wp-json\/wp\/v2\/media?parent=4290"}],"wp:term":[{"taxonomy":"category","embeddable":true,"href":"http:\/\/breeam-nor.byggalliansen.no\/v6\/wp-json\/wp\/v2\/categories?post=4290"},{"taxonomy":"connection","embeddable":true,"href":"http:\/\/breeam-nor.byggalliansen.no\/v6\/wp-json\/wp\/v2\/connection?post=4290"}],"curies":[{"name":"wp","href":"https:\/\/api.w.org\/{rel}","templated":true}]}}