{"id":4291,"date":"2025-04-22T13:45:23","date_gmt":"2025-04-22T13:45:11","guid":{"rendered":"https:\/\/breeam-nor.byggalliansen.no\/v6\/?page_id=4291"},"modified":"2026-04-23T08:08:48","modified_gmt":"2026-04-23T08:08:48","slug":"innovasjonssoknader","status":"publish","type":"page","link":"http:\/\/breeam-nor.byggalliansen.no\/v6\/kategorier-og-emner\/innovasjon\/innovasjon\/innovasjonssoknader\/","title":{"rendered":"Innovasjonss\u00f8knader"},"content":{"rendered":"\n<h3 class=\"wp-block-heading\">Innovasjonss\u00f8knader<\/h3>\n\n\n\n<ol start=\"2\" class=\"wp-block-list\">\n<li>Det kan tildeles ett innovasjonspoeng for hver innovasjonss\u00f8knad (Se Metode) som godkjennes av BRE Global, dersom bygget oppfyller kriteriene som er definert i innovasjonss\u00f8knadsskjemaet (tilgjengelig p\u00e5 <a href=\"https:\/\/www.byggalliansen.no\/sertifiseringer\/breeam-nor-nybygg-og-rehabilitering\/innovasjonspoeng\">www.byggalliansen.no<\/a>).<\/li>\n<\/ol>\n\n\n\n<p><\/p>\n","protected":false},"excerpt":{"rendered":"<p>Innovasjonss\u00f8knader<\/p>\n","protected":false},"author":5,"featured_media":0,"parent":4285,"menu_order":1,"comment_status":"closed","ping_status":"closed","template":"","meta":{"_acf_changed":false,"footnotes":""},"categories":[1],"connection":[314],"class_list":["post-4291","page","type-page","status-publish","hentry","category-kriterier","connection-10-1-2"],"acf":[],"yoast_head":"<!-- This site is optimized with the Yoast SEO plugin v25.4 - https:\/\/yoast.com\/wordpress\/plugins\/seo\/ -->\n<title>Innovasjonss\u00f8knader - BREEAM-NOR<\/title>\n<meta name=\"robots\" content=\"index, follow, max-snippet:-1, max-image-preview:large, max-video-preview:-1\" \/>\n<link rel=\"canonical\" href=\"http:\/\/breeam-nor.byggalliansen.no\/v6\/kategorier-og-emner\/innovasjon\/innovasjon\/innovasjonssoknader\/\" \/>\n<meta property=\"og:locale\" content=\"nb_NO\" \/>\n<meta property=\"og:type\" content=\"article\" \/>\n<meta property=\"og:title\" content=\"Innovasjonss\u00f8knader - BREEAM-NOR\" \/>\n<meta property=\"og:description\" content=\"Innovasjonss\u00f8knader\" \/>\n<meta property=\"og:url\" content=\"http:\/\/breeam-nor.byggalliansen.no\/v6\/kategorier-og-emner\/innovasjon\/innovasjon\/innovasjonssoknader\/\" \/>\n<meta property=\"og:site_name\" content=\"BREEAM-NOR\" \/>\n<meta property=\"article:modified_time\" content=\"2026-04-23T08:08:48+00:00\" \/>\n<meta name=\"twitter:card\" content=\"summary_large_image\" \/>\n<meta name=\"twitter:label1\" content=\"Ansl. lesetid\" \/>\n\t<meta name=\"twitter:data1\" content=\"1 minutt\" \/>\n<script type=\"application\/ld+json\" class=\"yoast-schema-graph\">{\"@context\":\"https:\/\/schema.org\",\"@graph\":[{\"@type\":\"WebPage\",\"@id\":\"http:\/\/breeam-nor.byggalliansen.no\/v6\/kategorier-og-emner\/innovasjon\/innovasjon\/innovasjonssoknader\/\",\"url\":\"http:\/\/breeam-nor.byggalliansen.no\/v6\/kategorier-og-emner\/innovasjon\/innovasjon\/innovasjonssoknader\/\",\"name\":\"Innovasjonss\u00f8knader - BREEAM-NOR\",\"isPartOf\":{\"@id\":\"https:\/\/breeam-nor.byggalliansen.no\/v6\/#website\"},\"datePublished\":\"2025-04-22T13:45:11+00:00\",\"dateModified\":\"2026-04-23T08:08:48+00:00\",\"breadcrumb\":{\"@id\":\"http:\/\/breeam-nor.byggalliansen.no\/v6\/kategorier-og-emner\/innovasjon\/innovasjon\/innovasjonssoknader\/#breadcrumb\"},\"inLanguage\":\"nb-NO\",\"potentialAction\":[{\"@type\":\"ReadAction\",\"target\":[\"http:\/\/breeam-nor.byggalliansen.no\/v6\/kategorier-og-emner\/innovasjon\/innovasjon\/innovasjonssoknader\/\"]}]},{\"@type\":\"BreadcrumbList\",\"@id\":\"http:\/\/breeam-nor.byggalliansen.no\/v6\/kategorier-og-emner\/innovasjon\/innovasjon\/innovasjonssoknader\/#breadcrumb\",\"itemListElement\":[{\"@type\":\"ListItem\",\"position\":1,\"name\":\"BREEAM-NOR\",\"item\":\"http:\/\/breeam-nor.byggalliansen.no\/v6\/\"},{\"@type\":\"ListItem\",\"position\":2,\"name\":\"Kategorier og emner\",\"item\":\"https:\/\/breeam-nor.byggalliansen.no\/v6\/kategorier-og-emner\/\"},{\"@type\":\"ListItem\",\"position\":3,\"name\":\"Innovasjon\",\"item\":\"http:\/\/breeam-nor.byggalliansen.no\/v6\/kategorier-og-emner\/innovasjon\/\"},{\"@type\":\"ListItem\",\"position\":4,\"name\":\"Innovasjon\",\"item\":\"http:\/\/breeam-nor.byggalliansen.no\/v6\/kategorier-og-emner\/innovasjon\/innovasjon\/\"},{\"@type\":\"ListItem\",\"position\":5,\"name\":\"Innovasjonss\u00f8knader\"}]},{\"@type\":\"WebSite\",\"@id\":\"https:\/\/breeam-nor.byggalliansen.no\/v6\/#website\",\"url\":\"https:\/\/breeam-nor.byggalliansen.no\/v6\/\",\"name\":\"BREEAM-NOR\",\"description\":\"Versjon 6.1.1, 2024\",\"potentialAction\":[{\"@type\":\"SearchAction\",\"target\":{\"@type\":\"EntryPoint\",\"urlTemplate\":\"https:\/\/breeam-nor.byggalliansen.no\/v6\/?s={search_term_string}\"},\"query-input\":{\"@type\":\"PropertyValueSpecification\",\"valueRequired\":true,\"valueName\":\"search_term_string\"}}],\"inLanguage\":\"nb-NO\"}]}<\/script>\n<!-- \/ Yoast SEO plugin. -->","yoast_head_json":{"title":"Innovasjonss\u00f8knader - BREEAM-NOR","robots":{"index":"index","follow":"follow","max-snippet":"max-snippet:-1","max-image-preview":"max-image-preview:large","max-video-preview":"max-video-preview:-1"},"canonical":"http:\/\/breeam-nor.byggalliansen.no\/v6\/kategorier-og-emner\/innovasjon\/innovasjon\/innovasjonssoknader\/","og_locale":"nb_NO","og_type":"article","og_title":"Innovasjonss\u00f8knader - BREEAM-NOR","og_description":"Innovasjonss\u00f8knader","og_url":"http:\/\/breeam-nor.byggalliansen.no\/v6\/kategorier-og-emner\/innovasjon\/innovasjon\/innovasjonssoknader\/","og_site_name":"BREEAM-NOR","article_modified_time":"2026-04-23T08:08:48+00:00","twitter_card":"summary_large_image","twitter_misc":{"Ansl. lesetid":"1 minutt"},"schema":{"@context":"https:\/\/schema.org","@graph":[{"@type":"WebPage","@id":"http:\/\/breeam-nor.byggalliansen.no\/v6\/kategorier-og-emner\/innovasjon\/innovasjon\/innovasjonssoknader\/","url":"http:\/\/breeam-nor.byggalliansen.no\/v6\/kategorier-og-emner\/innovasjon\/innovasjon\/innovasjonssoknader\/","name":"Innovasjonss\u00f8knader - BREEAM-NOR","isPartOf":{"@id":"https:\/\/breeam-nor.byggalliansen.no\/v6\/#website"},"datePublished":"2025-04-22T13:45:11+00:00","dateModified":"2026-04-23T08:08:48+00:00","breadcrumb":{"@id":"http:\/\/breeam-nor.byggalliansen.no\/v6\/kategorier-og-emner\/innovasjon\/innovasjon\/innovasjonssoknader\/#breadcrumb"},"inLanguage":"nb-NO","potentialAction":[{"@type":"ReadAction","target":["http:\/\/breeam-nor.byggalliansen.no\/v6\/kategorier-og-emner\/innovasjon\/innovasjon\/innovasjonssoknader\/"]}]},{"@type":"BreadcrumbList","@id":"http:\/\/breeam-nor.byggalliansen.no\/v6\/kategorier-og-emner\/innovasjon\/innovasjon\/innovasjonssoknader\/#breadcrumb","itemListElement":[{"@type":"ListItem","position":1,"name":"BREEAM-NOR","item":"http:\/\/breeam-nor.byggalliansen.no\/v6\/"},{"@type":"ListItem","position":2,"name":"Kategorier og emner","item":"https:\/\/breeam-nor.byggalliansen.no\/v6\/kategorier-og-emner\/"},{"@type":"ListItem","position":3,"name":"Innovasjon","item":"http:\/\/breeam-nor.byggalliansen.no\/v6\/kategorier-og-emner\/innovasjon\/"},{"@type":"ListItem","position":4,"name":"Innovasjon","item":"http:\/\/breeam-nor.byggalliansen.no\/v6\/kategorier-og-emner\/innovasjon\/innovasjon\/"},{"@type":"ListItem","position":5,"name":"Innovasjonss\u00f8knader"}]},{"@type":"WebSite","@id":"https:\/\/breeam-nor.byggalliansen.no\/v6\/#website","url":"https:\/\/breeam-nor.byggalliansen.no\/v6\/","name":"BREEAM-NOR","description":"Versjon 6.1.1, 2024","potentialAction":[{"@type":"SearchAction","target":{"@type":"EntryPoint","urlTemplate":"https:\/\/breeam-nor.byggalliansen.no\/v6\/?s={search_term_string}"},"query-input":{"@type":"PropertyValueSpecification","valueRequired":true,"valueName":"search_term_string"}}],"inLanguage":"nb-NO"}]}},"_links":{"self":[{"href":"http:\/\/breeam-nor.byggalliansen.no\/v6\/wp-json\/wp\/v2\/pages\/4291","targetHints":{"allow":["GET"]}}],"collection":[{"href":"http:\/\/breeam-nor.byggalliansen.no\/v6\/wp-json\/wp\/v2\/pages"}],"about":[{"href":"http:\/\/breeam-nor.byggalliansen.no\/v6\/wp-json\/wp\/v2\/types\/page"}],"author":[{"embeddable":true,"href":"http:\/\/breeam-nor.byggalliansen.no\/v6\/wp-json\/wp\/v2\/users\/5"}],"replies":[{"embeddable":true,"href":"http:\/\/breeam-nor.byggalliansen.no\/v6\/wp-json\/wp\/v2\/comments?post=4291"}],"version-history":[{"count":3,"href":"http:\/\/breeam-nor.byggalliansen.no\/v6\/wp-json\/wp\/v2\/pages\/4291\/revisions"}],"predecessor-version":[{"id":6129,"href":"http:\/\/breeam-nor.byggalliansen.no\/v6\/wp-json\/wp\/v2\/pages\/4291\/revisions\/6129"}],"up":[{"embeddable":true,"href":"http:\/\/breeam-nor.byggalliansen.no\/v6\/wp-json\/wp\/v2\/pages\/4285"}],"wp:attachment":[{"href":"http:\/\/breeam-nor.byggalliansen.no\/v6\/wp-json\/wp\/v2\/media?parent=4291"}],"wp:term":[{"taxonomy":"category","embeddable":true,"href":"http:\/\/breeam-nor.byggalliansen.no\/v6\/wp-json\/wp\/v2\/categories?post=4291"},{"taxonomy":"connection","embeddable":true,"href":"http:\/\/breeam-nor.byggalliansen.no\/v6\/wp-json\/wp\/v2\/connection?post=4291"}],"curies":[{"name":"wp","href":"https:\/\/api.w.org\/{rel}","templated":true}]}}