{"id":4614,"date":"2025-04-25T07:12:44","date_gmt":"2025-04-25T07:12:44","guid":{"rendered":"https:\/\/breeam-nor.byggalliansen.no\/v6\/?page_id=4614"},"modified":"2025-09-02T10:06:07","modified_gmt":"2025-09-02T10:06:07","slug":"monstergyldig-niva-minimere-emisjoner-fra-byggeprodukter","status":"publish","type":"page","link":"http:\/\/breeam-nor.byggalliansen.no\/v6\/kategorier-og-emner\/helse-og-innemiljo\/hea-02-inneluftkvalitet\/monstergyldig-niva-minimere-emisjoner-fra-byggeprodukter\/","title":{"rendered":"M\u00f8nstergyldig niv\u00e5: minimere emisjoner fra byggeprodukter \u2013 1 poeng"},"content":{"rendered":"\n<ol start=\"12\" class=\"wp-block-list\">\n<li>Tre av fem av de angitte produkttypene ligger innenfor angitte utslippsgrenser, testkrav og eventuelle tilleggskrav i tabell Hea 02-02. Hvis trebaserte produkter ikke er en av de tre valgte produkttypene, m\u00e5 alle trebaserte produkter, som benyttes til innvendige innredningsarbeider, som et minimum klassifiseres som formaldehydklasse E1.<\/li>\n<\/ol>\n\n\n\n<h5 class=\"wp-block-heading\">Tabell Hea 02-02: kriterier for m\u00f8nstergyldig utslippsniv\u00e5 etter produkttype<\/h5>\n\n\n\n<table id=\"tablepress-Hea02-02\" class=\"tablepress tablepress-id-Hea02-02 tbody-has-connected-cells\">\n<thead>\n<tr class=\"row-1\">\n\t<th colspan=\"4\" class=\"column-1 highlight-utslippsgrense\"><strong>Utslippsgrense *<\/strong><\/th><th rowspan=\"2\" class=\"column-5 highlight-testkrav\"><strong>Testkrav **<\/strong><\/th>\n<\/tr>\n<tr class=\"row-2\">\n\t<th class=\"column-1 highlight-formaldehyd\"><strong>Formaldehyd<\/strong><\/th><th class=\"column-2 highlight-delser-tvoc\"><strong><dfn aria-describedby=\"desc-grjwge1654843\" data-definition=\"Total konsentrasjon av flyktige organiske forbindelser\">Total konsentrasjon av flyktige organiske forbindelser (TVOC) <\/dfn> ***<\/strong><\/th><th class=\"column-3 highlight-tsvoc\"><strong><dfn aria-describedby=\"desc-gfae1654843\" data-definition=\"Total konsentrasjon av semi-flyktige organiske forbindelser\">Total konsentrasjon av halvflyktige organiske forbindelser<\/dfn> (TSVOC)<\/strong><\/th><th class=\"column-4 highlight-1a-og-1b\"><strong><dfn aria-describedby=\"desc-gfagrdasdge1654843\" data-definition=\"Kreftfremkallende stoffer i kategori 1A og 1B\">Kreftfremkallende stoffer i kategori 1A og 1B <\/dfn><\/strong><\/th>\n<\/tr>\n<\/thead>\n<tbody class=\"row-hover\">\n<tr class=\"row-3\">\n\t<td colspan=\"5\" class=\"column-1 highlight-innend%c3%b8rs-maling\"><strong>Innend\u00f8rs maling og overflatebehandling<\/strong><\/td>\n<\/tr>\n<tr class=\"row-4\">\n\t<td class=\"column-1\">\u2264 0,01 mg\/m\u00b3<\/td><td class=\"column-2\">\u2264 0,3 mg\/m\u00b3<\/td><td class=\"column-3\">\u2264 0,1 mg\/m\u00b3<\/td><td class=\"column-4\">\u2264 0,001 mg\/m\u00b3<\/td><td class=\"column-5\">NS-EN 16402:2019<br \/>\nELLER<br \/>\nNS-EN ISO 16000-9:2006<br \/>\nog NS-EN ISO 16000-9:2016\/AC:2007<br \/>\nELLER<br \/>\nNS-EN16516:2017+A1:2020<br \/>\nELLER<br \/>\nCDPH standard metode v.1.2<\/td>\n<\/tr>\n<tr class=\"row-5\">\n\t<td colspan=\"5\" class=\"column-1\"><strong>Tilleggskrav:<br \/>\nLigge innenfor VOC grenseverdiene (se tabell Hea 02-04).<br \/>\nDet skal benyttes v\u00e5tromsmaling i <dfn aria-describedby=\"desc-gf5sjf43\" data-definition=\"V\u00e5te soner\">v\u00e5te soner<\/dfn>.<\/strong><\/td>\n<\/tr>\n<tr class=\"row-6\">\n\t<td colspan=\"5\" class=\"column-1 highlight-trebaserte-produkter\"><strong>Trebaserte produkter (inkludert tregulv)<\/strong><\/td>\n<\/tr>\n<tr class=\"row-7\">\n\t<td class=\"column-1\">\u2264 0,02 mg\/m\u00b3<\/td><td class=\"column-2\">\u2264 0,3 mg\/m\u00b3<\/td><td class=\"column-3\">\u2264 0,1 mg\/m\u00b3<\/td><td class=\"column-4\">\u2264 0,001 mg\/m\u00b3<\/td><td class=\"column-5\">NS-EN ISO 16000-9:2006<br \/>\nog NS-EN ISO 16000-9:2016\/AC:2007<br \/>\nELLER<br \/>\nNS-EN 16516:2017 + A1:2020<br \/>\nELLER<br \/>\nCDPH standard metode v.1.2<br \/>\nELLER<br \/>\nEN 717-1 (kun for formaldehydutslipp)<\/td>\n<\/tr>\n<tr class=\"row-8\">\n\t<td colspan=\"5\" class=\"column-1 highlight-gulvmaterialer\"><strong>Gulvmaterialer (inkludert avrettingsmasser)<\/strong><\/span><\/td>\n<\/tr>\n<tr class=\"row-9\">\n\t<td class=\"column-1\">\u2264 0,01 mg\/m\u00b3<\/td><td class=\"column-2\">\u2264 0,3 mg\/m\u00b3<\/td><td class=\"column-3\">\u2264 0,1 mg\/m\u00b3<\/td><td class=\"column-4\">\u2264 0,001 mg\/m\u00b3<\/td><td class=\"column-5\">ISO 10580<br \/>\nELLER<br \/>\nNS-EN ISO 16000-9:2006<br \/>\nog NS-EN ISO 16000-9:2016\/AC:2007<br \/>\nELLER<br \/>\nNS-EN 16516:2017 + A1:2020<br \/>\nELLER<br \/>\nCDPH standard metode v.1.2<\/td>\n<\/tr>\n<tr class=\"row-10\">\n\t<td colspan=\"5\" class=\"column-1 highlight-himling-vegg-akustikk-og-isolasjonsmaterialer\"><strong>Himling, vegg-, akustikk- og isolasjonsmaterialer<\/strong><\/td>\n<\/tr>\n<tr class=\"row-11\">\n\t<td class=\"column-1\">\u2264 0,01 mg\/m\u00b3<\/td><td class=\"column-2\">\u2264 0,3 mg\/m\u00b3<\/td><td class=\"column-3\">\u2264 0,1 mg\/m\u00b3<\/td><td class=\"column-4\">\u2264 0,001 mg\/m\u00b3<\/td><td class=\"column-5\">NS-EN ISO 16000-9:2006<br \/>\nog NS-EN ISO 16000-9:2016\/AC:2007<br \/>\nELLER<br \/>\nNS-EN 16516:2017 + A1:2020<br \/>\nELLER<br \/>\nCDPH standard metode v.1.2<\/td>\n<\/tr>\n<tr class=\"row-12\">\n\t<td colspan=\"5\" class=\"column-1 highlight-lim-og-tetningsmidler\"><strong>Lim og tetningsmidler innend\u00f8rs (inkludert gulvlim)<\/strong><\/td>\n<\/tr>\n<tr class=\"row-13\">\n\t<td class=\"column-1\">\u2264 0,01 mg\/m\u00b3<\/td><td class=\"column-2\">\u2264 0,3 mg\/m\u00b3<\/td><td class=\"column-3\">\u2264 0,1 mg\/m\u00b3<\/td><td class=\"column-4\">\u2264 0,001 mg\/m\u00b3<\/td><td class=\"column-5\">NS-EN 13999 (del 1-4)<br \/>\nELLER<br \/>\nNS-EN ISO 16000-9:2006<br \/>\nog NS-EN ISO 16000-9:2016\/AC:2007<br \/>\nELLER<br \/>\nNS-EN 16516:2017 + A1:2020<br \/>\nELLER<br \/>\nCDPH standard metode v.1.2<\/td>\n<\/tr>\n<tr class=\"row-14\">\n\t<td colspan=\"5\" class=\"column-1\">* Utslippsgrensene i denne tabellen gjelder for sluttproduktet, dvs. etter at det er overflatebehandlet eller behandlet p\u00e5 annen m\u00e5te.<br \/>\n<br \/>\n** Produktet skal bevise at utslippsgrensene overholdes i et utslippstestkammer etter 28 dager eller tidligere hvis angitt i den relevante testkravstandarden. Utslippsraten fra kammertestmetoden m\u00e5 utledes til \u00e5 ansl\u00e5 hva konsentrasjonen ville ha v\u00e6rt i luften i den teoretiske modellen eller referanserommet (som er spesifisert i den respektive teststandarden). Denne utledede konsentrasjonen skal sammenlignes med utslippsgrensen i denne tabellen.<br \/>\n<br \/>\n*** Der testresultatene for et produkt overskrider TVOC-utslippsgrensen, er det fortsatt mulig \u00e5 oppfylle kravene hvis testresultatene viser en <dfn aria-describedby=\"desc-gfasdge1654843\" data-definition=\"R-verdi\">R-verdi<\/dfn> p\u00e5 \u2264 1 etter 28 dager.<\/td>\n<\/tr>\n<\/tbody>\n<\/table>\n<!-- #tablepress-Hea02-02 from cache -->\n\n\n<p><\/p>\n","protected":false},"excerpt":{"rendered":"<p>Tabell Hea 02-02: kriterier for m\u00f8nstergyldig utslippsniv\u00e5 etter produkttype<\/p>\n","protected":false},"author":5,"featured_media":0,"parent":4324,"menu_order":4,"comment_status":"closed","ping_status":"closed","template":"","meta":{"_acf_changed":false,"footnotes":""},"categories":[1],"connection":[155],"class_list":["post-4614","page","type-page","status-publish","hentry","category-kriterier","connection-2-2-5"],"acf":[],"yoast_head":"<!-- This site is optimized with the Yoast SEO plugin v25.4 - https:\/\/yoast.com\/wordpress\/plugins\/seo\/ -->\n<title>M\u00f8nstergyldig niv\u00e5: minimere emisjoner fra byggeprodukter \u2013 1 poeng - BREEAM-NOR<\/title>\n<meta name=\"robots\" content=\"index, follow, max-snippet:-1, max-image-preview:large, max-video-preview:-1\" \/>\n<link rel=\"canonical\" href=\"http:\/\/breeam-nor.byggalliansen.no\/v6\/kategorier-og-emner\/helse-og-innemiljo\/hea-02-inneluftkvalitet\/monstergyldig-niva-minimere-emisjoner-fra-byggeprodukter\/\" \/>\n<meta property=\"og:locale\" content=\"nb_NO\" \/>\n<meta property=\"og:type\" content=\"article\" \/>\n<meta property=\"og:title\" content=\"M\u00f8nstergyldig niv\u00e5: minimere emisjoner fra byggeprodukter \u2013 1 poeng - BREEAM-NOR\" \/>\n<meta property=\"og:description\" content=\"Tabell Hea 02-02: kriterier for m\u00f8nstergyldig utslippsniv\u00e5 etter produkttype\" \/>\n<meta property=\"og:url\" content=\"http:\/\/breeam-nor.byggalliansen.no\/v6\/kategorier-og-emner\/helse-og-innemiljo\/hea-02-inneluftkvalitet\/monstergyldig-niva-minimere-emisjoner-fra-byggeprodukter\/\" \/>\n<meta property=\"og:site_name\" content=\"BREEAM-NOR\" \/>\n<meta property=\"article:modified_time\" content=\"2025-09-02T10:06:07+00:00\" \/>\n<meta name=\"twitter:card\" content=\"summary_large_image\" \/>\n<meta name=\"twitter:label1\" content=\"Ansl. lesetid\" \/>\n\t<meta name=\"twitter:data1\" content=\"1 minutt\" \/>\n<script type=\"application\/ld+json\" class=\"yoast-schema-graph\">{\"@context\":\"https:\/\/schema.org\",\"@graph\":[{\"@type\":\"WebPage\",\"@id\":\"http:\/\/breeam-nor.byggalliansen.no\/v6\/kategorier-og-emner\/helse-og-innemiljo\/hea-02-inneluftkvalitet\/monstergyldig-niva-minimere-emisjoner-fra-byggeprodukter\/\",\"url\":\"http:\/\/breeam-nor.byggalliansen.no\/v6\/kategorier-og-emner\/helse-og-innemiljo\/hea-02-inneluftkvalitet\/monstergyldig-niva-minimere-emisjoner-fra-byggeprodukter\/\",\"name\":\"M\u00f8nstergyldig niv\u00e5: minimere emisjoner fra byggeprodukter \u2013 1 poeng - BREEAM-NOR\",\"isPartOf\":{\"@id\":\"https:\/\/breeam-nor.byggalliansen.no\/v6\/#website\"},\"datePublished\":\"2025-04-25T07:12:44+00:00\",\"dateModified\":\"2025-09-02T10:06:07+00:00\",\"breadcrumb\":{\"@id\":\"http:\/\/breeam-nor.byggalliansen.no\/v6\/kategorier-og-emner\/helse-og-innemiljo\/hea-02-inneluftkvalitet\/monstergyldig-niva-minimere-emisjoner-fra-byggeprodukter\/#breadcrumb\"},\"inLanguage\":\"nb-NO\",\"potentialAction\":[{\"@type\":\"ReadAction\",\"target\":[\"http:\/\/breeam-nor.byggalliansen.no\/v6\/kategorier-og-emner\/helse-og-innemiljo\/hea-02-inneluftkvalitet\/monstergyldig-niva-minimere-emisjoner-fra-byggeprodukter\/\"]}]},{\"@type\":\"BreadcrumbList\",\"@id\":\"http:\/\/breeam-nor.byggalliansen.no\/v6\/kategorier-og-emner\/helse-og-innemiljo\/hea-02-inneluftkvalitet\/monstergyldig-niva-minimere-emisjoner-fra-byggeprodukter\/#breadcrumb\",\"itemListElement\":[{\"@type\":\"ListItem\",\"position\":1,\"name\":\"BREEAM-NOR\",\"item\":\"http:\/\/breeam-nor.byggalliansen.no\/v6\/\"},{\"@type\":\"ListItem\",\"position\":2,\"name\":\"Kategorier og emner\",\"item\":\"https:\/\/breeam-nor.byggalliansen.no\/v6\/kategorier-og-emner\/\"},{\"@type\":\"ListItem\",\"position\":3,\"name\":\"Helse og innemilj\u00f8\",\"item\":\"https:\/\/breeam-nor.byggalliansen.no\/v6\/kategorier-og-emner\/helse-og-innemiljo\/\"},{\"@type\":\"ListItem\",\"position\":4,\"name\":\"Hea 02 Inneluftkvalitet\",\"item\":\"https:\/\/breeam-nor.byggalliansen.no\/v6\/kategorier-og-emner\/helse-og-innemiljo\/hea-02-inneluftkvalitet\/\"},{\"@type\":\"ListItem\",\"position\":5,\"name\":\"M\u00f8nstergyldig niv\u00e5: minimere emisjoner fra byggeprodukter \u2013 1 poeng\"}]},{\"@type\":\"WebSite\",\"@id\":\"https:\/\/breeam-nor.byggalliansen.no\/v6\/#website\",\"url\":\"https:\/\/breeam-nor.byggalliansen.no\/v6\/\",\"name\":\"BREEAM-NOR\",\"description\":\"Versjon 6.1.1, 2024\",\"potentialAction\":[{\"@type\":\"SearchAction\",\"target\":{\"@type\":\"EntryPoint\",\"urlTemplate\":\"https:\/\/breeam-nor.byggalliansen.no\/v6\/?s={search_term_string}\"},\"query-input\":{\"@type\":\"PropertyValueSpecification\",\"valueRequired\":true,\"valueName\":\"search_term_string\"}}],\"inLanguage\":\"nb-NO\"}]}<\/script>\n<!-- \/ Yoast SEO plugin. -->","yoast_head_json":{"title":"M\u00f8nstergyldig niv\u00e5: minimere emisjoner fra byggeprodukter \u2013 1 poeng - BREEAM-NOR","robots":{"index":"index","follow":"follow","max-snippet":"max-snippet:-1","max-image-preview":"max-image-preview:large","max-video-preview":"max-video-preview:-1"},"canonical":"http:\/\/breeam-nor.byggalliansen.no\/v6\/kategorier-og-emner\/helse-og-innemiljo\/hea-02-inneluftkvalitet\/monstergyldig-niva-minimere-emisjoner-fra-byggeprodukter\/","og_locale":"nb_NO","og_type":"article","og_title":"M\u00f8nstergyldig niv\u00e5: minimere emisjoner fra byggeprodukter \u2013 1 poeng - BREEAM-NOR","og_description":"Tabell Hea 02-02: kriterier for m\u00f8nstergyldig utslippsniv\u00e5 etter produkttype","og_url":"http:\/\/breeam-nor.byggalliansen.no\/v6\/kategorier-og-emner\/helse-og-innemiljo\/hea-02-inneluftkvalitet\/monstergyldig-niva-minimere-emisjoner-fra-byggeprodukter\/","og_site_name":"BREEAM-NOR","article_modified_time":"2025-09-02T10:06:07+00:00","twitter_card":"summary_large_image","twitter_misc":{"Ansl. lesetid":"1 minutt"},"schema":{"@context":"https:\/\/schema.org","@graph":[{"@type":"WebPage","@id":"http:\/\/breeam-nor.byggalliansen.no\/v6\/kategorier-og-emner\/helse-og-innemiljo\/hea-02-inneluftkvalitet\/monstergyldig-niva-minimere-emisjoner-fra-byggeprodukter\/","url":"http:\/\/breeam-nor.byggalliansen.no\/v6\/kategorier-og-emner\/helse-og-innemiljo\/hea-02-inneluftkvalitet\/monstergyldig-niva-minimere-emisjoner-fra-byggeprodukter\/","name":"M\u00f8nstergyldig niv\u00e5: minimere emisjoner fra byggeprodukter \u2013 1 poeng - BREEAM-NOR","isPartOf":{"@id":"https:\/\/breeam-nor.byggalliansen.no\/v6\/#website"},"datePublished":"2025-04-25T07:12:44+00:00","dateModified":"2025-09-02T10:06:07+00:00","breadcrumb":{"@id":"http:\/\/breeam-nor.byggalliansen.no\/v6\/kategorier-og-emner\/helse-og-innemiljo\/hea-02-inneluftkvalitet\/monstergyldig-niva-minimere-emisjoner-fra-byggeprodukter\/#breadcrumb"},"inLanguage":"nb-NO","potentialAction":[{"@type":"ReadAction","target":["http:\/\/breeam-nor.byggalliansen.no\/v6\/kategorier-og-emner\/helse-og-innemiljo\/hea-02-inneluftkvalitet\/monstergyldig-niva-minimere-emisjoner-fra-byggeprodukter\/"]}]},{"@type":"BreadcrumbList","@id":"http:\/\/breeam-nor.byggalliansen.no\/v6\/kategorier-og-emner\/helse-og-innemiljo\/hea-02-inneluftkvalitet\/monstergyldig-niva-minimere-emisjoner-fra-byggeprodukter\/#breadcrumb","itemListElement":[{"@type":"ListItem","position":1,"name":"BREEAM-NOR","item":"http:\/\/breeam-nor.byggalliansen.no\/v6\/"},{"@type":"ListItem","position":2,"name":"Kategorier og emner","item":"https:\/\/breeam-nor.byggalliansen.no\/v6\/kategorier-og-emner\/"},{"@type":"ListItem","position":3,"name":"Helse og innemilj\u00f8","item":"https:\/\/breeam-nor.byggalliansen.no\/v6\/kategorier-og-emner\/helse-og-innemiljo\/"},{"@type":"ListItem","position":4,"name":"Hea 02 Inneluftkvalitet","item":"https:\/\/breeam-nor.byggalliansen.no\/v6\/kategorier-og-emner\/helse-og-innemiljo\/hea-02-inneluftkvalitet\/"},{"@type":"ListItem","position":5,"name":"M\u00f8nstergyldig niv\u00e5: minimere emisjoner fra byggeprodukter \u2013 1 poeng"}]},{"@type":"WebSite","@id":"https:\/\/breeam-nor.byggalliansen.no\/v6\/#website","url":"https:\/\/breeam-nor.byggalliansen.no\/v6\/","name":"BREEAM-NOR","description":"Versjon 6.1.1, 2024","potentialAction":[{"@type":"SearchAction","target":{"@type":"EntryPoint","urlTemplate":"https:\/\/breeam-nor.byggalliansen.no\/v6\/?s={search_term_string}"},"query-input":{"@type":"PropertyValueSpecification","valueRequired":true,"valueName":"search_term_string"}}],"inLanguage":"nb-NO"}]}},"_links":{"self":[{"href":"http:\/\/breeam-nor.byggalliansen.no\/v6\/wp-json\/wp\/v2\/pages\/4614","targetHints":{"allow":["GET"]}}],"collection":[{"href":"http:\/\/breeam-nor.byggalliansen.no\/v6\/wp-json\/wp\/v2\/pages"}],"about":[{"href":"http:\/\/breeam-nor.byggalliansen.no\/v6\/wp-json\/wp\/v2\/types\/page"}],"author":[{"embeddable":true,"href":"http:\/\/breeam-nor.byggalliansen.no\/v6\/wp-json\/wp\/v2\/users\/5"}],"replies":[{"embeddable":true,"href":"http:\/\/breeam-nor.byggalliansen.no\/v6\/wp-json\/wp\/v2\/comments?post=4614"}],"version-history":[{"count":3,"href":"http:\/\/breeam-nor.byggalliansen.no\/v6\/wp-json\/wp\/v2\/pages\/4614\/revisions"}],"predecessor-version":[{"id":6085,"href":"http:\/\/breeam-nor.byggalliansen.no\/v6\/wp-json\/wp\/v2\/pages\/4614\/revisions\/6085"}],"up":[{"embeddable":true,"href":"http:\/\/breeam-nor.byggalliansen.no\/v6\/wp-json\/wp\/v2\/pages\/4324"}],"wp:attachment":[{"href":"http:\/\/breeam-nor.byggalliansen.no\/v6\/wp-json\/wp\/v2\/media?parent=4614"}],"wp:term":[{"taxonomy":"category","embeddable":true,"href":"http:\/\/breeam-nor.byggalliansen.no\/v6\/wp-json\/wp\/v2\/categories?post=4614"},{"taxonomy":"connection","embeddable":true,"href":"http:\/\/breeam-nor.byggalliansen.no\/v6\/wp-json\/wp\/v2\/connection?post=4614"}],"curies":[{"name":"wp","href":"https:\/\/api.w.org\/{rel}","templated":true}]}}