{"id":4671,"date":"2025-04-25T08:19:15","date_gmt":"2025-04-25T08:19:15","guid":{"rendered":"https:\/\/breeam-nor.byggalliansen.no\/v6\/?page_id=4671"},"modified":"2025-06-11T08:15:54","modified_gmt":"2025-06-11T08:15:54","slug":"termisk-soning-og-reguleringsfunksjoner","status":"publish","type":"page","link":"http:\/\/breeam-nor.byggalliansen.no\/v6\/kategorier-og-emner\/helse-og-innemiljo\/hea-03-termisk-komfort\/termisk-soning-og-reguleringsfunksjoner\/","title":{"rendered":"Termisk soning og reguleringsfunksjoner"},"content":{"rendered":"\n<ol start=\"9\" class=\"wp-block-list\">\n<li>Kriteriene 1 til 4 er oppfylt.<\/li>\n\n\n\n<li>Termisk modellering har blitt lagt til grunn for temperaturstyringsstrategien for bygningen og dens brukere.<\/li>\n\n\n\n<li>Strategien for de foresl\u00e5tte varme-\/kj\u00f8leanleggene (se Metode) viser at det er tatt hensyn til f\u00f8lgende:\n<ol style=\"list-style-type:lower-alpha\" class=\"wp-block-list\">\n<li><span style=\"font-size: clamp(1rem, 0.9107rem + 0.2857vw, 1.125rem);, sans-serif\">Soner i bygningen og hvordan bygningens tekniske installasjoner effektivt og tilstrekkelig kan varme og kj\u00f8le dem, f.eks. vurdere forskjellige behov mellom bygningens indre kjerne og fasaden\u00e6re omr\u00e5der.<\/span><\/li>\n\n\n\n<li><span style=\"font-size: clamp(1rem, 0.9107rem + 0.2857vw, 1.125rem);, sans-serif\">Graden av <dfn aria-describedby=\"desc-1745569135426-9v5nzyx4c\" data-definition=\"Brukerstyring\">brukerstyring<\/dfn> som er p\u00e5krevd i ulike soner, p\u00e5 grunnlag av samtaler med sluttbrukeren, eller alternativt bygnings- eller behovsspesifikke prosjekteringsanbefalinger, casestudier eller tilbakemeldinger. Det tas hensyn til:<\/span>\n<ol style=\"list-style-type:lower-roman\" class=\"wp-block-list\">\n<li><span style=\"font-size: clamp(1rem, 0.9107rem + 0.2857vw, 1.125rem);, sans-serif\">brukerens kunnskap om de tekniske installasjonene.<\/span><\/li>\n\n\n\n<li><span style=\"font-size: clamp(1rem, 0.9107rem + 0.2857vw, 1.125rem);, sans-serif\">brukstype og -m\u00f8nstre samt romfunksjoner, og dermed hensiktsmessig grad av brukerstyring.<\/span><\/li>\n\n\n\n<li><span style=\"font-size: clamp(1rem, 0.9107rem + 0.2857vw, 1.125rem);, sans-serif\">hvordan det forventes at bygningsbrukerne vil oppf\u00f8re seg\/forholde seg til systemene, f.eks. er det sannsynlig at de \u00e5pner vinduer, betjener termostatstyrte radiatorventiler (TRV-er), justerer innstillingene for klimasystem osv.<\/span><\/li>\n\n\n\n<li><span style=\"font-size: clamp(1rem, 0.9107rem + 0.2857vw, 1.125rem);, sans-serif\">brukerens forventninger. De kan f.eks. v\u00e6re forskjellige om sommeren og vinteren. Grad av individuell brukerstyring dvs. finne balansen mellom brukerpreferanser, f.eks. foretrekker noen friskluft, mens andre misliker trekk.<\/span><\/li>\n<\/ol>\n<\/li>\n\n\n\n<li><span style=\"font-size: clamp(1rem, 0.9107rem + 0.2857vw, 1.125rem);, sans-serif\">hvordan interaksjonen mellom de foresl\u00e5tte systemene blir (dersom det er mer enn ett system), og hvordan dette kan p\u00e5virke det termiske milj\u00f8et for byggets brukere.<\/span><\/li>\n\n\n\n<li>en vurdering av om det er behov for at brukerne har tilgang til \u00e5 overstyre den automatiske styringen manuelt.<\/li>\n<\/ol>\n<\/li>\n<\/ol>\n\n\n\n<p><\/p>\n","protected":false},"excerpt":{"rendered":"","protected":false},"author":5,"featured_media":0,"parent":4343,"menu_order":2,"comment_status":"closed","ping_status":"closed","template":"","meta":{"_acf_changed":false,"footnotes":""},"categories":[1],"connection":[162],"class_list":["post-4671","page","type-page","status-publish","hentry","category-kriterier","connection-2-3-3"],"acf":[],"yoast_head":"<!-- This site is optimized with the Yoast SEO plugin v25.4 - https:\/\/yoast.com\/wordpress\/plugins\/seo\/ -->\n<title>Termisk soning og reguleringsfunksjoner - BREEAM-NOR<\/title>\n<meta name=\"robots\" content=\"index, follow, max-snippet:-1, max-image-preview:large, max-video-preview:-1\" \/>\n<link rel=\"canonical\" href=\"http:\/\/breeam-nor.byggalliansen.no\/v6\/kategorier-og-emner\/helse-og-innemiljo\/hea-03-termisk-komfort\/termisk-soning-og-reguleringsfunksjoner\/\" \/>\n<meta property=\"og:locale\" content=\"nb_NO\" \/>\n<meta property=\"og:type\" content=\"article\" \/>\n<meta property=\"og:title\" content=\"Termisk soning og reguleringsfunksjoner - BREEAM-NOR\" \/>\n<meta property=\"og:url\" content=\"http:\/\/breeam-nor.byggalliansen.no\/v6\/kategorier-og-emner\/helse-og-innemiljo\/hea-03-termisk-komfort\/termisk-soning-og-reguleringsfunksjoner\/\" \/>\n<meta property=\"og:site_name\" content=\"BREEAM-NOR\" \/>\n<meta property=\"article:modified_time\" content=\"2025-06-11T08:15:54+00:00\" \/>\n<meta name=\"twitter:card\" content=\"summary_large_image\" \/>\n<meta name=\"twitter:label1\" content=\"Ansl. lesetid\" \/>\n\t<meta name=\"twitter:data1\" content=\"2 minutter\" \/>\n<script type=\"application\/ld+json\" class=\"yoast-schema-graph\">{\"@context\":\"https:\/\/schema.org\",\"@graph\":[{\"@type\":\"WebPage\",\"@id\":\"http:\/\/breeam-nor.byggalliansen.no\/v6\/kategorier-og-emner\/helse-og-innemiljo\/hea-03-termisk-komfort\/termisk-soning-og-reguleringsfunksjoner\/\",\"url\":\"http:\/\/breeam-nor.byggalliansen.no\/v6\/kategorier-og-emner\/helse-og-innemiljo\/hea-03-termisk-komfort\/termisk-soning-og-reguleringsfunksjoner\/\",\"name\":\"Termisk soning og reguleringsfunksjoner - BREEAM-NOR\",\"isPartOf\":{\"@id\":\"https:\/\/breeam-nor.byggalliansen.no\/v6\/#website\"},\"datePublished\":\"2025-04-25T08:19:15+00:00\",\"dateModified\":\"2025-06-11T08:15:54+00:00\",\"breadcrumb\":{\"@id\":\"http:\/\/breeam-nor.byggalliansen.no\/v6\/kategorier-og-emner\/helse-og-innemiljo\/hea-03-termisk-komfort\/termisk-soning-og-reguleringsfunksjoner\/#breadcrumb\"},\"inLanguage\":\"nb-NO\",\"potentialAction\":[{\"@type\":\"ReadAction\",\"target\":[\"http:\/\/breeam-nor.byggalliansen.no\/v6\/kategorier-og-emner\/helse-og-innemiljo\/hea-03-termisk-komfort\/termisk-soning-og-reguleringsfunksjoner\/\"]}]},{\"@type\":\"BreadcrumbList\",\"@id\":\"http:\/\/breeam-nor.byggalliansen.no\/v6\/kategorier-og-emner\/helse-og-innemiljo\/hea-03-termisk-komfort\/termisk-soning-og-reguleringsfunksjoner\/#breadcrumb\",\"itemListElement\":[{\"@type\":\"ListItem\",\"position\":1,\"name\":\"BREEAM-NOR\",\"item\":\"http:\/\/breeam-nor.byggalliansen.no\/v6\/\"},{\"@type\":\"ListItem\",\"position\":2,\"name\":\"Kategorier og emner\",\"item\":\"https:\/\/breeam-nor.byggalliansen.no\/v6\/kategorier-og-emner\/\"},{\"@type\":\"ListItem\",\"position\":3,\"name\":\"Helse og innemilj\u00f8\",\"item\":\"https:\/\/breeam-nor.byggalliansen.no\/v6\/kategorier-og-emner\/helse-og-innemiljo\/\"},{\"@type\":\"ListItem\",\"position\":4,\"name\":\"Hea 03 Termisk komfort\",\"item\":\"http:\/\/breeam-nor.byggalliansen.no\/v6\/kategorier-og-emner\/helse-og-innemiljo\/hea-03-termisk-komfort\/\"},{\"@type\":\"ListItem\",\"position\":5,\"name\":\"Termisk soning og reguleringsfunksjoner\"}]},{\"@type\":\"WebSite\",\"@id\":\"https:\/\/breeam-nor.byggalliansen.no\/v6\/#website\",\"url\":\"https:\/\/breeam-nor.byggalliansen.no\/v6\/\",\"name\":\"BREEAM-NOR\",\"description\":\"Versjon 6.1.1, 2024\",\"potentialAction\":[{\"@type\":\"SearchAction\",\"target\":{\"@type\":\"EntryPoint\",\"urlTemplate\":\"https:\/\/breeam-nor.byggalliansen.no\/v6\/?s={search_term_string}\"},\"query-input\":{\"@type\":\"PropertyValueSpecification\",\"valueRequired\":true,\"valueName\":\"search_term_string\"}}],\"inLanguage\":\"nb-NO\"}]}<\/script>\n<!-- \/ Yoast SEO plugin. -->","yoast_head_json":{"title":"Termisk soning og reguleringsfunksjoner - BREEAM-NOR","robots":{"index":"index","follow":"follow","max-snippet":"max-snippet:-1","max-image-preview":"max-image-preview:large","max-video-preview":"max-video-preview:-1"},"canonical":"http:\/\/breeam-nor.byggalliansen.no\/v6\/kategorier-og-emner\/helse-og-innemiljo\/hea-03-termisk-komfort\/termisk-soning-og-reguleringsfunksjoner\/","og_locale":"nb_NO","og_type":"article","og_title":"Termisk soning og reguleringsfunksjoner - BREEAM-NOR","og_url":"http:\/\/breeam-nor.byggalliansen.no\/v6\/kategorier-og-emner\/helse-og-innemiljo\/hea-03-termisk-komfort\/termisk-soning-og-reguleringsfunksjoner\/","og_site_name":"BREEAM-NOR","article_modified_time":"2025-06-11T08:15:54+00:00","twitter_card":"summary_large_image","twitter_misc":{"Ansl. lesetid":"2 minutter"},"schema":{"@context":"https:\/\/schema.org","@graph":[{"@type":"WebPage","@id":"http:\/\/breeam-nor.byggalliansen.no\/v6\/kategorier-og-emner\/helse-og-innemiljo\/hea-03-termisk-komfort\/termisk-soning-og-reguleringsfunksjoner\/","url":"http:\/\/breeam-nor.byggalliansen.no\/v6\/kategorier-og-emner\/helse-og-innemiljo\/hea-03-termisk-komfort\/termisk-soning-og-reguleringsfunksjoner\/","name":"Termisk soning og reguleringsfunksjoner - BREEAM-NOR","isPartOf":{"@id":"https:\/\/breeam-nor.byggalliansen.no\/v6\/#website"},"datePublished":"2025-04-25T08:19:15+00:00","dateModified":"2025-06-11T08:15:54+00:00","breadcrumb":{"@id":"http:\/\/breeam-nor.byggalliansen.no\/v6\/kategorier-og-emner\/helse-og-innemiljo\/hea-03-termisk-komfort\/termisk-soning-og-reguleringsfunksjoner\/#breadcrumb"},"inLanguage":"nb-NO","potentialAction":[{"@type":"ReadAction","target":["http:\/\/breeam-nor.byggalliansen.no\/v6\/kategorier-og-emner\/helse-og-innemiljo\/hea-03-termisk-komfort\/termisk-soning-og-reguleringsfunksjoner\/"]}]},{"@type":"BreadcrumbList","@id":"http:\/\/breeam-nor.byggalliansen.no\/v6\/kategorier-og-emner\/helse-og-innemiljo\/hea-03-termisk-komfort\/termisk-soning-og-reguleringsfunksjoner\/#breadcrumb","itemListElement":[{"@type":"ListItem","position":1,"name":"BREEAM-NOR","item":"http:\/\/breeam-nor.byggalliansen.no\/v6\/"},{"@type":"ListItem","position":2,"name":"Kategorier og emner","item":"https:\/\/breeam-nor.byggalliansen.no\/v6\/kategorier-og-emner\/"},{"@type":"ListItem","position":3,"name":"Helse og innemilj\u00f8","item":"https:\/\/breeam-nor.byggalliansen.no\/v6\/kategorier-og-emner\/helse-og-innemiljo\/"},{"@type":"ListItem","position":4,"name":"Hea 03 Termisk komfort","item":"http:\/\/breeam-nor.byggalliansen.no\/v6\/kategorier-og-emner\/helse-og-innemiljo\/hea-03-termisk-komfort\/"},{"@type":"ListItem","position":5,"name":"Termisk soning og reguleringsfunksjoner"}]},{"@type":"WebSite","@id":"https:\/\/breeam-nor.byggalliansen.no\/v6\/#website","url":"https:\/\/breeam-nor.byggalliansen.no\/v6\/","name":"BREEAM-NOR","description":"Versjon 6.1.1, 2024","potentialAction":[{"@type":"SearchAction","target":{"@type":"EntryPoint","urlTemplate":"https:\/\/breeam-nor.byggalliansen.no\/v6\/?s={search_term_string}"},"query-input":{"@type":"PropertyValueSpecification","valueRequired":true,"valueName":"search_term_string"}}],"inLanguage":"nb-NO"}]}},"_links":{"self":[{"href":"http:\/\/breeam-nor.byggalliansen.no\/v6\/wp-json\/wp\/v2\/pages\/4671","targetHints":{"allow":["GET"]}}],"collection":[{"href":"http:\/\/breeam-nor.byggalliansen.no\/v6\/wp-json\/wp\/v2\/pages"}],"about":[{"href":"http:\/\/breeam-nor.byggalliansen.no\/v6\/wp-json\/wp\/v2\/types\/page"}],"author":[{"embeddable":true,"href":"http:\/\/breeam-nor.byggalliansen.no\/v6\/wp-json\/wp\/v2\/users\/5"}],"replies":[{"embeddable":true,"href":"http:\/\/breeam-nor.byggalliansen.no\/v6\/wp-json\/wp\/v2\/comments?post=4671"}],"version-history":[{"count":3,"href":"http:\/\/breeam-nor.byggalliansen.no\/v6\/wp-json\/wp\/v2\/pages\/4671\/revisions"}],"predecessor-version":[{"id":5769,"href":"http:\/\/breeam-nor.byggalliansen.no\/v6\/wp-json\/wp\/v2\/pages\/4671\/revisions\/5769"}],"up":[{"embeddable":true,"href":"http:\/\/breeam-nor.byggalliansen.no\/v6\/wp-json\/wp\/v2\/pages\/4343"}],"wp:attachment":[{"href":"http:\/\/breeam-nor.byggalliansen.no\/v6\/wp-json\/wp\/v2\/media?parent=4671"}],"wp:term":[{"taxonomy":"category","embeddable":true,"href":"http:\/\/breeam-nor.byggalliansen.no\/v6\/wp-json\/wp\/v2\/categories?post=4671"},{"taxonomy":"connection","embeddable":true,"href":"http:\/\/breeam-nor.byggalliansen.no\/v6\/wp-json\/wp\/v2\/connection?post=4671"}],"curies":[{"name":"wp","href":"https:\/\/api.w.org\/{rel}","templated":true}]}}