{"id":4848,"date":"2025-05-01T11:25:23","date_gmt":"2025-05-01T11:25:29","guid":{"rendered":"https:\/\/breeam-nor.byggalliansen.no\/v6\/?page_id=4848"},"modified":"2025-06-11T12:52:02","modified_gmt":"2025-06-11T12:52:02","slug":"vannmengderegulatorer-i-toalettkjerne","status":"publish","type":"page","link":"http:\/\/breeam-nor.byggalliansen.no\/v6\/kategorier-og-emner\/vann\/wat-03-detektering-og-forebygging-av-vannlekkasjer\/vannmengderegulatorer-i-toalettkjerne\/","title":{"rendered":"Vannmengderegulatorer i toalettkjerne (alle bygg, utenom boligbygg)"},"content":{"rendered":"\n<ol start=\"2\" class=\"wp-block-list\">\n<li>Det installeres \u00e9n av f\u00f8lgende typer vannmengderegulatorer i hver <dfn aria-describedby=\"desc-1746098719453-kjjjjjhci\" data-definition=\"Toalettkjerner eller -fasiliteter\">toalettkjerne<\/dfn> for \u00e5 sikre at det bare tilf\u00f8res vann ved behov, og dermed hindre mindre vannlekkasjer og vanntap fra sanit\u00e6rutstyr. Se Metode. F\u00f8lgende regulatortyper er akseptert:\n<ol style=\"list-style-type:lower-alpha\" class=\"wp-block-list\">\n<li>en tidsregulator, dvs. en automatisk tidsbryter som skrur av vannforsyningen etter et forh\u00e5ndsinnstilt intervall<\/li>\n\n\n\n<li>en programmert tidsregulator, dvs. en automatisk tidsbryter som skrur vannet av og p\u00e5 i henhold til forh\u00e5ndsinnstilte tidsintervaller<\/li>\n\n\n\n<li>en volumregulator, dvs. en automatisk styreinnretning som stenger vannforsyningen n\u00e5r en forh\u00e5ndsinnstilt \u00f8vre grenseverdi er n\u00e5dd<\/li>\n\n\n\n<li>en tilstedetilv\u00e6relsesdetektor, dvs. en automatisk innretning som detekterer tilstedev\u00e6relse eller bevegelse i et omr\u00e5de for s\u00e5 \u00e5 skru vannet av og p\u00e5 etter behov<\/li>\n\n\n\n<li>en sentral styreenhet, dvs. en databasert styreenhet for en overordnet styring av vannforsyningen, som benytter seg av noen eller alle regulatortypene angitt ovenfor<\/li>\n<\/ol>\n<\/li>\n<\/ol>\n","protected":false},"excerpt":{"rendered":"","protected":false},"author":5,"featured_media":0,"parent":4749,"menu_order":1,"comment_status":"closed","ping_status":"closed","template":"","meta":{"_acf_changed":false,"footnotes":""},"categories":[1],"connection":[366],"class_list":["post-4848","page","type-page","status-publish","hentry","category-kriterier","connection-5-3-2"],"acf":[],"yoast_head":"<!-- This site is optimized with the Yoast SEO plugin v25.4 - https:\/\/yoast.com\/wordpress\/plugins\/seo\/ -->\n<title>Vannmengderegulatorer i toalettkjerne (alle bygg, utenom boligbygg) - BREEAM-NOR<\/title>\n<meta name=\"robots\" content=\"index, follow, max-snippet:-1, max-image-preview:large, max-video-preview:-1\" \/>\n<link rel=\"canonical\" href=\"http:\/\/breeam-nor.byggalliansen.no\/v6\/kategorier-og-emner\/vann\/wat-03-detektering-og-forebygging-av-vannlekkasjer\/vannmengderegulatorer-i-toalettkjerne\/\" \/>\n<meta property=\"og:locale\" content=\"nb_NO\" \/>\n<meta property=\"og:type\" content=\"article\" \/>\n<meta property=\"og:title\" content=\"Vannmengderegulatorer i toalettkjerne (alle bygg, utenom boligbygg) - BREEAM-NOR\" \/>\n<meta property=\"og:url\" content=\"http:\/\/breeam-nor.byggalliansen.no\/v6\/kategorier-og-emner\/vann\/wat-03-detektering-og-forebygging-av-vannlekkasjer\/vannmengderegulatorer-i-toalettkjerne\/\" \/>\n<meta property=\"og:site_name\" content=\"BREEAM-NOR\" \/>\n<meta property=\"article:modified_time\" content=\"2025-06-11T12:52:02+00:00\" \/>\n<meta name=\"twitter:card\" content=\"summary_large_image\" \/>\n<meta name=\"twitter:label1\" content=\"Ansl. lesetid\" \/>\n\t<meta name=\"twitter:data1\" content=\"1 minutt\" \/>\n<script type=\"application\/ld+json\" class=\"yoast-schema-graph\">{\"@context\":\"https:\/\/schema.org\",\"@graph\":[{\"@type\":\"WebPage\",\"@id\":\"http:\/\/breeam-nor.byggalliansen.no\/v6\/kategorier-og-emner\/vann\/wat-03-detektering-og-forebygging-av-vannlekkasjer\/vannmengderegulatorer-i-toalettkjerne\/\",\"url\":\"http:\/\/breeam-nor.byggalliansen.no\/v6\/kategorier-og-emner\/vann\/wat-03-detektering-og-forebygging-av-vannlekkasjer\/vannmengderegulatorer-i-toalettkjerne\/\",\"name\":\"Vannmengderegulatorer i toalettkjerne (alle bygg, utenom boligbygg) - BREEAM-NOR\",\"isPartOf\":{\"@id\":\"https:\/\/breeam-nor.byggalliansen.no\/v6\/#website\"},\"datePublished\":\"2025-05-01T11:25:29+00:00\",\"dateModified\":\"2025-06-11T12:52:02+00:00\",\"breadcrumb\":{\"@id\":\"http:\/\/breeam-nor.byggalliansen.no\/v6\/kategorier-og-emner\/vann\/wat-03-detektering-og-forebygging-av-vannlekkasjer\/vannmengderegulatorer-i-toalettkjerne\/#breadcrumb\"},\"inLanguage\":\"nb-NO\",\"potentialAction\":[{\"@type\":\"ReadAction\",\"target\":[\"http:\/\/breeam-nor.byggalliansen.no\/v6\/kategorier-og-emner\/vann\/wat-03-detektering-og-forebygging-av-vannlekkasjer\/vannmengderegulatorer-i-toalettkjerne\/\"]}]},{\"@type\":\"BreadcrumbList\",\"@id\":\"http:\/\/breeam-nor.byggalliansen.no\/v6\/kategorier-og-emner\/vann\/wat-03-detektering-og-forebygging-av-vannlekkasjer\/vannmengderegulatorer-i-toalettkjerne\/#breadcrumb\",\"itemListElement\":[{\"@type\":\"ListItem\",\"position\":1,\"name\":\"BREEAM-NOR\",\"item\":\"http:\/\/breeam-nor.byggalliansen.no\/v6\/\"},{\"@type\":\"ListItem\",\"position\":2,\"name\":\"Kategorier og emner\",\"item\":\"http:\/\/breeam-nor.byggalliansen.no\/v6\/kategorier-og-emner\/\"},{\"@type\":\"ListItem\",\"position\":3,\"name\":\"Vann\",\"item\":\"http:\/\/breeam-nor.byggalliansen.no\/v6\/kategorier-og-emner\/vann\/\"},{\"@type\":\"ListItem\",\"position\":4,\"name\":\"Wat 03 Detektering og forebygging av vannlekkasjer\u00a0\",\"item\":\"https:\/\/breeam-nor.byggalliansen.no\/v6\/kategorier-og-emner\/vann\/wat-03-detektering-og-forebygging-av-vannlekkasjer\/\"},{\"@type\":\"ListItem\",\"position\":5,\"name\":\"Vannmengderegulatorer i toalettkjerne (alle bygg, utenom boligbygg)\"}]},{\"@type\":\"WebSite\",\"@id\":\"https:\/\/breeam-nor.byggalliansen.no\/v6\/#website\",\"url\":\"https:\/\/breeam-nor.byggalliansen.no\/v6\/\",\"name\":\"BREEAM-NOR\",\"description\":\"Versjon 6.1.1, 2024\",\"potentialAction\":[{\"@type\":\"SearchAction\",\"target\":{\"@type\":\"EntryPoint\",\"urlTemplate\":\"https:\/\/breeam-nor.byggalliansen.no\/v6\/?s={search_term_string}\"},\"query-input\":{\"@type\":\"PropertyValueSpecification\",\"valueRequired\":true,\"valueName\":\"search_term_string\"}}],\"inLanguage\":\"nb-NO\"}]}<\/script>\n<!-- \/ Yoast SEO plugin. -->","yoast_head_json":{"title":"Vannmengderegulatorer i toalettkjerne (alle bygg, utenom boligbygg) - BREEAM-NOR","robots":{"index":"index","follow":"follow","max-snippet":"max-snippet:-1","max-image-preview":"max-image-preview:large","max-video-preview":"max-video-preview:-1"},"canonical":"http:\/\/breeam-nor.byggalliansen.no\/v6\/kategorier-og-emner\/vann\/wat-03-detektering-og-forebygging-av-vannlekkasjer\/vannmengderegulatorer-i-toalettkjerne\/","og_locale":"nb_NO","og_type":"article","og_title":"Vannmengderegulatorer i toalettkjerne (alle bygg, utenom boligbygg) - BREEAM-NOR","og_url":"http:\/\/breeam-nor.byggalliansen.no\/v6\/kategorier-og-emner\/vann\/wat-03-detektering-og-forebygging-av-vannlekkasjer\/vannmengderegulatorer-i-toalettkjerne\/","og_site_name":"BREEAM-NOR","article_modified_time":"2025-06-11T12:52:02+00:00","twitter_card":"summary_large_image","twitter_misc":{"Ansl. lesetid":"1 minutt"},"schema":{"@context":"https:\/\/schema.org","@graph":[{"@type":"WebPage","@id":"http:\/\/breeam-nor.byggalliansen.no\/v6\/kategorier-og-emner\/vann\/wat-03-detektering-og-forebygging-av-vannlekkasjer\/vannmengderegulatorer-i-toalettkjerne\/","url":"http:\/\/breeam-nor.byggalliansen.no\/v6\/kategorier-og-emner\/vann\/wat-03-detektering-og-forebygging-av-vannlekkasjer\/vannmengderegulatorer-i-toalettkjerne\/","name":"Vannmengderegulatorer i toalettkjerne (alle bygg, utenom boligbygg) - BREEAM-NOR","isPartOf":{"@id":"https:\/\/breeam-nor.byggalliansen.no\/v6\/#website"},"datePublished":"2025-05-01T11:25:29+00:00","dateModified":"2025-06-11T12:52:02+00:00","breadcrumb":{"@id":"http:\/\/breeam-nor.byggalliansen.no\/v6\/kategorier-og-emner\/vann\/wat-03-detektering-og-forebygging-av-vannlekkasjer\/vannmengderegulatorer-i-toalettkjerne\/#breadcrumb"},"inLanguage":"nb-NO","potentialAction":[{"@type":"ReadAction","target":["http:\/\/breeam-nor.byggalliansen.no\/v6\/kategorier-og-emner\/vann\/wat-03-detektering-og-forebygging-av-vannlekkasjer\/vannmengderegulatorer-i-toalettkjerne\/"]}]},{"@type":"BreadcrumbList","@id":"http:\/\/breeam-nor.byggalliansen.no\/v6\/kategorier-og-emner\/vann\/wat-03-detektering-og-forebygging-av-vannlekkasjer\/vannmengderegulatorer-i-toalettkjerne\/#breadcrumb","itemListElement":[{"@type":"ListItem","position":1,"name":"BREEAM-NOR","item":"http:\/\/breeam-nor.byggalliansen.no\/v6\/"},{"@type":"ListItem","position":2,"name":"Kategorier og emner","item":"http:\/\/breeam-nor.byggalliansen.no\/v6\/kategorier-og-emner\/"},{"@type":"ListItem","position":3,"name":"Vann","item":"http:\/\/breeam-nor.byggalliansen.no\/v6\/kategorier-og-emner\/vann\/"},{"@type":"ListItem","position":4,"name":"Wat 03 Detektering og forebygging av vannlekkasjer\u00a0","item":"https:\/\/breeam-nor.byggalliansen.no\/v6\/kategorier-og-emner\/vann\/wat-03-detektering-og-forebygging-av-vannlekkasjer\/"},{"@type":"ListItem","position":5,"name":"Vannmengderegulatorer i toalettkjerne (alle bygg, utenom boligbygg)"}]},{"@type":"WebSite","@id":"https:\/\/breeam-nor.byggalliansen.no\/v6\/#website","url":"https:\/\/breeam-nor.byggalliansen.no\/v6\/","name":"BREEAM-NOR","description":"Versjon 6.1.1, 2024","potentialAction":[{"@type":"SearchAction","target":{"@type":"EntryPoint","urlTemplate":"https:\/\/breeam-nor.byggalliansen.no\/v6\/?s={search_term_string}"},"query-input":{"@type":"PropertyValueSpecification","valueRequired":true,"valueName":"search_term_string"}}],"inLanguage":"nb-NO"}]}},"_links":{"self":[{"href":"http:\/\/breeam-nor.byggalliansen.no\/v6\/wp-json\/wp\/v2\/pages\/4848","targetHints":{"allow":["GET"]}}],"collection":[{"href":"http:\/\/breeam-nor.byggalliansen.no\/v6\/wp-json\/wp\/v2\/pages"}],"about":[{"href":"http:\/\/breeam-nor.byggalliansen.no\/v6\/wp-json\/wp\/v2\/types\/page"}],"author":[{"embeddable":true,"href":"http:\/\/breeam-nor.byggalliansen.no\/v6\/wp-json\/wp\/v2\/users\/5"}],"replies":[{"embeddable":true,"href":"http:\/\/breeam-nor.byggalliansen.no\/v6\/wp-json\/wp\/v2\/comments?post=4848"}],"version-history":[{"count":2,"href":"http:\/\/breeam-nor.byggalliansen.no\/v6\/wp-json\/wp\/v2\/pages\/4848\/revisions"}],"predecessor-version":[{"id":5810,"href":"http:\/\/breeam-nor.byggalliansen.no\/v6\/wp-json\/wp\/v2\/pages\/4848\/revisions\/5810"}],"up":[{"embeddable":true,"href":"http:\/\/breeam-nor.byggalliansen.no\/v6\/wp-json\/wp\/v2\/pages\/4749"}],"wp:attachment":[{"href":"http:\/\/breeam-nor.byggalliansen.no\/v6\/wp-json\/wp\/v2\/media?parent=4848"}],"wp:term":[{"taxonomy":"category","embeddable":true,"href":"http:\/\/breeam-nor.byggalliansen.no\/v6\/wp-json\/wp\/v2\/categories?post=4848"},{"taxonomy":"connection","embeddable":true,"href":"http:\/\/breeam-nor.byggalliansen.no\/v6\/wp-json\/wp\/v2\/connection?post=4848"}],"curies":[{"name":"wp","href":"https:\/\/api.w.org\/{rel}","templated":true}]}}