{"id":5048,"date":"2025-05-02T12:48:23","date_gmt":"2025-05-02T12:48:20","guid":{"rendered":"https:\/\/breeam-nor.byggalliansen.no\/v6\/?page_id=5048"},"modified":"2025-07-10T10:30:37","modified_gmt":"2025-07-10T10:30:37","slug":"robusthet-mot-flom-og-stormflo","status":"publish","type":"page","link":"http:\/\/breeam-nor.byggalliansen.no\/v6\/kategorier-og-emner\/arealbruk-og-okologi\/le-07-sikkerhet-mot-flom-og-stormflo\/robusthet-mot-flom-og-stormflo\/","title":{"rendered":"Robusthet mot flom og stormflo"},"content":{"rendered":"\n<h3 class=\"wp-block-heading\">Robusthet mot flom og stormflo<\/h3>\n\n\n\n<ol start=\"2\" class=\"wp-block-list\">\n<li>Poeng tildeles i henhold til <dfn aria-describedby=\"desc-1746190362919-ejwha2kfq\" data-definition=\"Sannsynlighet for flom\">sannsynlighet for flom eller stormflo<\/dfn> i tabell LE 07-01 (se Metode).<\/li>\n<\/ol>\n\n\n\n<h5 class=\"wp-block-heading\">Tabell LE 07-01 Poengtildeling ift. risiko og sannsynlighet for flom eller stormflo<\/h5>\n\n\n\n<figure class=\"wp-block-table is-style-core-borders\"><table class=\"has-fixed-layout\"><thead><tr><th><strong>Poeng<\/strong><\/th><th><strong>Sannsynlighet<\/strong><\/th><th><strong>\u00c5rlig sannsynlighet for flom eller stormflo<\/strong><\/th><\/tr><\/thead><tbody><tr><td>2<\/td><td>Lav<\/td><td>\u2264 1:1000<\/td><\/tr><tr><td>1<\/td><td>Middels\/h\u00f8y<\/td><td>\u2265 1:1000<\/td><\/tr><\/tbody><\/table><\/figure>\n\n\n\n<ol start=\"3\" class=\"wp-block-list\">\n<li>Der risikoanalysen bekrefter at utbyggingsomr\u00e5det ligger i en flomsone med middels eller h\u00f8y sannsynlighet for flom og stormflo (1 poeng i tabell LE 07-01), m\u00e5 ett av f\u00f8lgende oppn\u00e5s for \u00e5 \u00f8ke utbyggingsomr\u00e5dets robusthet og sikkerhet:\n<ol style=\"list-style-type:lower-alpha\" class=\"wp-block-list\">\n<li>Bygningens f\u00f8rste etasje og adkomsten til b\u00e5de bygningen og eiendommen er utformet eller soneinndelt slik at de er minst 600 mm over det <dfn aria-describedby=\"desc-1746190007002-4da604869\" data-definition=\"Dimensjonerende flomniv\u00e5\">dimensjonerende flomniv\u00e5et<\/dfn> til flomsonen der bygningen ligger (Se Metode).<br><br>ELLER<\/li>\n\n\n\n<li>Den endelige utformingen av bygningen og utbyggingsomr\u00e5det gjenspeiler anbefalingene fra en <dfn aria-describedby=\"desc-1746189989768-e23x5n86w\" data-definition=\"Kvalifisert hydrologikonsulent\">kvalifisert hydrologikonsulent<\/dfn>.<\/li>\n<\/ol>\n<\/li>\n<\/ol>\n\n\n\n<p><\/p>\n","protected":false},"excerpt":{"rendered":"<p>Robusthet mot flom og stormflo Tabell LE 07-01 Poengtildeling ift. risiko og sannsynlighet for flom eller stormflo Poeng Sannsynlighet \u00c5rlig sannsynlighet for flom eller stormflo 2 Lav \u2264 1:1000 1 Middels\/h\u00f8y \u2265 1:1000<\/p>\n","protected":false},"author":5,"featured_media":0,"parent":4760,"menu_order":1,"comment_status":"closed","ping_status":"closed","template":"","meta":{"_acf_changed":false,"footnotes":""},"categories":[1],"connection":[381],"class_list":["post-5048","page","type-page","status-publish","hentry","category-kriterier","connection-8-7-2"],"acf":[],"yoast_head":"<!-- This site is optimized with the Yoast SEO plugin v25.4 - https:\/\/yoast.com\/wordpress\/plugins\/seo\/ -->\n<title>Robusthet mot flom og stormflo - BREEAM-NOR<\/title>\n<meta name=\"robots\" content=\"index, follow, max-snippet:-1, max-image-preview:large, max-video-preview:-1\" \/>\n<link rel=\"canonical\" href=\"https:\/\/breeam-nor.byggalliansen.no\/v6\/kategorier-og-emner\/arealbruk-og-okologi\/le-07-sikkerhet-mot-flom-og-stormflo\/robusthet-mot-flom-og-stormflo\/\" \/>\n<meta property=\"og:locale\" content=\"nb_NO\" \/>\n<meta property=\"og:type\" content=\"article\" \/>\n<meta property=\"og:title\" content=\"Robusthet mot flom og stormflo - BREEAM-NOR\" \/>\n<meta property=\"og:description\" content=\"Robusthet mot flom og stormflo Tabell LE 07-01 Poengtildeling ift. risiko og sannsynlighet for flom eller stormflo Poeng Sannsynlighet \u00c5rlig sannsynlighet for flom eller stormflo 2 Lav \u2264 1:1000 1 Middels\/h\u00f8y \u2265 1:1000\" \/>\n<meta property=\"og:url\" content=\"https:\/\/breeam-nor.byggalliansen.no\/v6\/kategorier-og-emner\/arealbruk-og-okologi\/le-07-sikkerhet-mot-flom-og-stormflo\/robusthet-mot-flom-og-stormflo\/\" \/>\n<meta property=\"og:site_name\" content=\"BREEAM-NOR\" \/>\n<meta property=\"article:modified_time\" content=\"2025-07-10T10:30:37+00:00\" \/>\n<meta name=\"twitter:card\" content=\"summary_large_image\" \/>\n<meta name=\"twitter:label1\" content=\"Ansl. lesetid\" \/>\n\t<meta name=\"twitter:data1\" content=\"1 minutt\" \/>\n<script type=\"application\/ld+json\" class=\"yoast-schema-graph\">{\"@context\":\"https:\/\/schema.org\",\"@graph\":[{\"@type\":\"WebPage\",\"@id\":\"https:\/\/breeam-nor.byggalliansen.no\/v6\/kategorier-og-emner\/arealbruk-og-okologi\/le-07-sikkerhet-mot-flom-og-stormflo\/robusthet-mot-flom-og-stormflo\/\",\"url\":\"https:\/\/breeam-nor.byggalliansen.no\/v6\/kategorier-og-emner\/arealbruk-og-okologi\/le-07-sikkerhet-mot-flom-og-stormflo\/robusthet-mot-flom-og-stormflo\/\",\"name\":\"Robusthet mot flom og stormflo - BREEAM-NOR\",\"isPartOf\":{\"@id\":\"https:\/\/breeam-nor.byggalliansen.no\/v6\/#website\"},\"datePublished\":\"2025-05-02T12:48:20+00:00\",\"dateModified\":\"2025-07-10T10:30:37+00:00\",\"breadcrumb\":{\"@id\":\"https:\/\/breeam-nor.byggalliansen.no\/v6\/kategorier-og-emner\/arealbruk-og-okologi\/le-07-sikkerhet-mot-flom-og-stormflo\/robusthet-mot-flom-og-stormflo\/#breadcrumb\"},\"inLanguage\":\"nb-NO\",\"potentialAction\":[{\"@type\":\"ReadAction\",\"target\":[\"https:\/\/breeam-nor.byggalliansen.no\/v6\/kategorier-og-emner\/arealbruk-og-okologi\/le-07-sikkerhet-mot-flom-og-stormflo\/robusthet-mot-flom-og-stormflo\/\"]}]},{\"@type\":\"BreadcrumbList\",\"@id\":\"https:\/\/breeam-nor.byggalliansen.no\/v6\/kategorier-og-emner\/arealbruk-og-okologi\/le-07-sikkerhet-mot-flom-og-stormflo\/robusthet-mot-flom-og-stormflo\/#breadcrumb\",\"itemListElement\":[{\"@type\":\"ListItem\",\"position\":1,\"name\":\"BREEAM-NOR\",\"item\":\"http:\/\/breeam-nor.byggalliansen.no\/v6\/\"},{\"@type\":\"ListItem\",\"position\":2,\"name\":\"Kategorier og emner\",\"item\":\"https:\/\/breeam-nor.byggalliansen.no\/v6\/kategorier-og-emner\/\"},{\"@type\":\"ListItem\",\"position\":3,\"name\":\"Arealbruk og \u00f8kologi\",\"item\":\"https:\/\/breeam-nor.byggalliansen.no\/v6\/kategorier-og-emner\/arealbruk-og-okologi\/\"},{\"@type\":\"ListItem\",\"position\":4,\"name\":\"LE 07 Sikkerhet mot flom og stormflo\u00a0\",\"item\":\"https:\/\/breeam-nor.byggalliansen.no\/v6\/kategorier-og-emner\/arealbruk-og-okologi\/le-07-sikkerhet-mot-flom-og-stormflo\/\"},{\"@type\":\"ListItem\",\"position\":5,\"name\":\"Robusthet mot flom og stormflo\"}]},{\"@type\":\"WebSite\",\"@id\":\"https:\/\/breeam-nor.byggalliansen.no\/v6\/#website\",\"url\":\"https:\/\/breeam-nor.byggalliansen.no\/v6\/\",\"name\":\"BREEAM-NOR\",\"description\":\"Versjon 6.1.1, 2024\",\"potentialAction\":[{\"@type\":\"SearchAction\",\"target\":{\"@type\":\"EntryPoint\",\"urlTemplate\":\"https:\/\/breeam-nor.byggalliansen.no\/v6\/?s={search_term_string}\"},\"query-input\":{\"@type\":\"PropertyValueSpecification\",\"valueRequired\":true,\"valueName\":\"search_term_string\"}}],\"inLanguage\":\"nb-NO\"}]}<\/script>\n<!-- \/ Yoast SEO plugin. -->","yoast_head_json":{"title":"Robusthet mot flom og stormflo - BREEAM-NOR","robots":{"index":"index","follow":"follow","max-snippet":"max-snippet:-1","max-image-preview":"max-image-preview:large","max-video-preview":"max-video-preview:-1"},"canonical":"https:\/\/breeam-nor.byggalliansen.no\/v6\/kategorier-og-emner\/arealbruk-og-okologi\/le-07-sikkerhet-mot-flom-og-stormflo\/robusthet-mot-flom-og-stormflo\/","og_locale":"nb_NO","og_type":"article","og_title":"Robusthet mot flom og stormflo - BREEAM-NOR","og_description":"Robusthet mot flom og stormflo Tabell LE 07-01 Poengtildeling ift. risiko og sannsynlighet for flom eller stormflo Poeng Sannsynlighet \u00c5rlig sannsynlighet for flom eller stormflo 2 Lav \u2264 1:1000 1 Middels\/h\u00f8y \u2265 1:1000","og_url":"https:\/\/breeam-nor.byggalliansen.no\/v6\/kategorier-og-emner\/arealbruk-og-okologi\/le-07-sikkerhet-mot-flom-og-stormflo\/robusthet-mot-flom-og-stormflo\/","og_site_name":"BREEAM-NOR","article_modified_time":"2025-07-10T10:30:37+00:00","twitter_card":"summary_large_image","twitter_misc":{"Ansl. lesetid":"1 minutt"},"schema":{"@context":"https:\/\/schema.org","@graph":[{"@type":"WebPage","@id":"https:\/\/breeam-nor.byggalliansen.no\/v6\/kategorier-og-emner\/arealbruk-og-okologi\/le-07-sikkerhet-mot-flom-og-stormflo\/robusthet-mot-flom-og-stormflo\/","url":"https:\/\/breeam-nor.byggalliansen.no\/v6\/kategorier-og-emner\/arealbruk-og-okologi\/le-07-sikkerhet-mot-flom-og-stormflo\/robusthet-mot-flom-og-stormflo\/","name":"Robusthet mot flom og stormflo - BREEAM-NOR","isPartOf":{"@id":"https:\/\/breeam-nor.byggalliansen.no\/v6\/#website"},"datePublished":"2025-05-02T12:48:20+00:00","dateModified":"2025-07-10T10:30:37+00:00","breadcrumb":{"@id":"https:\/\/breeam-nor.byggalliansen.no\/v6\/kategorier-og-emner\/arealbruk-og-okologi\/le-07-sikkerhet-mot-flom-og-stormflo\/robusthet-mot-flom-og-stormflo\/#breadcrumb"},"inLanguage":"nb-NO","potentialAction":[{"@type":"ReadAction","target":["https:\/\/breeam-nor.byggalliansen.no\/v6\/kategorier-og-emner\/arealbruk-og-okologi\/le-07-sikkerhet-mot-flom-og-stormflo\/robusthet-mot-flom-og-stormflo\/"]}]},{"@type":"BreadcrumbList","@id":"https:\/\/breeam-nor.byggalliansen.no\/v6\/kategorier-og-emner\/arealbruk-og-okologi\/le-07-sikkerhet-mot-flom-og-stormflo\/robusthet-mot-flom-og-stormflo\/#breadcrumb","itemListElement":[{"@type":"ListItem","position":1,"name":"BREEAM-NOR","item":"http:\/\/breeam-nor.byggalliansen.no\/v6\/"},{"@type":"ListItem","position":2,"name":"Kategorier og emner","item":"https:\/\/breeam-nor.byggalliansen.no\/v6\/kategorier-og-emner\/"},{"@type":"ListItem","position":3,"name":"Arealbruk og \u00f8kologi","item":"https:\/\/breeam-nor.byggalliansen.no\/v6\/kategorier-og-emner\/arealbruk-og-okologi\/"},{"@type":"ListItem","position":4,"name":"LE 07 Sikkerhet mot flom og stormflo\u00a0","item":"https:\/\/breeam-nor.byggalliansen.no\/v6\/kategorier-og-emner\/arealbruk-og-okologi\/le-07-sikkerhet-mot-flom-og-stormflo\/"},{"@type":"ListItem","position":5,"name":"Robusthet mot flom og stormflo"}]},{"@type":"WebSite","@id":"https:\/\/breeam-nor.byggalliansen.no\/v6\/#website","url":"https:\/\/breeam-nor.byggalliansen.no\/v6\/","name":"BREEAM-NOR","description":"Versjon 6.1.1, 2024","potentialAction":[{"@type":"SearchAction","target":{"@type":"EntryPoint","urlTemplate":"https:\/\/breeam-nor.byggalliansen.no\/v6\/?s={search_term_string}"},"query-input":{"@type":"PropertyValueSpecification","valueRequired":true,"valueName":"search_term_string"}}],"inLanguage":"nb-NO"}]}},"_links":{"self":[{"href":"http:\/\/breeam-nor.byggalliansen.no\/v6\/wp-json\/wp\/v2\/pages\/5048","targetHints":{"allow":["GET"]}}],"collection":[{"href":"http:\/\/breeam-nor.byggalliansen.no\/v6\/wp-json\/wp\/v2\/pages"}],"about":[{"href":"http:\/\/breeam-nor.byggalliansen.no\/v6\/wp-json\/wp\/v2\/types\/page"}],"author":[{"embeddable":true,"href":"http:\/\/breeam-nor.byggalliansen.no\/v6\/wp-json\/wp\/v2\/users\/5"}],"replies":[{"embeddable":true,"href":"http:\/\/breeam-nor.byggalliansen.no\/v6\/wp-json\/wp\/v2\/comments?post=5048"}],"version-history":[{"count":3,"href":"http:\/\/breeam-nor.byggalliansen.no\/v6\/wp-json\/wp\/v2\/pages\/5048\/revisions"}],"predecessor-version":[{"id":5899,"href":"http:\/\/breeam-nor.byggalliansen.no\/v6\/wp-json\/wp\/v2\/pages\/5048\/revisions\/5899"}],"up":[{"embeddable":true,"href":"http:\/\/breeam-nor.byggalliansen.no\/v6\/wp-json\/wp\/v2\/pages\/4760"}],"wp:attachment":[{"href":"http:\/\/breeam-nor.byggalliansen.no\/v6\/wp-json\/wp\/v2\/media?parent=5048"}],"wp:term":[{"taxonomy":"category","embeddable":true,"href":"http:\/\/breeam-nor.byggalliansen.no\/v6\/wp-json\/wp\/v2\/categories?post=5048"},{"taxonomy":"connection","embeddable":true,"href":"http:\/\/breeam-nor.byggalliansen.no\/v6\/wp-json\/wp\/v2\/connection?post=5048"}],"curies":[{"name":"wp","href":"https:\/\/api.w.org\/{rel}","templated":true}]}}