{"id":5054,"date":"2025-05-02T12:49:23","date_gmt":"2025-05-02T12:49:52","guid":{"rendered":"https:\/\/breeam-nor.byggalliansen.no\/v6\/?page_id=5054"},"modified":"2025-09-05T12:53:52","modified_gmt":"2025-09-05T12:53:52","slug":"ytelseskrav-til-bygningsprodukter","status":"publish","type":"page","link":"http:\/\/breeam-nor.byggalliansen.no\/v6\/kategorier-og-emner\/materialer\/mat-02-baerekraftige-materialvalg-produktkrav\/ytelseskrav-til-bygningsprodukter\/","title":{"rendered":"Ytelseskrav til bygningsprodukter"},"content":{"rendered":"\n<h4 class=\"wp-block-heading\">1 poeng&nbsp;<\/h4>\n\n\n\n<ol start=\"3\" class=\"wp-block-list\">\n<li>Minst 10 produkter fra produktgruppene i Tabell Mat 02-02 skal overholde minst \u00e9n av f\u00f8lgende:&nbsp;\n<ol style=\"list-style-type:lower-alpha\" class=\"wp-block-list\">\n<li>tilfredsstille kriteriene i ECOproduct-metode v5.2, v5.3 eller 5.4 for \u00e5 oppn\u00e5 minst fire \u00abgr\u00f8nne\u00bb milj\u00f8indikatorer, der \u00e9n av dem skal v\u00e6re Global oppvarming. De \u00f8vrige milj\u00f8indikatorene skal v\u00e6re gr\u00f8nne eller hvite\u00a0<\/li>\n\n\n\n<li>tilfredsstille kriteriene for EU-Ecolabel eller milj\u00f8merket Svanen for sin produktgruppe&nbsp;&nbsp;<\/li>\n<\/ol>\n<\/li>\n<\/ol>\n\n\n\n<p>Av de 10 ovennevnte produktene skal minst 4 av f\u00f8lgende 5 produktgrupper inkluderes:&nbsp;<\/p>\n\n\n\n<ul class=\"wp-block-list\">\n<li>231\/232, Isolasjon i yttervegger&nbsp;&nbsp;<\/li>\n\n\n\n<li>233\/234, Vinduer\/ glassfasade&nbsp;<\/li>\n\n\n\n<li>235, Utvendig kledning&nbsp;&nbsp;<\/li>\n\n\n\n<li>246, Innvendig kledning&nbsp;<\/li>\n\n\n\n<li>251, Frittb\u00e6rende dekker&nbsp;<\/li>\n<\/ul>\n\n\n\n<p>Hvert av de dokumenterte produktene m\u00e5 omfatte minst 50 % av produktgruppens areal, mengde eller vekt for \u00e5 kunne inkluderes (se Metode). Evalueringen av inneklima (emisjoner) i ECOproduct er ikke relevant for alle produktgrupper, og for disse produktgruppene kreves det bare tilfredsstillende karakterer for de fem andre milj\u00f8omr\u00e5dene.&nbsp;<\/p>\n\n\n\n<p><strong>ELLER&nbsp;<\/strong><\/p>\n\n\n\n<h4 class=\"wp-block-heading\">2 poeng&nbsp;<\/h4>\n\n\n\n<ol start=\"4\" class=\"wp-block-list\">\n<li>Minst 15 produkter fra produktgruppene i tabell Mat 02-02 skal overholde minst \u00e9n av f\u00f8lgende:&nbsp;\n<ol style=\"list-style-type:lower-alpha\" class=\"wp-block-list\">\n<li>tilfredsstille kriteriene i ECOproduct-metode v5.2, v5.3 eller 5.4 for \u00e5 oppn\u00e5 minst fire \u00abgr\u00f8nne\u00bb milj\u00f8indikatorer, der \u00e9n av dem skal v\u00e6re global oppvarming. De \u00f8vrige milj\u00f8indikatorene skal v\u00e6re gr\u00f8nne eller hvite\u00a0<\/li>\n\n\n\n<li>tilfredsstille kriteriene for EU Ecolabel eller milj\u00f8merket Svanen for sin produktgruppe&nbsp;<\/li>\n<\/ol>\n<\/li>\n<\/ol>\n\n\n\n<p>Av de 15 ovennevnte produktene skal minst 4 av f\u00f8lgende 5 produktgrupper inkluderes:&nbsp;<\/p>\n\n\n\n<ul class=\"wp-block-list\">\n<li>231\/232, Isolasjon i yttervegger&nbsp;&nbsp;<\/li>\n\n\n\n<li>233\/234, Vinduer\/glassfasade&nbsp;<\/li>\n\n\n\n<li>235, Utvendig kledning&nbsp;&nbsp;<\/li>\n\n\n\n<li>246, Innvendig kledning&nbsp;<\/li>\n\n\n\n<li>251, Frittb\u00e6rende dekker&nbsp;<\/li>\n<\/ul>\n\n\n\n<p>Hvert av de dokumenterte produktene m\u00e5 omfatte minst 50 % av produktgruppens areal, mengde eller vekt for \u00e5 kunne inkluderes (se Metode). Evalueringen av inneklima (emisjoner) i ECOproduct er ikke relevant for alle produktgrupper, og for disse produktgruppene kreves det bare tilfredsstillende karakterer for de fem andre milj\u00f8omr\u00e5dene.&nbsp;&nbsp;<\/p>\n\n\n\n<p><\/p>\n","protected":false},"excerpt":{"rendered":"<p>1 poeng&nbsp; Av de 10 ovennevnte produktene skal minst 4 av f\u00f8lgende 5 produktgrupper inkluderes:&nbsp; Hvert av de dokumenterte produktene m\u00e5 omfatte minst 50 % av produktgruppens areal, mengde eller vekt for \u00e5 kunne inkluderes (se Metode). Evalueringen av inneklima (emisjoner) i ECOproduct er ikke relevant for alle produktgrupper, og for disse produktgruppene kreves det [&hellip;]<\/p>\n","protected":false},"author":6,"featured_media":0,"parent":4702,"menu_order":2,"comment_status":"closed","ping_status":"closed","template":"","meta":{"_acf_changed":false,"footnotes":""},"categories":[1],"connection":[193],"class_list":["post-5054","page","type-page","status-publish","hentry","category-kriterier","connection-6-2-3"],"acf":[],"yoast_head":"<!-- This site is optimized with the Yoast SEO plugin v25.4 - https:\/\/yoast.com\/wordpress\/plugins\/seo\/ -->\n<title>Ytelseskrav til bygningsprodukter - BREEAM-NOR<\/title>\n<meta name=\"robots\" content=\"index, follow, max-snippet:-1, max-image-preview:large, max-video-preview:-1\" \/>\n<link rel=\"canonical\" href=\"http:\/\/breeam-nor.byggalliansen.no\/v6\/kategorier-og-emner\/materialer\/mat-02-baerekraftige-materialvalg-produktkrav\/ytelseskrav-til-bygningsprodukter\/\" \/>\n<meta property=\"og:locale\" content=\"nb_NO\" \/>\n<meta property=\"og:type\" content=\"article\" \/>\n<meta property=\"og:title\" content=\"Ytelseskrav til bygningsprodukter - BREEAM-NOR\" \/>\n<meta property=\"og:description\" content=\"1 poeng&nbsp; Av de 10 ovennevnte produktene skal minst 4 av f\u00f8lgende 5 produktgrupper inkluderes:&nbsp; Hvert av de dokumenterte produktene m\u00e5 omfatte minst 50 % av produktgruppens areal, mengde eller vekt for \u00e5 kunne inkluderes (se Metode). Evalueringen av inneklima (emisjoner) i ECOproduct er ikke relevant for alle produktgrupper, og for disse produktgruppene kreves det [&hellip;]\" \/>\n<meta property=\"og:url\" content=\"http:\/\/breeam-nor.byggalliansen.no\/v6\/kategorier-og-emner\/materialer\/mat-02-baerekraftige-materialvalg-produktkrav\/ytelseskrav-til-bygningsprodukter\/\" \/>\n<meta property=\"og:site_name\" content=\"BREEAM-NOR\" \/>\n<meta property=\"article:modified_time\" content=\"2025-09-05T12:53:52+00:00\" \/>\n<meta name=\"twitter:card\" content=\"summary_large_image\" \/>\n<meta name=\"twitter:label1\" content=\"Ansl. lesetid\" \/>\n\t<meta name=\"twitter:data1\" content=\"2 minutter\" \/>\n<script type=\"application\/ld+json\" class=\"yoast-schema-graph\">{\"@context\":\"https:\/\/schema.org\",\"@graph\":[{\"@type\":\"WebPage\",\"@id\":\"http:\/\/breeam-nor.byggalliansen.no\/v6\/kategorier-og-emner\/materialer\/mat-02-baerekraftige-materialvalg-produktkrav\/ytelseskrav-til-bygningsprodukter\/\",\"url\":\"http:\/\/breeam-nor.byggalliansen.no\/v6\/kategorier-og-emner\/materialer\/mat-02-baerekraftige-materialvalg-produktkrav\/ytelseskrav-til-bygningsprodukter\/\",\"name\":\"Ytelseskrav til bygningsprodukter - BREEAM-NOR\",\"isPartOf\":{\"@id\":\"https:\/\/breeam-nor.byggalliansen.no\/v6\/#website\"},\"datePublished\":\"2025-05-02T12:49:52+00:00\",\"dateModified\":\"2025-09-05T12:53:52+00:00\",\"breadcrumb\":{\"@id\":\"http:\/\/breeam-nor.byggalliansen.no\/v6\/kategorier-og-emner\/materialer\/mat-02-baerekraftige-materialvalg-produktkrav\/ytelseskrav-til-bygningsprodukter\/#breadcrumb\"},\"inLanguage\":\"nb-NO\",\"potentialAction\":[{\"@type\":\"ReadAction\",\"target\":[\"http:\/\/breeam-nor.byggalliansen.no\/v6\/kategorier-og-emner\/materialer\/mat-02-baerekraftige-materialvalg-produktkrav\/ytelseskrav-til-bygningsprodukter\/\"]}]},{\"@type\":\"BreadcrumbList\",\"@id\":\"http:\/\/breeam-nor.byggalliansen.no\/v6\/kategorier-og-emner\/materialer\/mat-02-baerekraftige-materialvalg-produktkrav\/ytelseskrav-til-bygningsprodukter\/#breadcrumb\",\"itemListElement\":[{\"@type\":\"ListItem\",\"position\":1,\"name\":\"BREEAM-NOR\",\"item\":\"http:\/\/breeam-nor.byggalliansen.no\/v6\/\"},{\"@type\":\"ListItem\",\"position\":2,\"name\":\"Kategorier og emner\",\"item\":\"https:\/\/breeam-nor.byggalliansen.no\/v6\/kategorier-og-emner\/\"},{\"@type\":\"ListItem\",\"position\":3,\"name\":\"Materialer\",\"item\":\"http:\/\/breeam-nor.byggalliansen.no\/v6\/kategorier-og-emner\/materialer\/\"},{\"@type\":\"ListItem\",\"position\":4,\"name\":\"Mat 02 B\u00e6rekraftige materialvalg &#8211; produktkrav\u00a0\",\"item\":\"http:\/\/breeam-nor.byggalliansen.no\/v6\/kategorier-og-emner\/materialer\/mat-02-baerekraftige-materialvalg-produktkrav\/\"},{\"@type\":\"ListItem\",\"position\":5,\"name\":\"Ytelseskrav til bygningsprodukter\"}]},{\"@type\":\"WebSite\",\"@id\":\"https:\/\/breeam-nor.byggalliansen.no\/v6\/#website\",\"url\":\"https:\/\/breeam-nor.byggalliansen.no\/v6\/\",\"name\":\"BREEAM-NOR\",\"description\":\"Versjon 6.1.1, 2024\",\"potentialAction\":[{\"@type\":\"SearchAction\",\"target\":{\"@type\":\"EntryPoint\",\"urlTemplate\":\"https:\/\/breeam-nor.byggalliansen.no\/v6\/?s={search_term_string}\"},\"query-input\":{\"@type\":\"PropertyValueSpecification\",\"valueRequired\":true,\"valueName\":\"search_term_string\"}}],\"inLanguage\":\"nb-NO\"}]}<\/script>\n<!-- \/ Yoast SEO plugin. -->","yoast_head_json":{"title":"Ytelseskrav til bygningsprodukter - BREEAM-NOR","robots":{"index":"index","follow":"follow","max-snippet":"max-snippet:-1","max-image-preview":"max-image-preview:large","max-video-preview":"max-video-preview:-1"},"canonical":"http:\/\/breeam-nor.byggalliansen.no\/v6\/kategorier-og-emner\/materialer\/mat-02-baerekraftige-materialvalg-produktkrav\/ytelseskrav-til-bygningsprodukter\/","og_locale":"nb_NO","og_type":"article","og_title":"Ytelseskrav til bygningsprodukter - BREEAM-NOR","og_description":"1 poeng&nbsp; Av de 10 ovennevnte produktene skal minst 4 av f\u00f8lgende 5 produktgrupper inkluderes:&nbsp; Hvert av de dokumenterte produktene m\u00e5 omfatte minst 50 % av produktgruppens areal, mengde eller vekt for \u00e5 kunne inkluderes (se Metode). Evalueringen av inneklima (emisjoner) i ECOproduct er ikke relevant for alle produktgrupper, og for disse produktgruppene kreves det [&hellip;]","og_url":"http:\/\/breeam-nor.byggalliansen.no\/v6\/kategorier-og-emner\/materialer\/mat-02-baerekraftige-materialvalg-produktkrav\/ytelseskrav-til-bygningsprodukter\/","og_site_name":"BREEAM-NOR","article_modified_time":"2025-09-05T12:53:52+00:00","twitter_card":"summary_large_image","twitter_misc":{"Ansl. lesetid":"2 minutter"},"schema":{"@context":"https:\/\/schema.org","@graph":[{"@type":"WebPage","@id":"http:\/\/breeam-nor.byggalliansen.no\/v6\/kategorier-og-emner\/materialer\/mat-02-baerekraftige-materialvalg-produktkrav\/ytelseskrav-til-bygningsprodukter\/","url":"http:\/\/breeam-nor.byggalliansen.no\/v6\/kategorier-og-emner\/materialer\/mat-02-baerekraftige-materialvalg-produktkrav\/ytelseskrav-til-bygningsprodukter\/","name":"Ytelseskrav til bygningsprodukter - BREEAM-NOR","isPartOf":{"@id":"https:\/\/breeam-nor.byggalliansen.no\/v6\/#website"},"datePublished":"2025-05-02T12:49:52+00:00","dateModified":"2025-09-05T12:53:52+00:00","breadcrumb":{"@id":"http:\/\/breeam-nor.byggalliansen.no\/v6\/kategorier-og-emner\/materialer\/mat-02-baerekraftige-materialvalg-produktkrav\/ytelseskrav-til-bygningsprodukter\/#breadcrumb"},"inLanguage":"nb-NO","potentialAction":[{"@type":"ReadAction","target":["http:\/\/breeam-nor.byggalliansen.no\/v6\/kategorier-og-emner\/materialer\/mat-02-baerekraftige-materialvalg-produktkrav\/ytelseskrav-til-bygningsprodukter\/"]}]},{"@type":"BreadcrumbList","@id":"http:\/\/breeam-nor.byggalliansen.no\/v6\/kategorier-og-emner\/materialer\/mat-02-baerekraftige-materialvalg-produktkrav\/ytelseskrav-til-bygningsprodukter\/#breadcrumb","itemListElement":[{"@type":"ListItem","position":1,"name":"BREEAM-NOR","item":"http:\/\/breeam-nor.byggalliansen.no\/v6\/"},{"@type":"ListItem","position":2,"name":"Kategorier og emner","item":"https:\/\/breeam-nor.byggalliansen.no\/v6\/kategorier-og-emner\/"},{"@type":"ListItem","position":3,"name":"Materialer","item":"http:\/\/breeam-nor.byggalliansen.no\/v6\/kategorier-og-emner\/materialer\/"},{"@type":"ListItem","position":4,"name":"Mat 02 B\u00e6rekraftige materialvalg &#8211; produktkrav\u00a0","item":"http:\/\/breeam-nor.byggalliansen.no\/v6\/kategorier-og-emner\/materialer\/mat-02-baerekraftige-materialvalg-produktkrav\/"},{"@type":"ListItem","position":5,"name":"Ytelseskrav til bygningsprodukter"}]},{"@type":"WebSite","@id":"https:\/\/breeam-nor.byggalliansen.no\/v6\/#website","url":"https:\/\/breeam-nor.byggalliansen.no\/v6\/","name":"BREEAM-NOR","description":"Versjon 6.1.1, 2024","potentialAction":[{"@type":"SearchAction","target":{"@type":"EntryPoint","urlTemplate":"https:\/\/breeam-nor.byggalliansen.no\/v6\/?s={search_term_string}"},"query-input":{"@type":"PropertyValueSpecification","valueRequired":true,"valueName":"search_term_string"}}],"inLanguage":"nb-NO"}]}},"_links":{"self":[{"href":"http:\/\/breeam-nor.byggalliansen.no\/v6\/wp-json\/wp\/v2\/pages\/5054","targetHints":{"allow":["GET"]}}],"collection":[{"href":"http:\/\/breeam-nor.byggalliansen.no\/v6\/wp-json\/wp\/v2\/pages"}],"about":[{"href":"http:\/\/breeam-nor.byggalliansen.no\/v6\/wp-json\/wp\/v2\/types\/page"}],"author":[{"embeddable":true,"href":"http:\/\/breeam-nor.byggalliansen.no\/v6\/wp-json\/wp\/v2\/users\/6"}],"replies":[{"embeddable":true,"href":"http:\/\/breeam-nor.byggalliansen.no\/v6\/wp-json\/wp\/v2\/comments?post=5054"}],"version-history":[{"count":3,"href":"http:\/\/breeam-nor.byggalliansen.no\/v6\/wp-json\/wp\/v2\/pages\/5054\/revisions"}],"predecessor-version":[{"id":6092,"href":"http:\/\/breeam-nor.byggalliansen.no\/v6\/wp-json\/wp\/v2\/pages\/5054\/revisions\/6092"}],"up":[{"embeddable":true,"href":"http:\/\/breeam-nor.byggalliansen.no\/v6\/wp-json\/wp\/v2\/pages\/4702"}],"wp:attachment":[{"href":"http:\/\/breeam-nor.byggalliansen.no\/v6\/wp-json\/wp\/v2\/media?parent=5054"}],"wp:term":[{"taxonomy":"category","embeddable":true,"href":"http:\/\/breeam-nor.byggalliansen.no\/v6\/wp-json\/wp\/v2\/categories?post=5054"},{"taxonomy":"connection","embeddable":true,"href":"http:\/\/breeam-nor.byggalliansen.no\/v6\/wp-json\/wp\/v2\/connection?post=5054"}],"curies":[{"name":"wp","href":"https:\/\/api.w.org\/{rel}","templated":true}]}}