{"id":5080,"date":"2025-05-02T13:09:23","date_gmt":"2025-05-02T13:09:31","guid":{"rendered":"https:\/\/breeam-nor.byggalliansen.no\/v6\/?page_id=5080"},"modified":"2025-06-06T08:11:00","modified_gmt":"2025-06-06T08:11:00","slug":"forkrav-risikokartlegging-og-tretrinnsstrategien","status":"publish","type":"page","link":"http:\/\/breeam-nor.byggalliansen.no\/v6\/kategorier-og-emner\/arealbruk-og-okologi\/le-08-lokal-overvannshandtering\/forkrav-risikokartlegging-og-tretrinnsstrategien\/","title":{"rendered":"Forkrav: risikokartlegging og tretrinnsstrategien"},"content":{"rendered":"\n<ol class=\"wp-block-list\">\n<li>Det er utarbeidet en risikoanalyse for <dfn aria-describedby=\"desc-1746191313788-99on3ybkd\" data-definition=\"Overvann\">overvann<\/dfn> i l\u00f8pet av steg 2, spesifikt for utbyggingsomr\u00e5det i henhold til metodikken i NS 5814:2021 (se LE 06 for detaljer). Analysen er utarbeidet av en <dfn aria-describedby=\"desc-1746191330839-zhmcj9paa\" data-definition=\"Kvalifisert konsulent innen overvannsh\u00e5ndtering\">kvalifisert konsulent<\/dfn> og tar hensyn til n\u00e5v\u00e6rende og fremtidig risiko for oversv\u00f8mmelse fra overvann, ledningsnett og grunnvann (se Metode).<\/li>\n\n\n\n<li>Overvannsh\u00e5ndtering er i tr\u00e5d med resultatene fra risikoanalysen i kriterium 1 og f\u00f8lger prinsippene i <dfn aria-describedby=\"desc-1746191351434-t6dq8eok5\" data-definition=\"Tretrinnsstrategien\">tretrinnsstrategien<\/dfn>.<\/li>\n\n\n\n<li>Utbyggingsomr\u00e5det utformes slik at ekstremnedb\u00f8r h\u00e5ndteres gjennom sikre og velutviklede drenslinjer og flomveier. Flomveier gir ikke \u00f8kt risiko for skade og oversv\u00f8mmelse p\u00e5 og utenfor utbyggingsomr\u00e5det (trinn 3 i tretrinnsstrategien).<\/li>\n<\/ol>\n\n\n\n<p><\/p>\n","protected":false},"excerpt":{"rendered":"","protected":false},"author":5,"featured_media":0,"parent":4761,"menu_order":0,"comment_status":"closed","ping_status":"closed","template":"","meta":{"_acf_changed":false,"footnotes":""},"categories":[1],"connection":[382],"class_list":["post-5080","page","type-page","status-publish","hentry","category-kriterier","connection-8-8-1"],"acf":[],"yoast_head":"<!-- This site is optimized with the Yoast SEO plugin v25.4 - https:\/\/yoast.com\/wordpress\/plugins\/seo\/ -->\n<title>Forkrav: risikokartlegging og tretrinnsstrategien - BREEAM-NOR<\/title>\n<meta name=\"robots\" content=\"index, follow, max-snippet:-1, max-image-preview:large, max-video-preview:-1\" \/>\n<link rel=\"canonical\" href=\"http:\/\/breeam-nor.byggalliansen.no\/v6\/kategorier-og-emner\/arealbruk-og-okologi\/le-08-lokal-overvannshandtering\/forkrav-risikokartlegging-og-tretrinnsstrategien\/\" \/>\n<meta property=\"og:locale\" content=\"nb_NO\" \/>\n<meta property=\"og:type\" content=\"article\" \/>\n<meta property=\"og:title\" content=\"Forkrav: risikokartlegging og tretrinnsstrategien - BREEAM-NOR\" \/>\n<meta property=\"og:url\" content=\"http:\/\/breeam-nor.byggalliansen.no\/v6\/kategorier-og-emner\/arealbruk-og-okologi\/le-08-lokal-overvannshandtering\/forkrav-risikokartlegging-og-tretrinnsstrategien\/\" \/>\n<meta property=\"og:site_name\" content=\"BREEAM-NOR\" \/>\n<meta property=\"article:modified_time\" content=\"2025-06-06T08:11:00+00:00\" \/>\n<meta name=\"twitter:card\" content=\"summary_large_image\" \/>\n<meta name=\"twitter:label1\" content=\"Ansl. lesetid\" \/>\n\t<meta name=\"twitter:data1\" content=\"1 minutt\" \/>\n<script type=\"application\/ld+json\" class=\"yoast-schema-graph\">{\"@context\":\"https:\/\/schema.org\",\"@graph\":[{\"@type\":\"WebPage\",\"@id\":\"http:\/\/breeam-nor.byggalliansen.no\/v6\/kategorier-og-emner\/arealbruk-og-okologi\/le-08-lokal-overvannshandtering\/forkrav-risikokartlegging-og-tretrinnsstrategien\/\",\"url\":\"http:\/\/breeam-nor.byggalliansen.no\/v6\/kategorier-og-emner\/arealbruk-og-okologi\/le-08-lokal-overvannshandtering\/forkrav-risikokartlegging-og-tretrinnsstrategien\/\",\"name\":\"Forkrav: risikokartlegging og tretrinnsstrategien - BREEAM-NOR\",\"isPartOf\":{\"@id\":\"https:\/\/breeam-nor.byggalliansen.no\/v6\/#website\"},\"datePublished\":\"2025-05-02T13:09:31+00:00\",\"dateModified\":\"2025-06-06T08:11:00+00:00\",\"breadcrumb\":{\"@id\":\"http:\/\/breeam-nor.byggalliansen.no\/v6\/kategorier-og-emner\/arealbruk-og-okologi\/le-08-lokal-overvannshandtering\/forkrav-risikokartlegging-og-tretrinnsstrategien\/#breadcrumb\"},\"inLanguage\":\"nb-NO\",\"potentialAction\":[{\"@type\":\"ReadAction\",\"target\":[\"http:\/\/breeam-nor.byggalliansen.no\/v6\/kategorier-og-emner\/arealbruk-og-okologi\/le-08-lokal-overvannshandtering\/forkrav-risikokartlegging-og-tretrinnsstrategien\/\"]}]},{\"@type\":\"BreadcrumbList\",\"@id\":\"http:\/\/breeam-nor.byggalliansen.no\/v6\/kategorier-og-emner\/arealbruk-og-okologi\/le-08-lokal-overvannshandtering\/forkrav-risikokartlegging-og-tretrinnsstrategien\/#breadcrumb\",\"itemListElement\":[{\"@type\":\"ListItem\",\"position\":1,\"name\":\"BREEAM-NOR\",\"item\":\"http:\/\/breeam-nor.byggalliansen.no\/v6\/\"},{\"@type\":\"ListItem\",\"position\":2,\"name\":\"Kategorier og emner\",\"item\":\"https:\/\/breeam-nor.byggalliansen.no\/v6\/kategorier-og-emner\/\"},{\"@type\":\"ListItem\",\"position\":3,\"name\":\"Arealbruk og \u00f8kologi\",\"item\":\"https:\/\/breeam-nor.byggalliansen.no\/v6\/kategorier-og-emner\/arealbruk-og-okologi\/\"},{\"@type\":\"ListItem\",\"position\":4,\"name\":\"LE 08 Lokal overvannsh\u00e5ndtering\",\"item\":\"https:\/\/breeam-nor.byggalliansen.no\/v6\/kategorier-og-emner\/arealbruk-og-okologi\/le-08-lokal-overvannshandtering\/\"},{\"@type\":\"ListItem\",\"position\":5,\"name\":\"Forkrav: risikokartlegging og tretrinnsstrategien\"}]},{\"@type\":\"WebSite\",\"@id\":\"https:\/\/breeam-nor.byggalliansen.no\/v6\/#website\",\"url\":\"https:\/\/breeam-nor.byggalliansen.no\/v6\/\",\"name\":\"BREEAM-NOR\",\"description\":\"Versjon 6.1.1, 2024\",\"potentialAction\":[{\"@type\":\"SearchAction\",\"target\":{\"@type\":\"EntryPoint\",\"urlTemplate\":\"https:\/\/breeam-nor.byggalliansen.no\/v6\/?s={search_term_string}\"},\"query-input\":{\"@type\":\"PropertyValueSpecification\",\"valueRequired\":true,\"valueName\":\"search_term_string\"}}],\"inLanguage\":\"nb-NO\"}]}<\/script>\n<!-- \/ Yoast SEO plugin. -->","yoast_head_json":{"title":"Forkrav: risikokartlegging og tretrinnsstrategien - BREEAM-NOR","robots":{"index":"index","follow":"follow","max-snippet":"max-snippet:-1","max-image-preview":"max-image-preview:large","max-video-preview":"max-video-preview:-1"},"canonical":"http:\/\/breeam-nor.byggalliansen.no\/v6\/kategorier-og-emner\/arealbruk-og-okologi\/le-08-lokal-overvannshandtering\/forkrav-risikokartlegging-og-tretrinnsstrategien\/","og_locale":"nb_NO","og_type":"article","og_title":"Forkrav: risikokartlegging og tretrinnsstrategien - BREEAM-NOR","og_url":"http:\/\/breeam-nor.byggalliansen.no\/v6\/kategorier-og-emner\/arealbruk-og-okologi\/le-08-lokal-overvannshandtering\/forkrav-risikokartlegging-og-tretrinnsstrategien\/","og_site_name":"BREEAM-NOR","article_modified_time":"2025-06-06T08:11:00+00:00","twitter_card":"summary_large_image","twitter_misc":{"Ansl. lesetid":"1 minutt"},"schema":{"@context":"https:\/\/schema.org","@graph":[{"@type":"WebPage","@id":"http:\/\/breeam-nor.byggalliansen.no\/v6\/kategorier-og-emner\/arealbruk-og-okologi\/le-08-lokal-overvannshandtering\/forkrav-risikokartlegging-og-tretrinnsstrategien\/","url":"http:\/\/breeam-nor.byggalliansen.no\/v6\/kategorier-og-emner\/arealbruk-og-okologi\/le-08-lokal-overvannshandtering\/forkrav-risikokartlegging-og-tretrinnsstrategien\/","name":"Forkrav: risikokartlegging og tretrinnsstrategien - BREEAM-NOR","isPartOf":{"@id":"https:\/\/breeam-nor.byggalliansen.no\/v6\/#website"},"datePublished":"2025-05-02T13:09:31+00:00","dateModified":"2025-06-06T08:11:00+00:00","breadcrumb":{"@id":"http:\/\/breeam-nor.byggalliansen.no\/v6\/kategorier-og-emner\/arealbruk-og-okologi\/le-08-lokal-overvannshandtering\/forkrav-risikokartlegging-og-tretrinnsstrategien\/#breadcrumb"},"inLanguage":"nb-NO","potentialAction":[{"@type":"ReadAction","target":["http:\/\/breeam-nor.byggalliansen.no\/v6\/kategorier-og-emner\/arealbruk-og-okologi\/le-08-lokal-overvannshandtering\/forkrav-risikokartlegging-og-tretrinnsstrategien\/"]}]},{"@type":"BreadcrumbList","@id":"http:\/\/breeam-nor.byggalliansen.no\/v6\/kategorier-og-emner\/arealbruk-og-okologi\/le-08-lokal-overvannshandtering\/forkrav-risikokartlegging-og-tretrinnsstrategien\/#breadcrumb","itemListElement":[{"@type":"ListItem","position":1,"name":"BREEAM-NOR","item":"http:\/\/breeam-nor.byggalliansen.no\/v6\/"},{"@type":"ListItem","position":2,"name":"Kategorier og emner","item":"https:\/\/breeam-nor.byggalliansen.no\/v6\/kategorier-og-emner\/"},{"@type":"ListItem","position":3,"name":"Arealbruk og \u00f8kologi","item":"https:\/\/breeam-nor.byggalliansen.no\/v6\/kategorier-og-emner\/arealbruk-og-okologi\/"},{"@type":"ListItem","position":4,"name":"LE 08 Lokal overvannsh\u00e5ndtering","item":"https:\/\/breeam-nor.byggalliansen.no\/v6\/kategorier-og-emner\/arealbruk-og-okologi\/le-08-lokal-overvannshandtering\/"},{"@type":"ListItem","position":5,"name":"Forkrav: risikokartlegging og tretrinnsstrategien"}]},{"@type":"WebSite","@id":"https:\/\/breeam-nor.byggalliansen.no\/v6\/#website","url":"https:\/\/breeam-nor.byggalliansen.no\/v6\/","name":"BREEAM-NOR","description":"Versjon 6.1.1, 2024","potentialAction":[{"@type":"SearchAction","target":{"@type":"EntryPoint","urlTemplate":"https:\/\/breeam-nor.byggalliansen.no\/v6\/?s={search_term_string}"},"query-input":{"@type":"PropertyValueSpecification","valueRequired":true,"valueName":"search_term_string"}}],"inLanguage":"nb-NO"}]}},"_links":{"self":[{"href":"http:\/\/breeam-nor.byggalliansen.no\/v6\/wp-json\/wp\/v2\/pages\/5080","targetHints":{"allow":["GET"]}}],"collection":[{"href":"http:\/\/breeam-nor.byggalliansen.no\/v6\/wp-json\/wp\/v2\/pages"}],"about":[{"href":"http:\/\/breeam-nor.byggalliansen.no\/v6\/wp-json\/wp\/v2\/types\/page"}],"author":[{"embeddable":true,"href":"http:\/\/breeam-nor.byggalliansen.no\/v6\/wp-json\/wp\/v2\/users\/5"}],"replies":[{"embeddable":true,"href":"http:\/\/breeam-nor.byggalliansen.no\/v6\/wp-json\/wp\/v2\/comments?post=5080"}],"version-history":[{"count":2,"href":"http:\/\/breeam-nor.byggalliansen.no\/v6\/wp-json\/wp\/v2\/pages\/5080\/revisions"}],"predecessor-version":[{"id":5090,"href":"http:\/\/breeam-nor.byggalliansen.no\/v6\/wp-json\/wp\/v2\/pages\/5080\/revisions\/5090"}],"up":[{"embeddable":true,"href":"http:\/\/breeam-nor.byggalliansen.no\/v6\/wp-json\/wp\/v2\/pages\/4761"}],"wp:attachment":[{"href":"http:\/\/breeam-nor.byggalliansen.no\/v6\/wp-json\/wp\/v2\/media?parent=5080"}],"wp:term":[{"taxonomy":"category","embeddable":true,"href":"http:\/\/breeam-nor.byggalliansen.no\/v6\/wp-json\/wp\/v2\/categories?post=5080"},{"taxonomy":"connection","embeddable":true,"href":"http:\/\/breeam-nor.byggalliansen.no\/v6\/wp-json\/wp\/v2\/connection?post=5080"}],"curies":[{"name":"wp","href":"https:\/\/api.w.org\/{rel}","templated":true}]}}