{"id":5216,"date":"2025-05-06T08:47:44","date_gmt":"2025-05-06T08:47:44","guid":{"rendered":"https:\/\/breeam-nor.byggalliansen.no\/v6\/?page_id=5216"},"modified":"2025-06-06T08:01:14","modified_gmt":"2025-06-06T08:01:14","slug":"utendors-belysning","status":"publish","type":"page","link":"http:\/\/breeam-nor.byggalliansen.no\/v6\/kategorier-og-emner\/energi\/ene-03-utebelysning\/utendors-belysning\/","title":{"rendered":"Utend\u00f8rs belysning"},"content":{"rendered":"\n<h3 class=\"wp-block-heading\">Ingen utend\u00f8rs belysning<\/h3>\n\n\n\n<ol class=\"wp-block-list\">\n<li>Ingen utend\u00f8rs belysning innenfor <dfn aria-describedby=\"desc-1746521197190-gj8rianyw\" data-definition=\"Utbygget areal\">utbygget areal<\/dfn>. Se Metode for detaljer om typer utend\u00f8rs belysning som kan aksepteres.<\/li>\n<\/ol>\n\n\n\n<p>ELLER<\/p>\n\n\n\n<h3 class=\"wp-block-heading\">Utend\u00f8rs belysning<\/h3>\n\n\n\n<ol start=\"2\" class=\"wp-block-list\">\n<li>Utend\u00f8rs belysningsarmaturer innenfor utbygget areal med:\n<ol style=\"list-style-type:lower-alpha\" class=\"wp-block-list\">\n<li><span style=\"font-size: clamp(1rem, 0.9107rem + 0.2857vw, 1.125rem);, sans-serif\">gjennomsnittlig <dfn aria-describedby=\"desc-1746521216038-kd9lpnv6h\" data-definition=\"Lysutbytte for lysarmatur (lm\/W)\">lysutbytte<\/dfn> for belysningsinstallasjonen samlet &gt; 70 lm\/W (se Metode)<\/span><\/li>\n\n\n\n<li><span style=\"font-size: clamp(1rem, 0.9107rem + 0.2857vw, 1.125rem);, sans-serif\">automatisk regulering (se Metode) for \u00e5 unng\u00e5 drift p\u00e5 dagtid<\/span><\/li>\n\n\n\n<li><dfn aria-describedby=\"desc-1746521233889-t5yqlh3qi\" data-definition=\"Tilstedev\u00e6relsessensor\">tilstedev\u00e6relsessensor <\/dfn>i <dfn aria-describedby=\"desc-1746521247601-bgayadoe9\" data-definition=\"Omr\u00e5der med periodevis gangtrafikk\">omr\u00e5der med periodevis gangtrafikk<\/dfn><\/li>\n<\/ol>\n<\/li>\n<\/ol>\n\n\n\n<p><\/p>\n","protected":false},"excerpt":{"rendered":"<p>Ingen utend\u00f8rs belysning ELLER Utend\u00f8rs belysning<\/p>\n","protected":false},"author":5,"featured_media":0,"parent":4314,"menu_order":0,"comment_status":"closed","ping_status":"closed","template":"","meta":{"_acf_changed":false,"footnotes":""},"categories":[1],"connection":[291],"class_list":["post-5216","page","type-page","status-publish","hentry","category-kriterier","connection-3-3-1"],"acf":[],"yoast_head":"<!-- This site is optimized with the Yoast SEO plugin v25.4 - https:\/\/yoast.com\/wordpress\/plugins\/seo\/ -->\n<title>Utend\u00f8rs belysning - BREEAM-NOR<\/title>\n<meta name=\"robots\" content=\"index, follow, max-snippet:-1, max-image-preview:large, max-video-preview:-1\" \/>\n<link rel=\"canonical\" href=\"http:\/\/breeam-nor.byggalliansen.no\/v6\/kategorier-og-emner\/energi\/ene-03-utebelysning\/utendors-belysning\/\" \/>\n<meta property=\"og:locale\" content=\"nb_NO\" \/>\n<meta property=\"og:type\" content=\"article\" \/>\n<meta property=\"og:title\" content=\"Utend\u00f8rs belysning - BREEAM-NOR\" \/>\n<meta property=\"og:description\" content=\"Ingen utend\u00f8rs belysning ELLER Utend\u00f8rs belysning\" \/>\n<meta property=\"og:url\" content=\"http:\/\/breeam-nor.byggalliansen.no\/v6\/kategorier-og-emner\/energi\/ene-03-utebelysning\/utendors-belysning\/\" \/>\n<meta property=\"og:site_name\" content=\"BREEAM-NOR\" \/>\n<meta property=\"article:modified_time\" content=\"2025-06-06T08:01:14+00:00\" \/>\n<meta name=\"twitter:card\" content=\"summary_large_image\" \/>\n<meta name=\"twitter:label1\" content=\"Ansl. lesetid\" \/>\n\t<meta name=\"twitter:data1\" content=\"1 minutt\" \/>\n<script type=\"application\/ld+json\" class=\"yoast-schema-graph\">{\"@context\":\"https:\/\/schema.org\",\"@graph\":[{\"@type\":\"WebPage\",\"@id\":\"http:\/\/breeam-nor.byggalliansen.no\/v6\/kategorier-og-emner\/energi\/ene-03-utebelysning\/utendors-belysning\/\",\"url\":\"http:\/\/breeam-nor.byggalliansen.no\/v6\/kategorier-og-emner\/energi\/ene-03-utebelysning\/utendors-belysning\/\",\"name\":\"Utend\u00f8rs belysning - BREEAM-NOR\",\"isPartOf\":{\"@id\":\"https:\/\/breeam-nor.byggalliansen.no\/v6\/#website\"},\"datePublished\":\"2025-05-06T08:47:44+00:00\",\"dateModified\":\"2025-06-06T08:01:14+00:00\",\"breadcrumb\":{\"@id\":\"http:\/\/breeam-nor.byggalliansen.no\/v6\/kategorier-og-emner\/energi\/ene-03-utebelysning\/utendors-belysning\/#breadcrumb\"},\"inLanguage\":\"nb-NO\",\"potentialAction\":[{\"@type\":\"ReadAction\",\"target\":[\"http:\/\/breeam-nor.byggalliansen.no\/v6\/kategorier-og-emner\/energi\/ene-03-utebelysning\/utendors-belysning\/\"]}]},{\"@type\":\"BreadcrumbList\",\"@id\":\"http:\/\/breeam-nor.byggalliansen.no\/v6\/kategorier-og-emner\/energi\/ene-03-utebelysning\/utendors-belysning\/#breadcrumb\",\"itemListElement\":[{\"@type\":\"ListItem\",\"position\":1,\"name\":\"BREEAM-NOR\",\"item\":\"http:\/\/breeam-nor.byggalliansen.no\/v6\/\"},{\"@type\":\"ListItem\",\"position\":2,\"name\":\"Kategorier og emner\",\"item\":\"https:\/\/breeam-nor.byggalliansen.no\/v6\/kategorier-og-emner\/\"},{\"@type\":\"ListItem\",\"position\":3,\"name\":\"Energi\",\"item\":\"https:\/\/breeam-nor.byggalliansen.no\/v6\/kategorier-og-emner\/energi\/\"},{\"@type\":\"ListItem\",\"position\":4,\"name\":\"Ene 03 Utebelysning\",\"item\":\"http:\/\/breeam-nor.byggalliansen.no\/v6\/kategorier-og-emner\/energi\/ene-03-utebelysning\/\"},{\"@type\":\"ListItem\",\"position\":5,\"name\":\"Utend\u00f8rs belysning\"}]},{\"@type\":\"WebSite\",\"@id\":\"https:\/\/breeam-nor.byggalliansen.no\/v6\/#website\",\"url\":\"https:\/\/breeam-nor.byggalliansen.no\/v6\/\",\"name\":\"BREEAM-NOR\",\"description\":\"Versjon 6.1.1, 2024\",\"potentialAction\":[{\"@type\":\"SearchAction\",\"target\":{\"@type\":\"EntryPoint\",\"urlTemplate\":\"https:\/\/breeam-nor.byggalliansen.no\/v6\/?s={search_term_string}\"},\"query-input\":{\"@type\":\"PropertyValueSpecification\",\"valueRequired\":true,\"valueName\":\"search_term_string\"}}],\"inLanguage\":\"nb-NO\"}]}<\/script>\n<!-- \/ Yoast SEO plugin. -->","yoast_head_json":{"title":"Utend\u00f8rs belysning - BREEAM-NOR","robots":{"index":"index","follow":"follow","max-snippet":"max-snippet:-1","max-image-preview":"max-image-preview:large","max-video-preview":"max-video-preview:-1"},"canonical":"http:\/\/breeam-nor.byggalliansen.no\/v6\/kategorier-og-emner\/energi\/ene-03-utebelysning\/utendors-belysning\/","og_locale":"nb_NO","og_type":"article","og_title":"Utend\u00f8rs belysning - BREEAM-NOR","og_description":"Ingen utend\u00f8rs belysning ELLER Utend\u00f8rs belysning","og_url":"http:\/\/breeam-nor.byggalliansen.no\/v6\/kategorier-og-emner\/energi\/ene-03-utebelysning\/utendors-belysning\/","og_site_name":"BREEAM-NOR","article_modified_time":"2025-06-06T08:01:14+00:00","twitter_card":"summary_large_image","twitter_misc":{"Ansl. lesetid":"1 minutt"},"schema":{"@context":"https:\/\/schema.org","@graph":[{"@type":"WebPage","@id":"http:\/\/breeam-nor.byggalliansen.no\/v6\/kategorier-og-emner\/energi\/ene-03-utebelysning\/utendors-belysning\/","url":"http:\/\/breeam-nor.byggalliansen.no\/v6\/kategorier-og-emner\/energi\/ene-03-utebelysning\/utendors-belysning\/","name":"Utend\u00f8rs belysning - BREEAM-NOR","isPartOf":{"@id":"https:\/\/breeam-nor.byggalliansen.no\/v6\/#website"},"datePublished":"2025-05-06T08:47:44+00:00","dateModified":"2025-06-06T08:01:14+00:00","breadcrumb":{"@id":"http:\/\/breeam-nor.byggalliansen.no\/v6\/kategorier-og-emner\/energi\/ene-03-utebelysning\/utendors-belysning\/#breadcrumb"},"inLanguage":"nb-NO","potentialAction":[{"@type":"ReadAction","target":["http:\/\/breeam-nor.byggalliansen.no\/v6\/kategorier-og-emner\/energi\/ene-03-utebelysning\/utendors-belysning\/"]}]},{"@type":"BreadcrumbList","@id":"http:\/\/breeam-nor.byggalliansen.no\/v6\/kategorier-og-emner\/energi\/ene-03-utebelysning\/utendors-belysning\/#breadcrumb","itemListElement":[{"@type":"ListItem","position":1,"name":"BREEAM-NOR","item":"http:\/\/breeam-nor.byggalliansen.no\/v6\/"},{"@type":"ListItem","position":2,"name":"Kategorier og emner","item":"https:\/\/breeam-nor.byggalliansen.no\/v6\/kategorier-og-emner\/"},{"@type":"ListItem","position":3,"name":"Energi","item":"https:\/\/breeam-nor.byggalliansen.no\/v6\/kategorier-og-emner\/energi\/"},{"@type":"ListItem","position":4,"name":"Ene 03 Utebelysning","item":"http:\/\/breeam-nor.byggalliansen.no\/v6\/kategorier-og-emner\/energi\/ene-03-utebelysning\/"},{"@type":"ListItem","position":5,"name":"Utend\u00f8rs belysning"}]},{"@type":"WebSite","@id":"https:\/\/breeam-nor.byggalliansen.no\/v6\/#website","url":"https:\/\/breeam-nor.byggalliansen.no\/v6\/","name":"BREEAM-NOR","description":"Versjon 6.1.1, 2024","potentialAction":[{"@type":"SearchAction","target":{"@type":"EntryPoint","urlTemplate":"https:\/\/breeam-nor.byggalliansen.no\/v6\/?s={search_term_string}"},"query-input":{"@type":"PropertyValueSpecification","valueRequired":true,"valueName":"search_term_string"}}],"inLanguage":"nb-NO"}]}},"_links":{"self":[{"href":"http:\/\/breeam-nor.byggalliansen.no\/v6\/wp-json\/wp\/v2\/pages\/5216","targetHints":{"allow":["GET"]}}],"collection":[{"href":"http:\/\/breeam-nor.byggalliansen.no\/v6\/wp-json\/wp\/v2\/pages"}],"about":[{"href":"http:\/\/breeam-nor.byggalliansen.no\/v6\/wp-json\/wp\/v2\/types\/page"}],"author":[{"embeddable":true,"href":"http:\/\/breeam-nor.byggalliansen.no\/v6\/wp-json\/wp\/v2\/users\/5"}],"replies":[{"embeddable":true,"href":"http:\/\/breeam-nor.byggalliansen.no\/v6\/wp-json\/wp\/v2\/comments?post=5216"}],"version-history":[{"count":2,"href":"http:\/\/breeam-nor.byggalliansen.no\/v6\/wp-json\/wp\/v2\/pages\/5216\/revisions"}],"predecessor-version":[{"id":5234,"href":"http:\/\/breeam-nor.byggalliansen.no\/v6\/wp-json\/wp\/v2\/pages\/5216\/revisions\/5234"}],"up":[{"embeddable":true,"href":"http:\/\/breeam-nor.byggalliansen.no\/v6\/wp-json\/wp\/v2\/pages\/4314"}],"wp:attachment":[{"href":"http:\/\/breeam-nor.byggalliansen.no\/v6\/wp-json\/wp\/v2\/media?parent=5216"}],"wp:term":[{"taxonomy":"category","embeddable":true,"href":"http:\/\/breeam-nor.byggalliansen.no\/v6\/wp-json\/wp\/v2\/categories?post=5216"},{"taxonomy":"connection","embeddable":true,"href":"http:\/\/breeam-nor.byggalliansen.no\/v6\/wp-json\/wp\/v2\/connection?post=5216"}],"curies":[{"name":"wp","href":"https:\/\/api.w.org\/{rel}","templated":true}]}}