{"id":5406,"date":"2025-05-12T06:35:48","date_gmt":"2025-05-12T06:35:48","guid":{"rendered":"https:\/\/breeam-nor.byggalliansen.no\/v6\/?page_id=5406"},"modified":"2025-05-15T14:01:38","modified_gmt":"2025-05-15T14:01:38","slug":"avfallssortering-ombruk-og-materialgjenvinning","status":"publish","type":"page","link":"http:\/\/breeam-nor.byggalliansen.no\/v6\/kategorier-og-emner\/avfall\/wst-01-ressurshandtering-pa-byggeplass\/avfallssortering-ombruk-og-materialgjenvinning\/","title":{"rendered":"Avfallssortering, ombruk og materialgjenvinning"},"content":{"rendered":"\n<ol start=\"4\" class=\"wp-block-list\">\n<li>En vektprosent av byggavfallet, og riveavfall dersom relevant, sorteres i separate avfallsgrupper p\u00e5 utbyggingsomr\u00e5det, i henhold til avfallsstr\u00f8mmene som genereres i prosjektet og er klargjort for <dfn aria-describedby=\"desc-1747315433310-1ehpguf9k\" data-definition=\"Ombruk\">ombruk<\/dfn> eller <dfn aria-describedby=\"desc-1747315418815-jb1x262ux\" data-definition=\"Materialgjenvinning\">materialgjenvinning<\/dfn>. Poengtildelingen vises i Tabell Wst 01-02 (se Metode).&nbsp;<\/li>\n<\/ol>\n\n\n\n<h5 class=\"wp-block-heading\">Tabell Wst 01-02 Poengtildeling for andel sortert og klargjort for ombruk eller materialgjenvinning, basert p\u00e5 vektprosent&nbsp;<\/h5>\n\n\n\n<figure class=\"wp-block-table is-style-core-borders\"><table class=\"has-fixed-layout\"><tbody><tr><td><strong>Poeng<\/strong>&nbsp;<\/td><td><strong>Andel sortert<\/strong>&nbsp;<\/td><td><strong>Andel klargjort for ombruk eller materialgjenvinning<\/strong>&nbsp;<\/td><\/tr><tr><td>Minstekrav&nbsp;Ingen poeng&nbsp;<\/td><td>75 %&nbsp;<\/td><td>&#8211;&nbsp;<\/td><\/tr><tr><td>1&nbsp;<\/td><td>85 %&nbsp;<\/td><td>50 %&nbsp;<\/td><\/tr><tr><td>2&nbsp;<\/td><td>90 %&nbsp;<\/td><td>70 %&nbsp;<\/td><\/tr><\/tbody><\/table><\/figure>\n\n\n\n<p><\/p>\n","protected":false},"excerpt":{"rendered":"<p>Tabell Wst 01-02 Poengtildeling for andel sortert og klargjort for ombruk eller materialgjenvinning, basert p\u00e5 vektprosent&nbsp; Poeng&nbsp; Andel sortert&nbsp; Andel klargjort for ombruk eller materialgjenvinning&nbsp; Minstekrav&nbsp;Ingen poeng&nbsp; 75 %&nbsp; &#8211;&nbsp; 1&nbsp; 85 %&nbsp; 50 %&nbsp; 2&nbsp; 90 %&nbsp; 70 %&nbsp;<\/p>\n","protected":false},"author":6,"featured_media":0,"parent":4751,"menu_order":2,"comment_status":"closed","ping_status":"closed","template":"","meta":{"_acf_changed":false,"footnotes":""},"categories":[],"connection":[69],"class_list":["post-5406","page","type-page","status-publish","hentry","connection-7-1-3"],"acf":[],"yoast_head":"<!-- This site is optimized with the Yoast SEO plugin v25.4 - https:\/\/yoast.com\/wordpress\/plugins\/seo\/ -->\n<title>Avfallssortering, ombruk og materialgjenvinning - BREEAM-NOR<\/title>\n<meta name=\"robots\" content=\"index, follow, max-snippet:-1, max-image-preview:large, max-video-preview:-1\" \/>\n<link rel=\"canonical\" href=\"http:\/\/breeam-nor.byggalliansen.no\/v6\/kategorier-og-emner\/avfall\/wst-01-ressurshandtering-pa-byggeplass\/avfallssortering-ombruk-og-materialgjenvinning\/\" \/>\n<meta property=\"og:locale\" content=\"nb_NO\" \/>\n<meta property=\"og:type\" content=\"article\" \/>\n<meta property=\"og:title\" content=\"Avfallssortering, ombruk og materialgjenvinning - BREEAM-NOR\" \/>\n<meta property=\"og:description\" content=\"Tabell Wst 01-02 Poengtildeling for andel sortert og klargjort for ombruk eller materialgjenvinning, basert p\u00e5 vektprosent&nbsp; Poeng&nbsp; Andel sortert&nbsp; Andel klargjort for ombruk eller materialgjenvinning&nbsp; Minstekrav&nbsp;Ingen poeng&nbsp; 75 %&nbsp; &#8211;&nbsp; 1&nbsp; 85 %&nbsp; 50 %&nbsp; 2&nbsp; 90 %&nbsp; 70 %&nbsp;\" \/>\n<meta property=\"og:url\" content=\"http:\/\/breeam-nor.byggalliansen.no\/v6\/kategorier-og-emner\/avfall\/wst-01-ressurshandtering-pa-byggeplass\/avfallssortering-ombruk-og-materialgjenvinning\/\" \/>\n<meta property=\"og:site_name\" content=\"BREEAM-NOR\" \/>\n<meta property=\"article:modified_time\" content=\"2025-05-15T14:01:38+00:00\" \/>\n<meta name=\"twitter:card\" content=\"summary_large_image\" \/>\n<meta name=\"twitter:label1\" content=\"Ansl. lesetid\" \/>\n\t<meta name=\"twitter:data1\" content=\"1 minutt\" \/>\n<script type=\"application\/ld+json\" class=\"yoast-schema-graph\">{\"@context\":\"https:\/\/schema.org\",\"@graph\":[{\"@type\":\"WebPage\",\"@id\":\"http:\/\/breeam-nor.byggalliansen.no\/v6\/kategorier-og-emner\/avfall\/wst-01-ressurshandtering-pa-byggeplass\/avfallssortering-ombruk-og-materialgjenvinning\/\",\"url\":\"http:\/\/breeam-nor.byggalliansen.no\/v6\/kategorier-og-emner\/avfall\/wst-01-ressurshandtering-pa-byggeplass\/avfallssortering-ombruk-og-materialgjenvinning\/\",\"name\":\"Avfallssortering, ombruk og materialgjenvinning - BREEAM-NOR\",\"isPartOf\":{\"@id\":\"https:\/\/breeam-nor.byggalliansen.no\/v6\/#website\"},\"datePublished\":\"2025-05-12T06:35:48+00:00\",\"dateModified\":\"2025-05-15T14:01:38+00:00\",\"breadcrumb\":{\"@id\":\"http:\/\/breeam-nor.byggalliansen.no\/v6\/kategorier-og-emner\/avfall\/wst-01-ressurshandtering-pa-byggeplass\/avfallssortering-ombruk-og-materialgjenvinning\/#breadcrumb\"},\"inLanguage\":\"nb-NO\",\"potentialAction\":[{\"@type\":\"ReadAction\",\"target\":[\"http:\/\/breeam-nor.byggalliansen.no\/v6\/kategorier-og-emner\/avfall\/wst-01-ressurshandtering-pa-byggeplass\/avfallssortering-ombruk-og-materialgjenvinning\/\"]}]},{\"@type\":\"BreadcrumbList\",\"@id\":\"http:\/\/breeam-nor.byggalliansen.no\/v6\/kategorier-og-emner\/avfall\/wst-01-ressurshandtering-pa-byggeplass\/avfallssortering-ombruk-og-materialgjenvinning\/#breadcrumb\",\"itemListElement\":[{\"@type\":\"ListItem\",\"position\":1,\"name\":\"BREEAM-NOR\",\"item\":\"http:\/\/breeam-nor.byggalliansen.no\/v6\/\"},{\"@type\":\"ListItem\",\"position\":2,\"name\":\"Kategorier og emner\",\"item\":\"http:\/\/breeam-nor.byggalliansen.no\/v6\/kategorier-og-emner\/\"},{\"@type\":\"ListItem\",\"position\":3,\"name\":\"Avfall\",\"item\":\"http:\/\/breeam-nor.byggalliansen.no\/v6\/kategorier-og-emner\/avfall\/\"},{\"@type\":\"ListItem\",\"position\":4,\"name\":\"Wst 01 Ressursh\u00e5ndtering p\u00e5 byggeplass\",\"item\":\"http:\/\/breeam-nor.byggalliansen.no\/v6\/kategorier-og-emner\/avfall\/wst-01-ressurshandtering-pa-byggeplass\/\"},{\"@type\":\"ListItem\",\"position\":5,\"name\":\"Avfallssortering, ombruk og materialgjenvinning\"}]},{\"@type\":\"WebSite\",\"@id\":\"https:\/\/breeam-nor.byggalliansen.no\/v6\/#website\",\"url\":\"https:\/\/breeam-nor.byggalliansen.no\/v6\/\",\"name\":\"BREEAM-NOR\",\"description\":\"Versjon 6.1.1, 2024\",\"potentialAction\":[{\"@type\":\"SearchAction\",\"target\":{\"@type\":\"EntryPoint\",\"urlTemplate\":\"https:\/\/breeam-nor.byggalliansen.no\/v6\/?s={search_term_string}\"},\"query-input\":{\"@type\":\"PropertyValueSpecification\",\"valueRequired\":true,\"valueName\":\"search_term_string\"}}],\"inLanguage\":\"nb-NO\"}]}<\/script>\n<!-- \/ Yoast SEO plugin. -->","yoast_head_json":{"title":"Avfallssortering, ombruk og materialgjenvinning - BREEAM-NOR","robots":{"index":"index","follow":"follow","max-snippet":"max-snippet:-1","max-image-preview":"max-image-preview:large","max-video-preview":"max-video-preview:-1"},"canonical":"http:\/\/breeam-nor.byggalliansen.no\/v6\/kategorier-og-emner\/avfall\/wst-01-ressurshandtering-pa-byggeplass\/avfallssortering-ombruk-og-materialgjenvinning\/","og_locale":"nb_NO","og_type":"article","og_title":"Avfallssortering, ombruk og materialgjenvinning - BREEAM-NOR","og_description":"Tabell Wst 01-02 Poengtildeling for andel sortert og klargjort for ombruk eller materialgjenvinning, basert p\u00e5 vektprosent&nbsp; Poeng&nbsp; Andel sortert&nbsp; Andel klargjort for ombruk eller materialgjenvinning&nbsp; Minstekrav&nbsp;Ingen poeng&nbsp; 75 %&nbsp; &#8211;&nbsp; 1&nbsp; 85 %&nbsp; 50 %&nbsp; 2&nbsp; 90 %&nbsp; 70 %&nbsp;","og_url":"http:\/\/breeam-nor.byggalliansen.no\/v6\/kategorier-og-emner\/avfall\/wst-01-ressurshandtering-pa-byggeplass\/avfallssortering-ombruk-og-materialgjenvinning\/","og_site_name":"BREEAM-NOR","article_modified_time":"2025-05-15T14:01:38+00:00","twitter_card":"summary_large_image","twitter_misc":{"Ansl. lesetid":"1 minutt"},"schema":{"@context":"https:\/\/schema.org","@graph":[{"@type":"WebPage","@id":"http:\/\/breeam-nor.byggalliansen.no\/v6\/kategorier-og-emner\/avfall\/wst-01-ressurshandtering-pa-byggeplass\/avfallssortering-ombruk-og-materialgjenvinning\/","url":"http:\/\/breeam-nor.byggalliansen.no\/v6\/kategorier-og-emner\/avfall\/wst-01-ressurshandtering-pa-byggeplass\/avfallssortering-ombruk-og-materialgjenvinning\/","name":"Avfallssortering, ombruk og materialgjenvinning - BREEAM-NOR","isPartOf":{"@id":"https:\/\/breeam-nor.byggalliansen.no\/v6\/#website"},"datePublished":"2025-05-12T06:35:48+00:00","dateModified":"2025-05-15T14:01:38+00:00","breadcrumb":{"@id":"http:\/\/breeam-nor.byggalliansen.no\/v6\/kategorier-og-emner\/avfall\/wst-01-ressurshandtering-pa-byggeplass\/avfallssortering-ombruk-og-materialgjenvinning\/#breadcrumb"},"inLanguage":"nb-NO","potentialAction":[{"@type":"ReadAction","target":["http:\/\/breeam-nor.byggalliansen.no\/v6\/kategorier-og-emner\/avfall\/wst-01-ressurshandtering-pa-byggeplass\/avfallssortering-ombruk-og-materialgjenvinning\/"]}]},{"@type":"BreadcrumbList","@id":"http:\/\/breeam-nor.byggalliansen.no\/v6\/kategorier-og-emner\/avfall\/wst-01-ressurshandtering-pa-byggeplass\/avfallssortering-ombruk-og-materialgjenvinning\/#breadcrumb","itemListElement":[{"@type":"ListItem","position":1,"name":"BREEAM-NOR","item":"http:\/\/breeam-nor.byggalliansen.no\/v6\/"},{"@type":"ListItem","position":2,"name":"Kategorier og emner","item":"http:\/\/breeam-nor.byggalliansen.no\/v6\/kategorier-og-emner\/"},{"@type":"ListItem","position":3,"name":"Avfall","item":"http:\/\/breeam-nor.byggalliansen.no\/v6\/kategorier-og-emner\/avfall\/"},{"@type":"ListItem","position":4,"name":"Wst 01 Ressursh\u00e5ndtering p\u00e5 byggeplass","item":"http:\/\/breeam-nor.byggalliansen.no\/v6\/kategorier-og-emner\/avfall\/wst-01-ressurshandtering-pa-byggeplass\/"},{"@type":"ListItem","position":5,"name":"Avfallssortering, ombruk og materialgjenvinning"}]},{"@type":"WebSite","@id":"https:\/\/breeam-nor.byggalliansen.no\/v6\/#website","url":"https:\/\/breeam-nor.byggalliansen.no\/v6\/","name":"BREEAM-NOR","description":"Versjon 6.1.1, 2024","potentialAction":[{"@type":"SearchAction","target":{"@type":"EntryPoint","urlTemplate":"https:\/\/breeam-nor.byggalliansen.no\/v6\/?s={search_term_string}"},"query-input":{"@type":"PropertyValueSpecification","valueRequired":true,"valueName":"search_term_string"}}],"inLanguage":"nb-NO"}]}},"_links":{"self":[{"href":"http:\/\/breeam-nor.byggalliansen.no\/v6\/wp-json\/wp\/v2\/pages\/5406","targetHints":{"allow":["GET"]}}],"collection":[{"href":"http:\/\/breeam-nor.byggalliansen.no\/v6\/wp-json\/wp\/v2\/pages"}],"about":[{"href":"http:\/\/breeam-nor.byggalliansen.no\/v6\/wp-json\/wp\/v2\/types\/page"}],"author":[{"embeddable":true,"href":"http:\/\/breeam-nor.byggalliansen.no\/v6\/wp-json\/wp\/v2\/users\/6"}],"replies":[{"embeddable":true,"href":"http:\/\/breeam-nor.byggalliansen.no\/v6\/wp-json\/wp\/v2\/comments?post=5406"}],"version-history":[{"count":3,"href":"http:\/\/breeam-nor.byggalliansen.no\/v6\/wp-json\/wp\/v2\/pages\/5406\/revisions"}],"predecessor-version":[{"id":5586,"href":"http:\/\/breeam-nor.byggalliansen.no\/v6\/wp-json\/wp\/v2\/pages\/5406\/revisions\/5586"}],"up":[{"embeddable":true,"href":"http:\/\/breeam-nor.byggalliansen.no\/v6\/wp-json\/wp\/v2\/pages\/4751"}],"wp:attachment":[{"href":"http:\/\/breeam-nor.byggalliansen.no\/v6\/wp-json\/wp\/v2\/media?parent=5406"}],"wp:term":[{"taxonomy":"category","embeddable":true,"href":"http:\/\/breeam-nor.byggalliansen.no\/v6\/wp-json\/wp\/v2\/categories?post=5406"},{"taxonomy":"connection","embeddable":true,"href":"http:\/\/breeam-nor.byggalliansen.no\/v6\/wp-json\/wp\/v2\/connection?post=5406"}],"curies":[{"name":"wp","href":"https:\/\/api.w.org\/{rel}","templated":true}]}}