{"id":5412,"date":"2025-05-12T06:57:23","date_gmt":"2025-05-12T06:57:41","guid":{"rendered":"https:\/\/breeam-nor.byggalliansen.no\/v6\/?page_id=5412"},"modified":"2025-07-03T08:02:46","modified_gmt":"2025-07-03T08:02:46","slug":"sortering-av-avfall","status":"publish","type":"page","link":"http:\/\/breeam-nor.byggalliansen.no\/v6\/kategorier-og-emner\/avfall\/wst-03b-avfall-i-driftsfase\/sortering-av-avfall\/","title":{"rendered":"Sortering av avfall"},"content":{"rendered":"\n<ol start=\"1\" class=\"wp-block-list\">\n<li>Det er etablert systemer for \u00e5 sikre god h\u00e5ndtering av b\u00e5de gjenvinnbart og ikke-gjenvinnbart eller ikke komposterbart husholdningsavfall (se Metode). Systemene m\u00e5 v\u00e6re i henhold til ett av alternativene nedenfor.\u00a0<br><br>Alternativ 1: Dersom avfallet oppbevares lokalt p\u00e5 eiendommen f\u00f8r avhenting, m\u00e5 det v\u00e6re satt av tilstrekkelig plass til avfallsh\u00e5ndtering p\u00e5 eiendommen. Omr\u00e5det m\u00e5\u00a0\n<ol style=\"list-style-type:lower-alpha\" class=\"wp-block-list\">\n<li>ha plass til beholdere med&nbsp;\n<ol style=\"list-style-type:lower-roman\" class=\"wp-block-list\">\n<li>minst det volumet som relevant lokale myndigheter anbefaler, ELLER&nbsp;<\/li>\n\n\n\n<li>dersom det ikke foreligger anbefalinger fra lokale myndigheter, 100 l volum for boliger med ett soverom og ytterligere 70 l for hvert ytterligere soverom<\/li>\n<\/ol>\n<\/li>\n\n\n\n<li>ha et jevnt, hardt underlag (tett dekke)\u00a0<\/li>\n\n\n\n<li>v\u00e6re tilgjengelig for byggets beboere\u00a0<br><br>Alternativ 2: Avfallet transporteres direkte fra bygningen til et sentralt anlegg uten mellomlagring, f.eks. med avfalls-suganlegg. Omr\u00e5det for levering av avfall m\u00e5 v\u00e6re tilgjengelig for bygningens beboere, og systemet m\u00e5 overholde krav til sortering osv. som angitt under metode.\u00a0<br><\/li>\n<\/ol>\n<\/li>\n\n\n\n<li>Det er satt av tilstrekkelig innvendig plass og avfallsbeholdere i boenhetene til lagring av gjenvinnbart husholdningsavfall (se Metode):\u00a0\n<ol style=\"list-style-type:lower-alpha\" class=\"wp-block-list\">\n<li>Det finnes minst tre beholdere for lagring av gjenvinnbart husholdningsavfall med:\u00a0\n<ol style=\"list-style-type:lower-roman\" class=\"wp-block-list\">\n<li>samlet kapasitet p\u00e5 minst 30 liter\u00a0<\/li>\n<\/ol>\n<\/li>\n\n\n\n<li>hver enkelt beholder rommer minst 7 liter. De innvendige gjenvinningsbeholderne skal plasseres i en egnet, uhindret posisjon. Frittst\u00e5ende beholdere for gjenvinning som er plassert direkte p\u00e5 gulvet eller i et skap, oppfyller ikke kravene. Beholderne kan plasseres p\u00e5 kj\u00f8kkenet n\u00e6r beholderen for ikke-gjenvinnbart avfall eller i n\u00e6rheten av kj\u00f8kkenet (dvs. mindre enn 10 m unna), f.eks. i et vaskerom eller tilknyttet bodomr\u00e5de\/garasje.\u00a0<\/li>\n\n\n\n<li>En av beholderne m\u00e5 v\u00e6re egnet til v\u00e5torganisk husholdningsavfall (matavfall).\u00a0\u00a0<\/li>\n\n\n\n<li>Bygningens beboere har tilgang til skriftlig informasjon om avfallssortering iht. retningslinjene hos den lokale renovasjonsakt\u00f8ren. Se Metode.\u00a0<\/li>\n<\/ol>\n<\/li>\n<\/ol>\n\n\n\n<ol style=\"list-style-type:lower-roman\" class=\"wp-block-list\"><\/ol>\n\n\n\n<ol style=\"list-style-type:lower-alpha\" class=\"wp-block-list\"><\/ol>\n\n\n\n<ol start=\"2\" style=\"list-style-type:lower-alpha\" class=\"wp-block-list\"><\/ol>\n\n\n\n<p><\/p>\n","protected":false},"excerpt":{"rendered":"","protected":false},"author":6,"featured_media":0,"parent":4753,"menu_order":0,"comment_status":"closed","ping_status":"closed","template":"","meta":{"_acf_changed":false,"footnotes":""},"categories":[31],"connection":[85],"class_list":["post-5412","page","type-page","status-publish","hentry","category-minstekrav","connection-7-3-1"],"acf":[],"yoast_head":"<!-- This site is optimized with the Yoast SEO plugin v25.4 - https:\/\/yoast.com\/wordpress\/plugins\/seo\/ -->\n<title>Sortering av avfall - BREEAM-NOR<\/title>\n<meta name=\"robots\" content=\"index, follow, max-snippet:-1, max-image-preview:large, max-video-preview:-1\" \/>\n<link rel=\"canonical\" href=\"https:\/\/breeam-nor.byggalliansen.no\/v6\/kategorier-og-emner\/avfall\/wst-03b-avfall-i-driftsfase\/sortering-av-avfall\/\" \/>\n<meta property=\"og:locale\" content=\"nb_NO\" \/>\n<meta property=\"og:type\" content=\"article\" \/>\n<meta property=\"og:title\" content=\"Sortering av avfall - BREEAM-NOR\" \/>\n<meta property=\"og:url\" content=\"https:\/\/breeam-nor.byggalliansen.no\/v6\/kategorier-og-emner\/avfall\/wst-03b-avfall-i-driftsfase\/sortering-av-avfall\/\" \/>\n<meta property=\"og:site_name\" content=\"BREEAM-NOR\" \/>\n<meta property=\"article:modified_time\" content=\"2025-07-03T08:02:46+00:00\" \/>\n<meta name=\"twitter:card\" content=\"summary_large_image\" \/>\n<meta name=\"twitter:label1\" content=\"Ansl. lesetid\" \/>\n\t<meta name=\"twitter:data1\" content=\"2 minutter\" \/>\n<script type=\"application\/ld+json\" class=\"yoast-schema-graph\">{\"@context\":\"https:\/\/schema.org\",\"@graph\":[{\"@type\":\"WebPage\",\"@id\":\"https:\/\/breeam-nor.byggalliansen.no\/v6\/kategorier-og-emner\/avfall\/wst-03b-avfall-i-driftsfase\/sortering-av-avfall\/\",\"url\":\"https:\/\/breeam-nor.byggalliansen.no\/v6\/kategorier-og-emner\/avfall\/wst-03b-avfall-i-driftsfase\/sortering-av-avfall\/\",\"name\":\"Sortering av avfall - BREEAM-NOR\",\"isPartOf\":{\"@id\":\"https:\/\/breeam-nor.byggalliansen.no\/v6\/#website\"},\"datePublished\":\"2025-05-12T06:57:41+00:00\",\"dateModified\":\"2025-07-03T08:02:46+00:00\",\"breadcrumb\":{\"@id\":\"https:\/\/breeam-nor.byggalliansen.no\/v6\/kategorier-og-emner\/avfall\/wst-03b-avfall-i-driftsfase\/sortering-av-avfall\/#breadcrumb\"},\"inLanguage\":\"nb-NO\",\"potentialAction\":[{\"@type\":\"ReadAction\",\"target\":[\"https:\/\/breeam-nor.byggalliansen.no\/v6\/kategorier-og-emner\/avfall\/wst-03b-avfall-i-driftsfase\/sortering-av-avfall\/\"]}]},{\"@type\":\"BreadcrumbList\",\"@id\":\"https:\/\/breeam-nor.byggalliansen.no\/v6\/kategorier-og-emner\/avfall\/wst-03b-avfall-i-driftsfase\/sortering-av-avfall\/#breadcrumb\",\"itemListElement\":[{\"@type\":\"ListItem\",\"position\":1,\"name\":\"BREEAM-NOR\",\"item\":\"http:\/\/breeam-nor.byggalliansen.no\/v6\/\"},{\"@type\":\"ListItem\",\"position\":2,\"name\":\"Kategorier og emner\",\"item\":\"http:\/\/breeam-nor.byggalliansen.no\/v6\/kategorier-og-emner\/\"},{\"@type\":\"ListItem\",\"position\":3,\"name\":\"Avfall\",\"item\":\"http:\/\/breeam-nor.byggalliansen.no\/v6\/kategorier-og-emner\/avfall\/\"},{\"@type\":\"ListItem\",\"position\":4,\"name\":\"Wst 03b Avfall i driftsfase (kun bolig)\",\"item\":\"https:\/\/breeam-nor.byggalliansen.no\/v6\/kategorier-og-emner\/avfall\/wst-03b-avfall-i-driftsfase\/\"},{\"@type\":\"ListItem\",\"position\":5,\"name\":\"Sortering av avfall\"}]},{\"@type\":\"WebSite\",\"@id\":\"https:\/\/breeam-nor.byggalliansen.no\/v6\/#website\",\"url\":\"https:\/\/breeam-nor.byggalliansen.no\/v6\/\",\"name\":\"BREEAM-NOR\",\"description\":\"Versjon 6.1.1, 2024\",\"potentialAction\":[{\"@type\":\"SearchAction\",\"target\":{\"@type\":\"EntryPoint\",\"urlTemplate\":\"https:\/\/breeam-nor.byggalliansen.no\/v6\/?s={search_term_string}\"},\"query-input\":{\"@type\":\"PropertyValueSpecification\",\"valueRequired\":true,\"valueName\":\"search_term_string\"}}],\"inLanguage\":\"nb-NO\"}]}<\/script>\n<!-- \/ Yoast SEO plugin. -->","yoast_head_json":{"title":"Sortering av avfall - BREEAM-NOR","robots":{"index":"index","follow":"follow","max-snippet":"max-snippet:-1","max-image-preview":"max-image-preview:large","max-video-preview":"max-video-preview:-1"},"canonical":"https:\/\/breeam-nor.byggalliansen.no\/v6\/kategorier-og-emner\/avfall\/wst-03b-avfall-i-driftsfase\/sortering-av-avfall\/","og_locale":"nb_NO","og_type":"article","og_title":"Sortering av avfall - BREEAM-NOR","og_url":"https:\/\/breeam-nor.byggalliansen.no\/v6\/kategorier-og-emner\/avfall\/wst-03b-avfall-i-driftsfase\/sortering-av-avfall\/","og_site_name":"BREEAM-NOR","article_modified_time":"2025-07-03T08:02:46+00:00","twitter_card":"summary_large_image","twitter_misc":{"Ansl. lesetid":"2 minutter"},"schema":{"@context":"https:\/\/schema.org","@graph":[{"@type":"WebPage","@id":"https:\/\/breeam-nor.byggalliansen.no\/v6\/kategorier-og-emner\/avfall\/wst-03b-avfall-i-driftsfase\/sortering-av-avfall\/","url":"https:\/\/breeam-nor.byggalliansen.no\/v6\/kategorier-og-emner\/avfall\/wst-03b-avfall-i-driftsfase\/sortering-av-avfall\/","name":"Sortering av avfall - BREEAM-NOR","isPartOf":{"@id":"https:\/\/breeam-nor.byggalliansen.no\/v6\/#website"},"datePublished":"2025-05-12T06:57:41+00:00","dateModified":"2025-07-03T08:02:46+00:00","breadcrumb":{"@id":"https:\/\/breeam-nor.byggalliansen.no\/v6\/kategorier-og-emner\/avfall\/wst-03b-avfall-i-driftsfase\/sortering-av-avfall\/#breadcrumb"},"inLanguage":"nb-NO","potentialAction":[{"@type":"ReadAction","target":["https:\/\/breeam-nor.byggalliansen.no\/v6\/kategorier-og-emner\/avfall\/wst-03b-avfall-i-driftsfase\/sortering-av-avfall\/"]}]},{"@type":"BreadcrumbList","@id":"https:\/\/breeam-nor.byggalliansen.no\/v6\/kategorier-og-emner\/avfall\/wst-03b-avfall-i-driftsfase\/sortering-av-avfall\/#breadcrumb","itemListElement":[{"@type":"ListItem","position":1,"name":"BREEAM-NOR","item":"http:\/\/breeam-nor.byggalliansen.no\/v6\/"},{"@type":"ListItem","position":2,"name":"Kategorier og emner","item":"http:\/\/breeam-nor.byggalliansen.no\/v6\/kategorier-og-emner\/"},{"@type":"ListItem","position":3,"name":"Avfall","item":"http:\/\/breeam-nor.byggalliansen.no\/v6\/kategorier-og-emner\/avfall\/"},{"@type":"ListItem","position":4,"name":"Wst 03b Avfall i driftsfase (kun bolig)","item":"https:\/\/breeam-nor.byggalliansen.no\/v6\/kategorier-og-emner\/avfall\/wst-03b-avfall-i-driftsfase\/"},{"@type":"ListItem","position":5,"name":"Sortering av avfall"}]},{"@type":"WebSite","@id":"https:\/\/breeam-nor.byggalliansen.no\/v6\/#website","url":"https:\/\/breeam-nor.byggalliansen.no\/v6\/","name":"BREEAM-NOR","description":"Versjon 6.1.1, 2024","potentialAction":[{"@type":"SearchAction","target":{"@type":"EntryPoint","urlTemplate":"https:\/\/breeam-nor.byggalliansen.no\/v6\/?s={search_term_string}"},"query-input":{"@type":"PropertyValueSpecification","valueRequired":true,"valueName":"search_term_string"}}],"inLanguage":"nb-NO"}]}},"_links":{"self":[{"href":"http:\/\/breeam-nor.byggalliansen.no\/v6\/wp-json\/wp\/v2\/pages\/5412","targetHints":{"allow":["GET"]}}],"collection":[{"href":"http:\/\/breeam-nor.byggalliansen.no\/v6\/wp-json\/wp\/v2\/pages"}],"about":[{"href":"http:\/\/breeam-nor.byggalliansen.no\/v6\/wp-json\/wp\/v2\/types\/page"}],"author":[{"embeddable":true,"href":"http:\/\/breeam-nor.byggalliansen.no\/v6\/wp-json\/wp\/v2\/users\/6"}],"replies":[{"embeddable":true,"href":"http:\/\/breeam-nor.byggalliansen.no\/v6\/wp-json\/wp\/v2\/comments?post=5412"}],"version-history":[{"count":3,"href":"http:\/\/breeam-nor.byggalliansen.no\/v6\/wp-json\/wp\/v2\/pages\/5412\/revisions"}],"predecessor-version":[{"id":5876,"href":"http:\/\/breeam-nor.byggalliansen.no\/v6\/wp-json\/wp\/v2\/pages\/5412\/revisions\/5876"}],"up":[{"embeddable":true,"href":"http:\/\/breeam-nor.byggalliansen.no\/v6\/wp-json\/wp\/v2\/pages\/4753"}],"wp:attachment":[{"href":"http:\/\/breeam-nor.byggalliansen.no\/v6\/wp-json\/wp\/v2\/media?parent=5412"}],"wp:term":[{"taxonomy":"category","embeddable":true,"href":"http:\/\/breeam-nor.byggalliansen.no\/v6\/wp-json\/wp\/v2\/categories?post=5412"},{"taxonomy":"connection","embeddable":true,"href":"http:\/\/breeam-nor.byggalliansen.no\/v6\/wp-json\/wp\/v2\/connection?post=5412"}],"curies":[{"name":"wp","href":"https:\/\/api.w.org\/{rel}","templated":true}]}}