{"id":2097,"date":"2024-11-25T11:58:26","date_gmt":"2024-11-25T11:58:26","guid":{"rendered":"http:\/\/manualer.byggalliansen.no\/v6\/?page_id=2097"},"modified":"2025-06-10T12:47:26","modified_gmt":"2025-06-10T12:47:26","slug":"om-breeam","status":"publish","type":"page","link":"https:\/\/breeam-nor.byggalliansen.no\/v6\/innledning-2\/om-breeam\/","title":{"rendered":"Om BREEAM"},"content":{"rendered":"\n<h3 class=\"wp-block-heading\">2.3 Hva er BREEAM?<\/h3>\n\n\n\n<p>BREEAM (Building Research Establishment\u2019s Environmental Assessment Method) er en internasjonalt anerkjent metode for \u00e5 m\u00e5le en bygnings b\u00e6rekraftige egenskaper. Siden BREEAM ble lansert i 1990, har over 599 000 bygninger blitt sertifisert etter metoden. Metoden brukes n\u00e5 i mer enn 90 land i hele verden. Samme hvor disse bygningene st\u00e5r oppf\u00f8rt, kan de umiddelbart gjenkjennes p\u00e5 at de har blitt planlagt, prosjektert, oppf\u00f8rt og driftet i samsvar med prinsipper for beste b\u00e6rekraftspraksis.<\/p>\n\n\n\n<p>BREEAM er med p\u00e5 \u00e5 skape bevissthet blant eiere, brukere, prosjekterende og driftsansvarlige rundt fordelene ved \u00e5 se b\u00e6rekraft i et livsl\u00f8psperspektiv. BREEAM bidrar ogs\u00e5 til at de foretar vellykkede og kostnadseffektive l\u00f8sningsvalg og f\u00e5r anerkjennelse i markedet for det de oppn\u00e5r.<\/p>\n\n\n\n<p>Uavhengige, lisensierte revisorer bruker BREEAM til \u00e5 unders\u00f8ke forskningsbaserte kriterier for en rekke emner i kategorier som evaluerer energi- og vannbruk, helse og innemilj\u00f8, forurensning, transport, materialer, avfall, arealbruk, \u00f8kologi og ledelsesprosesser. Bygninger sertifiseres etter en skala med klassifiseringene \u00abPass\u00bb, \u00abGood\u00bb, \u00abVery Good\u00bb, \u00abExcellent\u00bb og \u00abOutstanding\u00bb. Hvordan en BREEAM-klassifisering beregnes, forklares i avsnittet \u00abPoeng og klassifisering for BREEAM-NOR-bygg\u00bb.<\/p>\n\n\n\n<h3 class=\"wp-block-heading\">2.4&nbsp;&nbsp; Fordeler ved \u00e5 bruke BREEAM<\/h3>\n\n\n\n<p>BREEAM utfordrer den oppfatningen mange fortsatt har om at b\u00e6rekraftige bygninger av god kvalitet er vesentlig dyrere \u00e5 prosjektere og oppf\u00f8re enn bygninger som bare oppfyller lovkravene.<\/p>\n\n\n\n<p>Et stadig st\u00f8rre forskningsmateriale viser at b\u00e6rekraftige alternativer inneb\u00e6rer liten eller ingen ekstra investeringskostnad for utbyggingsprosjekter. I de tilfeller der det faktisk p\u00e5l\u00f8per ekstra kostnader, vil de ofte bli tjent inn igjen gjennom lavere driftskostnader og til slutt f\u00f8re til besparelser i l\u00f8pet av bygningens levetid.<\/p>\n\n\n\n<p>\u00d8kt effektivitet og kvalitet forbundet med b\u00e6rekraft bidrar ogs\u00e5 til at disse bygningene er mer kommersielt attraktive. Stadig mer tyder for eksempel p\u00e5 at bygninger med BREEAM-klassifisering gir \u00f8kt avkastning for investorer, s\u00e5 vel som \u00f8kte leieinntekter og salgspriser for utbyggere og eiere.<\/p>\n\n\n\n<p>Forskning viser ogs\u00e5 at b\u00e6rekraftige bygninger har h\u00f8yere verdi og kvalitet. \u00c5 oppn\u00e5 standardene som kreves i henhold til BREEAM, forutsetter omhyggelig planlegging, prosjektering, spesifikasjon og detaljstyring, foruten et godt forhold mellom byggherren og prosjektteamet. \u00c5 bruke BREEAM som et verkt\u00f8y gjennom prosjektet kan ogs\u00e5 fremme innovasjon, potensielt senke kostnadene og skape merverdi ved \u00e5 produsere bedre bygninger og bedre vilk\u00e5r for bygningsbrukerne.<\/p>\n\n\n\n<h3 class=\"wp-block-heading\">2.5&nbsp;&nbsp; BREEAMs m\u00e5lsettinger<\/h3>\n\n\n\n<ul class=\"wp-block-list\">\n<li>\u00c5 redusere milj\u00f8p\u00e5virkningen fra bygninger gjennom livsl\u00f8pet.<\/li>\n\n\n\n<li>\u00c5 gj\u00f8re det mulig \u00e5 anerkjenne bygninger basert p\u00e5 deres milj\u00f8fordeler.<\/li>\n\n\n\n<li>\u00c5 tilby en troverdig milj\u00f8merking for bygninger.<\/li>\n\n\n\n<li>\u00c5 stimulere ettersp\u00f8rselen etter og skape verdi for b\u00e6rekraftige bygninger, bygningsprodukter og i hele leverand\u00f8rkjeden.<\/li>\n<\/ul>\n\n\n\n<h3 class=\"wp-block-heading\">2.6&nbsp;&nbsp; BREEAMs form\u00e5l<\/h3>\n\n\n\n<ul class=\"wp-block-list\">\n<li>\u00c5 gi bygninger med lav milj\u00f8p\u00e5virkning anerkjennelse p\u00e5 markedet.<\/li>\n\n\n\n<li>\u00c5 sikre at beste milj\u00f8praksis brukes i planleggingen, prosjekteringen, oppf\u00f8ringen og driften av bygningen og det bygde milj\u00f8et.<\/li>\n\n\n\n<li>\u00c5 fastsette en robust, kostnadseffektiv ytelsesstandard som overg\u00e5r forskriftskravene.<\/li>\n\n\n\n<li>\u00c5 utfordre markedet til \u00e5 skape innovative, kostnadseffektive l\u00f8sninger som begrenser milj\u00f8p\u00e5virkningen fra bygninger.<\/li>\n\n\n\n<li>\u00c5 bevisstgj\u00f8re eiere, brukere, prosjekterende og driftsansvarlige om fordelene og verdien av bygninger med lavere milj\u00f8p\u00e5virkning gjennom livsl\u00f8pet.<\/li>\n\n\n\n<li>\u00c5 gj\u00f8re det mulig for organisasjoner \u00e5 dokumentere fremskritt med hensyn til sine milj\u00f8m\u00e5l.<\/li>\n\n\n\n<li>BREEAM er utviklet og driftet for \u00e5 oppfylle f\u00f8lgende underliggende prinsipper:<\/li>\n\n\n\n<li>Sikre milj\u00f8kvalitet gjennom et tilgjengelig, helhetlig og balansert m\u00e5l p\u00e5 milj\u00f8p\u00e5virkning<\/li>\n\n\n\n<li>Bestemme milj\u00f8kvalitet ved hjelp av kvantifiserbare m\u00e5l.<\/li>\n\n\n\n<li>Bruke en fleksibel metode som oppfordrer til og bel\u00f8nner positive resultater<\/li>\n\n\n\n<li>Bruke robust forskning og beste praksis til \u00e5 kvantifisere en kostnadseffektiv og robust ytelsesstandard for fastsettelse av milj\u00f8kvalitet.<\/li>\n\n\n\n<li>Gjenspeile de samfunnsmessige og \u00f8konomiske fordelene ved \u00e5 oppfylle milj\u00f8m\u00e5lene.<\/li>\n\n\n\n<li>Utarbeide et felles, internasjonalt rammeverk for sertifisering og klassifisering som er tilpasset lokal kontekst<\/li>\n\n\n\n<li>Ta med fagfolk fra byggebransjen i utviklings- og driftsprosessene for \u00e5 sikre bred forst\u00e5else og tilgjengelighet.<\/li>\n\n\n\n<li>Anvende tredjepartssertifisering for \u00e5 sikre uavhengighet og troverdighet i merkingen.<\/li>\n\n\n\n<li>Ta i bruk eksisterende verkt\u00f8y, praksis og andre standarder for \u00e5 st\u00f8tte opp om politisk og teknologisk utvikling, bygge videre p\u00e5 eksisterende kompetanse og begrense kostnadene.<\/li>\n\n\n\n<li>Legge seg teknisk og driftsmessig p\u00e5 linje med relevante internasjonale standarder, herunder standardene i serien \u00abB\u00e6rekraftige byggverk\u00bb utarbeidet av Den europeiske standardiseringskomiteens tekniske komit\u00e9 CEN\/TC 350.<\/li>\n\n\n\n<li>Samarbeide med et representativt utvalg av interessenter for \u00e5 bidra til l\u00f8pende utvikling i samsvar med de underliggende prinsippene og endringstakten i ytelsesstandarder.<\/li>\n\n\n\n<li>M\u00e5l og prinsipper for BREEAM er nedfelt i en teknisk standard (Core Technical Standard) som BRE Global eier og forvalter. Denne standarden brukes gjennom en serie BREEAM-metoder som dekker en rekke aspekter ved det bygde milj\u00f8ets livsl\u00f8p.<\/li>\n<\/ul>\n\n\n\n<h3 class=\"wp-block-heading\">2.8&nbsp;&nbsp; BREEAM-familien<\/h3>\n\n\n\n<p>BREEAM har g\u00e5tt fra \u00e5 v\u00e6re en enkelt sertifiseringsmetode for britiske enkeltbygg i prosjekteringsfasen til \u00e5 bli en familie av internasjonale metoder for bygg gjennom hele livsl\u00f8pet fra omr\u00e5deplanlegging, til nybygg og videre til bruk og rehabilitering av eksisterende bygninger.<\/p>\n\n\n\n<p>Alle BREEAM-metoder har fellesretningslinjer for et b\u00e6rekraftig bygd milj\u00f8. Retningslinjene er et sett strategiske prinsipper og krav som definerer en integrert metode for \u00e5 prosjektere, forvalte, vurdere og sertifisere det bygde milj\u00f8ets p\u00e5virkning p\u00e5 milj\u00f8et, samfunnet og \u00f8konomien. Retningslinjene s\u00f8rger for at selv om BREEAM fortsatt er en sv\u00e6rt fleksibel metode, deler alle de enkeltst\u00e5ende metodene et robust vitenskapelig og ytelsesbasert grunnlag.<\/p>\n","protected":false},"excerpt":{"rendered":"<p>2.3 Hva er BREEAM? BREEAM (Building Research Establishment\u2019s Environmental Assessment Method) er en internasjonalt anerkjent metode for \u00e5 m\u00e5le en bygnings b\u00e6rekraftige egenskaper. Siden BREEAM ble lansert i 1990, har over 599 000 bygninger blitt sertifisert etter metoden. Metoden brukes n\u00e5 i mer enn 90 land i hele verden. Samme hvor disse bygningene st\u00e5r oppf\u00f8rt, [&hellip;]<\/p>\n","protected":false},"author":5,"featured_media":0,"parent":5739,"menu_order":1,"comment_status":"closed","ping_status":"closed","template":"page-portal-nopoints-simple.php","meta":{"_acf_changed":false,"footnotes":""},"categories":[],"connection":[],"class_list":["post-2097","page","type-page","status-publish","hentry"],"acf":[],"yoast_head":"<!-- This site is optimized with the Yoast SEO plugin v25.4 - https:\/\/yoast.com\/wordpress\/plugins\/seo\/ -->\n<title>Om BREEAM - BREEAM-NOR<\/title>\n<meta name=\"robots\" content=\"index, follow, max-snippet:-1, max-image-preview:large, max-video-preview:-1\" \/>\n<link rel=\"canonical\" href=\"https:\/\/breeam-nor.byggalliansen.no\/v6\/innledning-2\/om-breeam\/\" \/>\n<meta property=\"og:locale\" content=\"nb_NO\" \/>\n<meta property=\"og:type\" content=\"article\" \/>\n<meta property=\"og:title\" content=\"Om BREEAM - BREEAM-NOR\" \/>\n<meta property=\"og:description\" content=\"2.3 Hva er BREEAM? BREEAM (Building Research Establishment\u2019s Environmental Assessment Method) er en internasjonalt anerkjent metode for \u00e5 m\u00e5le en bygnings b\u00e6rekraftige egenskaper. Siden BREEAM ble lansert i 1990, har over 599 000 bygninger blitt sertifisert etter metoden. Metoden brukes n\u00e5 i mer enn 90 land i hele verden. Samme hvor disse bygningene st\u00e5r oppf\u00f8rt, [&hellip;]\" \/>\n<meta property=\"og:url\" content=\"https:\/\/breeam-nor.byggalliansen.no\/v6\/innledning-2\/om-breeam\/\" \/>\n<meta property=\"og:site_name\" content=\"BREEAM-NOR\" \/>\n<meta property=\"article:modified_time\" content=\"2025-06-10T12:47:26+00:00\" \/>\n<meta name=\"twitter:card\" content=\"summary_large_image\" \/>\n<meta name=\"twitter:label1\" content=\"Ansl. lesetid\" \/>\n\t<meta name=\"twitter:data1\" content=\"5 minutter\" \/>\n<script type=\"application\/ld+json\" class=\"yoast-schema-graph\">{\"@context\":\"https:\/\/schema.org\",\"@graph\":[{\"@type\":\"WebPage\",\"@id\":\"https:\/\/breeam-nor.byggalliansen.no\/v6\/innledning-2\/om-breeam\/\",\"url\":\"https:\/\/breeam-nor.byggalliansen.no\/v6\/innledning-2\/om-breeam\/\",\"name\":\"Om BREEAM - BREEAM-NOR\",\"isPartOf\":{\"@id\":\"https:\/\/breeam-nor.byggalliansen.no\/v6\/#website\"},\"datePublished\":\"2024-11-25T11:58:26+00:00\",\"dateModified\":\"2025-06-10T12:47:26+00:00\",\"breadcrumb\":{\"@id\":\"https:\/\/breeam-nor.byggalliansen.no\/v6\/innledning-2\/om-breeam\/#breadcrumb\"},\"inLanguage\":\"nb-NO\",\"potentialAction\":[{\"@type\":\"ReadAction\",\"target\":[\"https:\/\/breeam-nor.byggalliansen.no\/v6\/innledning-2\/om-breeam\/\"]}]},{\"@type\":\"BreadcrumbList\",\"@id\":\"https:\/\/breeam-nor.byggalliansen.no\/v6\/innledning-2\/om-breeam\/#breadcrumb\",\"itemListElement\":[{\"@type\":\"ListItem\",\"position\":1,\"name\":\"BREEAM-NOR\",\"item\":\"https:\/\/breeam-nor.byggalliansen.no\/v6\/\"},{\"@type\":\"ListItem\",\"position\":2,\"name\":\"Innledning\",\"item\":\"http:\/\/breeam-nor.byggalliansen.no\/v6\/innledning-2\/\"},{\"@type\":\"ListItem\",\"position\":3,\"name\":\"Om BREEAM\"}]},{\"@type\":\"WebSite\",\"@id\":\"https:\/\/breeam-nor.byggalliansen.no\/v6\/#website\",\"url\":\"https:\/\/breeam-nor.byggalliansen.no\/v6\/\",\"name\":\"BREEAM-NOR\",\"description\":\"Versjon 6.1.1, 2024\",\"potentialAction\":[{\"@type\":\"SearchAction\",\"target\":{\"@type\":\"EntryPoint\",\"urlTemplate\":\"https:\/\/breeam-nor.byggalliansen.no\/v6\/?s={search_term_string}\"},\"query-input\":{\"@type\":\"PropertyValueSpecification\",\"valueRequired\":true,\"valueName\":\"search_term_string\"}}],\"inLanguage\":\"nb-NO\"}]}<\/script>\n<!-- \/ Yoast SEO plugin. -->","yoast_head_json":{"title":"Om BREEAM - BREEAM-NOR","robots":{"index":"index","follow":"follow","max-snippet":"max-snippet:-1","max-image-preview":"max-image-preview:large","max-video-preview":"max-video-preview:-1"},"canonical":"https:\/\/breeam-nor.byggalliansen.no\/v6\/innledning-2\/om-breeam\/","og_locale":"nb_NO","og_type":"article","og_title":"Om BREEAM - BREEAM-NOR","og_description":"2.3 Hva er BREEAM? BREEAM (Building Research Establishment\u2019s Environmental Assessment Method) er en internasjonalt anerkjent metode for \u00e5 m\u00e5le en bygnings b\u00e6rekraftige egenskaper. Siden BREEAM ble lansert i 1990, har over 599 000 bygninger blitt sertifisert etter metoden. Metoden brukes n\u00e5 i mer enn 90 land i hele verden. Samme hvor disse bygningene st\u00e5r oppf\u00f8rt, [&hellip;]","og_url":"https:\/\/breeam-nor.byggalliansen.no\/v6\/innledning-2\/om-breeam\/","og_site_name":"BREEAM-NOR","article_modified_time":"2025-06-10T12:47:26+00:00","twitter_card":"summary_large_image","twitter_misc":{"Ansl. lesetid":"5 minutter"},"schema":{"@context":"https:\/\/schema.org","@graph":[{"@type":"WebPage","@id":"https:\/\/breeam-nor.byggalliansen.no\/v6\/innledning-2\/om-breeam\/","url":"https:\/\/breeam-nor.byggalliansen.no\/v6\/innledning-2\/om-breeam\/","name":"Om BREEAM - BREEAM-NOR","isPartOf":{"@id":"https:\/\/breeam-nor.byggalliansen.no\/v6\/#website"},"datePublished":"2024-11-25T11:58:26+00:00","dateModified":"2025-06-10T12:47:26+00:00","breadcrumb":{"@id":"https:\/\/breeam-nor.byggalliansen.no\/v6\/innledning-2\/om-breeam\/#breadcrumb"},"inLanguage":"nb-NO","potentialAction":[{"@type":"ReadAction","target":["https:\/\/breeam-nor.byggalliansen.no\/v6\/innledning-2\/om-breeam\/"]}]},{"@type":"BreadcrumbList","@id":"https:\/\/breeam-nor.byggalliansen.no\/v6\/innledning-2\/om-breeam\/#breadcrumb","itemListElement":[{"@type":"ListItem","position":1,"name":"BREEAM-NOR","item":"https:\/\/breeam-nor.byggalliansen.no\/v6\/"},{"@type":"ListItem","position":2,"name":"Innledning","item":"http:\/\/breeam-nor.byggalliansen.no\/v6\/innledning-2\/"},{"@type":"ListItem","position":3,"name":"Om BREEAM"}]},{"@type":"WebSite","@id":"https:\/\/breeam-nor.byggalliansen.no\/v6\/#website","url":"https:\/\/breeam-nor.byggalliansen.no\/v6\/","name":"BREEAM-NOR","description":"Versjon 6.1.1, 2024","potentialAction":[{"@type":"SearchAction","target":{"@type":"EntryPoint","urlTemplate":"https:\/\/breeam-nor.byggalliansen.no\/v6\/?s={search_term_string}"},"query-input":{"@type":"PropertyValueSpecification","valueRequired":true,"valueName":"search_term_string"}}],"inLanguage":"nb-NO"}]}},"_links":{"self":[{"href":"https:\/\/breeam-nor.byggalliansen.no\/v6\/wp-json\/wp\/v2\/pages\/2097","targetHints":{"allow":["GET"]}}],"collection":[{"href":"https:\/\/breeam-nor.byggalliansen.no\/v6\/wp-json\/wp\/v2\/pages"}],"about":[{"href":"https:\/\/breeam-nor.byggalliansen.no\/v6\/wp-json\/wp\/v2\/types\/page"}],"author":[{"embeddable":true,"href":"https:\/\/breeam-nor.byggalliansen.no\/v6\/wp-json\/wp\/v2\/users\/5"}],"replies":[{"embeddable":true,"href":"https:\/\/breeam-nor.byggalliansen.no\/v6\/wp-json\/wp\/v2\/comments?post=2097"}],"version-history":[{"count":2,"href":"https:\/\/breeam-nor.byggalliansen.no\/v6\/wp-json\/wp\/v2\/pages\/2097\/revisions"}],"predecessor-version":[{"id":5745,"href":"https:\/\/breeam-nor.byggalliansen.no\/v6\/wp-json\/wp\/v2\/pages\/2097\/revisions\/5745"}],"up":[{"embeddable":true,"href":"https:\/\/breeam-nor.byggalliansen.no\/v6\/wp-json\/wp\/v2\/pages\/5739"}],"wp:attachment":[{"href":"https:\/\/breeam-nor.byggalliansen.no\/v6\/wp-json\/wp\/v2\/media?parent=2097"}],"wp:term":[{"taxonomy":"category","embeddable":true,"href":"https:\/\/breeam-nor.byggalliansen.no\/v6\/wp-json\/wp\/v2\/categories?post=2097"},{"taxonomy":"connection","embeddable":true,"href":"https:\/\/breeam-nor.byggalliansen.no\/v6\/wp-json\/wp\/v2\/connection?post=2097"}],"curies":[{"name":"wp","href":"https:\/\/api.w.org\/{rel}","templated":true}]}}