{"id":2214,"date":"2025-01-08T08:12:26","date_gmt":"2025-01-08T08:12:26","guid":{"rendered":"https:\/\/manualer.byggalliansen.no\/v6\/?page_id=2214"},"modified":"2025-04-23T14:14:31","modified_gmt":"2025-04-23T14:14:31","slug":"vilkar","status":"publish","type":"page","link":"https:\/\/breeam-nor.byggalliansen.no\/v6\/vilkar\/","title":{"rendered":"Forord"},"content":{"rendered":"\n<h3 class=\"wp-block-heading\">1.1 Forbehold&nbsp;<\/h3>\n\n\n\n<p>BRE Global har utstedt eksklusive lisensrettigheter til Gr\u00f8nn Byggallianse for \u00e5 drifte og operere BRE Environmental Assessment Method (BREEAM) i Norge. Gr\u00f8nn Byggallianse har tilpasset BREEAM manualen, originalt utarbeidet av BRE Global, for \u00e5 s\u00f8rge for relevans og anvendelighet i Norge. Denne manualen er eid av Gr\u00f8nn Byggallianse og er gjort offentlig tilgjengelig kun for informasjonsform\u00e5l.&nbsp;<\/p>\n\n\n\n<p>All form for testing, evaluering, sertifisering eller godkjenning relatert til dette dokumentet, direkte eller indirekte, m\u00e5 gjennomf\u00f8res i samsvar med Gr\u00f8nn Byggallianses godkjente prosedyrer. Aktiviteter tilknyttet det forest\u00e5ende kan kun gjennomf\u00f8res av autoriserte ansatte og representanter fra Gr\u00f8nn Byggallianse, eller av personer godkjent og lisensiert av disse.&nbsp;<\/p>\n\n\n\n<p>Enhver part som \u00f8nsker \u00e5 bruke manualen for \u00e5 tilby testing, vurdering eller sertifisering m\u00e5 s\u00f8ke Gr\u00f8nn Byggallianse om oppl\u00e6ring og evaluering og inneha n\u00f8dvendige lisenser. Det forekommer normalt en avgift i forbindelse med dette.&nbsp;&nbsp;<\/p>\n\n\n\n<p>Gr\u00f8nn Byggallianse og BRE Global tar ingen ansvar for noen form for uautorisert bruk eller distribusjon av denne manualen, og vil kunne ta rettslige skritt for \u00e5 hindre enhver uautorisert bruk.&nbsp;<\/p>\n\n\n\n<h3 class=\"wp-block-heading\">1.2 Opphavsrett&nbsp;<\/h3>\n\n\n\n<p>All tekst, grafikk og informasjon i dette dokumentet er eid av Gr\u00f8nn Byggallianse og v\u00e5re lisensholdere om annet ikke er eksplisitt nevnt, og beskyttet av lov om opphavsrett. Opplysningene og bildene i dette dokumentet kan lastes ned og skrives ut uten s\u00e6rlig tillatelse, men forblir Gr\u00f8nn Byggallianses og BRE Globals \u00e5ndsverk, tekniske fagkunnskap og opphavsrettslig beskyttede materiale. Denne slags materiale skal ikke brukes p\u00e5 nedsettende m\u00e5te, i en villedende sammenheng som kan sverte BRE Global eller Gr\u00f8nn Byggallianses merkevarer, eller til kommersielle form\u00e5l. Vi kan kreve at du registrerer personopplysninger f\u00f8r du laster ned visse opplysninger eller dokumenter. I tillegg m\u00e5 dette dokumentet ikke distribueres til noen tredjepart uten skriftlig tillatelse fra b\u00e5de BRE Global og Gr\u00f8nn Byggallianse.&nbsp;<\/p>\n\n\n\n<p>ISBN 978-82-94149-01-8&nbsp;<\/p>\n\n\n\n<h3 class=\"wp-block-heading\">1.3 Varemerker&nbsp;<\/h3>\n\n\n\n<p>\u00abBRE\u00bb, \u00abBuilding Research Establishment\u00bb, \u00abBRE Global\u00bb, \u00abBREEAM\u00bb, \u00abBREEAM-NOR\u00bb, \u00abSmart Waste\u00bb, \u00abGreen Book Live\u00bb, og \u00abGreen Guide\u00bb er alle beskyttede varemerker eid av enten Building Research Establishment Limited (\u00abBRE\u00bb) eller BRE Global og skal ikke brukes uten forh\u00e5ndsavtalt skriftlig tillatelse fra BRE eller BRE Global. Gr\u00f8nn Byggallianse og Norwegian Green Building Council er beskyttede varemerker eid av Gr\u00f8nn Byggallianse og skal ikke brukes uten skriftlig tillatelse fra Gr\u00f8nn Byggallianse.&nbsp;<\/p>\n","protected":false},"excerpt":{"rendered":"<p>1.1 Forbehold&nbsp; BRE Global har utstedt eksklusive lisensrettigheter til Gr\u00f8nn Byggallianse for \u00e5 drifte og operere BRE Environmental Assessment Method (BREEAM) i Norge. Gr\u00f8nn Byggallianse har tilpasset BREEAM manualen, originalt utarbeidet av BRE Global, for \u00e5 s\u00f8rge for relevans og anvendelighet i Norge. Denne manualen er eid av Gr\u00f8nn Byggallianse og er gjort offentlig tilgjengelig [&hellip;]<\/p>\n","protected":false},"author":2,"featured_media":0,"parent":0,"menu_order":3,"comment_status":"closed","ping_status":"closed","template":"page-page.php","meta":{"_acf_changed":false,"footnotes":""},"categories":[],"connection":[],"class_list":["post-2214","page","type-page","status-publish","hentry"],"acf":[],"yoast_head":"<!-- This site is optimized with the Yoast SEO plugin v25.4 - https:\/\/yoast.com\/wordpress\/plugins\/seo\/ -->\n<title>Forord - BREEAM-NOR<\/title>\n<meta name=\"robots\" content=\"index, follow, max-snippet:-1, max-image-preview:large, max-video-preview:-1\" \/>\n<link rel=\"canonical\" href=\"https:\/\/breeam-nor.byggalliansen.no\/v6\/vilkar\/\" \/>\n<meta property=\"og:locale\" content=\"nb_NO\" \/>\n<meta property=\"og:type\" content=\"article\" \/>\n<meta property=\"og:title\" content=\"Forord - BREEAM-NOR\" \/>\n<meta property=\"og:description\" content=\"1.1 Forbehold&nbsp; BRE Global har utstedt eksklusive lisensrettigheter til Gr\u00f8nn Byggallianse for \u00e5 drifte og operere BRE Environmental Assessment Method (BREEAM) i Norge. Gr\u00f8nn Byggallianse har tilpasset BREEAM manualen, originalt utarbeidet av BRE Global, for \u00e5 s\u00f8rge for relevans og anvendelighet i Norge. Denne manualen er eid av Gr\u00f8nn Byggallianse og er gjort offentlig tilgjengelig [&hellip;]\" \/>\n<meta property=\"og:url\" content=\"https:\/\/breeam-nor.byggalliansen.no\/v6\/vilkar\/\" \/>\n<meta property=\"og:site_name\" content=\"BREEAM-NOR\" \/>\n<meta property=\"article:modified_time\" content=\"2025-04-23T14:14:31+00:00\" \/>\n<meta name=\"twitter:card\" content=\"summary_large_image\" \/>\n<meta name=\"twitter:label1\" content=\"Ansl. lesetid\" \/>\n\t<meta name=\"twitter:data1\" content=\"2 minutter\" \/>\n<script type=\"application\/ld+json\" class=\"yoast-schema-graph\">{\"@context\":\"https:\/\/schema.org\",\"@graph\":[{\"@type\":\"WebPage\",\"@id\":\"https:\/\/breeam-nor.byggalliansen.no\/v6\/vilkar\/\",\"url\":\"https:\/\/breeam-nor.byggalliansen.no\/v6\/vilkar\/\",\"name\":\"Forord - BREEAM-NOR\",\"isPartOf\":{\"@id\":\"https:\/\/breeam-nor.byggalliansen.no\/v6\/#website\"},\"datePublished\":\"2025-01-08T08:12:26+00:00\",\"dateModified\":\"2025-04-23T14:14:31+00:00\",\"breadcrumb\":{\"@id\":\"https:\/\/breeam-nor.byggalliansen.no\/v6\/vilkar\/#breadcrumb\"},\"inLanguage\":\"nb-NO\",\"potentialAction\":[{\"@type\":\"ReadAction\",\"target\":[\"https:\/\/breeam-nor.byggalliansen.no\/v6\/vilkar\/\"]}]},{\"@type\":\"BreadcrumbList\",\"@id\":\"https:\/\/breeam-nor.byggalliansen.no\/v6\/vilkar\/#breadcrumb\",\"itemListElement\":[{\"@type\":\"ListItem\",\"position\":1,\"name\":\"BREEAM-NOR\",\"item\":\"https:\/\/breeam-nor.byggalliansen.no\/v6\/\"},{\"@type\":\"ListItem\",\"position\":2,\"name\":\"Forord\"}]},{\"@type\":\"WebSite\",\"@id\":\"https:\/\/breeam-nor.byggalliansen.no\/v6\/#website\",\"url\":\"https:\/\/breeam-nor.byggalliansen.no\/v6\/\",\"name\":\"BREEAM-NOR\",\"description\":\"Versjon 6.1.1, 2024\",\"potentialAction\":[{\"@type\":\"SearchAction\",\"target\":{\"@type\":\"EntryPoint\",\"urlTemplate\":\"https:\/\/breeam-nor.byggalliansen.no\/v6\/?s={search_term_string}\"},\"query-input\":{\"@type\":\"PropertyValueSpecification\",\"valueRequired\":true,\"valueName\":\"search_term_string\"}}],\"inLanguage\":\"nb-NO\"}]}<\/script>\n<!-- \/ Yoast SEO plugin. -->","yoast_head_json":{"title":"Forord - BREEAM-NOR","robots":{"index":"index","follow":"follow","max-snippet":"max-snippet:-1","max-image-preview":"max-image-preview:large","max-video-preview":"max-video-preview:-1"},"canonical":"https:\/\/breeam-nor.byggalliansen.no\/v6\/vilkar\/","og_locale":"nb_NO","og_type":"article","og_title":"Forord - BREEAM-NOR","og_description":"1.1 Forbehold&nbsp; BRE Global har utstedt eksklusive lisensrettigheter til Gr\u00f8nn Byggallianse for \u00e5 drifte og operere BRE Environmental Assessment Method (BREEAM) i Norge. Gr\u00f8nn Byggallianse har tilpasset BREEAM manualen, originalt utarbeidet av BRE Global, for \u00e5 s\u00f8rge for relevans og anvendelighet i Norge. Denne manualen er eid av Gr\u00f8nn Byggallianse og er gjort offentlig tilgjengelig [&hellip;]","og_url":"https:\/\/breeam-nor.byggalliansen.no\/v6\/vilkar\/","og_site_name":"BREEAM-NOR","article_modified_time":"2025-04-23T14:14:31+00:00","twitter_card":"summary_large_image","twitter_misc":{"Ansl. lesetid":"2 minutter"},"schema":{"@context":"https:\/\/schema.org","@graph":[{"@type":"WebPage","@id":"https:\/\/breeam-nor.byggalliansen.no\/v6\/vilkar\/","url":"https:\/\/breeam-nor.byggalliansen.no\/v6\/vilkar\/","name":"Forord - BREEAM-NOR","isPartOf":{"@id":"https:\/\/breeam-nor.byggalliansen.no\/v6\/#website"},"datePublished":"2025-01-08T08:12:26+00:00","dateModified":"2025-04-23T14:14:31+00:00","breadcrumb":{"@id":"https:\/\/breeam-nor.byggalliansen.no\/v6\/vilkar\/#breadcrumb"},"inLanguage":"nb-NO","potentialAction":[{"@type":"ReadAction","target":["https:\/\/breeam-nor.byggalliansen.no\/v6\/vilkar\/"]}]},{"@type":"BreadcrumbList","@id":"https:\/\/breeam-nor.byggalliansen.no\/v6\/vilkar\/#breadcrumb","itemListElement":[{"@type":"ListItem","position":1,"name":"BREEAM-NOR","item":"https:\/\/breeam-nor.byggalliansen.no\/v6\/"},{"@type":"ListItem","position":2,"name":"Forord"}]},{"@type":"WebSite","@id":"https:\/\/breeam-nor.byggalliansen.no\/v6\/#website","url":"https:\/\/breeam-nor.byggalliansen.no\/v6\/","name":"BREEAM-NOR","description":"Versjon 6.1.1, 2024","potentialAction":[{"@type":"SearchAction","target":{"@type":"EntryPoint","urlTemplate":"https:\/\/breeam-nor.byggalliansen.no\/v6\/?s={search_term_string}"},"query-input":{"@type":"PropertyValueSpecification","valueRequired":true,"valueName":"search_term_string"}}],"inLanguage":"nb-NO"}]}},"_links":{"self":[{"href":"https:\/\/breeam-nor.byggalliansen.no\/v6\/wp-json\/wp\/v2\/pages\/2214","targetHints":{"allow":["GET"]}}],"collection":[{"href":"https:\/\/breeam-nor.byggalliansen.no\/v6\/wp-json\/wp\/v2\/pages"}],"about":[{"href":"https:\/\/breeam-nor.byggalliansen.no\/v6\/wp-json\/wp\/v2\/types\/page"}],"author":[{"embeddable":true,"href":"https:\/\/breeam-nor.byggalliansen.no\/v6\/wp-json\/wp\/v2\/users\/2"}],"replies":[{"embeddable":true,"href":"https:\/\/breeam-nor.byggalliansen.no\/v6\/wp-json\/wp\/v2\/comments?post=2214"}],"version-history":[{"count":3,"href":"https:\/\/breeam-nor.byggalliansen.no\/v6\/wp-json\/wp\/v2\/pages\/2214\/revisions"}],"predecessor-version":[{"id":4458,"href":"https:\/\/breeam-nor.byggalliansen.no\/v6\/wp-json\/wp\/v2\/pages\/2214\/revisions\/4458"}],"wp:attachment":[{"href":"https:\/\/breeam-nor.byggalliansen.no\/v6\/wp-json\/wp\/v2\/media?parent=2214"}],"wp:term":[{"taxonomy":"category","embeddable":true,"href":"https:\/\/breeam-nor.byggalliansen.no\/v6\/wp-json\/wp\/v2\/categories?post=2214"},{"taxonomy":"connection","embeddable":true,"href":"https:\/\/breeam-nor.byggalliansen.no\/v6\/wp-json\/wp\/v2\/connection?post=2214"}],"curies":[{"name":"wp","href":"https:\/\/api.w.org\/{rel}","templated":true}]}}