{"id":2257,"date":"2025-01-08T08:39:42","date_gmt":"2025-01-08T08:39:42","guid":{"rendered":"https:\/\/manualer.byggalliansen.no\/v6\/?page_id=2257"},"modified":"2025-06-10T12:57:22","modified_gmt":"2025-06-10T12:57:22","slug":"bedomming-og-klassifisering","status":"publish","type":"page","link":"https:\/\/breeam-nor.byggalliansen.no\/v6\/bedomming-og-klassifisering\/","title":{"rendered":"Poeng og klassifisering for BREEAM-NOR-bygninger"},"content":{"rendered":"\n<p>F\u00f8lgende punkter bestemmer den samlede ytelsen for et nybyggprosjekt som vurderes i henhold til BREEAM-NOR:<\/p>\n\n\n\n<ol class=\"wp-block-list\">\n<li>Emner og poeng<\/li>\n\n\n\n<li>Klassifiseringsniv\u00e5er<\/li>\n\n\n\n<li>Minstekrav<\/li>\n\n\n\n<li>Vekting av kategorier<\/li>\n\n\n\n<li>Innovasjonspoeng<\/li>\n\n\n\n<li>Stegkrav<\/li>\n<\/ol>\n\n\n\n<p>Hvordan disse punktene utgj\u00f8r en BREEAM-NOR-klassifisering, sammenfattes nedenfor. Deretter f\u00f8lger en beskrivelse og et eksempel p\u00e5 hvordan en klassifisering beregnes.<\/p>\n\n\n\n<h2 class=\"wp-block-heading\">4.1&nbsp;&nbsp; Emner og poeng<\/h2>\n\n\n\n<p>BREEAM-NOR for nybygg best\u00e5r av en serie emner fordelt p\u00e5 ti tekniske kategorier.<\/p>\n\n\n\n<p>Hvert emne tar for seg en spesifikk byggrelatert milj\u00f8p\u00e5virkning eller brukerrelatert faktor og er forbundet med et visst antall poeng. Poeng tildeles n\u00e5r en bygning oppfyller ytelsesniv\u00e5ene for beste praksis som er definert for emnet, dvs. bygningen har redusert en milj\u00f8p\u00e5virkning eller, for helse- og innemilj\u00f8kategorien, utbedret et brukerrelatert problem, f.eks. termisk milj\u00f8, tilgang til dagslys eller akustisk kvalitet.<\/p>\n\n\n\n<p>Det vil variere hvor mange poeng som kan tildeles for et enkelt emne. Generelt er det slik at jo flere poeng som kan tildeles, desto viktigere er emnet for \u00e5 redusere en bygnings milj\u00f8p\u00e5virkning. Dersom det g\u00e5r an \u00e5 f\u00e5 flere poeng, tar antallet vanligvis utgangspunkt i en glidende skala. Jo h\u00f8yere en bygnings ytelse er, desto flere poeng tildeles.<\/p>\n\n\n\n<p>Det er verdt \u00e5 bemerke at n\u00e5r en bygnings ytelse vurderes i henhold til emnene, f\u00e5r brukerne ogs\u00e5 et troverdig sett n\u00f8kkelindikatorer for bygningens milj\u00f8p\u00e5virkning. De kan brukes til \u00e5 definere ytelsesniv\u00e5er som st\u00f8tter opp om s\u00e6rlige organisasjonsm\u00e5l for enkeltst\u00e5ende milj\u00f8forhold. Men det b\u00f8r utvises forsiktighet n\u00e5r prosjekteringsm\u00e5l settes ved hjelp av enkeltst\u00e5ende emner. Dette fordi det kan begrense prosjekteringsfleksibiliteten og p\u00e5virke prosjektkostnadene.<\/p>\n\n\n\n<h2 class=\"wp-block-heading\">4.2&nbsp;&nbsp; Klassifiseringsniv\u00e5er<\/h2>\n\n\n\n<p>Klassifiseringsniv\u00e5ene for BREEAM-NOR for nybyggprosjekter er beskrevet i tabell Int-03:<\/p>\n\n\n\n<h5 class=\"wp-block-heading\">Tabell Int-03: Klassifiseringsniv\u00e5er for BREEAM-NOR<\/h5>\n\n\n\n<figure class=\"wp-block-table is-style-core-borders\"><table class=\"has-fixed-layout\"><thead><tr><th><strong>BREEAM-klassifisering<\/strong><\/th><th><strong>Poengsum i %<\/strong><\/th><\/tr><\/thead><tbody><tr><td>OUTSTANDING<\/td><td>\u2265 85<\/td><\/tr><tr><td>EXCELLENT<\/td><td>\u2265 70<\/td><\/tr><tr><td>VERY GOOD<\/td><td>\u2265 55<\/td><\/tr><tr><td>GOOD<\/td><td>\u2265 45<\/td><\/tr><tr><td>PASS<\/td><td>\u2265 30<\/td><\/tr><tr><td>UNCLASSIFIED<\/td><td>&lt; 30<\/td><\/tr><\/tbody><\/table><\/figure>\n\n\n\n<p>En BREEAM-klassifisering gj\u00f8r det mulig \u00e5 sammenligne en bygnings ytelse med andre bygninger som er vurdert i samme prosjektfase. Hver BREEAM-klassifisering tilsvarer f\u00f8lgende ytelse:<\/p>\n\n\n\n<ol class=\"wp-block-list\">\n<li>Outstanding: mindre enn \u00f8verste 1 % av nybygg (innovasjon)<\/li>\n\n\n\n<li>Excellent: \u00f8verste 10 % av nybygg (beste praksis)<\/li>\n\n\n\n<li>Very Good: \u00f8verste 25 % av nybygg (sv\u00e6rt god praksis)<\/li>\n\n\n\n<li>Good: \u00f8verste 50 % av nybygg (gjennomsnittlig god praksis)<\/li>\n\n\n\n<li>Pass: \u00f8verste 75 % av nybygg (standard god praksis)<\/li>\n<\/ol>\n\n\n\n<p>Niv\u00e5et uklassifisert tilsvarer ytelse som ikke er i samsvar med BREEAM, dvs. bygningen har ikke oppfylt ett eller flere av BREEAMs minstekrav, eller samlet poengsum for laveste BREEAM-klassifisering er ikke oppn\u00e5dd.<\/p>\n\n\n\n<h2 class=\"wp-block-heading\">4.3&nbsp;&nbsp; Minstekrav<\/h2>\n\n\n\n<p>Av fleksibilitetshensyn kan de fleste poeng i BREEAM-NOR byttes ut for \u00e5 oppn\u00e5 \u00f8nsket klassifisering, dvs. manglende samsvar p\u00e5 ett omr\u00e5de kan veies opp gjennom \u00e5 vise samsvar med kravet p\u00e5 et annet.<\/p>\n\n\n\n<p>BREEAM-NOR fastsetter minstekrav til ytelse p\u00e5 sentrale omr\u00e5der som energi, vann og avfall for \u00e5 sikre at grunnleggende b\u00e6rekraftshensyn ikke blir oversett i jakten p\u00e5 en bestemt klassifisering. Det er viktig \u00e5 huske at dette er minsteniv\u00e5er for akseptabel ytelse og ikke n\u00f8dvendigvis niv\u00e5er som representerer beste praksis for et klassifiseringsniv\u00e5.<\/p>\n\n\n\n<p>For \u00e5 oppn\u00e5 en bestemt klassifisering m\u00e5 man oppn\u00e5 minste totale prosentvise poengsum (se tabell Int-03). Dessuten m\u00e5 man oppfylle minstekravene til det klassifiseringsniv\u00e5et (se tabell Int-04).<\/p>\n\n\n\n<h2 class=\"wp-block-heading\">4.4&nbsp;&nbsp; Vekting av kategorier<\/h2>\n\n\n\n<p>Hver av de tekniske kategoriene i BREEAM-NOR har en tilh\u00f8rende vekting. Vektingen gj\u00f8r det mulig \u00e5 definere, og dermed rangere, den relative p\u00e5virkningen av emnene i BREEAM-NOR. BREEAM-NOR bruker et vektingssystem som er avledet fra en kombinasjon av konsensusbaserte vektinger, rangert ev et ekspertpanel. Disse brukes til \u00e5 bestemme de relevante verdiene av kategoriene og deres bidrag til en samlet poengsum.<\/p>\n\n\n\n<h5 class=\"wp-block-heading\">Tabell Int-05: Vekting av kategorier i BREEAM-NOR for nybygg<\/h5>\n\n\n\n<figure class=\"wp-block-table is-style-core-borders\"><table class=\"has-fixed-layout\"><tbody><tr><td><strong>Kategori<\/strong><\/td><td colspan=\"3\"><strong>Vekting (%)<\/strong><\/td><\/tr><tr><td><strong>&nbsp;<\/strong><\/td><td><strong>Innredet<\/strong><\/td><td><strong>Uinnredet<\/strong><\/td><td><strong>R\u00e5bygg<\/strong><\/td><\/tr><tr><td>LEDELSE<\/td><td>13%<\/td><td>13%<\/td><td>13%<\/td><\/tr><tr><td>HELSE OG INNEMILJ\u00d8<\/td><td>16%<\/td><td>9%<\/td><td>8%<\/td><\/tr><tr><td>ENERGI<\/td><td>14%<\/td><td>12%<\/td><td>7%<\/td><\/tr><tr><td>TRANSPORT<\/td><td>10%<\/td><td>12 %<\/td><td>15%<\/td><\/tr><tr><td>VANN<\/td><td>4%<\/td><td>4%<\/td><td>1%<\/td><\/tr><tr><td>MATERIALER<\/td><td>17%<\/td><td>20%<\/td><td>24%<\/td><\/tr><tr><td>AVFALL<\/td><td>7%<\/td><td>8%<\/td><td>9%<\/td><\/tr><tr><td>AREALBRUK OG \u00d8KOLOGI<\/td><td>15%<\/td><td>17%<\/td><td>21%<\/td><\/tr><tr><td>FORURENSNING<\/td><td>4%<\/td><td>5%<\/td><td>2%<\/td><\/tr><\/tbody><\/table><\/figure>\n\n\n\n<h3 class=\"wp-block-heading\">Innovasjonspoeng<\/h3>\n\n\n\n<p>Ett av m\u00e5lene med BREEAM-NOR er \u00e5 fremme innovasjon i byggebransjen. Det gj\u00f8res blant annet ved \u00e5 tildele ekstra poeng for b\u00e6rekraftsrelaterte fordeler eller ytelsesniv\u00e5er som for \u00f8yeblikket ikke blir anerkjent av standardemnene i BREEAM-NOR.<\/p>\n\n\n\n<p>BREEAM-NOR bel\u00f8nner dermed bygninger som overg\u00e5r beste praksis p\u00e5 et b\u00e6rekraftsomr\u00e5de, dvs. der bygningen eller utviklingen av den har vist innovasjon.<\/p>\n\n\n\n<p>Gjennom tildeling av innovasjonspoeng kan byggherrer og prosjekteringsteam forbedre en bygnings ytelse og dessuten bidra til \u00e5 st\u00f8tte opp om markedet for ny, innovativ teknologi og prosjekterings- eller byggepraksis.<\/p>\n\n\n\n<p>Innovasjonspoeng i henhold til BREEAM-NOR tildeles p\u00e5 to m\u00e5ter.<\/p>\n\n\n\n<h3 class=\"wp-block-heading\">M\u00f8nstergyldig niv\u00e5<\/h3>\n\n\n\n<p>Den f\u00f8rste m\u00e5ten er oppfylle kriteriene for m\u00f8nstergyldig niv\u00e5 definert i et eksisterende emne, dvs. at prosjektet overg\u00e5r standardkriteriene i BREEAM-NOR og dermed beste praksis.<\/p>\n\n\n\n<p>Merk: Ikke alle emner har kriterier for m\u00f8nstergyldig niv\u00e5.<\/p>\n\n\n\n<h3 class=\"wp-block-heading\">Innovasjon<\/h3>\n\n\n\n<p>Den andre m\u00e5ten er at revisoren leverer inn en s\u00f8knad til Gr\u00f8nn Byggallianse om \u00e5 f\u00e5 en bygningsteknologi, prosjekterings- eller byggemetode eller -prosess anerkjent som \u00abinnovativ\u00bb. Dersom s\u00f8knaden innvilges og det bekreftes at bygningen oppfyller kravene, kan innovasjonspoeng tildeles.<\/p>\n\n\n\n<p>Ytterligere 1&nbsp;% kan legges til bygningens totale poengsum for hvert innovasjonspoeng som oppn\u00e5s. En bygning kan tildeles h\u00f8yst ti innovasjonspoeng. Innovasjonspoeng kan tildeles uavhengig av bygningens klassifiseringsniv\u00e5.<\/p>\n\n\n\n<h3 class=\"wp-block-heading\">Stegkrav<\/h3>\n\n\n\n<p>Bygg 21 sin fasenorm &#8211; neste steg &#8211; er et felles rammeverk til st\u00f8tte for gjennomf\u00f8ringen av byggeprosjekter i Norge. Fasenormen beskriver byggeprosessen over tid, i \u00e5tte steg fra start til avvikling. BREEAM-NOR tar utgangspunkt i denne inndelingen av et byggeprosjekt-Stegkrav er beskrevet i hvert emne. Tabell Int-06 gir en oversikt over hvilke emner som har kriterier knyttet til steg i fasenormen. For en fullstendig oversikt over hvilke spesifikke kriterier dette gjelder, se veilederen \u00abSlik lykkes du bedre med ditt BREEAM-prosjekt<sup data-fn=\"408cf587-20ed-4917-9b5e-21f45257a724\" class=\"fn\"><a href=\"#408cf587-20ed-4917-9b5e-21f45257a724\" id=\"408cf587-20ed-4917-9b5e-21f45257a724-link\">1<\/a><\/sup>.<\/p>\n\n\n<ol class=\"wp-block-footnotes\"><li id=\"408cf587-20ed-4917-9b5e-21f45257a724\"><a href=\"https:\/\/byggalliansen.no\/kunnskapssenter\/publikasjoner\/prosessveileder-breeam-gronn-byggallianse\/\">Slik lykkes du bedre med ditt BREEAM-prosjekt \u2013 Gr\u00f8nn byggallianse (byggalliansen.no)<\/a> <a href=\"#408cf587-20ed-4917-9b5e-21f45257a724-link\" aria-label=\"Hopp til fotnote-referansen 1\">\u21a9\ufe0e<\/a><\/li><\/ol>\n\n\n<h2 class=\"wp-block-heading\">4.7&nbsp;&nbsp; Beregning av en bygnings BREEAM-NOR-klassifisering<\/h2>\n\n\n\n<p>En revisor bestemmer klassifiseringsniv\u00e5et ved hjelp av relevante vurderingsverkt\u00f8y og kalkulatorer. En indikasjon p\u00e5 ytelse i henhold til BREEAM-NOR kan ogs\u00e5 fastsettes ved hjelp av en BREEAM-NOR-pre-analyseverkt\u00f8yet. Pre-analyseverkt\u00f8yet er tilgjengelig p\u00e5 www.byggalliansen.no.<\/p>\n\n\n\n<p>Nedenfor forklares det hvordan en BREEAM-NOR-klassifisering fastsettes, og i tabell Int-07 gis det et beregningseksempel for et prosjekt som oppn\u00e5r klassifiseringsniv\u00e5et Good:<\/p>\n\n\n\n<ol class=\"wp-block-list\">\n<li>For hver milj\u00f8kategori godkjenner revisoren poeng i samsvar med kriteriene i hvert emne (som beskrevet i de tekniske delene av dette dokumentet).<\/li>\n\n\n\n<li>Prosentandelen oppn\u00e5dde poeng beregnes deretter for hver kategori.<\/li>\n\n\n\n<li>Prosentandelen oppn\u00e5dde poeng i hver kategori ganges deretter med den tilh\u00f8rende vektingen for kategorien. Dette gir samlet poengsum for kategorien.<\/li>\n\n\n\n<li>Poengsummen for hver kategori legges deretter sammen og gir en samlet poengsum. Den samlede poengsummen sammenlignes deretter med klassifiseringsniv\u00e5ene, og dersom alle minstekrav er oppfylt (se tabell Int-08), er den relevante BREEAM-NOR-klassifiseringen oppn\u00e5dd.<\/li>\n\n\n\n<li>Ytterligere 1 % kan legges til den endelige poengsummen for hvert innovasjonspoeng som oppn\u00e5s (opptil h\u00f8yst 10 %).<\/li>\n<\/ol>\n\n\n\n<h5 class=\"wp-block-heading\">Tabell Int-07: Eksempel p\u00e5 beregning av poeng og klassifisering<\/h5>\n\n\n\n<figure class=\"wp-block-table is-style-core-borders\"><table class=\"has-fixed-layout\"><thead><tr><th><strong>BREEAM-NOR kategori<\/strong><\/th><th><strong>Oppn\u00e5dde poeng<\/strong><\/th><th><strong>Tilgjengelige poeng<\/strong><\/th><th><strong>% tilgjengelige poeng oppn\u00e5dd<\/strong><\/th><th><strong>Kategori-vekting*<\/strong><\/th><th><strong>Prosentpoeng for kategori<\/strong><\/th><\/tr><\/thead><tbody><tr><td>Ledelse<\/td><td>11<\/td><td>21<\/td><td>52 %<\/td><td>0,13<\/td><td>7 %<\/td><\/tr><tr><td>Helse og innemilj\u00f8<\/td><td>11<\/td><td>18<\/td><td>61 %<\/td><td>0,16<\/td><td>10 %<\/td><\/tr><tr><td>Energi<\/td><td>10<\/td><td>21<\/td><td>47 %<\/td><td>0,14<\/td><td>7 %<\/td><\/tr><tr><td>Transport<\/td><td>8<\/td><td>13<\/td><td>61 %<\/td><td>0,10<\/td><td>6 %<\/td><\/tr><tr><td>Vann<\/td><td>6<\/td><td>9<\/td><td>67 %<\/td><td>0,04<\/td><td>3 %<\/td><\/tr><tr><td>Materialer<\/td><td>9<\/td><td>21<\/td><td>43 %<\/td><td>0,17<\/td><td>7 %<\/td><\/tr><tr><td>Avfall<\/td><td>4<\/td><td>7<\/td><td>57 %<\/td><td>0,07<\/td><td>4 %<\/td><\/tr><tr><td>Arealbruk og \u00f8kologi<\/td><td>6<\/td><td>18<\/td><td>33 %<\/td><td>0,15<\/td><td>5 %<\/td><\/tr><tr><td>Forurensning<\/td><td>5<\/td><td>7<\/td><td>71 %<\/td><td>0,04<\/td><td>3%<\/td><\/tr><tr><td>Innovasjon<\/td><td>0<\/td><td>0<\/td><td>0 %<\/td><td>0,10<\/td><td>0%<\/td><\/tr><tr><td colspan=\"5\">Endelig poengsum<\/td><td>52 %<\/td><\/tr><tr><td colspan=\"5\">BREEAM-NOR klassifisering<\/td><td>GOOD<\/td><\/tr><\/tbody><\/table><\/figure>\n\n\n\n<h5 class=\"wp-block-heading\">Tabell Int-08: Er minstekrav til klassifiseringen \u00abGood\u00bb i BREEAM-NOR oppfylt?<\/h5>\n\n\n\n<figure class=\"wp-block-table is-style-core-borders\"><table class=\"has-fixed-layout\"><thead><tr><th><strong>Emne<\/strong><\/th><th><strong>Oppn\u00e5dd?<\/strong><\/th><\/tr><\/thead><tbody><tr><td>Man 03 Ansvarlig byggepraksis<\/td><td><em>\u2713<\/em><\/td><\/tr><tr><td>Man 04 Idriftsetting og overlevering<\/td><td><em>\u2713<\/em><\/td><\/tr><tr><td>Hea 01 Visuell komfort<\/td><td><em>\u2713<\/em><\/td><\/tr><tr><td>Hea 02 Inneluftskvalitet<\/td><td><em>\u2713<\/em><\/td><\/tr><tr><td>Ene 07 Energieffektive laboratoriesystemer<\/td><td><em>\u2713<\/em><\/td><\/tr><tr><td>Mat 01 B\u00e6rekraftige materialvalg \u2013 LCA og klimagassberegninger<\/td><td><em>\u2713<\/em><\/td><\/tr><tr><td>Mat 02 B\u00e6rekraftige materialvalg &#8211; produktkrav<\/td><td><em>\u2713<\/em><\/td><\/tr><tr><td>Mat 03 Ansvarlig innkj\u00f8p av materialer<\/td><td><em>\u2713<\/em><\/td><\/tr><tr><td>Mat 06 Materialeffektivitet og ombruk<\/td><td><em>\u2713<\/em><\/td><\/tr><tr><td>Wst 01 Ressursh\u00e5ndtering p\u00e5 byggeplass<\/td><td><em>\u2713<\/em><\/td><\/tr><\/tbody><\/table><\/figure>\n\n\n\n<h2 class=\"wp-block-heading\">4.8&nbsp;&nbsp; Utarbeidelse av casestudier for bygning med BREEAM-NOR-klassifiseringen \u00abExcellent\u00bb og \u00abOutstanding\u00bb<\/h2>\n\n\n\n<p>Prosjekter som sertifiseres med klassifiseringen \u00abExcellent\u00bb og \u00abOutstanding\u00bb b\u00f8r fungere som forbilder for bransjen.<\/p>\n\n\n\n<p>F\u00f8r endelig sertifisering bes prosjekteringsteamet og byggherren for prosjekter med klassifiseringen \u00abExcellent\u00bb og \u00abOutstanding\u00bb om \u00e5 utarbeide en casestudie for bygningen eller eventuelt gi Gr\u00f8nn Byggallianse tilstrekkelige opplysninger til \u00e5 utarbeide denne. Disse opplysningene vil bli avkrevd i fasen etter oppf\u00f8ring og b\u00f8r fremlegges sammen med revisorrapporten for ferdigstilt bygning.<\/p>\n\n\n\n<p>Gr\u00f8nn Byggallianse vil offentliggj\u00f8re casestudien p\u00e5 <a href=\"http:\/\/www.byggalliansen.no\">www.byggalliansen.no<\/a> og dele den med BRE Global, slik at den kan legges ut p\u00e5 <a href=\"http:\/\/www.greenbooklive.com\">www.greenbooklive.com<\/a> og offentliggj\u00f8res i andre BRE\/BREEAM-tilknyttede utgivelser.<\/p>\n\n\n\n<p><\/p>\n","protected":false},"excerpt":{"rendered":"<p>F\u00f8lgende punkter bestemmer den samlede ytelsen for et nybyggprosjekt som vurderes i henhold til BREEAM-NOR: Hvordan disse punktene utgj\u00f8r en BREEAM-NOR-klassifisering, sammenfattes nedenfor. Deretter f\u00f8lger en beskrivelse og et eksempel p\u00e5 hvordan en klassifisering beregnes. 4.1&nbsp;&nbsp; Emner og poeng BREEAM-NOR for nybygg best\u00e5r av en serie emner fordelt p\u00e5 ti tekniske kategorier. Hvert emne tar [&hellip;]<\/p>\n","protected":false},"author":2,"featured_media":0,"parent":0,"menu_order":8,"comment_status":"closed","ping_status":"closed","template":"page-portal-nopoints-simple.php","meta":{"_acf_changed":false,"footnotes":"[{\"id\":\"408cf587-20ed-4917-9b5e-21f45257a724\",\"content\":\"<a href=\\\"https:\\\/\\\/byggalliansen.no\\\/kunnskapssenter\\\/publikasjoner\\\/prosessveileder-breeam-gronn-byggallianse\\\/\\\">Slik lykkes du bedre med ditt BREEAM-prosjekt \\u2013 Gr\\u00f8nn byggallianse (byggalliansen.no)<\\\/a>\"}]"},"categories":[],"connection":[],"class_list":["post-2257","page","type-page","status-publish","hentry"],"acf":[],"yoast_head":"<!-- This site is optimized with the Yoast SEO plugin v25.4 - https:\/\/yoast.com\/wordpress\/plugins\/seo\/ -->\n<title>Poeng og klassifisering for BREEAM-NOR-bygninger - BREEAM-NOR<\/title>\n<meta name=\"robots\" content=\"index, follow, max-snippet:-1, max-image-preview:large, max-video-preview:-1\" \/>\n<link rel=\"canonical\" href=\"https:\/\/breeam-nor.byggalliansen.no\/v6\/bedomming-og-klassifisering\/\" \/>\n<meta property=\"og:locale\" content=\"nb_NO\" \/>\n<meta property=\"og:type\" content=\"article\" \/>\n<meta property=\"og:title\" content=\"Poeng og klassifisering for BREEAM-NOR-bygninger - BREEAM-NOR\" \/>\n<meta property=\"og:description\" content=\"F\u00f8lgende punkter bestemmer den samlede ytelsen for et nybyggprosjekt som vurderes i henhold til BREEAM-NOR: Hvordan disse punktene utgj\u00f8r en BREEAM-NOR-klassifisering, sammenfattes nedenfor. Deretter f\u00f8lger en beskrivelse og et eksempel p\u00e5 hvordan en klassifisering beregnes. 4.1&nbsp;&nbsp; Emner og poeng BREEAM-NOR for nybygg best\u00e5r av en serie emner fordelt p\u00e5 ti tekniske kategorier. Hvert emne tar [&hellip;]\" \/>\n<meta property=\"og:url\" content=\"https:\/\/breeam-nor.byggalliansen.no\/v6\/bedomming-og-klassifisering\/\" \/>\n<meta property=\"og:site_name\" content=\"BREEAM-NOR\" \/>\n<meta property=\"article:modified_time\" content=\"2025-06-10T12:57:22+00:00\" \/>\n<meta name=\"twitter:card\" content=\"summary_large_image\" \/>\n<meta name=\"twitter:label1\" content=\"Ansl. lesetid\" \/>\n\t<meta name=\"twitter:data1\" content=\"8 minutter\" \/>\n<script type=\"application\/ld+json\" class=\"yoast-schema-graph\">{\"@context\":\"https:\/\/schema.org\",\"@graph\":[{\"@type\":\"WebPage\",\"@id\":\"https:\/\/breeam-nor.byggalliansen.no\/v6\/bedomming-og-klassifisering\/\",\"url\":\"https:\/\/breeam-nor.byggalliansen.no\/v6\/bedomming-og-klassifisering\/\",\"name\":\"Poeng og klassifisering for BREEAM-NOR-bygninger - BREEAM-NOR\",\"isPartOf\":{\"@id\":\"https:\/\/breeam-nor.byggalliansen.no\/v6\/#website\"},\"datePublished\":\"2025-01-08T08:39:42+00:00\",\"dateModified\":\"2025-06-10T12:57:22+00:00\",\"breadcrumb\":{\"@id\":\"https:\/\/breeam-nor.byggalliansen.no\/v6\/bedomming-og-klassifisering\/#breadcrumb\"},\"inLanguage\":\"nb-NO\",\"potentialAction\":[{\"@type\":\"ReadAction\",\"target\":[\"https:\/\/breeam-nor.byggalliansen.no\/v6\/bedomming-og-klassifisering\/\"]}]},{\"@type\":\"BreadcrumbList\",\"@id\":\"https:\/\/breeam-nor.byggalliansen.no\/v6\/bedomming-og-klassifisering\/#breadcrumb\",\"itemListElement\":[{\"@type\":\"ListItem\",\"position\":1,\"name\":\"BREEAM-NOR\",\"item\":\"https:\/\/breeam-nor.byggalliansen.no\/v6\/\"},{\"@type\":\"ListItem\",\"position\":2,\"name\":\"Poeng og klassifisering for BREEAM-NOR-bygninger\"}]},{\"@type\":\"WebSite\",\"@id\":\"https:\/\/breeam-nor.byggalliansen.no\/v6\/#website\",\"url\":\"https:\/\/breeam-nor.byggalliansen.no\/v6\/\",\"name\":\"BREEAM-NOR\",\"description\":\"Versjon 6.1.1, 2024\",\"potentialAction\":[{\"@type\":\"SearchAction\",\"target\":{\"@type\":\"EntryPoint\",\"urlTemplate\":\"https:\/\/breeam-nor.byggalliansen.no\/v6\/?s={search_term_string}\"},\"query-input\":{\"@type\":\"PropertyValueSpecification\",\"valueRequired\":true,\"valueName\":\"search_term_string\"}}],\"inLanguage\":\"nb-NO\"}]}<\/script>\n<!-- \/ Yoast SEO plugin. -->","yoast_head_json":{"title":"Poeng og klassifisering for BREEAM-NOR-bygninger - BREEAM-NOR","robots":{"index":"index","follow":"follow","max-snippet":"max-snippet:-1","max-image-preview":"max-image-preview:large","max-video-preview":"max-video-preview:-1"},"canonical":"https:\/\/breeam-nor.byggalliansen.no\/v6\/bedomming-og-klassifisering\/","og_locale":"nb_NO","og_type":"article","og_title":"Poeng og klassifisering for BREEAM-NOR-bygninger - BREEAM-NOR","og_description":"F\u00f8lgende punkter bestemmer den samlede ytelsen for et nybyggprosjekt som vurderes i henhold til BREEAM-NOR: Hvordan disse punktene utgj\u00f8r en BREEAM-NOR-klassifisering, sammenfattes nedenfor. Deretter f\u00f8lger en beskrivelse og et eksempel p\u00e5 hvordan en klassifisering beregnes. 4.1&nbsp;&nbsp; Emner og poeng BREEAM-NOR for nybygg best\u00e5r av en serie emner fordelt p\u00e5 ti tekniske kategorier. Hvert emne tar [&hellip;]","og_url":"https:\/\/breeam-nor.byggalliansen.no\/v6\/bedomming-og-klassifisering\/","og_site_name":"BREEAM-NOR","article_modified_time":"2025-06-10T12:57:22+00:00","twitter_card":"summary_large_image","twitter_misc":{"Ansl. lesetid":"8 minutter"},"schema":{"@context":"https:\/\/schema.org","@graph":[{"@type":"WebPage","@id":"https:\/\/breeam-nor.byggalliansen.no\/v6\/bedomming-og-klassifisering\/","url":"https:\/\/breeam-nor.byggalliansen.no\/v6\/bedomming-og-klassifisering\/","name":"Poeng og klassifisering for BREEAM-NOR-bygninger - BREEAM-NOR","isPartOf":{"@id":"https:\/\/breeam-nor.byggalliansen.no\/v6\/#website"},"datePublished":"2025-01-08T08:39:42+00:00","dateModified":"2025-06-10T12:57:22+00:00","breadcrumb":{"@id":"https:\/\/breeam-nor.byggalliansen.no\/v6\/bedomming-og-klassifisering\/#breadcrumb"},"inLanguage":"nb-NO","potentialAction":[{"@type":"ReadAction","target":["https:\/\/breeam-nor.byggalliansen.no\/v6\/bedomming-og-klassifisering\/"]}]},{"@type":"BreadcrumbList","@id":"https:\/\/breeam-nor.byggalliansen.no\/v6\/bedomming-og-klassifisering\/#breadcrumb","itemListElement":[{"@type":"ListItem","position":1,"name":"BREEAM-NOR","item":"https:\/\/breeam-nor.byggalliansen.no\/v6\/"},{"@type":"ListItem","position":2,"name":"Poeng og klassifisering for BREEAM-NOR-bygninger"}]},{"@type":"WebSite","@id":"https:\/\/breeam-nor.byggalliansen.no\/v6\/#website","url":"https:\/\/breeam-nor.byggalliansen.no\/v6\/","name":"BREEAM-NOR","description":"Versjon 6.1.1, 2024","potentialAction":[{"@type":"SearchAction","target":{"@type":"EntryPoint","urlTemplate":"https:\/\/breeam-nor.byggalliansen.no\/v6\/?s={search_term_string}"},"query-input":{"@type":"PropertyValueSpecification","valueRequired":true,"valueName":"search_term_string"}}],"inLanguage":"nb-NO"}]}},"_links":{"self":[{"href":"https:\/\/breeam-nor.byggalliansen.no\/v6\/wp-json\/wp\/v2\/pages\/2257","targetHints":{"allow":["GET"]}}],"collection":[{"href":"https:\/\/breeam-nor.byggalliansen.no\/v6\/wp-json\/wp\/v2\/pages"}],"about":[{"href":"https:\/\/breeam-nor.byggalliansen.no\/v6\/wp-json\/wp\/v2\/types\/page"}],"author":[{"embeddable":true,"href":"https:\/\/breeam-nor.byggalliansen.no\/v6\/wp-json\/wp\/v2\/users\/2"}],"replies":[{"embeddable":true,"href":"https:\/\/breeam-nor.byggalliansen.no\/v6\/wp-json\/wp\/v2\/comments?post=2257"}],"version-history":[{"count":3,"href":"https:\/\/breeam-nor.byggalliansen.no\/v6\/wp-json\/wp\/v2\/pages\/2257\/revisions"}],"predecessor-version":[{"id":5748,"href":"https:\/\/breeam-nor.byggalliansen.no\/v6\/wp-json\/wp\/v2\/pages\/2257\/revisions\/5748"}],"wp:attachment":[{"href":"https:\/\/breeam-nor.byggalliansen.no\/v6\/wp-json\/wp\/v2\/media?parent=2257"}],"wp:term":[{"taxonomy":"category","embeddable":true,"href":"https:\/\/breeam-nor.byggalliansen.no\/v6\/wp-json\/wp\/v2\/categories?post=2257"},{"taxonomy":"connection","embeddable":true,"href":"https:\/\/breeam-nor.byggalliansen.no\/v6\/wp-json\/wp\/v2\/connection?post=2257"}],"curies":[{"name":"wp","href":"https:\/\/api.w.org\/{rel}","templated":true}]}}