{"id":4105,"date":"2025-04-10T14:48:48","date_gmt":"2025-04-10T14:48:48","guid":{"rendered":"https:\/\/breeam-nor.byggalliansen.no\/v6\/?page_id=4105"},"modified":"2025-04-23T14:11:12","modified_gmt":"2025-04-23T14:11:12","slug":"materialer","status":"publish","type":"page","link":"https:\/\/breeam-nor.byggalliansen.no\/v6\/kategorier-og-emner\/materialer\/","title":{"rendered":"Materialer"},"content":{"rendered":"\n<p>Denne kategorien oppfordrer til \u00e5 velge gode bygningsprodukter og prosjekteringsl\u00f8sninger som reduserer de milj\u00f8messige og sosiale konsekvensene i et prosjekt. Et bygningsprodukts p\u00e5virkning blir vurdert gjennom hele dets livssyklus ved \u00e5 vurdere milj\u00f8kostnadene ved produksjon, design, anskaffelse, installasjon, i bruk og ved endt levetid. Emnene fokuserer p\u00e5 materialeffektivitet og ombruk, klimagassutslipp, ansvarlig innkj\u00f8p, robuste materialvalg og byggets endringsdyktighet og ombrukbarhet.<\/p>\n\n\n\n<p><\/p>\n","protected":false},"excerpt":{"rendered":"<p>Denne kategorien oppfordrer til \u00e5 velge gode bygningsprodukter og prosjekteringsl\u00f8sninger som reduserer de milj\u00f8messige og sosiale konsekvensene i et prosjekt. Et bygningsprodukts p\u00e5virkning blir vurdert gjennom hele dets livssyklus ved \u00e5 vurdere milj\u00f8kostnadene ved produksjon, design, anskaffelse, installasjon, i bruk og ved endt levetid. Emnene fokuserer p\u00e5 materialeffektivitet og ombruk, klimagassutslipp, ansvarlig innkj\u00f8p, robuste materialvalg [&hellip;]<\/p>\n","protected":false},"author":5,"featured_media":0,"parent":2021,"menu_order":5,"comment_status":"closed","ping_status":"closed","template":"page-portal.php","meta":{"_acf_changed":false,"footnotes":""},"categories":[],"connection":[304],"class_list":["post-4105","page","type-page","status-publish","hentry","connection-304"],"acf":[],"yoast_head":"<!-- This site is optimized with the Yoast SEO plugin v25.4 - https:\/\/yoast.com\/wordpress\/plugins\/seo\/ -->\n<title>Materialer - BREEAM-NOR<\/title>\n<meta name=\"robots\" content=\"index, follow, max-snippet:-1, max-image-preview:large, max-video-preview:-1\" \/>\n<link rel=\"canonical\" href=\"https:\/\/breeam-nor.byggalliansen.no\/v6\/kategorier-og-emner\/materialer\/\" \/>\n<meta property=\"og:locale\" content=\"nb_NO\" \/>\n<meta property=\"og:type\" content=\"article\" \/>\n<meta property=\"og:title\" content=\"Materialer - BREEAM-NOR\" \/>\n<meta property=\"og:description\" content=\"Denne kategorien oppfordrer til \u00e5 velge gode bygningsprodukter og prosjekteringsl\u00f8sninger som reduserer de milj\u00f8messige og sosiale konsekvensene i et prosjekt. Et bygningsprodukts p\u00e5virkning blir vurdert gjennom hele dets livssyklus ved \u00e5 vurdere milj\u00f8kostnadene ved produksjon, design, anskaffelse, installasjon, i bruk og ved endt levetid. Emnene fokuserer p\u00e5 materialeffektivitet og ombruk, klimagassutslipp, ansvarlig innkj\u00f8p, robuste materialvalg [&hellip;]\" \/>\n<meta property=\"og:url\" content=\"https:\/\/breeam-nor.byggalliansen.no\/v6\/kategorier-og-emner\/materialer\/\" \/>\n<meta property=\"og:site_name\" content=\"BREEAM-NOR\" \/>\n<meta property=\"article:modified_time\" content=\"2025-04-23T14:11:12+00:00\" \/>\n<meta name=\"twitter:card\" content=\"summary_large_image\" \/>\n<meta name=\"twitter:label1\" content=\"Ansl. lesetid\" \/>\n\t<meta name=\"twitter:data1\" content=\"1 minutt\" \/>\n<script type=\"application\/ld+json\" class=\"yoast-schema-graph\">{\"@context\":\"https:\/\/schema.org\",\"@graph\":[{\"@type\":\"WebPage\",\"@id\":\"https:\/\/breeam-nor.byggalliansen.no\/v6\/kategorier-og-emner\/materialer\/\",\"url\":\"https:\/\/breeam-nor.byggalliansen.no\/v6\/kategorier-og-emner\/materialer\/\",\"name\":\"Materialer - BREEAM-NOR\",\"isPartOf\":{\"@id\":\"https:\/\/breeam-nor.byggalliansen.no\/v6\/#website\"},\"datePublished\":\"2025-04-10T14:48:48+00:00\",\"dateModified\":\"2025-04-23T14:11:12+00:00\",\"breadcrumb\":{\"@id\":\"https:\/\/breeam-nor.byggalliansen.no\/v6\/kategorier-og-emner\/materialer\/#breadcrumb\"},\"inLanguage\":\"nb-NO\",\"potentialAction\":[{\"@type\":\"ReadAction\",\"target\":[\"https:\/\/breeam-nor.byggalliansen.no\/v6\/kategorier-og-emner\/materialer\/\"]}]},{\"@type\":\"BreadcrumbList\",\"@id\":\"https:\/\/breeam-nor.byggalliansen.no\/v6\/kategorier-og-emner\/materialer\/#breadcrumb\",\"itemListElement\":[{\"@type\":\"ListItem\",\"position\":1,\"name\":\"BREEAM-NOR\",\"item\":\"https:\/\/breeam-nor.byggalliansen.no\/v6\/\"},{\"@type\":\"ListItem\",\"position\":2,\"name\":\"Kategorier og emner\",\"item\":\"https:\/\/breeam-nor.byggalliansen.no\/v6\/kategorier-og-emner\/\"},{\"@type\":\"ListItem\",\"position\":3,\"name\":\"Materialer\"}]},{\"@type\":\"WebSite\",\"@id\":\"https:\/\/breeam-nor.byggalliansen.no\/v6\/#website\",\"url\":\"https:\/\/breeam-nor.byggalliansen.no\/v6\/\",\"name\":\"BREEAM-NOR\",\"description\":\"Versjon 6.1.1, 2024\",\"potentialAction\":[{\"@type\":\"SearchAction\",\"target\":{\"@type\":\"EntryPoint\",\"urlTemplate\":\"https:\/\/breeam-nor.byggalliansen.no\/v6\/?s={search_term_string}\"},\"query-input\":{\"@type\":\"PropertyValueSpecification\",\"valueRequired\":true,\"valueName\":\"search_term_string\"}}],\"inLanguage\":\"nb-NO\"}]}<\/script>\n<!-- \/ Yoast SEO plugin. -->","yoast_head_json":{"title":"Materialer - BREEAM-NOR","robots":{"index":"index","follow":"follow","max-snippet":"max-snippet:-1","max-image-preview":"max-image-preview:large","max-video-preview":"max-video-preview:-1"},"canonical":"https:\/\/breeam-nor.byggalliansen.no\/v6\/kategorier-og-emner\/materialer\/","og_locale":"nb_NO","og_type":"article","og_title":"Materialer - BREEAM-NOR","og_description":"Denne kategorien oppfordrer til \u00e5 velge gode bygningsprodukter og prosjekteringsl\u00f8sninger som reduserer de milj\u00f8messige og sosiale konsekvensene i et prosjekt. Et bygningsprodukts p\u00e5virkning blir vurdert gjennom hele dets livssyklus ved \u00e5 vurdere milj\u00f8kostnadene ved produksjon, design, anskaffelse, installasjon, i bruk og ved endt levetid. Emnene fokuserer p\u00e5 materialeffektivitet og ombruk, klimagassutslipp, ansvarlig innkj\u00f8p, robuste materialvalg [&hellip;]","og_url":"https:\/\/breeam-nor.byggalliansen.no\/v6\/kategorier-og-emner\/materialer\/","og_site_name":"BREEAM-NOR","article_modified_time":"2025-04-23T14:11:12+00:00","twitter_card":"summary_large_image","twitter_misc":{"Ansl. lesetid":"1 minutt"},"schema":{"@context":"https:\/\/schema.org","@graph":[{"@type":"WebPage","@id":"https:\/\/breeam-nor.byggalliansen.no\/v6\/kategorier-og-emner\/materialer\/","url":"https:\/\/breeam-nor.byggalliansen.no\/v6\/kategorier-og-emner\/materialer\/","name":"Materialer - BREEAM-NOR","isPartOf":{"@id":"https:\/\/breeam-nor.byggalliansen.no\/v6\/#website"},"datePublished":"2025-04-10T14:48:48+00:00","dateModified":"2025-04-23T14:11:12+00:00","breadcrumb":{"@id":"https:\/\/breeam-nor.byggalliansen.no\/v6\/kategorier-og-emner\/materialer\/#breadcrumb"},"inLanguage":"nb-NO","potentialAction":[{"@type":"ReadAction","target":["https:\/\/breeam-nor.byggalliansen.no\/v6\/kategorier-og-emner\/materialer\/"]}]},{"@type":"BreadcrumbList","@id":"https:\/\/breeam-nor.byggalliansen.no\/v6\/kategorier-og-emner\/materialer\/#breadcrumb","itemListElement":[{"@type":"ListItem","position":1,"name":"BREEAM-NOR","item":"https:\/\/breeam-nor.byggalliansen.no\/v6\/"},{"@type":"ListItem","position":2,"name":"Kategorier og emner","item":"https:\/\/breeam-nor.byggalliansen.no\/v6\/kategorier-og-emner\/"},{"@type":"ListItem","position":3,"name":"Materialer"}]},{"@type":"WebSite","@id":"https:\/\/breeam-nor.byggalliansen.no\/v6\/#website","url":"https:\/\/breeam-nor.byggalliansen.no\/v6\/","name":"BREEAM-NOR","description":"Versjon 6.1.1, 2024","potentialAction":[{"@type":"SearchAction","target":{"@type":"EntryPoint","urlTemplate":"https:\/\/breeam-nor.byggalliansen.no\/v6\/?s={search_term_string}"},"query-input":{"@type":"PropertyValueSpecification","valueRequired":true,"valueName":"search_term_string"}}],"inLanguage":"nb-NO"}]}},"_links":{"self":[{"href":"https:\/\/breeam-nor.byggalliansen.no\/v6\/wp-json\/wp\/v2\/pages\/4105","targetHints":{"allow":["GET"]}}],"collection":[{"href":"https:\/\/breeam-nor.byggalliansen.no\/v6\/wp-json\/wp\/v2\/pages"}],"about":[{"href":"https:\/\/breeam-nor.byggalliansen.no\/v6\/wp-json\/wp\/v2\/types\/page"}],"author":[{"embeddable":true,"href":"https:\/\/breeam-nor.byggalliansen.no\/v6\/wp-json\/wp\/v2\/users\/5"}],"replies":[{"embeddable":true,"href":"https:\/\/breeam-nor.byggalliansen.no\/v6\/wp-json\/wp\/v2\/comments?post=4105"}],"version-history":[{"count":2,"href":"https:\/\/breeam-nor.byggalliansen.no\/v6\/wp-json\/wp\/v2\/pages\/4105\/revisions"}],"predecessor-version":[{"id":4454,"href":"https:\/\/breeam-nor.byggalliansen.no\/v6\/wp-json\/wp\/v2\/pages\/4105\/revisions\/4454"}],"up":[{"embeddable":true,"href":"https:\/\/breeam-nor.byggalliansen.no\/v6\/wp-json\/wp\/v2\/pages\/2021"}],"wp:attachment":[{"href":"https:\/\/breeam-nor.byggalliansen.no\/v6\/wp-json\/wp\/v2\/media?parent=4105"}],"wp:term":[{"taxonomy":"category","embeddable":true,"href":"https:\/\/breeam-nor.byggalliansen.no\/v6\/wp-json\/wp\/v2\/categories?post=4105"},{"taxonomy":"connection","embeddable":true,"href":"https:\/\/breeam-nor.byggalliansen.no\/v6\/wp-json\/wp\/v2\/connection?post=4105"}],"curies":[{"name":"wp","href":"https:\/\/api.w.org\/{rel}","templated":true}]}}