{"id":4113,"date":"2025-04-10T14:52:07","date_gmt":"2025-04-10T14:52:07","guid":{"rendered":"https:\/\/breeam-nor.byggalliansen.no\/v6\/?page_id=4113"},"modified":"2025-04-10T14:52:07","modified_gmt":"2025-04-10T14:52:07","slug":"innovasjon","status":"publish","type":"page","link":"https:\/\/breeam-nor.byggalliansen.no\/v6\/kategorier-og-emner\/innovasjon\/","title":{"rendered":"Innovasjon"},"content":{"rendered":"\n<p>Innovasjonskategorien gj\u00f8r det mulig \u00e5 anerkjenne m\u00f8nstergyldig niv\u00e5 og innovasjon som ikke inng\u00e5r i eller faller utenfor poengkriteriene. Dette omfatter poeng der et bygg viser m\u00f8nstergyldig niv\u00e5 innenfor et bestemt emne. Det omfatter ogs\u00e5 innovative produkter og prosesser det kan kreves innovasjonspoeng for dersom disse produktene og prosessene har blitt godkjent av BRE Global.<\/p>\n\n\n\n<p>De kostnadsbesparende fordelene ved innovasjon fremmes og tilrettelegges ved \u00e5 hjelpe til med \u00e5 oppmuntre, drive og offentliggj\u00f8re akselerert bruk av innovative tiltak.<\/p>\n\n\n\n<p><\/p>\n","protected":false},"excerpt":{"rendered":"<p>Innovasjonskategorien gj\u00f8r det mulig \u00e5 anerkjenne m\u00f8nstergyldig niv\u00e5 og innovasjon som ikke inng\u00e5r i eller faller utenfor poengkriteriene. Dette omfatter poeng der et bygg viser m\u00f8nstergyldig niv\u00e5 innenfor et bestemt emne. Det omfatter ogs\u00e5 innovative produkter og prosesser det kan kreves innovasjonspoeng for dersom disse produktene og prosessene har blitt godkjent av BRE Global. De [&hellip;]<\/p>\n","protected":false},"author":5,"featured_media":0,"parent":2021,"menu_order":9,"comment_status":"closed","ping_status":"closed","template":"page-portal.php","meta":{"_acf_changed":false,"footnotes":""},"categories":[],"connection":[307],"class_list":["post-4113","page","type-page","status-publish","hentry","connection-307"],"acf":[],"yoast_head":"<!-- This site is optimized with the Yoast SEO plugin v25.4 - https:\/\/yoast.com\/wordpress\/plugins\/seo\/ -->\n<title>Innovasjon - BREEAM-NOR<\/title>\n<meta name=\"robots\" content=\"index, follow, max-snippet:-1, max-image-preview:large, max-video-preview:-1\" \/>\n<link rel=\"canonical\" href=\"https:\/\/breeam-nor.byggalliansen.no\/v6\/kategorier-og-emner\/innovasjon\/\" \/>\n<meta property=\"og:locale\" content=\"nb_NO\" \/>\n<meta property=\"og:type\" content=\"article\" \/>\n<meta property=\"og:title\" content=\"Innovasjon - BREEAM-NOR\" \/>\n<meta property=\"og:description\" content=\"Innovasjonskategorien gj\u00f8r det mulig \u00e5 anerkjenne m\u00f8nstergyldig niv\u00e5 og innovasjon som ikke inng\u00e5r i eller faller utenfor poengkriteriene. Dette omfatter poeng der et bygg viser m\u00f8nstergyldig niv\u00e5 innenfor et bestemt emne. Det omfatter ogs\u00e5 innovative produkter og prosesser det kan kreves innovasjonspoeng for dersom disse produktene og prosessene har blitt godkjent av BRE Global. De [&hellip;]\" \/>\n<meta property=\"og:url\" content=\"https:\/\/breeam-nor.byggalliansen.no\/v6\/kategorier-og-emner\/innovasjon\/\" \/>\n<meta property=\"og:site_name\" content=\"BREEAM-NOR\" \/>\n<meta name=\"twitter:card\" content=\"summary_large_image\" \/>\n<meta name=\"twitter:label1\" content=\"Ansl. lesetid\" \/>\n\t<meta name=\"twitter:data1\" content=\"1 minutt\" \/>\n<script type=\"application\/ld+json\" class=\"yoast-schema-graph\">{\"@context\":\"https:\/\/schema.org\",\"@graph\":[{\"@type\":\"WebPage\",\"@id\":\"https:\/\/breeam-nor.byggalliansen.no\/v6\/kategorier-og-emner\/innovasjon\/\",\"url\":\"https:\/\/breeam-nor.byggalliansen.no\/v6\/kategorier-og-emner\/innovasjon\/\",\"name\":\"Innovasjon - BREEAM-NOR\",\"isPartOf\":{\"@id\":\"https:\/\/breeam-nor.byggalliansen.no\/v6\/#website\"},\"datePublished\":\"2025-04-10T14:52:07+00:00\",\"breadcrumb\":{\"@id\":\"https:\/\/breeam-nor.byggalliansen.no\/v6\/kategorier-og-emner\/innovasjon\/#breadcrumb\"},\"inLanguage\":\"nb-NO\",\"potentialAction\":[{\"@type\":\"ReadAction\",\"target\":[\"https:\/\/breeam-nor.byggalliansen.no\/v6\/kategorier-og-emner\/innovasjon\/\"]}]},{\"@type\":\"BreadcrumbList\",\"@id\":\"https:\/\/breeam-nor.byggalliansen.no\/v6\/kategorier-og-emner\/innovasjon\/#breadcrumb\",\"itemListElement\":[{\"@type\":\"ListItem\",\"position\":1,\"name\":\"BREEAM-NOR\",\"item\":\"https:\/\/breeam-nor.byggalliansen.no\/v6\/\"},{\"@type\":\"ListItem\",\"position\":2,\"name\":\"Kategorier og emner\",\"item\":\"https:\/\/breeam-nor.byggalliansen.no\/v6\/kategorier-og-emner\/\"},{\"@type\":\"ListItem\",\"position\":3,\"name\":\"Innovasjon\"}]},{\"@type\":\"WebSite\",\"@id\":\"https:\/\/breeam-nor.byggalliansen.no\/v6\/#website\",\"url\":\"https:\/\/breeam-nor.byggalliansen.no\/v6\/\",\"name\":\"BREEAM-NOR\",\"description\":\"Versjon 6.1.1, 2024\",\"potentialAction\":[{\"@type\":\"SearchAction\",\"target\":{\"@type\":\"EntryPoint\",\"urlTemplate\":\"https:\/\/breeam-nor.byggalliansen.no\/v6\/?s={search_term_string}\"},\"query-input\":{\"@type\":\"PropertyValueSpecification\",\"valueRequired\":true,\"valueName\":\"search_term_string\"}}],\"inLanguage\":\"nb-NO\"}]}<\/script>\n<!-- \/ Yoast SEO plugin. -->","yoast_head_json":{"title":"Innovasjon - BREEAM-NOR","robots":{"index":"index","follow":"follow","max-snippet":"max-snippet:-1","max-image-preview":"max-image-preview:large","max-video-preview":"max-video-preview:-1"},"canonical":"https:\/\/breeam-nor.byggalliansen.no\/v6\/kategorier-og-emner\/innovasjon\/","og_locale":"nb_NO","og_type":"article","og_title":"Innovasjon - BREEAM-NOR","og_description":"Innovasjonskategorien gj\u00f8r det mulig \u00e5 anerkjenne m\u00f8nstergyldig niv\u00e5 og innovasjon som ikke inng\u00e5r i eller faller utenfor poengkriteriene. Dette omfatter poeng der et bygg viser m\u00f8nstergyldig niv\u00e5 innenfor et bestemt emne. Det omfatter ogs\u00e5 innovative produkter og prosesser det kan kreves innovasjonspoeng for dersom disse produktene og prosessene har blitt godkjent av BRE Global. De [&hellip;]","og_url":"https:\/\/breeam-nor.byggalliansen.no\/v6\/kategorier-og-emner\/innovasjon\/","og_site_name":"BREEAM-NOR","twitter_card":"summary_large_image","twitter_misc":{"Ansl. lesetid":"1 minutt"},"schema":{"@context":"https:\/\/schema.org","@graph":[{"@type":"WebPage","@id":"https:\/\/breeam-nor.byggalliansen.no\/v6\/kategorier-og-emner\/innovasjon\/","url":"https:\/\/breeam-nor.byggalliansen.no\/v6\/kategorier-og-emner\/innovasjon\/","name":"Innovasjon - BREEAM-NOR","isPartOf":{"@id":"https:\/\/breeam-nor.byggalliansen.no\/v6\/#website"},"datePublished":"2025-04-10T14:52:07+00:00","breadcrumb":{"@id":"https:\/\/breeam-nor.byggalliansen.no\/v6\/kategorier-og-emner\/innovasjon\/#breadcrumb"},"inLanguage":"nb-NO","potentialAction":[{"@type":"ReadAction","target":["https:\/\/breeam-nor.byggalliansen.no\/v6\/kategorier-og-emner\/innovasjon\/"]}]},{"@type":"BreadcrumbList","@id":"https:\/\/breeam-nor.byggalliansen.no\/v6\/kategorier-og-emner\/innovasjon\/#breadcrumb","itemListElement":[{"@type":"ListItem","position":1,"name":"BREEAM-NOR","item":"https:\/\/breeam-nor.byggalliansen.no\/v6\/"},{"@type":"ListItem","position":2,"name":"Kategorier og emner","item":"https:\/\/breeam-nor.byggalliansen.no\/v6\/kategorier-og-emner\/"},{"@type":"ListItem","position":3,"name":"Innovasjon"}]},{"@type":"WebSite","@id":"https:\/\/breeam-nor.byggalliansen.no\/v6\/#website","url":"https:\/\/breeam-nor.byggalliansen.no\/v6\/","name":"BREEAM-NOR","description":"Versjon 6.1.1, 2024","potentialAction":[{"@type":"SearchAction","target":{"@type":"EntryPoint","urlTemplate":"https:\/\/breeam-nor.byggalliansen.no\/v6\/?s={search_term_string}"},"query-input":{"@type":"PropertyValueSpecification","valueRequired":true,"valueName":"search_term_string"}}],"inLanguage":"nb-NO"}]}},"_links":{"self":[{"href":"https:\/\/breeam-nor.byggalliansen.no\/v6\/wp-json\/wp\/v2\/pages\/4113","targetHints":{"allow":["GET"]}}],"collection":[{"href":"https:\/\/breeam-nor.byggalliansen.no\/v6\/wp-json\/wp\/v2\/pages"}],"about":[{"href":"https:\/\/breeam-nor.byggalliansen.no\/v6\/wp-json\/wp\/v2\/types\/page"}],"author":[{"embeddable":true,"href":"https:\/\/breeam-nor.byggalliansen.no\/v6\/wp-json\/wp\/v2\/users\/5"}],"replies":[{"embeddable":true,"href":"https:\/\/breeam-nor.byggalliansen.no\/v6\/wp-json\/wp\/v2\/comments?post=4113"}],"version-history":[{"count":1,"href":"https:\/\/breeam-nor.byggalliansen.no\/v6\/wp-json\/wp\/v2\/pages\/4113\/revisions"}],"predecessor-version":[{"id":4114,"href":"https:\/\/breeam-nor.byggalliansen.no\/v6\/wp-json\/wp\/v2\/pages\/4113\/revisions\/4114"}],"up":[{"embeddable":true,"href":"https:\/\/breeam-nor.byggalliansen.no\/v6\/wp-json\/wp\/v2\/pages\/2021"}],"wp:attachment":[{"href":"https:\/\/breeam-nor.byggalliansen.no\/v6\/wp-json\/wp\/v2\/media?parent=4113"}],"wp:term":[{"taxonomy":"category","embeddable":true,"href":"https:\/\/breeam-nor.byggalliansen.no\/v6\/wp-json\/wp\/v2\/categories?post=4113"},{"taxonomy":"connection","embeddable":true,"href":"https:\/\/breeam-nor.byggalliansen.no\/v6\/wp-json\/wp\/v2\/connection?post=4113"}],"curies":[{"name":"wp","href":"https:\/\/api.w.org\/{rel}","templated":true}]}}