{"id":4214,"date":"2025-04-22T11:39:25","date_gmt":"2025-04-22T11:39:25","guid":{"rendered":"https:\/\/breeam-nor.byggalliansen.no\/v6\/emneforside-til-kopiering\/"},"modified":"2025-08-19T07:44:08","modified_gmt":"2025-08-19T07:44:08","slug":"ene-01-bygningens-energiytelse","status":"publish","type":"page","link":"https:\/\/breeam-nor.byggalliansen.no\/v6\/kategorier-og-emner\/energi\/ene-01-bygningens-energiytelse\/","title":{"rendered":"Ene 01 Bygningens energiytelse"},"content":{"rendered":"\n<figure class=\"wp-block-table is-style-core-borders\"><table class=\"has-fixed-layout\"><tbody><tr><td colspan=\"5\"><strong>Minstekrav<\/strong>&nbsp;<\/td><\/tr><tr><td>Pass<\/td><td>Good<\/td><td>Very Good&nbsp;<\/td><td>Excellent&nbsp;<\/td><td>Outstanding&nbsp;<\/td><\/tr><tr><td>\u2013&nbsp;<br><\/td><td>\u2013&nbsp;<br><\/td><td>\u2013&nbsp;<br><\/td><td>Krit. 9\u201312 <br>(2 poeng)*<\/td><td>Krit. 9\u201312 <br>(2 poeng)*<\/td><\/tr><\/tbody><\/table><figcaption class=\"wp-element-caption\">* Som et minimum m\u00e5 1 poeng oppn\u00e5s for kriterier 9\u201310 PLUSS 1 poeng for kriterier 11\u201312.<\/figcaption><\/figure>\n\n\n\n<h3 class=\"wp-block-heading\"><\/h3>\n\n\n    <div class=\"core-block-faq\">\n        <div class=\"core-block-faq-header\">\n            <h2> <\/h2>\n        <\/div>\n        <div class=\"core-block-faq-container\">\n                                <div class=\"faq-panel\">\n                            <h3>\n                                <button id=\"accordian-block_34041bf3e2ef9f59ac413962ebb8ad07-1\" aria-expanded=\"false\" aria-controls=\"sec-block_34041bf3e2ef9f59ac413962ebb8ad07-1\">\n                                    <span>Form\u00e5l<\/span>\n                                    <em class=\"zmdi zmdi-chevron-down\"><\/em>\n                                <\/button>\n                            <\/h3>\n                            <div id=\"sec-block_34041bf3e2ef9f59ac413962ebb8ad07-1\" class=\"faq-panel-content\" role=\"region\" aria-labelledby=\"accordian-block_34041bf3e2ef9f59ac413962ebb8ad07-1\">\n                                <div class=\"faq-panel-text\">\n                                    <p>Anerkjenne og oppfordre til bygg med minimalt energiforbruk i driftsfasen gjennom god utforming.<\/p>\n                                <\/div>\n                            <\/div>        \n                        <\/div> \n                                                <div class=\"faq-panel\">\n                            <h3>\n                                <button id=\"accordian-block_34041bf3e2ef9f59ac413962ebb8ad07-2\" aria-expanded=\"false\" aria-controls=\"sec-block_34041bf3e2ef9f59ac413962ebb8ad07-2\">\n                                    <span>Innredet\/uinnredet bygg<\/span>\n                                    <em class=\"zmdi zmdi-chevron-down\"><\/em>\n                                <\/button>\n                            <\/h3>\n                            <div id=\"sec-block_34041bf3e2ef9f59ac413962ebb8ad07-2\" class=\"faq-panel-content\" role=\"region\" aria-labelledby=\"accordian-block_34041bf3e2ef9f59ac413962ebb8ad07-2\">\n                                <div class=\"faq-panel-text\">\n                                    <figure class=\"wp-block-table is-style-core-borders\">\n<table class=\"has-fixed-layout\">\n<tbody>\n<tr>\n<td><\/td>\n<td><strong>Innredet<\/strong><\/td>\n<td><strong>Uinnredet<\/strong><\/td>\n<td><strong>R\u00e5bygg<\/strong><\/td>\n<\/tr>\n<tr>\n<td>Gjeldende vurderingskriterier<\/td>\n<td>Alle<\/td>\n<td>Alle<\/td>\n<td>1\u201312<\/td>\n<\/tr>\n<tr>\n<td>S\u00e6rskilte notater<\/td>\n<td>Ingen<\/td>\n<td>Se ref 1.1 og 1.2<br \/>\nSe Vedlegg D<\/td>\n<td>Se ref 1.1, 1.2 og 1.3<br \/>\nSe Vedlegg D<\/td>\n<\/tr>\n<\/tbody>\n<\/table>\n<\/figure>\n<p><!-- \/wp:table --> <!-- wp:paragraph --><\/p>\n<figure class=\"wp-block-table is-style-core-borders\">\n<table class=\"has-fixed-layout\">\n<tbody>\n<tr>\n<td colspan=\"2\"><strong>Notater for innredet\/uinnredet bygg<\/strong><\/td>\n<\/tr>\n<tr>\n<td>1.1<\/td>\n<td>Hvis spesifikasjonene for effektivitet og ytelse til enkelte av de bygningstekniske installasjonene ikke er kjent (dvs. de aktuelle installasjonene skal leveres som del av innredningsarbeidet, og dermed ikke er innenfor ansvarsomr\u00e5det til utbyggeren av det uinnredede r\u00e5bygget inkl. tekniske anlegg), skal energimodelleringen legge til grunn installasjoner som overholder minstekravene i gjeldende TEK.<br \/>\nEn reduksjon i netto energibehov kan p\u00e5vises ved \u00e5 anta en typisk planl\u00f8sning for den aktuelle bygningstypen ved bruk av bygningsutstyr som bare oppfyller minimumsstandarder.<\/td>\n<\/tr>\n<tr>\n<td>1.2<\/td>\n<td>I energimodelleringen kan prosjekteringsgruppen bruke ytelsesspesifikasjonene som er bekreftet i en avtale om gr\u00f8nn innredning (se vedlegg D), som er kontraktfestet med leietakerne for innredningsarbeidet. Denne regelen gjelder bare for bygningsomr\u00e5dene som dekkes av omfanget av avtalen om gr\u00f8nn innredning.<br \/>\nDersom det finnes arealer som er bygget uten at man har f\u00e5tt kontrakt med leietager, og arealer der man ikke har inng\u00e5tt en slik avtale, skal disse f\u00f8lge merknad 1.1.<\/td>\n<\/tr>\n<tr>\n<td>1.3<\/td>\n<td><strong>Energiforsyning med lavt klimagassutslipp <\/strong><br \/>\n<strong>Kriterier 5\u20137: <\/strong><br \/>\nForstudie m\u00e5 gjennomf\u00f8res basert p\u00e5 den forventede bygningsbruken og belastningene som er angitt i prosjekteringsopplysningene eller, der disse ikke er spesifisert, for sannsynlige scenarier. Det m\u00e5 vises at det finnes tilstrekkelig plass i bygningen for installasjon av fremtidige systemer og at bygningens utforming og orientering er optimalisert for fremtidige systemer.<\/td>\n<\/tr>\n<\/tbody>\n<\/table>\n<\/figure>\n                                <\/div>\n                            <\/div>        \n                        <\/div> \n                                                <div class=\"faq-panel\">\n                            <h3>\n                                <button id=\"accordian-block_34041bf3e2ef9f59ac413962ebb8ad07-3\" aria-expanded=\"false\" aria-controls=\"sec-block_34041bf3e2ef9f59ac413962ebb8ad07-3\">\n                                    <span>Spesielt for bygningstype<\/span>\n                                    <em class=\"zmdi zmdi-chevron-down\"><\/em>\n                                <\/button>\n                            <\/h3>\n                            <div id=\"sec-block_34041bf3e2ef9f59ac413962ebb8ad07-3\" class=\"faq-panel-content\" role=\"region\" aria-labelledby=\"accordian-block_34041bf3e2ef9f59ac413962ebb8ad07-3\">\n                                <div class=\"faq-panel-text\">\n                                    <figure class=\"wp-block-table is-style-core-borders\">\n<table class=\"has-fixed-layout\">\n<tbody>\n<tr>\n<td colspan=\"2\"><strong>Notater for bygningstype<\/strong><\/td>\n<\/tr>\n<tr>\n<td>2.0<\/td>\n<td><strong>Industri<\/strong><br \/>\nKriterium 1 gjelder ikke for industrienheter som bare inneholder et drifts- eller lagringsomr\u00e5de og er uten kontorlokaler eller andre oppholdsrom.<\/td>\n<\/tr>\n<\/tbody>\n<\/table>\n<\/figure>\n                                <\/div>\n                            <\/div>        \n                        <\/div> \n                                <\/div>\n    <\/div>\n\n\n\n<p><\/p>\n","protected":false},"excerpt":{"rendered":"<p>Anerkjenne og oppfordre til bygg med minimalt energiforbruk i driftsfasen gjennom god utforming.<\/p>\n","protected":false},"author":5,"featured_media":0,"parent":4101,"menu_order":0,"comment_status":"closed","ping_status":"closed","template":"page-portaltable.php","meta":{"_acf_changed":false,"footnotes":""},"categories":[],"connection":[312],"class_list":["post-4214","page","type-page","status-publish","hentry","connection-3-1"],"acf":[],"yoast_head":"<!-- This site is optimized with the Yoast SEO plugin v25.4 - https:\/\/yoast.com\/wordpress\/plugins\/seo\/ -->\n<title>Ene 01 Bygningens energiytelse - BREEAM-NOR<\/title>\n<meta name=\"robots\" content=\"index, follow, max-snippet:-1, max-image-preview:large, max-video-preview:-1\" \/>\n<link rel=\"canonical\" href=\"https:\/\/breeam-nor.byggalliansen.no\/v6\/kategorier-og-emner\/energi\/ene-01-bygningens-energiytelse\/\" \/>\n<meta property=\"og:locale\" content=\"nb_NO\" \/>\n<meta property=\"og:type\" content=\"article\" \/>\n<meta property=\"og:title\" content=\"Ene 01 Bygningens energiytelse - BREEAM-NOR\" \/>\n<meta property=\"og:description\" content=\"Anerkjenne og oppfordre til bygg med minimalt energiforbruk i driftsfasen gjennom god utforming.\" \/>\n<meta property=\"og:url\" content=\"https:\/\/breeam-nor.byggalliansen.no\/v6\/kategorier-og-emner\/energi\/ene-01-bygningens-energiytelse\/\" \/>\n<meta property=\"og:site_name\" content=\"BREEAM-NOR\" \/>\n<meta property=\"article:modified_time\" content=\"2025-08-19T07:44:08+00:00\" \/>\n<meta name=\"twitter:card\" content=\"summary_large_image\" \/>\n<meta name=\"twitter:label1\" content=\"Ansl. lesetid\" \/>\n\t<meta name=\"twitter:data1\" content=\"1 minutt\" \/>\n<script type=\"application\/ld+json\" class=\"yoast-schema-graph\">{\"@context\":\"https:\/\/schema.org\",\"@graph\":[{\"@type\":\"WebPage\",\"@id\":\"https:\/\/breeam-nor.byggalliansen.no\/v6\/kategorier-og-emner\/energi\/ene-01-bygningens-energiytelse\/\",\"url\":\"https:\/\/breeam-nor.byggalliansen.no\/v6\/kategorier-og-emner\/energi\/ene-01-bygningens-energiytelse\/\",\"name\":\"Ene 01 Bygningens energiytelse - BREEAM-NOR\",\"isPartOf\":{\"@id\":\"https:\/\/breeam-nor.byggalliansen.no\/v6\/#website\"},\"datePublished\":\"2025-04-22T11:39:25+00:00\",\"dateModified\":\"2025-08-19T07:44:08+00:00\",\"breadcrumb\":{\"@id\":\"https:\/\/breeam-nor.byggalliansen.no\/v6\/kategorier-og-emner\/energi\/ene-01-bygningens-energiytelse\/#breadcrumb\"},\"inLanguage\":\"nb-NO\",\"potentialAction\":[{\"@type\":\"ReadAction\",\"target\":[\"https:\/\/breeam-nor.byggalliansen.no\/v6\/kategorier-og-emner\/energi\/ene-01-bygningens-energiytelse\/\"]}]},{\"@type\":\"BreadcrumbList\",\"@id\":\"https:\/\/breeam-nor.byggalliansen.no\/v6\/kategorier-og-emner\/energi\/ene-01-bygningens-energiytelse\/#breadcrumb\",\"itemListElement\":[{\"@type\":\"ListItem\",\"position\":1,\"name\":\"BREEAM-NOR\",\"item\":\"https:\/\/breeam-nor.byggalliansen.no\/v6\/\"},{\"@type\":\"ListItem\",\"position\":2,\"name\":\"Kategorier og emner\",\"item\":\"https:\/\/breeam-nor.byggalliansen.no\/v6\/kategorier-og-emner\/\"},{\"@type\":\"ListItem\",\"position\":3,\"name\":\"Energi\",\"item\":\"https:\/\/breeam-nor.byggalliansen.no\/v6\/kategorier-og-emner\/energi\/\"},{\"@type\":\"ListItem\",\"position\":4,\"name\":\"Ene 01 Bygningens energiytelse\"}]},{\"@type\":\"WebSite\",\"@id\":\"https:\/\/breeam-nor.byggalliansen.no\/v6\/#website\",\"url\":\"https:\/\/breeam-nor.byggalliansen.no\/v6\/\",\"name\":\"BREEAM-NOR\",\"description\":\"Versjon 6.1.1, 2024\",\"potentialAction\":[{\"@type\":\"SearchAction\",\"target\":{\"@type\":\"EntryPoint\",\"urlTemplate\":\"https:\/\/breeam-nor.byggalliansen.no\/v6\/?s={search_term_string}\"},\"query-input\":{\"@type\":\"PropertyValueSpecification\",\"valueRequired\":true,\"valueName\":\"search_term_string\"}}],\"inLanguage\":\"nb-NO\"}]}<\/script>\n<!-- \/ Yoast SEO plugin. -->","yoast_head_json":{"title":"Ene 01 Bygningens energiytelse - BREEAM-NOR","robots":{"index":"index","follow":"follow","max-snippet":"max-snippet:-1","max-image-preview":"max-image-preview:large","max-video-preview":"max-video-preview:-1"},"canonical":"https:\/\/breeam-nor.byggalliansen.no\/v6\/kategorier-og-emner\/energi\/ene-01-bygningens-energiytelse\/","og_locale":"nb_NO","og_type":"article","og_title":"Ene 01 Bygningens energiytelse - BREEAM-NOR","og_description":"Anerkjenne og oppfordre til bygg med minimalt energiforbruk i driftsfasen gjennom god utforming.","og_url":"https:\/\/breeam-nor.byggalliansen.no\/v6\/kategorier-og-emner\/energi\/ene-01-bygningens-energiytelse\/","og_site_name":"BREEAM-NOR","article_modified_time":"2025-08-19T07:44:08+00:00","twitter_card":"summary_large_image","twitter_misc":{"Ansl. lesetid":"1 minutt"},"schema":{"@context":"https:\/\/schema.org","@graph":[{"@type":"WebPage","@id":"https:\/\/breeam-nor.byggalliansen.no\/v6\/kategorier-og-emner\/energi\/ene-01-bygningens-energiytelse\/","url":"https:\/\/breeam-nor.byggalliansen.no\/v6\/kategorier-og-emner\/energi\/ene-01-bygningens-energiytelse\/","name":"Ene 01 Bygningens energiytelse - BREEAM-NOR","isPartOf":{"@id":"https:\/\/breeam-nor.byggalliansen.no\/v6\/#website"},"datePublished":"2025-04-22T11:39:25+00:00","dateModified":"2025-08-19T07:44:08+00:00","breadcrumb":{"@id":"https:\/\/breeam-nor.byggalliansen.no\/v6\/kategorier-og-emner\/energi\/ene-01-bygningens-energiytelse\/#breadcrumb"},"inLanguage":"nb-NO","potentialAction":[{"@type":"ReadAction","target":["https:\/\/breeam-nor.byggalliansen.no\/v6\/kategorier-og-emner\/energi\/ene-01-bygningens-energiytelse\/"]}]},{"@type":"BreadcrumbList","@id":"https:\/\/breeam-nor.byggalliansen.no\/v6\/kategorier-og-emner\/energi\/ene-01-bygningens-energiytelse\/#breadcrumb","itemListElement":[{"@type":"ListItem","position":1,"name":"BREEAM-NOR","item":"https:\/\/breeam-nor.byggalliansen.no\/v6\/"},{"@type":"ListItem","position":2,"name":"Kategorier og emner","item":"https:\/\/breeam-nor.byggalliansen.no\/v6\/kategorier-og-emner\/"},{"@type":"ListItem","position":3,"name":"Energi","item":"https:\/\/breeam-nor.byggalliansen.no\/v6\/kategorier-og-emner\/energi\/"},{"@type":"ListItem","position":4,"name":"Ene 01 Bygningens energiytelse"}]},{"@type":"WebSite","@id":"https:\/\/breeam-nor.byggalliansen.no\/v6\/#website","url":"https:\/\/breeam-nor.byggalliansen.no\/v6\/","name":"BREEAM-NOR","description":"Versjon 6.1.1, 2024","potentialAction":[{"@type":"SearchAction","target":{"@type":"EntryPoint","urlTemplate":"https:\/\/breeam-nor.byggalliansen.no\/v6\/?s={search_term_string}"},"query-input":{"@type":"PropertyValueSpecification","valueRequired":true,"valueName":"search_term_string"}}],"inLanguage":"nb-NO"}]}},"_links":{"self":[{"href":"https:\/\/breeam-nor.byggalliansen.no\/v6\/wp-json\/wp\/v2\/pages\/4214","targetHints":{"allow":["GET"]}}],"collection":[{"href":"https:\/\/breeam-nor.byggalliansen.no\/v6\/wp-json\/wp\/v2\/pages"}],"about":[{"href":"https:\/\/breeam-nor.byggalliansen.no\/v6\/wp-json\/wp\/v2\/types\/page"}],"author":[{"embeddable":true,"href":"https:\/\/breeam-nor.byggalliansen.no\/v6\/wp-json\/wp\/v2\/users\/5"}],"replies":[{"embeddable":true,"href":"https:\/\/breeam-nor.byggalliansen.no\/v6\/wp-json\/wp\/v2\/comments?post=4214"}],"version-history":[{"count":3,"href":"https:\/\/breeam-nor.byggalliansen.no\/v6\/wp-json\/wp\/v2\/pages\/4214\/revisions"}],"predecessor-version":[{"id":6036,"href":"https:\/\/breeam-nor.byggalliansen.no\/v6\/wp-json\/wp\/v2\/pages\/4214\/revisions\/6036"}],"up":[{"embeddable":true,"href":"https:\/\/breeam-nor.byggalliansen.no\/v6\/wp-json\/wp\/v2\/pages\/4101"}],"wp:attachment":[{"href":"https:\/\/breeam-nor.byggalliansen.no\/v6\/wp-json\/wp\/v2\/media?parent=4214"}],"wp:term":[{"taxonomy":"category","embeddable":true,"href":"https:\/\/breeam-nor.byggalliansen.no\/v6\/wp-json\/wp\/v2\/categories?post=4214"},{"taxonomy":"connection","embeddable":true,"href":"https:\/\/breeam-nor.byggalliansen.no\/v6\/wp-json\/wp\/v2\/connection?post=4214"}],"curies":[{"name":"wp","href":"https:\/\/api.w.org\/{rel}","templated":true}]}}