{"id":4225,"date":"2025-04-22T12:00:11","date_gmt":"2025-04-22T12:00:11","guid":{"rendered":"https:\/\/breeam-nor.byggalliansen.no\/v6\/?page_id=4225"},"modified":"2025-06-06T08:01:10","modified_gmt":"2025-06-06T08:01:10","slug":"delmaling-av-energi-i-boliger","status":"publish","type":"page","link":"https:\/\/breeam-nor.byggalliansen.no\/v6\/kategorier-og-emner\/energi\/ene-02-energimaling\/delmaling-av-energi-i-boliger\/","title":{"rendered":"Delm\u00e5ling av energi i boliger"},"content":{"rendered":"\n<ol start=\"7\" class=\"wp-block-list\">\n<li>Det m\u00e5les elektrisk OG termisk energiforbruk per boenhet og p\u00e5 fellesarealer, samt totalt forbruk for hele bygget. Det skal tilrettelegges for at beboerne har en enkel m\u00e5te for \u00e5 f\u00f8lge opp egen energibruk (se Metode) via internett eller lignende med kortest mulig forsinkelse i overf\u00f8ring av data, dvs. dataoverf\u00f8ring minimum 1 gang per d\u00f8gn (se Metode).<\/li>\n<\/ol>\n","protected":false},"excerpt":{"rendered":"","protected":false},"author":5,"featured_media":0,"parent":4219,"menu_order":2,"comment_status":"closed","ping_status":"closed","template":"","meta":{"_acf_changed":false,"footnotes":""},"categories":[1],"connection":[283],"class_list":["post-4225","page","type-page","status-publish","hentry","category-kriterier","connection-3-2-3"],"acf":[],"yoast_head":"<!-- This site is optimized with the Yoast SEO plugin v25.4 - https:\/\/yoast.com\/wordpress\/plugins\/seo\/ -->\n<title>Delm\u00e5ling av energi i boliger - BREEAM-NOR<\/title>\n<meta name=\"robots\" content=\"index, follow, max-snippet:-1, max-image-preview:large, max-video-preview:-1\" \/>\n<link rel=\"canonical\" href=\"http:\/\/breeam-nor.byggalliansen.no\/v6\/kategorier-og-emner\/energi\/ene-02-energimaling\/delmaling-av-energi-i-boliger\/\" \/>\n<meta property=\"og:locale\" content=\"nb_NO\" \/>\n<meta property=\"og:type\" content=\"article\" \/>\n<meta property=\"og:title\" content=\"Delm\u00e5ling av energi i boliger - BREEAM-NOR\" \/>\n<meta property=\"og:url\" content=\"http:\/\/breeam-nor.byggalliansen.no\/v6\/kategorier-og-emner\/energi\/ene-02-energimaling\/delmaling-av-energi-i-boliger\/\" \/>\n<meta property=\"og:site_name\" content=\"BREEAM-NOR\" \/>\n<meta property=\"article:modified_time\" content=\"2025-06-06T08:01:10+00:00\" \/>\n<meta name=\"twitter:card\" content=\"summary_large_image\" \/>\n<meta name=\"twitter:label1\" content=\"Ansl. lesetid\" \/>\n\t<meta name=\"twitter:data1\" content=\"1 minutt\" \/>\n<script type=\"application\/ld+json\" class=\"yoast-schema-graph\">{\"@context\":\"https:\/\/schema.org\",\"@graph\":[{\"@type\":\"WebPage\",\"@id\":\"http:\/\/breeam-nor.byggalliansen.no\/v6\/kategorier-og-emner\/energi\/ene-02-energimaling\/delmaling-av-energi-i-boliger\/\",\"url\":\"http:\/\/breeam-nor.byggalliansen.no\/v6\/kategorier-og-emner\/energi\/ene-02-energimaling\/delmaling-av-energi-i-boliger\/\",\"name\":\"Delm\u00e5ling av energi i boliger - BREEAM-NOR\",\"isPartOf\":{\"@id\":\"https:\/\/breeam-nor.byggalliansen.no\/v6\/#website\"},\"datePublished\":\"2025-04-22T12:00:11+00:00\",\"dateModified\":\"2025-06-06T08:01:10+00:00\",\"breadcrumb\":{\"@id\":\"http:\/\/breeam-nor.byggalliansen.no\/v6\/kategorier-og-emner\/energi\/ene-02-energimaling\/delmaling-av-energi-i-boliger\/#breadcrumb\"},\"inLanguage\":\"nb-NO\",\"potentialAction\":[{\"@type\":\"ReadAction\",\"target\":[\"http:\/\/breeam-nor.byggalliansen.no\/v6\/kategorier-og-emner\/energi\/ene-02-energimaling\/delmaling-av-energi-i-boliger\/\"]}]},{\"@type\":\"BreadcrumbList\",\"@id\":\"http:\/\/breeam-nor.byggalliansen.no\/v6\/kategorier-og-emner\/energi\/ene-02-energimaling\/delmaling-av-energi-i-boliger\/#breadcrumb\",\"itemListElement\":[{\"@type\":\"ListItem\",\"position\":1,\"name\":\"BREEAM-NOR\",\"item\":\"https:\/\/breeam-nor.byggalliansen.no\/v6\/\"},{\"@type\":\"ListItem\",\"position\":2,\"name\":\"Kategorier og emner\",\"item\":\"https:\/\/breeam-nor.byggalliansen.no\/v6\/kategorier-og-emner\/\"},{\"@type\":\"ListItem\",\"position\":3,\"name\":\"Energi\",\"item\":\"https:\/\/breeam-nor.byggalliansen.no\/v6\/kategorier-og-emner\/energi\/\"},{\"@type\":\"ListItem\",\"position\":4,\"name\":\"Ene 02 Energim\u00e5ling\",\"item\":\"https:\/\/breeam-nor.byggalliansen.no\/v6\/kategorier-og-emner\/energi\/ene-02-energimaling\/\"},{\"@type\":\"ListItem\",\"position\":5,\"name\":\"Delm\u00e5ling av energi i boliger\"}]},{\"@type\":\"WebSite\",\"@id\":\"https:\/\/breeam-nor.byggalliansen.no\/v6\/#website\",\"url\":\"https:\/\/breeam-nor.byggalliansen.no\/v6\/\",\"name\":\"BREEAM-NOR\",\"description\":\"Versjon 6.1.1, 2024\",\"potentialAction\":[{\"@type\":\"SearchAction\",\"target\":{\"@type\":\"EntryPoint\",\"urlTemplate\":\"https:\/\/breeam-nor.byggalliansen.no\/v6\/?s={search_term_string}\"},\"query-input\":{\"@type\":\"PropertyValueSpecification\",\"valueRequired\":true,\"valueName\":\"search_term_string\"}}],\"inLanguage\":\"nb-NO\"}]}<\/script>\n<!-- \/ Yoast SEO plugin. -->","yoast_head_json":{"title":"Delm\u00e5ling av energi i boliger - BREEAM-NOR","robots":{"index":"index","follow":"follow","max-snippet":"max-snippet:-1","max-image-preview":"max-image-preview:large","max-video-preview":"max-video-preview:-1"},"canonical":"http:\/\/breeam-nor.byggalliansen.no\/v6\/kategorier-og-emner\/energi\/ene-02-energimaling\/delmaling-av-energi-i-boliger\/","og_locale":"nb_NO","og_type":"article","og_title":"Delm\u00e5ling av energi i boliger - BREEAM-NOR","og_url":"http:\/\/breeam-nor.byggalliansen.no\/v6\/kategorier-og-emner\/energi\/ene-02-energimaling\/delmaling-av-energi-i-boliger\/","og_site_name":"BREEAM-NOR","article_modified_time":"2025-06-06T08:01:10+00:00","twitter_card":"summary_large_image","twitter_misc":{"Ansl. lesetid":"1 minutt"},"schema":{"@context":"https:\/\/schema.org","@graph":[{"@type":"WebPage","@id":"http:\/\/breeam-nor.byggalliansen.no\/v6\/kategorier-og-emner\/energi\/ene-02-energimaling\/delmaling-av-energi-i-boliger\/","url":"http:\/\/breeam-nor.byggalliansen.no\/v6\/kategorier-og-emner\/energi\/ene-02-energimaling\/delmaling-av-energi-i-boliger\/","name":"Delm\u00e5ling av energi i boliger - BREEAM-NOR","isPartOf":{"@id":"https:\/\/breeam-nor.byggalliansen.no\/v6\/#website"},"datePublished":"2025-04-22T12:00:11+00:00","dateModified":"2025-06-06T08:01:10+00:00","breadcrumb":{"@id":"http:\/\/breeam-nor.byggalliansen.no\/v6\/kategorier-og-emner\/energi\/ene-02-energimaling\/delmaling-av-energi-i-boliger\/#breadcrumb"},"inLanguage":"nb-NO","potentialAction":[{"@type":"ReadAction","target":["http:\/\/breeam-nor.byggalliansen.no\/v6\/kategorier-og-emner\/energi\/ene-02-energimaling\/delmaling-av-energi-i-boliger\/"]}]},{"@type":"BreadcrumbList","@id":"http:\/\/breeam-nor.byggalliansen.no\/v6\/kategorier-og-emner\/energi\/ene-02-energimaling\/delmaling-av-energi-i-boliger\/#breadcrumb","itemListElement":[{"@type":"ListItem","position":1,"name":"BREEAM-NOR","item":"https:\/\/breeam-nor.byggalliansen.no\/v6\/"},{"@type":"ListItem","position":2,"name":"Kategorier og emner","item":"https:\/\/breeam-nor.byggalliansen.no\/v6\/kategorier-og-emner\/"},{"@type":"ListItem","position":3,"name":"Energi","item":"https:\/\/breeam-nor.byggalliansen.no\/v6\/kategorier-og-emner\/energi\/"},{"@type":"ListItem","position":4,"name":"Ene 02 Energim\u00e5ling","item":"https:\/\/breeam-nor.byggalliansen.no\/v6\/kategorier-og-emner\/energi\/ene-02-energimaling\/"},{"@type":"ListItem","position":5,"name":"Delm\u00e5ling av energi i boliger"}]},{"@type":"WebSite","@id":"https:\/\/breeam-nor.byggalliansen.no\/v6\/#website","url":"https:\/\/breeam-nor.byggalliansen.no\/v6\/","name":"BREEAM-NOR","description":"Versjon 6.1.1, 2024","potentialAction":[{"@type":"SearchAction","target":{"@type":"EntryPoint","urlTemplate":"https:\/\/breeam-nor.byggalliansen.no\/v6\/?s={search_term_string}"},"query-input":{"@type":"PropertyValueSpecification","valueRequired":true,"valueName":"search_term_string"}}],"inLanguage":"nb-NO"}]}},"_links":{"self":[{"href":"https:\/\/breeam-nor.byggalliansen.no\/v6\/wp-json\/wp\/v2\/pages\/4225","targetHints":{"allow":["GET"]}}],"collection":[{"href":"https:\/\/breeam-nor.byggalliansen.no\/v6\/wp-json\/wp\/v2\/pages"}],"about":[{"href":"https:\/\/breeam-nor.byggalliansen.no\/v6\/wp-json\/wp\/v2\/types\/page"}],"author":[{"embeddable":true,"href":"https:\/\/breeam-nor.byggalliansen.no\/v6\/wp-json\/wp\/v2\/users\/5"}],"replies":[{"embeddable":true,"href":"https:\/\/breeam-nor.byggalliansen.no\/v6\/wp-json\/wp\/v2\/comments?post=4225"}],"version-history":[{"count":1,"href":"https:\/\/breeam-nor.byggalliansen.no\/v6\/wp-json\/wp\/v2\/pages\/4225\/revisions"}],"predecessor-version":[{"id":4226,"href":"https:\/\/breeam-nor.byggalliansen.no\/v6\/wp-json\/wp\/v2\/pages\/4225\/revisions\/4226"}],"up":[{"embeddable":true,"href":"https:\/\/breeam-nor.byggalliansen.no\/v6\/wp-json\/wp\/v2\/pages\/4219"}],"wp:attachment":[{"href":"https:\/\/breeam-nor.byggalliansen.no\/v6\/wp-json\/wp\/v2\/media?parent=4225"}],"wp:term":[{"taxonomy":"category","embeddable":true,"href":"https:\/\/breeam-nor.byggalliansen.no\/v6\/wp-json\/wp\/v2\/categories?post=4225"},{"taxonomy":"connection","embeddable":true,"href":"https:\/\/breeam-nor.byggalliansen.no\/v6\/wp-json\/wp\/v2\/connection?post=4225"}],"curies":[{"name":"wp","href":"https:\/\/api.w.org\/{rel}","templated":true}]}}