{"id":4246,"date":"2025-04-22T12:52:56","date_gmt":"2025-04-22T12:52:56","guid":{"rendered":"https:\/\/breeam-nor.byggalliansen.no\/v6\/?page_id=4246"},"modified":"2025-06-11T10:38:43","modified_gmt":"2025-06-11T10:38:43","slug":"passiv-design","status":"publish","type":"page","link":"https:\/\/breeam-nor.byggalliansen.no\/v6\/kategorier-og-emner\/energi\/ene-01-bygningens-energiytelse\/passiv-design\/","title":{"rendered":"Passiv design"},"content":{"rendered":"\n<ol class=\"wp-block-list\">\n<li>Prosjektet har oppn\u00e5dd <a href=\"https:\/\/breeam-nor.byggalliansen.no\/v6\/kategorier-og-emner\/helse-og-innemiljo\/hea-03-termisk-komfort\/termisk-modellering\/\">f\u00f8rste poeng for Hea 03 Termisk milj\u00f8<\/a> innen utgangen av steg 3: Termisk modellering for \u00e5 dokumentere at bygningens utforming, som er analysert i mulighetsstudien for passiv design, ivaretar krav til termisk komfort i arealer for varig opphold.<\/li>\n\n\n\n<li>Senest i steg 3 har prosjektet gjennomf\u00f8rt en mulighetsstudie av passiv design (se Tilleggsinformasjon) for \u00e5 redusere energibehov til oppvarming, kj\u00f8ling, ventilasjon og belysning.<\/li>\n\n\n\n<li>De relevante tiltakene fra mulighetsstudiet er iverksatt i prosjektet og benyttes som grunnlag for energimerkeberegningene i kriteriene for Energiytelse.<\/li>\n\n\n\n<li>Resultater fra gjennomf\u00f8rt mulighetsstudie kvantifiseres ved \u00e5 beregne bygningens <dfn aria-describedby=\"desc-1745326326602-5ing3ho6j\" data-definition=\"Netto energibehov\">netto energibehov<\/dfn> og sammenlignes med energikrav i gjeldende Byggteknisk forskrift (TEK).<\/li>\n<\/ol>\n","protected":false},"excerpt":{"rendered":"","protected":false},"author":5,"featured_media":0,"parent":4214,"menu_order":0,"comment_status":"closed","ping_status":"closed","template":"","meta":{"_acf_changed":false,"footnotes":""},"categories":[1],"connection":[273],"class_list":["post-4246","page","type-page","status-publish","hentry","category-kriterier","connection-3-1-1"],"acf":[],"yoast_head":"<!-- This site is optimized with the Yoast SEO plugin v25.4 - https:\/\/yoast.com\/wordpress\/plugins\/seo\/ -->\n<title>Passiv design - BREEAM-NOR<\/title>\n<meta name=\"robots\" content=\"index, follow, max-snippet:-1, max-image-preview:large, max-video-preview:-1\" \/>\n<link rel=\"canonical\" href=\"https:\/\/breeam-nor.byggalliansen.no\/v6\/kategorier-og-emner\/energi\/ene-01-bygningens-energiytelse\/passiv-design\/\" \/>\n<meta property=\"og:locale\" content=\"nb_NO\" \/>\n<meta property=\"og:type\" content=\"article\" \/>\n<meta property=\"og:title\" content=\"Passiv design - BREEAM-NOR\" \/>\n<meta property=\"og:url\" content=\"https:\/\/breeam-nor.byggalliansen.no\/v6\/kategorier-og-emner\/energi\/ene-01-bygningens-energiytelse\/passiv-design\/\" \/>\n<meta property=\"og:site_name\" content=\"BREEAM-NOR\" \/>\n<meta property=\"article:modified_time\" content=\"2025-06-11T10:38:43+00:00\" \/>\n<meta name=\"twitter:card\" content=\"summary_large_image\" \/>\n<meta name=\"twitter:label1\" content=\"Ansl. lesetid\" \/>\n\t<meta name=\"twitter:data1\" content=\"1 minutt\" \/>\n<script type=\"application\/ld+json\" class=\"yoast-schema-graph\">{\"@context\":\"https:\/\/schema.org\",\"@graph\":[{\"@type\":\"WebPage\",\"@id\":\"https:\/\/breeam-nor.byggalliansen.no\/v6\/kategorier-og-emner\/energi\/ene-01-bygningens-energiytelse\/passiv-design\/\",\"url\":\"https:\/\/breeam-nor.byggalliansen.no\/v6\/kategorier-og-emner\/energi\/ene-01-bygningens-energiytelse\/passiv-design\/\",\"name\":\"Passiv design - BREEAM-NOR\",\"isPartOf\":{\"@id\":\"https:\/\/breeam-nor.byggalliansen.no\/v6\/#website\"},\"datePublished\":\"2025-04-22T12:52:56+00:00\",\"dateModified\":\"2025-06-11T10:38:43+00:00\",\"breadcrumb\":{\"@id\":\"https:\/\/breeam-nor.byggalliansen.no\/v6\/kategorier-og-emner\/energi\/ene-01-bygningens-energiytelse\/passiv-design\/#breadcrumb\"},\"inLanguage\":\"nb-NO\",\"potentialAction\":[{\"@type\":\"ReadAction\",\"target\":[\"https:\/\/breeam-nor.byggalliansen.no\/v6\/kategorier-og-emner\/energi\/ene-01-bygningens-energiytelse\/passiv-design\/\"]}]},{\"@type\":\"BreadcrumbList\",\"@id\":\"https:\/\/breeam-nor.byggalliansen.no\/v6\/kategorier-og-emner\/energi\/ene-01-bygningens-energiytelse\/passiv-design\/#breadcrumb\",\"itemListElement\":[{\"@type\":\"ListItem\",\"position\":1,\"name\":\"BREEAM-NOR\",\"item\":\"https:\/\/breeam-nor.byggalliansen.no\/v6\/\"},{\"@type\":\"ListItem\",\"position\":2,\"name\":\"Kategorier og emner\",\"item\":\"https:\/\/breeam-nor.byggalliansen.no\/v6\/kategorier-og-emner\/\"},{\"@type\":\"ListItem\",\"position\":3,\"name\":\"Energi\",\"item\":\"https:\/\/breeam-nor.byggalliansen.no\/v6\/kategorier-og-emner\/energi\/\"},{\"@type\":\"ListItem\",\"position\":4,\"name\":\"Ene 01 Bygningens energiytelse\",\"item\":\"https:\/\/breeam-nor.byggalliansen.no\/v6\/kategorier-og-emner\/energi\/ene-01-bygningens-energiytelse\/\"},{\"@type\":\"ListItem\",\"position\":5,\"name\":\"Passiv design\"}]},{\"@type\":\"WebSite\",\"@id\":\"https:\/\/breeam-nor.byggalliansen.no\/v6\/#website\",\"url\":\"https:\/\/breeam-nor.byggalliansen.no\/v6\/\",\"name\":\"BREEAM-NOR\",\"description\":\"Versjon 6.1.1, 2024\",\"potentialAction\":[{\"@type\":\"SearchAction\",\"target\":{\"@type\":\"EntryPoint\",\"urlTemplate\":\"https:\/\/breeam-nor.byggalliansen.no\/v6\/?s={search_term_string}\"},\"query-input\":{\"@type\":\"PropertyValueSpecification\",\"valueRequired\":true,\"valueName\":\"search_term_string\"}}],\"inLanguage\":\"nb-NO\"}]}<\/script>\n<!-- \/ Yoast SEO plugin. -->","yoast_head_json":{"title":"Passiv design - BREEAM-NOR","robots":{"index":"index","follow":"follow","max-snippet":"max-snippet:-1","max-image-preview":"max-image-preview:large","max-video-preview":"max-video-preview:-1"},"canonical":"https:\/\/breeam-nor.byggalliansen.no\/v6\/kategorier-og-emner\/energi\/ene-01-bygningens-energiytelse\/passiv-design\/","og_locale":"nb_NO","og_type":"article","og_title":"Passiv design - BREEAM-NOR","og_url":"https:\/\/breeam-nor.byggalliansen.no\/v6\/kategorier-og-emner\/energi\/ene-01-bygningens-energiytelse\/passiv-design\/","og_site_name":"BREEAM-NOR","article_modified_time":"2025-06-11T10:38:43+00:00","twitter_card":"summary_large_image","twitter_misc":{"Ansl. lesetid":"1 minutt"},"schema":{"@context":"https:\/\/schema.org","@graph":[{"@type":"WebPage","@id":"https:\/\/breeam-nor.byggalliansen.no\/v6\/kategorier-og-emner\/energi\/ene-01-bygningens-energiytelse\/passiv-design\/","url":"https:\/\/breeam-nor.byggalliansen.no\/v6\/kategorier-og-emner\/energi\/ene-01-bygningens-energiytelse\/passiv-design\/","name":"Passiv design - BREEAM-NOR","isPartOf":{"@id":"https:\/\/breeam-nor.byggalliansen.no\/v6\/#website"},"datePublished":"2025-04-22T12:52:56+00:00","dateModified":"2025-06-11T10:38:43+00:00","breadcrumb":{"@id":"https:\/\/breeam-nor.byggalliansen.no\/v6\/kategorier-og-emner\/energi\/ene-01-bygningens-energiytelse\/passiv-design\/#breadcrumb"},"inLanguage":"nb-NO","potentialAction":[{"@type":"ReadAction","target":["https:\/\/breeam-nor.byggalliansen.no\/v6\/kategorier-og-emner\/energi\/ene-01-bygningens-energiytelse\/passiv-design\/"]}]},{"@type":"BreadcrumbList","@id":"https:\/\/breeam-nor.byggalliansen.no\/v6\/kategorier-og-emner\/energi\/ene-01-bygningens-energiytelse\/passiv-design\/#breadcrumb","itemListElement":[{"@type":"ListItem","position":1,"name":"BREEAM-NOR","item":"https:\/\/breeam-nor.byggalliansen.no\/v6\/"},{"@type":"ListItem","position":2,"name":"Kategorier og emner","item":"https:\/\/breeam-nor.byggalliansen.no\/v6\/kategorier-og-emner\/"},{"@type":"ListItem","position":3,"name":"Energi","item":"https:\/\/breeam-nor.byggalliansen.no\/v6\/kategorier-og-emner\/energi\/"},{"@type":"ListItem","position":4,"name":"Ene 01 Bygningens energiytelse","item":"https:\/\/breeam-nor.byggalliansen.no\/v6\/kategorier-og-emner\/energi\/ene-01-bygningens-energiytelse\/"},{"@type":"ListItem","position":5,"name":"Passiv design"}]},{"@type":"WebSite","@id":"https:\/\/breeam-nor.byggalliansen.no\/v6\/#website","url":"https:\/\/breeam-nor.byggalliansen.no\/v6\/","name":"BREEAM-NOR","description":"Versjon 6.1.1, 2024","potentialAction":[{"@type":"SearchAction","target":{"@type":"EntryPoint","urlTemplate":"https:\/\/breeam-nor.byggalliansen.no\/v6\/?s={search_term_string}"},"query-input":{"@type":"PropertyValueSpecification","valueRequired":true,"valueName":"search_term_string"}}],"inLanguage":"nb-NO"}]}},"_links":{"self":[{"href":"https:\/\/breeam-nor.byggalliansen.no\/v6\/wp-json\/wp\/v2\/pages\/4246","targetHints":{"allow":["GET"]}}],"collection":[{"href":"https:\/\/breeam-nor.byggalliansen.no\/v6\/wp-json\/wp\/v2\/pages"}],"about":[{"href":"https:\/\/breeam-nor.byggalliansen.no\/v6\/wp-json\/wp\/v2\/types\/page"}],"author":[{"embeddable":true,"href":"https:\/\/breeam-nor.byggalliansen.no\/v6\/wp-json\/wp\/v2\/users\/5"}],"replies":[{"embeddable":true,"href":"https:\/\/breeam-nor.byggalliansen.no\/v6\/wp-json\/wp\/v2\/comments?post=4246"}],"version-history":[{"count":3,"href":"https:\/\/breeam-nor.byggalliansen.no\/v6\/wp-json\/wp\/v2\/pages\/4246\/revisions"}],"predecessor-version":[{"id":5791,"href":"https:\/\/breeam-nor.byggalliansen.no\/v6\/wp-json\/wp\/v2\/pages\/4246\/revisions\/5791"}],"up":[{"embeddable":true,"href":"https:\/\/breeam-nor.byggalliansen.no\/v6\/wp-json\/wp\/v2\/pages\/4214"}],"wp:attachment":[{"href":"https:\/\/breeam-nor.byggalliansen.no\/v6\/wp-json\/wp\/v2\/media?parent=4246"}],"wp:term":[{"taxonomy":"category","embeddable":true,"href":"https:\/\/breeam-nor.byggalliansen.no\/v6\/wp-json\/wp\/v2\/categories?post=4246"},{"taxonomy":"connection","embeddable":true,"href":"https:\/\/breeam-nor.byggalliansen.no\/v6\/wp-json\/wp\/v2\/connection?post=4246"}],"curies":[{"name":"wp","href":"https:\/\/api.w.org\/{rel}","templated":true}]}}