{"id":4251,"date":"2025-04-22T12:59:55","date_gmt":"2025-04-22T12:59:55","guid":{"rendered":"https:\/\/breeam-nor.byggalliansen.no\/v6\/?page_id=4251"},"modified":"2025-06-11T10:54:26","modified_gmt":"2025-06-11T10:54:26","slug":"energiytelse","status":"publish","type":"page","link":"https:\/\/breeam-nor.byggalliansen.no\/v6\/kategorier-og-emner\/energi\/ene-01-bygningens-energiytelse\/energiytelse\/","title":{"rendered":"Energiytelse"},"content":{"rendered":"\n<ol start=\"9\" class=\"wp-block-list\">\n<li>En <dfn aria-describedby=\"desc-1745326540664-4iinupy37\" data-definition=\"Energispesialist\">energispesialist <\/dfn>har gjennomf\u00f8rt beregninger i <dfn aria-describedby=\"desc-1745326570665-5she4oslg\" data-definition=\"Godkjent programvare for \u00e5 beregne energimerke og klimavennlig energiforsyning\">godkjent programvare<\/dfn>, og bygningen oppn\u00e5r energimerke iht. figuren nedenfor med en kombinasjon av oppvarmingskarakter (farge) og energikarakter (bokstav). Kombinasjonen kan gi opptil 3 poeng. Oppn\u00e5dd energimerke brukes til \u00e5 tildele antall poeng som angitt i tabellen nedenfor.<br><br>ELLER<br><br><dfn aria-describedby=\"desc-1749639253454-x9ru10ey2\" data-definition=\"nZEB (FutureBuilt)\">FutureBuilts definisjon av nZEB<\/dfn>. Oppn\u00e5dd nZEB brukes til \u00e5 tildele 4 poeng (se Metode).<\/li>\n<\/ol>\n\n\n\n<figure data-align=\"none\" class=\"wp-block-image size-full is-resized\"><img loading=\"lazy\" decoding=\"async\" width=\"536\" height=\"260\" src=\"https:\/\/breeam-nor.byggalliansen.no\/v6\/wp-content\/uploads\/sites\/3\/2025\/04\/image.png\" alt=\"\" class=\"wp-image-4252\" style=\"width:544px;height:auto\" \/><\/figure>\n\n\n\n<h6 class=\"wp-block-heading\"><strong>Figur Ene 01-01 Poengoppn\u00e5else for energiytelse<\/strong><\/h6>\n\n\n\n<p><\/p>\n\n\n\n<ol start=\"10\" class=\"wp-block-list\">\n<li>Prosjektet har utf\u00f8rt termografisk unders\u00f8kelse av bygningskonstruksjonen, som bekrefter f\u00f8lgende:\n<ol style=\"list-style-type:lower-alpha\" class=\"wp-block-list\">\n<li><span style=\"font-size: clamp(1rem, 0.9107rem + 0.2857vw, 1.125rem);, sans-serif\">isolasjonskontinuitet i samsvar med byggetegninger dokumentert iht. NS-EN ISO 6946:2007 Bygningskomponenter og -elementer &#8211; Varmemotstand og varmegjennomgangskoeffisient &#8211; Beregningsmetoder<\/span><\/li>\n\n\n\n<li><span style=\"font-size: clamp(1rem, 0.9107rem + 0.2857vw, 1.125rem);, sans-serif\">un\u00f8dvendige kuldebroer er unng\u00e5tt<\/span><\/li>\n\n\n\n<li>ingen veier for luftlekkasje gjennom konstruksjonen (bortsett fra gjennom \u00e5pninger som er laget med hensikt)<\/li>\n<\/ol>\n<\/li>\n<\/ol>\n","protected":false},"excerpt":{"rendered":"<p>Figur Ene 01-01 Poengoppn\u00e5else for energiytelse<\/p>\n","protected":false},"author":5,"featured_media":0,"parent":4214,"menu_order":2,"comment_status":"closed","ping_status":"closed","template":"","meta":{"_acf_changed":false,"footnotes":""},"categories":[],"connection":[275],"class_list":["post-4251","page","type-page","status-publish","hentry","connection-3-1-3"],"acf":[],"yoast_head":"<!-- This site is optimized with the Yoast SEO plugin v25.4 - https:\/\/yoast.com\/wordpress\/plugins\/seo\/ -->\n<title>Energiytelse - BREEAM-NOR<\/title>\n<meta name=\"robots\" content=\"index, follow, max-snippet:-1, max-image-preview:large, max-video-preview:-1\" \/>\n<link rel=\"canonical\" href=\"https:\/\/breeam-nor.byggalliansen.no\/v6\/kategorier-og-emner\/energi\/ene-01-bygningens-energiytelse\/energiytelse\/\" \/>\n<meta property=\"og:locale\" content=\"nb_NO\" \/>\n<meta property=\"og:type\" content=\"article\" \/>\n<meta property=\"og:title\" content=\"Energiytelse - BREEAM-NOR\" \/>\n<meta property=\"og:description\" content=\"Figur Ene 01-01 Poengoppn\u00e5else for energiytelse\" \/>\n<meta property=\"og:url\" content=\"https:\/\/breeam-nor.byggalliansen.no\/v6\/kategorier-og-emner\/energi\/ene-01-bygningens-energiytelse\/energiytelse\/\" \/>\n<meta property=\"og:site_name\" content=\"BREEAM-NOR\" \/>\n<meta property=\"article:modified_time\" content=\"2025-06-11T10:54:26+00:00\" \/>\n<meta property=\"og:image\" content=\"https:\/\/breeam-nor.byggalliansen.no\/v6\/wp-content\/uploads\/sites\/3\/2025\/04\/image.png\" \/>\n<meta name=\"twitter:card\" content=\"summary_large_image\" \/>\n<meta name=\"twitter:label1\" content=\"Ansl. lesetid\" \/>\n\t<meta name=\"twitter:data1\" content=\"1 minutt\" \/>\n<script type=\"application\/ld+json\" class=\"yoast-schema-graph\">{\"@context\":\"https:\/\/schema.org\",\"@graph\":[{\"@type\":\"WebPage\",\"@id\":\"https:\/\/breeam-nor.byggalliansen.no\/v6\/kategorier-og-emner\/energi\/ene-01-bygningens-energiytelse\/energiytelse\/\",\"url\":\"https:\/\/breeam-nor.byggalliansen.no\/v6\/kategorier-og-emner\/energi\/ene-01-bygningens-energiytelse\/energiytelse\/\",\"name\":\"Energiytelse - BREEAM-NOR\",\"isPartOf\":{\"@id\":\"https:\/\/breeam-nor.byggalliansen.no\/v6\/#website\"},\"primaryImageOfPage\":{\"@id\":\"https:\/\/breeam-nor.byggalliansen.no\/v6\/kategorier-og-emner\/energi\/ene-01-bygningens-energiytelse\/energiytelse\/#primaryimage\"},\"image\":{\"@id\":\"https:\/\/breeam-nor.byggalliansen.no\/v6\/kategorier-og-emner\/energi\/ene-01-bygningens-energiytelse\/energiytelse\/#primaryimage\"},\"thumbnailUrl\":\"https:\/\/breeam-nor.byggalliansen.no\/v6\/wp-content\/uploads\/sites\/3\/2025\/04\/image.png\",\"datePublished\":\"2025-04-22T12:59:55+00:00\",\"dateModified\":\"2025-06-11T10:54:26+00:00\",\"breadcrumb\":{\"@id\":\"https:\/\/breeam-nor.byggalliansen.no\/v6\/kategorier-og-emner\/energi\/ene-01-bygningens-energiytelse\/energiytelse\/#breadcrumb\"},\"inLanguage\":\"nb-NO\",\"potentialAction\":[{\"@type\":\"ReadAction\",\"target\":[\"https:\/\/breeam-nor.byggalliansen.no\/v6\/kategorier-og-emner\/energi\/ene-01-bygningens-energiytelse\/energiytelse\/\"]}]},{\"@type\":\"ImageObject\",\"inLanguage\":\"nb-NO\",\"@id\":\"https:\/\/breeam-nor.byggalliansen.no\/v6\/kategorier-og-emner\/energi\/ene-01-bygningens-energiytelse\/energiytelse\/#primaryimage\",\"url\":\"https:\/\/breeam-nor.byggalliansen.no\/v6\/wp-content\/uploads\/sites\/3\/2025\/04\/image.png\",\"contentUrl\":\"https:\/\/breeam-nor.byggalliansen.no\/v6\/wp-content\/uploads\/sites\/3\/2025\/04\/image.png\",\"width\":536,\"height\":260},{\"@type\":\"BreadcrumbList\",\"@id\":\"https:\/\/breeam-nor.byggalliansen.no\/v6\/kategorier-og-emner\/energi\/ene-01-bygningens-energiytelse\/energiytelse\/#breadcrumb\",\"itemListElement\":[{\"@type\":\"ListItem\",\"position\":1,\"name\":\"BREEAM-NOR\",\"item\":\"https:\/\/breeam-nor.byggalliansen.no\/v6\/\"},{\"@type\":\"ListItem\",\"position\":2,\"name\":\"Kategorier og emner\",\"item\":\"https:\/\/breeam-nor.byggalliansen.no\/v6\/kategorier-og-emner\/\"},{\"@type\":\"ListItem\",\"position\":3,\"name\":\"Energi\",\"item\":\"https:\/\/breeam-nor.byggalliansen.no\/v6\/kategorier-og-emner\/energi\/\"},{\"@type\":\"ListItem\",\"position\":4,\"name\":\"Ene 01 Bygningens energiytelse\",\"item\":\"https:\/\/breeam-nor.byggalliansen.no\/v6\/kategorier-og-emner\/energi\/ene-01-bygningens-energiytelse\/\"},{\"@type\":\"ListItem\",\"position\":5,\"name\":\"Energiytelse\"}]},{\"@type\":\"WebSite\",\"@id\":\"https:\/\/breeam-nor.byggalliansen.no\/v6\/#website\",\"url\":\"https:\/\/breeam-nor.byggalliansen.no\/v6\/\",\"name\":\"BREEAM-NOR\",\"description\":\"Versjon 6.1.1, 2024\",\"potentialAction\":[{\"@type\":\"SearchAction\",\"target\":{\"@type\":\"EntryPoint\",\"urlTemplate\":\"https:\/\/breeam-nor.byggalliansen.no\/v6\/?s={search_term_string}\"},\"query-input\":{\"@type\":\"PropertyValueSpecification\",\"valueRequired\":true,\"valueName\":\"search_term_string\"}}],\"inLanguage\":\"nb-NO\"}]}<\/script>\n<!-- \/ Yoast SEO plugin. -->","yoast_head_json":{"title":"Energiytelse - BREEAM-NOR","robots":{"index":"index","follow":"follow","max-snippet":"max-snippet:-1","max-image-preview":"max-image-preview:large","max-video-preview":"max-video-preview:-1"},"canonical":"https:\/\/breeam-nor.byggalliansen.no\/v6\/kategorier-og-emner\/energi\/ene-01-bygningens-energiytelse\/energiytelse\/","og_locale":"nb_NO","og_type":"article","og_title":"Energiytelse - BREEAM-NOR","og_description":"Figur Ene 01-01 Poengoppn\u00e5else for energiytelse","og_url":"https:\/\/breeam-nor.byggalliansen.no\/v6\/kategorier-og-emner\/energi\/ene-01-bygningens-energiytelse\/energiytelse\/","og_site_name":"BREEAM-NOR","article_modified_time":"2025-06-11T10:54:26+00:00","og_image":[{"url":"https:\/\/breeam-nor.byggalliansen.no\/v6\/wp-content\/uploads\/sites\/3\/2025\/04\/image.png","type":"","width":"","height":""}],"twitter_card":"summary_large_image","twitter_misc":{"Ansl. lesetid":"1 minutt"},"schema":{"@context":"https:\/\/schema.org","@graph":[{"@type":"WebPage","@id":"https:\/\/breeam-nor.byggalliansen.no\/v6\/kategorier-og-emner\/energi\/ene-01-bygningens-energiytelse\/energiytelse\/","url":"https:\/\/breeam-nor.byggalliansen.no\/v6\/kategorier-og-emner\/energi\/ene-01-bygningens-energiytelse\/energiytelse\/","name":"Energiytelse - BREEAM-NOR","isPartOf":{"@id":"https:\/\/breeam-nor.byggalliansen.no\/v6\/#website"},"primaryImageOfPage":{"@id":"https:\/\/breeam-nor.byggalliansen.no\/v6\/kategorier-og-emner\/energi\/ene-01-bygningens-energiytelse\/energiytelse\/#primaryimage"},"image":{"@id":"https:\/\/breeam-nor.byggalliansen.no\/v6\/kategorier-og-emner\/energi\/ene-01-bygningens-energiytelse\/energiytelse\/#primaryimage"},"thumbnailUrl":"https:\/\/breeam-nor.byggalliansen.no\/v6\/wp-content\/uploads\/sites\/3\/2025\/04\/image.png","datePublished":"2025-04-22T12:59:55+00:00","dateModified":"2025-06-11T10:54:26+00:00","breadcrumb":{"@id":"https:\/\/breeam-nor.byggalliansen.no\/v6\/kategorier-og-emner\/energi\/ene-01-bygningens-energiytelse\/energiytelse\/#breadcrumb"},"inLanguage":"nb-NO","potentialAction":[{"@type":"ReadAction","target":["https:\/\/breeam-nor.byggalliansen.no\/v6\/kategorier-og-emner\/energi\/ene-01-bygningens-energiytelse\/energiytelse\/"]}]},{"@type":"ImageObject","inLanguage":"nb-NO","@id":"https:\/\/breeam-nor.byggalliansen.no\/v6\/kategorier-og-emner\/energi\/ene-01-bygningens-energiytelse\/energiytelse\/#primaryimage","url":"https:\/\/breeam-nor.byggalliansen.no\/v6\/wp-content\/uploads\/sites\/3\/2025\/04\/image.png","contentUrl":"https:\/\/breeam-nor.byggalliansen.no\/v6\/wp-content\/uploads\/sites\/3\/2025\/04\/image.png","width":536,"height":260},{"@type":"BreadcrumbList","@id":"https:\/\/breeam-nor.byggalliansen.no\/v6\/kategorier-og-emner\/energi\/ene-01-bygningens-energiytelse\/energiytelse\/#breadcrumb","itemListElement":[{"@type":"ListItem","position":1,"name":"BREEAM-NOR","item":"https:\/\/breeam-nor.byggalliansen.no\/v6\/"},{"@type":"ListItem","position":2,"name":"Kategorier og emner","item":"https:\/\/breeam-nor.byggalliansen.no\/v6\/kategorier-og-emner\/"},{"@type":"ListItem","position":3,"name":"Energi","item":"https:\/\/breeam-nor.byggalliansen.no\/v6\/kategorier-og-emner\/energi\/"},{"@type":"ListItem","position":4,"name":"Ene 01 Bygningens energiytelse","item":"https:\/\/breeam-nor.byggalliansen.no\/v6\/kategorier-og-emner\/energi\/ene-01-bygningens-energiytelse\/"},{"@type":"ListItem","position":5,"name":"Energiytelse"}]},{"@type":"WebSite","@id":"https:\/\/breeam-nor.byggalliansen.no\/v6\/#website","url":"https:\/\/breeam-nor.byggalliansen.no\/v6\/","name":"BREEAM-NOR","description":"Versjon 6.1.1, 2024","potentialAction":[{"@type":"SearchAction","target":{"@type":"EntryPoint","urlTemplate":"https:\/\/breeam-nor.byggalliansen.no\/v6\/?s={search_term_string}"},"query-input":{"@type":"PropertyValueSpecification","valueRequired":true,"valueName":"search_term_string"}}],"inLanguage":"nb-NO"}]}},"_links":{"self":[{"href":"https:\/\/breeam-nor.byggalliansen.no\/v6\/wp-json\/wp\/v2\/pages\/4251","targetHints":{"allow":["GET"]}}],"collection":[{"href":"https:\/\/breeam-nor.byggalliansen.no\/v6\/wp-json\/wp\/v2\/pages"}],"about":[{"href":"https:\/\/breeam-nor.byggalliansen.no\/v6\/wp-json\/wp\/v2\/types\/page"}],"author":[{"embeddable":true,"href":"https:\/\/breeam-nor.byggalliansen.no\/v6\/wp-json\/wp\/v2\/users\/5"}],"replies":[{"embeddable":true,"href":"https:\/\/breeam-nor.byggalliansen.no\/v6\/wp-json\/wp\/v2\/comments?post=4251"}],"version-history":[{"count":3,"href":"https:\/\/breeam-nor.byggalliansen.no\/v6\/wp-json\/wp\/v2\/pages\/4251\/revisions"}],"predecessor-version":[{"id":5792,"href":"https:\/\/breeam-nor.byggalliansen.no\/v6\/wp-json\/wp\/v2\/pages\/4251\/revisions\/5792"}],"up":[{"embeddable":true,"href":"https:\/\/breeam-nor.byggalliansen.no\/v6\/wp-json\/wp\/v2\/pages\/4214"}],"wp:attachment":[{"href":"https:\/\/breeam-nor.byggalliansen.no\/v6\/wp-json\/wp\/v2\/media?parent=4251"}],"wp:term":[{"taxonomy":"category","embeddable":true,"href":"https:\/\/breeam-nor.byggalliansen.no\/v6\/wp-json\/wp\/v2\/categories?post=4251"},{"taxonomy":"connection","embeddable":true,"href":"https:\/\/breeam-nor.byggalliansen.no\/v6\/wp-json\/wp\/v2\/connection?post=4251"}],"curies":[{"name":"wp","href":"https:\/\/api.w.org\/{rel}","templated":true}]}}