{"id":4254,"date":"2025-04-22T13:05:13","date_gmt":"2025-04-22T13:05:13","guid":{"rendered":"https:\/\/breeam-nor.byggalliansen.no\/v6\/?page_id=4254"},"modified":"2025-08-27T13:41:34","modified_gmt":"2025-08-27T13:41:34","slug":"tilpassing-til-eus-taksonomi","status":"publish","type":"page","link":"https:\/\/breeam-nor.byggalliansen.no\/v6\/kategorier-og-emner\/energi\/ene-01-bygningens-energiytelse\/tilpassing-til-eus-taksonomi\/","title":{"rendered":"Tilpassing til EUs taksonomi"},"content":{"rendered":"\n<ol start=\"11\" class=\"wp-block-list\">\n<li>Prosjektet skal, fordelt p\u00e5 energib\u00e6rer, dokumentere resultater av beregnet levert energi til bygningen, eksportert energi fra bygningen og klimagassutslipp, iht. NS 3031:2014 og NS 3720: 2018 (se Metode).<\/li>\n\n\n\n<li>Prosjektet oppn\u00e5r f\u00f8lgende energireduksjon:\n<ol style=\"list-style-type:lower-alpha\" class=\"wp-block-list\">\n<li><span style=\"font-size: clamp(1rem, 0.9107rem + 0.2857vw, 1.125rem);, sans-serif\">For nybygg skal bygningens prim\u00e6renergibehov reduseres med minst 10 % m\u00e5lt mot nasjonalt definert nZEB (Se Metode).<\/span><\/li>\n\n\n\n<li>For st\u00f8rre rehabilitering (se <a href=\"https:\/\/breeam-nor.byggalliansen.no\/v6\/vedlegg-c-rehabiliterings-og-innredningsprosjekter\/\">vedlegg C<\/a>) skal netto energibehov ivareta kravene i TEK17<br>ELLER<br>Prosjektet skal oppn\u00e5 minst 30 % reduksjon av prim\u00e6renergibehovet m\u00e5lt mot energiytelse f\u00f8r tiltak.<\/li>\n<\/ol>\n<\/li>\n<\/ol>\n\n\n\n<p><\/p>\n","protected":false},"excerpt":{"rendered":"","protected":false},"author":5,"featured_media":0,"parent":4214,"menu_order":3,"comment_status":"closed","ping_status":"closed","template":"","meta":{"_acf_changed":false,"footnotes":""},"categories":[],"connection":[276],"class_list":["post-4254","page","type-page","status-publish","hentry","connection-3-1-4"],"acf":[],"yoast_head":"<!-- This site is optimized with the Yoast SEO plugin v25.4 - https:\/\/yoast.com\/wordpress\/plugins\/seo\/ -->\n<title>Tilpassing til EUs taksonomi - BREEAM-NOR<\/title>\n<meta name=\"robots\" content=\"index, follow, max-snippet:-1, max-image-preview:large, max-video-preview:-1\" \/>\n<link rel=\"canonical\" href=\"http:\/\/breeam-nor.byggalliansen.no\/v6\/kategorier-og-emner\/energi\/ene-01-bygningens-energiytelse\/tilpassing-til-eus-taksonomi\/\" \/>\n<meta property=\"og:locale\" content=\"nb_NO\" \/>\n<meta property=\"og:type\" content=\"article\" \/>\n<meta property=\"og:title\" content=\"Tilpassing til EUs taksonomi - BREEAM-NOR\" \/>\n<meta property=\"og:url\" content=\"http:\/\/breeam-nor.byggalliansen.no\/v6\/kategorier-og-emner\/energi\/ene-01-bygningens-energiytelse\/tilpassing-til-eus-taksonomi\/\" \/>\n<meta property=\"og:site_name\" content=\"BREEAM-NOR\" \/>\n<meta property=\"article:modified_time\" content=\"2025-08-27T13:41:34+00:00\" \/>\n<meta name=\"twitter:card\" content=\"summary_large_image\" \/>\n<meta name=\"twitter:label1\" content=\"Ansl. lesetid\" \/>\n\t<meta name=\"twitter:data1\" content=\"1 minutt\" \/>\n<script type=\"application\/ld+json\" class=\"yoast-schema-graph\">{\"@context\":\"https:\/\/schema.org\",\"@graph\":[{\"@type\":\"WebPage\",\"@id\":\"http:\/\/breeam-nor.byggalliansen.no\/v6\/kategorier-og-emner\/energi\/ene-01-bygningens-energiytelse\/tilpassing-til-eus-taksonomi\/\",\"url\":\"http:\/\/breeam-nor.byggalliansen.no\/v6\/kategorier-og-emner\/energi\/ene-01-bygningens-energiytelse\/tilpassing-til-eus-taksonomi\/\",\"name\":\"Tilpassing til EUs taksonomi - BREEAM-NOR\",\"isPartOf\":{\"@id\":\"https:\/\/breeam-nor.byggalliansen.no\/v6\/#website\"},\"datePublished\":\"2025-04-22T13:05:13+00:00\",\"dateModified\":\"2025-08-27T13:41:34+00:00\",\"breadcrumb\":{\"@id\":\"http:\/\/breeam-nor.byggalliansen.no\/v6\/kategorier-og-emner\/energi\/ene-01-bygningens-energiytelse\/tilpassing-til-eus-taksonomi\/#breadcrumb\"},\"inLanguage\":\"nb-NO\",\"potentialAction\":[{\"@type\":\"ReadAction\",\"target\":[\"http:\/\/breeam-nor.byggalliansen.no\/v6\/kategorier-og-emner\/energi\/ene-01-bygningens-energiytelse\/tilpassing-til-eus-taksonomi\/\"]}]},{\"@type\":\"BreadcrumbList\",\"@id\":\"http:\/\/breeam-nor.byggalliansen.no\/v6\/kategorier-og-emner\/energi\/ene-01-bygningens-energiytelse\/tilpassing-til-eus-taksonomi\/#breadcrumb\",\"itemListElement\":[{\"@type\":\"ListItem\",\"position\":1,\"name\":\"BREEAM-NOR\",\"item\":\"https:\/\/breeam-nor.byggalliansen.no\/v6\/\"},{\"@type\":\"ListItem\",\"position\":2,\"name\":\"Kategorier og emner\",\"item\":\"https:\/\/breeam-nor.byggalliansen.no\/v6\/kategorier-og-emner\/\"},{\"@type\":\"ListItem\",\"position\":3,\"name\":\"Energi\",\"item\":\"https:\/\/breeam-nor.byggalliansen.no\/v6\/kategorier-og-emner\/energi\/\"},{\"@type\":\"ListItem\",\"position\":4,\"name\":\"Ene 01 Bygningens energiytelse\",\"item\":\"https:\/\/breeam-nor.byggalliansen.no\/v6\/kategorier-og-emner\/energi\/ene-01-bygningens-energiytelse\/\"},{\"@type\":\"ListItem\",\"position\":5,\"name\":\"Tilpassing til EUs taksonomi\"}]},{\"@type\":\"WebSite\",\"@id\":\"https:\/\/breeam-nor.byggalliansen.no\/v6\/#website\",\"url\":\"https:\/\/breeam-nor.byggalliansen.no\/v6\/\",\"name\":\"BREEAM-NOR\",\"description\":\"Versjon 6.1.1, 2024\",\"potentialAction\":[{\"@type\":\"SearchAction\",\"target\":{\"@type\":\"EntryPoint\",\"urlTemplate\":\"https:\/\/breeam-nor.byggalliansen.no\/v6\/?s={search_term_string}\"},\"query-input\":{\"@type\":\"PropertyValueSpecification\",\"valueRequired\":true,\"valueName\":\"search_term_string\"}}],\"inLanguage\":\"nb-NO\"}]}<\/script>\n<!-- \/ Yoast SEO plugin. -->","yoast_head_json":{"title":"Tilpassing til EUs taksonomi - BREEAM-NOR","robots":{"index":"index","follow":"follow","max-snippet":"max-snippet:-1","max-image-preview":"max-image-preview:large","max-video-preview":"max-video-preview:-1"},"canonical":"http:\/\/breeam-nor.byggalliansen.no\/v6\/kategorier-og-emner\/energi\/ene-01-bygningens-energiytelse\/tilpassing-til-eus-taksonomi\/","og_locale":"nb_NO","og_type":"article","og_title":"Tilpassing til EUs taksonomi - BREEAM-NOR","og_url":"http:\/\/breeam-nor.byggalliansen.no\/v6\/kategorier-og-emner\/energi\/ene-01-bygningens-energiytelse\/tilpassing-til-eus-taksonomi\/","og_site_name":"BREEAM-NOR","article_modified_time":"2025-08-27T13:41:34+00:00","twitter_card":"summary_large_image","twitter_misc":{"Ansl. lesetid":"1 minutt"},"schema":{"@context":"https:\/\/schema.org","@graph":[{"@type":"WebPage","@id":"http:\/\/breeam-nor.byggalliansen.no\/v6\/kategorier-og-emner\/energi\/ene-01-bygningens-energiytelse\/tilpassing-til-eus-taksonomi\/","url":"http:\/\/breeam-nor.byggalliansen.no\/v6\/kategorier-og-emner\/energi\/ene-01-bygningens-energiytelse\/tilpassing-til-eus-taksonomi\/","name":"Tilpassing til EUs taksonomi - BREEAM-NOR","isPartOf":{"@id":"https:\/\/breeam-nor.byggalliansen.no\/v6\/#website"},"datePublished":"2025-04-22T13:05:13+00:00","dateModified":"2025-08-27T13:41:34+00:00","breadcrumb":{"@id":"http:\/\/breeam-nor.byggalliansen.no\/v6\/kategorier-og-emner\/energi\/ene-01-bygningens-energiytelse\/tilpassing-til-eus-taksonomi\/#breadcrumb"},"inLanguage":"nb-NO","potentialAction":[{"@type":"ReadAction","target":["http:\/\/breeam-nor.byggalliansen.no\/v6\/kategorier-og-emner\/energi\/ene-01-bygningens-energiytelse\/tilpassing-til-eus-taksonomi\/"]}]},{"@type":"BreadcrumbList","@id":"http:\/\/breeam-nor.byggalliansen.no\/v6\/kategorier-og-emner\/energi\/ene-01-bygningens-energiytelse\/tilpassing-til-eus-taksonomi\/#breadcrumb","itemListElement":[{"@type":"ListItem","position":1,"name":"BREEAM-NOR","item":"https:\/\/breeam-nor.byggalliansen.no\/v6\/"},{"@type":"ListItem","position":2,"name":"Kategorier og emner","item":"https:\/\/breeam-nor.byggalliansen.no\/v6\/kategorier-og-emner\/"},{"@type":"ListItem","position":3,"name":"Energi","item":"https:\/\/breeam-nor.byggalliansen.no\/v6\/kategorier-og-emner\/energi\/"},{"@type":"ListItem","position":4,"name":"Ene 01 Bygningens energiytelse","item":"https:\/\/breeam-nor.byggalliansen.no\/v6\/kategorier-og-emner\/energi\/ene-01-bygningens-energiytelse\/"},{"@type":"ListItem","position":5,"name":"Tilpassing til EUs taksonomi"}]},{"@type":"WebSite","@id":"https:\/\/breeam-nor.byggalliansen.no\/v6\/#website","url":"https:\/\/breeam-nor.byggalliansen.no\/v6\/","name":"BREEAM-NOR","description":"Versjon 6.1.1, 2024","potentialAction":[{"@type":"SearchAction","target":{"@type":"EntryPoint","urlTemplate":"https:\/\/breeam-nor.byggalliansen.no\/v6\/?s={search_term_string}"},"query-input":{"@type":"PropertyValueSpecification","valueRequired":true,"valueName":"search_term_string"}}],"inLanguage":"nb-NO"}]}},"_links":{"self":[{"href":"https:\/\/breeam-nor.byggalliansen.no\/v6\/wp-json\/wp\/v2\/pages\/4254","targetHints":{"allow":["GET"]}}],"collection":[{"href":"https:\/\/breeam-nor.byggalliansen.no\/v6\/wp-json\/wp\/v2\/pages"}],"about":[{"href":"https:\/\/breeam-nor.byggalliansen.no\/v6\/wp-json\/wp\/v2\/types\/page"}],"author":[{"embeddable":true,"href":"https:\/\/breeam-nor.byggalliansen.no\/v6\/wp-json\/wp\/v2\/users\/5"}],"replies":[{"embeddable":true,"href":"https:\/\/breeam-nor.byggalliansen.no\/v6\/wp-json\/wp\/v2\/comments?post=4254"}],"version-history":[{"count":3,"href":"https:\/\/breeam-nor.byggalliansen.no\/v6\/wp-json\/wp\/v2\/pages\/4254\/revisions"}],"predecessor-version":[{"id":6070,"href":"https:\/\/breeam-nor.byggalliansen.no\/v6\/wp-json\/wp\/v2\/pages\/4254\/revisions\/6070"}],"up":[{"embeddable":true,"href":"https:\/\/breeam-nor.byggalliansen.no\/v6\/wp-json\/wp\/v2\/pages\/4214"}],"wp:attachment":[{"href":"https:\/\/breeam-nor.byggalliansen.no\/v6\/wp-json\/wp\/v2\/media?parent=4254"}],"wp:term":[{"taxonomy":"category","embeddable":true,"href":"https:\/\/breeam-nor.byggalliansen.no\/v6\/wp-json\/wp\/v2\/categories?post=4254"},{"taxonomy":"connection","embeddable":true,"href":"https:\/\/breeam-nor.byggalliansen.no\/v6\/wp-json\/wp\/v2\/connection?post=4254"}],"curies":[{"name":"wp","href":"https:\/\/api.w.org\/{rel}","templated":true}]}}