{"id":4258,"date":"2025-04-22T13:06:47","date_gmt":"2025-04-22T13:06:47","guid":{"rendered":"https:\/\/breeam-nor.byggalliansen.no\/v6\/?page_id=4258"},"modified":"2025-06-06T07:59:47","modified_gmt":"2025-06-06T07:59:47","slug":"beregning-av-reelt-energibudsjett","status":"publish","type":"page","link":"https:\/\/breeam-nor.byggalliansen.no\/v6\/kategorier-og-emner\/energi\/ene-01-bygningens-energiytelse\/beregning-av-reelt-energibudsjett\/","title":{"rendered":"Beregning av reelt energibudsjett"},"content":{"rendered":"\n<ol start=\"13\" class=\"wp-block-list\">\n<li>Senest i steg 3 skal de relevante medlemmene av prosjekteringsgruppen involveres i et arbeidsm\u00f8te\/workshop om energidesign med fokus p\u00e5 reelt energibudsjett (se Metode).<\/li>\n\n\n\n<li>Ytterligere energimodellering utf\u00f8res, inkludert scenariovurdering, under prosjekteringsfasen for \u00e5 beregne reelt energibehov og for \u00e5 sette opp veiledning for rutiner for \u00e5rlig energioverv\u00e5kning (se Metode).<\/li>\n\n\n\n<li>Etablere en forpliktelse til \u00e5 rapportere m\u00e5l for forventet reelt energibehov i driftsfasen, med opplysninger o m hvilke forutsetninger som er gjort i beregningen. Forpliktelsen skal ogs\u00e5 spesifisere at energimodeller m\u00e5 oppdateres l\u00f8pende under bygningens drift for \u00e5 ta hensyn til eventuelle endringer i bygningen, og for \u00e5 revidere energiforbruk i forhold til dette.<\/li>\n\n\n\n<li>En risikovurdering er utf\u00f8rt for \u00e5 tydeliggj\u00f8re hvilke designmessige, tekniske og prosessuelle risikoer og usikkerheter som b\u00f8r overv\u00e5kes og h\u00e5ndteres gjennom hele bygge- og idriftssettingsfasen.<\/li>\n<\/ol>\n","protected":false},"excerpt":{"rendered":"","protected":false},"author":5,"featured_media":0,"parent":4214,"menu_order":4,"comment_status":"closed","ping_status":"closed","template":"","meta":{"_acf_changed":false,"footnotes":""},"categories":[1],"connection":[277],"class_list":["post-4258","page","type-page","status-publish","hentry","category-kriterier","connection-3-1-5"],"acf":[],"yoast_head":"<!-- This site is optimized with the Yoast SEO plugin v25.4 - https:\/\/yoast.com\/wordpress\/plugins\/seo\/ -->\n<title>Beregning av reelt energibudsjett - BREEAM-NOR<\/title>\n<meta name=\"robots\" content=\"index, follow, max-snippet:-1, max-image-preview:large, max-video-preview:-1\" \/>\n<link rel=\"canonical\" href=\"https:\/\/breeam-nor.byggalliansen.no\/v6\/kategorier-og-emner\/energi\/ene-01-bygningens-energiytelse\/beregning-av-reelt-energibudsjett\/\" \/>\n<meta property=\"og:locale\" content=\"nb_NO\" \/>\n<meta property=\"og:type\" content=\"article\" \/>\n<meta property=\"og:title\" content=\"Beregning av reelt energibudsjett - BREEAM-NOR\" \/>\n<meta property=\"og:url\" content=\"https:\/\/breeam-nor.byggalliansen.no\/v6\/kategorier-og-emner\/energi\/ene-01-bygningens-energiytelse\/beregning-av-reelt-energibudsjett\/\" \/>\n<meta property=\"og:site_name\" content=\"BREEAM-NOR\" \/>\n<meta property=\"article:modified_time\" content=\"2025-06-06T07:59:47+00:00\" \/>\n<meta name=\"twitter:card\" content=\"summary_large_image\" \/>\n<meta name=\"twitter:label1\" content=\"Ansl. lesetid\" \/>\n\t<meta name=\"twitter:data1\" content=\"1 minutt\" \/>\n<script type=\"application\/ld+json\" class=\"yoast-schema-graph\">{\"@context\":\"https:\/\/schema.org\",\"@graph\":[{\"@type\":\"WebPage\",\"@id\":\"https:\/\/breeam-nor.byggalliansen.no\/v6\/kategorier-og-emner\/energi\/ene-01-bygningens-energiytelse\/beregning-av-reelt-energibudsjett\/\",\"url\":\"https:\/\/breeam-nor.byggalliansen.no\/v6\/kategorier-og-emner\/energi\/ene-01-bygningens-energiytelse\/beregning-av-reelt-energibudsjett\/\",\"name\":\"Beregning av reelt energibudsjett - BREEAM-NOR\",\"isPartOf\":{\"@id\":\"https:\/\/breeam-nor.byggalliansen.no\/v6\/#website\"},\"datePublished\":\"2025-04-22T13:06:47+00:00\",\"dateModified\":\"2025-06-06T07:59:47+00:00\",\"breadcrumb\":{\"@id\":\"https:\/\/breeam-nor.byggalliansen.no\/v6\/kategorier-og-emner\/energi\/ene-01-bygningens-energiytelse\/beregning-av-reelt-energibudsjett\/#breadcrumb\"},\"inLanguage\":\"nb-NO\",\"potentialAction\":[{\"@type\":\"ReadAction\",\"target\":[\"https:\/\/breeam-nor.byggalliansen.no\/v6\/kategorier-og-emner\/energi\/ene-01-bygningens-energiytelse\/beregning-av-reelt-energibudsjett\/\"]}]},{\"@type\":\"BreadcrumbList\",\"@id\":\"https:\/\/breeam-nor.byggalliansen.no\/v6\/kategorier-og-emner\/energi\/ene-01-bygningens-energiytelse\/beregning-av-reelt-energibudsjett\/#breadcrumb\",\"itemListElement\":[{\"@type\":\"ListItem\",\"position\":1,\"name\":\"BREEAM-NOR\",\"item\":\"https:\/\/breeam-nor.byggalliansen.no\/v6\/\"},{\"@type\":\"ListItem\",\"position\":2,\"name\":\"Kategorier og emner\",\"item\":\"https:\/\/breeam-nor.byggalliansen.no\/v6\/kategorier-og-emner\/\"},{\"@type\":\"ListItem\",\"position\":3,\"name\":\"Energi\",\"item\":\"https:\/\/breeam-nor.byggalliansen.no\/v6\/kategorier-og-emner\/energi\/\"},{\"@type\":\"ListItem\",\"position\":4,\"name\":\"Ene 01 Bygningens energiytelse\",\"item\":\"https:\/\/breeam-nor.byggalliansen.no\/v6\/kategorier-og-emner\/energi\/ene-01-bygningens-energiytelse\/\"},{\"@type\":\"ListItem\",\"position\":5,\"name\":\"Beregning av reelt energibudsjett\"}]},{\"@type\":\"WebSite\",\"@id\":\"https:\/\/breeam-nor.byggalliansen.no\/v6\/#website\",\"url\":\"https:\/\/breeam-nor.byggalliansen.no\/v6\/\",\"name\":\"BREEAM-NOR\",\"description\":\"Versjon 6.1.1, 2024\",\"potentialAction\":[{\"@type\":\"SearchAction\",\"target\":{\"@type\":\"EntryPoint\",\"urlTemplate\":\"https:\/\/breeam-nor.byggalliansen.no\/v6\/?s={search_term_string}\"},\"query-input\":{\"@type\":\"PropertyValueSpecification\",\"valueRequired\":true,\"valueName\":\"search_term_string\"}}],\"inLanguage\":\"nb-NO\"}]}<\/script>\n<!-- \/ Yoast SEO plugin. -->","yoast_head_json":{"title":"Beregning av reelt energibudsjett - BREEAM-NOR","robots":{"index":"index","follow":"follow","max-snippet":"max-snippet:-1","max-image-preview":"max-image-preview:large","max-video-preview":"max-video-preview:-1"},"canonical":"https:\/\/breeam-nor.byggalliansen.no\/v6\/kategorier-og-emner\/energi\/ene-01-bygningens-energiytelse\/beregning-av-reelt-energibudsjett\/","og_locale":"nb_NO","og_type":"article","og_title":"Beregning av reelt energibudsjett - BREEAM-NOR","og_url":"https:\/\/breeam-nor.byggalliansen.no\/v6\/kategorier-og-emner\/energi\/ene-01-bygningens-energiytelse\/beregning-av-reelt-energibudsjett\/","og_site_name":"BREEAM-NOR","article_modified_time":"2025-06-06T07:59:47+00:00","twitter_card":"summary_large_image","twitter_misc":{"Ansl. lesetid":"1 minutt"},"schema":{"@context":"https:\/\/schema.org","@graph":[{"@type":"WebPage","@id":"https:\/\/breeam-nor.byggalliansen.no\/v6\/kategorier-og-emner\/energi\/ene-01-bygningens-energiytelse\/beregning-av-reelt-energibudsjett\/","url":"https:\/\/breeam-nor.byggalliansen.no\/v6\/kategorier-og-emner\/energi\/ene-01-bygningens-energiytelse\/beregning-av-reelt-energibudsjett\/","name":"Beregning av reelt energibudsjett - BREEAM-NOR","isPartOf":{"@id":"https:\/\/breeam-nor.byggalliansen.no\/v6\/#website"},"datePublished":"2025-04-22T13:06:47+00:00","dateModified":"2025-06-06T07:59:47+00:00","breadcrumb":{"@id":"https:\/\/breeam-nor.byggalliansen.no\/v6\/kategorier-og-emner\/energi\/ene-01-bygningens-energiytelse\/beregning-av-reelt-energibudsjett\/#breadcrumb"},"inLanguage":"nb-NO","potentialAction":[{"@type":"ReadAction","target":["https:\/\/breeam-nor.byggalliansen.no\/v6\/kategorier-og-emner\/energi\/ene-01-bygningens-energiytelse\/beregning-av-reelt-energibudsjett\/"]}]},{"@type":"BreadcrumbList","@id":"https:\/\/breeam-nor.byggalliansen.no\/v6\/kategorier-og-emner\/energi\/ene-01-bygningens-energiytelse\/beregning-av-reelt-energibudsjett\/#breadcrumb","itemListElement":[{"@type":"ListItem","position":1,"name":"BREEAM-NOR","item":"https:\/\/breeam-nor.byggalliansen.no\/v6\/"},{"@type":"ListItem","position":2,"name":"Kategorier og emner","item":"https:\/\/breeam-nor.byggalliansen.no\/v6\/kategorier-og-emner\/"},{"@type":"ListItem","position":3,"name":"Energi","item":"https:\/\/breeam-nor.byggalliansen.no\/v6\/kategorier-og-emner\/energi\/"},{"@type":"ListItem","position":4,"name":"Ene 01 Bygningens energiytelse","item":"https:\/\/breeam-nor.byggalliansen.no\/v6\/kategorier-og-emner\/energi\/ene-01-bygningens-energiytelse\/"},{"@type":"ListItem","position":5,"name":"Beregning av reelt energibudsjett"}]},{"@type":"WebSite","@id":"https:\/\/breeam-nor.byggalliansen.no\/v6\/#website","url":"https:\/\/breeam-nor.byggalliansen.no\/v6\/","name":"BREEAM-NOR","description":"Versjon 6.1.1, 2024","potentialAction":[{"@type":"SearchAction","target":{"@type":"EntryPoint","urlTemplate":"https:\/\/breeam-nor.byggalliansen.no\/v6\/?s={search_term_string}"},"query-input":{"@type":"PropertyValueSpecification","valueRequired":true,"valueName":"search_term_string"}}],"inLanguage":"nb-NO"}]}},"_links":{"self":[{"href":"https:\/\/breeam-nor.byggalliansen.no\/v6\/wp-json\/wp\/v2\/pages\/4258","targetHints":{"allow":["GET"]}}],"collection":[{"href":"https:\/\/breeam-nor.byggalliansen.no\/v6\/wp-json\/wp\/v2\/pages"}],"about":[{"href":"https:\/\/breeam-nor.byggalliansen.no\/v6\/wp-json\/wp\/v2\/types\/page"}],"author":[{"embeddable":true,"href":"https:\/\/breeam-nor.byggalliansen.no\/v6\/wp-json\/wp\/v2\/users\/5"}],"replies":[{"embeddable":true,"href":"https:\/\/breeam-nor.byggalliansen.no\/v6\/wp-json\/wp\/v2\/comments?post=4258"}],"version-history":[{"count":1,"href":"https:\/\/breeam-nor.byggalliansen.no\/v6\/wp-json\/wp\/v2\/pages\/4258\/revisions"}],"predecessor-version":[{"id":4259,"href":"https:\/\/breeam-nor.byggalliansen.no\/v6\/wp-json\/wp\/v2\/pages\/4258\/revisions\/4259"}],"up":[{"embeddable":true,"href":"https:\/\/breeam-nor.byggalliansen.no\/v6\/wp-json\/wp\/v2\/pages\/4214"}],"wp:attachment":[{"href":"https:\/\/breeam-nor.byggalliansen.no\/v6\/wp-json\/wp\/v2\/media?parent=4258"}],"wp:term":[{"taxonomy":"category","embeddable":true,"href":"https:\/\/breeam-nor.byggalliansen.no\/v6\/wp-json\/wp\/v2\/categories?post=4258"},{"taxonomy":"connection","embeddable":true,"href":"https:\/\/breeam-nor.byggalliansen.no\/v6\/wp-json\/wp\/v2\/connection?post=4258"}],"curies":[{"name":"wp","href":"https:\/\/api.w.org\/{rel}","templated":true}]}}