{"id":4301,"date":"2025-04-22T14:04:25","date_gmt":"2025-04-22T14:04:25","guid":{"rendered":"https:\/\/breeam-nor.byggalliansen.no\/v6\/?page_id=4301"},"modified":"2025-06-11T09:01:52","modified_gmt":"2025-06-11T09:01:52","slug":"sjekkliste-a1","status":"publish","type":"page","link":"https:\/\/breeam-nor.byggalliansen.no\/v6\/sjekkliste-a1\/","title":{"rendered":"Sjekkliste A1"},"content":{"rendered":"\n<table id=\"tablepress-A1\" class=\"tablepress tablepress-id-A1 tbody-has-connected-cells\">\n<thead>\n<tr class=\"row-1\">\n\t<th class=\"column-1 highlight-ref\">Ref.<\/th><th class=\"column-2 highlight-minstekrav-for-1-poeng\">Minstekrav for 1 poeng<\/th><th class=\"column-3 highlight-kriterium\">Kriterium<\/th>\n<\/tr>\n<\/thead>\n<tbody class=\"row-hover\">\n<tr class=\"row-2\">\n\t<td colspan=\"3\" class=\"column-1 highlight-sikker-og-tilfredsstillende-adkomst\">A.\tSikker og tilfredsstillende adkomst<br \/>\n<br \/>\nForm\u00e5let er \u00e5 vise at hovedentrepren\u00f8ren administrerer utbyggingsomr\u00e5det p\u00e5 en m\u00e5te som s\u00f8rger for sikker og tilfredsstillende adkomst til, rundt og p\u00e5 byggeplassen<\/td>\n<\/tr>\n<tr class=\"row-3\">\n\t<td class=\"column-1\">1<\/td><td class=\"column-2\">X<\/td><td class=\"column-3\">Innganger, utganger og byggeplasskontor(er) skal v\u00e6re tydelig merket med skilt.<\/td>\n<\/tr>\n<tr class=\"row-4\">\n\t<td class=\"column-1\">2<\/td><td class=\"column-2\">X<\/td><td class=\"column-3\">Ved flerspr\u00e5kligbyggeplass skal viktig informasjon formidles med symboler eller kommunikasjonsspr\u00e5kene som er avtalt i prosjektet.<\/td>\n<\/tr>\n<tr class=\"row-5\">\n\t<td class=\"column-1\">3<\/td><td class=\"column-2\"><\/td><td class=\"column-3\">Byggeplasskontoret skal v\u00e6re tilgjengelig for bevegelseshemmede ved tilgang med rampe, og ha tilrettelagt m\u00f8terom og toalett.<\/td>\n<\/tr>\n<tr class=\"row-6\">\n\t<td class=\"column-1\">4<\/td><td class=\"column-2\">X<\/td><td class=\"column-3\">Alle veiskilt skal synes, eller skjulte veiskilt skal erstattes.<\/td>\n<\/tr>\n<tr class=\"row-7\">\n\t<td class=\"column-1\">5<\/td><td class=\"column-2\">X<\/td><td class=\"column-3\">Administrer inngangen til byggeplassen for \u00e5 minimere p\u00e5virkningene (f.eks. sikkerhet, forstyrrelser) fra kj\u00f8ret\u00f8y kommer og forlater utbyggingsomr\u00e5det.<\/td>\n<\/tr>\n<tr class=\"row-8\">\n\t<td colspan=\"3\" class=\"column-1 highlight-godt-naboskap\">B. Godt naboskap<br \/>\n<br \/>\nForm\u00e5let er \u00e5 vise at entrepren\u00f8ren administrerer byggeplassen p\u00e5 en hensynsfull m\u00e5te overfor naboene.<\/td>\n<\/tr>\n<tr class=\"row-9\">\n\t<td class=\"column-1\">6<\/td><td class=\"column-2\">X<\/td><td class=\"column-3\">Forebygging av st\u00f8y:<br \/>\n&#8211; Klargj\u00f8r hvilke st\u00f8ykrav som gjelder for prosjektet (T-1442, kommunal st\u00f8yforskrift e.l.). <br \/>\n&#8211; Gjennomf\u00f8r en innledende dialog med naboene, f.eks. barnehager, mht. behov for stille perioder innenfor arbeidsdagen.<br \/>\n&#8211; Iverksett rutiner for \u00e5 varsle tidspunkt og varighet for st\u00f8yende arbeider til n\u00e6rmilj\u00f8et.<br \/>\n&#8211; St\u00f8ykravene skal tydelig formidles til dem som arbeider p\u00e5 plassen og dem som kommer med kj\u00f8ret\u00f8y for lasting og lossing.<\/td>\n<\/tr>\n<tr class=\"row-10\">\n\t<td class=\"column-1\">7<\/td><td class=\"column-2\">X<\/td><td class=\"column-3\">Byggeplassen skal v\u00e6re tydelig og sikkert merket for omgivelsene, og omr\u00e5det skal holdes ryddig. Dersom det kommer inn klager p\u00e5 dette, skal det straks ryddes opp i forholdene og det skal sikres mot gjentagelse.<\/td>\n<\/tr>\n<tr class=\"row-11\">\n\t<td class=\"column-1\">8<\/td><td class=\"column-2\">X<\/td><td class=\"column-3\">Klager skal raskt svares og loggf\u00f8res.<\/td>\n<\/tr>\n<tr class=\"row-12\">\n\t<td class=\"column-1\">9<\/td><td class=\"column-2\">X<\/td><td class=\"column-3\">Informasjon om prosjektet og kontaktinformasjon skal v\u00e6re oppdatert og synlig for forbipasserende.<\/td>\n<\/tr>\n<tr class=\"row-13\">\n\t<td class=\"column-1\">10<\/td><td class=\"column-2\">X<\/td><td class=\"column-3\">St\u00f8v fra byggeplassaktivitetene skal reduseres ved at det er tydelige rutiner for \u00e5 iverksette vanning, salting e.l. ved behov.<\/td>\n<\/tr>\n<tr class=\"row-14\">\n\t<td colspan=\"3\" class=\"column-1 highlight-milj%c3%b8bevissthet\">C. Milj\u00f8bevissthet<br \/>\n<br \/>\nForm\u00e5let er \u00e5 vise at entrepren\u00f8ren har unders\u00f8kt hvordan byggeplassen kan p\u00e5virke milj\u00f8et,og har satt i verk tiltak for \u00e5 redusere denne p\u00e5virkningen.<\/td>\n<\/tr>\n<tr class=\"row-15\">\n\t<td class=\"column-1\">11<\/td><td class=\"column-2\">X<\/td><td class=\"column-3\">Utbyggingsomr\u00e5det skal ha tilstrekkelig lys for \u00e5 f\u00e5 utf\u00f8rt arbeidsoppgaver og sikre trygge arbeidsforhold uten at det bidrar til lysforurensning i omgivelsene. For de ulike omr\u00e5dene skal det benyttes l\u00f8sninger som samsvarer med kravene i Tabell 2, 7.1 og 7.3 i Lyskultur 1C.<\/td>\n<\/tr>\n<tr class=\"row-16\">\n\t<td class=\"column-1\">12<\/td><td class=\"column-2\"><\/td><td class=\"column-3\">Byggeplasskontor og garderober skal tilrettelegges for lav energibruk, f.eks.:energieffektiv belysningtermostatstyring av oppvarming og kj\u00f8lingventilasjon med varmegjenvinning-nattsenking av temperaturnattsenking av temperatur<\/td>\n<\/tr>\n<tr class=\"row-17\">\n\t<td class=\"column-1\">13<\/td><td class=\"column-2\"><\/td><td class=\"column-3\">Det skal v\u00e6re rutiner for \u00e5 sjekke at vannkraner ikke st\u00e5r p\u00e5 un\u00f8dvendig og at de er skrudd av n\u00e5r byggeplassen stenges for dagen. Der det er relevant skal det benyttes vannbesparende utstyr.<\/td>\n<\/tr>\n<tr class=\"row-18\">\n\t<td class=\"column-1\">14<\/td><td class=\"column-2\">X<\/td><td class=\"column-3\">Det skal v\u00e6re tilstrekkelig plass til \u00e5 mellomlagre utstyr og byggematerialer, slik at det er ryddig p\u00e5 byggeomr\u00e5det og de er beskyttet mot v\u00e6r og vind der det er behov for det.<\/td>\n<\/tr>\n<tr class=\"row-19\">\n\t<td class=\"column-1\">15<\/td><td class=\"column-2\">X<\/td><td class=\"column-3\">Det skal gjennomf\u00f8res en vurdering for hvordan prosjektet skal h\u00e5ndtere overvann underveis i byggearbeidene. Vurderingen skal vise til relevante tiltak, f.eks. lokal infiltrasjon, kum\/br\u00f8nner, s\u00e5rbare omr\u00e5der, kontroll p\u00e5 vann fra forurensende aktiviteter som st\u00f8p o.l.<\/td>\n<\/tr>\n<tr class=\"row-20\">\n\t<td class=\"column-1\">16<\/td><td class=\"column-2\"><\/td><td class=\"column-3\">Reetablering av vegetasjon s\u00e5 raskt som mulig.<\/td>\n<\/tr>\n<tr class=\"row-21\">\n\t<td colspan=\"3\" class=\"column-1 highlight-sikker-og-hensynsfullt-arbeidsmilj%c3%b8\">D. Sikker og hensynsfullt arbeidsmilj\u00f8<br \/>\n<br \/>\nForm\u00e5let er \u00e5 vise at entrepren\u00f8ren administrerer byggeplassen p\u00e5 en ren og sikker m\u00e5te for \u00e5 ivareta arbeidernes velferd og begrense risikoen for deres helse og sikkerhet<\/td>\n<\/tr>\n<tr class=\"row-22\">\n\t<td class=\"column-1\">17<\/td><td class=\"column-2\"><\/td><td class=\"column-3\">De som arbeider p\u00e5 byggeplassen, skal ha tilgang p\u00e5 jevnlig rengjorte fasiliteter som tilfredsstiller kravene i arbeidsplassforskriften. Dette gjelder spiserom, toaletter, garderober med dusj (atskilt for menn og kvinner), l\u00e5sbare skap o.l.<\/td>\n<\/tr>\n<tr class=\"row-23\">\n\t<td class=\"column-1\">18<\/td><td class=\"column-2\"><\/td><td class=\"column-3\">Omr\u00e5der som er tillatt for r\u00f8yking, skal ikke v\u00e6re i tilknytning til bygningers inngangspartier eller luftinntak. De skal v\u00e6re tydelig merket og vises p\u00e5 riggplan.<\/td>\n<\/tr>\n<tr class=\"row-24\">\n\t<td class=\"column-1\">19<\/td><td class=\"column-2\">X<\/td><td class=\"column-3\">Verneutstyr skal finnes p\u00e5 prosjektet og v\u00e6re tilgjengelig for bes\u00f8kende.<\/td>\n<\/tr>\n<tr class=\"row-25\">\n\t<td class=\"column-1\">20<\/td><td class=\"column-2\">X<\/td><td class=\"column-3\">skal v\u00e6re tilrettelagt for sikker r\u00f8mning ved brann iht. gjeldende myndighetskrav. Som et minimum skal:<br \/>\n&#8211; r\u00f8mningsveier v\u00e6re tydelig merket <br \/>\n&#8211; branninstruks v\u00e6re utarbeidet for prosjektet<br \/>\n&#8211; brann\u00f8velser utf\u00f8res underveis i byggearbeidene<\/td>\n<\/tr>\n<tr class=\"row-26\">\n\t<td class=\"column-1\">21<\/td><td class=\"column-2\">X<\/td><td class=\"column-3\">F\u00f8r oppstart av byggearbeider skal prosjektet:<br \/>\n1. gj\u00f8re en innledende risikovurdering mht. n\u00e6rhet til s\u00e5rbare resipienter, kommunalt overvannsnett o.l.<br \/>\n2. ha effektiv spilloppsamling til tanker \/ midlertidig lagring og beredskapsutstyr (absorbenter\/lenser) tilpasset prosjektets milj\u00f8risiko <br \/>\n3. gi arbeiderne oppl\u00e6ring i bruk av kjemikalier og drivstoff og bruk av beredskapsutstyr ved ev. utslipp<\/td>\n<\/tr>\n<\/tbody>\n<\/table>\n<!-- #tablepress-A1 from cache -->\n\n\n<p><\/p>\n\n\n\n<p>Undertegnet av:<br>Representant p\u00e5 byggeplassen \u00a0\u00a0\u00a0\u00a0\u00a0\u00a0\u00a0\u00a0\u00a0\u00a0\u00a0\u00a0\u00a0\u00a0\u00a0\u00a0\u00a0\u00a0\u00a0\u00a0\u00a0\u00a0\u00a0\u00a0\u00a0\u00a0\u00a0\u00a0\u00a0\u00a0\u00a0\u00a0\u00a0\u00a0\u00a0\u00a0\u00a0\u00a0\u00a0\u00a0\u00a0\u00a0\u00a0\u00a0\u00a0\u00a0\u00a0\u00a0\u00a0\u00a0\u00a0\u00a0\u00a0\u00a0\u00a0\u00a0\u00a0\u00a0\u00a0\u00a0\u00a0 \u00a0\u00a0\u00a0\u00a0\u00a0\u00a0\u00a0\u00a0\u00a0\u00a0\u00a0\u00a0\u00a0 Dato:<\/p>\n\n\n\n<p>BREEAM-NOR- revisor: \u00a0\u00a0\u00a0\u00a0\u00a0\u00a0\u00a0\u00a0\u00a0\u00a0\u00a0\u00a0\u00a0\u00a0\u00a0\u00a0\u00a0\u00a0\u00a0\u00a0\u00a0\u00a0\u00a0\u00a0\u00a0\u00a0\u00a0\u00a0\u00a0\u00a0\u00a0\u00a0\u00a0\u00a0\u00a0\u00a0\u00a0\u00a0\u00a0\u00a0\u00a0\u00a0\u00a0\u00a0\u00a0\u00a0\u00a0\u00a0\u00a0\u00a0\u00a0\u00a0\u00a0\u00a0\u00a0\u00a0\u00a0\u00a0\u00a0\u00a0\u00a0\u00a0\u00a0\u00a0\u00a0\u00a0\u00a0\u00a0\u00a0\u00a0\u00a0\u00a0\u00a0 \u00a0\u00a0\u00a0\u00a0\u00a0\u00a0\u00a0\u00a0\u00a0  \u00a0\u00a0\u00a0\u00a0 Dato:<\/p>\n\n\n\n<p><\/p>\n","protected":false},"excerpt":{"rendered":"<p>Undertegnet av:Representant p\u00e5 byggeplassen \u00a0\u00a0\u00a0\u00a0\u00a0\u00a0\u00a0\u00a0\u00a0\u00a0\u00a0\u00a0\u00a0\u00a0\u00a0\u00a0\u00a0\u00a0\u00a0\u00a0\u00a0\u00a0\u00a0\u00a0\u00a0\u00a0\u00a0\u00a0\u00a0\u00a0\u00a0\u00a0\u00a0\u00a0\u00a0\u00a0\u00a0\u00a0\u00a0\u00a0\u00a0\u00a0\u00a0\u00a0\u00a0\u00a0\u00a0\u00a0\u00a0\u00a0\u00a0\u00a0\u00a0\u00a0\u00a0\u00a0\u00a0\u00a0\u00a0\u00a0\u00a0 \u00a0\u00a0\u00a0\u00a0\u00a0\u00a0\u00a0\u00a0\u00a0\u00a0\u00a0\u00a0\u00a0 Dato: BREEAM-NOR- revisor: \u00a0\u00a0\u00a0\u00a0\u00a0\u00a0\u00a0\u00a0\u00a0\u00a0\u00a0\u00a0\u00a0\u00a0\u00a0\u00a0\u00a0\u00a0\u00a0\u00a0\u00a0\u00a0\u00a0\u00a0\u00a0\u00a0\u00a0\u00a0\u00a0\u00a0\u00a0\u00a0\u00a0\u00a0\u00a0\u00a0\u00a0\u00a0\u00a0\u00a0\u00a0\u00a0\u00a0\u00a0\u00a0\u00a0\u00a0\u00a0\u00a0\u00a0\u00a0\u00a0\u00a0\u00a0\u00a0\u00a0\u00a0\u00a0\u00a0\u00a0\u00a0\u00a0\u00a0\u00a0\u00a0\u00a0\u00a0\u00a0\u00a0\u00a0\u00a0\u00a0\u00a0 \u00a0\u00a0\u00a0\u00a0\u00a0\u00a0\u00a0\u00a0\u00a0 \u00a0\u00a0\u00a0\u00a0 Dato:<\/p>\n","protected":false},"author":5,"featured_media":0,"parent":0,"menu_order":11,"comment_status":"closed","ping_status":"closed","template":"page-page.php","meta":{"_acf_changed":false,"footnotes":""},"categories":[],"connection":[],"class_list":["post-4301","page","type-page","status-publish","hentry"],"acf":[],"yoast_head":"<!-- This site is optimized with the Yoast SEO plugin v25.4 - https:\/\/yoast.com\/wordpress\/plugins\/seo\/ -->\n<title>Sjekkliste A1 - BREEAM-NOR<\/title>\n<meta name=\"robots\" content=\"index, follow, max-snippet:-1, max-image-preview:large, max-video-preview:-1\" \/>\n<link rel=\"canonical\" href=\"https:\/\/breeam-nor.byggalliansen.no\/v6\/sjekkliste-a1\/\" \/>\n<meta property=\"og:locale\" content=\"nb_NO\" \/>\n<meta property=\"og:type\" content=\"article\" \/>\n<meta property=\"og:title\" content=\"Sjekkliste A1 - BREEAM-NOR\" \/>\n<meta property=\"og:description\" content=\"Undertegnet av:Representant p\u00e5 byggeplassen \u00a0\u00a0\u00a0\u00a0\u00a0\u00a0\u00a0\u00a0\u00a0\u00a0\u00a0\u00a0\u00a0\u00a0\u00a0\u00a0\u00a0\u00a0\u00a0\u00a0\u00a0\u00a0\u00a0\u00a0\u00a0\u00a0\u00a0\u00a0\u00a0\u00a0\u00a0\u00a0\u00a0\u00a0\u00a0\u00a0\u00a0\u00a0\u00a0\u00a0\u00a0\u00a0\u00a0\u00a0\u00a0\u00a0\u00a0\u00a0\u00a0\u00a0\u00a0\u00a0\u00a0\u00a0\u00a0\u00a0\u00a0\u00a0\u00a0\u00a0\u00a0 \u00a0\u00a0\u00a0\u00a0\u00a0\u00a0\u00a0\u00a0\u00a0\u00a0\u00a0\u00a0\u00a0 Dato: BREEAM-NOR- revisor: \u00a0\u00a0\u00a0\u00a0\u00a0\u00a0\u00a0\u00a0\u00a0\u00a0\u00a0\u00a0\u00a0\u00a0\u00a0\u00a0\u00a0\u00a0\u00a0\u00a0\u00a0\u00a0\u00a0\u00a0\u00a0\u00a0\u00a0\u00a0\u00a0\u00a0\u00a0\u00a0\u00a0\u00a0\u00a0\u00a0\u00a0\u00a0\u00a0\u00a0\u00a0\u00a0\u00a0\u00a0\u00a0\u00a0\u00a0\u00a0\u00a0\u00a0\u00a0\u00a0\u00a0\u00a0\u00a0\u00a0\u00a0\u00a0\u00a0\u00a0\u00a0\u00a0\u00a0\u00a0\u00a0\u00a0\u00a0\u00a0\u00a0\u00a0\u00a0\u00a0\u00a0 \u00a0\u00a0\u00a0\u00a0\u00a0\u00a0\u00a0\u00a0\u00a0 \u00a0\u00a0\u00a0\u00a0 Dato:\" \/>\n<meta property=\"og:url\" content=\"https:\/\/breeam-nor.byggalliansen.no\/v6\/sjekkliste-a1\/\" \/>\n<meta property=\"og:site_name\" content=\"BREEAM-NOR\" \/>\n<meta property=\"article:modified_time\" content=\"2025-06-11T09:01:52+00:00\" \/>\n<meta name=\"twitter:card\" content=\"summary_large_image\" \/>\n<meta name=\"twitter:label1\" content=\"Ansl. lesetid\" \/>\n\t<meta name=\"twitter:data1\" content=\"1 minutt\" \/>\n<script type=\"application\/ld+json\" class=\"yoast-schema-graph\">{\"@context\":\"https:\/\/schema.org\",\"@graph\":[{\"@type\":\"WebPage\",\"@id\":\"https:\/\/breeam-nor.byggalliansen.no\/v6\/sjekkliste-a1\/\",\"url\":\"https:\/\/breeam-nor.byggalliansen.no\/v6\/sjekkliste-a1\/\",\"name\":\"Sjekkliste A1 - BREEAM-NOR\",\"isPartOf\":{\"@id\":\"https:\/\/breeam-nor.byggalliansen.no\/v6\/#website\"},\"datePublished\":\"2025-04-22T14:04:25+00:00\",\"dateModified\":\"2025-06-11T09:01:52+00:00\",\"breadcrumb\":{\"@id\":\"https:\/\/breeam-nor.byggalliansen.no\/v6\/sjekkliste-a1\/#breadcrumb\"},\"inLanguage\":\"nb-NO\",\"potentialAction\":[{\"@type\":\"ReadAction\",\"target\":[\"https:\/\/breeam-nor.byggalliansen.no\/v6\/sjekkliste-a1\/\"]}]},{\"@type\":\"BreadcrumbList\",\"@id\":\"https:\/\/breeam-nor.byggalliansen.no\/v6\/sjekkliste-a1\/#breadcrumb\",\"itemListElement\":[{\"@type\":\"ListItem\",\"position\":1,\"name\":\"BREEAM-NOR\",\"item\":\"https:\/\/breeam-nor.byggalliansen.no\/v6\/\"},{\"@type\":\"ListItem\",\"position\":2,\"name\":\"Sjekkliste A1\"}]},{\"@type\":\"WebSite\",\"@id\":\"https:\/\/breeam-nor.byggalliansen.no\/v6\/#website\",\"url\":\"https:\/\/breeam-nor.byggalliansen.no\/v6\/\",\"name\":\"BREEAM-NOR\",\"description\":\"Versjon 6.1.1, 2024\",\"potentialAction\":[{\"@type\":\"SearchAction\",\"target\":{\"@type\":\"EntryPoint\",\"urlTemplate\":\"https:\/\/breeam-nor.byggalliansen.no\/v6\/?s={search_term_string}\"},\"query-input\":{\"@type\":\"PropertyValueSpecification\",\"valueRequired\":true,\"valueName\":\"search_term_string\"}}],\"inLanguage\":\"nb-NO\"}]}<\/script>\n<!-- \/ Yoast SEO plugin. -->","yoast_head_json":{"title":"Sjekkliste A1 - BREEAM-NOR","robots":{"index":"index","follow":"follow","max-snippet":"max-snippet:-1","max-image-preview":"max-image-preview:large","max-video-preview":"max-video-preview:-1"},"canonical":"https:\/\/breeam-nor.byggalliansen.no\/v6\/sjekkliste-a1\/","og_locale":"nb_NO","og_type":"article","og_title":"Sjekkliste A1 - BREEAM-NOR","og_description":"Undertegnet av:Representant p\u00e5 byggeplassen \u00a0\u00a0\u00a0\u00a0\u00a0\u00a0\u00a0\u00a0\u00a0\u00a0\u00a0\u00a0\u00a0\u00a0\u00a0\u00a0\u00a0\u00a0\u00a0\u00a0\u00a0\u00a0\u00a0\u00a0\u00a0\u00a0\u00a0\u00a0\u00a0\u00a0\u00a0\u00a0\u00a0\u00a0\u00a0\u00a0\u00a0\u00a0\u00a0\u00a0\u00a0\u00a0\u00a0\u00a0\u00a0\u00a0\u00a0\u00a0\u00a0\u00a0\u00a0\u00a0\u00a0\u00a0\u00a0\u00a0\u00a0\u00a0\u00a0\u00a0\u00a0 \u00a0\u00a0\u00a0\u00a0\u00a0\u00a0\u00a0\u00a0\u00a0\u00a0\u00a0\u00a0\u00a0 Dato: BREEAM-NOR- revisor: \u00a0\u00a0\u00a0\u00a0\u00a0\u00a0\u00a0\u00a0\u00a0\u00a0\u00a0\u00a0\u00a0\u00a0\u00a0\u00a0\u00a0\u00a0\u00a0\u00a0\u00a0\u00a0\u00a0\u00a0\u00a0\u00a0\u00a0\u00a0\u00a0\u00a0\u00a0\u00a0\u00a0\u00a0\u00a0\u00a0\u00a0\u00a0\u00a0\u00a0\u00a0\u00a0\u00a0\u00a0\u00a0\u00a0\u00a0\u00a0\u00a0\u00a0\u00a0\u00a0\u00a0\u00a0\u00a0\u00a0\u00a0\u00a0\u00a0\u00a0\u00a0\u00a0\u00a0\u00a0\u00a0\u00a0\u00a0\u00a0\u00a0\u00a0\u00a0\u00a0\u00a0 \u00a0\u00a0\u00a0\u00a0\u00a0\u00a0\u00a0\u00a0\u00a0 \u00a0\u00a0\u00a0\u00a0 Dato:","og_url":"https:\/\/breeam-nor.byggalliansen.no\/v6\/sjekkliste-a1\/","og_site_name":"BREEAM-NOR","article_modified_time":"2025-06-11T09:01:52+00:00","twitter_card":"summary_large_image","twitter_misc":{"Ansl. lesetid":"1 minutt"},"schema":{"@context":"https:\/\/schema.org","@graph":[{"@type":"WebPage","@id":"https:\/\/breeam-nor.byggalliansen.no\/v6\/sjekkliste-a1\/","url":"https:\/\/breeam-nor.byggalliansen.no\/v6\/sjekkliste-a1\/","name":"Sjekkliste A1 - BREEAM-NOR","isPartOf":{"@id":"https:\/\/breeam-nor.byggalliansen.no\/v6\/#website"},"datePublished":"2025-04-22T14:04:25+00:00","dateModified":"2025-06-11T09:01:52+00:00","breadcrumb":{"@id":"https:\/\/breeam-nor.byggalliansen.no\/v6\/sjekkliste-a1\/#breadcrumb"},"inLanguage":"nb-NO","potentialAction":[{"@type":"ReadAction","target":["https:\/\/breeam-nor.byggalliansen.no\/v6\/sjekkliste-a1\/"]}]},{"@type":"BreadcrumbList","@id":"https:\/\/breeam-nor.byggalliansen.no\/v6\/sjekkliste-a1\/#breadcrumb","itemListElement":[{"@type":"ListItem","position":1,"name":"BREEAM-NOR","item":"https:\/\/breeam-nor.byggalliansen.no\/v6\/"},{"@type":"ListItem","position":2,"name":"Sjekkliste A1"}]},{"@type":"WebSite","@id":"https:\/\/breeam-nor.byggalliansen.no\/v6\/#website","url":"https:\/\/breeam-nor.byggalliansen.no\/v6\/","name":"BREEAM-NOR","description":"Versjon 6.1.1, 2024","potentialAction":[{"@type":"SearchAction","target":{"@type":"EntryPoint","urlTemplate":"https:\/\/breeam-nor.byggalliansen.no\/v6\/?s={search_term_string}"},"query-input":{"@type":"PropertyValueSpecification","valueRequired":true,"valueName":"search_term_string"}}],"inLanguage":"nb-NO"}]}},"_links":{"self":[{"href":"https:\/\/breeam-nor.byggalliansen.no\/v6\/wp-json\/wp\/v2\/pages\/4301","targetHints":{"allow":["GET"]}}],"collection":[{"href":"https:\/\/breeam-nor.byggalliansen.no\/v6\/wp-json\/wp\/v2\/pages"}],"about":[{"href":"https:\/\/breeam-nor.byggalliansen.no\/v6\/wp-json\/wp\/v2\/types\/page"}],"author":[{"embeddable":true,"href":"https:\/\/breeam-nor.byggalliansen.no\/v6\/wp-json\/wp\/v2\/users\/5"}],"replies":[{"embeddable":true,"href":"https:\/\/breeam-nor.byggalliansen.no\/v6\/wp-json\/wp\/v2\/comments?post=4301"}],"version-history":[{"count":3,"href":"https:\/\/breeam-nor.byggalliansen.no\/v6\/wp-json\/wp\/v2\/pages\/4301\/revisions"}],"predecessor-version":[{"id":5785,"href":"https:\/\/breeam-nor.byggalliansen.no\/v6\/wp-json\/wp\/v2\/pages\/4301\/revisions\/5785"}],"wp:attachment":[{"href":"https:\/\/breeam-nor.byggalliansen.no\/v6\/wp-json\/wp\/v2\/media?parent=4301"}],"wp:term":[{"taxonomy":"category","embeddable":true,"href":"https:\/\/breeam-nor.byggalliansen.no\/v6\/wp-json\/wp\/v2\/categories?post=4301"},{"taxonomy":"connection","embeddable":true,"href":"https:\/\/breeam-nor.byggalliansen.no\/v6\/wp-json\/wp\/v2\/connection?post=4301"}],"curies":[{"name":"wp","href":"https:\/\/api.w.org\/{rel}","templated":true}]}}