{"id":4321,"date":"2025-04-23T07:20:16","date_gmt":"2025-04-23T07:20:16","guid":{"rendered":"https:\/\/breeam-nor.byggalliansen.no\/v6\/?page_id=4321"},"modified":"2025-08-19T06:18:38","modified_gmt":"2025-08-19T06:18:38","slug":"man-04-idriftsetting-og-overlevering","status":"publish","type":"page","link":"https:\/\/breeam-nor.byggalliansen.no\/v6\/kategorier-og-emner\/1-ledelse\/man-04-idriftsetting-og-overlevering\/","title":{"rendered":"Man 04 Idriftsetting og overlevering"},"content":{"rendered":"\n<figure class=\"wp-block-table is-style-core-borders\"><table class=\"has-fixed-layout\"><tbody><tr><td colspan=\"5\"><strong>Minstekrav<\/strong>&nbsp;<\/td><\/tr><tr><td>Pass<\/td><td>Good&nbsp;<\/td><td>Very Good&nbsp;<\/td><td>Excellent&nbsp;<\/td><td>Oustanding&nbsp;<\/td><\/tr><tr><td>Krit. 1\u20134&nbsp;<br><\/td><td>Krit. 1\u20134&nbsp;<br><\/td><td>Krit. 1\u20134&nbsp;<br>Krit. 8\u20139&nbsp;<\/td><td>Krit. 1\u20134&nbsp;<br>Krit. 8\u20139&nbsp;<\/td><td>Krit. 1\u20134&nbsp;<br>Krit. 8\u20139&nbsp;<\/td><\/tr><\/tbody><\/table><\/figure>\n\n\n\n<p><\/p>\n\n\n    <div class=\"core-block-faq\">\n        <div class=\"core-block-faq-header\">\n            <h2> <\/h2>\n        <\/div>\n        <div class=\"core-block-faq-container\">\n                                <div class=\"faq-panel\">\n                            <h3>\n                                <button id=\"accordian-block_bc31ad86d95c3b10a6cd25489d702e2e-1\" aria-expanded=\"false\" aria-controls=\"sec-block_bc31ad86d95c3b10a6cd25489d702e2e-1\">\n                                    <span>Form\u00e5l<\/span>\n                                    <em class=\"zmdi zmdi-chevron-down\"><\/em>\n                                <\/button>\n                            <\/h3>\n                            <div id=\"sec-block_bc31ad86d95c3b10a6cd25489d702e2e-1\" class=\"faq-panel-content\" role=\"region\" aria-labelledby=\"accordian-block_bc31ad86d95c3b10a6cd25489d702e2e-1\">\n                                <div class=\"faq-panel-text\">\n                                    <p>Oppfordre til en godt planlagt overleverings- og idriftsettingsprosess av tekniske installasjoner som gjenspeiler brukernes behov.<\/p>\n                                <\/div>\n                            <\/div>        \n                        <\/div> \n                                                <div class=\"faq-panel\">\n                            <h3>\n                                <button id=\"accordian-block_bc31ad86d95c3b10a6cd25489d702e2e-2\" aria-expanded=\"false\" aria-controls=\"sec-block_bc31ad86d95c3b10a6cd25489d702e2e-2\">\n                                    <span>Innredet\/uinnredet bygg<\/span>\n                                    <em class=\"zmdi zmdi-chevron-down\"><\/em>\n                                <\/button>\n                            <\/h3>\n                            <div id=\"sec-block_bc31ad86d95c3b10a6cd25489d702e2e-2\" class=\"faq-panel-content\" role=\"region\" aria-labelledby=\"accordian-block_bc31ad86d95c3b10a6cd25489d702e2e-2\">\n                                <div class=\"faq-panel-text\">\n                                    <p><!-- wp:heading {\"level\":3} --><\/p>\n<figure class=\"wp-block-table is-style-core-borders\">\n<table class=\"has-fixed-layout\">\n<tbody>\n<tr>\n<td><\/td>\n<td><strong>Innredet<\/strong><\/td>\n<td><strong>Uinnredet<\/strong><\/td>\n<td><strong>R\u00e5bygg<\/strong><\/td>\n<\/tr>\n<tr>\n<td>Gjeldende vurderingskriterier<\/td>\n<td>Alle<\/td>\n<td>Alle<\/td>\n<td>Alle<\/td>\n<\/tr>\n<tr>\n<td>S\u00e6rskilte notater<\/td>\n<td>Ingen<\/td>\n<td>Se notat 1.0 og 1.1<br \/>\nSe Vedlegg D<\/td>\n<td>Se notat 1.0 og 1.1<br \/>\nSe Vedlegg D<\/td>\n<\/tr>\n<\/tbody>\n<\/table>\n<\/figure>\n<p><!-- \/wp:heading --> <!-- wp:table {\"className\":\"is-style-core-borders\"} --><\/p>\n<figure class=\"wp-block-table is-style-core-borders\">\n<table class=\"has-fixed-layout\">\n<tbody>\n<tr>\n<td colspan=\"2\"><strong>Notater for innredet\/uinnredet bygg<\/strong><\/td>\n<\/tr>\n<tr>\n<td>1.0<\/td>\n<td>Plan og ansvar for idriftsetting og testing, samt utarbeidelse, klargj\u00f8ring og gjennomf\u00f8ring av idriftsetting, gjelder kun for spesifiserte\/monterte tekniske installasjoner.<\/td>\n<\/tr>\n<tr>\n<td>1.1<\/td>\n<td>Bygningsveilederen og oppl\u00e6ringsplanen omfatter, s\u00e5 langt det er mulig, relevante deler om byggets installasjoner og konstruksjoner. Ved overlevering skal tiltakshaver, tiltakshavers representant eller brukeren overlevere b\u00e5de bygningsveilederen og oppl\u00e6ringsplanen til entrepren\u00f8ren med ansvar for innredningen, som deretter kan fullf\u00f8re de relevante delene basert p\u00e5 innredningsstrategien.<\/td>\n<\/tr>\n<\/tbody>\n<\/table>\n<\/figure>\n<p><!-- \/wp:table --><\/p>\n                                <\/div>\n                            <\/div>        \n                        <\/div> \n                                                <div class=\"faq-panel\">\n                            <h3>\n                                <button id=\"accordian-block_bc31ad86d95c3b10a6cd25489d702e2e-3\" aria-expanded=\"false\" aria-controls=\"sec-block_bc31ad86d95c3b10a6cd25489d702e2e-3\">\n                                    <span>Spesielt for bygningstype<\/span>\n                                    <em class=\"zmdi zmdi-chevron-down\"><\/em>\n                                <\/button>\n                            <\/h3>\n                            <div id=\"sec-block_bc31ad86d95c3b10a6cd25489d702e2e-3\" class=\"faq-panel-content\" role=\"region\" aria-labelledby=\"accordian-block_bc31ad86d95c3b10a6cd25489d702e2e-3\">\n                                <div class=\"faq-panel-text\">\n                                    <p><!-- wp:heading {\"level\":3} --><\/p>\n<figure class=\"wp-block-table is-style-core-borders\">\n<table class=\"has-fixed-layout\">\n<tbody>\n<tr>\n<td colspan=\"2\"><strong>Notater for bygningstype<\/strong><\/td>\n<\/tr>\n<tr>\n<td>Ingen<\/td>\n<td><\/td>\n<\/tr>\n<\/tbody>\n<\/table>\n<\/figure>\n<p><!-- \/wp:heading --><\/p>\n                                <\/div>\n                            <\/div>        \n                        <\/div> \n                                <\/div>\n    <\/div>\n\n\n\n<p><\/p>\n","protected":false},"excerpt":{"rendered":"<p>Oppfordre til en godt planlagt overleverings- og idriftsettingsprosess av tekniske installasjoner som gjenspeiler brukernes behov. <\/p>\n","protected":false},"author":5,"featured_media":0,"parent":2025,"menu_order":3,"comment_status":"closed","ping_status":"closed","template":"page-portaltable.php","meta":{"_acf_changed":false,"footnotes":""},"categories":[],"connection":[333],"class_list":["post-4321","page","type-page","status-publish","hentry","connection-1-4"],"acf":[],"yoast_head":"<!-- This site is optimized with the Yoast SEO plugin v25.4 - https:\/\/yoast.com\/wordpress\/plugins\/seo\/ -->\n<title>Man 04 Idriftsetting og overlevering - BREEAM-NOR<\/title>\n<meta name=\"robots\" content=\"index, follow, max-snippet:-1, max-image-preview:large, max-video-preview:-1\" \/>\n<link rel=\"canonical\" href=\"http:\/\/breeam-nor.byggalliansen.no\/v6\/kategorier-og-emner\/1-ledelse\/man-04-idriftsetting-og-overlevering\/\" \/>\n<meta property=\"og:locale\" content=\"nb_NO\" \/>\n<meta property=\"og:type\" content=\"article\" \/>\n<meta property=\"og:title\" content=\"Man 04 Idriftsetting og overlevering - BREEAM-NOR\" \/>\n<meta property=\"og:description\" content=\"Oppfordre til en godt planlagt overleverings- og idriftsettingsprosess av tekniske installasjoner som gjenspeiler brukernes behov.\" \/>\n<meta property=\"og:url\" content=\"http:\/\/breeam-nor.byggalliansen.no\/v6\/kategorier-og-emner\/1-ledelse\/man-04-idriftsetting-og-overlevering\/\" \/>\n<meta property=\"og:site_name\" content=\"BREEAM-NOR\" \/>\n<meta property=\"article:modified_time\" content=\"2025-08-19T06:18:38+00:00\" \/>\n<meta name=\"twitter:card\" content=\"summary_large_image\" \/>\n<meta name=\"twitter:label1\" content=\"Ansl. lesetid\" \/>\n\t<meta name=\"twitter:data1\" content=\"1 minutt\" \/>\n<script type=\"application\/ld+json\" class=\"yoast-schema-graph\">{\"@context\":\"https:\/\/schema.org\",\"@graph\":[{\"@type\":\"WebPage\",\"@id\":\"http:\/\/breeam-nor.byggalliansen.no\/v6\/kategorier-og-emner\/1-ledelse\/man-04-idriftsetting-og-overlevering\/\",\"url\":\"http:\/\/breeam-nor.byggalliansen.no\/v6\/kategorier-og-emner\/1-ledelse\/man-04-idriftsetting-og-overlevering\/\",\"name\":\"Man 04 Idriftsetting og overlevering - BREEAM-NOR\",\"isPartOf\":{\"@id\":\"https:\/\/breeam-nor.byggalliansen.no\/v6\/#website\"},\"datePublished\":\"2025-04-23T07:20:16+00:00\",\"dateModified\":\"2025-08-19T06:18:38+00:00\",\"breadcrumb\":{\"@id\":\"http:\/\/breeam-nor.byggalliansen.no\/v6\/kategorier-og-emner\/1-ledelse\/man-04-idriftsetting-og-overlevering\/#breadcrumb\"},\"inLanguage\":\"nb-NO\",\"potentialAction\":[{\"@type\":\"ReadAction\",\"target\":[\"http:\/\/breeam-nor.byggalliansen.no\/v6\/kategorier-og-emner\/1-ledelse\/man-04-idriftsetting-og-overlevering\/\"]}]},{\"@type\":\"BreadcrumbList\",\"@id\":\"http:\/\/breeam-nor.byggalliansen.no\/v6\/kategorier-og-emner\/1-ledelse\/man-04-idriftsetting-og-overlevering\/#breadcrumb\",\"itemListElement\":[{\"@type\":\"ListItem\",\"position\":1,\"name\":\"BREEAM-NOR\",\"item\":\"https:\/\/breeam-nor.byggalliansen.no\/v6\/\"},{\"@type\":\"ListItem\",\"position\":2,\"name\":\"Kategorier og emner\",\"item\":\"https:\/\/breeam-nor.byggalliansen.no\/v6\/kategorier-og-emner\/\"},{\"@type\":\"ListItem\",\"position\":3,\"name\":\"Ledelse\",\"item\":\"http:\/\/breeam-nor.byggalliansen.no\/v6\/kategorier-og-emner\/1-ledelse\/\"},{\"@type\":\"ListItem\",\"position\":4,\"name\":\"Man 04 Idriftsetting og overlevering\"}]},{\"@type\":\"WebSite\",\"@id\":\"https:\/\/breeam-nor.byggalliansen.no\/v6\/#website\",\"url\":\"https:\/\/breeam-nor.byggalliansen.no\/v6\/\",\"name\":\"BREEAM-NOR\",\"description\":\"Versjon 6.1.1, 2024\",\"potentialAction\":[{\"@type\":\"SearchAction\",\"target\":{\"@type\":\"EntryPoint\",\"urlTemplate\":\"https:\/\/breeam-nor.byggalliansen.no\/v6\/?s={search_term_string}\"},\"query-input\":{\"@type\":\"PropertyValueSpecification\",\"valueRequired\":true,\"valueName\":\"search_term_string\"}}],\"inLanguage\":\"nb-NO\"}]}<\/script>\n<!-- \/ Yoast SEO plugin. -->","yoast_head_json":{"title":"Man 04 Idriftsetting og overlevering - BREEAM-NOR","robots":{"index":"index","follow":"follow","max-snippet":"max-snippet:-1","max-image-preview":"max-image-preview:large","max-video-preview":"max-video-preview:-1"},"canonical":"http:\/\/breeam-nor.byggalliansen.no\/v6\/kategorier-og-emner\/1-ledelse\/man-04-idriftsetting-og-overlevering\/","og_locale":"nb_NO","og_type":"article","og_title":"Man 04 Idriftsetting og overlevering - BREEAM-NOR","og_description":"Oppfordre til en godt planlagt overleverings- og idriftsettingsprosess av tekniske installasjoner som gjenspeiler brukernes behov.","og_url":"http:\/\/breeam-nor.byggalliansen.no\/v6\/kategorier-og-emner\/1-ledelse\/man-04-idriftsetting-og-overlevering\/","og_site_name":"BREEAM-NOR","article_modified_time":"2025-08-19T06:18:38+00:00","twitter_card":"summary_large_image","twitter_misc":{"Ansl. lesetid":"1 minutt"},"schema":{"@context":"https:\/\/schema.org","@graph":[{"@type":"WebPage","@id":"http:\/\/breeam-nor.byggalliansen.no\/v6\/kategorier-og-emner\/1-ledelse\/man-04-idriftsetting-og-overlevering\/","url":"http:\/\/breeam-nor.byggalliansen.no\/v6\/kategorier-og-emner\/1-ledelse\/man-04-idriftsetting-og-overlevering\/","name":"Man 04 Idriftsetting og overlevering - BREEAM-NOR","isPartOf":{"@id":"https:\/\/breeam-nor.byggalliansen.no\/v6\/#website"},"datePublished":"2025-04-23T07:20:16+00:00","dateModified":"2025-08-19T06:18:38+00:00","breadcrumb":{"@id":"http:\/\/breeam-nor.byggalliansen.no\/v6\/kategorier-og-emner\/1-ledelse\/man-04-idriftsetting-og-overlevering\/#breadcrumb"},"inLanguage":"nb-NO","potentialAction":[{"@type":"ReadAction","target":["http:\/\/breeam-nor.byggalliansen.no\/v6\/kategorier-og-emner\/1-ledelse\/man-04-idriftsetting-og-overlevering\/"]}]},{"@type":"BreadcrumbList","@id":"http:\/\/breeam-nor.byggalliansen.no\/v6\/kategorier-og-emner\/1-ledelse\/man-04-idriftsetting-og-overlevering\/#breadcrumb","itemListElement":[{"@type":"ListItem","position":1,"name":"BREEAM-NOR","item":"https:\/\/breeam-nor.byggalliansen.no\/v6\/"},{"@type":"ListItem","position":2,"name":"Kategorier og emner","item":"https:\/\/breeam-nor.byggalliansen.no\/v6\/kategorier-og-emner\/"},{"@type":"ListItem","position":3,"name":"Ledelse","item":"http:\/\/breeam-nor.byggalliansen.no\/v6\/kategorier-og-emner\/1-ledelse\/"},{"@type":"ListItem","position":4,"name":"Man 04 Idriftsetting og overlevering"}]},{"@type":"WebSite","@id":"https:\/\/breeam-nor.byggalliansen.no\/v6\/#website","url":"https:\/\/breeam-nor.byggalliansen.no\/v6\/","name":"BREEAM-NOR","description":"Versjon 6.1.1, 2024","potentialAction":[{"@type":"SearchAction","target":{"@type":"EntryPoint","urlTemplate":"https:\/\/breeam-nor.byggalliansen.no\/v6\/?s={search_term_string}"},"query-input":{"@type":"PropertyValueSpecification","valueRequired":true,"valueName":"search_term_string"}}],"inLanguage":"nb-NO"}]}},"_links":{"self":[{"href":"https:\/\/breeam-nor.byggalliansen.no\/v6\/wp-json\/wp\/v2\/pages\/4321","targetHints":{"allow":["GET"]}}],"collection":[{"href":"https:\/\/breeam-nor.byggalliansen.no\/v6\/wp-json\/wp\/v2\/pages"}],"about":[{"href":"https:\/\/breeam-nor.byggalliansen.no\/v6\/wp-json\/wp\/v2\/types\/page"}],"author":[{"embeddable":true,"href":"https:\/\/breeam-nor.byggalliansen.no\/v6\/wp-json\/wp\/v2\/users\/5"}],"replies":[{"embeddable":true,"href":"https:\/\/breeam-nor.byggalliansen.no\/v6\/wp-json\/wp\/v2\/comments?post=4321"}],"version-history":[{"count":2,"href":"https:\/\/breeam-nor.byggalliansen.no\/v6\/wp-json\/wp\/v2\/pages\/4321\/revisions"}],"predecessor-version":[{"id":5979,"href":"https:\/\/breeam-nor.byggalliansen.no\/v6\/wp-json\/wp\/v2\/pages\/4321\/revisions\/5979"}],"up":[{"embeddable":true,"href":"https:\/\/breeam-nor.byggalliansen.no\/v6\/wp-json\/wp\/v2\/pages\/2025"}],"wp:attachment":[{"href":"https:\/\/breeam-nor.byggalliansen.no\/v6\/wp-json\/wp\/v2\/media?parent=4321"}],"wp:term":[{"taxonomy":"category","embeddable":true,"href":"https:\/\/breeam-nor.byggalliansen.no\/v6\/wp-json\/wp\/v2\/categories?post=4321"},{"taxonomy":"connection","embeddable":true,"href":"https:\/\/breeam-nor.byggalliansen.no\/v6\/wp-json\/wp\/v2\/connection?post=4321"}],"curies":[{"name":"wp","href":"https:\/\/api.w.org\/{rel}","templated":true}]}}