{"id":4322,"date":"2025-04-23T07:21:42","date_gmt":"2025-04-23T07:21:42","guid":{"rendered":"https:\/\/breeam-nor.byggalliansen.no\/v6\/?page_id=4322"},"modified":"2025-08-19T07:36:42","modified_gmt":"2025-08-19T07:36:42","slug":"man-05-provedrift-og-oppfolging","status":"publish","type":"page","link":"https:\/\/breeam-nor.byggalliansen.no\/v6\/kategorier-og-emner\/1-ledelse\/man-05-provedrift-og-oppfolging\/","title":{"rendered":"Man 05 Pr\u00f8vedrift og oppf\u00f8lging"},"content":{"rendered":"\n<figure class=\"wp-block-table is-style-core-borders\"><table class=\"has-fixed-layout\"><tbody><tr><td colspan=\"5\"><strong>Minstekrav<\/strong>&nbsp;<\/td><\/tr><tr><td>Pass<\/td><td>Good&nbsp;<\/td><td>Very Good&nbsp;<\/td><td>Excellent&nbsp;<\/td><td>Outstanding&nbsp;<\/td><\/tr><tr><td>\u2013&nbsp;<\/td><td>\u2013&nbsp;<\/td><td>\u2013&nbsp;<\/td><td>Krit. 3\/ krit. 4*&nbsp;&nbsp;<\/td><td>Krit. 3\/ krit. 4*&nbsp;<\/td><\/tr><\/tbody><\/table><figcaption class=\"wp-element-caption\">* Se notater spesielt for bygningstype\u00a0<\/figcaption><\/figure>\n\n\n    <div class=\"core-block-faq\">\n        <div class=\"core-block-faq-header\">\n            <h2> <\/h2>\n        <\/div>\n        <div class=\"core-block-faq-container\">\n                                <div class=\"faq-panel\">\n                            <h3>\n                                <button id=\"accordian-block_7731da5b8dd89aa94da1ba9517309074-1\" aria-expanded=\"false\" aria-controls=\"sec-block_7731da5b8dd89aa94da1ba9517309074-1\">\n                                    <span>Form\u00e5l<\/span>\n                                    <em class=\"zmdi zmdi-chevron-down\"><\/em>\n                                <\/button>\n                            <\/h3>\n                            <div id=\"sec-block_7731da5b8dd89aa94da1ba9517309074-1\" class=\"faq-panel-content\" role=\"region\" aria-labelledby=\"accordian-block_7731da5b8dd89aa94da1ba9517309074-1\">\n                                <div class=\"faq-panel-text\">\n                                    <p>S\u00f8rge for pr\u00f8vedrift og oppf\u00f8lging, etter overlevering, til eier eller brukere det f\u00f8rste bruks\u00e5ret (steg 7), for \u00e5 sikre drift og eventuell tilpasning av bygningen i samsvar med form\u00e5l og driftsbehov.<\/p>\n                                <\/div>\n                            <\/div>        \n                        <\/div> \n                                                <div class=\"faq-panel\">\n                            <h3>\n                                <button id=\"accordian-block_7731da5b8dd89aa94da1ba9517309074-2\" aria-expanded=\"false\" aria-controls=\"sec-block_7731da5b8dd89aa94da1ba9517309074-2\">\n                                    <span>Innredet\/uinnredet bygg<\/span>\n                                    <em class=\"zmdi zmdi-chevron-down\"><\/em>\n                                <\/button>\n                            <\/h3>\n                            <div id=\"sec-block_7731da5b8dd89aa94da1ba9517309074-2\" class=\"faq-panel-content\" role=\"region\" aria-labelledby=\"accordian-block_7731da5b8dd89aa94da1ba9517309074-2\">\n                                <div class=\"faq-panel-text\">\n                                    <figure class=\"wp-block-table is-style-core-borders\">\n<table class=\"has-fixed-layout\">\n<thead>\n<tr>\n<th><\/th>\n<th><strong>Innredet<\/strong><\/th>\n<th><strong>Uinnredet<\/strong><\/th>\n<th><strong>R\u00e5bygg<\/strong><\/th>\n<\/tr>\n<\/thead>\n<tbody>\n<tr>\n<td>Gjeldende vurderingskriterier<\/td>\n<td>Alle<\/td>\n<td>Alle<\/td>\n<td>Alle<\/td>\n<\/tr>\n<tr>\n<td>S\u00e6rskilte notater<\/td>\n<td>Ingen<\/td>\n<td>Se notat 1.0<br \/>\nSe Vedlegg D<\/td>\n<td>Se notat 1.0<br \/>\nSe Vedlegg D<\/td>\n<\/tr>\n<\/tbody>\n<\/table>\n<\/figure>\n<p><!-- \/wp:table --> <!-- wp:paragraph --><\/p>\n<figure class=\"wp-block-table is-style-core-borders\">\n<table class=\"has-fixed-layout\">\n<tbody>\n<tr>\n<td colspan=\"2\"><strong>Notater for innredet\/uinnredet bygg<\/strong><\/td>\n<\/tr>\n<tr>\n<td>1.0<\/td>\n<td>\u00a0Emnet er ikke relevant for uinnredet bygg og r\u00e5bygg, emnet filtreres ut.<\/td>\n<\/tr>\n<\/tbody>\n<\/table>\n<\/figure>\n                                <\/div>\n                            <\/div>        \n                        <\/div> \n                                                <div class=\"faq-panel\">\n                            <h3>\n                                <button id=\"accordian-block_7731da5b8dd89aa94da1ba9517309074-3\" aria-expanded=\"false\" aria-controls=\"sec-block_7731da5b8dd89aa94da1ba9517309074-3\">\n                                    <span>Spesielt for bygningstype<\/span>\n                                    <em class=\"zmdi zmdi-chevron-down\"><\/em>\n                                <\/button>\n                            <\/h3>\n                            <div id=\"sec-block_7731da5b8dd89aa94da1ba9517309074-3\" class=\"faq-panel-content\" role=\"region\" aria-labelledby=\"accordian-block_7731da5b8dd89aa94da1ba9517309074-3\">\n                                <div class=\"faq-panel-text\">\n                                    <figure class=\"wp-block-table is-style-core-borders\">\n<table class=\"has-fixed-layout\">\n<tbody>\n<tr>\n<td colspan=\"2\"><strong>Notater for bygningstype<\/strong><\/td>\n<\/tr>\n<tr>\n<td>2.0<\/td>\n<td>For boligbygg gjelder ikke kriterium 3. Kriterium 4 er kun for boligbygg.<\/td>\n<\/tr>\n<\/tbody>\n<\/table>\n<\/figure>\n<p><!-- \/wp:table --> <!-- wp:paragraph --><\/p>\n<p>&nbsp;<\/p>\n                                <\/div>\n                            <\/div>        \n                        <\/div> \n                                <\/div>\n    <\/div>\n\n\n\n<p><\/p>\n","protected":false},"excerpt":{"rendered":"<p>S\u00f8rge for pr\u00f8vedrift og oppf\u00f8lging, etter overlevering, til eier eller brukere det f\u00f8rste bruks\u00e5ret (steg 7), for \u00e5 sikre drift og eventuell tilpasning av bygningen i samsvar med form\u00e5l og driftsbehov. <\/p>\n","protected":false},"author":5,"featured_media":0,"parent":2025,"menu_order":4,"comment_status":"closed","ping_status":"closed","template":"page-portaltable.php","meta":{"_acf_changed":false,"footnotes":""},"categories":[],"connection":[334],"class_list":["post-4322","page","type-page","status-publish","hentry","connection-1-5"],"acf":[],"yoast_head":"<!-- This site is optimized with the Yoast SEO plugin v25.4 - https:\/\/yoast.com\/wordpress\/plugins\/seo\/ -->\n<title>Man 05 Pr\u00f8vedrift og oppf\u00f8lging - BREEAM-NOR<\/title>\n<meta name=\"robots\" content=\"index, follow, max-snippet:-1, max-image-preview:large, max-video-preview:-1\" \/>\n<link rel=\"canonical\" href=\"https:\/\/breeam-nor.byggalliansen.no\/v6\/kategorier-og-emner\/1-ledelse\/man-05-provedrift-og-oppfolging\/\" \/>\n<meta property=\"og:locale\" content=\"nb_NO\" \/>\n<meta property=\"og:type\" content=\"article\" \/>\n<meta property=\"og:title\" content=\"Man 05 Pr\u00f8vedrift og oppf\u00f8lging - BREEAM-NOR\" \/>\n<meta property=\"og:description\" content=\"S\u00f8rge for pr\u00f8vedrift og oppf\u00f8lging, etter overlevering, til eier eller brukere det f\u00f8rste bruks\u00e5ret (steg 7), for \u00e5 sikre drift og eventuell tilpasning av bygningen i samsvar med form\u00e5l og driftsbehov.\" \/>\n<meta property=\"og:url\" content=\"https:\/\/breeam-nor.byggalliansen.no\/v6\/kategorier-og-emner\/1-ledelse\/man-05-provedrift-og-oppfolging\/\" \/>\n<meta property=\"og:site_name\" content=\"BREEAM-NOR\" \/>\n<meta property=\"article:modified_time\" content=\"2025-08-19T07:36:42+00:00\" \/>\n<meta name=\"twitter:card\" content=\"summary_large_image\" \/>\n<meta name=\"twitter:label1\" content=\"Ansl. lesetid\" \/>\n\t<meta name=\"twitter:data1\" content=\"1 minutt\" \/>\n<script type=\"application\/ld+json\" class=\"yoast-schema-graph\">{\"@context\":\"https:\/\/schema.org\",\"@graph\":[{\"@type\":\"WebPage\",\"@id\":\"https:\/\/breeam-nor.byggalliansen.no\/v6\/kategorier-og-emner\/1-ledelse\/man-05-provedrift-og-oppfolging\/\",\"url\":\"https:\/\/breeam-nor.byggalliansen.no\/v6\/kategorier-og-emner\/1-ledelse\/man-05-provedrift-og-oppfolging\/\",\"name\":\"Man 05 Pr\u00f8vedrift og oppf\u00f8lging - BREEAM-NOR\",\"isPartOf\":{\"@id\":\"https:\/\/breeam-nor.byggalliansen.no\/v6\/#website\"},\"datePublished\":\"2025-04-23T07:21:42+00:00\",\"dateModified\":\"2025-08-19T07:36:42+00:00\",\"breadcrumb\":{\"@id\":\"https:\/\/breeam-nor.byggalliansen.no\/v6\/kategorier-og-emner\/1-ledelse\/man-05-provedrift-og-oppfolging\/#breadcrumb\"},\"inLanguage\":\"nb-NO\",\"potentialAction\":[{\"@type\":\"ReadAction\",\"target\":[\"https:\/\/breeam-nor.byggalliansen.no\/v6\/kategorier-og-emner\/1-ledelse\/man-05-provedrift-og-oppfolging\/\"]}]},{\"@type\":\"BreadcrumbList\",\"@id\":\"https:\/\/breeam-nor.byggalliansen.no\/v6\/kategorier-og-emner\/1-ledelse\/man-05-provedrift-og-oppfolging\/#breadcrumb\",\"itemListElement\":[{\"@type\":\"ListItem\",\"position\":1,\"name\":\"BREEAM-NOR\",\"item\":\"https:\/\/breeam-nor.byggalliansen.no\/v6\/\"},{\"@type\":\"ListItem\",\"position\":2,\"name\":\"Kategorier og emner\",\"item\":\"https:\/\/breeam-nor.byggalliansen.no\/v6\/kategorier-og-emner\/\"},{\"@type\":\"ListItem\",\"position\":3,\"name\":\"Ledelse\",\"item\":\"http:\/\/breeam-nor.byggalliansen.no\/v6\/kategorier-og-emner\/1-ledelse\/\"},{\"@type\":\"ListItem\",\"position\":4,\"name\":\"Man 05 Pr\u00f8vedrift og oppf\u00f8lging\"}]},{\"@type\":\"WebSite\",\"@id\":\"https:\/\/breeam-nor.byggalliansen.no\/v6\/#website\",\"url\":\"https:\/\/breeam-nor.byggalliansen.no\/v6\/\",\"name\":\"BREEAM-NOR\",\"description\":\"Versjon 6.1.1, 2024\",\"potentialAction\":[{\"@type\":\"SearchAction\",\"target\":{\"@type\":\"EntryPoint\",\"urlTemplate\":\"https:\/\/breeam-nor.byggalliansen.no\/v6\/?s={search_term_string}\"},\"query-input\":{\"@type\":\"PropertyValueSpecification\",\"valueRequired\":true,\"valueName\":\"search_term_string\"}}],\"inLanguage\":\"nb-NO\"}]}<\/script>\n<!-- \/ Yoast SEO plugin. -->","yoast_head_json":{"title":"Man 05 Pr\u00f8vedrift og oppf\u00f8lging - BREEAM-NOR","robots":{"index":"index","follow":"follow","max-snippet":"max-snippet:-1","max-image-preview":"max-image-preview:large","max-video-preview":"max-video-preview:-1"},"canonical":"https:\/\/breeam-nor.byggalliansen.no\/v6\/kategorier-og-emner\/1-ledelse\/man-05-provedrift-og-oppfolging\/","og_locale":"nb_NO","og_type":"article","og_title":"Man 05 Pr\u00f8vedrift og oppf\u00f8lging - BREEAM-NOR","og_description":"S\u00f8rge for pr\u00f8vedrift og oppf\u00f8lging, etter overlevering, til eier eller brukere det f\u00f8rste bruks\u00e5ret (steg 7), for \u00e5 sikre drift og eventuell tilpasning av bygningen i samsvar med form\u00e5l og driftsbehov.","og_url":"https:\/\/breeam-nor.byggalliansen.no\/v6\/kategorier-og-emner\/1-ledelse\/man-05-provedrift-og-oppfolging\/","og_site_name":"BREEAM-NOR","article_modified_time":"2025-08-19T07:36:42+00:00","twitter_card":"summary_large_image","twitter_misc":{"Ansl. lesetid":"1 minutt"},"schema":{"@context":"https:\/\/schema.org","@graph":[{"@type":"WebPage","@id":"https:\/\/breeam-nor.byggalliansen.no\/v6\/kategorier-og-emner\/1-ledelse\/man-05-provedrift-og-oppfolging\/","url":"https:\/\/breeam-nor.byggalliansen.no\/v6\/kategorier-og-emner\/1-ledelse\/man-05-provedrift-og-oppfolging\/","name":"Man 05 Pr\u00f8vedrift og oppf\u00f8lging - BREEAM-NOR","isPartOf":{"@id":"https:\/\/breeam-nor.byggalliansen.no\/v6\/#website"},"datePublished":"2025-04-23T07:21:42+00:00","dateModified":"2025-08-19T07:36:42+00:00","breadcrumb":{"@id":"https:\/\/breeam-nor.byggalliansen.no\/v6\/kategorier-og-emner\/1-ledelse\/man-05-provedrift-og-oppfolging\/#breadcrumb"},"inLanguage":"nb-NO","potentialAction":[{"@type":"ReadAction","target":["https:\/\/breeam-nor.byggalliansen.no\/v6\/kategorier-og-emner\/1-ledelse\/man-05-provedrift-og-oppfolging\/"]}]},{"@type":"BreadcrumbList","@id":"https:\/\/breeam-nor.byggalliansen.no\/v6\/kategorier-og-emner\/1-ledelse\/man-05-provedrift-og-oppfolging\/#breadcrumb","itemListElement":[{"@type":"ListItem","position":1,"name":"BREEAM-NOR","item":"https:\/\/breeam-nor.byggalliansen.no\/v6\/"},{"@type":"ListItem","position":2,"name":"Kategorier og emner","item":"https:\/\/breeam-nor.byggalliansen.no\/v6\/kategorier-og-emner\/"},{"@type":"ListItem","position":3,"name":"Ledelse","item":"http:\/\/breeam-nor.byggalliansen.no\/v6\/kategorier-og-emner\/1-ledelse\/"},{"@type":"ListItem","position":4,"name":"Man 05 Pr\u00f8vedrift og oppf\u00f8lging"}]},{"@type":"WebSite","@id":"https:\/\/breeam-nor.byggalliansen.no\/v6\/#website","url":"https:\/\/breeam-nor.byggalliansen.no\/v6\/","name":"BREEAM-NOR","description":"Versjon 6.1.1, 2024","potentialAction":[{"@type":"SearchAction","target":{"@type":"EntryPoint","urlTemplate":"https:\/\/breeam-nor.byggalliansen.no\/v6\/?s={search_term_string}"},"query-input":{"@type":"PropertyValueSpecification","valueRequired":true,"valueName":"search_term_string"}}],"inLanguage":"nb-NO"}]}},"_links":{"self":[{"href":"https:\/\/breeam-nor.byggalliansen.no\/v6\/wp-json\/wp\/v2\/pages\/4322","targetHints":{"allow":["GET"]}}],"collection":[{"href":"https:\/\/breeam-nor.byggalliansen.no\/v6\/wp-json\/wp\/v2\/pages"}],"about":[{"href":"https:\/\/breeam-nor.byggalliansen.no\/v6\/wp-json\/wp\/v2\/types\/page"}],"author":[{"embeddable":true,"href":"https:\/\/breeam-nor.byggalliansen.no\/v6\/wp-json\/wp\/v2\/users\/5"}],"replies":[{"embeddable":true,"href":"https:\/\/breeam-nor.byggalliansen.no\/v6\/wp-json\/wp\/v2\/comments?post=4322"}],"version-history":[{"count":3,"href":"https:\/\/breeam-nor.byggalliansen.no\/v6\/wp-json\/wp\/v2\/pages\/4322\/revisions"}],"predecessor-version":[{"id":6029,"href":"https:\/\/breeam-nor.byggalliansen.no\/v6\/wp-json\/wp\/v2\/pages\/4322\/revisions\/6029"}],"up":[{"embeddable":true,"href":"https:\/\/breeam-nor.byggalliansen.no\/v6\/wp-json\/wp\/v2\/pages\/2025"}],"wp:attachment":[{"href":"https:\/\/breeam-nor.byggalliansen.no\/v6\/wp-json\/wp\/v2\/media?parent=4322"}],"wp:term":[{"taxonomy":"category","embeddable":true,"href":"https:\/\/breeam-nor.byggalliansen.no\/v6\/wp-json\/wp\/v2\/categories?post=4322"},{"taxonomy":"connection","embeddable":true,"href":"https:\/\/breeam-nor.byggalliansen.no\/v6\/wp-json\/wp\/v2\/connection?post=4322"}],"curies":[{"name":"wp","href":"https:\/\/api.w.org\/{rel}","templated":true}]}}