{"id":4323,"date":"2025-04-23T07:03:55","date_gmt":"2025-04-23T07:03:55","guid":{"rendered":"https:\/\/breeam-nor.byggalliansen.no\/v6\/?page_id=4323"},"modified":"2025-08-19T07:37:19","modified_gmt":"2025-08-19T07:37:19","slug":"hea-01-visuell-komfort","status":"publish","type":"page","link":"https:\/\/breeam-nor.byggalliansen.no\/v6\/kategorier-og-emner\/helse-og-innemiljo\/hea-01-visuell-komfort\/","title":{"rendered":"Hea 01 Visuell komfort"},"content":{"rendered":"\n<figure class=\"wp-block-table is-style-core-borders\"><table class=\"has-fixed-layout\"><tbody><tr><td class=\"has-text-align-left\" data-align=\"left\" colspan=\"5\"><strong>Minstekrav<\/strong>&nbsp;<\/td><\/tr><tr><td class=\"has-text-align-left\" data-align=\"left\">Pass<\/td><td>Good&nbsp;<\/td><td>Very Good&nbsp;<\/td><td>Excellent&nbsp;<\/td><td>Outstanding&nbsp;<\/td><\/tr><tr><td class=\"has-text-align-left\" data-align=\"left\">Krit. 1\u20133&nbsp;<\/td><td>Krit. 1\u20133&nbsp;<\/td><td>Krit. 1\u20133&nbsp;<\/td><td>Krit. 1\u20133&nbsp;<\/td><td>Krit. 1\u20133&nbsp;&nbsp;<\/td><\/tr><\/tbody><\/table><\/figure>\n\n\n\n<h3 class=\"wp-block-heading\"><\/h3>\n\n\n    <div class=\"core-block-faq\">\n        <div class=\"core-block-faq-header\">\n            <h2> <\/h2>\n        <\/div>\n        <div class=\"core-block-faq-container\">\n                                <div class=\"faq-panel\">\n                            <h3>\n                                <button id=\"accordian-block_5d300534f9685b2ed2d5ea1eef7df06f-1\" aria-expanded=\"false\" aria-controls=\"sec-block_5d300534f9685b2ed2d5ea1eef7df06f-1\">\n                                    <span>Form\u00e5l<\/span>\n                                    <em class=\"zmdi zmdi-chevron-down\"><\/em>\n                                <\/button>\n                            <\/h3>\n                            <div id=\"sec-block_5d300534f9685b2ed2d5ea1eef7df06f-1\" class=\"faq-panel-content\" role=\"region\" aria-labelledby=\"accordian-block_5d300534f9685b2ed2d5ea1eef7df06f-1\">\n                                <div class=\"faq-panel-text\">\n                                    <p>\u00c5 s\u00f8rge for at dagslys, kunstig belysning og brukerkontroll blir vurdert i prosjekteringsfasen for \u00e5 s\u00f8rge for beste praksis innen belysningskvalitet og synskomfort for bygningens brukere.<\/p>\n                                <\/div>\n                            <\/div>        \n                        <\/div> \n                                                <div class=\"faq-panel\">\n                            <h3>\n                                <button id=\"accordian-block_5d300534f9685b2ed2d5ea1eef7df06f-2\" aria-expanded=\"false\" aria-controls=\"sec-block_5d300534f9685b2ed2d5ea1eef7df06f-2\">\n                                    <span>Innredet\/uinnredet bygg<\/span>\n                                    <em class=\"zmdi zmdi-chevron-down\"><\/em>\n                                <\/button>\n                            <\/h3>\n                            <div id=\"sec-block_5d300534f9685b2ed2d5ea1eef7df06f-2\" class=\"faq-panel-content\" role=\"region\" aria-labelledby=\"accordian-block_5d300534f9685b2ed2d5ea1eef7df06f-2\">\n                                <div class=\"faq-panel-text\">\n                                    <figure class=\"wp-block-table is-style-core-borders\">\n<table class=\"has-fixed-layout\">\n<tbody>\n<tr>\n<td><\/td>\n<td><strong>Innredet<\/strong><\/td>\n<td><strong>Uinnredet<\/strong><\/td>\n<td><strong>R\u00e5bygg<\/strong><\/td>\n<\/tr>\n<tr>\n<td>Gjeldende vurderingskriterier<\/td>\n<td>Alle<\/td>\n<td>Kriterium 1\u20134, 8\u201310, 14\u201315 og 21\u201322<\/td>\n<td>Kriterium 1\u20134, 8\u201310, 14\u201315 og 21\u201322<\/td>\n<\/tr>\n<tr>\n<td>S\u00e6rskilte notater<\/td>\n<td>Ingen<\/td>\n<td>Se notat 1.0<br \/>\nSe Vedlegg D<\/td>\n<td>Se notat 1.0<br \/>\nSe Vedlegg D<\/td>\n<\/tr>\n<\/tbody>\n<\/table>\n<\/figure>\n<p><!-- \/wp:table --> <!-- wp:paragraph --><\/p>\n<figure class=\"wp-block-table is-style-core-borders\">\n<table class=\"has-fixed-layout\">\n<tbody>\n<tr>\n<td colspan=\"2\"><strong>Notater for innredet\/uinnredet bygg<\/strong><\/td>\n<\/tr>\n<tr>\n<td>1.0<\/td>\n<td><strong>Generelt<\/strong><br \/>\nHvis det ikke er mulig \u00e5 fastsl\u00e5 hvilke omr\u00e5der av bygningen som vil inneholde oppholdsrom, arbeidsstasjoner, arbeids- og skrivebord, m\u00e5 alle omr\u00e5der av bygningen som er beregnet for eller sannsynligvis vil bli m\u00f8blert som oppholdsrom med arbeidsstasjoner, arbeids- eller skrivebord, oppfylle de relevante kriteriene.<\/td>\n<\/tr>\n<\/tbody>\n<\/table>\n<\/figure>\n                                <\/div>\n                            <\/div>        \n                        <\/div> \n                                                <div class=\"faq-panel\">\n                            <h3>\n                                <button id=\"accordian-block_5d300534f9685b2ed2d5ea1eef7df06f-3\" aria-expanded=\"false\" aria-controls=\"sec-block_5d300534f9685b2ed2d5ea1eef7df06f-3\">\n                                    <span>Spesielt for bygningstype<\/span>\n                                    <em class=\"zmdi zmdi-chevron-down\"><\/em>\n                                <\/button>\n                            <\/h3>\n                            <div id=\"sec-block_5d300534f9685b2ed2d5ea1eef7df06f-3\" class=\"faq-panel-content\" role=\"region\" aria-labelledby=\"accordian-block_5d300534f9685b2ed2d5ea1eef7df06f-3\">\n                                <div class=\"faq-panel-text\">\n                                    <figure class=\"wp-block-table is-style-core-borders\">\n<table class=\"has-fixed-layout\">\n<tbody>\n<tr>\n<td colspan=\"2\"><strong>Notater for bygningstype<\/strong><\/td>\n<\/tr>\n<tr>\n<td>2.0<\/td>\n<td><strong>Fengselsbygg<\/strong><br \/>\nKriteriene for soning av lysregulering gjelder ikke for vurdering av fengselsbygg.<\/td>\n<\/tr>\n<tr>\n<td>2.1<\/td>\n<td><strong>Kontroll av blending fra dagslys<\/strong><br \/>\nFiltreres ut for bygningskategori \u2013 boligbygg.\u00a0\u00a0Kriteriene er gjeldende for relevante omr\u00e5der i alle andre bygningskategorier.<\/td>\n<\/tr>\n<tr>\n<td>2.2<\/td>\n<td><strong>Innend\u00f8rs og utend\u00f8rs belysningsniv\u00e5er og soneinndeling<\/strong><br \/>\nFiltreres ut for bygningskategori &#8211; boligbygg.\u00a0\u00a0Kriteriene er gjeldende for relevante omr\u00e5der i alle andre bygningskategorier.<\/td>\n<\/tr>\n<\/tbody>\n<\/table>\n<\/figure>\n                                <\/div>\n                            <\/div>        \n                        <\/div> \n                                <\/div>\n    <\/div>\n\n\n\n<p><\/p>\n","protected":false},"excerpt":{"rendered":"<p>\u00c5 s\u00f8rge for at dagslys, kunstig belysning og brukerkontroll blir vurdert i prosjekteringsfasen for \u00e5 s\u00f8rge for beste praksis innen belysningskvalitet og synskomfort for bygningens brukere. <\/p>\n","protected":false},"author":5,"featured_media":0,"parent":4099,"menu_order":0,"comment_status":"closed","ping_status":"closed","template":"page-portaltable.php","meta":{"_acf_changed":false,"footnotes":""},"categories":[],"connection":[326],"class_list":["post-4323","page","type-page","status-publish","hentry","connection-2-1"],"acf":[],"yoast_head":"<!-- This site is optimized with the Yoast SEO plugin v25.4 - https:\/\/yoast.com\/wordpress\/plugins\/seo\/ -->\n<title>Hea 01 Visuell komfort - BREEAM-NOR<\/title>\n<meta name=\"robots\" content=\"index, follow, max-snippet:-1, max-image-preview:large, max-video-preview:-1\" \/>\n<link rel=\"canonical\" href=\"https:\/\/breeam-nor.byggalliansen.no\/v6\/kategorier-og-emner\/helse-og-innemiljo\/hea-01-visuell-komfort\/\" \/>\n<meta property=\"og:locale\" content=\"nb_NO\" \/>\n<meta property=\"og:type\" content=\"article\" \/>\n<meta property=\"og:title\" content=\"Hea 01 Visuell komfort - BREEAM-NOR\" \/>\n<meta property=\"og:description\" content=\"\u00c5 s\u00f8rge for at dagslys, kunstig belysning og brukerkontroll blir vurdert i prosjekteringsfasen for \u00e5 s\u00f8rge for beste praksis innen belysningskvalitet og synskomfort for bygningens brukere.\" \/>\n<meta property=\"og:url\" content=\"https:\/\/breeam-nor.byggalliansen.no\/v6\/kategorier-og-emner\/helse-og-innemiljo\/hea-01-visuell-komfort\/\" \/>\n<meta property=\"og:site_name\" content=\"BREEAM-NOR\" \/>\n<meta property=\"article:modified_time\" content=\"2025-08-19T07:37:19+00:00\" \/>\n<meta name=\"twitter:card\" content=\"summary_large_image\" \/>\n<meta name=\"twitter:label1\" content=\"Ansl. lesetid\" \/>\n\t<meta name=\"twitter:data1\" content=\"1 minutt\" \/>\n<script type=\"application\/ld+json\" class=\"yoast-schema-graph\">{\"@context\":\"https:\/\/schema.org\",\"@graph\":[{\"@type\":\"WebPage\",\"@id\":\"https:\/\/breeam-nor.byggalliansen.no\/v6\/kategorier-og-emner\/helse-og-innemiljo\/hea-01-visuell-komfort\/\",\"url\":\"https:\/\/breeam-nor.byggalliansen.no\/v6\/kategorier-og-emner\/helse-og-innemiljo\/hea-01-visuell-komfort\/\",\"name\":\"Hea 01 Visuell komfort - BREEAM-NOR\",\"isPartOf\":{\"@id\":\"https:\/\/breeam-nor.byggalliansen.no\/v6\/#website\"},\"datePublished\":\"2025-04-23T07:03:55+00:00\",\"dateModified\":\"2025-08-19T07:37:19+00:00\",\"breadcrumb\":{\"@id\":\"https:\/\/breeam-nor.byggalliansen.no\/v6\/kategorier-og-emner\/helse-og-innemiljo\/hea-01-visuell-komfort\/#breadcrumb\"},\"inLanguage\":\"nb-NO\",\"potentialAction\":[{\"@type\":\"ReadAction\",\"target\":[\"https:\/\/breeam-nor.byggalliansen.no\/v6\/kategorier-og-emner\/helse-og-innemiljo\/hea-01-visuell-komfort\/\"]}]},{\"@type\":\"BreadcrumbList\",\"@id\":\"https:\/\/breeam-nor.byggalliansen.no\/v6\/kategorier-og-emner\/helse-og-innemiljo\/hea-01-visuell-komfort\/#breadcrumb\",\"itemListElement\":[{\"@type\":\"ListItem\",\"position\":1,\"name\":\"BREEAM-NOR\",\"item\":\"https:\/\/breeam-nor.byggalliansen.no\/v6\/\"},{\"@type\":\"ListItem\",\"position\":2,\"name\":\"Kategorier og emner\",\"item\":\"https:\/\/breeam-nor.byggalliansen.no\/v6\/kategorier-og-emner\/\"},{\"@type\":\"ListItem\",\"position\":3,\"name\":\"Helse og innemilj\u00f8\",\"item\":\"https:\/\/breeam-nor.byggalliansen.no\/v6\/kategorier-og-emner\/helse-og-innemiljo\/\"},{\"@type\":\"ListItem\",\"position\":4,\"name\":\"Hea 01 Visuell komfort\"}]},{\"@type\":\"WebSite\",\"@id\":\"https:\/\/breeam-nor.byggalliansen.no\/v6\/#website\",\"url\":\"https:\/\/breeam-nor.byggalliansen.no\/v6\/\",\"name\":\"BREEAM-NOR\",\"description\":\"Versjon 6.1.1, 2024\",\"potentialAction\":[{\"@type\":\"SearchAction\",\"target\":{\"@type\":\"EntryPoint\",\"urlTemplate\":\"https:\/\/breeam-nor.byggalliansen.no\/v6\/?s={search_term_string}\"},\"query-input\":{\"@type\":\"PropertyValueSpecification\",\"valueRequired\":true,\"valueName\":\"search_term_string\"}}],\"inLanguage\":\"nb-NO\"}]}<\/script>\n<!-- \/ Yoast SEO plugin. -->","yoast_head_json":{"title":"Hea 01 Visuell komfort - BREEAM-NOR","robots":{"index":"index","follow":"follow","max-snippet":"max-snippet:-1","max-image-preview":"max-image-preview:large","max-video-preview":"max-video-preview:-1"},"canonical":"https:\/\/breeam-nor.byggalliansen.no\/v6\/kategorier-og-emner\/helse-og-innemiljo\/hea-01-visuell-komfort\/","og_locale":"nb_NO","og_type":"article","og_title":"Hea 01 Visuell komfort - BREEAM-NOR","og_description":"\u00c5 s\u00f8rge for at dagslys, kunstig belysning og brukerkontroll blir vurdert i prosjekteringsfasen for \u00e5 s\u00f8rge for beste praksis innen belysningskvalitet og synskomfort for bygningens brukere.","og_url":"https:\/\/breeam-nor.byggalliansen.no\/v6\/kategorier-og-emner\/helse-og-innemiljo\/hea-01-visuell-komfort\/","og_site_name":"BREEAM-NOR","article_modified_time":"2025-08-19T07:37:19+00:00","twitter_card":"summary_large_image","twitter_misc":{"Ansl. lesetid":"1 minutt"},"schema":{"@context":"https:\/\/schema.org","@graph":[{"@type":"WebPage","@id":"https:\/\/breeam-nor.byggalliansen.no\/v6\/kategorier-og-emner\/helse-og-innemiljo\/hea-01-visuell-komfort\/","url":"https:\/\/breeam-nor.byggalliansen.no\/v6\/kategorier-og-emner\/helse-og-innemiljo\/hea-01-visuell-komfort\/","name":"Hea 01 Visuell komfort - BREEAM-NOR","isPartOf":{"@id":"https:\/\/breeam-nor.byggalliansen.no\/v6\/#website"},"datePublished":"2025-04-23T07:03:55+00:00","dateModified":"2025-08-19T07:37:19+00:00","breadcrumb":{"@id":"https:\/\/breeam-nor.byggalliansen.no\/v6\/kategorier-og-emner\/helse-og-innemiljo\/hea-01-visuell-komfort\/#breadcrumb"},"inLanguage":"nb-NO","potentialAction":[{"@type":"ReadAction","target":["https:\/\/breeam-nor.byggalliansen.no\/v6\/kategorier-og-emner\/helse-og-innemiljo\/hea-01-visuell-komfort\/"]}]},{"@type":"BreadcrumbList","@id":"https:\/\/breeam-nor.byggalliansen.no\/v6\/kategorier-og-emner\/helse-og-innemiljo\/hea-01-visuell-komfort\/#breadcrumb","itemListElement":[{"@type":"ListItem","position":1,"name":"BREEAM-NOR","item":"https:\/\/breeam-nor.byggalliansen.no\/v6\/"},{"@type":"ListItem","position":2,"name":"Kategorier og emner","item":"https:\/\/breeam-nor.byggalliansen.no\/v6\/kategorier-og-emner\/"},{"@type":"ListItem","position":3,"name":"Helse og innemilj\u00f8","item":"https:\/\/breeam-nor.byggalliansen.no\/v6\/kategorier-og-emner\/helse-og-innemiljo\/"},{"@type":"ListItem","position":4,"name":"Hea 01 Visuell komfort"}]},{"@type":"WebSite","@id":"https:\/\/breeam-nor.byggalliansen.no\/v6\/#website","url":"https:\/\/breeam-nor.byggalliansen.no\/v6\/","name":"BREEAM-NOR","description":"Versjon 6.1.1, 2024","potentialAction":[{"@type":"SearchAction","target":{"@type":"EntryPoint","urlTemplate":"https:\/\/breeam-nor.byggalliansen.no\/v6\/?s={search_term_string}"},"query-input":{"@type":"PropertyValueSpecification","valueRequired":true,"valueName":"search_term_string"}}],"inLanguage":"nb-NO"}]}},"_links":{"self":[{"href":"https:\/\/breeam-nor.byggalliansen.no\/v6\/wp-json\/wp\/v2\/pages\/4323","targetHints":{"allow":["GET"]}}],"collection":[{"href":"https:\/\/breeam-nor.byggalliansen.no\/v6\/wp-json\/wp\/v2\/pages"}],"about":[{"href":"https:\/\/breeam-nor.byggalliansen.no\/v6\/wp-json\/wp\/v2\/types\/page"}],"author":[{"embeddable":true,"href":"https:\/\/breeam-nor.byggalliansen.no\/v6\/wp-json\/wp\/v2\/users\/5"}],"replies":[{"embeddable":true,"href":"https:\/\/breeam-nor.byggalliansen.no\/v6\/wp-json\/wp\/v2\/comments?post=4323"}],"version-history":[{"count":3,"href":"https:\/\/breeam-nor.byggalliansen.no\/v6\/wp-json\/wp\/v2\/pages\/4323\/revisions"}],"predecessor-version":[{"id":6030,"href":"https:\/\/breeam-nor.byggalliansen.no\/v6\/wp-json\/wp\/v2\/pages\/4323\/revisions\/6030"}],"up":[{"embeddable":true,"href":"https:\/\/breeam-nor.byggalliansen.no\/v6\/wp-json\/wp\/v2\/pages\/4099"}],"wp:attachment":[{"href":"https:\/\/breeam-nor.byggalliansen.no\/v6\/wp-json\/wp\/v2\/media?parent=4323"}],"wp:term":[{"taxonomy":"category","embeddable":true,"href":"https:\/\/breeam-nor.byggalliansen.no\/v6\/wp-json\/wp\/v2\/categories?post=4323"},{"taxonomy":"connection","embeddable":true,"href":"https:\/\/breeam-nor.byggalliansen.no\/v6\/wp-json\/wp\/v2\/connection?post=4323"}],"curies":[{"name":"wp","href":"https:\/\/api.w.org\/{rel}","templated":true}]}}