{"id":4324,"date":"2025-04-23T07:02:13","date_gmt":"2025-04-23T07:02:13","guid":{"rendered":"https:\/\/breeam-nor.byggalliansen.no\/v6\/?page_id=4324"},"modified":"2025-08-19T07:38:00","modified_gmt":"2025-08-19T07:38:00","slug":"hea-02-inneluftkvalitet","status":"publish","type":"page","link":"https:\/\/breeam-nor.byggalliansen.no\/v6\/kategorier-og-emner\/helse-og-innemiljo\/hea-02-inneluftkvalitet\/","title":{"rendered":"Hea 02 Inneluftkvalitet"},"content":{"rendered":"\n<figure class=\"wp-block-table is-style-core-borders\"><table class=\"has-fixed-layout\"><tbody><tr><td colspan=\"5\"><strong>Minstekrav<\/strong>&nbsp;<\/td><\/tr><tr><td>Pass<\/td><td>Good&nbsp;<\/td><td>Very Good&nbsp;<\/td><td>Excellent<\/td><td>Outstanding&nbsp;<\/td><\/tr><tr><td>Krit. 1\u20132&nbsp;&nbsp;<br><\/td><td>Krit. 1\u20132&nbsp;&nbsp;<br><\/td><td>Krit. 1\u20132&nbsp;<br>Krit. 4&nbsp;<\/td><td>Krit. 1\u20132&nbsp;<br>Krit. 5&nbsp;<\/td><td>Krit. 1\u20132&nbsp;<br>Krit. 5&nbsp;<\/td><\/tr><\/tbody><\/table><\/figure>\n\n\n\n<p><\/p>\n\n\n    <div class=\"core-block-faq\">\n        <div class=\"core-block-faq-header\">\n            <h2> <\/h2>\n        <\/div>\n        <div class=\"core-block-faq-container\">\n                                <div class=\"faq-panel\">\n                            <h3>\n                                <button id=\"accordian-block_92c1889c908a9f98506f16a22aa2dc25-1\" aria-expanded=\"false\" aria-controls=\"sec-block_92c1889c908a9f98506f16a22aa2dc25-1\">\n                                    <span>Form\u00e5l<\/span>\n                                    <em class=\"zmdi zmdi-chevron-down\"><\/em>\n                                <\/button>\n                            <\/h3>\n                            <div id=\"sec-block_92c1889c908a9f98506f16a22aa2dc25-1\" class=\"faq-panel-content\" role=\"region\" aria-labelledby=\"accordian-block_92c1889c908a9f98506f16a22aa2dc25-1\">\n                                <div class=\"faq-panel-text\">\n                                    <p>Anerkjenne og oppfordre til et sunt innemilj\u00f8 ved \u00e5 spesifisere og installere hensiktsmessig ventilasjon og bruke utstyr og materialer med lave emisjoner til innemilj\u00f8.<\/p>\n                                <\/div>\n                            <\/div>        \n                        <\/div> \n                                                <div class=\"faq-panel\">\n                            <h3>\n                                <button id=\"accordian-block_92c1889c908a9f98506f16a22aa2dc25-2\" aria-expanded=\"false\" aria-controls=\"sec-block_92c1889c908a9f98506f16a22aa2dc25-2\">\n                                    <span>Innredet\/uinnredet bygg<\/span>\n                                    <em class=\"zmdi zmdi-chevron-down\"><\/em>\n                                <\/button>\n                            <\/h3>\n                            <div id=\"sec-block_92c1889c908a9f98506f16a22aa2dc25-2\" class=\"faq-panel-content\" role=\"region\" aria-labelledby=\"accordian-block_92c1889c908a9f98506f16a22aa2dc25-2\">\n                                <div class=\"faq-panel-text\">\n                                    <p><!-- wp:heading {\"level\":3} --><\/p>\n<figure class=\"wp-block-table is-style-core-borders\">\n<table class=\"has-fixed-layout\">\n<tbody>\n<tr>\n<td><\/td>\n<td><strong>Innredet<\/strong><\/td>\n<td><strong>Uinnredet<\/strong><\/td>\n<td><strong>R\u00e5bygg<\/strong><\/td>\n<\/tr>\n<tr>\n<td>Gjeldende vurderingskriterier<\/td>\n<td>Alle<\/td>\n<td>1\u20132, 3a\u2013c, 4, 5 og 12<\/td>\n<td>1\u20132, 3a\u2013c og 4<\/td>\n<\/tr>\n<tr>\n<td>S\u00e6rskilte notater<\/td>\n<td>Notat 1.0<\/td>\n<td>Notat 1.0, 1.1 og 1.2<br \/>\nSe vedlegg D<\/td>\n<td>Notat 1.0, 1.1 og 1.2<br \/>\nSe vedlegg D<\/td>\n<\/tr>\n<\/tbody>\n<\/table>\n<\/figure>\n<p><!-- \/wp:heading --> <!-- wp:paragraph --><\/p>\n<figure class=\"wp-block-table is-style-core-borders\">\n<table class=\"has-fixed-layout\">\n<tbody>\n<tr>\n<td colspan=\"2\"><strong>Notater for innredet\/uinnredet bygg<\/strong><\/td>\n<\/tr>\n<tr>\n<td>1.0<\/td>\n<td><strong>Kriterium 1\u20132: <\/strong><br \/>\nInnend\u00f8rs luftkvalitetsplan m\u00e5 fylles ut for omfanget av arbeid som skal vurderes. Dette gjelder for uinnredet bygg s\u00e5 vel som for innredet bygg. Revisor m\u00e5 bruke skj\u00f8nn for \u00e5 bestemme hvilke aspekter i planen som er relevante og sikre at rapporten behandler de relevante aspektene s\u00e5 fullt som mulig innenfor omfanget.<\/td>\n<\/tr>\n<tr>\n<td>1.1<\/td>\n<td><strong>Kriterium 3a\u2013c: <\/strong><br \/>\nDersom ventilasjonssystemet ikke ligger innenfor ansvarsomr\u00e5det til entrepren\u00f8ren som bygger det uinnredede bygget, kan kriteriene oppfylles gjennom strategien for bygningstekniske installasjoner, der de er forh\u00e5ndsbestemt av bygningsformen eller etablerte hovedf\u00f8ringsveier.<\/td>\n<\/tr>\n<tr>\n<td>1.2<\/td>\n<td><strong>Kriterium 4, 5 og 12: <\/strong><br \/>\nI de tilfeller antall produkttyper installert i bygget er f\u00e6rre enn kriteriet spesifiserer, kan innvendige overflatebehandlinger eller integrerte innredningsarbeider i bygget, som ikke er en del av leveransen til tiltakshaver (og vil bli levert som en del av innredningsarbeidene senere) regnes med. En gr\u00f8nn innredningsavtale (se vedlegg D) kan benyttes for \u00e5 dokumentere disse og oppfyllelse av kriterier 4, 5 eller 12. Denne regelen gjelder kun for de omr\u00e5der av bygningen som omfattes av avtalen om gr\u00f8nn innredning.<\/td>\n<\/tr>\n<\/tbody>\n<\/table>\n<\/figure>\n<p><!-- \/wp:paragraph --><\/p>\n                                <\/div>\n                            <\/div>        \n                        <\/div> \n                                                <div class=\"faq-panel\">\n                            <h3>\n                                <button id=\"accordian-block_92c1889c908a9f98506f16a22aa2dc25-3\" aria-expanded=\"false\" aria-controls=\"sec-block_92c1889c908a9f98506f16a22aa2dc25-3\">\n                                    <span>Spesielt for bygningstype<\/span>\n                                    <em class=\"zmdi zmdi-chevron-down\"><\/em>\n                                <\/button>\n                            <\/h3>\n                            <div id=\"sec-block_92c1889c908a9f98506f16a22aa2dc25-3\" class=\"faq-panel-content\" role=\"region\" aria-labelledby=\"accordian-block_92c1889c908a9f98506f16a22aa2dc25-3\">\n                                <div class=\"faq-panel-text\">\n                                    <p><!-- wp:heading {\"level\":3} --><\/p>\n<figure class=\"wp-block-table is-style-core-borders\">\n<table class=\"has-fixed-layout\">\n<tbody>\n<tr>\n<td colspan=\"2\"><strong>Notater for bygningstype<\/strong><\/td>\n<\/tr>\n<tr>\n<td>2.0<\/td>\n<td><strong>Industribygg<\/strong><br \/>\nDersom industribygningen ikke inneholder kontor eller andre omr\u00e5der for opphold, gjelder ikke dette emnet.<\/td>\n<\/tr>\n<\/tbody>\n<\/table>\n<\/figure>\n<p><!-- \/wp:heading --> <!-- wp:paragraph --><\/p>\n<p>&nbsp;<!-- \/wp:paragraph --><\/p>\n                                <\/div>\n                            <\/div>        \n                        <\/div> \n                                <\/div>\n    <\/div>\n\n\n\n<p><\/p>\n","protected":false},"excerpt":{"rendered":"<p>Anerkjenne og oppfordre til et sunt innemilj\u00f8 ved \u00e5 spesifisere og installere hensiktsmessig ventilasjon og bruke utstyr og materialer med lave emisjoner til innemilj\u00f8. <\/p>\n","protected":false},"author":5,"featured_media":0,"parent":4099,"menu_order":1,"comment_status":"closed","ping_status":"closed","template":"page-portaltable.php","meta":{"_acf_changed":false,"footnotes":""},"categories":[],"connection":[325],"class_list":["post-4324","page","type-page","status-publish","hentry","connection-2-2"],"acf":[],"yoast_head":"<!-- This site is optimized with the Yoast SEO plugin v25.4 - https:\/\/yoast.com\/wordpress\/plugins\/seo\/ -->\n<title>Hea 02 Inneluftkvalitet - BREEAM-NOR<\/title>\n<meta name=\"robots\" content=\"index, follow, max-snippet:-1, max-image-preview:large, max-video-preview:-1\" \/>\n<link rel=\"canonical\" href=\"http:\/\/breeam-nor.byggalliansen.no\/v6\/kategorier-og-emner\/helse-og-innemiljo\/hea-02-inneluftkvalitet\/\" \/>\n<meta property=\"og:locale\" content=\"nb_NO\" \/>\n<meta property=\"og:type\" content=\"article\" \/>\n<meta property=\"og:title\" content=\"Hea 02 Inneluftkvalitet - BREEAM-NOR\" \/>\n<meta property=\"og:description\" content=\"Anerkjenne og oppfordre til et sunt innemilj\u00f8 ved \u00e5 spesifisere og installere hensiktsmessig ventilasjon og bruke utstyr og materialer med lave emisjoner til innemilj\u00f8.\" \/>\n<meta property=\"og:url\" content=\"http:\/\/breeam-nor.byggalliansen.no\/v6\/kategorier-og-emner\/helse-og-innemiljo\/hea-02-inneluftkvalitet\/\" \/>\n<meta property=\"og:site_name\" content=\"BREEAM-NOR\" \/>\n<meta property=\"article:modified_time\" content=\"2025-08-19T07:38:00+00:00\" \/>\n<meta name=\"twitter:card\" content=\"summary_large_image\" \/>\n<meta name=\"twitter:label1\" content=\"Ansl. lesetid\" \/>\n\t<meta name=\"twitter:data1\" content=\"1 minutt\" \/>\n<script type=\"application\/ld+json\" class=\"yoast-schema-graph\">{\"@context\":\"https:\/\/schema.org\",\"@graph\":[{\"@type\":\"WebPage\",\"@id\":\"http:\/\/breeam-nor.byggalliansen.no\/v6\/kategorier-og-emner\/helse-og-innemiljo\/hea-02-inneluftkvalitet\/\",\"url\":\"http:\/\/breeam-nor.byggalliansen.no\/v6\/kategorier-og-emner\/helse-og-innemiljo\/hea-02-inneluftkvalitet\/\",\"name\":\"Hea 02 Inneluftkvalitet - BREEAM-NOR\",\"isPartOf\":{\"@id\":\"https:\/\/breeam-nor.byggalliansen.no\/v6\/#website\"},\"datePublished\":\"2025-04-23T07:02:13+00:00\",\"dateModified\":\"2025-08-19T07:38:00+00:00\",\"breadcrumb\":{\"@id\":\"http:\/\/breeam-nor.byggalliansen.no\/v6\/kategorier-og-emner\/helse-og-innemiljo\/hea-02-inneluftkvalitet\/#breadcrumb\"},\"inLanguage\":\"nb-NO\",\"potentialAction\":[{\"@type\":\"ReadAction\",\"target\":[\"http:\/\/breeam-nor.byggalliansen.no\/v6\/kategorier-og-emner\/helse-og-innemiljo\/hea-02-inneluftkvalitet\/\"]}]},{\"@type\":\"BreadcrumbList\",\"@id\":\"http:\/\/breeam-nor.byggalliansen.no\/v6\/kategorier-og-emner\/helse-og-innemiljo\/hea-02-inneluftkvalitet\/#breadcrumb\",\"itemListElement\":[{\"@type\":\"ListItem\",\"position\":1,\"name\":\"BREEAM-NOR\",\"item\":\"https:\/\/breeam-nor.byggalliansen.no\/v6\/\"},{\"@type\":\"ListItem\",\"position\":2,\"name\":\"Kategorier og emner\",\"item\":\"https:\/\/breeam-nor.byggalliansen.no\/v6\/kategorier-og-emner\/\"},{\"@type\":\"ListItem\",\"position\":3,\"name\":\"Helse og innemilj\u00f8\",\"item\":\"https:\/\/breeam-nor.byggalliansen.no\/v6\/kategorier-og-emner\/helse-og-innemiljo\/\"},{\"@type\":\"ListItem\",\"position\":4,\"name\":\"Hea 02 Inneluftkvalitet\"}]},{\"@type\":\"WebSite\",\"@id\":\"https:\/\/breeam-nor.byggalliansen.no\/v6\/#website\",\"url\":\"https:\/\/breeam-nor.byggalliansen.no\/v6\/\",\"name\":\"BREEAM-NOR\",\"description\":\"Versjon 6.1.1, 2024\",\"potentialAction\":[{\"@type\":\"SearchAction\",\"target\":{\"@type\":\"EntryPoint\",\"urlTemplate\":\"https:\/\/breeam-nor.byggalliansen.no\/v6\/?s={search_term_string}\"},\"query-input\":{\"@type\":\"PropertyValueSpecification\",\"valueRequired\":true,\"valueName\":\"search_term_string\"}}],\"inLanguage\":\"nb-NO\"}]}<\/script>\n<!-- \/ Yoast SEO plugin. -->","yoast_head_json":{"title":"Hea 02 Inneluftkvalitet - BREEAM-NOR","robots":{"index":"index","follow":"follow","max-snippet":"max-snippet:-1","max-image-preview":"max-image-preview:large","max-video-preview":"max-video-preview:-1"},"canonical":"http:\/\/breeam-nor.byggalliansen.no\/v6\/kategorier-og-emner\/helse-og-innemiljo\/hea-02-inneluftkvalitet\/","og_locale":"nb_NO","og_type":"article","og_title":"Hea 02 Inneluftkvalitet - BREEAM-NOR","og_description":"Anerkjenne og oppfordre til et sunt innemilj\u00f8 ved \u00e5 spesifisere og installere hensiktsmessig ventilasjon og bruke utstyr og materialer med lave emisjoner til innemilj\u00f8.","og_url":"http:\/\/breeam-nor.byggalliansen.no\/v6\/kategorier-og-emner\/helse-og-innemiljo\/hea-02-inneluftkvalitet\/","og_site_name":"BREEAM-NOR","article_modified_time":"2025-08-19T07:38:00+00:00","twitter_card":"summary_large_image","twitter_misc":{"Ansl. lesetid":"1 minutt"},"schema":{"@context":"https:\/\/schema.org","@graph":[{"@type":"WebPage","@id":"http:\/\/breeam-nor.byggalliansen.no\/v6\/kategorier-og-emner\/helse-og-innemiljo\/hea-02-inneluftkvalitet\/","url":"http:\/\/breeam-nor.byggalliansen.no\/v6\/kategorier-og-emner\/helse-og-innemiljo\/hea-02-inneluftkvalitet\/","name":"Hea 02 Inneluftkvalitet - BREEAM-NOR","isPartOf":{"@id":"https:\/\/breeam-nor.byggalliansen.no\/v6\/#website"},"datePublished":"2025-04-23T07:02:13+00:00","dateModified":"2025-08-19T07:38:00+00:00","breadcrumb":{"@id":"http:\/\/breeam-nor.byggalliansen.no\/v6\/kategorier-og-emner\/helse-og-innemiljo\/hea-02-inneluftkvalitet\/#breadcrumb"},"inLanguage":"nb-NO","potentialAction":[{"@type":"ReadAction","target":["http:\/\/breeam-nor.byggalliansen.no\/v6\/kategorier-og-emner\/helse-og-innemiljo\/hea-02-inneluftkvalitet\/"]}]},{"@type":"BreadcrumbList","@id":"http:\/\/breeam-nor.byggalliansen.no\/v6\/kategorier-og-emner\/helse-og-innemiljo\/hea-02-inneluftkvalitet\/#breadcrumb","itemListElement":[{"@type":"ListItem","position":1,"name":"BREEAM-NOR","item":"https:\/\/breeam-nor.byggalliansen.no\/v6\/"},{"@type":"ListItem","position":2,"name":"Kategorier og emner","item":"https:\/\/breeam-nor.byggalliansen.no\/v6\/kategorier-og-emner\/"},{"@type":"ListItem","position":3,"name":"Helse og innemilj\u00f8","item":"https:\/\/breeam-nor.byggalliansen.no\/v6\/kategorier-og-emner\/helse-og-innemiljo\/"},{"@type":"ListItem","position":4,"name":"Hea 02 Inneluftkvalitet"}]},{"@type":"WebSite","@id":"https:\/\/breeam-nor.byggalliansen.no\/v6\/#website","url":"https:\/\/breeam-nor.byggalliansen.no\/v6\/","name":"BREEAM-NOR","description":"Versjon 6.1.1, 2024","potentialAction":[{"@type":"SearchAction","target":{"@type":"EntryPoint","urlTemplate":"https:\/\/breeam-nor.byggalliansen.no\/v6\/?s={search_term_string}"},"query-input":{"@type":"PropertyValueSpecification","valueRequired":true,"valueName":"search_term_string"}}],"inLanguage":"nb-NO"}]}},"_links":{"self":[{"href":"https:\/\/breeam-nor.byggalliansen.no\/v6\/wp-json\/wp\/v2\/pages\/4324","targetHints":{"allow":["GET"]}}],"collection":[{"href":"https:\/\/breeam-nor.byggalliansen.no\/v6\/wp-json\/wp\/v2\/pages"}],"about":[{"href":"https:\/\/breeam-nor.byggalliansen.no\/v6\/wp-json\/wp\/v2\/types\/page"}],"author":[{"embeddable":true,"href":"https:\/\/breeam-nor.byggalliansen.no\/v6\/wp-json\/wp\/v2\/users\/5"}],"replies":[{"embeddable":true,"href":"https:\/\/breeam-nor.byggalliansen.no\/v6\/wp-json\/wp\/v2\/comments?post=4324"}],"version-history":[{"count":3,"href":"https:\/\/breeam-nor.byggalliansen.no\/v6\/wp-json\/wp\/v2\/pages\/4324\/revisions"}],"predecessor-version":[{"id":6031,"href":"https:\/\/breeam-nor.byggalliansen.no\/v6\/wp-json\/wp\/v2\/pages\/4324\/revisions\/6031"}],"up":[{"embeddable":true,"href":"https:\/\/breeam-nor.byggalliansen.no\/v6\/wp-json\/wp\/v2\/pages\/4099"}],"wp:attachment":[{"href":"https:\/\/breeam-nor.byggalliansen.no\/v6\/wp-json\/wp\/v2\/media?parent=4324"}],"wp:term":[{"taxonomy":"category","embeddable":true,"href":"https:\/\/breeam-nor.byggalliansen.no\/v6\/wp-json\/wp\/v2\/categories?post=4324"},{"taxonomy":"connection","embeddable":true,"href":"https:\/\/breeam-nor.byggalliansen.no\/v6\/wp-json\/wp\/v2\/connection?post=4324"}],"curies":[{"name":"wp","href":"https:\/\/api.w.org\/{rel}","templated":true}]}}