{"id":4431,"date":"2025-04-23T13:56:43","date_gmt":"2025-04-23T13:56:43","guid":{"rendered":"https:\/\/breeam-nor.byggalliansen.no\/v6\/?page_id=4431"},"modified":"2025-08-14T06:59:10","modified_gmt":"2025-08-14T06:59:10","slug":"vedlegg-c-rehabiliterings-og-innredningsprosjekter","status":"publish","type":"page","link":"https:\/\/breeam-nor.byggalliansen.no\/v6\/vedlegg-c-rehabiliterings-og-innredningsprosjekter\/","title":{"rendered":"Vedlegg C Rehabiliterings- og innredningsprosjekter"},"content":{"rendered":"\n<p>Virkeomr\u00e5det for BREEAM-NOR for nybygg er i f\u00f8rste omgang kvantifisering og redusering av milj\u00f8p\u00e5virkninger fra nybyggsprosjekter. Denne manualen er derfor ikke beregnet for vurdering av rehabiliterings- eller innredningsprosjekter.<\/p>\n\n\n\n<p>Inntil det blir utarbeidet en egen sertifiseringsmetode i Norge for rehabilitering av bygg, kan imidlertid byggherrer under visse vilk\u00e5r benytte BREEAM-NOR til \u00e5 sertifisere rehabiliterings- og innredningsprosjekter.&nbsp;<\/p>\n\n\n\n<h2 class=\"wp-block-heading\">1&nbsp;&nbsp;&nbsp;&nbsp;&nbsp; Definisjon av nybygg og tilbygg<\/h2>\n\n\n\n<p>Nybygg og tilbygg kan benytte BREEAM-NOR-manualen uten tilpasninger, se alternativ A i figur C-01.<\/p>\n\n\n\n<p>Som hovedregel er et nybygg definert som et bygg som er bygget fra bunnen av og generelt ikke innlemmer noen deler av en eksisterende bygning. Der en bygning er oppf\u00f8rt p\u00e5 tomten til en eksisterende bygning, vil den v\u00e6re definert som et nybygg s\u00e5 lenge ikke noen del av det tidligere bygget over bakkeniv\u00e5 er omfattet. Kjeller, underetasje eller dekke mot grunn kan inng\u00e5. Tilbygg kan ogs\u00e5 dele enkelte bygningsdeler med et eksisterende bygg, for eksempel en vegg i et innfill-prosjekt.<\/p>\n\n\n\n<h2 class=\"wp-block-heading\">2&nbsp;&nbsp;&nbsp;&nbsp;&nbsp; Totalrehabilitering<\/h2>\n\n\n\n<p>Totalrehabiliteringsprosjekter kan benytte BREEAM-NOR-manualen uten tilpasninger, se beskrivelse av alternativ A nedenfor.<\/p>\n\n\n\n<p>I BREEAM-NOR benyttes begrepet rehabilitering gjennomg\u00e5ende, men det skilles mellom totalrehabilitering og andre rehabiliterings- og innredningsprosjekter. Totalrehabilitering er det samme som en hovedombygging, et begrep som blant annet benyttes i plan- og bygningslovens beskrivelser av arbeid p\u00e5 eksisterende bygg.<\/p>\n\n\n\n<p>Med totalrehabilitering menes gjennomgripende endringer eller reparasjoner som er s\u00e5 omfattende at hele byggverket i det vesentlige blir fornyet.<\/p>\n\n\n\n<p>Det skal bemerkes at de aller fleste totalrehabiliteringsprosjekter vil gjenbruke st\u00f8rstedelen av bygningens eksisterende b\u00e6resystemer. I noen tilfeller blir fasaden beholdt, selv om den kan bli utbedret eller rehabilitert.<\/p>\n\n\n\n<p>Bygningsdeler som kan videref\u00f8res i et totalrehabiliteringsprosjekt:<\/p>\n\n\n\n<ul class=\"wp-block-list\">\n<li>b\u00e6rende konstruksjoner<\/li>\n\n\n\n<li>kjeller, underetasje, dekker mot grunn eller andre bygningsdeler under bakkeniv\u00e5<\/li>\n<\/ul>\n\n\n\n<h2 class=\"wp-block-heading\">3&nbsp;&nbsp;&nbsp;&nbsp;&nbsp; Andre rehabiliterings- og innredningsprosjekter<\/h2>\n\n\n\n<p>Prosjekter som ikke oppfyller kravene beskrevet for \u00abTotalrehabilitering\u00bb kan benytte BREEAM-NOR-manualen med tilpasninger. Se beskrivelse av alternativ B nedenfor.<\/p>\n\n\n\n<h2 class=\"wp-block-heading\">4&nbsp;&nbsp;&nbsp;&nbsp;&nbsp; Tilgjengelige alternativer<\/h2>\n\n\n\n<p>Det finnes to tilgjengelige alternativer for rehabiliterings- og innredningsprosjekter avhengig av omfang. Se figur C-01 og beskrivelsen nedenfor.<\/p>\n\n\n\n<figure data-align=\"none\" class=\"wp-block-image size-full\"><img loading=\"lazy\" decoding=\"async\" width=\"605\" height=\"189\" src=\"https:\/\/breeam-nor.byggalliansen.no\/v6\/wp-content\/uploads\/sites\/3\/2025\/04\/image-2.png\" alt=\"\" class=\"wp-image-4432\" \/><\/figure>\n\n\n\n<p><em>Figur C-01 Alternativ A og B for rehabiliterings- og innredningsprosjekter<\/em><\/p>\n\n\n\n<h3 class=\"wp-block-heading\">4.1 Alternativ A<\/h3>\n\n\n\n<p>Ved Alternativ A kan prosjektet benytte BREEAM-NOR-manualen uten tilpasninger. Det betyr at rehabiliteringsomfanget m\u00e5 tilsvare BREEAM-NORs definisjon av totalrehabilitering (se over).<\/p>\n\n\n\n<p>Bygg som har vernebestemmelser knyttet til bygget m\u00e5 alltid velge alternativ B.<\/p>\n\n\n\n<p>Noen prosjekter kan v\u00e6re egnet for alternativ A selv om rehabiliteringsomfanget ikke tilsvarer BREEAM-NORs definisjon av totalrehabilitering. Revisor kan da foreta en teknisk avklaring til Gr\u00f8nn Byggallianse p\u00e5 vegne av prosjektet.<\/p>\n\n\n\n<h3 class=\"wp-block-heading\">4.2 Alternativ B<\/h3>\n\n\n\n<p>Ved alle andre rehabiliteringsomfang enn alternativ A, m\u00e5 prosjektet f\u00e5 utarbeidet et BREEAM-NOR Bespoke RFO kriteriesett. Kriteriesettet er en tilpasning basert p\u00e5 BREEAM-NOR-manualen, men har med elementer fra BREEAM International Refurbishment &amp; Fit-Out. Dette for \u00e5 tilpasse kriteriene og poengmulighetene bedre til prosjektet. Prinsippene som ligger til grunn for utarbeidelsen av Bespoke-kriteriesettet og selve Bespoke-prosessen er tilsvarende som for andre Bespoke-prosjekter. Mer informasjon om Bespoke kan f\u00e5s i denne manualens innledning, nettsidene om BREEAM-NOR Bespoke-prosjekter www.byggalliansen.no eller ved \u00e5 kontakte Gr\u00f8nn Byggallianse direkte.<\/p>\n\n\n\n<h3 class=\"wp-block-heading\">4.3 Omfang av rehabilitering<\/h3>\n\n\n\n<p>BREEAM-NOR RFO Bespoke deles inn i fire deler, se tabell C-01. Prosjektets omfang kan omfatte en eller flere av delene.<\/p>\n\n\n\n<h5 class=\"wp-block-heading\">Tabell C-01 Omfang av rehabiliteringsprosjekt et og tilgjengelige deler<\/h5>\n\n\n\n<figure class=\"wp-block-table is-style-core-borders\"><table class=\"has-fixed-layout\"><thead><tr><th><strong>Del<\/strong><\/th><th><strong>Element<\/strong><\/th><th><strong>Komponent<\/strong><\/th><th><strong>Beskrivelse<\/strong><\/th><\/tr><\/thead><tbody><tr><td>Del 1<br><br><br><br><br><br><br><br><\/td><td>Klimaskjerm<br><br><br><br><br><br><br><br><\/td><td>&#8211; Yttervegger<br>&#8211; Tak<br>&#8211; Vinduer<br><br><br><br><br><br><\/td><td>Gjelder n\u00e5r rehabiliteringen omfatter mer enn 50 % av bygningkomponentets overflate eller 25 % av overflaten til bygningens klimaskjerm totalt. <br><br>To eller flere av bygningskomponentene i listen m\u00e5 inng\u00e5 i omfanget.<\/td><\/tr><tr><td>Del 2<br><br><br><br><br><\/td><td>Hoved-installasjoner<br><br><br><br><br><\/td><td>&#8211;  Ventilasjon<br>&#8211;  Oppvarming<br>&#8211;  Kj\u00f8ling<br>&#8211;  Sanit\u00e6ranlegg<br>&#8211;  SD-anlegg<br>&#8211;  Energiforsyning<\/td><td>To eller flere av hovedinstallasjonene i listen m\u00e5 skiftes ut eller oppgraderes<br><br><br><\/td><\/tr><tr><td>Del 3<br><br><br><br><br><\/td><td>Lokale installasjoner*<br><br><br><br><br><\/td><td>&#8211;  Lys<br>&#8211;  Styringssystemer<br>&#8211;  Lokal ventilasjon<br>&#8211;  Lokal oppvarming<br>&#8211;  Lokal kj\u00f8ling<br>&#8211;  Lokal varmtvannsbereder<\/td><td>En eller flere lokale installasjoner fra listen m\u00e5 skiftes ut eller oppgraderes.<br><br>Lys m\u00e5 som et minimum v\u00e6re med p\u00e5 grunn av minstekrav i emnet Hea 01.<\/td><\/tr><tr><td>Del 4<br><br><br><br><br><br><br><br><br><br><br><\/td><td>Innredning<br><br><br><br><br><br><br><br><br><br><br><\/td><td>&#8211; Overflatebehandling vegg<br>&#8211; Gulvbelegg<br>&#8211; Himling og taksystemer<br>&#8211; Skillevegger<br>&#8211; Teknisk gulv<br>&#8211; M\u00f8bler og inventar (fastmontert) <br><br>Og minst ett av f\u00f8lgende: <br>&#8211; Sanit\u00e6rutstyr<br>&#8211; Annet utstyr (fast)<br>&#8211; Lokale elektriske installasjoner, f.eks. delm\u00e5lere<\/td><td>To eller flere elementer i listen m\u00e5 skiftes ut eller oppgraderes. <br><br>Overflater m\u00e5 inng\u00e5 i vurderingen dersom man \u00f8nsker \u00e5 oppn\u00e5 et h\u00f8yere klassifiseringsniv\u00e5 enn Good. <br><br>Rehabiliteringen m\u00e5 omfatte minst 50 % av bygningskomponentens areal.<br><br><br><\/td><\/tr><\/tbody><\/table><\/figure>\n\n\n\n<p><\/p>\n\n\n\n<p>*Lokale installasjoner er definert som installasjoner som forsyner et spesifikt omr\u00e5de og som kan kobles p\u00e5 sentrale installasjoner innenfor  leieomr\u00e5det.<\/p>\n\n\n\n<h3 class=\"wp-block-heading\">4.4 Tilgjengelig klassifiseringsniv\u00e5 for de ulike delene<\/h3>\n\n\n\n<p>Hvilket klassifiseringsniv\u00e5 som kan oppn\u00e5s for alternativ B, avhenger av hvilke, og hvor mange deler fra tabell C-01 som inng\u00e5r i rehabiliteringsomfanget og evt. kombinasjonen av disse.<\/p>\n\n\n\n<p>P\u00e5 grunn av minstekravene til de ulike klassifiseringsniv\u00e5ene i BREEAM-NOR, er det vanskelig \u00e5 oppn\u00e5 et h\u00f8yere klassifiseringsniv\u00e5 enn Very Good dersom omfanget kun omfatter \u00e9n eller to av de fire delene.<\/p>\n\n\n\n<p>Kontakt Gr\u00f8nn Byggallianse for ytterligere veiledning.<\/p>\n\n\n\n<h2 class=\"wp-block-heading\">5&nbsp;&nbsp;&nbsp;&nbsp;&nbsp; Kombinerte nybygg- og rehabiliteringsprosjekter<\/h2>\n\n\n\n<p>Dersom prosjektet best\u00e5r av en kombinasjon av nybygg og rehabilitering, kan enten alternativ A eller B velges. Valgmulighetene er beskrevet nedenfor:<\/p>\n\n\n\n<ol class=\"wp-block-list\">\n<li>Prosjektet benytter alternativ A for hele prosjektet, dvs. b\u00e5de for nybygget og rehabiliteringsprosjektet.<\/li>\n\n\n\n<li>Prosjektet benytter alternativ A for nybygget. Rehabiliteringsprosjektet utelates fra sertifiseringsomfanget<\/li>\n\n\n\n<li>Prosjektet deles i to. Nybygget benyttes alternativ A. For rehabiliteringsprosjektet utarbeides et BREEAM-NOR RFO Bespoke kriteriesett iht. alternativ B. Prosjektet f\u00e5r to sertifikater, ett for nybyggsdelen og ett for rehabiliteringsdelen.<\/li>\n\n\n\n<li>Dersom prosjektet hovedsakelig er en rehabilitering, men med enkelte nye komponenter, kan alternativ B benyttes for b\u00e5de nybyggsdelen og for rehabiliteringsdelen dersom forutsetningene beskrevet i tabell C-02 nedenfor er oppfylt. Det betyr at prosjektet f\u00e5r ett sertifikat for hele prosjektet.<\/li>\n<\/ol>\n\n\n\n<h5 class=\"wp-block-heading\">Tabell C-02 Forhold mellom eksisterende bygning og nybygg\/tilbygg ved bruk av alternativ d<\/h5>\n\n\n\n<figure class=\"wp-block-table is-style-core-borders\"><table class=\"has-fixed-layout\"><thead><tr><th><\/th><th><strong>Fordeling <\/strong>1<\/th><th><strong>Fordeling 2<\/strong><\/th><th><strong>Andre alternativer<\/strong><\/th><\/tr><\/thead><tbody><tr><td>Eksisterende bygning<\/td><td>&gt; 1000 og &lt; 2500 m2<\/td><td>&gt; 2500 m2<\/td><td rowspan=\"2\">Der hverken fordeling 1 eller 2 er egnet for prosjektet finnes det to andre alternativer: Separat BREEAM-NOR nybygg og BREEAM-NOR RFO Bespoke ELLER BREEAM-NOR Bespoke Blandet bruk: kombinert kriterier for nybygg og rehabilitering.<\/td><\/tr><tr><td>Nybygg\/tilbygg<\/td><td>&lt; 20 % av arealet av det eksisterende bygget<\/td><td>&lt; 500 m2<\/td><\/tr><\/tbody><\/table><\/figure>\n\n\n\n<h1 class=\"wp-block-heading\">6 Bistand til prosjektene ved valg av alternativ<\/h1>\n\n\n\n<p>N\u00e5r BREEAM-NOR-revisoren skal avgj\u00f8re hvilket alternativ som passer prosjektet best, skal revisor vurdere omfanget av de planlagte arbeidene og spesielt vurdere omfanget av de rehabiliterte elementene. Sp\u00f8rsm\u00e5l som b\u00f8r besvares er:<\/p>\n\n\n\n<ul class=\"wp-block-list\">\n<li>Er dette en totalrehabilitering?<\/li>\n\n\n\n<li>Vil det bli en vesentlig bruksendring?<\/li>\n\n\n\n<li>Vil bygningens termiske og konstruksjonselementer forbli som de var?<\/li>\n<\/ul>\n\n\n\n<p>Ved \u00e5 bruke denne informasjonen skal revisoren gi r\u00e5d til tiltakshaver om det beste alternativet.<\/p>\n\n\n\n<p>Der revisor er usikker, skal prosjektdetaljer og en kopi av planene som viser eksisterende og planlagt bygning sendes Gr\u00f8nn Byggallianse for bistand til \u00e5 velge alternativ.<\/p>\n","protected":false},"excerpt":{"rendered":"<p>Virkeomr\u00e5det for BREEAM-NOR for nybygg er i f\u00f8rste omgang kvantifisering og redusering av milj\u00f8p\u00e5virkninger fra nybyggsprosjekter. Denne manualen er derfor ikke beregnet for vurdering av rehabiliterings- eller innredningsprosjekter. Inntil det blir utarbeidet en egen sertifiseringsmetode i Norge for rehabilitering av bygg, kan imidlertid byggherrer under visse vilk\u00e5r benytte BREEAM-NOR til \u00e5 sertifisere rehabiliterings- og innredningsprosjekter.&nbsp; [&hellip;]<\/p>\n","protected":false},"author":5,"featured_media":0,"parent":0,"menu_order":15,"comment_status":"closed","ping_status":"closed","template":"page-page.php","meta":{"_acf_changed":false,"footnotes":""},"categories":[],"connection":[],"class_list":["post-4431","page","type-page","status-publish","hentry"],"acf":[],"yoast_head":"<!-- This site is optimized with the Yoast SEO plugin v25.4 - https:\/\/yoast.com\/wordpress\/plugins\/seo\/ -->\n<title>Vedlegg C Rehabiliterings- og innredningsprosjekter - BREEAM-NOR<\/title>\n<meta name=\"robots\" content=\"index, follow, max-snippet:-1, max-image-preview:large, max-video-preview:-1\" \/>\n<link rel=\"canonical\" href=\"https:\/\/breeam-nor.byggalliansen.no\/v6\/vedlegg-c-rehabiliterings-og-innredningsprosjekter\/\" \/>\n<meta property=\"og:locale\" content=\"nb_NO\" \/>\n<meta property=\"og:type\" content=\"article\" \/>\n<meta property=\"og:title\" content=\"Vedlegg C Rehabiliterings- og innredningsprosjekter - BREEAM-NOR\" \/>\n<meta property=\"og:description\" content=\"Virkeomr\u00e5det for BREEAM-NOR for nybygg er i f\u00f8rste omgang kvantifisering og redusering av milj\u00f8p\u00e5virkninger fra nybyggsprosjekter. Denne manualen er derfor ikke beregnet for vurdering av rehabiliterings- eller innredningsprosjekter. Inntil det blir utarbeidet en egen sertifiseringsmetode i Norge for rehabilitering av bygg, kan imidlertid byggherrer under visse vilk\u00e5r benytte BREEAM-NOR til \u00e5 sertifisere rehabiliterings- og innredningsprosjekter.&nbsp; [&hellip;]\" \/>\n<meta property=\"og:url\" content=\"https:\/\/breeam-nor.byggalliansen.no\/v6\/vedlegg-c-rehabiliterings-og-innredningsprosjekter\/\" \/>\n<meta property=\"og:site_name\" content=\"BREEAM-NOR\" \/>\n<meta property=\"article:modified_time\" content=\"2025-08-14T06:59:10+00:00\" \/>\n<meta property=\"og:image\" content=\"https:\/\/breeam-nor.byggalliansen.no\/v6\/wp-content\/uploads\/sites\/3\/2025\/04\/image-2.png\" \/>\n<meta name=\"twitter:card\" content=\"summary_large_image\" \/>\n<meta name=\"twitter:label1\" content=\"Ansl. lesetid\" \/>\n\t<meta name=\"twitter:data1\" content=\"6 minutter\" \/>\n<script type=\"application\/ld+json\" class=\"yoast-schema-graph\">{\"@context\":\"https:\/\/schema.org\",\"@graph\":[{\"@type\":\"WebPage\",\"@id\":\"https:\/\/breeam-nor.byggalliansen.no\/v6\/vedlegg-c-rehabiliterings-og-innredningsprosjekter\/\",\"url\":\"https:\/\/breeam-nor.byggalliansen.no\/v6\/vedlegg-c-rehabiliterings-og-innredningsprosjekter\/\",\"name\":\"Vedlegg C Rehabiliterings- og innredningsprosjekter - BREEAM-NOR\",\"isPartOf\":{\"@id\":\"https:\/\/breeam-nor.byggalliansen.no\/v6\/#website\"},\"primaryImageOfPage\":{\"@id\":\"https:\/\/breeam-nor.byggalliansen.no\/v6\/vedlegg-c-rehabiliterings-og-innredningsprosjekter\/#primaryimage\"},\"image\":{\"@id\":\"https:\/\/breeam-nor.byggalliansen.no\/v6\/vedlegg-c-rehabiliterings-og-innredningsprosjekter\/#primaryimage\"},\"thumbnailUrl\":\"https:\/\/breeam-nor.byggalliansen.no\/v6\/wp-content\/uploads\/sites\/3\/2025\/04\/image-2.png\",\"datePublished\":\"2025-04-23T13:56:43+00:00\",\"dateModified\":\"2025-08-14T06:59:10+00:00\",\"breadcrumb\":{\"@id\":\"https:\/\/breeam-nor.byggalliansen.no\/v6\/vedlegg-c-rehabiliterings-og-innredningsprosjekter\/#breadcrumb\"},\"inLanguage\":\"nb-NO\",\"potentialAction\":[{\"@type\":\"ReadAction\",\"target\":[\"https:\/\/breeam-nor.byggalliansen.no\/v6\/vedlegg-c-rehabiliterings-og-innredningsprosjekter\/\"]}]},{\"@type\":\"ImageObject\",\"inLanguage\":\"nb-NO\",\"@id\":\"https:\/\/breeam-nor.byggalliansen.no\/v6\/vedlegg-c-rehabiliterings-og-innredningsprosjekter\/#primaryimage\",\"url\":\"https:\/\/breeam-nor.byggalliansen.no\/v6\/wp-content\/uploads\/sites\/3\/2025\/04\/image-2.png\",\"contentUrl\":\"https:\/\/breeam-nor.byggalliansen.no\/v6\/wp-content\/uploads\/sites\/3\/2025\/04\/image-2.png\",\"width\":605,\"height\":189},{\"@type\":\"BreadcrumbList\",\"@id\":\"https:\/\/breeam-nor.byggalliansen.no\/v6\/vedlegg-c-rehabiliterings-og-innredningsprosjekter\/#breadcrumb\",\"itemListElement\":[{\"@type\":\"ListItem\",\"position\":1,\"name\":\"BREEAM-NOR\",\"item\":\"https:\/\/breeam-nor.byggalliansen.no\/v6\/\"},{\"@type\":\"ListItem\",\"position\":2,\"name\":\"Vedlegg C Rehabiliterings- og innredningsprosjekter\"}]},{\"@type\":\"WebSite\",\"@id\":\"https:\/\/breeam-nor.byggalliansen.no\/v6\/#website\",\"url\":\"https:\/\/breeam-nor.byggalliansen.no\/v6\/\",\"name\":\"BREEAM-NOR\",\"description\":\"Versjon 6.1.1, 2024\",\"potentialAction\":[{\"@type\":\"SearchAction\",\"target\":{\"@type\":\"EntryPoint\",\"urlTemplate\":\"https:\/\/breeam-nor.byggalliansen.no\/v6\/?s={search_term_string}\"},\"query-input\":{\"@type\":\"PropertyValueSpecification\",\"valueRequired\":true,\"valueName\":\"search_term_string\"}}],\"inLanguage\":\"nb-NO\"}]}<\/script>\n<!-- \/ Yoast SEO plugin. -->","yoast_head_json":{"title":"Vedlegg C Rehabiliterings- og innredningsprosjekter - BREEAM-NOR","robots":{"index":"index","follow":"follow","max-snippet":"max-snippet:-1","max-image-preview":"max-image-preview:large","max-video-preview":"max-video-preview:-1"},"canonical":"https:\/\/breeam-nor.byggalliansen.no\/v6\/vedlegg-c-rehabiliterings-og-innredningsprosjekter\/","og_locale":"nb_NO","og_type":"article","og_title":"Vedlegg C Rehabiliterings- og innredningsprosjekter - BREEAM-NOR","og_description":"Virkeomr\u00e5det for BREEAM-NOR for nybygg er i f\u00f8rste omgang kvantifisering og redusering av milj\u00f8p\u00e5virkninger fra nybyggsprosjekter. Denne manualen er derfor ikke beregnet for vurdering av rehabiliterings- eller innredningsprosjekter. Inntil det blir utarbeidet en egen sertifiseringsmetode i Norge for rehabilitering av bygg, kan imidlertid byggherrer under visse vilk\u00e5r benytte BREEAM-NOR til \u00e5 sertifisere rehabiliterings- og innredningsprosjekter.&nbsp; [&hellip;]","og_url":"https:\/\/breeam-nor.byggalliansen.no\/v6\/vedlegg-c-rehabiliterings-og-innredningsprosjekter\/","og_site_name":"BREEAM-NOR","article_modified_time":"2025-08-14T06:59:10+00:00","og_image":[{"url":"https:\/\/breeam-nor.byggalliansen.no\/v6\/wp-content\/uploads\/sites\/3\/2025\/04\/image-2.png","type":"","width":"","height":""}],"twitter_card":"summary_large_image","twitter_misc":{"Ansl. lesetid":"6 minutter"},"schema":{"@context":"https:\/\/schema.org","@graph":[{"@type":"WebPage","@id":"https:\/\/breeam-nor.byggalliansen.no\/v6\/vedlegg-c-rehabiliterings-og-innredningsprosjekter\/","url":"https:\/\/breeam-nor.byggalliansen.no\/v6\/vedlegg-c-rehabiliterings-og-innredningsprosjekter\/","name":"Vedlegg C Rehabiliterings- og innredningsprosjekter - BREEAM-NOR","isPartOf":{"@id":"https:\/\/breeam-nor.byggalliansen.no\/v6\/#website"},"primaryImageOfPage":{"@id":"https:\/\/breeam-nor.byggalliansen.no\/v6\/vedlegg-c-rehabiliterings-og-innredningsprosjekter\/#primaryimage"},"image":{"@id":"https:\/\/breeam-nor.byggalliansen.no\/v6\/vedlegg-c-rehabiliterings-og-innredningsprosjekter\/#primaryimage"},"thumbnailUrl":"https:\/\/breeam-nor.byggalliansen.no\/v6\/wp-content\/uploads\/sites\/3\/2025\/04\/image-2.png","datePublished":"2025-04-23T13:56:43+00:00","dateModified":"2025-08-14T06:59:10+00:00","breadcrumb":{"@id":"https:\/\/breeam-nor.byggalliansen.no\/v6\/vedlegg-c-rehabiliterings-og-innredningsprosjekter\/#breadcrumb"},"inLanguage":"nb-NO","potentialAction":[{"@type":"ReadAction","target":["https:\/\/breeam-nor.byggalliansen.no\/v6\/vedlegg-c-rehabiliterings-og-innredningsprosjekter\/"]}]},{"@type":"ImageObject","inLanguage":"nb-NO","@id":"https:\/\/breeam-nor.byggalliansen.no\/v6\/vedlegg-c-rehabiliterings-og-innredningsprosjekter\/#primaryimage","url":"https:\/\/breeam-nor.byggalliansen.no\/v6\/wp-content\/uploads\/sites\/3\/2025\/04\/image-2.png","contentUrl":"https:\/\/breeam-nor.byggalliansen.no\/v6\/wp-content\/uploads\/sites\/3\/2025\/04\/image-2.png","width":605,"height":189},{"@type":"BreadcrumbList","@id":"https:\/\/breeam-nor.byggalliansen.no\/v6\/vedlegg-c-rehabiliterings-og-innredningsprosjekter\/#breadcrumb","itemListElement":[{"@type":"ListItem","position":1,"name":"BREEAM-NOR","item":"https:\/\/breeam-nor.byggalliansen.no\/v6\/"},{"@type":"ListItem","position":2,"name":"Vedlegg C Rehabiliterings- og innredningsprosjekter"}]},{"@type":"WebSite","@id":"https:\/\/breeam-nor.byggalliansen.no\/v6\/#website","url":"https:\/\/breeam-nor.byggalliansen.no\/v6\/","name":"BREEAM-NOR","description":"Versjon 6.1.1, 2024","potentialAction":[{"@type":"SearchAction","target":{"@type":"EntryPoint","urlTemplate":"https:\/\/breeam-nor.byggalliansen.no\/v6\/?s={search_term_string}"},"query-input":{"@type":"PropertyValueSpecification","valueRequired":true,"valueName":"search_term_string"}}],"inLanguage":"nb-NO"}]}},"_links":{"self":[{"href":"https:\/\/breeam-nor.byggalliansen.no\/v6\/wp-json\/wp\/v2\/pages\/4431","targetHints":{"allow":["GET"]}}],"collection":[{"href":"https:\/\/breeam-nor.byggalliansen.no\/v6\/wp-json\/wp\/v2\/pages"}],"about":[{"href":"https:\/\/breeam-nor.byggalliansen.no\/v6\/wp-json\/wp\/v2\/types\/page"}],"author":[{"embeddable":true,"href":"https:\/\/breeam-nor.byggalliansen.no\/v6\/wp-json\/wp\/v2\/users\/5"}],"replies":[{"embeddable":true,"href":"https:\/\/breeam-nor.byggalliansen.no\/v6\/wp-json\/wp\/v2\/comments?post=4431"}],"version-history":[{"count":3,"href":"https:\/\/breeam-nor.byggalliansen.no\/v6\/wp-json\/wp\/v2\/pages\/4431\/revisions"}],"predecessor-version":[{"id":5964,"href":"https:\/\/breeam-nor.byggalliansen.no\/v6\/wp-json\/wp\/v2\/pages\/4431\/revisions\/5964"}],"wp:attachment":[{"href":"https:\/\/breeam-nor.byggalliansen.no\/v6\/wp-json\/wp\/v2\/media?parent=4431"}],"wp:term":[{"taxonomy":"category","embeddable":true,"href":"https:\/\/breeam-nor.byggalliansen.no\/v6\/wp-json\/wp\/v2\/categories?post=4431"},{"taxonomy":"connection","embeddable":true,"href":"https:\/\/breeam-nor.byggalliansen.no\/v6\/wp-json\/wp\/v2\/connection?post=4431"}],"curies":[{"name":"wp","href":"https:\/\/api.w.org\/{rel}","templated":true}]}}