{"id":4438,"date":"2025-04-23T14:00:39","date_gmt":"2025-04-23T14:00:39","guid":{"rendered":"https:\/\/breeam-nor.byggalliansen.no\/v6\/?page_id=4438"},"modified":"2025-05-01T12:12:57","modified_gmt":"2025-05-01T12:12:57","slug":"vedlegg-f-dokumentasjonskravene-i-breeam-nor","status":"publish","type":"page","link":"https:\/\/breeam-nor.byggalliansen.no\/v6\/vedlegg-f-dokumentasjonskravene-i-breeam-nor\/","title":{"rendered":"Vedlegg F Dokumentasjonskravene i BREEAM-NOR"},"content":{"rendered":"\n<p>BREEAM-NOR er en tredjeparts vurderings- og sertifiseringsordning som drives i henhold til internasjonale standarder. \u00c5 operere etter internasjonale standarder sikrer at sertifiseringsordninger som BREEAM-NOR drives p\u00e5 en konsistent og p\u00e5litelig m\u00e5te. BREEAM-NOR-revisorens vurderingsrapport og kvalitetssikringsprosessen utf\u00f8rt av Gr\u00f8nn Byggallianse er de grunnleggende prinsippene i BREEAM-NOR, som sikrer konsistens og tillit til BREEAM-NOR-vurderingen tildelt av revisor.<\/p>\n\n\n\n<p>For \u00e5 opprettholde denne konsistensen og troverdigheten, m\u00e5 alle sertifiseringsbeslutninger v\u00e6re basert p\u00e5 verifisert og troverdig prosjektinformasjon som er sporbar. Dette er ikke bare viktig for \u00e5 sikre samsvar med de internasjonale standardene som BREEAM-NOR opererer etter, men ogs\u00e5 i forhold til \u00e5 h\u00e5ndtere risiko for klienter og BREEAM-NOR revisor i tilfelle et sertifiseringsresultat utfordres.<\/p>\n\n\n\n<p>Revisoren har som oppgave \u00e5 samle inn informasjon om bygget og bruke den til \u00e5 evaluere og verifisere byggets ytelse i forhold til BREEAM-NOR-standardene. En mengde informasjon om prosjektering og innkj\u00f8p, s\u00e5 vel som selve sluttproduktet, dvs. bygget, kan brukes av tiltakshaveren\/prosjektgruppen til \u00e5 dokumentere oppfyllelse av kriterier.<\/p>\n\n\n\n<p>I hvert emne finnes det en dokumentasjonstabell som revisoren, tiltakshaveren og prosjektgruppen kan bruke som hjelp til \u00e5 samle inn informasjon. Tabellen viser hva slags informasjon revisoren plikter \u00e5 be om i hver vurderingsfase.&nbsp; Uten denne informasjonen har revisoren ingen mulighet til \u00e5 verifisere oppfyllelse av relevante kriterier (hvor prosjektgruppen\/tiltakshaveren \u00f8nsker \u00e5 oppn\u00e5 poeng).<\/p>\n\n\n\n<p>Foruten informasjonen i tabellen i hvert emne kan revisoren be om tilleggsinformasjon dersom dette f\u00f8les n\u00f8dvendig for \u00e5 dokumentere tilstrekkelig oppfyllelse av krav p\u00e5 bakgrunn av byggets s\u00e6rart eller innholdet i det angitte dokumentet.<\/p>\n\n\n\n<p>Dokumentasjon vil variere mellom nybyggprosjekt, og BREEAM-NOR krever ikke at den fremlegges i en bestemt form. Generelt er f\u00f8lgende prosjektinformasjon tilstrekkelig til \u00e5 dokumentere oppfyllelse av kriterier for de fleste, om ikke alle, emnene:<\/p>\n\n\n\n<ul class=\"wp-block-list\">\n<li>relevante avsnitt eller klausuler i kravspesifikasjon eller -kontrakt<\/li>\n\n\n\n<li>prosjekteringstegninger (f.eks. nye og eksisterende tomteplaner, h\u00f8ydekart, interne planl\u00f8sninger)<\/li>\n\n\n\n<li>sertifikater (f.eks. ISO 14001, BES 6001, milj\u00f8merker, FSC, EPC)<\/li>\n\n\n\n<li>resultater av beregning\/programvaremodellering (f.eks. energi, termisk modellering)<\/li>\n\n\n\n<li>faglige rapporter\/studier (f.eks. \u00f8kologens rapport, flomrisiko \/ sikkerhetskonsulentens rapport)<\/li>\n\n\n\n<li>program for prosjekt-\/byggefasen\u00a0<\/li>\n\n\n\n<li>data fra byggefasen (f.eks. innkj\u00f8psordrer, m\u00e5ledata)<\/li>\n\n\n\n<li>utnevnelsesdokumentasjon (f.eks. faglig utnevnelse)<\/li>\n\n\n\n<li>forpliktelsesdokumentasjon (f.eks. forpliktelse fra tiltakshaver\/entrepren\u00f8r som bare godtas under i prosjekteringsfasen, dersom annet ikke angis i dokumentasjonstabellen)<\/li>\n\n\n\n<li>bekreftelsesdokumentasjon (f.eks. tiltakshaver\/entrepren\u00f8r som bekrefter spesifikk oppfyllelse av kriterier)<\/li>\n\n\n\n<li>revisorens befaringsrapport og bildedokumentasjon.<\/li>\n\n\n\n<li>m\u00f8tereferater<\/li>\n\n\n\n<li>tredjepartsinformasjon (f.eks. kart, rutetabeller, produktinformasjon)<\/li>\n\n\n\n<li>gr\u00f8nne innredningsavtaler (vedlegg D inneholder mer veiledning om dokumentasjon for uinnredede bygg)<\/li>\n<\/ul>\n\n\n\n<p>Andre typer formell informasjon\/bevis kan brukes for \u00e5 dokumentere oppfyllelse av krav, forutsatt at de viser samsvar p\u00e5 m\u00e5te som er like robust eller bedre enn typene som er beskrevet i tabellen over eller i dokumentasjonstabellen.<\/p>\n\n\n\n<p>Gr\u00f8nn Byggallianse fors\u00f8ker \u00e5 sikre at BREEAM-NOR bare krever informasjon som allerede finnes som f\u00f8lge av prosjekterings- og innkj\u00f8psprosessen for et nybygg. Denne informasjonen b\u00f8r derfor v\u00e6re lett tilgjengelig og enkel \u00e5 fremvise hvis prosjektet virkelig har oppfylt BREEAM-NOR kriteriene.<\/p>\n\n\n\n<p>Det er revisorens rolle \u00e5 informere prosjektgruppen om hva slags informasjon som kreves, og hvem som skal fremlegge denne.&nbsp; Dersom det ikke fremlegges informasjon, vil ikke revisoren kunne verifisere oppfyllelse av krav og tildele poeng. Det kan bety at det ikke er sikkert at bygget kan oppn\u00e5 \u00f8nsket BREEAM-NOR-klassifisering. All informasjon referert i et prosjekt som sendes til Gr\u00f8nn Byggallianse for sertifisering, m\u00e5 kunne verifiseres og m\u00e5 kunne fremlegges av lisensierte revisorer p\u00e5 anmodning fra Gr\u00f8nn Byggallianse.<\/p>\n\n\n\n<h2 class=\"wp-block-heading\">1&nbsp;&nbsp;&nbsp;&nbsp;&nbsp; Sluttvurdering og -sertifisering av det ferdigstilte bygget<\/h2>\n\n\n\n<p>I visse tilfeller er det ikke sikkert tiltakshaveren eller prosjektgruppen trenger, eller velger, \u00e5 sertifisere bygget i prosjekteringsfasen og i stedet velger \u00e5 sertifisere det bare n\u00e5r det er ferdigstilt. I slike tilfeller vil oppfyllelse av kriterier v\u00e6re basert p\u00e5 faktisk informasjon om ferdigstilt bygg, og mindre p\u00e5 informasjon og forpliktelsesbrev fra prosjekteringsfasen (dersom det ikke er relevant for emnet).<\/p>\n\n\n\n<p>Kolonnen \u00abFerdigstillelse\u00bb i dokumentasjonstabellen beskriver typisk informasjon revisoren trenger for \u00e5 validere \u00absom-bygget ytelse. For en rekke emner og kriterier vil revisors befaring p\u00e5 tomten og p\u00e5f\u00f8lgende rapport og bildedokumentasjon v\u00e6re tilstrekkelig.<\/p>\n\n\n\n<p>Merk: Vurdering og sertifisering i prosjekteringsfasen anbefales sterkt, ettersom det gir sikkerhet om ytelse i henhold til BREEAM-NOR f\u00f8r byggearbeidet p\u00e5begynnes. Dette gir prosjektet st\u00f8rre mulighet til \u00e5 oppn\u00e5 \u00f8nsket klassifisering og opprettholde ytelsen p\u00e5 samme klassifiseringsniv\u00e5 helt til sluttsertifisering, overlevering og idriftsetting av bygget.<\/p>\n\n\n\n<h2 class=\"wp-block-heading\">2&nbsp;&nbsp;&nbsp;&nbsp;&nbsp; Ferdigstillelsesrevisjon og -sertifisering<\/h2>\n\n\n\n<p>Hvis bygget ble sertifisert i prosjekteringsfasen, gjennomf\u00f8res en ferdigstillelsesrevisjon PCR. Denne skiller seg fra revisjon av ferdig bygg som ikke har prosjekteringssertifikat ved at revisjonen bekrefter den midlertidige BREEAM-NOR-klassifiseringen som sluttklassifisering for det ferdigstilte bygget i motsetning til en fullstendig vurdering av det ferdigstilte bygget (PCA). En PCR-revisjon krever at revisoren<\/p>\n\n\n\n<ol class=\"wp-block-list\">\n<li>reviderer hvert emne og bekrefter at de forpliktede kriteriene og poengene fra prosjekteringsfasen fortsatt er gyldige<\/li>\n\n\n\n<li>revidere emner der det har skjedd endringer i prosjektet siden den forel\u00f8pige vurderingen, f.eks. dersom endringene vil eller kan p\u00e5virke oppfyllelsen av et spesifikt krav og dermed antallet tildelte\/tilbakeholdte poeng og potensielt hvilken BREEAM-NOR-klassifisering som er oppn\u00e5dd<\/li>\n<\/ol>\n\n\n\n<p>For punkt 1 vil revisoren trenge dokumentasjon som bekrefter at granskningen er gyldig. For visse emner og kriterier der oppfyllelse av kriterier i prosjekteringsfasen for eksempel var basert p\u00e5 et formelt intensjonsbrev fra tiltakshaveren eller prosjekteringsteamet, vil dette forutsette ny informasjon om det ferdigstilte bygget for \u00e5 bekrefte at denne intensjonen ble fulgt opp. Denne dokumentasjonen vil sannsynligvis v\u00e6re i en av formene angitt ovenfor, f.eks. revisorens bildedokumentasjon, m\u00e5ledata, innkj\u00f8psordrer osv. For andre emner og kriterier kan det v\u00e6re at informasjon fremlagt som dokumentasjon i prosjekteringsfasen gir et sannferdig bilde av det ferdigstilte byggets ytelse, f.eks. et kart eller en tomteplan som viser n\u00e6rhet til kollektivtransport, eller en bussrutetabell. I slike tilfeller kan revisoren bare bekrefte at dokumentasjonen fra prosjekteringsfasen er gyldig.<\/p>\n\n\n\n<p>For punkt 2 har revisoren to alternativer dersom det har skjedd endringer som potensielt p\u00e5virker tildelingen av et poeng. Det kan v\u00e6re klart at oppfyllelse av krav for et s\u00e6rlig emne ikke lenger er mulig. I s\u00e5 fall holdes trekkes poeng fra prosjekteringsfasen tilbake, og endelig BREEAM-NOR-klassifisering beregnes p\u00e5 nytt. Eventuelt kan det fremlegges ny eller endret versjoner av eksisterende informasjon som revisoren kan revidere og bruke for \u00e5 verifisere oppfyllelse av krav.<\/p>\n\n\n\n<h2 class=\"wp-block-heading\">3&nbsp;&nbsp;&nbsp;&nbsp;&nbsp; Hvordan kvalitetssikre rapporten din gjennom QA-prosessen<\/h2>\n\n\n\n<ol class=\"wp-block-list\">\n<li>P\u00e5se at du har tilstrekkelig informasjon, dvs. at dokumentasjonen\n<ol style=\"list-style-type:lower-alpha\" class=\"wp-block-list\">\n<li><span style=\"font-size: clamp(1rem, 0.9107rem + 0.2857vw, 1.125rem);, sans-serif\">viser alle BREEAM-NOR-kravene<\/span><\/li>\n\n\n\n<li><span style=\"font-size: clamp(1rem, 0.9107rem + 0.2857vw, 1.125rem);, sans-serif\">er robust, f.eks. juridisk bindende eller lignende<\/span><\/li>\n\n\n\n<li>er klar og lettlest (elektronisk eller papir)<\/li>\n<\/ol>\n<\/li>\n<\/ol>\n\n\n\n<p>Merk: Eksempler p\u00e5 godkjent dokumentasjon finnes i den tekniske manualen.<\/p>\n\n\n\n<ol start=\"2\" class=\"wp-block-list\">\n<li>Registrer et revisjonsspor.\n<ol style=\"list-style-type:lower-alpha\" class=\"wp-block-list\">\n<li><span style=\"font-size: clamp(1rem, 0.9107rem + 0.2857vw, 1.125rem);, sans-serif\">Gr\u00f8nn Byggallianse krever at dokumentasjonen tydelig lar seg etterspore (det skal ikke finnes et spor som ikke kan f\u00f8lges)<\/span><\/li>\n\n\n\n<li>Dette sporet skal gj\u00f8re det mulig for en tredjepart \u00e5 foreta rask granskning av vurderingsavgj\u00f8relser.<\/li>\n<\/ol>\n<\/li>\n<\/ol>\n\n\n\n<p>Merk: Revisjonssporet er like viktig som dokumentasjonstypen.<\/p>\n\n\n\n<ol start=\"3\" class=\"wp-block-list\">\n<li>Merk at de vanligste \u00e5rsakene til at Gr\u00f8nn Byggallianse avviser rapporter, er\n<ol style=\"list-style-type:lower-alpha\" class=\"wp-block-list\">\n<li><span style=\"font-size: clamp(1rem, 0.9107rem + 0.2857vw, 1.125rem)\">manglende dokumentasjon for et kriterium eller et metodekrav<\/span><\/li>\n\n\n\n<li><span style=\"font-size: clamp(1rem, 0.9107rem + 0.2857vw, 1.125rem);, sans-serif\">uklar forklaring p\u00e5 oppfyllelse av krav via dokumentasjon og notater<\/span><\/li>\n\n\n\n<li><span style=\"font-size: clamp(1rem, 0.9107rem + 0.2857vw, 1.125rem);, sans-serif\">upresis dokumentasjonshenvisning som krever urimelig innsats for \u00e5 finne n\u00f8dvendig informasjon<\/span><\/li>\n\n\n\n<li>kriterier misforst\u00e5tt og poeng feilaktig tildelt<\/li>\n<\/ol>\n<\/li>\n<\/ol>\n\n\n\n<p><\/p>\n","protected":false},"excerpt":{"rendered":"<p>BREEAM-NOR er en tredjeparts vurderings- og sertifiseringsordning som drives i henhold til internasjonale standarder. \u00c5 operere etter internasjonale standarder sikrer at sertifiseringsordninger som BREEAM-NOR drives p\u00e5 en konsistent og p\u00e5litelig m\u00e5te. BREEAM-NOR-revisorens vurderingsrapport og kvalitetssikringsprosessen utf\u00f8rt av Gr\u00f8nn Byggallianse er de grunnleggende prinsippene i BREEAM-NOR, som sikrer konsistens og tillit til BREEAM-NOR-vurderingen tildelt av revisor. [&hellip;]<\/p>\n","protected":false},"author":5,"featured_media":0,"parent":0,"menu_order":18,"comment_status":"closed","ping_status":"closed","template":"page-page.php","meta":{"_acf_changed":false,"footnotes":""},"categories":[],"connection":[],"class_list":["post-4438","page","type-page","status-publish","hentry"],"acf":[],"yoast_head":"<!-- This site is optimized with the Yoast SEO plugin v25.4 - https:\/\/yoast.com\/wordpress\/plugins\/seo\/ -->\n<title>Vedlegg F Dokumentasjonskravene i BREEAM-NOR - BREEAM-NOR<\/title>\n<meta name=\"robots\" content=\"index, follow, max-snippet:-1, max-image-preview:large, max-video-preview:-1\" \/>\n<link rel=\"canonical\" href=\"http:\/\/breeam-nor.byggalliansen.no\/v6\/vedlegg-f-dokumentasjonskravene-i-breeam-nor\/\" \/>\n<meta property=\"og:locale\" content=\"nb_NO\" \/>\n<meta property=\"og:type\" content=\"article\" \/>\n<meta property=\"og:title\" content=\"Vedlegg F Dokumentasjonskravene i BREEAM-NOR - BREEAM-NOR\" \/>\n<meta property=\"og:description\" content=\"BREEAM-NOR er en tredjeparts vurderings- og sertifiseringsordning som drives i henhold til internasjonale standarder. \u00c5 operere etter internasjonale standarder sikrer at sertifiseringsordninger som BREEAM-NOR drives p\u00e5 en konsistent og p\u00e5litelig m\u00e5te. BREEAM-NOR-revisorens vurderingsrapport og kvalitetssikringsprosessen utf\u00f8rt av Gr\u00f8nn Byggallianse er de grunnleggende prinsippene i BREEAM-NOR, som sikrer konsistens og tillit til BREEAM-NOR-vurderingen tildelt av revisor. [&hellip;]\" \/>\n<meta property=\"og:url\" content=\"http:\/\/breeam-nor.byggalliansen.no\/v6\/vedlegg-f-dokumentasjonskravene-i-breeam-nor\/\" \/>\n<meta property=\"og:site_name\" content=\"BREEAM-NOR\" \/>\n<meta property=\"article:modified_time\" content=\"2025-05-01T12:12:57+00:00\" \/>\n<meta name=\"twitter:card\" content=\"summary_large_image\" \/>\n<meta name=\"twitter:label1\" content=\"Ansl. lesetid\" \/>\n\t<meta name=\"twitter:data1\" content=\"7 minutter\" \/>\n<script type=\"application\/ld+json\" class=\"yoast-schema-graph\">{\"@context\":\"https:\/\/schema.org\",\"@graph\":[{\"@type\":\"WebPage\",\"@id\":\"http:\/\/breeam-nor.byggalliansen.no\/v6\/vedlegg-f-dokumentasjonskravene-i-breeam-nor\/\",\"url\":\"http:\/\/breeam-nor.byggalliansen.no\/v6\/vedlegg-f-dokumentasjonskravene-i-breeam-nor\/\",\"name\":\"Vedlegg F Dokumentasjonskravene i BREEAM-NOR - BREEAM-NOR\",\"isPartOf\":{\"@id\":\"https:\/\/breeam-nor.byggalliansen.no\/v6\/#website\"},\"datePublished\":\"2025-04-23T14:00:39+00:00\",\"dateModified\":\"2025-05-01T12:12:57+00:00\",\"breadcrumb\":{\"@id\":\"http:\/\/breeam-nor.byggalliansen.no\/v6\/vedlegg-f-dokumentasjonskravene-i-breeam-nor\/#breadcrumb\"},\"inLanguage\":\"nb-NO\",\"potentialAction\":[{\"@type\":\"ReadAction\",\"target\":[\"http:\/\/breeam-nor.byggalliansen.no\/v6\/vedlegg-f-dokumentasjonskravene-i-breeam-nor\/\"]}]},{\"@type\":\"BreadcrumbList\",\"@id\":\"http:\/\/breeam-nor.byggalliansen.no\/v6\/vedlegg-f-dokumentasjonskravene-i-breeam-nor\/#breadcrumb\",\"itemListElement\":[{\"@type\":\"ListItem\",\"position\":1,\"name\":\"BREEAM-NOR\",\"item\":\"https:\/\/breeam-nor.byggalliansen.no\/v6\/\"},{\"@type\":\"ListItem\",\"position\":2,\"name\":\"Vedlegg F Dokumentasjonskravene i BREEAM-NOR\"}]},{\"@type\":\"WebSite\",\"@id\":\"https:\/\/breeam-nor.byggalliansen.no\/v6\/#website\",\"url\":\"https:\/\/breeam-nor.byggalliansen.no\/v6\/\",\"name\":\"BREEAM-NOR\",\"description\":\"Versjon 6.1.1, 2024\",\"potentialAction\":[{\"@type\":\"SearchAction\",\"target\":{\"@type\":\"EntryPoint\",\"urlTemplate\":\"https:\/\/breeam-nor.byggalliansen.no\/v6\/?s={search_term_string}\"},\"query-input\":{\"@type\":\"PropertyValueSpecification\",\"valueRequired\":true,\"valueName\":\"search_term_string\"}}],\"inLanguage\":\"nb-NO\"}]}<\/script>\n<!-- \/ Yoast SEO plugin. -->","yoast_head_json":{"title":"Vedlegg F Dokumentasjonskravene i BREEAM-NOR - BREEAM-NOR","robots":{"index":"index","follow":"follow","max-snippet":"max-snippet:-1","max-image-preview":"max-image-preview:large","max-video-preview":"max-video-preview:-1"},"canonical":"http:\/\/breeam-nor.byggalliansen.no\/v6\/vedlegg-f-dokumentasjonskravene-i-breeam-nor\/","og_locale":"nb_NO","og_type":"article","og_title":"Vedlegg F Dokumentasjonskravene i BREEAM-NOR - BREEAM-NOR","og_description":"BREEAM-NOR er en tredjeparts vurderings- og sertifiseringsordning som drives i henhold til internasjonale standarder. \u00c5 operere etter internasjonale standarder sikrer at sertifiseringsordninger som BREEAM-NOR drives p\u00e5 en konsistent og p\u00e5litelig m\u00e5te. BREEAM-NOR-revisorens vurderingsrapport og kvalitetssikringsprosessen utf\u00f8rt av Gr\u00f8nn Byggallianse er de grunnleggende prinsippene i BREEAM-NOR, som sikrer konsistens og tillit til BREEAM-NOR-vurderingen tildelt av revisor. [&hellip;]","og_url":"http:\/\/breeam-nor.byggalliansen.no\/v6\/vedlegg-f-dokumentasjonskravene-i-breeam-nor\/","og_site_name":"BREEAM-NOR","article_modified_time":"2025-05-01T12:12:57+00:00","twitter_card":"summary_large_image","twitter_misc":{"Ansl. lesetid":"7 minutter"},"schema":{"@context":"https:\/\/schema.org","@graph":[{"@type":"WebPage","@id":"http:\/\/breeam-nor.byggalliansen.no\/v6\/vedlegg-f-dokumentasjonskravene-i-breeam-nor\/","url":"http:\/\/breeam-nor.byggalliansen.no\/v6\/vedlegg-f-dokumentasjonskravene-i-breeam-nor\/","name":"Vedlegg F Dokumentasjonskravene i BREEAM-NOR - BREEAM-NOR","isPartOf":{"@id":"https:\/\/breeam-nor.byggalliansen.no\/v6\/#website"},"datePublished":"2025-04-23T14:00:39+00:00","dateModified":"2025-05-01T12:12:57+00:00","breadcrumb":{"@id":"http:\/\/breeam-nor.byggalliansen.no\/v6\/vedlegg-f-dokumentasjonskravene-i-breeam-nor\/#breadcrumb"},"inLanguage":"nb-NO","potentialAction":[{"@type":"ReadAction","target":["http:\/\/breeam-nor.byggalliansen.no\/v6\/vedlegg-f-dokumentasjonskravene-i-breeam-nor\/"]}]},{"@type":"BreadcrumbList","@id":"http:\/\/breeam-nor.byggalliansen.no\/v6\/vedlegg-f-dokumentasjonskravene-i-breeam-nor\/#breadcrumb","itemListElement":[{"@type":"ListItem","position":1,"name":"BREEAM-NOR","item":"https:\/\/breeam-nor.byggalliansen.no\/v6\/"},{"@type":"ListItem","position":2,"name":"Vedlegg F Dokumentasjonskravene i BREEAM-NOR"}]},{"@type":"WebSite","@id":"https:\/\/breeam-nor.byggalliansen.no\/v6\/#website","url":"https:\/\/breeam-nor.byggalliansen.no\/v6\/","name":"BREEAM-NOR","description":"Versjon 6.1.1, 2024","potentialAction":[{"@type":"SearchAction","target":{"@type":"EntryPoint","urlTemplate":"https:\/\/breeam-nor.byggalliansen.no\/v6\/?s={search_term_string}"},"query-input":{"@type":"PropertyValueSpecification","valueRequired":true,"valueName":"search_term_string"}}],"inLanguage":"nb-NO"}]}},"_links":{"self":[{"href":"https:\/\/breeam-nor.byggalliansen.no\/v6\/wp-json\/wp\/v2\/pages\/4438","targetHints":{"allow":["GET"]}}],"collection":[{"href":"https:\/\/breeam-nor.byggalliansen.no\/v6\/wp-json\/wp\/v2\/pages"}],"about":[{"href":"https:\/\/breeam-nor.byggalliansen.no\/v6\/wp-json\/wp\/v2\/types\/page"}],"author":[{"embeddable":true,"href":"https:\/\/breeam-nor.byggalliansen.no\/v6\/wp-json\/wp\/v2\/users\/5"}],"replies":[{"embeddable":true,"href":"https:\/\/breeam-nor.byggalliansen.no\/v6\/wp-json\/wp\/v2\/comments?post=4438"}],"version-history":[{"count":1,"href":"https:\/\/breeam-nor.byggalliansen.no\/v6\/wp-json\/wp\/v2\/pages\/4438\/revisions"}],"predecessor-version":[{"id":4439,"href":"https:\/\/breeam-nor.byggalliansen.no\/v6\/wp-json\/wp\/v2\/pages\/4438\/revisions\/4439"}],"wp:attachment":[{"href":"https:\/\/breeam-nor.byggalliansen.no\/v6\/wp-json\/wp\/v2\/media?parent=4438"}],"wp:term":[{"taxonomy":"category","embeddable":true,"href":"https:\/\/breeam-nor.byggalliansen.no\/v6\/wp-json\/wp\/v2\/categories?post=4438"},{"taxonomy":"connection","embeddable":true,"href":"https:\/\/breeam-nor.byggalliansen.no\/v6\/wp-json\/wp\/v2\/connection?post=4438"}],"curies":[{"name":"wp","href":"https:\/\/api.w.org\/{rel}","templated":true}]}}