{"id":4476,"date":"2025-04-24T07:57:59","date_gmt":"2025-04-24T07:57:59","guid":{"rendered":"https:\/\/breeam-nor.byggalliansen.no\/v6\/?page_id=4476"},"modified":"2025-04-24T10:53:06","modified_gmt":"2025-04-24T10:53:06","slug":"tabell-int-06-emner-med-stegkrav","status":"publish","type":"page","link":"https:\/\/breeam-nor.byggalliansen.no\/v6\/bedomming-og-klassifisering\/tabell-int-06-emner-med-stegkrav\/","title":{"rendered":"Tabell Int-06 Emner med stegkrav"},"content":{"rendered":"\n<h5 class=\"wp-block-heading\">Tabell Int-06 Emner med stegkrav<\/h5>\n\n\n\n<table id=\"tablepress-Int06\" class=\"tablepress tablepress-id-Int06\">\n<thead>\n<tr class=\"row-1\">\n\t<th class=\"column-1\"><strong><\/strong><\/th><th class=\"column-2\"><strong>Steg 1<\/strong><\/th><th class=\"column-3\"><strong>Steg 2<\/strong><\/th><th class=\"column-4\"><strong>Steg 3<\/strong><\/th><th class=\"column-5\"><strong>Steg 4<\/strong><\/th><th class=\"column-6\"><strong>Steg 5<\/strong><\/th><th class=\"column-7\"><strong>Steg 6<\/strong><\/th><th class=\"column-8\"><strong>Steg 7<\/strong><\/th>\n<\/tr>\n<\/thead>\n<tbody class=\"row-striping row-hover\">\n<tr class=\"row-2\">\n\t<td class=\"column-1\"><strong>Emne<\/strong><\/td><td class=\"column-2\"><strong>Strategisk definisjon<\/strong><\/td><td class=\"column-3\"><strong>Program og konseptutvikling<\/strong><\/td><td class=\"column-4\"><strong>Bearbeiding av valgt konsept<\/strong><\/td><td class=\"column-5\"><strong>Detalj-prosjektering<\/strong><\/td><td class=\"column-6\"><strong>Produksjon og leveranser<\/strong><\/td><td class=\"column-7\"><strong>Overlevering og ibruk-tagelse<\/strong><\/td><td class=\"column-8\"><strong>Bruk og forvaltning<\/strong><\/td>\n<\/tr>\n<tr class=\"row-3\">\n\t<td class=\"column-1\">Man 01 Konseptutvikling og prosjekt-optimalisering<\/td><td class=\"column-2\"><\/td><td class=\"column-3\">X<\/td><td class=\"column-4\">X<\/td><td class=\"column-5\">X<\/td><td class=\"column-6 highlight-\"><span style=\"color:#B4D8B6\">&#8211;<\/span><\/td><td class=\"column-7 highlight-\"><span style=\"color:#B4D8B6\">&#8211;<\/span><\/td><td class=\"column-8 highlight-\"><span style=\"color:#B4D8B6\">&#8211;<\/span><\/td>\n<\/tr>\n<tr class=\"row-4\">\n\t<td class=\"column-1\">Man 02 Livssykluskostnader og levetids-planlegging<\/td><td class=\"column-2\"><\/td><td class=\"column-3\">X<\/td><td class=\"column-4\"><\/td><td class=\"column-5\">X<\/td><td class=\"column-6 highlight-\"><span style=\"color:#B4D8B6\">&#8211;<\/span><\/td><td class=\"column-7 highlight-\"><span style=\"color:#B4D8B6\">&#8211;<\/span><\/td><td class=\"column-8 highlight-\"><span style=\"color:#B4D8B6\">&#8211;<\/span><\/td>\n<\/tr>\n<tr class=\"row-5\">\n\t<td class=\"column-1\">Man 03 Ansvarlig byggepraksis<\/td><td class=\"column-2\"><\/td><td class=\"column-3\"><\/td><td class=\"column-4\"><\/td><td class=\"column-5\">X<\/td><td class=\"column-6\">X<\/td><td class=\"column-7\">X<\/td><td class=\"column-8 highlight-\"><span style=\"color:#B4D8B6\">&#8211;<\/span><\/td>\n<\/tr>\n<tr class=\"row-6\">\n\t<td class=\"column-1\">Man 04 Idriftsetting og overlevering<\/td><td class=\"column-2\"><\/td><td class=\"column-3\"><\/td><td class=\"column-4\">X<\/td><td class=\"column-5\">X<\/td><td class=\"column-6 highlight-\"><span style=\"color:#B4D8B6\">&#8211;<\/span><\/td><td class=\"column-7 highlight-\"><span style=\"color:#B4D8B6\">&#8211;<\/span><\/td><td class=\"column-8 highlight-\"><span style=\"color:#B4D8B6\">&#8211;<\/span><\/td>\n<\/tr>\n<tr class=\"row-7\">\n\t<td class=\"column-1\">Man 05 Pr\u00f8vedrift og oppf\u00f8lging<\/td><td class=\"column-2\"><\/td><td class=\"column-3\"><\/td><td class=\"column-4\"><\/td><td class=\"column-5\"><\/td><td class=\"column-6\"><\/td><td class=\"column-7\"><\/td><td class=\"column-8\">X<\/td>\n<\/tr>\n<tr class=\"row-8\">\n\t<td class=\"column-1\">Hea 01 Visuell komfort<\/td><td class=\"column-2\"><\/td><td class=\"column-3\"><\/td><td class=\"column-4\">X<\/td><td class=\"column-5 highlight-\"><span style=\"color:#B4D8B6\">&#8211;<\/span><\/td><td class=\"column-6 highlight-\"><span style=\"color:#B4D8B6\">&#8211;<\/span><\/td><td class=\"column-7 highlight-\"><span style=\"color:#B4D8B6\">&#8211;<\/span><\/td><td class=\"column-8 highlight-\"><span style=\"color:#B4D8B6\">&#8211;<\/span><\/td>\n<\/tr>\n<tr class=\"row-9\">\n\t<td class=\"column-1\">Hea 05 Lydforhold<\/td><td class=\"column-2\"><\/td><td class=\"column-3\"><\/td><td class=\"column-4\">X<\/td><td class=\"column-5 highlight-\"><span style=\"color:#B4D8B6\">&#8211;<\/span><\/td><td class=\"column-6 highlight-\"><span style=\"color:#B4D8B6\">&#8211;<\/span><\/td><td class=\"column-7 highlight-\"><span style=\"color:#B4D8B6\">&#8211;<\/span><\/td><td class=\"column-8 highlight-\"><span style=\"color:#B4D8B6\">&#8211;<\/span><\/td>\n<\/tr>\n<tr class=\"row-10\">\n\t<td class=\"column-1\">Hea 06 Trygge og sunne omgivelser<\/td><td class=\"column-2\"><\/td><td class=\"column-3\"><\/td><td class=\"column-4\">X<\/td><td class=\"column-5 highlight-\"><span style=\"color:#B4D8B6\">&#8211;<\/span><\/td><td class=\"column-6 highlight-\"><span style=\"color:#B4D8B6\">&#8211;<\/span><\/td><td class=\"column-7 highlight-\"><span style=\"color:#B4D8B6\">&#8211;<\/span><\/td><td class=\"column-8 highlight-\"><span style=\"color:#B4D8B6\">&#8211;<\/span><\/td>\n<\/tr>\n<tr class=\"row-11\">\n\t<td class=\"column-1\">Hea 08 Privatomr\u00e5de<\/td><td class=\"column-2\"><\/td><td class=\"column-3\"><\/td><td class=\"column-4\">X<\/td><td class=\"column-5 highlight-\"><span style=\"color:#B4D8B6\">&#8211;<\/span><\/td><td class=\"column-6 highlight-\"><span style=\"color:#B4D8B6\">&#8211;<\/span><\/td><td class=\"column-7 highlight-\"><span style=\"color:#B4D8B6\">&#8211;<\/span><\/td><td class=\"column-8 highlight-\"><span style=\"color:#B4D8B6\">&#8211;<\/span><\/td>\n<\/tr>\n<tr class=\"row-12\">\n\t<td class=\"column-1\">Ene 01 Bygningens energiytelse<\/td><td class=\"column-2\"><\/td><td class=\"column-3\"><\/td><td class=\"column-4\">X<\/td><td class=\"column-5 highlight-\"><span style=\"color:#B4D8B6\">&#8211;<\/span><\/td><td class=\"column-6 highlight-\"><span style=\"color:#B4D8B6\">&#8211;<\/span><\/td><td class=\"column-7 highlight-\"><span style=\"color:#B4D8B6\">&#8211;<\/span><\/td><td class=\"column-8 highlight-\"><span style=\"color:#B4D8B6\">&#8211;<\/span><\/td>\n<\/tr>\n<tr class=\"row-13\">\n\t<td class=\"column-1\">Ene 07 Energieffektive laboratoriesystemer<\/td><td class=\"column-2\"><\/td><td class=\"column-3\"><\/td><td class=\"column-4\">X<\/td><td class=\"column-5 highlight-\"><span style=\"color:#B4D8B6\">&#8211;<\/span><\/td><td class=\"column-6 highlight-\"><span style=\"color:#B4D8B6\">&#8211;<\/span><\/td><td class=\"column-7 highlight-\"><span style=\"color:#B4D8B6\">&#8211;<\/span><\/td><td class=\"column-8 highlight-\"><span style=\"color:#B4D8B6\">&#8211;<\/span><\/td>\n<\/tr>\n<tr class=\"row-14\">\n\t<td class=\"column-1\">Tra 01 Transport-kartlegging og mobilitetsplan<\/td><td class=\"column-2\"><\/td><td class=\"column-3\"><\/td><td class=\"column-4\">X<\/td><td class=\"column-5 highlight-\"><span style=\"color:#B4D8B6\">&#8211;<\/span><\/td><td class=\"column-6 highlight-\"><span style=\"color:#B4D8B6\">&#8211;<\/span><\/td><td class=\"column-7 highlight-\"><span style=\"color:#B4D8B6\">&#8211;<\/span><\/td><td class=\"column-8 highlight-\"><span style=\"color:#B4D8B6\">&#8211;<\/span><\/td>\n<\/tr>\n<tr class=\"row-15\">\n\t<td class=\"column-1\">Tra 02 B\u00e6rekraftig transporttiltak<\/td><td class=\"column-2\"><\/td><td class=\"column-3\"><\/td><td class=\"column-4\">X<\/td><td class=\"column-5 highlight-\"><span style=\"color:#B4D8B6\">&#8211;<\/span><\/td><td class=\"column-6 highlight-\"><span style=\"color:#B4D8B6\">&#8211;<\/span><\/td><td class=\"column-7 highlight-\"><span style=\"color:#B4D8B6\">&#8211;<\/span><\/td><td class=\"column-8 highlight-\"><span style=\"color:#B4D8B6\">&#8211;<\/span><\/td>\n<\/tr>\n<tr class=\"row-16\">\n\t<td class=\"column-1\">Mat 01 B\u00e6rekraftige materialvalg \u2013 LCA og klimagass-beregninger<\/td><td class=\"column-2\"><\/td><td class=\"column-3\"><\/td><td class=\"column-4\">X<\/td><td class=\"column-5 highlight-\"><span style=\"color:#B4D8B6\">&#8211;<\/span><\/td><td class=\"column-6 highlight-\"><span style=\"color:#B4D8B6\">&#8211;<\/span><\/td><td class=\"column-7 highlight-\"><span style=\"color:#B4D8B6\">&#8211;<\/span><\/td><td class=\"column-8 highlight-\"><span style=\"color:#B4D8B6\">&#8211;<\/span><\/td>\n<\/tr>\n<tr class=\"row-17\">\n\t<td class=\"column-1\">Mat 03 Ansvarlig innkj\u00f8p av materialer<\/td><td class=\"column-2\"><\/td><td class=\"column-3\"><\/td><td class=\"column-4\">X<\/td><td class=\"column-5 highlight-\"><span style=\"color:#B4D8B6\">&#8211;<\/span><\/td><td class=\"column-6 highlight-\"><span style=\"color:#B4D8B6\">&#8211;<\/span><\/td><td class=\"column-7 highlight-\"><span style=\"color:#B4D8B6\">&#8211;<\/span><\/td><td class=\"column-8 highlight-\"><span style=\"color:#B4D8B6\">&#8211;<\/span><\/td>\n<\/tr>\n<tr class=\"row-18\">\n\t<td class=\"column-1\">Mat 05 Robust og klimatilpasset konstruksjon<\/td><td class=\"column-2\"><\/td><td class=\"column-3\">X<\/td><td class=\"column-4\">X<\/td><td class=\"column-5\">X<\/td><td class=\"column-6\">X<\/td><td class=\"column-7 highlight-\"><span style=\"color:#B4D8B6\">&#8211;<\/span><\/td><td class=\"column-8 highlight-\"><span style=\"color:#B4D8B6\">&#8211;<\/span><\/td>\n<\/tr>\n<tr class=\"row-19\">\n\t<td class=\"column-1\">Mat 06 Materialeffektivitet og ombruk<\/td><td class=\"column-2\"><\/td><td class=\"column-3\">X<\/td><td class=\"column-4\">X<\/td><td class=\"column-5\">X<\/td><td class=\"column-6\">X<\/td><td class=\"column-7 highlight-\"><span style=\"color:#B4D8B6\">&#8211;<\/span><\/td><td class=\"column-8 highlight-\"><span style=\"color:#B4D8B6\">&#8211;<\/span><\/td>\n<\/tr>\n<tr class=\"row-20\">\n\t<td class=\"column-1\">Mat 07 Endrings-dyktighet og ombrukbarhet<\/td><td class=\"column-2\"><\/td><td class=\"column-3\"><\/td><td class=\"column-4\">X<\/td><td class=\"column-5\">X<\/td><td class=\"column-6 highlight-\"><span style=\"color:#B4D8B6\">&#8211;<\/span><\/td><td class=\"column-7 highlight-\"><span style=\"color:#B4D8B6\">&#8211;<\/span><\/td><td class=\"column-8 highlight-\"><span style=\"color:#B4D8B6\">&#8211;<\/span><\/td>\n<\/tr>\n<tr class=\"row-21\">\n\t<td class=\"column-1\">Wst 01 Ressurs-h\u00e5ndtering p\u00e5 byggeplass<\/td><td class=\"column-2\"><\/td><td class=\"column-3\"><\/td><td class=\"column-4\">X<\/td><td class=\"column-5 highlight-\"><span style=\"color:#B4D8B6\">&#8211;<\/span><\/td><td class=\"column-6 highlight-\"><span style=\"color:#B4D8B6\">&#8211;<\/span><\/td><td class=\"column-7 highlight-\"><span style=\"color:#B4D8B6\">&#8211;<\/span><\/td><td class=\"column-8 highlight-\"><span style=\"color:#B4D8B6\">&#8211;<\/span><\/td>\n<\/tr>\n<tr class=\"row-22\">\n\t<td class=\"column-1\">LE 02 \u00d8kologisk risiko og muligheter<\/td><td class=\"column-2\"><\/td><td class=\"column-3\">X<\/td><td class=\"column-4\">X<\/td><td class=\"column-5 highlight-\"><span style=\"color:#B4D8B6\">&#8211;<\/span><\/td><td class=\"column-6 highlight-\"><span style=\"color:#B4D8B6\">&#8211;<\/span><\/td><td class=\"column-7 highlight-\"><span style=\"color:#B4D8B6\">&#8211;<\/span><\/td><td class=\"column-8 highlight-\"><span style=\"color:#B4D8B6\">&#8211;<\/span><\/td>\n<\/tr>\n<tr class=\"row-23\">\n\t<td class=\"column-1\">LE 03 H\u00e5ndtering av p\u00e5virkning p\u00e5 \u00f8kologi<\/td><td class=\"column-2\"><\/td><td class=\"column-3\"><\/td><td class=\"column-4\">X<\/td><td class=\"column-5 highlight-\"><span style=\"color:#B4D8B6\">&#8211;<\/span><\/td><td class=\"column-6 highlight-\"><span style=\"color:#B4D8B6\">&#8211;<\/span><\/td><td class=\"column-7 highlight-\"><span style=\"color:#B4D8B6\">&#8211;<\/span><\/td><td class=\"column-8 highlight-\"><span style=\"color:#B4D8B6\">&#8211;<\/span><\/td>\n<\/tr>\n<tr class=\"row-24\">\n\t<td class=\"column-1\">LE 06 Klimatilpasning<\/td><td class=\"column-2\"><\/td><td class=\"column-3\">X<\/td><td class=\"column-4\"><\/td><td class=\"column-5\">X<\/td><td class=\"column-6 highlight-\"><span style=\"color:#B4D8B6\">&#8211;<\/span><\/td><td class=\"column-7 highlight-\"><span style=\"color:#B4D8B6\">&#8211;<\/span><\/td><td class=\"column-8 highlight-\"><span style=\"color:#B4D8B6\">&#8211;<\/span><\/td>\n<\/tr>\n<tr class=\"row-25\">\n\t<td class=\"column-1\">LE 07 Flom og stormflo<\/td><td class=\"column-2\"><\/td><td class=\"column-3\">X<\/td><td class=\"column-4 highlight-\"><span style=\"color:#B4D8B6\">&#8211;<\/span><\/td><td class=\"column-5 highlight-\"><span style=\"color:#B4D8B6\">&#8211;<\/span><\/td><td class=\"column-6 highlight-\"><span style=\"color:#B4D8B6\">&#8211;<\/span><\/td><td class=\"column-7 highlight-\"><span style=\"color:#B4D8B6\">&#8211;<\/span><\/td><td class=\"column-8 highlight-\"><span style=\"color:#B4D8B6\">&#8211;<\/span><\/td>\n<\/tr>\n<tr class=\"row-26\">\n\t<td class=\"column-1\">LE 08 Lokal h\u00e5ndtering av overvann<\/td><td class=\"column-2\"><\/td><td class=\"column-3\">X<\/td><td class=\"column-4 highlight-\"><span style=\"color:#B4D8B6\">&#8211;<\/span><\/td><td class=\"column-5 highlight-\"><span style=\"color:#B4D8B6\">&#8211;<\/span><\/td><td class=\"column-6 highlight-\"><span style=\"color:#B4D8B6\">&#8211;<\/span><\/td><td class=\"column-7 highlight-\"><span style=\"color:#B4D8B6\">&#8211;<\/span><\/td><td class=\"column-8 highlight-\"><span style=\"color:#B4D8B6\">&#8211;<\/span><\/td>\n<\/tr>\n<\/tbody>\n<\/table>\n<!-- #tablepress-Int06 from cache -->\n\n\n<h2 class=\"wp-block-heading\"><\/h2>\n","protected":false},"excerpt":{"rendered":"<p>Tabell Int-06 Emner med stegkrav<\/p>\n","protected":false},"author":5,"featured_media":0,"parent":2257,"menu_order":1,"comment_status":"closed","ping_status":"closed","template":"page-portal-nopoints-simple.php","meta":{"_acf_changed":false,"footnotes":""},"categories":[],"connection":[],"class_list":["post-4476","page","type-page","status-publish","hentry"],"acf":[],"yoast_head":"<!-- This site is optimized with the Yoast SEO plugin v25.4 - https:\/\/yoast.com\/wordpress\/plugins\/seo\/ -->\n<title>Tabell Int-06 Emner med stegkrav - BREEAM-NOR<\/title>\n<meta name=\"robots\" content=\"index, follow, max-snippet:-1, max-image-preview:large, max-video-preview:-1\" \/>\n<link rel=\"canonical\" href=\"http:\/\/breeam-nor.byggalliansen.no\/v6\/bedomming-og-klassifisering\/tabell-int-06-emner-med-stegkrav\/\" \/>\n<meta property=\"og:locale\" content=\"nb_NO\" \/>\n<meta property=\"og:type\" content=\"article\" \/>\n<meta property=\"og:title\" content=\"Tabell Int-06 Emner med stegkrav - BREEAM-NOR\" \/>\n<meta property=\"og:description\" content=\"Tabell Int-06 Emner med stegkrav\" \/>\n<meta property=\"og:url\" content=\"http:\/\/breeam-nor.byggalliansen.no\/v6\/bedomming-og-klassifisering\/tabell-int-06-emner-med-stegkrav\/\" \/>\n<meta property=\"og:site_name\" content=\"BREEAM-NOR\" \/>\n<meta property=\"article:modified_time\" content=\"2025-04-24T10:53:06+00:00\" \/>\n<meta name=\"twitter:card\" content=\"summary_large_image\" \/>\n<meta name=\"twitter:label1\" content=\"Ansl. lesetid\" \/>\n\t<meta name=\"twitter:data1\" content=\"1 minutt\" \/>\n<script type=\"application\/ld+json\" class=\"yoast-schema-graph\">{\"@context\":\"https:\/\/schema.org\",\"@graph\":[{\"@type\":\"WebPage\",\"@id\":\"http:\/\/breeam-nor.byggalliansen.no\/v6\/bedomming-og-klassifisering\/tabell-int-06-emner-med-stegkrav\/\",\"url\":\"http:\/\/breeam-nor.byggalliansen.no\/v6\/bedomming-og-klassifisering\/tabell-int-06-emner-med-stegkrav\/\",\"name\":\"Tabell Int-06 Emner med stegkrav - BREEAM-NOR\",\"isPartOf\":{\"@id\":\"https:\/\/breeam-nor.byggalliansen.no\/v6\/#website\"},\"datePublished\":\"2025-04-24T07:57:59+00:00\",\"dateModified\":\"2025-04-24T10:53:06+00:00\",\"breadcrumb\":{\"@id\":\"http:\/\/breeam-nor.byggalliansen.no\/v6\/bedomming-og-klassifisering\/tabell-int-06-emner-med-stegkrav\/#breadcrumb\"},\"inLanguage\":\"nb-NO\",\"potentialAction\":[{\"@type\":\"ReadAction\",\"target\":[\"http:\/\/breeam-nor.byggalliansen.no\/v6\/bedomming-og-klassifisering\/tabell-int-06-emner-med-stegkrav\/\"]}]},{\"@type\":\"BreadcrumbList\",\"@id\":\"http:\/\/breeam-nor.byggalliansen.no\/v6\/bedomming-og-klassifisering\/tabell-int-06-emner-med-stegkrav\/#breadcrumb\",\"itemListElement\":[{\"@type\":\"ListItem\",\"position\":1,\"name\":\"BREEAM-NOR\",\"item\":\"https:\/\/breeam-nor.byggalliansen.no\/v6\/\"},{\"@type\":\"ListItem\",\"position\":2,\"name\":\"Poeng og klassifisering for BREEAM-NOR-bygninger\",\"item\":\"https:\/\/breeam-nor.byggalliansen.no\/v6\/bedomming-og-klassifisering\/\"},{\"@type\":\"ListItem\",\"position\":3,\"name\":\"Tabell Int-06 Emner med stegkrav\"}]},{\"@type\":\"WebSite\",\"@id\":\"https:\/\/breeam-nor.byggalliansen.no\/v6\/#website\",\"url\":\"https:\/\/breeam-nor.byggalliansen.no\/v6\/\",\"name\":\"BREEAM-NOR\",\"description\":\"Versjon 6.1.1, 2024\",\"potentialAction\":[{\"@type\":\"SearchAction\",\"target\":{\"@type\":\"EntryPoint\",\"urlTemplate\":\"https:\/\/breeam-nor.byggalliansen.no\/v6\/?s={search_term_string}\"},\"query-input\":{\"@type\":\"PropertyValueSpecification\",\"valueRequired\":true,\"valueName\":\"search_term_string\"}}],\"inLanguage\":\"nb-NO\"}]}<\/script>\n<!-- \/ Yoast SEO plugin. -->","yoast_head_json":{"title":"Tabell Int-06 Emner med stegkrav - BREEAM-NOR","robots":{"index":"index","follow":"follow","max-snippet":"max-snippet:-1","max-image-preview":"max-image-preview:large","max-video-preview":"max-video-preview:-1"},"canonical":"http:\/\/breeam-nor.byggalliansen.no\/v6\/bedomming-og-klassifisering\/tabell-int-06-emner-med-stegkrav\/","og_locale":"nb_NO","og_type":"article","og_title":"Tabell Int-06 Emner med stegkrav - BREEAM-NOR","og_description":"Tabell Int-06 Emner med stegkrav","og_url":"http:\/\/breeam-nor.byggalliansen.no\/v6\/bedomming-og-klassifisering\/tabell-int-06-emner-med-stegkrav\/","og_site_name":"BREEAM-NOR","article_modified_time":"2025-04-24T10:53:06+00:00","twitter_card":"summary_large_image","twitter_misc":{"Ansl. lesetid":"1 minutt"},"schema":{"@context":"https:\/\/schema.org","@graph":[{"@type":"WebPage","@id":"http:\/\/breeam-nor.byggalliansen.no\/v6\/bedomming-og-klassifisering\/tabell-int-06-emner-med-stegkrav\/","url":"http:\/\/breeam-nor.byggalliansen.no\/v6\/bedomming-og-klassifisering\/tabell-int-06-emner-med-stegkrav\/","name":"Tabell Int-06 Emner med stegkrav - BREEAM-NOR","isPartOf":{"@id":"https:\/\/breeam-nor.byggalliansen.no\/v6\/#website"},"datePublished":"2025-04-24T07:57:59+00:00","dateModified":"2025-04-24T10:53:06+00:00","breadcrumb":{"@id":"http:\/\/breeam-nor.byggalliansen.no\/v6\/bedomming-og-klassifisering\/tabell-int-06-emner-med-stegkrav\/#breadcrumb"},"inLanguage":"nb-NO","potentialAction":[{"@type":"ReadAction","target":["http:\/\/breeam-nor.byggalliansen.no\/v6\/bedomming-og-klassifisering\/tabell-int-06-emner-med-stegkrav\/"]}]},{"@type":"BreadcrumbList","@id":"http:\/\/breeam-nor.byggalliansen.no\/v6\/bedomming-og-klassifisering\/tabell-int-06-emner-med-stegkrav\/#breadcrumb","itemListElement":[{"@type":"ListItem","position":1,"name":"BREEAM-NOR","item":"https:\/\/breeam-nor.byggalliansen.no\/v6\/"},{"@type":"ListItem","position":2,"name":"Poeng og klassifisering for BREEAM-NOR-bygninger","item":"https:\/\/breeam-nor.byggalliansen.no\/v6\/bedomming-og-klassifisering\/"},{"@type":"ListItem","position":3,"name":"Tabell Int-06 Emner med stegkrav"}]},{"@type":"WebSite","@id":"https:\/\/breeam-nor.byggalliansen.no\/v6\/#website","url":"https:\/\/breeam-nor.byggalliansen.no\/v6\/","name":"BREEAM-NOR","description":"Versjon 6.1.1, 2024","potentialAction":[{"@type":"SearchAction","target":{"@type":"EntryPoint","urlTemplate":"https:\/\/breeam-nor.byggalliansen.no\/v6\/?s={search_term_string}"},"query-input":{"@type":"PropertyValueSpecification","valueRequired":true,"valueName":"search_term_string"}}],"inLanguage":"nb-NO"}]}},"_links":{"self":[{"href":"https:\/\/breeam-nor.byggalliansen.no\/v6\/wp-json\/wp\/v2\/pages\/4476","targetHints":{"allow":["GET"]}}],"collection":[{"href":"https:\/\/breeam-nor.byggalliansen.no\/v6\/wp-json\/wp\/v2\/pages"}],"about":[{"href":"https:\/\/breeam-nor.byggalliansen.no\/v6\/wp-json\/wp\/v2\/types\/page"}],"author":[{"embeddable":true,"href":"https:\/\/breeam-nor.byggalliansen.no\/v6\/wp-json\/wp\/v2\/users\/5"}],"replies":[{"embeddable":true,"href":"https:\/\/breeam-nor.byggalliansen.no\/v6\/wp-json\/wp\/v2\/comments?post=4476"}],"version-history":[{"count":3,"href":"https:\/\/breeam-nor.byggalliansen.no\/v6\/wp-json\/wp\/v2\/pages\/4476\/revisions"}],"predecessor-version":[{"id":4491,"href":"https:\/\/breeam-nor.byggalliansen.no\/v6\/wp-json\/wp\/v2\/pages\/4476\/revisions\/4491"}],"up":[{"embeddable":true,"href":"https:\/\/breeam-nor.byggalliansen.no\/v6\/wp-json\/wp\/v2\/pages\/2257"}],"wp:attachment":[{"href":"https:\/\/breeam-nor.byggalliansen.no\/v6\/wp-json\/wp\/v2\/media?parent=4476"}],"wp:term":[{"taxonomy":"category","embeddable":true,"href":"https:\/\/breeam-nor.byggalliansen.no\/v6\/wp-json\/wp\/v2\/categories?post=4476"},{"taxonomy":"connection","embeddable":true,"href":"https:\/\/breeam-nor.byggalliansen.no\/v6\/wp-json\/wp\/v2\/connection?post=4476"}],"curies":[{"name":"wp","href":"https:\/\/api.w.org\/{rel}","templated":true}]}}