{"id":4495,"date":"2025-04-24T12:19:09","date_gmt":"2025-04-24T12:19:09","guid":{"rendered":"https:\/\/breeam-nor.byggalliansen.no\/v6\/?page_id=4495"},"modified":"2026-03-17T15:15:54","modified_gmt":"2026-03-17T15:15:54","slug":"vurdering-av-bygningsdelers-livssykluskostnader","status":"publish","type":"page","link":"https:\/\/breeam-nor.byggalliansen.no\/v6\/kategorier-og-emner\/1-ledelse\/man-02-livssykluskostnader-og-levetidsplanlegging\/vurdering-av-bygningsdelers-livssykluskostnader\/","title":{"rendered":"Vurdering av bygningsdelers livssykluskostnader"},"content":{"rendered":"\n<ol start=\"5\" class=\"wp-block-list\">\n<li>Bygningsdelers livssykluskostnader er vurdert i l\u00f8pet av steg 4 i samsvar med ISO 15686-5:2017 eller NS 3454:2013. Det utf\u00f8res LCC-beregning for alternativer innen en bygningsdel i minst f\u00f8lgende kategorier (dersom til stede) (se Metode):\n<ol style=\"list-style-type:lower-alpha\" class=\"wp-block-list\">\n<li><span style=\"font-size: clamp(1rem, 0.9107rem + 0.2857vw, 1.125rem);, sans-serif\">utvendig klimaskjerm, f.eks. fasadekledning, vinduer, taktype og\/eller isolasjonstykkelser<\/span><\/li>\n\n\n\n<li><span style=\"font-size: clamp(1rem, 0.9107rem + 0.2857vw, 1.125rem);, sans-serif\">tekniske installasjoner, f.eks. varmekilde, kuldekilde, belysning, solceller, utstyr som reduserer SFP-faktor og\/eller automatikk<\/span><\/li>\n\n\n\n<li><span style=\"font-size: clamp(1rem, 0.9107rem + 0.2857vw, 1.125rem);, sans-serif\">innvendige overflater, f.eks. innervegger, gulvoverflater og\/eller himling<\/span><\/li>\n\n\n\n<li>uteomr\u00e5der, f.eks. alternative utvendige flater, omr\u00e5desikring\/gjerder eller gr\u00f8nne strukturer<\/li>\n<\/ol>\n<\/li>\n\n\n\n<li>Det dokumenteres, med relevante eksempler fra prosjekteringsgruppen, hvordan vurderingen har p\u00e5virket prosjekteringen (f.eks. utforming av bygningsdeler, tekniske systemer eller integrerte l\u00f8sninger) for \u00e5 minimere livssykluskostnader og\/eller for \u00e5 maksimere <dfn aria-describedby=\"desc-1745497085282-4ofmjwwlt\" data-definition=\"Kritisk verdi\">kritisk verdi<\/dfn>.<\/li>\n<\/ol>\n\n\n\n<ol start=\"6\" class=\"wp-block-list\"><\/ol>\n\n\n\n<p><\/p>\n","protected":false},"excerpt":{"rendered":"","protected":false},"author":5,"featured_media":0,"parent":4319,"menu_order":1,"comment_status":"closed","ping_status":"closed","template":"","meta":{"_acf_changed":false,"footnotes":""},"categories":[1],"connection":[32],"class_list":["post-4495","page","type-page","status-publish","hentry","category-kriterier","connection-1-2-2"],"acf":[],"yoast_head":"<!-- This site is optimized with the Yoast SEO plugin v25.4 - https:\/\/yoast.com\/wordpress\/plugins\/seo\/ -->\n<title>Vurdering av bygningsdelers livssykluskostnader - BREEAM-NOR<\/title>\n<meta name=\"robots\" content=\"index, follow, max-snippet:-1, max-image-preview:large, max-video-preview:-1\" \/>\n<link rel=\"canonical\" href=\"http:\/\/breeam-nor.byggalliansen.no\/v6\/kategorier-og-emner\/1-ledelse\/man-02-livssykluskostnader-og-levetidsplanlegging\/vurdering-av-bygningsdelers-livssykluskostnader\/\" \/>\n<meta property=\"og:locale\" content=\"nb_NO\" \/>\n<meta property=\"og:type\" content=\"article\" \/>\n<meta property=\"og:title\" content=\"Vurdering av bygningsdelers livssykluskostnader - BREEAM-NOR\" \/>\n<meta property=\"og:url\" content=\"http:\/\/breeam-nor.byggalliansen.no\/v6\/kategorier-og-emner\/1-ledelse\/man-02-livssykluskostnader-og-levetidsplanlegging\/vurdering-av-bygningsdelers-livssykluskostnader\/\" \/>\n<meta property=\"og:site_name\" content=\"BREEAM-NOR\" \/>\n<meta property=\"article:modified_time\" content=\"2026-03-17T15:15:54+00:00\" \/>\n<meta name=\"twitter:card\" content=\"summary_large_image\" \/>\n<meta name=\"twitter:label1\" content=\"Ansl. lesetid\" \/>\n\t<meta name=\"twitter:data1\" content=\"1 minutt\" \/>\n<script type=\"application\/ld+json\" class=\"yoast-schema-graph\">{\"@context\":\"https:\/\/schema.org\",\"@graph\":[{\"@type\":\"WebPage\",\"@id\":\"http:\/\/breeam-nor.byggalliansen.no\/v6\/kategorier-og-emner\/1-ledelse\/man-02-livssykluskostnader-og-levetidsplanlegging\/vurdering-av-bygningsdelers-livssykluskostnader\/\",\"url\":\"http:\/\/breeam-nor.byggalliansen.no\/v6\/kategorier-og-emner\/1-ledelse\/man-02-livssykluskostnader-og-levetidsplanlegging\/vurdering-av-bygningsdelers-livssykluskostnader\/\",\"name\":\"Vurdering av bygningsdelers livssykluskostnader - BREEAM-NOR\",\"isPartOf\":{\"@id\":\"https:\/\/breeam-nor.byggalliansen.no\/v6\/#website\"},\"datePublished\":\"2025-04-24T12:19:09+00:00\",\"dateModified\":\"2026-03-17T15:15:54+00:00\",\"breadcrumb\":{\"@id\":\"http:\/\/breeam-nor.byggalliansen.no\/v6\/kategorier-og-emner\/1-ledelse\/man-02-livssykluskostnader-og-levetidsplanlegging\/vurdering-av-bygningsdelers-livssykluskostnader\/#breadcrumb\"},\"inLanguage\":\"nb-NO\",\"potentialAction\":[{\"@type\":\"ReadAction\",\"target\":[\"http:\/\/breeam-nor.byggalliansen.no\/v6\/kategorier-og-emner\/1-ledelse\/man-02-livssykluskostnader-og-levetidsplanlegging\/vurdering-av-bygningsdelers-livssykluskostnader\/\"]}]},{\"@type\":\"BreadcrumbList\",\"@id\":\"http:\/\/breeam-nor.byggalliansen.no\/v6\/kategorier-og-emner\/1-ledelse\/man-02-livssykluskostnader-og-levetidsplanlegging\/vurdering-av-bygningsdelers-livssykluskostnader\/#breadcrumb\",\"itemListElement\":[{\"@type\":\"ListItem\",\"position\":1,\"name\":\"BREEAM-NOR\",\"item\":\"https:\/\/breeam-nor.byggalliansen.no\/v6\/\"},{\"@type\":\"ListItem\",\"position\":2,\"name\":\"Kategorier og emner\",\"item\":\"https:\/\/breeam-nor.byggalliansen.no\/v6\/kategorier-og-emner\/\"},{\"@type\":\"ListItem\",\"position\":3,\"name\":\"Ledelse\",\"item\":\"http:\/\/breeam-nor.byggalliansen.no\/v6\/kategorier-og-emner\/1-ledelse\/\"},{\"@type\":\"ListItem\",\"position\":4,\"name\":\"Man 02 livssykluskostnader og levetidsplanlegging\",\"item\":\"https:\/\/breeam-nor.byggalliansen.no\/v6\/kategorier-og-emner\/1-ledelse\/man-02-livssykluskostnader-og-levetidsplanlegging\/\"},{\"@type\":\"ListItem\",\"position\":5,\"name\":\"Vurdering av bygningsdelers livssykluskostnader\"}]},{\"@type\":\"WebSite\",\"@id\":\"https:\/\/breeam-nor.byggalliansen.no\/v6\/#website\",\"url\":\"https:\/\/breeam-nor.byggalliansen.no\/v6\/\",\"name\":\"BREEAM-NOR\",\"description\":\"Versjon 6.1.1, 2024\",\"potentialAction\":[{\"@type\":\"SearchAction\",\"target\":{\"@type\":\"EntryPoint\",\"urlTemplate\":\"https:\/\/breeam-nor.byggalliansen.no\/v6\/?s={search_term_string}\"},\"query-input\":{\"@type\":\"PropertyValueSpecification\",\"valueRequired\":true,\"valueName\":\"search_term_string\"}}],\"inLanguage\":\"nb-NO\"}]}<\/script>\n<!-- \/ Yoast SEO plugin. -->","yoast_head_json":{"title":"Vurdering av bygningsdelers livssykluskostnader - BREEAM-NOR","robots":{"index":"index","follow":"follow","max-snippet":"max-snippet:-1","max-image-preview":"max-image-preview:large","max-video-preview":"max-video-preview:-1"},"canonical":"http:\/\/breeam-nor.byggalliansen.no\/v6\/kategorier-og-emner\/1-ledelse\/man-02-livssykluskostnader-og-levetidsplanlegging\/vurdering-av-bygningsdelers-livssykluskostnader\/","og_locale":"nb_NO","og_type":"article","og_title":"Vurdering av bygningsdelers livssykluskostnader - BREEAM-NOR","og_url":"http:\/\/breeam-nor.byggalliansen.no\/v6\/kategorier-og-emner\/1-ledelse\/man-02-livssykluskostnader-og-levetidsplanlegging\/vurdering-av-bygningsdelers-livssykluskostnader\/","og_site_name":"BREEAM-NOR","article_modified_time":"2026-03-17T15:15:54+00:00","twitter_card":"summary_large_image","twitter_misc":{"Ansl. lesetid":"1 minutt"},"schema":{"@context":"https:\/\/schema.org","@graph":[{"@type":"WebPage","@id":"http:\/\/breeam-nor.byggalliansen.no\/v6\/kategorier-og-emner\/1-ledelse\/man-02-livssykluskostnader-og-levetidsplanlegging\/vurdering-av-bygningsdelers-livssykluskostnader\/","url":"http:\/\/breeam-nor.byggalliansen.no\/v6\/kategorier-og-emner\/1-ledelse\/man-02-livssykluskostnader-og-levetidsplanlegging\/vurdering-av-bygningsdelers-livssykluskostnader\/","name":"Vurdering av bygningsdelers livssykluskostnader - BREEAM-NOR","isPartOf":{"@id":"https:\/\/breeam-nor.byggalliansen.no\/v6\/#website"},"datePublished":"2025-04-24T12:19:09+00:00","dateModified":"2026-03-17T15:15:54+00:00","breadcrumb":{"@id":"http:\/\/breeam-nor.byggalliansen.no\/v6\/kategorier-og-emner\/1-ledelse\/man-02-livssykluskostnader-og-levetidsplanlegging\/vurdering-av-bygningsdelers-livssykluskostnader\/#breadcrumb"},"inLanguage":"nb-NO","potentialAction":[{"@type":"ReadAction","target":["http:\/\/breeam-nor.byggalliansen.no\/v6\/kategorier-og-emner\/1-ledelse\/man-02-livssykluskostnader-og-levetidsplanlegging\/vurdering-av-bygningsdelers-livssykluskostnader\/"]}]},{"@type":"BreadcrumbList","@id":"http:\/\/breeam-nor.byggalliansen.no\/v6\/kategorier-og-emner\/1-ledelse\/man-02-livssykluskostnader-og-levetidsplanlegging\/vurdering-av-bygningsdelers-livssykluskostnader\/#breadcrumb","itemListElement":[{"@type":"ListItem","position":1,"name":"BREEAM-NOR","item":"https:\/\/breeam-nor.byggalliansen.no\/v6\/"},{"@type":"ListItem","position":2,"name":"Kategorier og emner","item":"https:\/\/breeam-nor.byggalliansen.no\/v6\/kategorier-og-emner\/"},{"@type":"ListItem","position":3,"name":"Ledelse","item":"http:\/\/breeam-nor.byggalliansen.no\/v6\/kategorier-og-emner\/1-ledelse\/"},{"@type":"ListItem","position":4,"name":"Man 02 livssykluskostnader og levetidsplanlegging","item":"https:\/\/breeam-nor.byggalliansen.no\/v6\/kategorier-og-emner\/1-ledelse\/man-02-livssykluskostnader-og-levetidsplanlegging\/"},{"@type":"ListItem","position":5,"name":"Vurdering av bygningsdelers livssykluskostnader"}]},{"@type":"WebSite","@id":"https:\/\/breeam-nor.byggalliansen.no\/v6\/#website","url":"https:\/\/breeam-nor.byggalliansen.no\/v6\/","name":"BREEAM-NOR","description":"Versjon 6.1.1, 2024","potentialAction":[{"@type":"SearchAction","target":{"@type":"EntryPoint","urlTemplate":"https:\/\/breeam-nor.byggalliansen.no\/v6\/?s={search_term_string}"},"query-input":{"@type":"PropertyValueSpecification","valueRequired":true,"valueName":"search_term_string"}}],"inLanguage":"nb-NO"}]}},"_links":{"self":[{"href":"https:\/\/breeam-nor.byggalliansen.no\/v6\/wp-json\/wp\/v2\/pages\/4495","targetHints":{"allow":["GET"]}}],"collection":[{"href":"https:\/\/breeam-nor.byggalliansen.no\/v6\/wp-json\/wp\/v2\/pages"}],"about":[{"href":"https:\/\/breeam-nor.byggalliansen.no\/v6\/wp-json\/wp\/v2\/types\/page"}],"author":[{"embeddable":true,"href":"https:\/\/breeam-nor.byggalliansen.no\/v6\/wp-json\/wp\/v2\/users\/5"}],"replies":[{"embeddable":true,"href":"https:\/\/breeam-nor.byggalliansen.no\/v6\/wp-json\/wp\/v2\/comments?post=4495"}],"version-history":[{"count":3,"href":"https:\/\/breeam-nor.byggalliansen.no\/v6\/wp-json\/wp\/v2\/pages\/4495\/revisions"}],"predecessor-version":[{"id":6125,"href":"https:\/\/breeam-nor.byggalliansen.no\/v6\/wp-json\/wp\/v2\/pages\/4495\/revisions\/6125"}],"up":[{"embeddable":true,"href":"https:\/\/breeam-nor.byggalliansen.no\/v6\/wp-json\/wp\/v2\/pages\/4319"}],"wp:attachment":[{"href":"https:\/\/breeam-nor.byggalliansen.no\/v6\/wp-json\/wp\/v2\/media?parent=4495"}],"wp:term":[{"taxonomy":"category","embeddable":true,"href":"https:\/\/breeam-nor.byggalliansen.no\/v6\/wp-json\/wp\/v2\/categories?post=4495"},{"taxonomy":"connection","embeddable":true,"href":"https:\/\/breeam-nor.byggalliansen.no\/v6\/wp-json\/wp\/v2\/connection?post=4495"}],"curies":[{"name":"wp","href":"https:\/\/api.w.org\/{rel}","templated":true}]}}