{"id":4501,"date":"2025-04-24T12:44:52","date_gmt":"2025-04-24T12:44:52","guid":{"rendered":"https:\/\/breeam-nor.byggalliansen.no\/v6\/?page_id=4501"},"modified":"2025-08-27T13:32:19","modified_gmt":"2025-08-27T13:32:19","slug":"ansvarlig-byggeledelse","status":"publish","type":"page","link":"https:\/\/breeam-nor.byggalliansen.no\/v6\/kategorier-og-emner\/1-ledelse\/man-03-ansvarlig-byggepraksis\/ansvarlig-byggeledelse\/","title":{"rendered":"Ansvarlig byggeledelse"},"content":{"rendered":"\n<h4 class=\"wp-block-heading\">1. poeng<\/h4>\n\n\n\n<ol start=\"5\" class=\"wp-block-list\">\n<li>&nbsp;Det er fastsatt rutiner for rent, t\u00f8rt bygg i henhold til Sintef Byggforsk byggdetaljblad 501.107 \u00abRen, t\u00f8rr og ryddig byggeprosess\u00bb. Rutiner skal f\u00f8lges opp jevnlig med sjekklister gjennom hele byggefasen.<\/li>\n\n\n\n<li>Prosjektet oppfyller kravene til ett poeng i <a href=\"https:\/\/breeam-nor.byggalliansen.no\/v6\/sjekkliste-a1\/\">sjekkliste A1<\/a>, verifisert av revisor ved befaring (se Metode).<\/li>\n<\/ol>\n\n\n\n<h4 class=\"wp-block-heading\">2. poeng<\/h4>\n\n\n\n<ol start=\"7\" class=\"wp-block-list\">\n<li>Kriteriene 5\u20136 er oppfylt.<\/li>\n\n\n\n<li>Prosjektet skal lage en plan for sluttrengj\u00f8ring til overtagelse (se Metode). M\u00e5linger og kvitterte sjekklister skal vise at planen er fulgt og at rengj\u00f8ringskvaliteten oppfyller minst kvalitetsniv\u00e5 4 i NS-EN INSTA 800.<\/li>\n\n\n\n<li>Prosjektet tilfredsstiller alle kravene i <a href=\"https:\/\/breeam-nor.byggalliansen.no\/v6\/sjekkliste-a1\/\">sjekkliste A1<\/a>, verifisert av revisor ved befaring (se Metode).<\/li>\n<\/ol>\n","protected":false},"excerpt":{"rendered":"<p>1. poeng 2. poeng<\/p>\n","protected":false},"author":5,"featured_media":0,"parent":4320,"menu_order":2,"comment_status":"closed","ping_status":"closed","template":"","meta":{"_acf_changed":false,"footnotes":""},"categories":[],"connection":[62],"class_list":["post-4501","page","type-page","status-publish","hentry","connection-1-3-3"],"acf":[],"yoast_head":"<!-- This site is optimized with the Yoast SEO plugin v25.4 - https:\/\/yoast.com\/wordpress\/plugins\/seo\/ -->\n<title>Ansvarlig byggeledelse - BREEAM-NOR<\/title>\n<meta name=\"robots\" content=\"index, follow, max-snippet:-1, max-image-preview:large, max-video-preview:-1\" \/>\n<link rel=\"canonical\" href=\"http:\/\/breeam-nor.byggalliansen.no\/v6\/kategorier-og-emner\/1-ledelse\/man-03-ansvarlig-byggepraksis\/ansvarlig-byggeledelse\/\" \/>\n<meta property=\"og:locale\" content=\"nb_NO\" \/>\n<meta property=\"og:type\" content=\"article\" \/>\n<meta property=\"og:title\" content=\"Ansvarlig byggeledelse - BREEAM-NOR\" \/>\n<meta property=\"og:description\" content=\"1. poeng 2. poeng\" \/>\n<meta property=\"og:url\" content=\"http:\/\/breeam-nor.byggalliansen.no\/v6\/kategorier-og-emner\/1-ledelse\/man-03-ansvarlig-byggepraksis\/ansvarlig-byggeledelse\/\" \/>\n<meta property=\"og:site_name\" content=\"BREEAM-NOR\" \/>\n<meta property=\"article:modified_time\" content=\"2025-08-27T13:32:19+00:00\" \/>\n<meta name=\"twitter:card\" content=\"summary_large_image\" \/>\n<meta name=\"twitter:label1\" content=\"Ansl. lesetid\" \/>\n\t<meta name=\"twitter:data1\" content=\"1 minutt\" \/>\n<script type=\"application\/ld+json\" class=\"yoast-schema-graph\">{\"@context\":\"https:\/\/schema.org\",\"@graph\":[{\"@type\":\"WebPage\",\"@id\":\"http:\/\/breeam-nor.byggalliansen.no\/v6\/kategorier-og-emner\/1-ledelse\/man-03-ansvarlig-byggepraksis\/ansvarlig-byggeledelse\/\",\"url\":\"http:\/\/breeam-nor.byggalliansen.no\/v6\/kategorier-og-emner\/1-ledelse\/man-03-ansvarlig-byggepraksis\/ansvarlig-byggeledelse\/\",\"name\":\"Ansvarlig byggeledelse - BREEAM-NOR\",\"isPartOf\":{\"@id\":\"https:\/\/breeam-nor.byggalliansen.no\/v6\/#website\"},\"datePublished\":\"2025-04-24T12:44:52+00:00\",\"dateModified\":\"2025-08-27T13:32:19+00:00\",\"breadcrumb\":{\"@id\":\"http:\/\/breeam-nor.byggalliansen.no\/v6\/kategorier-og-emner\/1-ledelse\/man-03-ansvarlig-byggepraksis\/ansvarlig-byggeledelse\/#breadcrumb\"},\"inLanguage\":\"nb-NO\",\"potentialAction\":[{\"@type\":\"ReadAction\",\"target\":[\"http:\/\/breeam-nor.byggalliansen.no\/v6\/kategorier-og-emner\/1-ledelse\/man-03-ansvarlig-byggepraksis\/ansvarlig-byggeledelse\/\"]}]},{\"@type\":\"BreadcrumbList\",\"@id\":\"http:\/\/breeam-nor.byggalliansen.no\/v6\/kategorier-og-emner\/1-ledelse\/man-03-ansvarlig-byggepraksis\/ansvarlig-byggeledelse\/#breadcrumb\",\"itemListElement\":[{\"@type\":\"ListItem\",\"position\":1,\"name\":\"BREEAM-NOR\",\"item\":\"https:\/\/breeam-nor.byggalliansen.no\/v6\/\"},{\"@type\":\"ListItem\",\"position\":2,\"name\":\"Kategorier og emner\",\"item\":\"https:\/\/breeam-nor.byggalliansen.no\/v6\/kategorier-og-emner\/\"},{\"@type\":\"ListItem\",\"position\":3,\"name\":\"Ledelse\",\"item\":\"http:\/\/breeam-nor.byggalliansen.no\/v6\/kategorier-og-emner\/1-ledelse\/\"},{\"@type\":\"ListItem\",\"position\":4,\"name\":\"Man 03 Ansvarlig byggepraksis\",\"item\":\"http:\/\/breeam-nor.byggalliansen.no\/v6\/kategorier-og-emner\/1-ledelse\/man-03-ansvarlig-byggepraksis\/\"},{\"@type\":\"ListItem\",\"position\":5,\"name\":\"Ansvarlig byggeledelse\"}]},{\"@type\":\"WebSite\",\"@id\":\"https:\/\/breeam-nor.byggalliansen.no\/v6\/#website\",\"url\":\"https:\/\/breeam-nor.byggalliansen.no\/v6\/\",\"name\":\"BREEAM-NOR\",\"description\":\"Versjon 6.1.1, 2024\",\"potentialAction\":[{\"@type\":\"SearchAction\",\"target\":{\"@type\":\"EntryPoint\",\"urlTemplate\":\"https:\/\/breeam-nor.byggalliansen.no\/v6\/?s={search_term_string}\"},\"query-input\":{\"@type\":\"PropertyValueSpecification\",\"valueRequired\":true,\"valueName\":\"search_term_string\"}}],\"inLanguage\":\"nb-NO\"}]}<\/script>\n<!-- \/ Yoast SEO plugin. -->","yoast_head_json":{"title":"Ansvarlig byggeledelse - BREEAM-NOR","robots":{"index":"index","follow":"follow","max-snippet":"max-snippet:-1","max-image-preview":"max-image-preview:large","max-video-preview":"max-video-preview:-1"},"canonical":"http:\/\/breeam-nor.byggalliansen.no\/v6\/kategorier-og-emner\/1-ledelse\/man-03-ansvarlig-byggepraksis\/ansvarlig-byggeledelse\/","og_locale":"nb_NO","og_type":"article","og_title":"Ansvarlig byggeledelse - BREEAM-NOR","og_description":"1. poeng 2. poeng","og_url":"http:\/\/breeam-nor.byggalliansen.no\/v6\/kategorier-og-emner\/1-ledelse\/man-03-ansvarlig-byggepraksis\/ansvarlig-byggeledelse\/","og_site_name":"BREEAM-NOR","article_modified_time":"2025-08-27T13:32:19+00:00","twitter_card":"summary_large_image","twitter_misc":{"Ansl. lesetid":"1 minutt"},"schema":{"@context":"https:\/\/schema.org","@graph":[{"@type":"WebPage","@id":"http:\/\/breeam-nor.byggalliansen.no\/v6\/kategorier-og-emner\/1-ledelse\/man-03-ansvarlig-byggepraksis\/ansvarlig-byggeledelse\/","url":"http:\/\/breeam-nor.byggalliansen.no\/v6\/kategorier-og-emner\/1-ledelse\/man-03-ansvarlig-byggepraksis\/ansvarlig-byggeledelse\/","name":"Ansvarlig byggeledelse - BREEAM-NOR","isPartOf":{"@id":"https:\/\/breeam-nor.byggalliansen.no\/v6\/#website"},"datePublished":"2025-04-24T12:44:52+00:00","dateModified":"2025-08-27T13:32:19+00:00","breadcrumb":{"@id":"http:\/\/breeam-nor.byggalliansen.no\/v6\/kategorier-og-emner\/1-ledelse\/man-03-ansvarlig-byggepraksis\/ansvarlig-byggeledelse\/#breadcrumb"},"inLanguage":"nb-NO","potentialAction":[{"@type":"ReadAction","target":["http:\/\/breeam-nor.byggalliansen.no\/v6\/kategorier-og-emner\/1-ledelse\/man-03-ansvarlig-byggepraksis\/ansvarlig-byggeledelse\/"]}]},{"@type":"BreadcrumbList","@id":"http:\/\/breeam-nor.byggalliansen.no\/v6\/kategorier-og-emner\/1-ledelse\/man-03-ansvarlig-byggepraksis\/ansvarlig-byggeledelse\/#breadcrumb","itemListElement":[{"@type":"ListItem","position":1,"name":"BREEAM-NOR","item":"https:\/\/breeam-nor.byggalliansen.no\/v6\/"},{"@type":"ListItem","position":2,"name":"Kategorier og emner","item":"https:\/\/breeam-nor.byggalliansen.no\/v6\/kategorier-og-emner\/"},{"@type":"ListItem","position":3,"name":"Ledelse","item":"http:\/\/breeam-nor.byggalliansen.no\/v6\/kategorier-og-emner\/1-ledelse\/"},{"@type":"ListItem","position":4,"name":"Man 03 Ansvarlig byggepraksis","item":"http:\/\/breeam-nor.byggalliansen.no\/v6\/kategorier-og-emner\/1-ledelse\/man-03-ansvarlig-byggepraksis\/"},{"@type":"ListItem","position":5,"name":"Ansvarlig byggeledelse"}]},{"@type":"WebSite","@id":"https:\/\/breeam-nor.byggalliansen.no\/v6\/#website","url":"https:\/\/breeam-nor.byggalliansen.no\/v6\/","name":"BREEAM-NOR","description":"Versjon 6.1.1, 2024","potentialAction":[{"@type":"SearchAction","target":{"@type":"EntryPoint","urlTemplate":"https:\/\/breeam-nor.byggalliansen.no\/v6\/?s={search_term_string}"},"query-input":{"@type":"PropertyValueSpecification","valueRequired":true,"valueName":"search_term_string"}}],"inLanguage":"nb-NO"}]}},"_links":{"self":[{"href":"https:\/\/breeam-nor.byggalliansen.no\/v6\/wp-json\/wp\/v2\/pages\/4501","targetHints":{"allow":["GET"]}}],"collection":[{"href":"https:\/\/breeam-nor.byggalliansen.no\/v6\/wp-json\/wp\/v2\/pages"}],"about":[{"href":"https:\/\/breeam-nor.byggalliansen.no\/v6\/wp-json\/wp\/v2\/types\/page"}],"author":[{"embeddable":true,"href":"https:\/\/breeam-nor.byggalliansen.no\/v6\/wp-json\/wp\/v2\/users\/5"}],"replies":[{"embeddable":true,"href":"https:\/\/breeam-nor.byggalliansen.no\/v6\/wp-json\/wp\/v2\/comments?post=4501"}],"version-history":[{"count":3,"href":"https:\/\/breeam-nor.byggalliansen.no\/v6\/wp-json\/wp\/v2\/pages\/4501\/revisions"}],"predecessor-version":[{"id":6068,"href":"https:\/\/breeam-nor.byggalliansen.no\/v6\/wp-json\/wp\/v2\/pages\/4501\/revisions\/6068"}],"up":[{"embeddable":true,"href":"https:\/\/breeam-nor.byggalliansen.no\/v6\/wp-json\/wp\/v2\/pages\/4320"}],"wp:attachment":[{"href":"https:\/\/breeam-nor.byggalliansen.no\/v6\/wp-json\/wp\/v2\/media?parent=4501"}],"wp:term":[{"taxonomy":"category","embeddable":true,"href":"https:\/\/breeam-nor.byggalliansen.no\/v6\/wp-json\/wp\/v2\/categories?post=4501"},{"taxonomy":"connection","embeddable":true,"href":"https:\/\/breeam-nor.byggalliansen.no\/v6\/wp-json\/wp\/v2\/connection?post=4501"}],"curies":[{"name":"wp","href":"https:\/\/api.w.org\/{rel}","templated":true}]}}