{"id":4544,"date":"2025-04-24T13:41:16","date_gmt":"2025-04-24T13:41:16","guid":{"rendered":"https:\/\/breeam-nor.byggalliansen.no\/v6\/?page_id=4544"},"modified":"2025-05-23T08:09:26","modified_gmt":"2025-05-23T08:09:26","slug":"eus-taksonomi-for-baerekraftig-finans-og-breeam-nor","status":"publish","type":"page","link":"https:\/\/breeam-nor.byggalliansen.no\/v6\/eus-taksonomi-for-baerekraftig-finans-og-breeam-nor\/","title":{"rendered":"EUs taksonomi for b\u00e6rekraftig finans og BREEAM-NOR"},"content":{"rendered":"\n<p>EUs taksonomi for b\u00e6rekraftig finans skal gi investorer et bedre grunnlag for strategiske investeringsvalg og bidra til et mer transparent marked for b\u00e6rekraftige investeringer. For at en aktivitet skal defineres som b\u00e6rekraftig, m\u00e5 den bidra vesentlig til oppn\u00e5elsen av minst ett av de seks kriteriesettene, og ikke ha betydelig negativ innvirkning p\u00e5 de \u00f8vrige kriteriesettene. I tillegg m\u00e5 aktiviteten oppfylle minstekrav til sosiale og styringsmessige forhold \u00abMinimum Social Safe Guards\u00bb. Siden minstekravene til sosiale og styringsmessige forhold krever dokumentasjon p\u00e5 virksomhetsniv\u00e5, er disse ikke inkludert i BREEAM-NOR, som er en sertifiseringsordning for bygninger.<\/p>\n\n\n\n<p>Kriterier for nybygg og rehabilitering i EUs taksonomi kriteriepakke 1 \u00abBidra til \u00e5 redusere og forebygge klimagassutslipp\u00bb (Contributing to climate mitigation Construction of new buildings) er innarbeidet i denne manualen. I enkelte tilfeller vil BREEAM-NOR v6.1-kriteriene v\u00e6re strengere enn taksonomikriteriene de gjenspeiler.<\/p>\n\n\n\n<p>Siden EUs taksonomi kriteriepakke 1 ble publisert, har EU-kommisjonen lansert et notat som gir veiledning p\u00e5 hvordan enkelte av kriteriene skal forst\u00e5s (Draft commission notice). Disse tolkningene er ogs\u00e5 inkludert i BREEAM-NOR v6.1.<\/p>\n\n\n\n<p>Byggeprosjekter kan benytte BREEAM-NOR som en veiledning for \u00e5 verifisere taksonomiens krav uansett sertifiseringsniv\u00e5. I tabell Int-09 (se under), vises en oversikt over hvilke emner og kriterier som rommer kriteriene i EU taksonomien. Alle kriteriene i denne tabellen er lagt inn som minstekrav for sertifiseringsniv\u00e5ene Excellent og Outstanding. Det betyr at byggeprosjekter som oppfyller minstekravene til niv\u00e5 Excellent eller Outstanding vil kunne vise samsvar med de tekniske kriteriene fastsatt i taksonomien, slik disse er formulert og forst\u00e5s p\u00e5 publiseringstidspunktet.<\/p>\n\n\n\n<p>Gr\u00f8nn Byggallianse vil oppdatere denne manualen og orientere brukerne dersom det skjer endringer av betydning i de tekniske kriteriene fastsatt i EU taksonomien. Gr\u00f8nn Byggallianse har i den utstrekning det er rimelig \u00e5 forvente vurdert hvilke krav som p\u00e5 publiseringstidspunket f\u00f8lger av EU-taksonomien. Skulle det vise seg at kravene ikke skal forst\u00e5s slik Gr\u00f8nn Byggallianse har gitt uttrykk for i denne manualen, eller at kravene endres p\u00e5 et senere tidspunkt, kan ikke Gr\u00f8nn Byggallianse holdes ansvarlig for eventuelle \u00f8konomiske tap som f\u00f8lge av dette, med mindre Gr\u00f8nn Byggallianse har utvist grov uaktsomhet eller forsett.<\/p>\n\n\n\n<p>BREEAM-NOR-verkt\u00f8y som pre-analyseverkt\u00f8yet og BREEAM-NOR revisorrapport kan benyttes for \u00e5 kartlegge samsvar. Verkt\u00f8yene er tilgjengelige p\u00e5 Gr\u00f8nn Byggallianse sine nettsider: Om BREEAM-NOR \u2013 Gr\u00f8nn byggallianse (byggalliansen.no).<\/p>\n\n\n\n<p>Ytterligere informasjon om EUs taksonomi for b\u00e6rekraftig finans er tilgjengelig p\u00e5 Gr\u00f8nn Byggallianse sine nettsider: <a href=\"http:\/\/www.byggalliansen.no\">www.byggalliansen.no<\/a>.<\/p>\n\n\n\n<h5 class=\"wp-block-heading\">Tabell Int-09 EUs taksonomi for b\u00e6rekraftig finans og relasjon til emner og kriterier i BREEAM-NOR<\/h5>\n\n\n\n<table id=\"tablepress-Int-09\" class=\"tablepress tablepress-id-Int-09 tbody-has-connected-cells\">\n<thead>\n<tr class=\"row-1\">\n\t<th class=\"column-1 highlight-eus-taksonomi\"><strong>EUs taksonomi<\/strong><\/th><th class=\"column-2 highlight-emne\"><strong>Emne<\/strong><\/th><th class=\"column-3 highlight-kriterium\"><strong>Kriterium<\/strong><\/th>\n<\/tr>\n<\/thead>\n<tbody class=\"row-hover\">\n<tr class=\"row-2\">\n\t<td colspan=\"3\" class=\"column-1 highlight-bidra-vesentlig-til-%c3%a5-redusere-klimaendringer\">Bidra vesentlig til \u00e5 redusere klimaendringer<\/td>\n<\/tr>\n<tr class=\"row-3\">\n\t<td class=\"column-1\">Bygningens prim\u00e6renergibehov er minst 10 % lavere enn grenseverdien for NZEB identifisert i den nasjonale implementeringen av energidirektivet.<\/td><td class=\"column-2\">Ene 01<\/td><td class=\"column-3\">9 og 12<\/td>\n<\/tr>\n<tr class=\"row-4\">\n\t<td class=\"column-1\">Bygninger st\u00f8rre enn 5000 m2: ved ferdigstillelse gjennomg\u00e5r bygningen testing for lufttetthet og en termografisk test, og ethvert avvik i ytelsesniv\u00e5ene fastsatt i prosjekteringsfasen eller skader i klimaskallet legges frem for investorer og kunder.<\/td><td class=\"column-2\">Ene 01<\/td><td class=\"column-3\">10<\/td>\n<\/tr>\n<tr class=\"row-5\">\n\t<td class=\"column-1\">Bygninger st\u00f8rre enn 5000 m2: GWP for bygningen er beregnet for hvert steg i livsl\u00f8pet og fremlagt for investorer og kunden etter \u00f8nske.<\/td><td class=\"column-2\">Man 01<\/td><td class=\"column-3\">3<\/td>\n<\/tr>\n<tr class=\"row-6\">\n\t<td colspan=\"3\" class=\"column-1 highlight-ingen-vesentlig-skade-dnsh-kriterier\">Ingen vesentlig skade (DNSH) kriterier<\/td>\n<\/tr>\n<tr class=\"row-7\">\n\t<td class=\"column-1\">Tilpasning til klimaendringer. Risikoanalyse gjennomf\u00f8res og rimelige tiltak basert p\u00e5 beste praksis og nyeste scenarier iverksettes.<\/td><td class=\"column-2\">LE 06<\/td><td class=\"column-3\">1\u20136<\/td>\n<\/tr>\n<tr class=\"row-8\">\n\t<td class=\"column-1\">Dokumentere at byggets sanit\u00e6rutstyr har lavt vannforbruk. Dette er dokumentert gjennom produktdatablad, bygningssertifisering eller produktsertifisering i EU.<\/td><td class=\"column-2\">Wat 01<\/td><td class=\"column-3\">2<\/td>\n<\/tr>\n<tr class=\"row-9\">\n\t<td class=\"column-1\">Utvikle en plan for \u00e5 unng\u00e5 p\u00e5virkning fra byggeplassen med m\u00e5l om \u00e5 bevare vannkvaliteten og unng\u00e5 vann\/t\u00f8rkestress. Risikoer identifiseres og adresseres med sikte p\u00e5 \u00e5 oppn\u00e5 god vanntilstand og godt \u00f8kologisk potensiale.<\/td><td class=\"column-2\">Man 03<br \/>\nLovkrav<\/td><td class=\"column-3\">5\u20139<\/td>\n<\/tr>\n<tr class=\"row-10\">\n\t<td class=\"column-1\">Minst 70 vektprosent av ikke-farlig konstruksjons og rivingsavfall generert p\u00e5 byggeplass er klargjort for ombruk, resirkulering og annet materialgjenvinning i henhold til avfallshierarkiet og EUs protokoll for h\u00e5ndtering av bygge- og rivningsavfall.<\/td><td class=\"column-2\">Wst 01<\/td><td class=\"column-3\">4<\/td>\n<\/tr>\n<tr class=\"row-11\">\n\t<td class=\"column-1\">Operat\u00f8rer begrenser avfallsgenerering i bygg- og riveprosesser i samsvar med EUs protokoll for h\u00e5ndtering av bygge- og rivningsavfall. Man vurderer bruk av de beste tilgjengelige teknikker. Man bruker selektiv riving for \u00e5 gj\u00f8re det mulig \u00e5 fjerne og h\u00e5ndtere farlige stoffer p\u00e5 en sikker m\u00e5te, gj\u00f8re gjenbruk enklere og sikre h\u00f8ykvalitets gjenvinning gjennom selektiv fjerning av materialer, ved bruk av tilgjengelige sorteringssystemer for bygge- og riveavfall.<\/td><td class=\"column-2\">Wst 01<br \/>\nMat 06<\/td><td class=\"column-3\">1 og 4<br \/>\n1<\/td>\n<\/tr>\n<tr class=\"row-12\">\n\t<td rowspan=\"2\" class=\"column-1\">Bygningsdesign og konstruksjonsteknikker gj\u00f8r sirkularitet mulig. Det demonstreres spesielt, med referanse til ISO 20887 eller andre standarder for vurdering av demontering eller bygningers endringsdyktighet, hvordan de er utformet for \u00e5 v\u00e6re mer ressurseffektive, endringsdyktige, fleksible og demonterbare for \u00e5 gj\u00f8re gjenbruk og resirkulering mulig.<\/td><td rowspan=\"2\" class=\"column-2\">Mat 07<\/td><td rowspan=\"2\" class=\"column-3\">2\u20136<\/td>\n<\/tr>\n<tr class=\"row-13\">\n\t\n<\/tr>\n<tr class=\"row-14\">\n\t<td rowspan=\"2\" class=\"column-1\">Bygningskomponenter og materialer som brukes i konstruksjonen er i samsvar med EUs regelverk for farlige stoffer (REACH).<\/td><td rowspan=\"2\" class=\"column-2\">Mat 02<\/td><td rowspan=\"2\" class=\"column-3\">1<\/td>\n<\/tr>\n<tr class=\"row-15\">\n\t\n<\/tr>\n<tr class=\"row-16\">\n\t<td class=\"column-1\">Bygningskomponenter og -materialer som brukes i konstruksjonen og som kan komme i kontakt med brukere er lavemitterende mhp formaldehyd og kreftfremkallende VOC.<\/td><td class=\"column-2\">Hea 02<\/td><td class=\"column-3\">5<\/td>\n<\/tr>\n<tr class=\"row-17\">\n\t<td class=\"column-1\">Der nybygget ligger p\u00e5 et potensielt forurenset omr\u00e5de (brownfield-tomt), har omr\u00e5det v\u00e6rt gjenstand for en unders\u00f8kelse for potensielle forurensninger, for eksempel ved bruk av standard ISO 18400.<\/td><td class=\"column-2\">Lovkrav<\/td><td class=\"column-3\">\u2013<\/td>\n<\/tr>\n<tr class=\"row-18\">\n\t<td class=\"column-1\">Det iverksettes tiltak for \u00e5 redusere st\u00f8y, st\u00f8v og forurensende utslipp under bygge- eller vedlikeholdsarbeid.<\/td><td class=\"column-2\">Man 03<\/td><td class=\"column-3\">5\u20136<\/td>\n<\/tr>\n<tr class=\"row-19\">\n\t<td class=\"column-1\">En milj\u00f8konsekvensvurdering (EIA) eller screening er gjennomf\u00f8rt. De n\u00f8dvendige tiltakene for \u00e5 beskytte milj\u00f8et er iverksatt.<\/td><td class=\"column-2\">LE 02<br \/>\nLovkrav<\/td><td class=\"column-3\">2\u20134<\/td>\n<\/tr>\n<tr class=\"row-20\">\n\t<td class=\"column-1\">Bygningen skal ikke v\u00e6re bygget p\u00e5 tomter som defineres som<br \/>\n1.\u00a0 jordbruksareal eller dyrket mark<br \/>\n2.\u00a0 areal med identifisert h\u00f8y biodiversitetsverdi eller habitat for truede arter<br \/>\n3.\u00a0 areal definert som skog<\/td><td class=\"column-2\">LE 01<br \/>\nLE 02<br \/>\nLovkrav<\/td><td class=\"column-3\">2<br \/>\n2\u20134<\/td>\n<\/tr>\n<\/tbody>\n<\/table>\n<!-- #tablepress-Int-09 from cache -->","protected":false},"excerpt":{"rendered":"<p>EUs taksonomi for b\u00e6rekraftig finans skal gi investorer et bedre grunnlag for strategiske investeringsvalg og bidra til et mer transparent marked for b\u00e6rekraftige investeringer. For at en aktivitet skal defineres som b\u00e6rekraftig, m\u00e5 den bidra vesentlig til oppn\u00e5elsen av minst ett av de seks kriteriesettene, og ikke ha betydelig negativ innvirkning p\u00e5 de \u00f8vrige kriteriesettene. [&hellip;]<\/p>\n","protected":false},"author":5,"featured_media":0,"parent":0,"menu_order":7,"comment_status":"closed","ping_status":"closed","template":"page-portal-nopoints-simple.php","meta":{"_acf_changed":false,"footnotes":""},"categories":[],"connection":[],"class_list":["post-4544","page","type-page","status-publish","hentry"],"acf":[],"yoast_head":"<!-- This site is optimized with the Yoast SEO plugin v25.4 - https:\/\/yoast.com\/wordpress\/plugins\/seo\/ -->\n<title>EUs taksonomi for b\u00e6rekraftig finans og BREEAM-NOR - BREEAM-NOR<\/title>\n<meta name=\"robots\" content=\"index, follow, max-snippet:-1, max-image-preview:large, max-video-preview:-1\" \/>\n<link rel=\"canonical\" href=\"http:\/\/breeam-nor.byggalliansen.no\/v6\/eus-taksonomi-for-baerekraftig-finans-og-breeam-nor\/\" \/>\n<meta property=\"og:locale\" content=\"nb_NO\" \/>\n<meta property=\"og:type\" content=\"article\" \/>\n<meta property=\"og:title\" content=\"EUs taksonomi for b\u00e6rekraftig finans og BREEAM-NOR - BREEAM-NOR\" \/>\n<meta property=\"og:description\" content=\"EUs taksonomi for b\u00e6rekraftig finans skal gi investorer et bedre grunnlag for strategiske investeringsvalg og bidra til et mer transparent marked for b\u00e6rekraftige investeringer. For at en aktivitet skal defineres som b\u00e6rekraftig, m\u00e5 den bidra vesentlig til oppn\u00e5elsen av minst ett av de seks kriteriesettene, og ikke ha betydelig negativ innvirkning p\u00e5 de \u00f8vrige kriteriesettene. [&hellip;]\" \/>\n<meta property=\"og:url\" content=\"http:\/\/breeam-nor.byggalliansen.no\/v6\/eus-taksonomi-for-baerekraftig-finans-og-breeam-nor\/\" \/>\n<meta property=\"og:site_name\" content=\"BREEAM-NOR\" \/>\n<meta property=\"article:modified_time\" content=\"2025-05-23T08:09:26+00:00\" \/>\n<meta name=\"twitter:card\" content=\"summary_large_image\" \/>\n<meta name=\"twitter:label1\" content=\"Ansl. lesetid\" \/>\n\t<meta name=\"twitter:data1\" content=\"3 minutter\" \/>\n<script type=\"application\/ld+json\" class=\"yoast-schema-graph\">{\"@context\":\"https:\/\/schema.org\",\"@graph\":[{\"@type\":\"WebPage\",\"@id\":\"http:\/\/breeam-nor.byggalliansen.no\/v6\/eus-taksonomi-for-baerekraftig-finans-og-breeam-nor\/\",\"url\":\"http:\/\/breeam-nor.byggalliansen.no\/v6\/eus-taksonomi-for-baerekraftig-finans-og-breeam-nor\/\",\"name\":\"EUs taksonomi for b\u00e6rekraftig finans og BREEAM-NOR - BREEAM-NOR\",\"isPartOf\":{\"@id\":\"https:\/\/breeam-nor.byggalliansen.no\/v6\/#website\"},\"datePublished\":\"2025-04-24T13:41:16+00:00\",\"dateModified\":\"2025-05-23T08:09:26+00:00\",\"breadcrumb\":{\"@id\":\"http:\/\/breeam-nor.byggalliansen.no\/v6\/eus-taksonomi-for-baerekraftig-finans-og-breeam-nor\/#breadcrumb\"},\"inLanguage\":\"nb-NO\",\"potentialAction\":[{\"@type\":\"ReadAction\",\"target\":[\"http:\/\/breeam-nor.byggalliansen.no\/v6\/eus-taksonomi-for-baerekraftig-finans-og-breeam-nor\/\"]}]},{\"@type\":\"BreadcrumbList\",\"@id\":\"http:\/\/breeam-nor.byggalliansen.no\/v6\/eus-taksonomi-for-baerekraftig-finans-og-breeam-nor\/#breadcrumb\",\"itemListElement\":[{\"@type\":\"ListItem\",\"position\":1,\"name\":\"BREEAM-NOR\",\"item\":\"https:\/\/breeam-nor.byggalliansen.no\/v6\/\"},{\"@type\":\"ListItem\",\"position\":2,\"name\":\"EUs taksonomi for b\u00e6rekraftig finans og BREEAM-NOR\"}]},{\"@type\":\"WebSite\",\"@id\":\"https:\/\/breeam-nor.byggalliansen.no\/v6\/#website\",\"url\":\"https:\/\/breeam-nor.byggalliansen.no\/v6\/\",\"name\":\"BREEAM-NOR\",\"description\":\"Versjon 6.1.1, 2024\",\"potentialAction\":[{\"@type\":\"SearchAction\",\"target\":{\"@type\":\"EntryPoint\",\"urlTemplate\":\"https:\/\/breeam-nor.byggalliansen.no\/v6\/?s={search_term_string}\"},\"query-input\":{\"@type\":\"PropertyValueSpecification\",\"valueRequired\":true,\"valueName\":\"search_term_string\"}}],\"inLanguage\":\"nb-NO\"}]}<\/script>\n<!-- \/ Yoast SEO plugin. -->","yoast_head_json":{"title":"EUs taksonomi for b\u00e6rekraftig finans og BREEAM-NOR - BREEAM-NOR","robots":{"index":"index","follow":"follow","max-snippet":"max-snippet:-1","max-image-preview":"max-image-preview:large","max-video-preview":"max-video-preview:-1"},"canonical":"http:\/\/breeam-nor.byggalliansen.no\/v6\/eus-taksonomi-for-baerekraftig-finans-og-breeam-nor\/","og_locale":"nb_NO","og_type":"article","og_title":"EUs taksonomi for b\u00e6rekraftig finans og BREEAM-NOR - BREEAM-NOR","og_description":"EUs taksonomi for b\u00e6rekraftig finans skal gi investorer et bedre grunnlag for strategiske investeringsvalg og bidra til et mer transparent marked for b\u00e6rekraftige investeringer. For at en aktivitet skal defineres som b\u00e6rekraftig, m\u00e5 den bidra vesentlig til oppn\u00e5elsen av minst ett av de seks kriteriesettene, og ikke ha betydelig negativ innvirkning p\u00e5 de \u00f8vrige kriteriesettene. [&hellip;]","og_url":"http:\/\/breeam-nor.byggalliansen.no\/v6\/eus-taksonomi-for-baerekraftig-finans-og-breeam-nor\/","og_site_name":"BREEAM-NOR","article_modified_time":"2025-05-23T08:09:26+00:00","twitter_card":"summary_large_image","twitter_misc":{"Ansl. lesetid":"3 minutter"},"schema":{"@context":"https:\/\/schema.org","@graph":[{"@type":"WebPage","@id":"http:\/\/breeam-nor.byggalliansen.no\/v6\/eus-taksonomi-for-baerekraftig-finans-og-breeam-nor\/","url":"http:\/\/breeam-nor.byggalliansen.no\/v6\/eus-taksonomi-for-baerekraftig-finans-og-breeam-nor\/","name":"EUs taksonomi for b\u00e6rekraftig finans og BREEAM-NOR - BREEAM-NOR","isPartOf":{"@id":"https:\/\/breeam-nor.byggalliansen.no\/v6\/#website"},"datePublished":"2025-04-24T13:41:16+00:00","dateModified":"2025-05-23T08:09:26+00:00","breadcrumb":{"@id":"http:\/\/breeam-nor.byggalliansen.no\/v6\/eus-taksonomi-for-baerekraftig-finans-og-breeam-nor\/#breadcrumb"},"inLanguage":"nb-NO","potentialAction":[{"@type":"ReadAction","target":["http:\/\/breeam-nor.byggalliansen.no\/v6\/eus-taksonomi-for-baerekraftig-finans-og-breeam-nor\/"]}]},{"@type":"BreadcrumbList","@id":"http:\/\/breeam-nor.byggalliansen.no\/v6\/eus-taksonomi-for-baerekraftig-finans-og-breeam-nor\/#breadcrumb","itemListElement":[{"@type":"ListItem","position":1,"name":"BREEAM-NOR","item":"https:\/\/breeam-nor.byggalliansen.no\/v6\/"},{"@type":"ListItem","position":2,"name":"EUs taksonomi for b\u00e6rekraftig finans og BREEAM-NOR"}]},{"@type":"WebSite","@id":"https:\/\/breeam-nor.byggalliansen.no\/v6\/#website","url":"https:\/\/breeam-nor.byggalliansen.no\/v6\/","name":"BREEAM-NOR","description":"Versjon 6.1.1, 2024","potentialAction":[{"@type":"SearchAction","target":{"@type":"EntryPoint","urlTemplate":"https:\/\/breeam-nor.byggalliansen.no\/v6\/?s={search_term_string}"},"query-input":{"@type":"PropertyValueSpecification","valueRequired":true,"valueName":"search_term_string"}}],"inLanguage":"nb-NO"}]}},"_links":{"self":[{"href":"https:\/\/breeam-nor.byggalliansen.no\/v6\/wp-json\/wp\/v2\/pages\/4544","targetHints":{"allow":["GET"]}}],"collection":[{"href":"https:\/\/breeam-nor.byggalliansen.no\/v6\/wp-json\/wp\/v2\/pages"}],"about":[{"href":"https:\/\/breeam-nor.byggalliansen.no\/v6\/wp-json\/wp\/v2\/types\/page"}],"author":[{"embeddable":true,"href":"https:\/\/breeam-nor.byggalliansen.no\/v6\/wp-json\/wp\/v2\/users\/5"}],"replies":[{"embeddable":true,"href":"https:\/\/breeam-nor.byggalliansen.no\/v6\/wp-json\/wp\/v2\/comments?post=4544"}],"version-history":[{"count":2,"href":"https:\/\/breeam-nor.byggalliansen.no\/v6\/wp-json\/wp\/v2\/pages\/4544\/revisions"}],"predecessor-version":[{"id":5670,"href":"https:\/\/breeam-nor.byggalliansen.no\/v6\/wp-json\/wp\/v2\/pages\/4544\/revisions\/5670"}],"wp:attachment":[{"href":"https:\/\/breeam-nor.byggalliansen.no\/v6\/wp-json\/wp\/v2\/media?parent=4544"}],"wp:term":[{"taxonomy":"category","embeddable":true,"href":"https:\/\/breeam-nor.byggalliansen.no\/v6\/wp-json\/wp\/v2\/categories?post=4544"},{"taxonomy":"connection","embeddable":true,"href":"https:\/\/breeam-nor.byggalliansen.no\/v6\/wp-json\/wp\/v2\/connection?post=4544"}],"curies":[{"name":"wp","href":"https:\/\/api.w.org\/{rel}","templated":true}]}}