{"id":4549,"date":"2025-04-24T14:25:24","date_gmt":"2025-04-24T14:25:24","guid":{"rendered":"https:\/\/breeam-nor.byggalliansen.no\/v6\/?page_id=4549"},"modified":"2025-06-06T07:14:20","modified_gmt":"2025-06-06T07:14:20","slug":"utarbeidelse-klargjoring-og-gjennomforing-av-idriftsetting","status":"publish","type":"page","link":"https:\/\/breeam-nor.byggalliansen.no\/v6\/kategorier-og-emner\/1-ledelse\/man-04-idriftsetting-og-overlevering\/utarbeidelse-klargjoring-og-gjennomforing-av-idriftsetting\/","title":{"rendered":"Utarbeidelse, klargj\u00f8ring og gjennomf\u00f8ring av idriftsetting"},"content":{"rendered":"\n<ol start=\"5\" class=\"wp-block-list\">\n<li>Kriterium 1\u20134 er oppfylt.<\/li>\n\n\n\n<li>I l\u00f8pet av steg 3 skal tiltakshaver eller hovedentrepren\u00f8r engasjere en <dfn aria-describedby=\"desc-1745504594248-yzudzksrb\" data-definition=\"ITB-ansvarlig\">ITB-ansvarlig<\/dfn> med ansvar iht. NS 3935:2019 Integrerte tekniske bygningsinstallasjoner (ITB) Prosjektering, utf\u00f8relse og idriftsettelse. ITB-ansvarlig skal, som et minimum:\n<ol style=\"list-style-type:lower-alpha\" class=\"wp-block-list\">\n<li><span style=\"font-size: clamp(1rem, 0.9107rem + 0.2857vw, 1.125rem);, sans-serif\">Gjennomf\u00f8re vurderinger av de valgte l\u00f8sningene og systemene og gi anbefalinger knyttet til idriftsetting. <\/span><\/li>\n\n\n\n<li><span style=\"font-size: clamp(1rem, 0.9107rem + 0.2857vw, 1.125rem);, sans-serif\">Gi innspill knyttet til idriftsetting, planlegging av byggeprosessen og installasjonsfasen.<\/span><\/li>\n\n\n\n<li>Vurdere behovet for om prosjektet, basert p\u00e5 kompleksitet, st\u00f8rrelse og entrepriseform, trenger en <dfn aria-describedby=\"desc-1745504671835-0bgqbrw5d\" data-definition=\"RITB-ansvarlig\">RITB-ansvarlig<\/dfn>.<\/li>\n<\/ol>\n<\/li>\n\n\n\n<li>ITB-ansvarlig skal kunne dokumentere at f\u00f8lgende ansvarsomr\u00e5der iht. NS 3935 ivaretas i l\u00f8pet steg 4:\n<ol style=\"list-style-type:lower-alpha\" class=\"wp-block-list\">\n<li><span style=\"font-size: clamp(1rem, 0.9107rem + 0.2857vw, 1.125rem);, sans-serif\">Videre bearbeiding og detaljere plan for idriftsetting og testing (kriterium 1). Den skal vise til en testplan, som omfatter alle relevante tester for tekniske systemer beskrevet i NS6450:2016.<\/span><\/li>\n\n\n\n<li><span style=\"font-size: clamp(1rem, 0.9107rem + 0.2857vw, 1.125rem);, sans-serif\">Utarbeidelse av en grensesnittmatrise (se Metode) og informasjon til alle akt\u00f8rer i prosjektet om deres ansvar i forbindelse med prosjektering, installering, idriftsetting og testing av tekniske anlegg, samt sikre samarbeid mellom alle relevante parter.<\/span><\/li>\n\n\n\n<li>Utarbeidelse av <dfn aria-describedby=\"desc-1745504690442-i62l2gny0\" data-definition=\"Funksjonsbeskrivelse\">funksjonsbeskrivelser<\/dfn> for de ulike tekniske systemene sine tekniske og funksjonelle ytelser. Her kommer kriterium 2 etter enkelt linjeskift mellom dette og forrige kriterium<\/li>\n<\/ol>\n<\/li>\n<\/ol>\n","protected":false},"excerpt":{"rendered":"","protected":false},"author":5,"featured_media":0,"parent":4321,"menu_order":1,"comment_status":"closed","ping_status":"closed","template":"","meta":{"_acf_changed":false,"footnotes":""},"categories":[1],"connection":[64],"class_list":["post-4549","page","type-page","status-publish","hentry","category-kriterier","connection-1-4-2"],"acf":[],"yoast_head":"<!-- This site is optimized with the Yoast SEO plugin v25.4 - https:\/\/yoast.com\/wordpress\/plugins\/seo\/ -->\n<title>Utarbeidelse, klargj\u00f8ring og gjennomf\u00f8ring av idriftsetting - BREEAM-NOR<\/title>\n<meta name=\"robots\" content=\"index, follow, max-snippet:-1, max-image-preview:large, max-video-preview:-1\" \/>\n<link rel=\"canonical\" href=\"https:\/\/breeam-nor.byggalliansen.no\/v6\/kategorier-og-emner\/1-ledelse\/man-04-idriftsetting-og-overlevering\/utarbeidelse-klargjoring-og-gjennomforing-av-idriftsetting\/\" \/>\n<meta property=\"og:locale\" content=\"nb_NO\" \/>\n<meta property=\"og:type\" content=\"article\" \/>\n<meta property=\"og:title\" content=\"Utarbeidelse, klargj\u00f8ring og gjennomf\u00f8ring av idriftsetting - BREEAM-NOR\" \/>\n<meta property=\"og:url\" content=\"https:\/\/breeam-nor.byggalliansen.no\/v6\/kategorier-og-emner\/1-ledelse\/man-04-idriftsetting-og-overlevering\/utarbeidelse-klargjoring-og-gjennomforing-av-idriftsetting\/\" \/>\n<meta property=\"og:site_name\" content=\"BREEAM-NOR\" \/>\n<meta property=\"article:modified_time\" content=\"2025-06-06T07:14:20+00:00\" \/>\n<meta name=\"twitter:card\" content=\"summary_large_image\" \/>\n<meta name=\"twitter:label1\" content=\"Ansl. lesetid\" \/>\n\t<meta name=\"twitter:data1\" content=\"1 minutt\" \/>\n<script type=\"application\/ld+json\" class=\"yoast-schema-graph\">{\"@context\":\"https:\/\/schema.org\",\"@graph\":[{\"@type\":\"WebPage\",\"@id\":\"https:\/\/breeam-nor.byggalliansen.no\/v6\/kategorier-og-emner\/1-ledelse\/man-04-idriftsetting-og-overlevering\/utarbeidelse-klargjoring-og-gjennomforing-av-idriftsetting\/\",\"url\":\"https:\/\/breeam-nor.byggalliansen.no\/v6\/kategorier-og-emner\/1-ledelse\/man-04-idriftsetting-og-overlevering\/utarbeidelse-klargjoring-og-gjennomforing-av-idriftsetting\/\",\"name\":\"Utarbeidelse, klargj\u00f8ring og gjennomf\u00f8ring av idriftsetting - BREEAM-NOR\",\"isPartOf\":{\"@id\":\"https:\/\/breeam-nor.byggalliansen.no\/v6\/#website\"},\"datePublished\":\"2025-04-24T14:25:24+00:00\",\"dateModified\":\"2025-06-06T07:14:20+00:00\",\"breadcrumb\":{\"@id\":\"https:\/\/breeam-nor.byggalliansen.no\/v6\/kategorier-og-emner\/1-ledelse\/man-04-idriftsetting-og-overlevering\/utarbeidelse-klargjoring-og-gjennomforing-av-idriftsetting\/#breadcrumb\"},\"inLanguage\":\"nb-NO\",\"potentialAction\":[{\"@type\":\"ReadAction\",\"target\":[\"https:\/\/breeam-nor.byggalliansen.no\/v6\/kategorier-og-emner\/1-ledelse\/man-04-idriftsetting-og-overlevering\/utarbeidelse-klargjoring-og-gjennomforing-av-idriftsetting\/\"]}]},{\"@type\":\"BreadcrumbList\",\"@id\":\"https:\/\/breeam-nor.byggalliansen.no\/v6\/kategorier-og-emner\/1-ledelse\/man-04-idriftsetting-og-overlevering\/utarbeidelse-klargjoring-og-gjennomforing-av-idriftsetting\/#breadcrumb\",\"itemListElement\":[{\"@type\":\"ListItem\",\"position\":1,\"name\":\"BREEAM-NOR\",\"item\":\"https:\/\/breeam-nor.byggalliansen.no\/v6\/\"},{\"@type\":\"ListItem\",\"position\":2,\"name\":\"Kategorier og emner\",\"item\":\"https:\/\/breeam-nor.byggalliansen.no\/v6\/kategorier-og-emner\/\"},{\"@type\":\"ListItem\",\"position\":3,\"name\":\"Ledelse\",\"item\":\"http:\/\/breeam-nor.byggalliansen.no\/v6\/kategorier-og-emner\/1-ledelse\/\"},{\"@type\":\"ListItem\",\"position\":4,\"name\":\"Man 04 Idriftsetting og overlevering\",\"item\":\"https:\/\/breeam-nor.byggalliansen.no\/v6\/kategorier-og-emner\/1-ledelse\/man-04-idriftsetting-og-overlevering\/\"},{\"@type\":\"ListItem\",\"position\":5,\"name\":\"Utarbeidelse, klargj\u00f8ring og gjennomf\u00f8ring av idriftsetting\"}]},{\"@type\":\"WebSite\",\"@id\":\"https:\/\/breeam-nor.byggalliansen.no\/v6\/#website\",\"url\":\"https:\/\/breeam-nor.byggalliansen.no\/v6\/\",\"name\":\"BREEAM-NOR\",\"description\":\"Versjon 6.1.1, 2024\",\"potentialAction\":[{\"@type\":\"SearchAction\",\"target\":{\"@type\":\"EntryPoint\",\"urlTemplate\":\"https:\/\/breeam-nor.byggalliansen.no\/v6\/?s={search_term_string}\"},\"query-input\":{\"@type\":\"PropertyValueSpecification\",\"valueRequired\":true,\"valueName\":\"search_term_string\"}}],\"inLanguage\":\"nb-NO\"}]}<\/script>\n<!-- \/ Yoast SEO plugin. -->","yoast_head_json":{"title":"Utarbeidelse, klargj\u00f8ring og gjennomf\u00f8ring av idriftsetting - BREEAM-NOR","robots":{"index":"index","follow":"follow","max-snippet":"max-snippet:-1","max-image-preview":"max-image-preview:large","max-video-preview":"max-video-preview:-1"},"canonical":"https:\/\/breeam-nor.byggalliansen.no\/v6\/kategorier-og-emner\/1-ledelse\/man-04-idriftsetting-og-overlevering\/utarbeidelse-klargjoring-og-gjennomforing-av-idriftsetting\/","og_locale":"nb_NO","og_type":"article","og_title":"Utarbeidelse, klargj\u00f8ring og gjennomf\u00f8ring av idriftsetting - BREEAM-NOR","og_url":"https:\/\/breeam-nor.byggalliansen.no\/v6\/kategorier-og-emner\/1-ledelse\/man-04-idriftsetting-og-overlevering\/utarbeidelse-klargjoring-og-gjennomforing-av-idriftsetting\/","og_site_name":"BREEAM-NOR","article_modified_time":"2025-06-06T07:14:20+00:00","twitter_card":"summary_large_image","twitter_misc":{"Ansl. lesetid":"1 minutt"},"schema":{"@context":"https:\/\/schema.org","@graph":[{"@type":"WebPage","@id":"https:\/\/breeam-nor.byggalliansen.no\/v6\/kategorier-og-emner\/1-ledelse\/man-04-idriftsetting-og-overlevering\/utarbeidelse-klargjoring-og-gjennomforing-av-idriftsetting\/","url":"https:\/\/breeam-nor.byggalliansen.no\/v6\/kategorier-og-emner\/1-ledelse\/man-04-idriftsetting-og-overlevering\/utarbeidelse-klargjoring-og-gjennomforing-av-idriftsetting\/","name":"Utarbeidelse, klargj\u00f8ring og gjennomf\u00f8ring av idriftsetting - BREEAM-NOR","isPartOf":{"@id":"https:\/\/breeam-nor.byggalliansen.no\/v6\/#website"},"datePublished":"2025-04-24T14:25:24+00:00","dateModified":"2025-06-06T07:14:20+00:00","breadcrumb":{"@id":"https:\/\/breeam-nor.byggalliansen.no\/v6\/kategorier-og-emner\/1-ledelse\/man-04-idriftsetting-og-overlevering\/utarbeidelse-klargjoring-og-gjennomforing-av-idriftsetting\/#breadcrumb"},"inLanguage":"nb-NO","potentialAction":[{"@type":"ReadAction","target":["https:\/\/breeam-nor.byggalliansen.no\/v6\/kategorier-og-emner\/1-ledelse\/man-04-idriftsetting-og-overlevering\/utarbeidelse-klargjoring-og-gjennomforing-av-idriftsetting\/"]}]},{"@type":"BreadcrumbList","@id":"https:\/\/breeam-nor.byggalliansen.no\/v6\/kategorier-og-emner\/1-ledelse\/man-04-idriftsetting-og-overlevering\/utarbeidelse-klargjoring-og-gjennomforing-av-idriftsetting\/#breadcrumb","itemListElement":[{"@type":"ListItem","position":1,"name":"BREEAM-NOR","item":"https:\/\/breeam-nor.byggalliansen.no\/v6\/"},{"@type":"ListItem","position":2,"name":"Kategorier og emner","item":"https:\/\/breeam-nor.byggalliansen.no\/v6\/kategorier-og-emner\/"},{"@type":"ListItem","position":3,"name":"Ledelse","item":"http:\/\/breeam-nor.byggalliansen.no\/v6\/kategorier-og-emner\/1-ledelse\/"},{"@type":"ListItem","position":4,"name":"Man 04 Idriftsetting og overlevering","item":"https:\/\/breeam-nor.byggalliansen.no\/v6\/kategorier-og-emner\/1-ledelse\/man-04-idriftsetting-og-overlevering\/"},{"@type":"ListItem","position":5,"name":"Utarbeidelse, klargj\u00f8ring og gjennomf\u00f8ring av idriftsetting"}]},{"@type":"WebSite","@id":"https:\/\/breeam-nor.byggalliansen.no\/v6\/#website","url":"https:\/\/breeam-nor.byggalliansen.no\/v6\/","name":"BREEAM-NOR","description":"Versjon 6.1.1, 2024","potentialAction":[{"@type":"SearchAction","target":{"@type":"EntryPoint","urlTemplate":"https:\/\/breeam-nor.byggalliansen.no\/v6\/?s={search_term_string}"},"query-input":{"@type":"PropertyValueSpecification","valueRequired":true,"valueName":"search_term_string"}}],"inLanguage":"nb-NO"}]}},"_links":{"self":[{"href":"https:\/\/breeam-nor.byggalliansen.no\/v6\/wp-json\/wp\/v2\/pages\/4549","targetHints":{"allow":["GET"]}}],"collection":[{"href":"https:\/\/breeam-nor.byggalliansen.no\/v6\/wp-json\/wp\/v2\/pages"}],"about":[{"href":"https:\/\/breeam-nor.byggalliansen.no\/v6\/wp-json\/wp\/v2\/types\/page"}],"author":[{"embeddable":true,"href":"https:\/\/breeam-nor.byggalliansen.no\/v6\/wp-json\/wp\/v2\/users\/5"}],"replies":[{"embeddable":true,"href":"https:\/\/breeam-nor.byggalliansen.no\/v6\/wp-json\/wp\/v2\/comments?post=4549"}],"version-history":[{"count":2,"href":"https:\/\/breeam-nor.byggalliansen.no\/v6\/wp-json\/wp\/v2\/pages\/4549\/revisions"}],"predecessor-version":[{"id":4562,"href":"https:\/\/breeam-nor.byggalliansen.no\/v6\/wp-json\/wp\/v2\/pages\/4549\/revisions\/4562"}],"up":[{"embeddable":true,"href":"https:\/\/breeam-nor.byggalliansen.no\/v6\/wp-json\/wp\/v2\/pages\/4321"}],"wp:attachment":[{"href":"https:\/\/breeam-nor.byggalliansen.no\/v6\/wp-json\/wp\/v2\/media?parent=4549"}],"wp:term":[{"taxonomy":"category","embeddable":true,"href":"https:\/\/breeam-nor.byggalliansen.no\/v6\/wp-json\/wp\/v2\/categories?post=4549"},{"taxonomy":"connection","embeddable":true,"href":"https:\/\/breeam-nor.byggalliansen.no\/v6\/wp-json\/wp\/v2\/connection?post=4549"}],"curies":[{"name":"wp","href":"https:\/\/api.w.org\/{rel}","templated":true}]}}