{"id":4555,"date":"2025-04-24T14:54:45","date_gmt":"2025-04-24T14:54:45","guid":{"rendered":"https:\/\/breeam-nor.byggalliansen.no\/v6\/?page_id=4555"},"modified":"2025-04-24T14:58:05","modified_gmt":"2025-04-24T14:58:05","slug":"sesongmessig-provedrift-alle-bygg-unntatt-boligbygg","status":"publish","type":"page","link":"https:\/\/breeam-nor.byggalliansen.no\/v6\/kategorier-og-emner\/1-ledelse\/man-05-provedrift-og-oppfolging\/sesongmessig-provedrift-alle-bygg-unntatt-boligbygg\/","title":{"rendered":"Sesongmessig pr\u00f8vedrift (alle bygg, unntatt boligbygg)"},"content":{"rendered":"\n<h3 class=\"wp-block-heading\">Sesongmessig pr\u00f8vedrift (alle bygg, unntatt boligbygg)<\/h3>\n\n\n\n<ol start=\"3\" class=\"wp-block-list\">\n<li>Sesongmessig pr\u00f8vedrift utf\u00f8res i samsvar med NS 6450:2016 Idriftsetting og pr\u00f8vedrift av tekniske bygningsinstallasjoner. I l\u00f8pet av en periode p\u00e5 minst 12 m\u00e5neder, og etter at st\u00f8rstedelen av bygningen har blitt tatt i bruk, skal f\u00f8lgende utf\u00f8res:\n<ol style=\"list-style-type:lower-alpha\" class=\"wp-block-list\">\n<li><span style=\"font-size: clamp(1rem, 0.9107rem + 0.2857vw, 1.125rem);, sans-serif\">testing og dokumentasjon av kapasiteten og stabiliteten til alle tekniske installasjoner ved toppbelastning (dvs. varmeanlegg i kaldt vinterv\u00e6r, kj\u00f8le- og ventilasjonsanlegg en varm sommerdag) og ved overgangsfaser (v\u00e5r og h\u00f8st)<\/span><\/li>\n\n\n\n<li><span style=\"font-size: clamp(1rem, 0.9107rem + 0.2857vw, 1.125rem);, sans-serif\">eventuell testing ogs\u00e5 i perioder med ekstremt h\u00f8y eller lav tilstedev\u00e6relse<\/span><\/li>\n\n\n\n<li><span style=\"font-size: clamp(1rem, 0.9107rem + 0.2857vw, 1.125rem);, sans-serif\">fremskaffe tilbakemeldinger fra brukerne i bygget om opplevede problemer eller bekymringer med de tekniske anleggene<\/span><\/li>\n\n\n\n<li>dersom relevant: ny idriftsetting av systemer (med tilh\u00f8rende justeringer som f\u00f8lge av revidert belastning) og oppdatering av eventuelle endrede driftsprosedyrer i FDV-dokumentasjon og bygningsveileder dersom n\u00f8dvendig<\/li>\n<\/ol>\n<\/li>\n<\/ol>\n","protected":false},"excerpt":{"rendered":"<p>Sesongmessig pr\u00f8vedrift (alle bygg, unntatt boligbygg)<\/p>\n","protected":false},"author":5,"featured_media":0,"parent":4322,"menu_order":1,"comment_status":"closed","ping_status":"closed","template":"","meta":{"_acf_changed":false,"footnotes":""},"categories":[],"connection":[348],"class_list":["post-4555","page","type-page","status-publish","hentry","connection-1-5-2"],"acf":[],"yoast_head":"<!-- This site is optimized with the Yoast SEO plugin v25.4 - https:\/\/yoast.com\/wordpress\/plugins\/seo\/ -->\n<title>Sesongmessig pr\u00f8vedrift (alle bygg, unntatt boligbygg) - BREEAM-NOR<\/title>\n<meta name=\"robots\" content=\"index, follow, max-snippet:-1, max-image-preview:large, max-video-preview:-1\" \/>\n<link rel=\"canonical\" href=\"http:\/\/breeam-nor.byggalliansen.no\/v6\/kategorier-og-emner\/1-ledelse\/man-05-provedrift-og-oppfolging\/sesongmessig-provedrift-alle-bygg-unntatt-boligbygg\/\" \/>\n<meta property=\"og:locale\" content=\"nb_NO\" \/>\n<meta property=\"og:type\" content=\"article\" \/>\n<meta property=\"og:title\" content=\"Sesongmessig pr\u00f8vedrift (alle bygg, unntatt boligbygg) - BREEAM-NOR\" \/>\n<meta property=\"og:description\" content=\"Sesongmessig pr\u00f8vedrift (alle bygg, unntatt boligbygg)\" \/>\n<meta property=\"og:url\" content=\"http:\/\/breeam-nor.byggalliansen.no\/v6\/kategorier-og-emner\/1-ledelse\/man-05-provedrift-og-oppfolging\/sesongmessig-provedrift-alle-bygg-unntatt-boligbygg\/\" \/>\n<meta property=\"og:site_name\" content=\"BREEAM-NOR\" \/>\n<meta property=\"article:modified_time\" content=\"2025-04-24T14:58:05+00:00\" \/>\n<meta name=\"twitter:card\" content=\"summary_large_image\" \/>\n<meta name=\"twitter:label1\" content=\"Ansl. lesetid\" \/>\n\t<meta name=\"twitter:data1\" content=\"1 minutt\" \/>\n<script type=\"application\/ld+json\" class=\"yoast-schema-graph\">{\"@context\":\"https:\/\/schema.org\",\"@graph\":[{\"@type\":\"WebPage\",\"@id\":\"http:\/\/breeam-nor.byggalliansen.no\/v6\/kategorier-og-emner\/1-ledelse\/man-05-provedrift-og-oppfolging\/sesongmessig-provedrift-alle-bygg-unntatt-boligbygg\/\",\"url\":\"http:\/\/breeam-nor.byggalliansen.no\/v6\/kategorier-og-emner\/1-ledelse\/man-05-provedrift-og-oppfolging\/sesongmessig-provedrift-alle-bygg-unntatt-boligbygg\/\",\"name\":\"Sesongmessig pr\u00f8vedrift (alle bygg, unntatt boligbygg) - BREEAM-NOR\",\"isPartOf\":{\"@id\":\"https:\/\/breeam-nor.byggalliansen.no\/v6\/#website\"},\"datePublished\":\"2025-04-24T14:54:45+00:00\",\"dateModified\":\"2025-04-24T14:58:05+00:00\",\"breadcrumb\":{\"@id\":\"http:\/\/breeam-nor.byggalliansen.no\/v6\/kategorier-og-emner\/1-ledelse\/man-05-provedrift-og-oppfolging\/sesongmessig-provedrift-alle-bygg-unntatt-boligbygg\/#breadcrumb\"},\"inLanguage\":\"nb-NO\",\"potentialAction\":[{\"@type\":\"ReadAction\",\"target\":[\"http:\/\/breeam-nor.byggalliansen.no\/v6\/kategorier-og-emner\/1-ledelse\/man-05-provedrift-og-oppfolging\/sesongmessig-provedrift-alle-bygg-unntatt-boligbygg\/\"]}]},{\"@type\":\"BreadcrumbList\",\"@id\":\"http:\/\/breeam-nor.byggalliansen.no\/v6\/kategorier-og-emner\/1-ledelse\/man-05-provedrift-og-oppfolging\/sesongmessig-provedrift-alle-bygg-unntatt-boligbygg\/#breadcrumb\",\"itemListElement\":[{\"@type\":\"ListItem\",\"position\":1,\"name\":\"BREEAM-NOR\",\"item\":\"https:\/\/breeam-nor.byggalliansen.no\/v6\/\"},{\"@type\":\"ListItem\",\"position\":2,\"name\":\"Kategorier og emner\",\"item\":\"https:\/\/breeam-nor.byggalliansen.no\/v6\/kategorier-og-emner\/\"},{\"@type\":\"ListItem\",\"position\":3,\"name\":\"Ledelse\",\"item\":\"http:\/\/breeam-nor.byggalliansen.no\/v6\/kategorier-og-emner\/1-ledelse\/\"},{\"@type\":\"ListItem\",\"position\":4,\"name\":\"Man 05 Pr\u00f8vedrift og oppf\u00f8lging\",\"item\":\"https:\/\/breeam-nor.byggalliansen.no\/v6\/kategorier-og-emner\/1-ledelse\/man-05-provedrift-og-oppfolging\/\"},{\"@type\":\"ListItem\",\"position\":5,\"name\":\"Sesongmessig pr\u00f8vedrift (alle bygg, unntatt boligbygg)\"}]},{\"@type\":\"WebSite\",\"@id\":\"https:\/\/breeam-nor.byggalliansen.no\/v6\/#website\",\"url\":\"https:\/\/breeam-nor.byggalliansen.no\/v6\/\",\"name\":\"BREEAM-NOR\",\"description\":\"Versjon 6.1.1, 2024\",\"potentialAction\":[{\"@type\":\"SearchAction\",\"target\":{\"@type\":\"EntryPoint\",\"urlTemplate\":\"https:\/\/breeam-nor.byggalliansen.no\/v6\/?s={search_term_string}\"},\"query-input\":{\"@type\":\"PropertyValueSpecification\",\"valueRequired\":true,\"valueName\":\"search_term_string\"}}],\"inLanguage\":\"nb-NO\"}]}<\/script>\n<!-- \/ Yoast SEO plugin. -->","yoast_head_json":{"title":"Sesongmessig pr\u00f8vedrift (alle bygg, unntatt boligbygg) - BREEAM-NOR","robots":{"index":"index","follow":"follow","max-snippet":"max-snippet:-1","max-image-preview":"max-image-preview:large","max-video-preview":"max-video-preview:-1"},"canonical":"http:\/\/breeam-nor.byggalliansen.no\/v6\/kategorier-og-emner\/1-ledelse\/man-05-provedrift-og-oppfolging\/sesongmessig-provedrift-alle-bygg-unntatt-boligbygg\/","og_locale":"nb_NO","og_type":"article","og_title":"Sesongmessig pr\u00f8vedrift (alle bygg, unntatt boligbygg) - BREEAM-NOR","og_description":"Sesongmessig pr\u00f8vedrift (alle bygg, unntatt boligbygg)","og_url":"http:\/\/breeam-nor.byggalliansen.no\/v6\/kategorier-og-emner\/1-ledelse\/man-05-provedrift-og-oppfolging\/sesongmessig-provedrift-alle-bygg-unntatt-boligbygg\/","og_site_name":"BREEAM-NOR","article_modified_time":"2025-04-24T14:58:05+00:00","twitter_card":"summary_large_image","twitter_misc":{"Ansl. lesetid":"1 minutt"},"schema":{"@context":"https:\/\/schema.org","@graph":[{"@type":"WebPage","@id":"http:\/\/breeam-nor.byggalliansen.no\/v6\/kategorier-og-emner\/1-ledelse\/man-05-provedrift-og-oppfolging\/sesongmessig-provedrift-alle-bygg-unntatt-boligbygg\/","url":"http:\/\/breeam-nor.byggalliansen.no\/v6\/kategorier-og-emner\/1-ledelse\/man-05-provedrift-og-oppfolging\/sesongmessig-provedrift-alle-bygg-unntatt-boligbygg\/","name":"Sesongmessig pr\u00f8vedrift (alle bygg, unntatt boligbygg) - BREEAM-NOR","isPartOf":{"@id":"https:\/\/breeam-nor.byggalliansen.no\/v6\/#website"},"datePublished":"2025-04-24T14:54:45+00:00","dateModified":"2025-04-24T14:58:05+00:00","breadcrumb":{"@id":"http:\/\/breeam-nor.byggalliansen.no\/v6\/kategorier-og-emner\/1-ledelse\/man-05-provedrift-og-oppfolging\/sesongmessig-provedrift-alle-bygg-unntatt-boligbygg\/#breadcrumb"},"inLanguage":"nb-NO","potentialAction":[{"@type":"ReadAction","target":["http:\/\/breeam-nor.byggalliansen.no\/v6\/kategorier-og-emner\/1-ledelse\/man-05-provedrift-og-oppfolging\/sesongmessig-provedrift-alle-bygg-unntatt-boligbygg\/"]}]},{"@type":"BreadcrumbList","@id":"http:\/\/breeam-nor.byggalliansen.no\/v6\/kategorier-og-emner\/1-ledelse\/man-05-provedrift-og-oppfolging\/sesongmessig-provedrift-alle-bygg-unntatt-boligbygg\/#breadcrumb","itemListElement":[{"@type":"ListItem","position":1,"name":"BREEAM-NOR","item":"https:\/\/breeam-nor.byggalliansen.no\/v6\/"},{"@type":"ListItem","position":2,"name":"Kategorier og emner","item":"https:\/\/breeam-nor.byggalliansen.no\/v6\/kategorier-og-emner\/"},{"@type":"ListItem","position":3,"name":"Ledelse","item":"http:\/\/breeam-nor.byggalliansen.no\/v6\/kategorier-og-emner\/1-ledelse\/"},{"@type":"ListItem","position":4,"name":"Man 05 Pr\u00f8vedrift og oppf\u00f8lging","item":"https:\/\/breeam-nor.byggalliansen.no\/v6\/kategorier-og-emner\/1-ledelse\/man-05-provedrift-og-oppfolging\/"},{"@type":"ListItem","position":5,"name":"Sesongmessig pr\u00f8vedrift (alle bygg, unntatt boligbygg)"}]},{"@type":"WebSite","@id":"https:\/\/breeam-nor.byggalliansen.no\/v6\/#website","url":"https:\/\/breeam-nor.byggalliansen.no\/v6\/","name":"BREEAM-NOR","description":"Versjon 6.1.1, 2024","potentialAction":[{"@type":"SearchAction","target":{"@type":"EntryPoint","urlTemplate":"https:\/\/breeam-nor.byggalliansen.no\/v6\/?s={search_term_string}"},"query-input":{"@type":"PropertyValueSpecification","valueRequired":true,"valueName":"search_term_string"}}],"inLanguage":"nb-NO"}]}},"_links":{"self":[{"href":"https:\/\/breeam-nor.byggalliansen.no\/v6\/wp-json\/wp\/v2\/pages\/4555","targetHints":{"allow":["GET"]}}],"collection":[{"href":"https:\/\/breeam-nor.byggalliansen.no\/v6\/wp-json\/wp\/v2\/pages"}],"about":[{"href":"https:\/\/breeam-nor.byggalliansen.no\/v6\/wp-json\/wp\/v2\/types\/page"}],"author":[{"embeddable":true,"href":"https:\/\/breeam-nor.byggalliansen.no\/v6\/wp-json\/wp\/v2\/users\/5"}],"replies":[{"embeddable":true,"href":"https:\/\/breeam-nor.byggalliansen.no\/v6\/wp-json\/wp\/v2\/comments?post=4555"}],"version-history":[{"count":2,"href":"https:\/\/breeam-nor.byggalliansen.no\/v6\/wp-json\/wp\/v2\/pages\/4555\/revisions"}],"predecessor-version":[{"id":4579,"href":"https:\/\/breeam-nor.byggalliansen.no\/v6\/wp-json\/wp\/v2\/pages\/4555\/revisions\/4579"}],"up":[{"embeddable":true,"href":"https:\/\/breeam-nor.byggalliansen.no\/v6\/wp-json\/wp\/v2\/pages\/4322"}],"wp:attachment":[{"href":"https:\/\/breeam-nor.byggalliansen.no\/v6\/wp-json\/wp\/v2\/media?parent=4555"}],"wp:term":[{"taxonomy":"category","embeddable":true,"href":"https:\/\/breeam-nor.byggalliansen.no\/v6\/wp-json\/wp\/v2\/categories?post=4555"},{"taxonomy":"connection","embeddable":true,"href":"https:\/\/breeam-nor.byggalliansen.no\/v6\/wp-json\/wp\/v2\/connection?post=4555"}],"curies":[{"name":"wp","href":"https:\/\/api.w.org\/{rel}","templated":true}]}}