{"id":4557,"date":"2025-04-24T14:57:37","date_gmt":"2025-04-24T14:57:37","guid":{"rendered":"https:\/\/breeam-nor.byggalliansen.no\/v6\/?page_id=4557"},"modified":"2025-06-06T07:14:42","modified_gmt":"2025-06-06T07:14:42","slug":"evaluering-etter-at-bygningen-er-tatt-i-bruk","status":"publish","type":"page","link":"https:\/\/breeam-nor.byggalliansen.no\/v6\/kategorier-og-emner\/1-ledelse\/man-05-provedrift-og-oppfolging\/evaluering-etter-at-bygningen-er-tatt-i-bruk\/","title":{"rendered":"Evaluering etter at bygningen er tatt i bruk"},"content":{"rendered":"\n<ol start=\"5\" class=\"wp-block-list\">\n<li>Tiltakshaver eller bygningsbrukerne forplikter seg til \u00e5 utf\u00f8re en evaluering ett \u00e5r etter innflytting (se Metode). Evalueringen utf\u00f8res av en <dfn aria-describedby=\"desc-1745507010233-yrqn6t92s\" data-definition=\"Uavhengig tredjepart\">uavhengig tredjepart<\/dfn> og omfatter:\n<ol style=\"list-style-type:lower-alpha\" class=\"wp-block-list\">\n<li><span style=\"font-size: clamp(1rem, 0.9107rem + 0.2857vw, 1.125rem);, sans-serif\">en gjennomgang av intensjonene bak bygningens l\u00f8sninger og utforming samt byggeprosess (gjennomgang av prosjektering, innkj\u00f8p, bygging og overlevering)<\/span><\/li>\n\n\n\n<li><span style=\"font-size: clamp(1rem, 0.9107rem + 0.2857vw, 1.125rem);, sans-serif\">tilbakemelding fra et bredt utvalg bygningsbrukere, inkludert driftspersonale, med hensyn til bygningens utforming og milj\u00f8messige forhold, som omfatter:<\/span>\n<ol style=\"list-style-type:lower-roman\" class=\"wp-block-list\">\n<li><span style=\"font-size: clamp(1rem, 0.9107rem + 0.2857vw, 1.125rem);, sans-serif\">innemilj\u00f8 (lys, st\u00f8y, temperatur, luftkvalitet)<\/span><\/li>\n\n\n\n<li><span style=\"font-size: clamp(1rem, 0.9107rem + 0.2857vw, 1.125rem);, sans-serif\">styring, drift og vedlikehold<\/span><\/li>\n\n\n\n<li><span style=\"font-size: clamp(1rem, 0.9107rem + 0.2857vw, 1.125rem);, sans-serif\">installasjoner og servicetilbud<\/span><\/li>\n\n\n\n<li><span style=\"font-size: clamp(1rem, 0.9107rem + 0.2857vw, 1.125rem);, sans-serif\">Adkomst og planl\u00f8sning<\/span><\/li>\n\n\n\n<li><span style=\"font-size: clamp(1rem, 0.9107rem + 0.2857vw, 1.125rem);, sans-serif\">andre relevante temaer<\/span><\/li>\n<\/ol>\n<\/li>\n\n\n\n<li>b\u00e6rekraftig ytelse (energiforbruk, vannforbruk, ytelse av b\u00e6rekraftige funksjoner eller teknologier, f.eks. materialer, fornybar energi og oppsamling av regnvann).<\/li>\n<\/ol>\n<\/li>\n\n\n\n<li>Tiltakshaver eller bygningsbrukerne forplikter seg til \u00e5 formidle relevant informasjon om resultatene (se Metode) fra evalueringen p\u00e5 en hensiktsmessig m\u00e5te (se Metode). Form\u00e5let er \u00e5 dele god praksis og l\u00e6rdom samt opplyse om endringer i brukeratferd, driftsprosesser og -prosedyrer og kontrollsystemer.<\/li>\n<\/ol>\n","protected":false},"excerpt":{"rendered":"","protected":false},"author":5,"featured_media":0,"parent":4322,"menu_order":3,"comment_status":"closed","ping_status":"closed","template":"","meta":{"_acf_changed":false,"footnotes":""},"categories":[1],"connection":[347],"class_list":["post-4557","page","type-page","status-publish","hentry","category-kriterier","connection-1-5-4"],"acf":[],"yoast_head":"<!-- This site is optimized with the Yoast SEO plugin v25.4 - https:\/\/yoast.com\/wordpress\/plugins\/seo\/ -->\n<title>Evaluering etter at bygningen er tatt i bruk - BREEAM-NOR<\/title>\n<meta name=\"robots\" content=\"index, follow, max-snippet:-1, max-image-preview:large, max-video-preview:-1\" \/>\n<link rel=\"canonical\" href=\"https:\/\/breeam-nor.byggalliansen.no\/v6\/kategorier-og-emner\/1-ledelse\/man-05-provedrift-og-oppfolging\/evaluering-etter-at-bygningen-er-tatt-i-bruk\/\" \/>\n<meta property=\"og:locale\" content=\"nb_NO\" \/>\n<meta property=\"og:type\" content=\"article\" \/>\n<meta property=\"og:title\" content=\"Evaluering etter at bygningen er tatt i bruk - BREEAM-NOR\" \/>\n<meta property=\"og:url\" content=\"https:\/\/breeam-nor.byggalliansen.no\/v6\/kategorier-og-emner\/1-ledelse\/man-05-provedrift-og-oppfolging\/evaluering-etter-at-bygningen-er-tatt-i-bruk\/\" \/>\n<meta property=\"og:site_name\" content=\"BREEAM-NOR\" \/>\n<meta property=\"article:modified_time\" content=\"2025-06-06T07:14:42+00:00\" \/>\n<meta name=\"twitter:card\" content=\"summary_large_image\" \/>\n<meta name=\"twitter:label1\" content=\"Ansl. lesetid\" \/>\n\t<meta name=\"twitter:data1\" content=\"1 minutt\" \/>\n<script type=\"application\/ld+json\" class=\"yoast-schema-graph\">{\"@context\":\"https:\/\/schema.org\",\"@graph\":[{\"@type\":\"WebPage\",\"@id\":\"https:\/\/breeam-nor.byggalliansen.no\/v6\/kategorier-og-emner\/1-ledelse\/man-05-provedrift-og-oppfolging\/evaluering-etter-at-bygningen-er-tatt-i-bruk\/\",\"url\":\"https:\/\/breeam-nor.byggalliansen.no\/v6\/kategorier-og-emner\/1-ledelse\/man-05-provedrift-og-oppfolging\/evaluering-etter-at-bygningen-er-tatt-i-bruk\/\",\"name\":\"Evaluering etter at bygningen er tatt i bruk - BREEAM-NOR\",\"isPartOf\":{\"@id\":\"https:\/\/breeam-nor.byggalliansen.no\/v6\/#website\"},\"datePublished\":\"2025-04-24T14:57:37+00:00\",\"dateModified\":\"2025-06-06T07:14:42+00:00\",\"breadcrumb\":{\"@id\":\"https:\/\/breeam-nor.byggalliansen.no\/v6\/kategorier-og-emner\/1-ledelse\/man-05-provedrift-og-oppfolging\/evaluering-etter-at-bygningen-er-tatt-i-bruk\/#breadcrumb\"},\"inLanguage\":\"nb-NO\",\"potentialAction\":[{\"@type\":\"ReadAction\",\"target\":[\"https:\/\/breeam-nor.byggalliansen.no\/v6\/kategorier-og-emner\/1-ledelse\/man-05-provedrift-og-oppfolging\/evaluering-etter-at-bygningen-er-tatt-i-bruk\/\"]}]},{\"@type\":\"BreadcrumbList\",\"@id\":\"https:\/\/breeam-nor.byggalliansen.no\/v6\/kategorier-og-emner\/1-ledelse\/man-05-provedrift-og-oppfolging\/evaluering-etter-at-bygningen-er-tatt-i-bruk\/#breadcrumb\",\"itemListElement\":[{\"@type\":\"ListItem\",\"position\":1,\"name\":\"BREEAM-NOR\",\"item\":\"https:\/\/breeam-nor.byggalliansen.no\/v6\/\"},{\"@type\":\"ListItem\",\"position\":2,\"name\":\"Kategorier og emner\",\"item\":\"https:\/\/breeam-nor.byggalliansen.no\/v6\/kategorier-og-emner\/\"},{\"@type\":\"ListItem\",\"position\":3,\"name\":\"Ledelse\",\"item\":\"http:\/\/breeam-nor.byggalliansen.no\/v6\/kategorier-og-emner\/1-ledelse\/\"},{\"@type\":\"ListItem\",\"position\":4,\"name\":\"Man 05 Pr\u00f8vedrift og oppf\u00f8lging\",\"item\":\"https:\/\/breeam-nor.byggalliansen.no\/v6\/kategorier-og-emner\/1-ledelse\/man-05-provedrift-og-oppfolging\/\"},{\"@type\":\"ListItem\",\"position\":5,\"name\":\"Evaluering etter at bygningen er tatt i bruk\"}]},{\"@type\":\"WebSite\",\"@id\":\"https:\/\/breeam-nor.byggalliansen.no\/v6\/#website\",\"url\":\"https:\/\/breeam-nor.byggalliansen.no\/v6\/\",\"name\":\"BREEAM-NOR\",\"description\":\"Versjon 6.1.1, 2024\",\"potentialAction\":[{\"@type\":\"SearchAction\",\"target\":{\"@type\":\"EntryPoint\",\"urlTemplate\":\"https:\/\/breeam-nor.byggalliansen.no\/v6\/?s={search_term_string}\"},\"query-input\":{\"@type\":\"PropertyValueSpecification\",\"valueRequired\":true,\"valueName\":\"search_term_string\"}}],\"inLanguage\":\"nb-NO\"}]}<\/script>\n<!-- \/ Yoast SEO plugin. -->","yoast_head_json":{"title":"Evaluering etter at bygningen er tatt i bruk - BREEAM-NOR","robots":{"index":"index","follow":"follow","max-snippet":"max-snippet:-1","max-image-preview":"max-image-preview:large","max-video-preview":"max-video-preview:-1"},"canonical":"https:\/\/breeam-nor.byggalliansen.no\/v6\/kategorier-og-emner\/1-ledelse\/man-05-provedrift-og-oppfolging\/evaluering-etter-at-bygningen-er-tatt-i-bruk\/","og_locale":"nb_NO","og_type":"article","og_title":"Evaluering etter at bygningen er tatt i bruk - BREEAM-NOR","og_url":"https:\/\/breeam-nor.byggalliansen.no\/v6\/kategorier-og-emner\/1-ledelse\/man-05-provedrift-og-oppfolging\/evaluering-etter-at-bygningen-er-tatt-i-bruk\/","og_site_name":"BREEAM-NOR","article_modified_time":"2025-06-06T07:14:42+00:00","twitter_card":"summary_large_image","twitter_misc":{"Ansl. lesetid":"1 minutt"},"schema":{"@context":"https:\/\/schema.org","@graph":[{"@type":"WebPage","@id":"https:\/\/breeam-nor.byggalliansen.no\/v6\/kategorier-og-emner\/1-ledelse\/man-05-provedrift-og-oppfolging\/evaluering-etter-at-bygningen-er-tatt-i-bruk\/","url":"https:\/\/breeam-nor.byggalliansen.no\/v6\/kategorier-og-emner\/1-ledelse\/man-05-provedrift-og-oppfolging\/evaluering-etter-at-bygningen-er-tatt-i-bruk\/","name":"Evaluering etter at bygningen er tatt i bruk - BREEAM-NOR","isPartOf":{"@id":"https:\/\/breeam-nor.byggalliansen.no\/v6\/#website"},"datePublished":"2025-04-24T14:57:37+00:00","dateModified":"2025-06-06T07:14:42+00:00","breadcrumb":{"@id":"https:\/\/breeam-nor.byggalliansen.no\/v6\/kategorier-og-emner\/1-ledelse\/man-05-provedrift-og-oppfolging\/evaluering-etter-at-bygningen-er-tatt-i-bruk\/#breadcrumb"},"inLanguage":"nb-NO","potentialAction":[{"@type":"ReadAction","target":["https:\/\/breeam-nor.byggalliansen.no\/v6\/kategorier-og-emner\/1-ledelse\/man-05-provedrift-og-oppfolging\/evaluering-etter-at-bygningen-er-tatt-i-bruk\/"]}]},{"@type":"BreadcrumbList","@id":"https:\/\/breeam-nor.byggalliansen.no\/v6\/kategorier-og-emner\/1-ledelse\/man-05-provedrift-og-oppfolging\/evaluering-etter-at-bygningen-er-tatt-i-bruk\/#breadcrumb","itemListElement":[{"@type":"ListItem","position":1,"name":"BREEAM-NOR","item":"https:\/\/breeam-nor.byggalliansen.no\/v6\/"},{"@type":"ListItem","position":2,"name":"Kategorier og emner","item":"https:\/\/breeam-nor.byggalliansen.no\/v6\/kategorier-og-emner\/"},{"@type":"ListItem","position":3,"name":"Ledelse","item":"http:\/\/breeam-nor.byggalliansen.no\/v6\/kategorier-og-emner\/1-ledelse\/"},{"@type":"ListItem","position":4,"name":"Man 05 Pr\u00f8vedrift og oppf\u00f8lging","item":"https:\/\/breeam-nor.byggalliansen.no\/v6\/kategorier-og-emner\/1-ledelse\/man-05-provedrift-og-oppfolging\/"},{"@type":"ListItem","position":5,"name":"Evaluering etter at bygningen er tatt i bruk"}]},{"@type":"WebSite","@id":"https:\/\/breeam-nor.byggalliansen.no\/v6\/#website","url":"https:\/\/breeam-nor.byggalliansen.no\/v6\/","name":"BREEAM-NOR","description":"Versjon 6.1.1, 2024","potentialAction":[{"@type":"SearchAction","target":{"@type":"EntryPoint","urlTemplate":"https:\/\/breeam-nor.byggalliansen.no\/v6\/?s={search_term_string}"},"query-input":{"@type":"PropertyValueSpecification","valueRequired":true,"valueName":"search_term_string"}}],"inLanguage":"nb-NO"}]}},"_links":{"self":[{"href":"https:\/\/breeam-nor.byggalliansen.no\/v6\/wp-json\/wp\/v2\/pages\/4557","targetHints":{"allow":["GET"]}}],"collection":[{"href":"https:\/\/breeam-nor.byggalliansen.no\/v6\/wp-json\/wp\/v2\/pages"}],"about":[{"href":"https:\/\/breeam-nor.byggalliansen.no\/v6\/wp-json\/wp\/v2\/types\/page"}],"author":[{"embeddable":true,"href":"https:\/\/breeam-nor.byggalliansen.no\/v6\/wp-json\/wp\/v2\/users\/5"}],"replies":[{"embeddable":true,"href":"https:\/\/breeam-nor.byggalliansen.no\/v6\/wp-json\/wp\/v2\/comments?post=4557"}],"version-history":[{"count":3,"href":"https:\/\/breeam-nor.byggalliansen.no\/v6\/wp-json\/wp\/v2\/pages\/4557\/revisions"}],"predecessor-version":[{"id":4586,"href":"https:\/\/breeam-nor.byggalliansen.no\/v6\/wp-json\/wp\/v2\/pages\/4557\/revisions\/4586"}],"up":[{"embeddable":true,"href":"https:\/\/breeam-nor.byggalliansen.no\/v6\/wp-json\/wp\/v2\/pages\/4322"}],"wp:attachment":[{"href":"https:\/\/breeam-nor.byggalliansen.no\/v6\/wp-json\/wp\/v2\/media?parent=4557"}],"wp:term":[{"taxonomy":"category","embeddable":true,"href":"https:\/\/breeam-nor.byggalliansen.no\/v6\/wp-json\/wp\/v2\/categories?post=4557"},{"taxonomy":"connection","embeddable":true,"href":"https:\/\/breeam-nor.byggalliansen.no\/v6\/wp-json\/wp\/v2\/connection?post=4557"}],"curies":[{"name":"wp","href":"https:\/\/api.w.org\/{rel}","templated":true}]}}