{"id":4612,"date":"2025-04-25T07:12:09","date_gmt":"2025-04-25T07:12:09","guid":{"rendered":"https:\/\/breeam-nor.byggalliansen.no\/v6\/?page_id=4612"},"modified":"2025-06-11T08:12:01","modified_gmt":"2025-06-11T08:12:01","slug":"maling-av-inneluftkvalitet-etter-ferdigstillelse","status":"publish","type":"page","link":"https:\/\/breeam-nor.byggalliansen.no\/v6\/kategorier-og-emner\/helse-og-innemiljo\/hea-02-inneluftkvalitet\/maling-av-inneluftkvalitet-etter-ferdigstillelse\/","title":{"rendered":"M\u00e5ling av inneluftkvalitet etter ferdigstillelse"},"content":{"rendered":"\n<ol start=\"6\" class=\"wp-block-list\">\n<li>Konsentrasjonen av formaldehyd (se Metode) m\u00e5les etter oppf\u00f8ring, men f\u00f8r bygget tas i bruk, og er lavere enn 100 \u00b5g\/m<sup>3<\/sup> i gjennomsnitt over 30 minutter (WHO guidelines for indoor air quality: selected pollutants, 2010).<\/li>\n\n\n\n<li>Pr\u00f8vetakingen og analysen av formaldehydkonsentrasjon foretas i samsvar med:\n<ol style=\"list-style-type:lower-alpha\" class=\"wp-block-list\">\n<li>Aktiv pr\u00f8vetakingsmetode: NS-EN ISO 16000-2:2006 Inneluft \u2013 Del 2: Pr\u00f8vetakingsstrategi for formaldehyd (ISO 16000-2:2004) og ISO 16000-3:2011 Indoor air \u2013 Part 3: Determination of formaldehyde and other carbonyl compounds in indoor air and test chamber air \u2013 Active sampling method<br><br>ELLER<\/li>\n\n\n\n<li>Passiv pr\u00f8vetakingsmetode ISO 1600-4:2011 Determination of formaldehyde \u2014 Diffusive sampling method<\/li>\n<\/ol>\n<\/li>\n\n\n\n<li>Konsentrasjonen av totale flyktige organiske forbindelser (TVOC) m\u00e5les etter oppf\u00f8ring (men f\u00f8r bygget tas i bruk) og er lavere enn 500 \u00b5g\/m<sup>3<\/sup> over 8 timer.<\/li>\n\n\n\n<li>TVOC-pr\u00f8vetakingen og analysen skjer i samsvar med\n<ol style=\"list-style-type:lower-alpha\" class=\"wp-block-list\">\n<li>aktiv pr\u00f8vetakingsmetode: NS-EN ISO 16000-5:2007 Luftunders\u00f8kelse i inneluft \u2013 Del 5: M\u00e5lestrategi for flyktige organiske forbindelser (VOC) (ISO 16000-5:2007) og ISO 16000-6:2021 Indoor air \u2014 Part 6: Determination of organic compounds (VVOC, VOC, SVOC) in indoor and test chamber air by active sampling on sorbent tubes, thermal desorption and gas chromatography using MS or MS FID<br><br>ELLER<\/li>\n\n\n\n<li>aktiv pr\u00f8vetakingsmetode: NS-EN ISO 16017-1:2000 Inneluft, uteluft og arbeidsplassluft \u2013 Pr\u00f8vetaking og analyse av flyktige organiske forbindelser basert p\u00e5 adsorpsjon, termisk desorpsjon og kapillar gasskromatografi \u2013 Del 1: Aktiv pr\u00f8vetaking (ISO 16017-1:2000).<br><br>ELLER<\/li>\n\n\n\n<li>passiv pr\u00f8vetaking: NS-EN ISO 16017-2:2003 Inneluft, uteluft og arbeidsplassluft \u2013 Pr\u00f8vetaking og analyse av flyktige organiske forbindelser basert p\u00e5 adsorpsjon, termisk desorpsjon og kapillar gasskromatografi \u2013 Del 2: Diffusjonspr\u00f8vetaking (ISO 16017-2:2003)<\/li>\n<\/ol>\n<\/li>\n\n\n\n<li>Dersom m\u00e5lte konsentrasjoner overskrider grenseverdiene, m\u00e5 prosjektgruppen bekrefte tiltakene som er satt i verk, eller vil settes i verk, i samsvar med planen for inneluftkvalitet for \u00e5 redusere konsentrasjoner av TVOC og formaldehyd til niv\u00e5er under de angitte grenseverdiene.<\/li>\n\n\n\n<li>Den m\u00e5lte konsentrasjonen av formaldehyd (\u00b5g\/m<sup>3<\/sup>) og TVOC (\u00b5g\/m<sup>3<\/sup>) rapporteres via BREEAM-NOR revisorrapporten. Plan for inneluftkvalitet m\u00e5 oppdateres med m\u00e5lte verdier og hvorvidt utbedrende tiltak er iverksatt.<\/li>\n<\/ol>\n\n\n\n<p><\/p>\n","protected":false},"excerpt":{"rendered":"","protected":false},"author":5,"featured_media":0,"parent":4324,"menu_order":3,"comment_status":"closed","ping_status":"closed","template":"","meta":{"_acf_changed":false,"footnotes":""},"categories":[1],"connection":[154],"class_list":["post-4612","page","type-page","status-publish","hentry","category-kriterier","connection-2-2-4"],"acf":[],"yoast_head":"<!-- This site is optimized with the Yoast SEO plugin v25.4 - https:\/\/yoast.com\/wordpress\/plugins\/seo\/ -->\n<title>M\u00e5ling av inneluftkvalitet etter ferdigstillelse - BREEAM-NOR<\/title>\n<meta name=\"robots\" content=\"index, follow, max-snippet:-1, max-image-preview:large, max-video-preview:-1\" \/>\n<link rel=\"canonical\" href=\"https:\/\/breeam-nor.byggalliansen.no\/v6\/kategorier-og-emner\/helse-og-innemiljo\/hea-02-inneluftkvalitet\/maling-av-inneluftkvalitet-etter-ferdigstillelse\/\" \/>\n<meta property=\"og:locale\" content=\"nb_NO\" \/>\n<meta property=\"og:type\" content=\"article\" \/>\n<meta property=\"og:title\" content=\"M\u00e5ling av inneluftkvalitet etter ferdigstillelse - BREEAM-NOR\" \/>\n<meta property=\"og:url\" content=\"https:\/\/breeam-nor.byggalliansen.no\/v6\/kategorier-og-emner\/helse-og-innemiljo\/hea-02-inneluftkvalitet\/maling-av-inneluftkvalitet-etter-ferdigstillelse\/\" \/>\n<meta property=\"og:site_name\" content=\"BREEAM-NOR\" \/>\n<meta property=\"article:modified_time\" content=\"2025-06-11T08:12:01+00:00\" \/>\n<meta name=\"twitter:card\" content=\"summary_large_image\" \/>\n<meta name=\"twitter:label1\" content=\"Ansl. lesetid\" \/>\n\t<meta name=\"twitter:data1\" content=\"2 minutter\" \/>\n<script type=\"application\/ld+json\" class=\"yoast-schema-graph\">{\"@context\":\"https:\/\/schema.org\",\"@graph\":[{\"@type\":\"WebPage\",\"@id\":\"https:\/\/breeam-nor.byggalliansen.no\/v6\/kategorier-og-emner\/helse-og-innemiljo\/hea-02-inneluftkvalitet\/maling-av-inneluftkvalitet-etter-ferdigstillelse\/\",\"url\":\"https:\/\/breeam-nor.byggalliansen.no\/v6\/kategorier-og-emner\/helse-og-innemiljo\/hea-02-inneluftkvalitet\/maling-av-inneluftkvalitet-etter-ferdigstillelse\/\",\"name\":\"M\u00e5ling av inneluftkvalitet etter ferdigstillelse - BREEAM-NOR\",\"isPartOf\":{\"@id\":\"https:\/\/breeam-nor.byggalliansen.no\/v6\/#website\"},\"datePublished\":\"2025-04-25T07:12:09+00:00\",\"dateModified\":\"2025-06-11T08:12:01+00:00\",\"breadcrumb\":{\"@id\":\"https:\/\/breeam-nor.byggalliansen.no\/v6\/kategorier-og-emner\/helse-og-innemiljo\/hea-02-inneluftkvalitet\/maling-av-inneluftkvalitet-etter-ferdigstillelse\/#breadcrumb\"},\"inLanguage\":\"nb-NO\",\"potentialAction\":[{\"@type\":\"ReadAction\",\"target\":[\"https:\/\/breeam-nor.byggalliansen.no\/v6\/kategorier-og-emner\/helse-og-innemiljo\/hea-02-inneluftkvalitet\/maling-av-inneluftkvalitet-etter-ferdigstillelse\/\"]}]},{\"@type\":\"BreadcrumbList\",\"@id\":\"https:\/\/breeam-nor.byggalliansen.no\/v6\/kategorier-og-emner\/helse-og-innemiljo\/hea-02-inneluftkvalitet\/maling-av-inneluftkvalitet-etter-ferdigstillelse\/#breadcrumb\",\"itemListElement\":[{\"@type\":\"ListItem\",\"position\":1,\"name\":\"BREEAM-NOR\",\"item\":\"https:\/\/breeam-nor.byggalliansen.no\/v6\/\"},{\"@type\":\"ListItem\",\"position\":2,\"name\":\"Kategorier og emner\",\"item\":\"https:\/\/breeam-nor.byggalliansen.no\/v6\/kategorier-og-emner\/\"},{\"@type\":\"ListItem\",\"position\":3,\"name\":\"Helse og innemilj\u00f8\",\"item\":\"https:\/\/breeam-nor.byggalliansen.no\/v6\/kategorier-og-emner\/helse-og-innemiljo\/\"},{\"@type\":\"ListItem\",\"position\":4,\"name\":\"Hea 02 Inneluftkvalitet\",\"item\":\"http:\/\/breeam-nor.byggalliansen.no\/v6\/kategorier-og-emner\/helse-og-innemiljo\/hea-02-inneluftkvalitet\/\"},{\"@type\":\"ListItem\",\"position\":5,\"name\":\"M\u00e5ling av inneluftkvalitet etter ferdigstillelse\"}]},{\"@type\":\"WebSite\",\"@id\":\"https:\/\/breeam-nor.byggalliansen.no\/v6\/#website\",\"url\":\"https:\/\/breeam-nor.byggalliansen.no\/v6\/\",\"name\":\"BREEAM-NOR\",\"description\":\"Versjon 6.1.1, 2024\",\"potentialAction\":[{\"@type\":\"SearchAction\",\"target\":{\"@type\":\"EntryPoint\",\"urlTemplate\":\"https:\/\/breeam-nor.byggalliansen.no\/v6\/?s={search_term_string}\"},\"query-input\":{\"@type\":\"PropertyValueSpecification\",\"valueRequired\":true,\"valueName\":\"search_term_string\"}}],\"inLanguage\":\"nb-NO\"}]}<\/script>\n<!-- \/ Yoast SEO plugin. -->","yoast_head_json":{"title":"M\u00e5ling av inneluftkvalitet etter ferdigstillelse - BREEAM-NOR","robots":{"index":"index","follow":"follow","max-snippet":"max-snippet:-1","max-image-preview":"max-image-preview:large","max-video-preview":"max-video-preview:-1"},"canonical":"https:\/\/breeam-nor.byggalliansen.no\/v6\/kategorier-og-emner\/helse-og-innemiljo\/hea-02-inneluftkvalitet\/maling-av-inneluftkvalitet-etter-ferdigstillelse\/","og_locale":"nb_NO","og_type":"article","og_title":"M\u00e5ling av inneluftkvalitet etter ferdigstillelse - BREEAM-NOR","og_url":"https:\/\/breeam-nor.byggalliansen.no\/v6\/kategorier-og-emner\/helse-og-innemiljo\/hea-02-inneluftkvalitet\/maling-av-inneluftkvalitet-etter-ferdigstillelse\/","og_site_name":"BREEAM-NOR","article_modified_time":"2025-06-11T08:12:01+00:00","twitter_card":"summary_large_image","twitter_misc":{"Ansl. lesetid":"2 minutter"},"schema":{"@context":"https:\/\/schema.org","@graph":[{"@type":"WebPage","@id":"https:\/\/breeam-nor.byggalliansen.no\/v6\/kategorier-og-emner\/helse-og-innemiljo\/hea-02-inneluftkvalitet\/maling-av-inneluftkvalitet-etter-ferdigstillelse\/","url":"https:\/\/breeam-nor.byggalliansen.no\/v6\/kategorier-og-emner\/helse-og-innemiljo\/hea-02-inneluftkvalitet\/maling-av-inneluftkvalitet-etter-ferdigstillelse\/","name":"M\u00e5ling av inneluftkvalitet etter ferdigstillelse - BREEAM-NOR","isPartOf":{"@id":"https:\/\/breeam-nor.byggalliansen.no\/v6\/#website"},"datePublished":"2025-04-25T07:12:09+00:00","dateModified":"2025-06-11T08:12:01+00:00","breadcrumb":{"@id":"https:\/\/breeam-nor.byggalliansen.no\/v6\/kategorier-og-emner\/helse-og-innemiljo\/hea-02-inneluftkvalitet\/maling-av-inneluftkvalitet-etter-ferdigstillelse\/#breadcrumb"},"inLanguage":"nb-NO","potentialAction":[{"@type":"ReadAction","target":["https:\/\/breeam-nor.byggalliansen.no\/v6\/kategorier-og-emner\/helse-og-innemiljo\/hea-02-inneluftkvalitet\/maling-av-inneluftkvalitet-etter-ferdigstillelse\/"]}]},{"@type":"BreadcrumbList","@id":"https:\/\/breeam-nor.byggalliansen.no\/v6\/kategorier-og-emner\/helse-og-innemiljo\/hea-02-inneluftkvalitet\/maling-av-inneluftkvalitet-etter-ferdigstillelse\/#breadcrumb","itemListElement":[{"@type":"ListItem","position":1,"name":"BREEAM-NOR","item":"https:\/\/breeam-nor.byggalliansen.no\/v6\/"},{"@type":"ListItem","position":2,"name":"Kategorier og emner","item":"https:\/\/breeam-nor.byggalliansen.no\/v6\/kategorier-og-emner\/"},{"@type":"ListItem","position":3,"name":"Helse og innemilj\u00f8","item":"https:\/\/breeam-nor.byggalliansen.no\/v6\/kategorier-og-emner\/helse-og-innemiljo\/"},{"@type":"ListItem","position":4,"name":"Hea 02 Inneluftkvalitet","item":"http:\/\/breeam-nor.byggalliansen.no\/v6\/kategorier-og-emner\/helse-og-innemiljo\/hea-02-inneluftkvalitet\/"},{"@type":"ListItem","position":5,"name":"M\u00e5ling av inneluftkvalitet etter ferdigstillelse"}]},{"@type":"WebSite","@id":"https:\/\/breeam-nor.byggalliansen.no\/v6\/#website","url":"https:\/\/breeam-nor.byggalliansen.no\/v6\/","name":"BREEAM-NOR","description":"Versjon 6.1.1, 2024","potentialAction":[{"@type":"SearchAction","target":{"@type":"EntryPoint","urlTemplate":"https:\/\/breeam-nor.byggalliansen.no\/v6\/?s={search_term_string}"},"query-input":{"@type":"PropertyValueSpecification","valueRequired":true,"valueName":"search_term_string"}}],"inLanguage":"nb-NO"}]}},"_links":{"self":[{"href":"https:\/\/breeam-nor.byggalliansen.no\/v6\/wp-json\/wp\/v2\/pages\/4612","targetHints":{"allow":["GET"]}}],"collection":[{"href":"https:\/\/breeam-nor.byggalliansen.no\/v6\/wp-json\/wp\/v2\/pages"}],"about":[{"href":"https:\/\/breeam-nor.byggalliansen.no\/v6\/wp-json\/wp\/v2\/types\/page"}],"author":[{"embeddable":true,"href":"https:\/\/breeam-nor.byggalliansen.no\/v6\/wp-json\/wp\/v2\/users\/5"}],"replies":[{"embeddable":true,"href":"https:\/\/breeam-nor.byggalliansen.no\/v6\/wp-json\/wp\/v2\/comments?post=4612"}],"version-history":[{"count":3,"href":"https:\/\/breeam-nor.byggalliansen.no\/v6\/wp-json\/wp\/v2\/pages\/4612\/revisions"}],"predecessor-version":[{"id":5768,"href":"https:\/\/breeam-nor.byggalliansen.no\/v6\/wp-json\/wp\/v2\/pages\/4612\/revisions\/5768"}],"up":[{"embeddable":true,"href":"https:\/\/breeam-nor.byggalliansen.no\/v6\/wp-json\/wp\/v2\/pages\/4324"}],"wp:attachment":[{"href":"https:\/\/breeam-nor.byggalliansen.no\/v6\/wp-json\/wp\/v2\/media?parent=4612"}],"wp:term":[{"taxonomy":"category","embeddable":true,"href":"https:\/\/breeam-nor.byggalliansen.no\/v6\/wp-json\/wp\/v2\/categories?post=4612"},{"taxonomy":"connection","embeddable":true,"href":"https:\/\/breeam-nor.byggalliansen.no\/v6\/wp-json\/wp\/v2\/connection?post=4612"}],"curies":[{"name":"wp","href":"https:\/\/api.w.org\/{rel}","templated":true}]}}