{"id":4698,"date":"2025-05-02T11:54:44","date_gmt":"2025-05-02T11:54:44","guid":{"rendered":"https:\/\/breeam-nor.byggalliansen.no\/v6\/?page_id=4698"},"modified":"2025-08-19T07:10:17","modified_gmt":"2025-08-19T07:10:17","slug":"mat-01-baerekraftige-materialvalg-lca-og-klimagassberegninger","status":"publish","type":"page","link":"https:\/\/breeam-nor.byggalliansen.no\/v6\/kategorier-og-emner\/materialer\/mat-01-baerekraftige-materialvalg-lca-og-klimagassberegninger\/","title":{"rendered":"Mat 01 B\u00e6rekraftige materialvalg \u2013 LCA og klimagassberegninger\u00a0"},"content":{"rendered":"\n<figure class=\"wp-block-table is-style-core-borders\"><table class=\"has-fixed-layout\"><tbody><tr><td colspan=\"5\"><strong>Minstekrav<\/strong><\/td><\/tr><tr><td>Pass<\/td><td>Good<\/td><td>Very Good<\/td><td>Excellent<\/td><td>Outstanding<\/td><\/tr><tr><td>Krit. 1\u20132<br><\/td><td>Krit. 1\u20132<br><\/td><td>Krit. 1\u20132 <br>Krit. 3 (1 poeng)<\/td><td>Krit. 1\u20132 <br>Krit. 3 (1 poeng)<\/td><td>Krit. 1\u20132 <br>Krit. 3 (2 poeng)<\/td><\/tr><\/tbody><\/table><\/figure>\n\n\n    <div class=\"core-block-faq\">\n        <div class=\"core-block-faq-header\">\n            <h2> <\/h2>\n        <\/div>\n        <div class=\"core-block-faq-container\">\n                                <div class=\"faq-panel\">\n                            <h3>\n                                <button id=\"accordian-block_cf6e9da54e281d032709e23bd4113c13-1\" aria-expanded=\"false\" aria-controls=\"sec-block_cf6e9da54e281d032709e23bd4113c13-1\">\n                                    <span>Form\u00e5l<\/span>\n                                    <em class=\"zmdi zmdi-chevron-down\"><\/em>\n                                <\/button>\n                            <\/h3>\n                            <div id=\"sec-block_cf6e9da54e281d032709e23bd4113c13-1\" class=\"faq-panel-content\" role=\"region\" aria-labelledby=\"accordian-block_cf6e9da54e281d032709e23bd4113c13-1\">\n                                <div class=\"faq-panel-text\">\n                                    <p>Anerkjenne og oppfordre til bruk av byggematerialer med lav milj\u00f8- og klimap\u00e5virkning gjennom hele byggets livsl\u00f8p.<\/p>\n                                <\/div>\n                            <\/div>        \n                        <\/div> \n                                                <div class=\"faq-panel\">\n                            <h3>\n                                <button id=\"accordian-block_cf6e9da54e281d032709e23bd4113c13-2\" aria-expanded=\"false\" aria-controls=\"sec-block_cf6e9da54e281d032709e23bd4113c13-2\">\n                                    <span>Innredet\/uinnredet bygg<\/span>\n                                    <em class=\"zmdi zmdi-chevron-down\"><\/em>\n                                <\/button>\n                            <\/h3>\n                            <div id=\"sec-block_cf6e9da54e281d032709e23bd4113c13-2\" class=\"faq-panel-content\" role=\"region\" aria-labelledby=\"accordian-block_cf6e9da54e281d032709e23bd4113c13-2\">\n                                <div class=\"faq-panel-text\">\n                                    <p><!-- wp:table {\"className\":\"is-style-core-borders\"} --><\/p>\n<figure class=\"wp-block-table is-style-core-borders\">\n<table class=\"has-fixed-layout\">\n<tbody>\n<tr>\n<td><\/td>\n<td><strong>Innredet<\/strong><\/td>\n<td><strong>Uinnredet<\/strong><\/td>\n<td><strong>R\u00e5bygg<\/strong><\/td>\n<\/tr>\n<tr>\n<td>Gjeldende vurderingskriterier<\/td>\n<td>Alle<\/td>\n<td>Alle<\/td>\n<td>Alle<\/td>\n<\/tr>\n<tr>\n<td>S\u00e6rskilte notater<\/td>\n<td>Ingen<\/td>\n<td>Se 1.0<br \/>\nSe Vedlegg D<\/td>\n<td>Se 1.0<br \/>\nSe Vedlegg D<\/td>\n<\/tr>\n<\/tbody>\n<\/table>\n<\/figure>\n<p><!-- \/wp:table --><\/p>\n<p><!-- wp:table {\"className\":\"is-style-core-borders\"} --><\/p>\n<figure class=\"wp-block-table is-style-core-borders\">\n<table class=\"has-fixed-layout\">\n<tbody>\n<tr>\n<td colspan=\"2\"><strong>Notater for innredet\/uinnredet bygg<\/strong><\/td>\n<\/tr>\n<tr>\n<td>1.0<\/td>\n<td>Uinnredet bygg og r\u00e5bygg vil potensielt ikke ha installert alle bygningsdeler som er inkludert i beregningen av referanseverdier oppgitt i tabell Mat 01-03. For \u00e5 f\u00e5 korrekt sammenligningsgrunnlag i prosentvis reduksjon av klimagassutslipp, skal justerte referanseverdier benyttes dersom bygningsdeler beskrevet i metode ikke er installert. Justert referanseverdi kan f\u00e5s fra Gr\u00f8nn Byggallianse p\u00e5 foresp\u00f8rsel fra revisor.<\/p>\n<p>Prosjektet skal bruke referanseverdiene i Tabell Mat 01-03 for bygningens innredede arealer og de justerte referanseverdiene for bygningens uinnredede-\/ r\u00e5byggsarealer.<\/td>\n<\/tr>\n<\/tbody>\n<\/table>\n<\/figure>\n<p><!-- \/wp:table --><\/p>\n                                <\/div>\n                            <\/div>        \n                        <\/div> \n                                                <div class=\"faq-panel\">\n                            <h3>\n                                <button id=\"accordian-block_cf6e9da54e281d032709e23bd4113c13-3\" aria-expanded=\"false\" aria-controls=\"sec-block_cf6e9da54e281d032709e23bd4113c13-3\">\n                                    <span>Spesielt for bygningstype<\/span>\n                                    <em class=\"zmdi zmdi-chevron-down\"><\/em>\n                                <\/button>\n                            <\/h3>\n                            <div id=\"sec-block_cf6e9da54e281d032709e23bd4113c13-3\" class=\"faq-panel-content\" role=\"region\" aria-labelledby=\"accordian-block_cf6e9da54e281d032709e23bd4113c13-3\">\n                                <div class=\"faq-panel-text\">\n                                    <p><!-- wp:table {\"className\":\"is-style-core-borders\"} --><\/p>\n<figure class=\"wp-block-table is-style-core-borders\">\n<table class=\"has-fixed-layout\">\n<tbody>\n<tr>\n<td colspan=\"2\"><strong>Notater for bygningstype<\/strong><\/td>\n<\/tr>\n<tr>\n<td>2.0<\/td>\n<td>Se metode for bygningsspesifikke referanseverdier (kgCO<sub>2<\/sub> ekv.\/BTA m2 \u00e5r)<\/td>\n<\/tr>\n<\/tbody>\n<\/table>\n<\/figure>\n<p><!-- \/wp:table --><\/p>\n                                <\/div>\n                            <\/div>        \n                        <\/div> \n                                <\/div>\n    <\/div>\n\n\n\n<p><\/p>\n","protected":false},"excerpt":{"rendered":"<p>Anerkjenne og oppfordre til bruk av byggematerialer med lav milj\u00f8- og klimap\u00e5virkning gjennom hele byggets livsl\u00f8p.<\/p>\n","protected":false},"author":6,"featured_media":0,"parent":4105,"menu_order":0,"comment_status":"closed","ping_status":"closed","template":"page-portaltable.php","meta":{"_acf_changed":false,"footnotes":""},"categories":[],"connection":[355],"class_list":["post-4698","page","type-page","status-publish","hentry","connection-6-1"],"acf":[],"yoast_head":"<!-- This site is optimized with the Yoast SEO plugin v25.4 - https:\/\/yoast.com\/wordpress\/plugins\/seo\/ -->\n<title>Mat 01 B\u00e6rekraftige materialvalg \u2013 LCA og klimagassberegninger\u00a0 - BREEAM-NOR<\/title>\n<meta name=\"robots\" content=\"index, follow, max-snippet:-1, max-image-preview:large, max-video-preview:-1\" \/>\n<link rel=\"canonical\" href=\"https:\/\/breeam-nor.byggalliansen.no\/v6\/kategorier-og-emner\/materialer\/mat-01-baerekraftige-materialvalg-lca-og-klimagassberegninger\/\" \/>\n<meta property=\"og:locale\" content=\"nb_NO\" \/>\n<meta property=\"og:type\" content=\"article\" \/>\n<meta property=\"og:title\" content=\"Mat 01 B\u00e6rekraftige materialvalg \u2013 LCA og klimagassberegninger\u00a0 - BREEAM-NOR\" \/>\n<meta property=\"og:description\" content=\"Anerkjenne og oppfordre til bruk av byggematerialer med lav milj\u00f8- og klimap\u00e5virkning gjennom hele byggets livsl\u00f8p.\" \/>\n<meta property=\"og:url\" content=\"https:\/\/breeam-nor.byggalliansen.no\/v6\/kategorier-og-emner\/materialer\/mat-01-baerekraftige-materialvalg-lca-og-klimagassberegninger\/\" \/>\n<meta property=\"og:site_name\" content=\"BREEAM-NOR\" \/>\n<meta property=\"article:modified_time\" content=\"2025-08-19T07:10:17+00:00\" \/>\n<meta name=\"twitter:card\" content=\"summary_large_image\" \/>\n<meta name=\"twitter:label1\" content=\"Ansl. lesetid\" \/>\n\t<meta name=\"twitter:data1\" content=\"1 minutt\" \/>\n<script type=\"application\/ld+json\" class=\"yoast-schema-graph\">{\"@context\":\"https:\/\/schema.org\",\"@graph\":[{\"@type\":\"WebPage\",\"@id\":\"https:\/\/breeam-nor.byggalliansen.no\/v6\/kategorier-og-emner\/materialer\/mat-01-baerekraftige-materialvalg-lca-og-klimagassberegninger\/\",\"url\":\"https:\/\/breeam-nor.byggalliansen.no\/v6\/kategorier-og-emner\/materialer\/mat-01-baerekraftige-materialvalg-lca-og-klimagassberegninger\/\",\"name\":\"Mat 01 B\u00e6rekraftige materialvalg \u2013 LCA og klimagassberegninger\u00a0 - BREEAM-NOR\",\"isPartOf\":{\"@id\":\"https:\/\/breeam-nor.byggalliansen.no\/v6\/#website\"},\"datePublished\":\"2025-05-02T11:54:44+00:00\",\"dateModified\":\"2025-08-19T07:10:17+00:00\",\"breadcrumb\":{\"@id\":\"https:\/\/breeam-nor.byggalliansen.no\/v6\/kategorier-og-emner\/materialer\/mat-01-baerekraftige-materialvalg-lca-og-klimagassberegninger\/#breadcrumb\"},\"inLanguage\":\"nb-NO\",\"potentialAction\":[{\"@type\":\"ReadAction\",\"target\":[\"https:\/\/breeam-nor.byggalliansen.no\/v6\/kategorier-og-emner\/materialer\/mat-01-baerekraftige-materialvalg-lca-og-klimagassberegninger\/\"]}]},{\"@type\":\"BreadcrumbList\",\"@id\":\"https:\/\/breeam-nor.byggalliansen.no\/v6\/kategorier-og-emner\/materialer\/mat-01-baerekraftige-materialvalg-lca-og-klimagassberegninger\/#breadcrumb\",\"itemListElement\":[{\"@type\":\"ListItem\",\"position\":1,\"name\":\"BREEAM-NOR\",\"item\":\"https:\/\/breeam-nor.byggalliansen.no\/v6\/\"},{\"@type\":\"ListItem\",\"position\":2,\"name\":\"Kategorier og emner\",\"item\":\"https:\/\/breeam-nor.byggalliansen.no\/v6\/kategorier-og-emner\/\"},{\"@type\":\"ListItem\",\"position\":3,\"name\":\"Materialer\",\"item\":\"https:\/\/breeam-nor.byggalliansen.no\/v6\/kategorier-og-emner\/materialer\/\"},{\"@type\":\"ListItem\",\"position\":4,\"name\":\"Mat 01 B\u00e6rekraftige materialvalg \u2013 LCA og klimagassberegninger\u00a0\"}]},{\"@type\":\"WebSite\",\"@id\":\"https:\/\/breeam-nor.byggalliansen.no\/v6\/#website\",\"url\":\"https:\/\/breeam-nor.byggalliansen.no\/v6\/\",\"name\":\"BREEAM-NOR\",\"description\":\"Versjon 6.1.1, 2024\",\"potentialAction\":[{\"@type\":\"SearchAction\",\"target\":{\"@type\":\"EntryPoint\",\"urlTemplate\":\"https:\/\/breeam-nor.byggalliansen.no\/v6\/?s={search_term_string}\"},\"query-input\":{\"@type\":\"PropertyValueSpecification\",\"valueRequired\":true,\"valueName\":\"search_term_string\"}}],\"inLanguage\":\"nb-NO\"}]}<\/script>\n<!-- \/ Yoast SEO plugin. -->","yoast_head_json":{"title":"Mat 01 B\u00e6rekraftige materialvalg \u2013 LCA og klimagassberegninger\u00a0 - BREEAM-NOR","robots":{"index":"index","follow":"follow","max-snippet":"max-snippet:-1","max-image-preview":"max-image-preview:large","max-video-preview":"max-video-preview:-1"},"canonical":"https:\/\/breeam-nor.byggalliansen.no\/v6\/kategorier-og-emner\/materialer\/mat-01-baerekraftige-materialvalg-lca-og-klimagassberegninger\/","og_locale":"nb_NO","og_type":"article","og_title":"Mat 01 B\u00e6rekraftige materialvalg \u2013 LCA og klimagassberegninger\u00a0 - BREEAM-NOR","og_description":"Anerkjenne og oppfordre til bruk av byggematerialer med lav milj\u00f8- og klimap\u00e5virkning gjennom hele byggets livsl\u00f8p.","og_url":"https:\/\/breeam-nor.byggalliansen.no\/v6\/kategorier-og-emner\/materialer\/mat-01-baerekraftige-materialvalg-lca-og-klimagassberegninger\/","og_site_name":"BREEAM-NOR","article_modified_time":"2025-08-19T07:10:17+00:00","twitter_card":"summary_large_image","twitter_misc":{"Ansl. lesetid":"1 minutt"},"schema":{"@context":"https:\/\/schema.org","@graph":[{"@type":"WebPage","@id":"https:\/\/breeam-nor.byggalliansen.no\/v6\/kategorier-og-emner\/materialer\/mat-01-baerekraftige-materialvalg-lca-og-klimagassberegninger\/","url":"https:\/\/breeam-nor.byggalliansen.no\/v6\/kategorier-og-emner\/materialer\/mat-01-baerekraftige-materialvalg-lca-og-klimagassberegninger\/","name":"Mat 01 B\u00e6rekraftige materialvalg \u2013 LCA og klimagassberegninger\u00a0 - BREEAM-NOR","isPartOf":{"@id":"https:\/\/breeam-nor.byggalliansen.no\/v6\/#website"},"datePublished":"2025-05-02T11:54:44+00:00","dateModified":"2025-08-19T07:10:17+00:00","breadcrumb":{"@id":"https:\/\/breeam-nor.byggalliansen.no\/v6\/kategorier-og-emner\/materialer\/mat-01-baerekraftige-materialvalg-lca-og-klimagassberegninger\/#breadcrumb"},"inLanguage":"nb-NO","potentialAction":[{"@type":"ReadAction","target":["https:\/\/breeam-nor.byggalliansen.no\/v6\/kategorier-og-emner\/materialer\/mat-01-baerekraftige-materialvalg-lca-og-klimagassberegninger\/"]}]},{"@type":"BreadcrumbList","@id":"https:\/\/breeam-nor.byggalliansen.no\/v6\/kategorier-og-emner\/materialer\/mat-01-baerekraftige-materialvalg-lca-og-klimagassberegninger\/#breadcrumb","itemListElement":[{"@type":"ListItem","position":1,"name":"BREEAM-NOR","item":"https:\/\/breeam-nor.byggalliansen.no\/v6\/"},{"@type":"ListItem","position":2,"name":"Kategorier og emner","item":"https:\/\/breeam-nor.byggalliansen.no\/v6\/kategorier-og-emner\/"},{"@type":"ListItem","position":3,"name":"Materialer","item":"https:\/\/breeam-nor.byggalliansen.no\/v6\/kategorier-og-emner\/materialer\/"},{"@type":"ListItem","position":4,"name":"Mat 01 B\u00e6rekraftige materialvalg \u2013 LCA og klimagassberegninger\u00a0"}]},{"@type":"WebSite","@id":"https:\/\/breeam-nor.byggalliansen.no\/v6\/#website","url":"https:\/\/breeam-nor.byggalliansen.no\/v6\/","name":"BREEAM-NOR","description":"Versjon 6.1.1, 2024","potentialAction":[{"@type":"SearchAction","target":{"@type":"EntryPoint","urlTemplate":"https:\/\/breeam-nor.byggalliansen.no\/v6\/?s={search_term_string}"},"query-input":{"@type":"PropertyValueSpecification","valueRequired":true,"valueName":"search_term_string"}}],"inLanguage":"nb-NO"}]}},"_links":{"self":[{"href":"https:\/\/breeam-nor.byggalliansen.no\/v6\/wp-json\/wp\/v2\/pages\/4698","targetHints":{"allow":["GET"]}}],"collection":[{"href":"https:\/\/breeam-nor.byggalliansen.no\/v6\/wp-json\/wp\/v2\/pages"}],"about":[{"href":"https:\/\/breeam-nor.byggalliansen.no\/v6\/wp-json\/wp\/v2\/types\/page"}],"author":[{"embeddable":true,"href":"https:\/\/breeam-nor.byggalliansen.no\/v6\/wp-json\/wp\/v2\/users\/6"}],"replies":[{"embeddable":true,"href":"https:\/\/breeam-nor.byggalliansen.no\/v6\/wp-json\/wp\/v2\/comments?post=4698"}],"version-history":[{"count":3,"href":"https:\/\/breeam-nor.byggalliansen.no\/v6\/wp-json\/wp\/v2\/pages\/4698\/revisions"}],"predecessor-version":[{"id":6003,"href":"https:\/\/breeam-nor.byggalliansen.no\/v6\/wp-json\/wp\/v2\/pages\/4698\/revisions\/6003"}],"up":[{"embeddable":true,"href":"https:\/\/breeam-nor.byggalliansen.no\/v6\/wp-json\/wp\/v2\/pages\/4105"}],"wp:attachment":[{"href":"https:\/\/breeam-nor.byggalliansen.no\/v6\/wp-json\/wp\/v2\/media?parent=4698"}],"wp:term":[{"taxonomy":"category","embeddable":true,"href":"https:\/\/breeam-nor.byggalliansen.no\/v6\/wp-json\/wp\/v2\/categories?post=4698"},{"taxonomy":"connection","embeddable":true,"href":"https:\/\/breeam-nor.byggalliansen.no\/v6\/wp-json\/wp\/v2\/connection?post=4698"}],"curies":[{"name":"wp","href":"https:\/\/api.w.org\/{rel}","templated":true}]}}