{"id":4746,"date":"2025-04-29T13:04:03","date_gmt":"2025-04-29T13:04:03","guid":{"rendered":"https:\/\/breeam-nor.byggalliansen.no\/v6\/?page_id=4746"},"modified":"2025-08-14T14:07:39","modified_gmt":"2025-08-14T14:07:39","slug":"wat-01-vannforbruk","status":"publish","type":"page","link":"https:\/\/breeam-nor.byggalliansen.no\/v6\/kategorier-og-emner\/vann\/wat-01-vannforbruk\/","title":{"rendered":"Wat 01 Vannforbruk\u00a0"},"content":{"rendered":"\n<figure class=\"wp-block-table is-style-core-borders\"><table class=\"has-fixed-layout\"><tbody><tr><td colspan=\"5\"><strong>Minstekrav<\/strong>&nbsp;<\/td><\/tr><tr><td>Pass<\/td><td>Good&nbsp;<\/td><td>Very Good&nbsp;<\/td><td>Excellent&nbsp;<\/td><td>Outstanding&nbsp;<\/td><\/tr><tr><td>\u2013&nbsp;<br><\/td><td>\u2013&nbsp;<br><\/td><td>\u2013&nbsp;<br><\/td><td>Krit. 1\u20133&nbsp;<br>(2 poeng)&nbsp;<\/td><td>Krit. 1\u20133&nbsp;<br>(2 poeng)&nbsp;<\/td><\/tr><\/tbody><\/table><\/figure>\n\n\n    <div class=\"core-block-faq\">\n        <div class=\"core-block-faq-header\">\n            <h2> <\/h2>\n        <\/div>\n        <div class=\"core-block-faq-container\">\n                                <div class=\"faq-panel\">\n                            <h3>\n                                <button id=\"accordian-block_92cd6f4f035f454715a20894fbfe9847-1\" aria-expanded=\"false\" aria-controls=\"sec-block_92cd6f4f035f454715a20894fbfe9847-1\">\n                                    <span>Form\u00e5l<\/span>\n                                    <em class=\"zmdi zmdi-chevron-down\"><\/em>\n                                <\/button>\n                            <\/h3>\n                            <div id=\"sec-block_92cd6f4f035f454715a20894fbfe9847-1\" class=\"faq-panel-content\" role=\"region\" aria-labelledby=\"accordian-block_92cd6f4f035f454715a20894fbfe9847-1\">\n                                <div class=\"faq-panel-text\">\n                                    <p>Redusere forbruket av <dfn aria-describedby=\"desc-1745931579913-ca75swfkt\" data-definition=\"Drikkevann\">drikkevann<\/dfn> til sanit\u00e6rform\u00e5l i bygg gjennom bruk av vanneffektive komponenter og systemer for gjenvinning av vann.<\/p>\n                                <\/div>\n                            <\/div>        \n                        <\/div> \n                                                <div class=\"faq-panel\">\n                            <h3>\n                                <button id=\"accordian-block_92cd6f4f035f454715a20894fbfe9847-2\" aria-expanded=\"false\" aria-controls=\"sec-block_92cd6f4f035f454715a20894fbfe9847-2\">\n                                    <span>Innredet\/uinnredet bygg<\/span>\n                                    <em class=\"zmdi zmdi-chevron-down\"><\/em>\n                                <\/button>\n                            <\/h3>\n                            <div id=\"sec-block_92cd6f4f035f454715a20894fbfe9847-2\" class=\"faq-panel-content\" role=\"region\" aria-labelledby=\"accordian-block_92cd6f4f035f454715a20894fbfe9847-2\">\n                                <div class=\"faq-panel-text\">\n                                    <p><!-- wp:heading {\"level\":3} --><\/p>\n<h3 class=\"wp-block-heading\">Innredet\/uinnredet bygg<\/h3>\n<p><!-- \/wp:heading --> <!-- wp:table {\"className\":\"is-style-core-borders\"} --><\/p>\n<figure class=\"wp-block-table is-style-core-borders\">\n<table class=\"has-fixed-layout\">\n<tbody>\n<tr>\n<td><\/td>\n<td><strong>Innredet<\/strong><\/td>\n<td><strong>Uinnredet<\/strong><\/td>\n<td><strong>R\u00e5bygg<\/strong><\/td>\n<\/tr>\n<tr>\n<td>Gjeldende vurderingskriterier<\/td>\n<td>Alle<\/td>\n<td>Alle<\/td>\n<td>Alle<\/td>\n<\/tr>\n<tr>\n<td>S\u00e6rskilte notater<\/td>\n<td>Ingen<\/td>\n<td>Se ref. 1.0 og 1.1<br \/>\nSe Vedlegg D<\/td>\n<td>Se ref. 1.2<br \/>\nSe Vedlegg D<\/td>\n<\/tr>\n<\/tbody>\n<\/table>\n<\/figure>\n<figure class=\"wp-block-table is-style-core-borders\">\n<table class=\"has-fixed-layout\">\n<tbody>\n<tr>\n<td colspan=\"2\"><strong>Notater for innredet\/uinnredet bygg<\/strong><\/td>\n<\/tr>\n<tr>\n<td>1.0<\/td>\n<td>Komponenter som skal tas med som et minimum:<br \/>\n&#8211; toaletter<br \/>\n&#8211; h\u00e5ndvaskkraner<br \/>\n&#8211; dusjer<br \/>\n&#8211; urinaler<br \/>\n&#8211; kj\u00f8kkenkraner: tekj\u00f8kkenDersom noen av disse ikke installeres av tiltakshaver, brukes referanseverdiene for eventuelle ukjente komponenter.Alle vannforbrukende komponenter og <dfn aria-describedby=\"desc-1745931671882-5mgtzl5w7\" data-definition=\"Gr\u00e5vannsystem\">gr\u00e5vann<\/dfn>-\/<dfn aria-describedby=\"desc-1745931703993-i4pcot3b2\" data-definition=\"Regnvannsystem\">regnvannsystemer<\/dfn> som utbyggeren har spesifisert og installert, skal vurderes.Komponenter som ikke er p\u00e5 listen ovenfor og som er plassert innenfor leietakerens arealer, som ikke er innredet av utvikleren, skal ikke vurderes. Dersom brukeren er kjent og vedkommende forplikter seg til \u00e5 spesifisere og installere spesifikke vannforbrukende komponenter, vurderes de etter relevant informasjon i henhold til kriteriene.<\/td>\n<\/tr>\n<tr>\n<td>1.1<\/td>\n<td>For komponenter som ikke er spesifisert og installert av tiltakshaver (dvs. at det ikke er en del av tiltakshavers leveranse i prosjektet, og vil bli levert som en del av innredningsarbeidene senere) kan en gr\u00f8nn innredningsavtale (se vedlegg D) som er kontraktsmessig p\u00e5lagt av leietakerne i deres innredningsarbeider benyttes til dokumentasjon for oppfyllelse av kriteriene 1-3. Denne regelen gjelder kun for de omr\u00e5der av bygget som omfattes av avtalen om gr\u00f8nn innredning.<\/td>\n<\/tr>\n<tr>\n<td>1.2<\/td>\n<td>Wat 01 er ikke tilgjengelig for r\u00e5bygg. Ingen poeng er tilgjengelige<\/td>\n<\/tr>\n<\/tbody>\n<\/table>\n<\/figure>\n<p><!-- \/wp:table --> <!-- wp:heading {\"level\":3} --><\/p>\n<p>&nbsp;<!-- \/wp:heading --><\/p>\n                                <\/div>\n                            <\/div>        \n                        <\/div> \n                                                <div class=\"faq-panel\">\n                            <h3>\n                                <button id=\"accordian-block_92cd6f4f035f454715a20894fbfe9847-3\" aria-expanded=\"false\" aria-controls=\"sec-block_92cd6f4f035f454715a20894fbfe9847-3\">\n                                    <span>Spesielt for bygningstype<\/span>\n                                    <em class=\"zmdi zmdi-chevron-down\"><\/em>\n                                <\/button>\n                            <\/h3>\n                            <div id=\"sec-block_92cd6f4f035f454715a20894fbfe9847-3\" class=\"faq-panel-content\" role=\"region\" aria-labelledby=\"accordian-block_92cd6f4f035f454715a20894fbfe9847-3\">\n                                <div class=\"faq-panel-text\">\n                                    <figure id=\"block-f9e92772-23d9-4b30-bd84-116e703d4fb3\" class=\"block-editor-block-list__block wp-block is-style-core-borders is-style-core-borders-f9e92772-23d9-4b30-bd84-116e703d4fb3 wp-block-table is-hovered\" role=\"document\" aria-label=\"Blokk: Tabell\" data-block=\"f9e92772-23d9-4b30-bd84-116e703d4fb3\" data-type=\"core\/table\" data-title=\"Tabell\"><!-- wp:heading {\"level\":3} --><br \/>\n<!-- \/wp:heading --><\/p>\n<table class=\"has-fixed-layout\">\n<tbody>\n<tr>\n<td class=\"wp-block-table__cell-content\" colspan=\"2\">\n<div class=\"block-editor-rich-text__editable rich-text\" role=\"textbox\" aria-label=\"Tekst for hovedcelle\"><strong>Notater for bygningstype<\/strong><\/div>\n<\/td>\n<\/tr>\n<tr>\n<td class=\"wp-block-table__cell-content\">\n<div class=\"block-editor-rich-text__editable rich-text\" role=\"textbox\" aria-label=\"Tekst for hovedcelle\">2.0\u00a0<br data-rich-text-line-break=\"true\" \/><br data-rich-text-line-break=\"true\" \/><br data-rich-text-line-break=\"true\" \/><br data-rich-text-line-break=\"true\" \/><br data-rich-text-line-break=\"true\" \/><br data-rich-text-line-break=\"true\" \/><br data-rich-text-line-break=\"true\" \/><br data-rich-text-line-break=\"true\" \/><\/div>\n<\/td>\n<td class=\"wp-block-table__cell-content\">\n<div class=\"block-editor-rich-text__editable rich-text\" role=\"textbox\" aria-label=\"Tekst for hovedcelle\"><strong>Helsebygg:<\/strong>\u00a0<br data-rich-text-line-break=\"true\" \/>Utstyr i <dfn aria-describedby=\"desc-1745931796020-g8mxbms36\" data-definition=\"Kliniske omr\u00e5der\">kliniske omr\u00e5der<\/dfn> kan utelates.\u00a0\u00a0\u00a0<br data-rich-text-line-break=\"true\" \/><br data-rich-text-line-break=\"true\" \/>Bruk av vannbesparende armaturer og utstyr vil ikke alltid v\u00e6re egnet for pasientenes behov. Uegnet spesifisering kan ha negative konsekvenser for forekomsten og spredningen av infeksjoner. I slike tilfeller m\u00e5 revisoren f\u00e5 bekreftet fra Gr\u00f8nn Byggallianse at komponenter fra de relevante bygningsomr\u00e5dene kan unntas. Prosjekteringsgruppen skal ogs\u00e5 f\u00f8lge Folkehelseinstituttets retningslinjer om riktig valg av sanit\u00e6rutstyr og legionellakontroll. <a href=\"https:\/\/www.fhi.no\/ss\/veiledere\/legionellaveilederen\/?term=\" target=\"_blank\" rel=\"noreferrer noopener\">Legionellaveilederen &#8211; FHI<\/a><\/div>\n<\/td>\n<\/tr>\n<tr>\n<td class=\"wp-block-table__cell-content\">\n<div class=\"block-editor-rich-text__editable rich-text\" role=\"textbox\" aria-label=\"Tekst for hovedcelle\">2.1\u00a0<br data-rich-text-line-break=\"true\" \/><br data-rich-text-line-break=\"true\" \/><br data-rich-text-line-break=\"true\" \/><br data-rich-text-line-break=\"true\" \/><\/div>\n<\/td>\n<td class=\"wp-block-table__cell-content\">\n<div class=\"block-editor-rich-text__editable rich-text\" role=\"textbox\" aria-label=\"Tekst for hovedcelle\"><strong>Helsebygg:<\/strong>\u00a0<br data-rich-text-line-break=\"true\" \/>I tilfeller der ingen av vannkomponentene og -armaturene kan vurderes p\u00e5 grunnlag av kliniske krav, gjelder ikke minstekravet.\u00a0\u00a0<br data-rich-text-line-break=\"true\" \/><br data-rich-text-line-break=\"true\" \/>Spesialistassisterte bad i omsorgsboliger eller lignende spesialistinstallasjoner kan ekskluderes fra vurderingen.<\/div>\n<\/td>\n<\/tr>\n<tr>\n<td class=\"wp-block-table__cell-content\">\n<div class=\"block-editor-rich-text__editable rich-text\" role=\"textbox\" aria-label=\"Tekst for hovedcelle\">2.2\u00a0<br data-rich-text-line-break=\"true\" \/><br data-rich-text-line-break=\"true\" \/><br data-rich-text-line-break=\"true\" \/><br data-rich-text-line-break=\"true\" \/><\/div>\n<\/td>\n<td class=\"wp-block-table__cell-content\">\n<div class=\"block-editor-rich-text__editable rich-text\" role=\"textbox\" aria-label=\"Tekst for hovedcelle\"><strong>Tilbygg:<\/strong>\u00a0<br data-rich-text-line-break=\"true\" \/>Dersom tilbygget ikke inneholder noen av de aktuelle komponentene, skal beregningen av vannforbruk gj\u00f8res med utgangspunkt i utstyret som finnes i et tilst\u00f8tende bygg som er tilgjengelig for brukerne av bygningen som vurderes, dvs. installasjonene som sannsynligvis blir benyttet av brukere og bes\u00f8kende i den vurderte bygningen.<\/div>\n<\/td>\n<\/tr>\n<tr>\n<td class=\"wp-block-table__cell-content\">\n<div class=\"block-editor-rich-text__editable rich-text\" role=\"textbox\" aria-label=\"Tekst for hovedcelle\">2.3\u00a0<br data-rich-text-line-break=\"true\" \/><br data-rich-text-line-break=\"true\" \/><br data-rich-text-line-break=\"true\" \/><br data-rich-text-line-break=\"true\" \/><br data-rich-text-line-break=\"true\" \/><\/div>\n<\/td>\n<td class=\"wp-block-table__cell-content\">\n<div class=\"block-editor-rich-text__editable rich-text\" role=\"textbox\" aria-label=\"Tekst for hovedcelle\"><strong>Boliger:<\/strong>\u00a0<br data-rich-text-line-break=\"true\" \/>Benytt \u00abOther Building\u00bb for byggtype i Wat 01-kalkulatoren.\u00a0\u00a0<br data-rich-text-line-break=\"true\" \/>Dersom tiltakshaver ikke spesifiserer eller installerer alle relevante komponenter eller systemer: Se notat 1.0. Merk at minstekravet gjelder.\u00a0\u00a0<br data-rich-text-line-break=\"true\" \/><br data-rich-text-line-break=\"true\" \/>Dersom beboeren installerer alle sine egne komponenter eller systemer, kan prosjektet ikke tildeles poeng og minstekravet er ikke relevant. Emnet filtreres ikke ut.<\/div>\n<\/td>\n<\/tr>\n<\/tbody>\n<\/table>\n<\/figure>\n                                <\/div>\n                            <\/div>        \n                        <\/div> \n                                <\/div>\n    <\/div>\n\n\n\n<p><\/p>\n","protected":false},"excerpt":{"rendered":"<p>Redusere forbruket av drikkevann til sanit\u00e6rform\u00e5l i bygg gjennom bruk av vanneffektive komponenter og systemer for gjenvinning av vann.\u00a0<\/p>\n","protected":false},"author":5,"featured_media":0,"parent":4103,"menu_order":0,"comment_status":"closed","ping_status":"closed","template":"page-portaltable.php","meta":{"_acf_changed":false,"footnotes":""},"categories":[],"connection":[],"class_list":["post-4746","page","type-page","status-publish","hentry"],"acf":[],"yoast_head":"<!-- This site is optimized with the Yoast SEO plugin v25.4 - https:\/\/yoast.com\/wordpress\/plugins\/seo\/ -->\n<title>Wat 01 Vannforbruk\u00a0 - BREEAM-NOR<\/title>\n<meta name=\"robots\" content=\"index, follow, max-snippet:-1, max-image-preview:large, max-video-preview:-1\" \/>\n<link rel=\"canonical\" href=\"http:\/\/breeam-nor.byggalliansen.no\/v6\/kategorier-og-emner\/vann\/wat-01-vannforbruk\/\" \/>\n<meta property=\"og:locale\" content=\"nb_NO\" \/>\n<meta property=\"og:type\" content=\"article\" \/>\n<meta property=\"og:title\" content=\"Wat 01 Vannforbruk\u00a0 - BREEAM-NOR\" \/>\n<meta property=\"og:description\" content=\"Redusere forbruket av drikkevann til sanit\u00e6rform\u00e5l i bygg gjennom bruk av vanneffektive komponenter og systemer for gjenvinning av vann.\u00a0\" \/>\n<meta property=\"og:url\" content=\"http:\/\/breeam-nor.byggalliansen.no\/v6\/kategorier-og-emner\/vann\/wat-01-vannforbruk\/\" \/>\n<meta property=\"og:site_name\" content=\"BREEAM-NOR\" \/>\n<meta property=\"article:modified_time\" content=\"2025-08-14T14:07:39+00:00\" \/>\n<meta name=\"twitter:card\" content=\"summary_large_image\" \/>\n<meta name=\"twitter:label1\" content=\"Ansl. lesetid\" \/>\n\t<meta name=\"twitter:data1\" content=\"1 minutt\" \/>\n<script type=\"application\/ld+json\" class=\"yoast-schema-graph\">{\"@context\":\"https:\/\/schema.org\",\"@graph\":[{\"@type\":\"WebPage\",\"@id\":\"http:\/\/breeam-nor.byggalliansen.no\/v6\/kategorier-og-emner\/vann\/wat-01-vannforbruk\/\",\"url\":\"http:\/\/breeam-nor.byggalliansen.no\/v6\/kategorier-og-emner\/vann\/wat-01-vannforbruk\/\",\"name\":\"Wat 01 Vannforbruk\u00a0 - BREEAM-NOR\",\"isPartOf\":{\"@id\":\"https:\/\/breeam-nor.byggalliansen.no\/v6\/#website\"},\"datePublished\":\"2025-04-29T13:04:03+00:00\",\"dateModified\":\"2025-08-14T14:07:39+00:00\",\"breadcrumb\":{\"@id\":\"http:\/\/breeam-nor.byggalliansen.no\/v6\/kategorier-og-emner\/vann\/wat-01-vannforbruk\/#breadcrumb\"},\"inLanguage\":\"nb-NO\",\"potentialAction\":[{\"@type\":\"ReadAction\",\"target\":[\"http:\/\/breeam-nor.byggalliansen.no\/v6\/kategorier-og-emner\/vann\/wat-01-vannforbruk\/\"]}]},{\"@type\":\"BreadcrumbList\",\"@id\":\"http:\/\/breeam-nor.byggalliansen.no\/v6\/kategorier-og-emner\/vann\/wat-01-vannforbruk\/#breadcrumb\",\"itemListElement\":[{\"@type\":\"ListItem\",\"position\":1,\"name\":\"BREEAM-NOR\",\"item\":\"https:\/\/breeam-nor.byggalliansen.no\/v6\/\"},{\"@type\":\"ListItem\",\"position\":2,\"name\":\"Kategorier og emner\",\"item\":\"https:\/\/breeam-nor.byggalliansen.no\/v6\/kategorier-og-emner\/\"},{\"@type\":\"ListItem\",\"position\":3,\"name\":\"Vann\",\"item\":\"http:\/\/breeam-nor.byggalliansen.no\/v6\/kategorier-og-emner\/vann\/\"},{\"@type\":\"ListItem\",\"position\":4,\"name\":\"Wat 01 Vannforbruk\u00a0\"}]},{\"@type\":\"WebSite\",\"@id\":\"https:\/\/breeam-nor.byggalliansen.no\/v6\/#website\",\"url\":\"https:\/\/breeam-nor.byggalliansen.no\/v6\/\",\"name\":\"BREEAM-NOR\",\"description\":\"Versjon 6.1.1, 2024\",\"potentialAction\":[{\"@type\":\"SearchAction\",\"target\":{\"@type\":\"EntryPoint\",\"urlTemplate\":\"https:\/\/breeam-nor.byggalliansen.no\/v6\/?s={search_term_string}\"},\"query-input\":{\"@type\":\"PropertyValueSpecification\",\"valueRequired\":true,\"valueName\":\"search_term_string\"}}],\"inLanguage\":\"nb-NO\"}]}<\/script>\n<!-- \/ Yoast SEO plugin. -->","yoast_head_json":{"title":"Wat 01 Vannforbruk\u00a0 - BREEAM-NOR","robots":{"index":"index","follow":"follow","max-snippet":"max-snippet:-1","max-image-preview":"max-image-preview:large","max-video-preview":"max-video-preview:-1"},"canonical":"http:\/\/breeam-nor.byggalliansen.no\/v6\/kategorier-og-emner\/vann\/wat-01-vannforbruk\/","og_locale":"nb_NO","og_type":"article","og_title":"Wat 01 Vannforbruk\u00a0 - BREEAM-NOR","og_description":"Redusere forbruket av drikkevann til sanit\u00e6rform\u00e5l i bygg gjennom bruk av vanneffektive komponenter og systemer for gjenvinning av vann.\u00a0","og_url":"http:\/\/breeam-nor.byggalliansen.no\/v6\/kategorier-og-emner\/vann\/wat-01-vannforbruk\/","og_site_name":"BREEAM-NOR","article_modified_time":"2025-08-14T14:07:39+00:00","twitter_card":"summary_large_image","twitter_misc":{"Ansl. lesetid":"1 minutt"},"schema":{"@context":"https:\/\/schema.org","@graph":[{"@type":"WebPage","@id":"http:\/\/breeam-nor.byggalliansen.no\/v6\/kategorier-og-emner\/vann\/wat-01-vannforbruk\/","url":"http:\/\/breeam-nor.byggalliansen.no\/v6\/kategorier-og-emner\/vann\/wat-01-vannforbruk\/","name":"Wat 01 Vannforbruk\u00a0 - BREEAM-NOR","isPartOf":{"@id":"https:\/\/breeam-nor.byggalliansen.no\/v6\/#website"},"datePublished":"2025-04-29T13:04:03+00:00","dateModified":"2025-08-14T14:07:39+00:00","breadcrumb":{"@id":"http:\/\/breeam-nor.byggalliansen.no\/v6\/kategorier-og-emner\/vann\/wat-01-vannforbruk\/#breadcrumb"},"inLanguage":"nb-NO","potentialAction":[{"@type":"ReadAction","target":["http:\/\/breeam-nor.byggalliansen.no\/v6\/kategorier-og-emner\/vann\/wat-01-vannforbruk\/"]}]},{"@type":"BreadcrumbList","@id":"http:\/\/breeam-nor.byggalliansen.no\/v6\/kategorier-og-emner\/vann\/wat-01-vannforbruk\/#breadcrumb","itemListElement":[{"@type":"ListItem","position":1,"name":"BREEAM-NOR","item":"https:\/\/breeam-nor.byggalliansen.no\/v6\/"},{"@type":"ListItem","position":2,"name":"Kategorier og emner","item":"https:\/\/breeam-nor.byggalliansen.no\/v6\/kategorier-og-emner\/"},{"@type":"ListItem","position":3,"name":"Vann","item":"http:\/\/breeam-nor.byggalliansen.no\/v6\/kategorier-og-emner\/vann\/"},{"@type":"ListItem","position":4,"name":"Wat 01 Vannforbruk\u00a0"}]},{"@type":"WebSite","@id":"https:\/\/breeam-nor.byggalliansen.no\/v6\/#website","url":"https:\/\/breeam-nor.byggalliansen.no\/v6\/","name":"BREEAM-NOR","description":"Versjon 6.1.1, 2024","potentialAction":[{"@type":"SearchAction","target":{"@type":"EntryPoint","urlTemplate":"https:\/\/breeam-nor.byggalliansen.no\/v6\/?s={search_term_string}"},"query-input":{"@type":"PropertyValueSpecification","valueRequired":true,"valueName":"search_term_string"}}],"inLanguage":"nb-NO"}]}},"_links":{"self":[{"href":"https:\/\/breeam-nor.byggalliansen.no\/v6\/wp-json\/wp\/v2\/pages\/4746","targetHints":{"allow":["GET"]}}],"collection":[{"href":"https:\/\/breeam-nor.byggalliansen.no\/v6\/wp-json\/wp\/v2\/pages"}],"about":[{"href":"https:\/\/breeam-nor.byggalliansen.no\/v6\/wp-json\/wp\/v2\/types\/page"}],"author":[{"embeddable":true,"href":"https:\/\/breeam-nor.byggalliansen.no\/v6\/wp-json\/wp\/v2\/users\/5"}],"replies":[{"embeddable":true,"href":"https:\/\/breeam-nor.byggalliansen.no\/v6\/wp-json\/wp\/v2\/comments?post=4746"}],"version-history":[{"count":3,"href":"https:\/\/breeam-nor.byggalliansen.no\/v6\/wp-json\/wp\/v2\/pages\/4746\/revisions"}],"predecessor-version":[{"id":5970,"href":"https:\/\/breeam-nor.byggalliansen.no\/v6\/wp-json\/wp\/v2\/pages\/4746\/revisions\/5970"}],"up":[{"embeddable":true,"href":"https:\/\/breeam-nor.byggalliansen.no\/v6\/wp-json\/wp\/v2\/pages\/4103"}],"wp:attachment":[{"href":"https:\/\/breeam-nor.byggalliansen.no\/v6\/wp-json\/wp\/v2\/media?parent=4746"}],"wp:term":[{"taxonomy":"category","embeddable":true,"href":"https:\/\/breeam-nor.byggalliansen.no\/v6\/wp-json\/wp\/v2\/categories?post=4746"},{"taxonomy":"connection","embeddable":true,"href":"https:\/\/breeam-nor.byggalliansen.no\/v6\/wp-json\/wp\/v2\/connection?post=4746"}],"curies":[{"name":"wp","href":"https:\/\/api.w.org\/{rel}","templated":true}]}}