{"id":4749,"date":"2025-04-29T13:08:23","date_gmt":"2025-04-29T13:08:23","guid":{"rendered":"https:\/\/breeam-nor.byggalliansen.no\/v6\/?page_id=4749"},"modified":"2025-08-19T06:55:19","modified_gmt":"2025-08-19T06:55:19","slug":"wat-03-detektering-og-forebygging-av-vannlekkasjer","status":"publish","type":"page","link":"https:\/\/breeam-nor.byggalliansen.no\/v6\/kategorier-og-emner\/vann\/wat-03-detektering-og-forebygging-av-vannlekkasjer\/","title":{"rendered":"Wat 03 Detektering og forebygging av vannlekkasjer\u00a0"},"content":{"rendered":"\n<figure class=\"wp-block-table is-style-core-borders\"><table class=\"has-fixed-layout\"><tbody><tr><td colspan=\"5\"><strong>Minstekrav<\/strong>&nbsp;<\/td><\/tr><tr><td>Pass<\/td><td>Good&nbsp;<\/td><td>Very Good&nbsp;<\/td><td>Excellent&nbsp;<\/td><td>Outstanding&nbsp;<\/td><\/tr><tr><td>\u2013&nbsp;<\/td><td>\u2013&nbsp;<\/td><td>\u2013&nbsp;<\/td><td>\u2013&nbsp;<\/td><td>\u2013&nbsp;<\/td><\/tr><\/tbody><\/table><\/figure>\n\n\n    <div class=\"core-block-faq\">\n        <div class=\"core-block-faq-header\">\n            <h2> <\/h2>\n        <\/div>\n        <div class=\"core-block-faq-container\">\n                                <div class=\"faq-panel\">\n                            <h3>\n                                <button id=\"accordian-block_b5e77e748af347fac55a4341732b7196-1\" aria-expanded=\"false\" aria-controls=\"sec-block_b5e77e748af347fac55a4341732b7196-1\">\n                                    <span>Form\u00e5l<\/span>\n                                    <em class=\"zmdi zmdi-chevron-down\"><\/em>\n                                <\/button>\n                            <\/h3>\n                            <div id=\"sec-block_b5e77e748af347fac55a4341732b7196-1\" class=\"faq-panel-content\" role=\"region\" aria-labelledby=\"accordian-block_b5e77e748af347fac55a4341732b7196-1\">\n                                <div class=\"faq-panel-text\">\n                                    <p>Redusere forbruket av drikkevann i nye bygninger ved \u00e5 minimere vannlekkasjer.<\/p>\n                                <\/div>\n                            <\/div>        \n                        <\/div> \n                                                <div class=\"faq-panel\">\n                            <h3>\n                                <button id=\"accordian-block_b5e77e748af347fac55a4341732b7196-2\" aria-expanded=\"false\" aria-controls=\"sec-block_b5e77e748af347fac55a4341732b7196-2\">\n                                    <span>Innredet\/uinnredet bygg<\/span>\n                                    <em class=\"zmdi zmdi-chevron-down\"><\/em>\n                                <\/button>\n                            <\/h3>\n                            <div id=\"sec-block_b5e77e748af347fac55a4341732b7196-2\" class=\"faq-panel-content\" role=\"region\" aria-labelledby=\"accordian-block_b5e77e748af347fac55a4341732b7196-2\">\n                                <div class=\"faq-panel-text\">\n                                    <p><!-- wp:table {\"className\":\"is-style-core-borders\"} --><\/p>\n<figure class=\"wp-block-table is-style-core-borders\">\n<table class=\"has-fixed-layout\">\n<tbody>\n<tr>\n<td><\/td>\n<td><strong>Innredet<\/strong><\/td>\n<td><strong>Uinnredet<\/strong><\/td>\n<td><strong>R\u00e5bygg<\/strong><\/td>\n<\/tr>\n<tr>\n<td>Gjeldende vurderingskriterier<\/td>\n<td>Alle<\/td>\n<td>1\u20132<\/td>\n<td>1<\/td>\n<\/tr>\n<tr>\n<td>S\u00e6rskilte notater<\/td>\n<td>Ingen<\/td>\n<td>Se ref. 1.0<br \/>\nSe Vedlegg D<\/td>\n<td>Se ref. 1.1<br \/>\nSe Vedlegg D<\/td>\n<\/tr>\n<\/tbody>\n<\/table>\n<\/figure>\n<p><!-- \/wp:table --><\/p>\n<p><!-- wp:table {\"className\":\"is-style-core-borders\"} --><\/p>\n<figure class=\"wp-block-table is-style-core-borders\">\n<table class=\"has-fixed-layout\">\n<tbody>\n<tr>\n<td colspan=\"2\"><strong>Notater for innredet\/uinnredet bygg<\/strong><\/td>\n<\/tr>\n<tr>\n<td>1.0<\/td>\n<td><strong>Uinnredet bygg: <\/strong><br \/>\nVurder vannforsyningen til toalettomr\u00e5der eller -fasiliteter i henhold til kriterium 2 uavhengig av om toalettomr\u00e5dene eller -fasilitetene er innredet eller ikke.<\/td>\n<\/tr>\n<tr>\n<td>1.1<\/td>\n<td><strong>Uinnredet r\u00e5bygg: <\/strong><br \/>\nKriterium 2 og 3 er ikke relevant.<\/td>\n<\/tr>\n<\/tbody>\n<\/table>\n<\/figure>\n<p><!-- \/wp:table --><\/p>\n                                <\/div>\n                            <\/div>        \n                        <\/div> \n                                                <div class=\"faq-panel\">\n                            <h3>\n                                <button id=\"accordian-block_b5e77e748af347fac55a4341732b7196-3\" aria-expanded=\"false\" aria-controls=\"sec-block_b5e77e748af347fac55a4341732b7196-3\">\n                                    <span>Spesielt for bygningstype<\/span>\n                                    <em class=\"zmdi zmdi-chevron-down\"><\/em>\n                                <\/button>\n                            <\/h3>\n                            <div id=\"sec-block_b5e77e748af347fac55a4341732b7196-3\" class=\"faq-panel-content\" role=\"region\" aria-labelledby=\"accordian-block_b5e77e748af347fac55a4341732b7196-3\">\n                                <div class=\"faq-panel-text\">\n                                    <p><!-- wp:table {\"className\":\"is-style-core-borders\"} --><\/p>\n<figure class=\"wp-block-table is-style-core-borders\">\n<table class=\"has-fixed-layout\">\n<tbody>\n<tr>\n<td colspan=\"2\"><strong>Notater for bygningstype<\/strong><\/td>\n<\/tr>\n<tr>\n<td>2.0<\/td>\n<td><strong>Helsebygg:<\/strong><br \/>\nDette emnet gjelder ikke toalettfasiliteter i <dfn aria-describedby=\"desc-1746099314325-4j1y6mr26\" data-definition=\"Kliniske omr\u00e5der\">kliniske omr\u00e5der<\/dfn>.<\/td>\n<\/tr>\n<tr>\n<td>2.1<\/td>\n<td><strong>Kort-\/langtids boliginnkvartering:<\/strong><br \/>\nVannmengderegulatorer i toalettomr\u00e5der eller -fasiliteter er ikke p\u00e5krevd for fasiliteter i omr\u00e5der med langtids boliginnkvartering. Dette skyldes at disse brukerne eller personalet f\u00f8ler en form for eierskap og vil identifisere og rapportere en potensiell lekkasje. Dette gjelder alt det f\u00f8lgende: Tilst\u00f8tende fasiliteter i individuelle soverom, ett bad som deles mellom flere individuelle soverom, f.eks. p\u00e5 studenthjem, eller ett bad i en uavhengig boenhet, f.eks. i et omsorgssenter. Kravene som gjelder vannmengderegulatorer, gjelder fremdeles for resten av fasilitetene i langtids boliginnkvarteringer.<\/p>\n<p>Dersom toalettfasiliteter bare finnes i boligomr\u00e5dene til et langtids boliginnkvarteringsprosjekt, f.eks. der det er ikke personaltoaletter, filtreres poenget ut av vurderingen.<\/p>\n<p>For korttidsinnkvartering gjelder poenget for bygninger som har gjestesoverom med tilst\u00f8tende fasiliteter, f.eks. hotellrom. Dette gjelder ogs\u00e5 kommunale toalettomr\u00e5der eller -fasiliteter, f.eks. kommunale toalettfasiliteter p\u00e5 hoteller og pensjonater.<\/td>\n<\/tr>\n<tr>\n<td>2.2<\/td>\n<td><strong>Innkvartering for korttidsopphold, f.eks. hoteller:<\/strong><br \/>\nKriterium 2 kan oppn\u00e5s for toalettfasiliteter i hotellrom ved \u00e5 installere de p\u00e5krevde vannmengderegulatorene i grupper p\u00e5 ti rom i stedet for i hvert individuelle rom.<\/td>\n<\/tr>\n<tr>\n<td>2.3<\/td>\n<td><strong>Enkeltboliger:<\/strong><br \/>\nKun kriterium 3 er relevant.<\/td>\n<\/tr>\n<tr>\n<td>2.4<\/td>\n<td><strong>Tilbygg:<\/strong><br \/>\nHvis vannforsyningen til den nye utvidelsen er via eksisterende bygning, m\u00e5 vannforsyningen til den eksisterende bygningen vurderes opp mot kriteriene i dette emnet.<\/td>\n<\/tr>\n<\/tbody>\n<\/table>\n<\/figure>\n<p><!-- \/wp:table --><\/p>\n                                <\/div>\n                            <\/div>        \n                        <\/div> \n                                <\/div>\n    <\/div>\n\n\n\n<p><\/p>\n","protected":false},"excerpt":{"rendered":"<p>Redusere forbruket av drikkevann i nye bygninger ved \u00e5 minimere vannlekkasjer. <\/p>\n","protected":false},"author":5,"featured_media":0,"parent":4103,"menu_order":2,"comment_status":"closed","ping_status":"closed","template":"page-portaltable.php","meta":{"_acf_changed":false,"footnotes":""},"categories":[],"connection":[],"class_list":["post-4749","page","type-page","status-publish","hentry"],"acf":[],"yoast_head":"<!-- This site is optimized with the Yoast SEO plugin v25.4 - https:\/\/yoast.com\/wordpress\/plugins\/seo\/ -->\n<title>Wat 03 Detektering og forebygging av vannlekkasjer\u00a0 - BREEAM-NOR<\/title>\n<meta name=\"robots\" content=\"index, follow, max-snippet:-1, max-image-preview:large, max-video-preview:-1\" \/>\n<link rel=\"canonical\" href=\"http:\/\/breeam-nor.byggalliansen.no\/v6\/kategorier-og-emner\/vann\/wat-03-detektering-og-forebygging-av-vannlekkasjer\/\" \/>\n<meta property=\"og:locale\" content=\"nb_NO\" \/>\n<meta property=\"og:type\" content=\"article\" \/>\n<meta property=\"og:title\" content=\"Wat 03 Detektering og forebygging av vannlekkasjer\u00a0 - BREEAM-NOR\" \/>\n<meta property=\"og:description\" content=\"Redusere forbruket av drikkevann i nye bygninger ved \u00e5 minimere vannlekkasjer.\" \/>\n<meta property=\"og:url\" content=\"http:\/\/breeam-nor.byggalliansen.no\/v6\/kategorier-og-emner\/vann\/wat-03-detektering-og-forebygging-av-vannlekkasjer\/\" \/>\n<meta property=\"og:site_name\" content=\"BREEAM-NOR\" \/>\n<meta property=\"article:modified_time\" content=\"2025-08-19T06:55:19+00:00\" \/>\n<meta name=\"twitter:card\" content=\"summary_large_image\" \/>\n<meta name=\"twitter:label1\" content=\"Ansl. lesetid\" \/>\n\t<meta name=\"twitter:data1\" content=\"1 minutt\" \/>\n<script type=\"application\/ld+json\" class=\"yoast-schema-graph\">{\"@context\":\"https:\/\/schema.org\",\"@graph\":[{\"@type\":\"WebPage\",\"@id\":\"http:\/\/breeam-nor.byggalliansen.no\/v6\/kategorier-og-emner\/vann\/wat-03-detektering-og-forebygging-av-vannlekkasjer\/\",\"url\":\"http:\/\/breeam-nor.byggalliansen.no\/v6\/kategorier-og-emner\/vann\/wat-03-detektering-og-forebygging-av-vannlekkasjer\/\",\"name\":\"Wat 03 Detektering og forebygging av vannlekkasjer\u00a0 - BREEAM-NOR\",\"isPartOf\":{\"@id\":\"https:\/\/breeam-nor.byggalliansen.no\/v6\/#website\"},\"datePublished\":\"2025-04-29T13:08:23+00:00\",\"dateModified\":\"2025-08-19T06:55:19+00:00\",\"breadcrumb\":{\"@id\":\"http:\/\/breeam-nor.byggalliansen.no\/v6\/kategorier-og-emner\/vann\/wat-03-detektering-og-forebygging-av-vannlekkasjer\/#breadcrumb\"},\"inLanguage\":\"nb-NO\",\"potentialAction\":[{\"@type\":\"ReadAction\",\"target\":[\"http:\/\/breeam-nor.byggalliansen.no\/v6\/kategorier-og-emner\/vann\/wat-03-detektering-og-forebygging-av-vannlekkasjer\/\"]}]},{\"@type\":\"BreadcrumbList\",\"@id\":\"http:\/\/breeam-nor.byggalliansen.no\/v6\/kategorier-og-emner\/vann\/wat-03-detektering-og-forebygging-av-vannlekkasjer\/#breadcrumb\",\"itemListElement\":[{\"@type\":\"ListItem\",\"position\":1,\"name\":\"BREEAM-NOR\",\"item\":\"https:\/\/breeam-nor.byggalliansen.no\/v6\/\"},{\"@type\":\"ListItem\",\"position\":2,\"name\":\"Kategorier og emner\",\"item\":\"https:\/\/breeam-nor.byggalliansen.no\/v6\/kategorier-og-emner\/\"},{\"@type\":\"ListItem\",\"position\":3,\"name\":\"Vann\",\"item\":\"http:\/\/breeam-nor.byggalliansen.no\/v6\/kategorier-og-emner\/vann\/\"},{\"@type\":\"ListItem\",\"position\":4,\"name\":\"Wat 03 Detektering og forebygging av vannlekkasjer\u00a0\"}]},{\"@type\":\"WebSite\",\"@id\":\"https:\/\/breeam-nor.byggalliansen.no\/v6\/#website\",\"url\":\"https:\/\/breeam-nor.byggalliansen.no\/v6\/\",\"name\":\"BREEAM-NOR\",\"description\":\"Versjon 6.1.1, 2024\",\"potentialAction\":[{\"@type\":\"SearchAction\",\"target\":{\"@type\":\"EntryPoint\",\"urlTemplate\":\"https:\/\/breeam-nor.byggalliansen.no\/v6\/?s={search_term_string}\"},\"query-input\":{\"@type\":\"PropertyValueSpecification\",\"valueRequired\":true,\"valueName\":\"search_term_string\"}}],\"inLanguage\":\"nb-NO\"}]}<\/script>\n<!-- \/ Yoast SEO plugin. -->","yoast_head_json":{"title":"Wat 03 Detektering og forebygging av vannlekkasjer\u00a0 - BREEAM-NOR","robots":{"index":"index","follow":"follow","max-snippet":"max-snippet:-1","max-image-preview":"max-image-preview:large","max-video-preview":"max-video-preview:-1"},"canonical":"http:\/\/breeam-nor.byggalliansen.no\/v6\/kategorier-og-emner\/vann\/wat-03-detektering-og-forebygging-av-vannlekkasjer\/","og_locale":"nb_NO","og_type":"article","og_title":"Wat 03 Detektering og forebygging av vannlekkasjer\u00a0 - BREEAM-NOR","og_description":"Redusere forbruket av drikkevann i nye bygninger ved \u00e5 minimere vannlekkasjer.","og_url":"http:\/\/breeam-nor.byggalliansen.no\/v6\/kategorier-og-emner\/vann\/wat-03-detektering-og-forebygging-av-vannlekkasjer\/","og_site_name":"BREEAM-NOR","article_modified_time":"2025-08-19T06:55:19+00:00","twitter_card":"summary_large_image","twitter_misc":{"Ansl. lesetid":"1 minutt"},"schema":{"@context":"https:\/\/schema.org","@graph":[{"@type":"WebPage","@id":"http:\/\/breeam-nor.byggalliansen.no\/v6\/kategorier-og-emner\/vann\/wat-03-detektering-og-forebygging-av-vannlekkasjer\/","url":"http:\/\/breeam-nor.byggalliansen.no\/v6\/kategorier-og-emner\/vann\/wat-03-detektering-og-forebygging-av-vannlekkasjer\/","name":"Wat 03 Detektering og forebygging av vannlekkasjer\u00a0 - BREEAM-NOR","isPartOf":{"@id":"https:\/\/breeam-nor.byggalliansen.no\/v6\/#website"},"datePublished":"2025-04-29T13:08:23+00:00","dateModified":"2025-08-19T06:55:19+00:00","breadcrumb":{"@id":"http:\/\/breeam-nor.byggalliansen.no\/v6\/kategorier-og-emner\/vann\/wat-03-detektering-og-forebygging-av-vannlekkasjer\/#breadcrumb"},"inLanguage":"nb-NO","potentialAction":[{"@type":"ReadAction","target":["http:\/\/breeam-nor.byggalliansen.no\/v6\/kategorier-og-emner\/vann\/wat-03-detektering-og-forebygging-av-vannlekkasjer\/"]}]},{"@type":"BreadcrumbList","@id":"http:\/\/breeam-nor.byggalliansen.no\/v6\/kategorier-og-emner\/vann\/wat-03-detektering-og-forebygging-av-vannlekkasjer\/#breadcrumb","itemListElement":[{"@type":"ListItem","position":1,"name":"BREEAM-NOR","item":"https:\/\/breeam-nor.byggalliansen.no\/v6\/"},{"@type":"ListItem","position":2,"name":"Kategorier og emner","item":"https:\/\/breeam-nor.byggalliansen.no\/v6\/kategorier-og-emner\/"},{"@type":"ListItem","position":3,"name":"Vann","item":"http:\/\/breeam-nor.byggalliansen.no\/v6\/kategorier-og-emner\/vann\/"},{"@type":"ListItem","position":4,"name":"Wat 03 Detektering og forebygging av vannlekkasjer\u00a0"}]},{"@type":"WebSite","@id":"https:\/\/breeam-nor.byggalliansen.no\/v6\/#website","url":"https:\/\/breeam-nor.byggalliansen.no\/v6\/","name":"BREEAM-NOR","description":"Versjon 6.1.1, 2024","potentialAction":[{"@type":"SearchAction","target":{"@type":"EntryPoint","urlTemplate":"https:\/\/breeam-nor.byggalliansen.no\/v6\/?s={search_term_string}"},"query-input":{"@type":"PropertyValueSpecification","valueRequired":true,"valueName":"search_term_string"}}],"inLanguage":"nb-NO"}]}},"_links":{"self":[{"href":"https:\/\/breeam-nor.byggalliansen.no\/v6\/wp-json\/wp\/v2\/pages\/4749","targetHints":{"allow":["GET"]}}],"collection":[{"href":"https:\/\/breeam-nor.byggalliansen.no\/v6\/wp-json\/wp\/v2\/pages"}],"about":[{"href":"https:\/\/breeam-nor.byggalliansen.no\/v6\/wp-json\/wp\/v2\/types\/page"}],"author":[{"embeddable":true,"href":"https:\/\/breeam-nor.byggalliansen.no\/v6\/wp-json\/wp\/v2\/users\/5"}],"replies":[{"embeddable":true,"href":"https:\/\/breeam-nor.byggalliansen.no\/v6\/wp-json\/wp\/v2\/comments?post=4749"}],"version-history":[{"count":3,"href":"https:\/\/breeam-nor.byggalliansen.no\/v6\/wp-json\/wp\/v2\/pages\/4749\/revisions"}],"predecessor-version":[{"id":6001,"href":"https:\/\/breeam-nor.byggalliansen.no\/v6\/wp-json\/wp\/v2\/pages\/4749\/revisions\/6001"}],"up":[{"embeddable":true,"href":"https:\/\/breeam-nor.byggalliansen.no\/v6\/wp-json\/wp\/v2\/pages\/4103"}],"wp:attachment":[{"href":"https:\/\/breeam-nor.byggalliansen.no\/v6\/wp-json\/wp\/v2\/media?parent=4749"}],"wp:term":[{"taxonomy":"category","embeddable":true,"href":"https:\/\/breeam-nor.byggalliansen.no\/v6\/wp-json\/wp\/v2\/categories?post=4749"},{"taxonomy":"connection","embeddable":true,"href":"https:\/\/breeam-nor.byggalliansen.no\/v6\/wp-json\/wp\/v2\/connection?post=4749"}],"curies":[{"name":"wp","href":"https:\/\/api.w.org\/{rel}","templated":true}]}}