{"id":4751,"date":"2025-04-29T10:25:16","date_gmt":"2025-04-29T10:25:16","guid":{"rendered":"https:\/\/breeam-nor.byggalliansen.no\/v6\/?page_id=4751"},"modified":"2025-08-19T07:16:15","modified_gmt":"2025-08-19T07:16:15","slug":"wst-01-ressurshandtering-pa-byggeplass","status":"publish","type":"page","link":"https:\/\/breeam-nor.byggalliansen.no\/v6\/kategorier-og-emner\/avfall\/wst-01-ressurshandtering-pa-byggeplass\/","title":{"rendered":"Wst 01 Ressursh\u00e5ndtering p\u00e5 byggeplass"},"content":{"rendered":"\n<figure class=\"wp-block-table is-style-core-borders\"><table class=\"has-fixed-layout\"><tbody><tr><td colspan=\"5\"><strong>Minstekrav<\/strong>&nbsp;<\/td><\/tr><tr><td>Pass<\/td><td>Good&nbsp;<\/td><td>Very Good&nbsp;<\/td><td>Excellent&nbsp;<\/td><td>Oustanding&nbsp;<\/td><\/tr><tr><td>Krit. 4 (minstekrav)&nbsp;<br><br><\/td><td>Krit. 4 <br>(minstekrav)&nbsp;<br><br><\/td><td>Krit. 1-2&nbsp;<br>Krit. 4&nbsp;<br>(minstekrav)&nbsp;<\/td><td>Krit. 1-2&nbsp;<br>Krit. 4&nbsp;(2 poeng)&nbsp;<br><\/td><td>Krit. 1-2<br>Krit. 3 (1 poeng)&nbsp;<br>Krit. 4 (2 poeng)&nbsp;<\/td><\/tr><\/tbody><\/table><\/figure>\n\n\n    <div class=\"core-block-faq\">\n        <div class=\"core-block-faq-header\">\n            <h2> <\/h2>\n        <\/div>\n        <div class=\"core-block-faq-container\">\n                                <div class=\"faq-panel\">\n                            <h3>\n                                <button id=\"accordian-block_fe08c03d7e207fbf3ca4b88d61c2068d-1\" aria-expanded=\"false\" aria-controls=\"sec-block_fe08c03d7e207fbf3ca4b88d61c2068d-1\">\n                                    <span>Form\u00e5l<\/span>\n                                    <em class=\"zmdi zmdi-chevron-down\"><\/em>\n                                <\/button>\n                            <\/h3>\n                            <div id=\"sec-block_fe08c03d7e207fbf3ca4b88d61c2068d-1\" class=\"faq-panel-content\" role=\"region\" aria-labelledby=\"accordian-block_fe08c03d7e207fbf3ca4b88d61c2068d-1\">\n                                <div class=\"faq-panel-text\">\n                                    <p>\u00c5 redusere mengden byggavfall ved \u00e5 prosjektere og legge til rette for ombruk, gjenvinning og best praksis h\u00e5ndtering av ressurser og avfall p\u00e5 byggeplassen.<\/p>\n                                <\/div>\n                            <\/div>        \n                        <\/div> \n                                                <div class=\"faq-panel\">\n                            <h3>\n                                <button id=\"accordian-block_fe08c03d7e207fbf3ca4b88d61c2068d-2\" aria-expanded=\"false\" aria-controls=\"sec-block_fe08c03d7e207fbf3ca4b88d61c2068d-2\">\n                                    <span>Innredet\/uinnredet bygg<\/span>\n                                    <em class=\"zmdi zmdi-chevron-down\"><\/em>\n                                <\/button>\n                            <\/h3>\n                            <div id=\"sec-block_fe08c03d7e207fbf3ca4b88d61c2068d-2\" class=\"faq-panel-content\" role=\"region\" aria-labelledby=\"accordian-block_fe08c03d7e207fbf3ca4b88d61c2068d-2\">\n                                <div class=\"faq-panel-text\">\n                                    <p><!-- wp:table {\"className\":\"is-style-core-borders\"} --><\/p>\n<figure class=\"wp-block-table is-style-core-borders\">\n<table class=\"has-fixed-layout\">\n<tbody>\n<tr>\n<td><\/td>\n<td><strong>Innredet<\/strong><\/td>\n<td><strong>Uinnredet<\/strong><\/td>\n<td><strong>R\u00e5bygg<\/strong><\/td>\n<\/tr>\n<tr>\n<td>Gjeldende vurderingskriterier<\/td>\n<td>Alle<\/td>\n<td>Alle<\/td>\n<td>Alle<\/td>\n<\/tr>\n<tr>\n<td>S\u00e6rskilte notater<\/td>\n<td>Ingen<\/td>\n<td>Ingen<br \/>\nSe Vedlegg D<\/td>\n<td>Ingen<br \/>\nSe Vedlegg D<\/td>\n<\/tr>\n<\/tbody>\n<\/table>\n<\/figure>\n<p><!-- \/wp:table --><\/p>\n<p><!-- wp:table {\"className\":\"is-style-core-borders\"} --><\/p>\n<figure class=\"wp-block-table is-style-core-borders\">\n<table class=\"has-fixed-layout\">\n<tbody>\n<tr>\n<td colspan=\"2\"><strong>Notater for innredet\/uinnredet bygg<\/strong><\/td>\n<\/tr>\n<tr>\n<td>Ingen<\/td>\n<td><\/td>\n<\/tr>\n<\/tbody>\n<\/table>\n<\/figure>\n<p><!-- \/wp:table --><\/p>\n                                <\/div>\n                            <\/div>        \n                        <\/div> \n                                                <div class=\"faq-panel\">\n                            <h3>\n                                <button id=\"accordian-block_fe08c03d7e207fbf3ca4b88d61c2068d-3\" aria-expanded=\"false\" aria-controls=\"sec-block_fe08c03d7e207fbf3ca4b88d61c2068d-3\">\n                                    <span>Spesielt for bygningstype<\/span>\n                                    <em class=\"zmdi zmdi-chevron-down\"><\/em>\n                                <\/button>\n                            <\/h3>\n                            <div id=\"sec-block_fe08c03d7e207fbf3ca4b88d61c2068d-3\" class=\"faq-panel-content\" role=\"region\" aria-labelledby=\"accordian-block_fe08c03d7e207fbf3ca4b88d61c2068d-3\">\n                                <div class=\"faq-panel-text\">\n                                    <p><!-- wp:table {\"className\":\"is-style-core-borders\"} --><\/p>\n<figure class=\"wp-block-table is-style-core-borders\">\n<table class=\"has-fixed-layout\">\n<tbody>\n<tr>\n<td colspan=\"2\"><strong>Notater for bygningstype<\/strong><\/td>\n<\/tr>\n<tr>\n<td>2.0<\/td>\n<td><strong>Tilbygg<\/strong><br \/>\nFor vurderinger av tilbygg, der bare tilbygget sertifiseres, er det bare tilbygget som m\u00e5 oppfylle kravene.<\/td>\n<\/tr>\n<\/tbody>\n<\/table>\n<\/figure>\n<p><!-- \/wp:table --><\/p>\n                                <\/div>\n                            <\/div>        \n                        <\/div> \n                                <\/div>\n    <\/div>\n\n\n\n<p><\/p>\n","protected":false},"excerpt":{"rendered":"<p>\u00c5 redusere mengden byggavfall ved \u00e5 prosjektere og legge til rette for ombruk, gjenvinning og best praksis h\u00e5ndtering av ressurser og avfall p\u00e5 byggeplassen. <\/p>\n","protected":false},"author":5,"featured_media":0,"parent":4107,"menu_order":0,"comment_status":"closed","ping_status":"closed","template":"page-portaltable.php","meta":{"_acf_changed":false,"footnotes":""},"categories":[],"connection":[],"class_list":["post-4751","page","type-page","status-publish","hentry"],"acf":[],"yoast_head":"<!-- This site is optimized with the Yoast SEO plugin v25.4 - https:\/\/yoast.com\/wordpress\/plugins\/seo\/ -->\n<title>Wst 01 Ressursh\u00e5ndtering p\u00e5 byggeplass - BREEAM-NOR<\/title>\n<meta name=\"robots\" content=\"index, follow, max-snippet:-1, max-image-preview:large, max-video-preview:-1\" \/>\n<link rel=\"canonical\" href=\"http:\/\/breeam-nor.byggalliansen.no\/v6\/kategorier-og-emner\/avfall\/wst-01-ressurshandtering-pa-byggeplass\/\" \/>\n<meta property=\"og:locale\" content=\"nb_NO\" \/>\n<meta property=\"og:type\" content=\"article\" \/>\n<meta property=\"og:title\" content=\"Wst 01 Ressursh\u00e5ndtering p\u00e5 byggeplass - BREEAM-NOR\" \/>\n<meta property=\"og:description\" content=\"\u00c5 redusere mengden byggavfall ved \u00e5 prosjektere og legge til rette for ombruk, gjenvinning og best praksis h\u00e5ndtering av ressurser og avfall p\u00e5 byggeplassen.\" \/>\n<meta property=\"og:url\" content=\"http:\/\/breeam-nor.byggalliansen.no\/v6\/kategorier-og-emner\/avfall\/wst-01-ressurshandtering-pa-byggeplass\/\" \/>\n<meta property=\"og:site_name\" content=\"BREEAM-NOR\" \/>\n<meta property=\"article:modified_time\" content=\"2025-08-19T07:16:15+00:00\" \/>\n<meta name=\"twitter:card\" content=\"summary_large_image\" \/>\n<meta name=\"twitter:label1\" content=\"Ansl. lesetid\" \/>\n\t<meta name=\"twitter:data1\" content=\"1 minutt\" \/>\n<script type=\"application\/ld+json\" class=\"yoast-schema-graph\">{\"@context\":\"https:\/\/schema.org\",\"@graph\":[{\"@type\":\"WebPage\",\"@id\":\"http:\/\/breeam-nor.byggalliansen.no\/v6\/kategorier-og-emner\/avfall\/wst-01-ressurshandtering-pa-byggeplass\/\",\"url\":\"http:\/\/breeam-nor.byggalliansen.no\/v6\/kategorier-og-emner\/avfall\/wst-01-ressurshandtering-pa-byggeplass\/\",\"name\":\"Wst 01 Ressursh\u00e5ndtering p\u00e5 byggeplass - BREEAM-NOR\",\"isPartOf\":{\"@id\":\"https:\/\/breeam-nor.byggalliansen.no\/v6\/#website\"},\"datePublished\":\"2025-04-29T10:25:16+00:00\",\"dateModified\":\"2025-08-19T07:16:15+00:00\",\"breadcrumb\":{\"@id\":\"http:\/\/breeam-nor.byggalliansen.no\/v6\/kategorier-og-emner\/avfall\/wst-01-ressurshandtering-pa-byggeplass\/#breadcrumb\"},\"inLanguage\":\"nb-NO\",\"potentialAction\":[{\"@type\":\"ReadAction\",\"target\":[\"http:\/\/breeam-nor.byggalliansen.no\/v6\/kategorier-og-emner\/avfall\/wst-01-ressurshandtering-pa-byggeplass\/\"]}]},{\"@type\":\"BreadcrumbList\",\"@id\":\"http:\/\/breeam-nor.byggalliansen.no\/v6\/kategorier-og-emner\/avfall\/wst-01-ressurshandtering-pa-byggeplass\/#breadcrumb\",\"itemListElement\":[{\"@type\":\"ListItem\",\"position\":1,\"name\":\"BREEAM-NOR\",\"item\":\"https:\/\/breeam-nor.byggalliansen.no\/v6\/\"},{\"@type\":\"ListItem\",\"position\":2,\"name\":\"Kategorier og emner\",\"item\":\"https:\/\/breeam-nor.byggalliansen.no\/v6\/kategorier-og-emner\/\"},{\"@type\":\"ListItem\",\"position\":3,\"name\":\"Avfall\",\"item\":\"http:\/\/breeam-nor.byggalliansen.no\/v6\/kategorier-og-emner\/avfall\/\"},{\"@type\":\"ListItem\",\"position\":4,\"name\":\"Wst 01 Ressursh\u00e5ndtering p\u00e5 byggeplass\"}]},{\"@type\":\"WebSite\",\"@id\":\"https:\/\/breeam-nor.byggalliansen.no\/v6\/#website\",\"url\":\"https:\/\/breeam-nor.byggalliansen.no\/v6\/\",\"name\":\"BREEAM-NOR\",\"description\":\"Versjon 6.1.1, 2024\",\"potentialAction\":[{\"@type\":\"SearchAction\",\"target\":{\"@type\":\"EntryPoint\",\"urlTemplate\":\"https:\/\/breeam-nor.byggalliansen.no\/v6\/?s={search_term_string}\"},\"query-input\":{\"@type\":\"PropertyValueSpecification\",\"valueRequired\":true,\"valueName\":\"search_term_string\"}}],\"inLanguage\":\"nb-NO\"}]}<\/script>\n<!-- \/ Yoast SEO plugin. -->","yoast_head_json":{"title":"Wst 01 Ressursh\u00e5ndtering p\u00e5 byggeplass - BREEAM-NOR","robots":{"index":"index","follow":"follow","max-snippet":"max-snippet:-1","max-image-preview":"max-image-preview:large","max-video-preview":"max-video-preview:-1"},"canonical":"http:\/\/breeam-nor.byggalliansen.no\/v6\/kategorier-og-emner\/avfall\/wst-01-ressurshandtering-pa-byggeplass\/","og_locale":"nb_NO","og_type":"article","og_title":"Wst 01 Ressursh\u00e5ndtering p\u00e5 byggeplass - BREEAM-NOR","og_description":"\u00c5 redusere mengden byggavfall ved \u00e5 prosjektere og legge til rette for ombruk, gjenvinning og best praksis h\u00e5ndtering av ressurser og avfall p\u00e5 byggeplassen.","og_url":"http:\/\/breeam-nor.byggalliansen.no\/v6\/kategorier-og-emner\/avfall\/wst-01-ressurshandtering-pa-byggeplass\/","og_site_name":"BREEAM-NOR","article_modified_time":"2025-08-19T07:16:15+00:00","twitter_card":"summary_large_image","twitter_misc":{"Ansl. lesetid":"1 minutt"},"schema":{"@context":"https:\/\/schema.org","@graph":[{"@type":"WebPage","@id":"http:\/\/breeam-nor.byggalliansen.no\/v6\/kategorier-og-emner\/avfall\/wst-01-ressurshandtering-pa-byggeplass\/","url":"http:\/\/breeam-nor.byggalliansen.no\/v6\/kategorier-og-emner\/avfall\/wst-01-ressurshandtering-pa-byggeplass\/","name":"Wst 01 Ressursh\u00e5ndtering p\u00e5 byggeplass - BREEAM-NOR","isPartOf":{"@id":"https:\/\/breeam-nor.byggalliansen.no\/v6\/#website"},"datePublished":"2025-04-29T10:25:16+00:00","dateModified":"2025-08-19T07:16:15+00:00","breadcrumb":{"@id":"http:\/\/breeam-nor.byggalliansen.no\/v6\/kategorier-og-emner\/avfall\/wst-01-ressurshandtering-pa-byggeplass\/#breadcrumb"},"inLanguage":"nb-NO","potentialAction":[{"@type":"ReadAction","target":["http:\/\/breeam-nor.byggalliansen.no\/v6\/kategorier-og-emner\/avfall\/wst-01-ressurshandtering-pa-byggeplass\/"]}]},{"@type":"BreadcrumbList","@id":"http:\/\/breeam-nor.byggalliansen.no\/v6\/kategorier-og-emner\/avfall\/wst-01-ressurshandtering-pa-byggeplass\/#breadcrumb","itemListElement":[{"@type":"ListItem","position":1,"name":"BREEAM-NOR","item":"https:\/\/breeam-nor.byggalliansen.no\/v6\/"},{"@type":"ListItem","position":2,"name":"Kategorier og emner","item":"https:\/\/breeam-nor.byggalliansen.no\/v6\/kategorier-og-emner\/"},{"@type":"ListItem","position":3,"name":"Avfall","item":"http:\/\/breeam-nor.byggalliansen.no\/v6\/kategorier-og-emner\/avfall\/"},{"@type":"ListItem","position":4,"name":"Wst 01 Ressursh\u00e5ndtering p\u00e5 byggeplass"}]},{"@type":"WebSite","@id":"https:\/\/breeam-nor.byggalliansen.no\/v6\/#website","url":"https:\/\/breeam-nor.byggalliansen.no\/v6\/","name":"BREEAM-NOR","description":"Versjon 6.1.1, 2024","potentialAction":[{"@type":"SearchAction","target":{"@type":"EntryPoint","urlTemplate":"https:\/\/breeam-nor.byggalliansen.no\/v6\/?s={search_term_string}"},"query-input":{"@type":"PropertyValueSpecification","valueRequired":true,"valueName":"search_term_string"}}],"inLanguage":"nb-NO"}]}},"_links":{"self":[{"href":"https:\/\/breeam-nor.byggalliansen.no\/v6\/wp-json\/wp\/v2\/pages\/4751","targetHints":{"allow":["GET"]}}],"collection":[{"href":"https:\/\/breeam-nor.byggalliansen.no\/v6\/wp-json\/wp\/v2\/pages"}],"about":[{"href":"https:\/\/breeam-nor.byggalliansen.no\/v6\/wp-json\/wp\/v2\/types\/page"}],"author":[{"embeddable":true,"href":"https:\/\/breeam-nor.byggalliansen.no\/v6\/wp-json\/wp\/v2\/users\/5"}],"replies":[{"embeddable":true,"href":"https:\/\/breeam-nor.byggalliansen.no\/v6\/wp-json\/wp\/v2\/comments?post=4751"}],"version-history":[{"count":3,"href":"https:\/\/breeam-nor.byggalliansen.no\/v6\/wp-json\/wp\/v2\/pages\/4751\/revisions"}],"predecessor-version":[{"id":6010,"href":"https:\/\/breeam-nor.byggalliansen.no\/v6\/wp-json\/wp\/v2\/pages\/4751\/revisions\/6010"}],"up":[{"embeddable":true,"href":"https:\/\/breeam-nor.byggalliansen.no\/v6\/wp-json\/wp\/v2\/pages\/4107"}],"wp:attachment":[{"href":"https:\/\/breeam-nor.byggalliansen.no\/v6\/wp-json\/wp\/v2\/media?parent=4751"}],"wp:term":[{"taxonomy":"category","embeddable":true,"href":"https:\/\/breeam-nor.byggalliansen.no\/v6\/wp-json\/wp\/v2\/categories?post=4751"},{"taxonomy":"connection","embeddable":true,"href":"https:\/\/breeam-nor.byggalliansen.no\/v6\/wp-json\/wp\/v2\/connection?post=4751"}],"curies":[{"name":"wp","href":"https:\/\/api.w.org\/{rel}","templated":true}]}}