{"id":4752,"date":"2025-04-29T10:21:36","date_gmt":"2025-04-29T10:21:36","guid":{"rendered":"https:\/\/breeam-nor.byggalliansen.no\/v6\/?page_id=4752"},"modified":"2025-08-19T07:17:14","modified_gmt":"2025-08-19T07:17:14","slug":"wst-03a-avfall-i-driftsfase","status":"publish","type":"page","link":"https:\/\/breeam-nor.byggalliansen.no\/v6\/kategorier-og-emner\/avfall\/wst-03a-avfall-i-driftsfase\/","title":{"rendered":"Wst 03a Avfall i driftsfase (alle bygg, unntatt bolig)"},"content":{"rendered":"\n<figure class=\"wp-block-table is-style-core-borders\"><table class=\"has-fixed-layout\"><tbody><tr><td colspan=\"5\"><strong>Minstekrav<\/strong>&nbsp;<\/td><\/tr><tr><td>Pass<\/td><td>Good&nbsp;<\/td><td>Very Good&nbsp;<\/td><td>Excellent&nbsp;<\/td><td>Outstanding&nbsp;<\/td><\/tr><tr><td>\u2013&nbsp;<\/td><td>\u2013&nbsp;<\/td><td>\u2013&nbsp;<\/td><td>1 poeng<\/td><td>1 poeng<\/td><\/tr><\/tbody><\/table><\/figure>\n\n\n    <div class=\"core-block-faq\">\n        <div class=\"core-block-faq-header\">\n            <h2> <\/h2>\n        <\/div>\n        <div class=\"core-block-faq-container\">\n                                <div class=\"faq-panel\">\n                            <h3>\n                                <button id=\"accordian-block_f2acce24304d86951b6a73370ae4c34c-1\" aria-expanded=\"false\" aria-controls=\"sec-block_f2acce24304d86951b6a73370ae4c34c-1\">\n                                    <span>Form\u00e5l<\/span>\n                                    <em class=\"zmdi zmdi-chevron-down\"><\/em>\n                                <\/button>\n                            <\/h3>\n                            <div id=\"sec-block_f2acce24304d86951b6a73370ae4c34c-1\" class=\"faq-panel-content\" role=\"region\" aria-labelledby=\"accordian-block_f2acce24304d86951b6a73370ae4c34c-1\">\n                                <div class=\"faq-panel-text\">\n                                    <p>\u00c5 oppmuntre til sortering og gjenvinning av driftsrelatert avfall ved \u00e5 installere sorteringsl\u00f8sninger og oppbevaringsplass for avfall.<\/p>\n                                <\/div>\n                            <\/div>        \n                        <\/div> \n                                                <div class=\"faq-panel\">\n                            <h3>\n                                <button id=\"accordian-block_f2acce24304d86951b6a73370ae4c34c-2\" aria-expanded=\"false\" aria-controls=\"sec-block_f2acce24304d86951b6a73370ae4c34c-2\">\n                                    <span>Innredet\/uinnredet bygg<\/span>\n                                    <em class=\"zmdi zmdi-chevron-down\"><\/em>\n                                <\/button>\n                            <\/h3>\n                            <div id=\"sec-block_f2acce24304d86951b6a73370ae4c34c-2\" class=\"faq-panel-content\" role=\"region\" aria-labelledby=\"accordian-block_f2acce24304d86951b6a73370ae4c34c-2\">\n                                <div class=\"faq-panel-text\">\n                                    <p><!-- wp:table {\"className\":\"is-style-core-borders\"} --><\/p>\n<figure class=\"wp-block-table is-style-core-borders\">\n<table class=\"has-fixed-layout\">\n<tbody>\n<tr>\n<td><\/td>\n<td><strong>Innredet<\/strong><\/td>\n<td><strong>Uinnredet<\/strong><\/td>\n<td><strong>R\u00e5bygg<\/strong><\/td>\n<\/tr>\n<tr>\n<td>Gjeldende vurderingskriterier<\/td>\n<td>Alle<\/td>\n<td>Kriterium 1 og 2<\/td>\n<td>Kriterium 1 og 2<\/td>\n<\/tr>\n<tr>\n<td>S\u00e6rskilte notater<\/td>\n<td>Ingen<\/td>\n<td>Se 1.0 og 1.1<br \/>\nSe Vedlegg D<\/td>\n<td>Se 1.0 og 1.1<br \/>\nSe Vedlegg D<\/td>\n<\/tr>\n<\/tbody>\n<\/table>\n<\/figure>\n<p><!-- \/wp:table --><\/p>\n<p><!-- wp:table {\"className\":\"is-style-core-borders\"} --><\/p>\n<figure class=\"wp-block-table is-style-core-borders\">\n<table class=\"has-fixed-layout\">\n<tbody>\n<tr>\n<td colspan=\"2\"><strong>Notater for innredet\/uinnredet bygg<\/strong><\/td>\n<\/tr>\n<tr>\n<td>1.0<\/td>\n<td><strong>Hvis sluttbruker ikke er kjent,<\/strong> men funksjonene eller omr\u00e5dene til den vurderte bygningen tilsier at det er sannsynlig at store mengder emballasje eller komposterbart avfall vil bli generert under bygningens drift, f.eks. hvis det er et detaljhandel- eller industriprosjekt eller bygningen inneholder et stort cateringanlegg, m\u00e5 et areal og l\u00f8sninger av passende st\u00f8rrelse eller infrastruktur som oppfyller behovet, v\u00e6re p\u00e5 plass. Sorteringsl\u00f8sningene m\u00e5 ikke n\u00f8dvendigvis v\u00e6re installert for \u00e5 demonstrere samsvar.<\/td>\n<\/tr>\n<tr>\n<td>1.1<\/td>\n<td><strong>Hvis sluttbruker er kjent<\/strong><br \/>\nDe generelle kriteriene gjelder<br \/>\nELLER<br \/>\nSluttbruker forplikter seg til \u00e5 sette av et eget omr\u00e5de for installasjon av en komprimator\/presse og\/eller komposteringsbeholder (eller et omr\u00e5de for mellomlagring av organisk avfall), herunder<br \/>\n1. en egnet betongflate for fremtidig installasjon<br \/>\n2. en trefaset str\u00f8mforsyning<br \/>\n3. god adkomst for henting og man\u00f8vrering med renovasjonsbil<\/td>\n<\/tr>\n<\/tbody>\n<\/table>\n<\/figure>\n<p><!-- \/wp:table --><\/p>\n                                <\/div>\n                            <\/div>        \n                        <\/div> \n                                                <div class=\"faq-panel\">\n                            <h3>\n                                <button id=\"accordian-block_f2acce24304d86951b6a73370ae4c34c-3\" aria-expanded=\"false\" aria-controls=\"sec-block_f2acce24304d86951b6a73370ae4c34c-3\">\n                                    <span>Spesielt for bygningstype<\/span>\n                                    <em class=\"zmdi zmdi-chevron-down\"><\/em>\n                                <\/button>\n                            <\/h3>\n                            <div id=\"sec-block_f2acce24304d86951b6a73370ae4c34c-3\" class=\"faq-panel-content\" role=\"region\" aria-labelledby=\"accordian-block_f2acce24304d86951b6a73370ae4c34c-3\">\n                                <div class=\"faq-panel-text\">\n                                    <p><!-- wp:table {\"className\":\"is-style-core-borders\"} --><\/p>\n<figure class=\"wp-block-table is-style-core-borders\">\n<table class=\"has-fixed-layout\">\n<tbody>\n<tr>\n<td colspan=\"2\"><strong>Notater for bygningstype<\/strong><\/td>\n<\/tr>\n<tr>\n<td>2.0<\/td>\n<td><strong>Sm\u00e5 industrienheter: <\/strong><br \/>\nFor et utbyggingsomr\u00e5de som best\u00e5r av flere sm\u00e5 enheter, alle med gulvareal \u2264 200 m\u00b2, er l\u00f8sninger som deles med hele anlegget som helhet tilstrekkelig for \u00e5 oppn\u00e5 dette poenget.<\/td>\n<\/tr>\n<tr>\n<td>2.1<\/td>\n<td><strong>Vurdering av flere bygninger og bygninger som utgj\u00f8r en del av en st\u00f8rre eiendom: <\/strong><br \/>\nDersom vurderingen gjelder en eller flere bygninger eller \u00e9n eller flere enheter som utgj\u00f8r en del av en st\u00f8rre eiendom, kan prosjekteringsgruppen velge \u00e5 dokumentere samsvar ved et sentralisert omr\u00e5de med tilstrekkelig kapasitet til \u00e5 motta det resirkulerbare avfallet fra alle bygninger og deres aktiviteter.<\/td>\n<\/tr>\n<tr>\n<td>2.2<\/td>\n<td><strong>Kj\u00f8pesentre og n\u00e6ringsparker:<\/strong><br \/>\nFor kj\u00f8pesentre og n\u00e6ringsparker m\u00e5 arealet v\u00e6re tilstrekkelig til \u00e5 dekke behovet til alle leietakerne og det potensielle resirkulerbare avfallsvolumet deres. Leietakere som tar opp en stor andel av senteret, dvs. <dfn aria-describedby=\"desc-1747315985334-eak0pjen9\" data-definition=\"Hovedleietaker\">hovedleietakere<\/dfn>, m\u00e5 ha sine egne samsvarende oppsett. For mindre leietakere vil samsvarende sentrale eller felles oppsett p\u00e5 utbyggingsomr\u00e5det, eller egne areal for individuelle enheter, tilfredsstille vurderingskriteriene for dette BREEAM-emnet.<\/td>\n<\/tr>\n<tr>\n<td>2.3<\/td>\n<td><strong>Boliginstitusjoner:\u00a0<\/strong><br \/>\nInformasjonsarket for kompostering m\u00e5 opplyse om:<br \/>\n1. hvordan kompostering fungerer og hvorfor det er viktig<br \/>\n2. hva som kan komposteres (f.eks. gr\u00f8nnsaks- og fruktskall, makulert papir, teposer m.m.)<br \/>\n3. opplysninger om drift og styringsplan for den kommunale komposteringsplanen<\/td>\n<\/tr>\n<tr>\n<td>2.4<\/td>\n<td><strong>Boliginstitusjoner:\u00a0<\/strong><br \/>\nFor noen slike bygninger kan det av sikkerhetsgrunner v\u00e6re umulig \u00e5 plassere resirkuleringsbeholderne i et fellesomr\u00e5de som er tilgjengelig for beboere. Dette kan f.eks. v\u00e6re hvis beboerne har psykiske helseproblemer, og fri tilgang til disse fasilitetene utgj\u00f8r en vesentlig fare for at de vil skade seg selv eller andre. Det er da akseptert at beholderne er lokaliser p\u00e5 et ikke-synlig sted som bare er tilgjengelig for de ansatte, men i n\u00e6rheten av omr\u00e5dene der det resirkulerbare avfallet oppst\u00e5r.<\/td>\n<\/tr>\n<tr>\n<td>2.5<\/td>\n<td><strong>Boliginstitusjoner:<\/strong><br \/>\nDersom flerboerbygninger inneholder felles fasiliteter som deles av mer enn seks soverom, kan kravet til total avfallslagring \u00f8kes pro rata for \u00e5 demonstrere samsvar.<br \/>\nEksempel: Hvis standardkravet er 30 liter for seks soverom, tilsvarer dette 5 liter per soverom. Ved vurdering av en flerboligbygning med \u00e5tte soverom som deler fasiliteter, \u00f8ker dette kravet til 40 liter (8 x 5 liter). Minimumsst\u00f8rrelsen p\u00e5 individuelle beholdere forblir uendret i henhold til kriteriene.<\/td>\n<\/tr>\n<tr>\n<td>2.6<\/td>\n<td><strong>Helsebygg:<\/strong><br \/>\nAvfallstyper som sorteres, skal f\u00f8lge relevante lovkrav, som lovverk knyttet til smittefarlig avfall. L\u00f8sningene skal avveies mot medisinske eller hygieniske hensyn som bruken av bygningen tilsier.<\/td>\n<\/tr>\n<tr>\n<td>2.7<\/td>\n<td><strong>Tilbygg:<\/strong><br \/>\nDersom det finnes avfallsh\u00e5ndteringsfasiliteter i den eksisterende bygningen, kan disse benyttes til \u00e5 vurdere samsvar. Fasilitetenes omfang m\u00e5 v\u00e6re tilstrekkelig til \u00e5 h\u00e5ndtere samlet mengde forventet resirkulerbart avfall fra b\u00e5de nye og eksisterende bygninger.<\/td>\n<\/tr>\n<\/tbody>\n<\/table>\n<\/figure>\n<p><!-- \/wp:table --><\/p>\n                                <\/div>\n                            <\/div>        \n                        <\/div> \n                                <\/div>\n    <\/div>\n\n\n\n<p><\/p>\n","protected":false},"excerpt":{"rendered":"<p>\u00c5 oppmuntre til sortering og gjenvinning av driftsrelatert avfall ved \u00e5 installere sorteringsl\u00f8sninger og oppbevaringsplass for avfall. <\/p>\n","protected":false},"author":5,"featured_media":0,"parent":4107,"menu_order":1,"comment_status":"closed","ping_status":"closed","template":"page-portaltable.php","meta":{"_acf_changed":false,"footnotes":""},"categories":[],"connection":[],"class_list":["post-4752","page","type-page","status-publish","hentry"],"acf":[],"yoast_head":"<!-- This site is optimized with the Yoast SEO plugin v25.4 - https:\/\/yoast.com\/wordpress\/plugins\/seo\/ -->\n<title>Wst 03a Avfall i driftsfase (alle bygg, unntatt bolig) - BREEAM-NOR<\/title>\n<meta name=\"robots\" content=\"index, follow, max-snippet:-1, max-image-preview:large, max-video-preview:-1\" \/>\n<link rel=\"canonical\" href=\"http:\/\/breeam-nor.byggalliansen.no\/v6\/kategorier-og-emner\/avfall\/wst-03a-avfall-i-driftsfase\/\" \/>\n<meta property=\"og:locale\" content=\"nb_NO\" \/>\n<meta property=\"og:type\" content=\"article\" \/>\n<meta property=\"og:title\" content=\"Wst 03a Avfall i driftsfase (alle bygg, unntatt bolig) - BREEAM-NOR\" \/>\n<meta property=\"og:description\" content=\"\u00c5 oppmuntre til sortering og gjenvinning av driftsrelatert avfall ved \u00e5 installere sorteringsl\u00f8sninger og oppbevaringsplass for avfall.\" \/>\n<meta property=\"og:url\" content=\"http:\/\/breeam-nor.byggalliansen.no\/v6\/kategorier-og-emner\/avfall\/wst-03a-avfall-i-driftsfase\/\" \/>\n<meta property=\"og:site_name\" content=\"BREEAM-NOR\" \/>\n<meta property=\"article:modified_time\" content=\"2025-08-19T07:17:14+00:00\" \/>\n<meta name=\"twitter:card\" content=\"summary_large_image\" \/>\n<meta name=\"twitter:label1\" content=\"Ansl. lesetid\" \/>\n\t<meta name=\"twitter:data1\" content=\"1 minutt\" \/>\n<script type=\"application\/ld+json\" class=\"yoast-schema-graph\">{\"@context\":\"https:\/\/schema.org\",\"@graph\":[{\"@type\":\"WebPage\",\"@id\":\"http:\/\/breeam-nor.byggalliansen.no\/v6\/kategorier-og-emner\/avfall\/wst-03a-avfall-i-driftsfase\/\",\"url\":\"http:\/\/breeam-nor.byggalliansen.no\/v6\/kategorier-og-emner\/avfall\/wst-03a-avfall-i-driftsfase\/\",\"name\":\"Wst 03a Avfall i driftsfase (alle bygg, unntatt bolig) - BREEAM-NOR\",\"isPartOf\":{\"@id\":\"https:\/\/breeam-nor.byggalliansen.no\/v6\/#website\"},\"datePublished\":\"2025-04-29T10:21:36+00:00\",\"dateModified\":\"2025-08-19T07:17:14+00:00\",\"breadcrumb\":{\"@id\":\"http:\/\/breeam-nor.byggalliansen.no\/v6\/kategorier-og-emner\/avfall\/wst-03a-avfall-i-driftsfase\/#breadcrumb\"},\"inLanguage\":\"nb-NO\",\"potentialAction\":[{\"@type\":\"ReadAction\",\"target\":[\"http:\/\/breeam-nor.byggalliansen.no\/v6\/kategorier-og-emner\/avfall\/wst-03a-avfall-i-driftsfase\/\"]}]},{\"@type\":\"BreadcrumbList\",\"@id\":\"http:\/\/breeam-nor.byggalliansen.no\/v6\/kategorier-og-emner\/avfall\/wst-03a-avfall-i-driftsfase\/#breadcrumb\",\"itemListElement\":[{\"@type\":\"ListItem\",\"position\":1,\"name\":\"BREEAM-NOR\",\"item\":\"https:\/\/breeam-nor.byggalliansen.no\/v6\/\"},{\"@type\":\"ListItem\",\"position\":2,\"name\":\"Kategorier og emner\",\"item\":\"https:\/\/breeam-nor.byggalliansen.no\/v6\/kategorier-og-emner\/\"},{\"@type\":\"ListItem\",\"position\":3,\"name\":\"Avfall\",\"item\":\"http:\/\/breeam-nor.byggalliansen.no\/v6\/kategorier-og-emner\/avfall\/\"},{\"@type\":\"ListItem\",\"position\":4,\"name\":\"Wst 03a Avfall i driftsfase (alle bygg, unntatt bolig)\"}]},{\"@type\":\"WebSite\",\"@id\":\"https:\/\/breeam-nor.byggalliansen.no\/v6\/#website\",\"url\":\"https:\/\/breeam-nor.byggalliansen.no\/v6\/\",\"name\":\"BREEAM-NOR\",\"description\":\"Versjon 6.1.1, 2024\",\"potentialAction\":[{\"@type\":\"SearchAction\",\"target\":{\"@type\":\"EntryPoint\",\"urlTemplate\":\"https:\/\/breeam-nor.byggalliansen.no\/v6\/?s={search_term_string}\"},\"query-input\":{\"@type\":\"PropertyValueSpecification\",\"valueRequired\":true,\"valueName\":\"search_term_string\"}}],\"inLanguage\":\"nb-NO\"}]}<\/script>\n<!-- \/ Yoast SEO plugin. -->","yoast_head_json":{"title":"Wst 03a Avfall i driftsfase (alle bygg, unntatt bolig) - BREEAM-NOR","robots":{"index":"index","follow":"follow","max-snippet":"max-snippet:-1","max-image-preview":"max-image-preview:large","max-video-preview":"max-video-preview:-1"},"canonical":"http:\/\/breeam-nor.byggalliansen.no\/v6\/kategorier-og-emner\/avfall\/wst-03a-avfall-i-driftsfase\/","og_locale":"nb_NO","og_type":"article","og_title":"Wst 03a Avfall i driftsfase (alle bygg, unntatt bolig) - BREEAM-NOR","og_description":"\u00c5 oppmuntre til sortering og gjenvinning av driftsrelatert avfall ved \u00e5 installere sorteringsl\u00f8sninger og oppbevaringsplass for avfall.","og_url":"http:\/\/breeam-nor.byggalliansen.no\/v6\/kategorier-og-emner\/avfall\/wst-03a-avfall-i-driftsfase\/","og_site_name":"BREEAM-NOR","article_modified_time":"2025-08-19T07:17:14+00:00","twitter_card":"summary_large_image","twitter_misc":{"Ansl. lesetid":"1 minutt"},"schema":{"@context":"https:\/\/schema.org","@graph":[{"@type":"WebPage","@id":"http:\/\/breeam-nor.byggalliansen.no\/v6\/kategorier-og-emner\/avfall\/wst-03a-avfall-i-driftsfase\/","url":"http:\/\/breeam-nor.byggalliansen.no\/v6\/kategorier-og-emner\/avfall\/wst-03a-avfall-i-driftsfase\/","name":"Wst 03a Avfall i driftsfase (alle bygg, unntatt bolig) - BREEAM-NOR","isPartOf":{"@id":"https:\/\/breeam-nor.byggalliansen.no\/v6\/#website"},"datePublished":"2025-04-29T10:21:36+00:00","dateModified":"2025-08-19T07:17:14+00:00","breadcrumb":{"@id":"http:\/\/breeam-nor.byggalliansen.no\/v6\/kategorier-og-emner\/avfall\/wst-03a-avfall-i-driftsfase\/#breadcrumb"},"inLanguage":"nb-NO","potentialAction":[{"@type":"ReadAction","target":["http:\/\/breeam-nor.byggalliansen.no\/v6\/kategorier-og-emner\/avfall\/wst-03a-avfall-i-driftsfase\/"]}]},{"@type":"BreadcrumbList","@id":"http:\/\/breeam-nor.byggalliansen.no\/v6\/kategorier-og-emner\/avfall\/wst-03a-avfall-i-driftsfase\/#breadcrumb","itemListElement":[{"@type":"ListItem","position":1,"name":"BREEAM-NOR","item":"https:\/\/breeam-nor.byggalliansen.no\/v6\/"},{"@type":"ListItem","position":2,"name":"Kategorier og emner","item":"https:\/\/breeam-nor.byggalliansen.no\/v6\/kategorier-og-emner\/"},{"@type":"ListItem","position":3,"name":"Avfall","item":"http:\/\/breeam-nor.byggalliansen.no\/v6\/kategorier-og-emner\/avfall\/"},{"@type":"ListItem","position":4,"name":"Wst 03a Avfall i driftsfase (alle bygg, unntatt bolig)"}]},{"@type":"WebSite","@id":"https:\/\/breeam-nor.byggalliansen.no\/v6\/#website","url":"https:\/\/breeam-nor.byggalliansen.no\/v6\/","name":"BREEAM-NOR","description":"Versjon 6.1.1, 2024","potentialAction":[{"@type":"SearchAction","target":{"@type":"EntryPoint","urlTemplate":"https:\/\/breeam-nor.byggalliansen.no\/v6\/?s={search_term_string}"},"query-input":{"@type":"PropertyValueSpecification","valueRequired":true,"valueName":"search_term_string"}}],"inLanguage":"nb-NO"}]}},"_links":{"self":[{"href":"https:\/\/breeam-nor.byggalliansen.no\/v6\/wp-json\/wp\/v2\/pages\/4752","targetHints":{"allow":["GET"]}}],"collection":[{"href":"https:\/\/breeam-nor.byggalliansen.no\/v6\/wp-json\/wp\/v2\/pages"}],"about":[{"href":"https:\/\/breeam-nor.byggalliansen.no\/v6\/wp-json\/wp\/v2\/types\/page"}],"author":[{"embeddable":true,"href":"https:\/\/breeam-nor.byggalliansen.no\/v6\/wp-json\/wp\/v2\/users\/5"}],"replies":[{"embeddable":true,"href":"https:\/\/breeam-nor.byggalliansen.no\/v6\/wp-json\/wp\/v2\/comments?post=4752"}],"version-history":[{"count":3,"href":"https:\/\/breeam-nor.byggalliansen.no\/v6\/wp-json\/wp\/v2\/pages\/4752\/revisions"}],"predecessor-version":[{"id":6011,"href":"https:\/\/breeam-nor.byggalliansen.no\/v6\/wp-json\/wp\/v2\/pages\/4752\/revisions\/6011"}],"up":[{"embeddable":true,"href":"https:\/\/breeam-nor.byggalliansen.no\/v6\/wp-json\/wp\/v2\/pages\/4107"}],"wp:attachment":[{"href":"https:\/\/breeam-nor.byggalliansen.no\/v6\/wp-json\/wp\/v2\/media?parent=4752"}],"wp:term":[{"taxonomy":"category","embeddable":true,"href":"https:\/\/breeam-nor.byggalliansen.no\/v6\/wp-json\/wp\/v2\/categories?post=4752"},{"taxonomy":"connection","embeddable":true,"href":"https:\/\/breeam-nor.byggalliansen.no\/v6\/wp-json\/wp\/v2\/connection?post=4752"}],"curies":[{"name":"wp","href":"https:\/\/api.w.org\/{rel}","templated":true}]}}