{"id":4833,"date":"2025-04-30T13:40:23","date_gmt":"2025-04-30T13:40:48","guid":{"rendered":"https:\/\/breeam-nor.byggalliansen.no\/v6\/?page_id=4833"},"modified":"2025-06-06T08:03:40","modified_gmt":"2025-06-06T08:03:40","slug":"vannmaler-og-delmaler","status":"publish","type":"page","link":"https:\/\/breeam-nor.byggalliansen.no\/v6\/kategorier-og-emner\/vann\/wat-02-vannmaling\/vannmaler-og-delmaler\/","title":{"rendered":"Vannm\u00e5ler og delm\u00e5ler"},"content":{"rendered":"\n<ol class=\"wp-block-list\">\n<li>Det spesifiseres en vannm\u00e5ler p\u00e5 vannforsyningen til hver bygning, ogs\u00e5 i tilfeller der vann forsynes fra br\u00f8nn eller annen privat kilde.<\/li>\n\n\n\n<li>Relevante funksjons- eller bygningsomr\u00e5der med vannforbruk utstyres enten med delm\u00e5lere eller har integrert vannm\u00e5lingsutstyr (se Metode).<\/li>\n\n\n\n<li>Hver vannm\u00e5ler (hoved- og delm\u00e5lere har en <dfn aria-describedby=\"desc-1746020426858-6tifv1no1\" data-definition=\"Utgang m\u00e5ler\">pulsutgang eller en annen kommunikasjonsutgang<\/dfn> med \u00e5pen protokoll, som legger til rette for eventuell tilkobling til et verkt\u00f8y for overv\u00e5king og styring, f.eks. sentral driftskontroll for overv\u00e5kning av vannforbruk.<\/li>\n\n\n\n<li>Dersom utbyggingsomr\u00e5det som bygningen ligger p\u00e5, har en eksisterende sentral driftskontroll som administreres av samme bruker\/eier, m\u00e5 bygningens vannm\u00e5lere v\u00e6re tilkoblet den eksisterende sentrale driftskontrollen.<\/li>\n<\/ol>\n","protected":false},"excerpt":{"rendered":"","protected":false},"author":5,"featured_media":0,"parent":4748,"menu_order":0,"comment_status":"closed","ping_status":"closed","template":"","meta":{"_acf_changed":false,"footnotes":""},"categories":[1],"connection":[216],"class_list":["post-4833","page","type-page","status-publish","hentry","category-kriterier","connection-5-2-1"],"acf":[],"yoast_head":"<!-- This site is optimized with the Yoast SEO plugin v25.4 - https:\/\/yoast.com\/wordpress\/plugins\/seo\/ -->\n<title>Vannm\u00e5ler og delm\u00e5ler - BREEAM-NOR<\/title>\n<meta name=\"robots\" content=\"index, follow, max-snippet:-1, max-image-preview:large, max-video-preview:-1\" \/>\n<link rel=\"canonical\" href=\"https:\/\/breeam-nor.byggalliansen.no\/v6\/kategorier-og-emner\/vann\/wat-02-vannmaling\/vannmaler-og-delmaler\/\" \/>\n<meta property=\"og:locale\" content=\"nb_NO\" \/>\n<meta property=\"og:type\" content=\"article\" \/>\n<meta property=\"og:title\" content=\"Vannm\u00e5ler og delm\u00e5ler - BREEAM-NOR\" \/>\n<meta property=\"og:url\" content=\"https:\/\/breeam-nor.byggalliansen.no\/v6\/kategorier-og-emner\/vann\/wat-02-vannmaling\/vannmaler-og-delmaler\/\" \/>\n<meta property=\"og:site_name\" content=\"BREEAM-NOR\" \/>\n<meta property=\"article:modified_time\" content=\"2025-06-06T08:03:40+00:00\" \/>\n<meta name=\"twitter:card\" content=\"summary_large_image\" \/>\n<meta name=\"twitter:label1\" content=\"Ansl. lesetid\" \/>\n\t<meta name=\"twitter:data1\" content=\"1 minutt\" \/>\n<script type=\"application\/ld+json\" class=\"yoast-schema-graph\">{\"@context\":\"https:\/\/schema.org\",\"@graph\":[{\"@type\":\"WebPage\",\"@id\":\"https:\/\/breeam-nor.byggalliansen.no\/v6\/kategorier-og-emner\/vann\/wat-02-vannmaling\/vannmaler-og-delmaler\/\",\"url\":\"https:\/\/breeam-nor.byggalliansen.no\/v6\/kategorier-og-emner\/vann\/wat-02-vannmaling\/vannmaler-og-delmaler\/\",\"name\":\"Vannm\u00e5ler og delm\u00e5ler - BREEAM-NOR\",\"isPartOf\":{\"@id\":\"https:\/\/breeam-nor.byggalliansen.no\/v6\/#website\"},\"datePublished\":\"2025-04-30T13:40:48+00:00\",\"dateModified\":\"2025-06-06T08:03:40+00:00\",\"breadcrumb\":{\"@id\":\"https:\/\/breeam-nor.byggalliansen.no\/v6\/kategorier-og-emner\/vann\/wat-02-vannmaling\/vannmaler-og-delmaler\/#breadcrumb\"},\"inLanguage\":\"nb-NO\",\"potentialAction\":[{\"@type\":\"ReadAction\",\"target\":[\"https:\/\/breeam-nor.byggalliansen.no\/v6\/kategorier-og-emner\/vann\/wat-02-vannmaling\/vannmaler-og-delmaler\/\"]}]},{\"@type\":\"BreadcrumbList\",\"@id\":\"https:\/\/breeam-nor.byggalliansen.no\/v6\/kategorier-og-emner\/vann\/wat-02-vannmaling\/vannmaler-og-delmaler\/#breadcrumb\",\"itemListElement\":[{\"@type\":\"ListItem\",\"position\":1,\"name\":\"BREEAM-NOR\",\"item\":\"https:\/\/breeam-nor.byggalliansen.no\/v6\/\"},{\"@type\":\"ListItem\",\"position\":2,\"name\":\"Kategorier og emner\",\"item\":\"https:\/\/breeam-nor.byggalliansen.no\/v6\/kategorier-og-emner\/\"},{\"@type\":\"ListItem\",\"position\":3,\"name\":\"Vann\",\"item\":\"http:\/\/breeam-nor.byggalliansen.no\/v6\/kategorier-og-emner\/vann\/\"},{\"@type\":\"ListItem\",\"position\":4,\"name\":\"Wat 02 Vannm\u00e5ling\u00a0\",\"item\":\"http:\/\/breeam-nor.byggalliansen.no\/v6\/kategorier-og-emner\/vann\/wat-02-vannmaling\/\"},{\"@type\":\"ListItem\",\"position\":5,\"name\":\"Vannm\u00e5ler og delm\u00e5ler\"}]},{\"@type\":\"WebSite\",\"@id\":\"https:\/\/breeam-nor.byggalliansen.no\/v6\/#website\",\"url\":\"https:\/\/breeam-nor.byggalliansen.no\/v6\/\",\"name\":\"BREEAM-NOR\",\"description\":\"Versjon 6.1.1, 2024\",\"potentialAction\":[{\"@type\":\"SearchAction\",\"target\":{\"@type\":\"EntryPoint\",\"urlTemplate\":\"https:\/\/breeam-nor.byggalliansen.no\/v6\/?s={search_term_string}\"},\"query-input\":{\"@type\":\"PropertyValueSpecification\",\"valueRequired\":true,\"valueName\":\"search_term_string\"}}],\"inLanguage\":\"nb-NO\"}]}<\/script>\n<!-- \/ Yoast SEO plugin. -->","yoast_head_json":{"title":"Vannm\u00e5ler og delm\u00e5ler - BREEAM-NOR","robots":{"index":"index","follow":"follow","max-snippet":"max-snippet:-1","max-image-preview":"max-image-preview:large","max-video-preview":"max-video-preview:-1"},"canonical":"https:\/\/breeam-nor.byggalliansen.no\/v6\/kategorier-og-emner\/vann\/wat-02-vannmaling\/vannmaler-og-delmaler\/","og_locale":"nb_NO","og_type":"article","og_title":"Vannm\u00e5ler og delm\u00e5ler - BREEAM-NOR","og_url":"https:\/\/breeam-nor.byggalliansen.no\/v6\/kategorier-og-emner\/vann\/wat-02-vannmaling\/vannmaler-og-delmaler\/","og_site_name":"BREEAM-NOR","article_modified_time":"2025-06-06T08:03:40+00:00","twitter_card":"summary_large_image","twitter_misc":{"Ansl. lesetid":"1 minutt"},"schema":{"@context":"https:\/\/schema.org","@graph":[{"@type":"WebPage","@id":"https:\/\/breeam-nor.byggalliansen.no\/v6\/kategorier-og-emner\/vann\/wat-02-vannmaling\/vannmaler-og-delmaler\/","url":"https:\/\/breeam-nor.byggalliansen.no\/v6\/kategorier-og-emner\/vann\/wat-02-vannmaling\/vannmaler-og-delmaler\/","name":"Vannm\u00e5ler og delm\u00e5ler - BREEAM-NOR","isPartOf":{"@id":"https:\/\/breeam-nor.byggalliansen.no\/v6\/#website"},"datePublished":"2025-04-30T13:40:48+00:00","dateModified":"2025-06-06T08:03:40+00:00","breadcrumb":{"@id":"https:\/\/breeam-nor.byggalliansen.no\/v6\/kategorier-og-emner\/vann\/wat-02-vannmaling\/vannmaler-og-delmaler\/#breadcrumb"},"inLanguage":"nb-NO","potentialAction":[{"@type":"ReadAction","target":["https:\/\/breeam-nor.byggalliansen.no\/v6\/kategorier-og-emner\/vann\/wat-02-vannmaling\/vannmaler-og-delmaler\/"]}]},{"@type":"BreadcrumbList","@id":"https:\/\/breeam-nor.byggalliansen.no\/v6\/kategorier-og-emner\/vann\/wat-02-vannmaling\/vannmaler-og-delmaler\/#breadcrumb","itemListElement":[{"@type":"ListItem","position":1,"name":"BREEAM-NOR","item":"https:\/\/breeam-nor.byggalliansen.no\/v6\/"},{"@type":"ListItem","position":2,"name":"Kategorier og emner","item":"https:\/\/breeam-nor.byggalliansen.no\/v6\/kategorier-og-emner\/"},{"@type":"ListItem","position":3,"name":"Vann","item":"http:\/\/breeam-nor.byggalliansen.no\/v6\/kategorier-og-emner\/vann\/"},{"@type":"ListItem","position":4,"name":"Wat 02 Vannm\u00e5ling\u00a0","item":"http:\/\/breeam-nor.byggalliansen.no\/v6\/kategorier-og-emner\/vann\/wat-02-vannmaling\/"},{"@type":"ListItem","position":5,"name":"Vannm\u00e5ler og delm\u00e5ler"}]},{"@type":"WebSite","@id":"https:\/\/breeam-nor.byggalliansen.no\/v6\/#website","url":"https:\/\/breeam-nor.byggalliansen.no\/v6\/","name":"BREEAM-NOR","description":"Versjon 6.1.1, 2024","potentialAction":[{"@type":"SearchAction","target":{"@type":"EntryPoint","urlTemplate":"https:\/\/breeam-nor.byggalliansen.no\/v6\/?s={search_term_string}"},"query-input":{"@type":"PropertyValueSpecification","valueRequired":true,"valueName":"search_term_string"}}],"inLanguage":"nb-NO"}]}},"_links":{"self":[{"href":"https:\/\/breeam-nor.byggalliansen.no\/v6\/wp-json\/wp\/v2\/pages\/4833","targetHints":{"allow":["GET"]}}],"collection":[{"href":"https:\/\/breeam-nor.byggalliansen.no\/v6\/wp-json\/wp\/v2\/pages"}],"about":[{"href":"https:\/\/breeam-nor.byggalliansen.no\/v6\/wp-json\/wp\/v2\/types\/page"}],"author":[{"embeddable":true,"href":"https:\/\/breeam-nor.byggalliansen.no\/v6\/wp-json\/wp\/v2\/users\/5"}],"replies":[{"embeddable":true,"href":"https:\/\/breeam-nor.byggalliansen.no\/v6\/wp-json\/wp\/v2\/comments?post=4833"}],"version-history":[{"count":2,"href":"https:\/\/breeam-nor.byggalliansen.no\/v6\/wp-json\/wp\/v2\/pages\/4833\/revisions"}],"predecessor-version":[{"id":4835,"href":"https:\/\/breeam-nor.byggalliansen.no\/v6\/wp-json\/wp\/v2\/pages\/4833\/revisions\/4835"}],"up":[{"embeddable":true,"href":"https:\/\/breeam-nor.byggalliansen.no\/v6\/wp-json\/wp\/v2\/pages\/4748"}],"wp:attachment":[{"href":"https:\/\/breeam-nor.byggalliansen.no\/v6\/wp-json\/wp\/v2\/media?parent=4833"}],"wp:term":[{"taxonomy":"category","embeddable":true,"href":"https:\/\/breeam-nor.byggalliansen.no\/v6\/wp-json\/wp\/v2\/categories?post=4833"},{"taxonomy":"connection","embeddable":true,"href":"https:\/\/breeam-nor.byggalliansen.no\/v6\/wp-json\/wp\/v2\/connection?post=4833"}],"curies":[{"name":"wp","href":"https:\/\/api.w.org\/{rel}","templated":true}]}}