{"id":4884,"date":"2025-05-01T12:27:05","date_gmt":"2025-05-01T12:27:05","guid":{"rendered":"https:\/\/breeam-nor.byggalliansen.no\/v6\/?page_id=4884"},"modified":"2025-09-02T09:43:17","modified_gmt":"2025-09-02T09:43:17","slug":"tidligere-utbygget-areal","status":"publish","type":"page","link":"https:\/\/breeam-nor.byggalliansen.no\/v6\/kategorier-og-emner\/arealbruk-og-okologi\/le-01-valg-av-tomt\/tidligere-utbygget-areal\/","title":{"rendered":"Tidligere utbygget areal"},"content":{"rendered":"\n<ol class=\"wp-block-list\">\n<li>En prosentandel av <dfn aria-describedby=\"desc-1746102310138-o49r4nmqs\" data-definition=\"Utbyggingsomr\u00e5de\">utbyggingsomr\u00e5det<\/dfn> ligger p\u00e5 et <dfn aria-describedby=\"desc-1746102349937-xpxgh9mpz\" data-definition=\"Tidligere utbygget areal\">areal som tidligere har v\u00e6rt utbygget<\/dfn> til industri-, yrkes- eller boligform\u00e5l i l\u00f8pet av de 50 siste \u00e5rene (se Metode).<\/li>\n<\/ol>\n\n\n\n<h5 class=\"wp-block-heading\">Tabell LE 01-01: Prosentandel av det foresl\u00e5tte utbyggingsomr\u00e5det p\u00e5 tidligere utbygget areal<\/h5>\n\n\n\n<figure class=\"wp-block-table is-style-core-borders\"><table class=\"has-fixed-layout\"><thead><tr><th><strong>Prosentandel av det foresl\u00e5tte utbyggingsomr\u00e5det p\u00e5 tidligere utbygget areal<\/strong><\/th><th><strong>Poeng<\/strong><\/th><\/tr><\/thead><tbody><tr><td>75 %<\/td><td>1<\/td><\/tr><tr><td>95 %<\/td><td>2<\/td><\/tr><\/tbody><\/table><\/figure>\n\n\n\n<ol start=\"2\" class=\"wp-block-list\">\n<li>Utbyggingsomr\u00e5det skal ikke v\u00e6re definert som noen av f\u00f8lgende arealtyper:\n<ol style=\"list-style-type:lower-alpha\" class=\"wp-block-list\">\n<li><span style=\"font-size: clamp(1rem, 0.9107rem + 0.2857vw, 1.125rem);, sans-serif\"><dfn aria-describedby=\"desc-1746102276852-2zifg4j6i\" data-definition=\"Jordbruksareal\">Jordbruksareal<\/dfn> eller <dfn aria-describedby=\"desc-1746102288893-hmgorv7p6\" data-definition=\"Dyrkbar jord\">dyrkbar jord<\/dfn> iht. bestemmelsene i Jordlova.<\/span><\/li>\n\n\n\n<li>Areal som samsvarer med definisjonen av <dfn aria-describedby=\"desc-1746102396085-40ofwf8yp\" data-definition=\"Skog\">skog<\/dfn> som fastsatt i nasjonal lovgivning brukt i den nasjonale drivhusgassrapporteringen i samsvar med FAOs definisjon av skog<\/li>\n<\/ol>\n<\/li>\n<\/ol>\n\n\n\n<p><\/p>\n","protected":false},"excerpt":{"rendered":"<p>Tabell LE 01-01: Prosentandel av det foresl\u00e5tte utbyggingsomr\u00e5det p\u00e5 tidligere utbygget areal Prosentandel av det foresl\u00e5tte utbyggingsomr\u00e5det p\u00e5 tidligere utbygget areal Poeng 75 % 1 95 % 2<\/p>\n","protected":false},"author":5,"featured_media":0,"parent":4754,"menu_order":0,"comment_status":"closed","ping_status":"closed","template":"","meta":{"_acf_changed":false,"footnotes":""},"categories":[],"connection":[163],"class_list":["post-4884","page","type-page","status-publish","hentry","connection-8-1-1"],"acf":[],"yoast_head":"<!-- This site is optimized with the Yoast SEO plugin v25.4 - https:\/\/yoast.com\/wordpress\/plugins\/seo\/ -->\n<title>Tidligere utbygget areal - BREEAM-NOR<\/title>\n<meta name=\"robots\" content=\"index, follow, max-snippet:-1, max-image-preview:large, max-video-preview:-1\" \/>\n<link rel=\"canonical\" href=\"https:\/\/breeam-nor.byggalliansen.no\/v6\/kategorier-og-emner\/arealbruk-og-okologi\/le-01-valg-av-tomt\/tidligere-utbygget-areal\/\" \/>\n<meta property=\"og:locale\" content=\"nb_NO\" \/>\n<meta property=\"og:type\" content=\"article\" \/>\n<meta property=\"og:title\" content=\"Tidligere utbygget areal - BREEAM-NOR\" \/>\n<meta property=\"og:description\" content=\"Tabell LE 01-01: Prosentandel av det foresl\u00e5tte utbyggingsomr\u00e5det p\u00e5 tidligere utbygget areal Prosentandel av det foresl\u00e5tte utbyggingsomr\u00e5det p\u00e5 tidligere utbygget areal Poeng 75 % 1 95 % 2\" \/>\n<meta property=\"og:url\" content=\"https:\/\/breeam-nor.byggalliansen.no\/v6\/kategorier-og-emner\/arealbruk-og-okologi\/le-01-valg-av-tomt\/tidligere-utbygget-areal\/\" \/>\n<meta property=\"og:site_name\" content=\"BREEAM-NOR\" \/>\n<meta property=\"article:modified_time\" content=\"2025-09-02T09:43:17+00:00\" \/>\n<meta name=\"twitter:card\" content=\"summary_large_image\" \/>\n<meta name=\"twitter:label1\" content=\"Ansl. lesetid\" \/>\n\t<meta name=\"twitter:data1\" content=\"1 minutt\" \/>\n<script type=\"application\/ld+json\" class=\"yoast-schema-graph\">{\"@context\":\"https:\/\/schema.org\",\"@graph\":[{\"@type\":\"WebPage\",\"@id\":\"https:\/\/breeam-nor.byggalliansen.no\/v6\/kategorier-og-emner\/arealbruk-og-okologi\/le-01-valg-av-tomt\/tidligere-utbygget-areal\/\",\"url\":\"https:\/\/breeam-nor.byggalliansen.no\/v6\/kategorier-og-emner\/arealbruk-og-okologi\/le-01-valg-av-tomt\/tidligere-utbygget-areal\/\",\"name\":\"Tidligere utbygget areal - BREEAM-NOR\",\"isPartOf\":{\"@id\":\"https:\/\/breeam-nor.byggalliansen.no\/v6\/#website\"},\"datePublished\":\"2025-05-01T12:27:05+00:00\",\"dateModified\":\"2025-09-02T09:43:17+00:00\",\"breadcrumb\":{\"@id\":\"https:\/\/breeam-nor.byggalliansen.no\/v6\/kategorier-og-emner\/arealbruk-og-okologi\/le-01-valg-av-tomt\/tidligere-utbygget-areal\/#breadcrumb\"},\"inLanguage\":\"nb-NO\",\"potentialAction\":[{\"@type\":\"ReadAction\",\"target\":[\"https:\/\/breeam-nor.byggalliansen.no\/v6\/kategorier-og-emner\/arealbruk-og-okologi\/le-01-valg-av-tomt\/tidligere-utbygget-areal\/\"]}]},{\"@type\":\"BreadcrumbList\",\"@id\":\"https:\/\/breeam-nor.byggalliansen.no\/v6\/kategorier-og-emner\/arealbruk-og-okologi\/le-01-valg-av-tomt\/tidligere-utbygget-areal\/#breadcrumb\",\"itemListElement\":[{\"@type\":\"ListItem\",\"position\":1,\"name\":\"BREEAM-NOR\",\"item\":\"https:\/\/breeam-nor.byggalliansen.no\/v6\/\"},{\"@type\":\"ListItem\",\"position\":2,\"name\":\"Kategorier og emner\",\"item\":\"https:\/\/breeam-nor.byggalliansen.no\/v6\/kategorier-og-emner\/\"},{\"@type\":\"ListItem\",\"position\":3,\"name\":\"Arealbruk og \u00f8kologi\",\"item\":\"https:\/\/breeam-nor.byggalliansen.no\/v6\/kategorier-og-emner\/arealbruk-og-okologi\/\"},{\"@type\":\"ListItem\",\"position\":4,\"name\":\"LE 01 Valg av tomt\u00a0\",\"item\":\"https:\/\/breeam-nor.byggalliansen.no\/v6\/kategorier-og-emner\/arealbruk-og-okologi\/le-01-valg-av-tomt\/\"},{\"@type\":\"ListItem\",\"position\":5,\"name\":\"Tidligere utbygget areal\"}]},{\"@type\":\"WebSite\",\"@id\":\"https:\/\/breeam-nor.byggalliansen.no\/v6\/#website\",\"url\":\"https:\/\/breeam-nor.byggalliansen.no\/v6\/\",\"name\":\"BREEAM-NOR\",\"description\":\"Versjon 6.1.1, 2024\",\"potentialAction\":[{\"@type\":\"SearchAction\",\"target\":{\"@type\":\"EntryPoint\",\"urlTemplate\":\"https:\/\/breeam-nor.byggalliansen.no\/v6\/?s={search_term_string}\"},\"query-input\":{\"@type\":\"PropertyValueSpecification\",\"valueRequired\":true,\"valueName\":\"search_term_string\"}}],\"inLanguage\":\"nb-NO\"}]}<\/script>\n<!-- \/ Yoast SEO plugin. -->","yoast_head_json":{"title":"Tidligere utbygget areal - BREEAM-NOR","robots":{"index":"index","follow":"follow","max-snippet":"max-snippet:-1","max-image-preview":"max-image-preview:large","max-video-preview":"max-video-preview:-1"},"canonical":"https:\/\/breeam-nor.byggalliansen.no\/v6\/kategorier-og-emner\/arealbruk-og-okologi\/le-01-valg-av-tomt\/tidligere-utbygget-areal\/","og_locale":"nb_NO","og_type":"article","og_title":"Tidligere utbygget areal - BREEAM-NOR","og_description":"Tabell LE 01-01: Prosentandel av det foresl\u00e5tte utbyggingsomr\u00e5det p\u00e5 tidligere utbygget areal Prosentandel av det foresl\u00e5tte utbyggingsomr\u00e5det p\u00e5 tidligere utbygget areal Poeng 75 % 1 95 % 2","og_url":"https:\/\/breeam-nor.byggalliansen.no\/v6\/kategorier-og-emner\/arealbruk-og-okologi\/le-01-valg-av-tomt\/tidligere-utbygget-areal\/","og_site_name":"BREEAM-NOR","article_modified_time":"2025-09-02T09:43:17+00:00","twitter_card":"summary_large_image","twitter_misc":{"Ansl. lesetid":"1 minutt"},"schema":{"@context":"https:\/\/schema.org","@graph":[{"@type":"WebPage","@id":"https:\/\/breeam-nor.byggalliansen.no\/v6\/kategorier-og-emner\/arealbruk-og-okologi\/le-01-valg-av-tomt\/tidligere-utbygget-areal\/","url":"https:\/\/breeam-nor.byggalliansen.no\/v6\/kategorier-og-emner\/arealbruk-og-okologi\/le-01-valg-av-tomt\/tidligere-utbygget-areal\/","name":"Tidligere utbygget areal - BREEAM-NOR","isPartOf":{"@id":"https:\/\/breeam-nor.byggalliansen.no\/v6\/#website"},"datePublished":"2025-05-01T12:27:05+00:00","dateModified":"2025-09-02T09:43:17+00:00","breadcrumb":{"@id":"https:\/\/breeam-nor.byggalliansen.no\/v6\/kategorier-og-emner\/arealbruk-og-okologi\/le-01-valg-av-tomt\/tidligere-utbygget-areal\/#breadcrumb"},"inLanguage":"nb-NO","potentialAction":[{"@type":"ReadAction","target":["https:\/\/breeam-nor.byggalliansen.no\/v6\/kategorier-og-emner\/arealbruk-og-okologi\/le-01-valg-av-tomt\/tidligere-utbygget-areal\/"]}]},{"@type":"BreadcrumbList","@id":"https:\/\/breeam-nor.byggalliansen.no\/v6\/kategorier-og-emner\/arealbruk-og-okologi\/le-01-valg-av-tomt\/tidligere-utbygget-areal\/#breadcrumb","itemListElement":[{"@type":"ListItem","position":1,"name":"BREEAM-NOR","item":"https:\/\/breeam-nor.byggalliansen.no\/v6\/"},{"@type":"ListItem","position":2,"name":"Kategorier og emner","item":"https:\/\/breeam-nor.byggalliansen.no\/v6\/kategorier-og-emner\/"},{"@type":"ListItem","position":3,"name":"Arealbruk og \u00f8kologi","item":"https:\/\/breeam-nor.byggalliansen.no\/v6\/kategorier-og-emner\/arealbruk-og-okologi\/"},{"@type":"ListItem","position":4,"name":"LE 01 Valg av tomt\u00a0","item":"https:\/\/breeam-nor.byggalliansen.no\/v6\/kategorier-og-emner\/arealbruk-og-okologi\/le-01-valg-av-tomt\/"},{"@type":"ListItem","position":5,"name":"Tidligere utbygget areal"}]},{"@type":"WebSite","@id":"https:\/\/breeam-nor.byggalliansen.no\/v6\/#website","url":"https:\/\/breeam-nor.byggalliansen.no\/v6\/","name":"BREEAM-NOR","description":"Versjon 6.1.1, 2024","potentialAction":[{"@type":"SearchAction","target":{"@type":"EntryPoint","urlTemplate":"https:\/\/breeam-nor.byggalliansen.no\/v6\/?s={search_term_string}"},"query-input":{"@type":"PropertyValueSpecification","valueRequired":true,"valueName":"search_term_string"}}],"inLanguage":"nb-NO"}]}},"_links":{"self":[{"href":"https:\/\/breeam-nor.byggalliansen.no\/v6\/wp-json\/wp\/v2\/pages\/4884","targetHints":{"allow":["GET"]}}],"collection":[{"href":"https:\/\/breeam-nor.byggalliansen.no\/v6\/wp-json\/wp\/v2\/pages"}],"about":[{"href":"https:\/\/breeam-nor.byggalliansen.no\/v6\/wp-json\/wp\/v2\/types\/page"}],"author":[{"embeddable":true,"href":"https:\/\/breeam-nor.byggalliansen.no\/v6\/wp-json\/wp\/v2\/users\/5"}],"replies":[{"embeddable":true,"href":"https:\/\/breeam-nor.byggalliansen.no\/v6\/wp-json\/wp\/v2\/comments?post=4884"}],"version-history":[{"count":3,"href":"https:\/\/breeam-nor.byggalliansen.no\/v6\/wp-json\/wp\/v2\/pages\/4884\/revisions"}],"predecessor-version":[{"id":6078,"href":"https:\/\/breeam-nor.byggalliansen.no\/v6\/wp-json\/wp\/v2\/pages\/4884\/revisions\/6078"}],"up":[{"embeddable":true,"href":"https:\/\/breeam-nor.byggalliansen.no\/v6\/wp-json\/wp\/v2\/pages\/4754"}],"wp:attachment":[{"href":"https:\/\/breeam-nor.byggalliansen.no\/v6\/wp-json\/wp\/v2\/media?parent=4884"}],"wp:term":[{"taxonomy":"category","embeddable":true,"href":"https:\/\/breeam-nor.byggalliansen.no\/v6\/wp-json\/wp\/v2\/categories?post=4884"},{"taxonomy":"connection","embeddable":true,"href":"https:\/\/breeam-nor.byggalliansen.no\/v6\/wp-json\/wp\/v2\/connection?post=4884"}],"curies":[{"name":"wp","href":"https:\/\/api.w.org\/{rel}","templated":true}]}}