{"id":4888,"date":"2025-05-01T12:35:46","date_gmt":"2025-05-01T12:35:46","guid":{"rendered":"https:\/\/breeam-nor.byggalliansen.no\/v6\/?page_id=4888"},"modified":"2025-07-03T08:40:55","modified_gmt":"2025-07-03T08:40:55","slug":"kartlegging-og-vurdering","status":"publish","type":"page","link":"https:\/\/breeam-nor.byggalliansen.no\/v6\/kategorier-og-emner\/arealbruk-og-okologi\/le-02-okologisk-risiko-og-muligheter\/kartlegging-og-vurdering\/","title":{"rendered":"Kartlegging og vurdering"},"content":{"rendered":"\n<ol start=\"2\" class=\"wp-block-list\">\n<li>En <dfn aria-describedby=\"desc-1746102795221-lc0n55psr\" data-definition=\"Kvalifisert \u00f8kolog\">kvalifisert \u00f8kolog<\/dfn> foretar en kartlegging og vurdering av naturmangfold og <dfn aria-describedby=\"desc-1746102829075-nngctwpgi\" data-definition=\"\u00d8kosystemtjenester\">\u00f8kosystemtjenester <\/dfn>(se Metode) i <dfn aria-describedby=\"desc-1746102853160-pm9cu1ek1\" data-definition=\"Utvidet utbyggingsomr\u00e5de\">utvidet utbyggingsomr\u00e5de<\/dfn>, tidlig nok til \u00e5 p\u00e5virke klargj\u00f8ringsarbeid, planl\u00f8sninger og planleggingsavgj\u00f8relser p\u00e5 utbyggingsomr\u00e5det. Dette skjer vanligvis i l\u00f8pet av steg 2.<\/li>\n\n\n\n<li>\u00d8kologens kartlegging og vurdering fastsetter det utvidede utbyggingsomr\u00e5det sitt <dfn aria-describedby=\"desc-1746102874122-37yfot530\" data-definition=\"\u00d8kologisk utgangspunkt\">\u00f8kologiske utgangspunkt<\/dfn>, risiko og muligheter, inkludert:\n<ol style=\"list-style-type:lower-alpha\" class=\"wp-block-list\">\n<li><span style=\"font-size: clamp(1rem, 0.9107rem + 0.2857vw, 1.125rem);, sans-serif\">eksisterende og potensielle \u00f8kologiske kvaliteter og tilstand p\u00e5 utbyggingsomr\u00e5de og tilknyttede omr\u00e5der innenfor <dfn aria-describedby=\"desc-1746102899195-ypz23rvef\" data-definition=\"Influensomr\u00e5de\">influensomr\u00e5det<\/dfn>.<\/span><\/li>\n\n\n\n<li><span style=\"font-size: clamp(1rem, 0.9107rem + 0.2857vw, 1.125rem);, sans-serif\">direkte og indirekte risiko for eksisterende \u00f8kologiske kvaliteter som f\u00f8lge av prosjektet<\/span><\/li>\n\n\n\n<li>mulige og egnede forbedringer av \u00f8kologiske kvaliteter p\u00e5 utbyggingsomr\u00e5det, inkludert arealer i influensomr\u00e5det der det er relevant<\/li>\n<\/ol>\n<\/li>\n\n\n\n<li>Anbefalinger og data som samles inn gjennom kartleggingen og vurderingen, deles med relevante medlemmer av prosjektgruppen. Dette brukes til \u00e5 p\u00e5virke beslutninger for \u00e5 sikre \u00f8kologiske kvaliteter under <dfn aria-describedby=\"desc-1746102923296-8y3jlf9o0\" data-definition=\"Klargj\u00f8ring av utbyggingsomr\u00e5det\">klargj\u00f8ring av utbyggingsomr\u00e5det<\/dfn>, prosjektering og byggearbeid (se Metode).<\/li>\n<\/ol>\n\n\n\n<p><\/p>\n","protected":false},"excerpt":{"rendered":"","protected":false},"author":5,"featured_media":0,"parent":4755,"menu_order":1,"comment_status":"closed","ping_status":"closed","template":"","meta":{"_acf_changed":false,"footnotes":""},"categories":[],"connection":[173],"class_list":["post-4888","page","type-page","status-publish","hentry","connection-8-2-2"],"acf":[],"yoast_head":"<!-- This site is optimized with the Yoast SEO plugin v25.4 - https:\/\/yoast.com\/wordpress\/plugins\/seo\/ -->\n<title>Kartlegging og vurdering - BREEAM-NOR<\/title>\n<meta name=\"robots\" content=\"index, follow, max-snippet:-1, max-image-preview:large, max-video-preview:-1\" \/>\n<link rel=\"canonical\" href=\"http:\/\/breeam-nor.byggalliansen.no\/v6\/kategorier-og-emner\/arealbruk-og-okologi\/le-02-okologisk-risiko-og-muligheter\/kartlegging-og-vurdering\/\" \/>\n<meta property=\"og:locale\" content=\"nb_NO\" \/>\n<meta property=\"og:type\" content=\"article\" \/>\n<meta property=\"og:title\" content=\"Kartlegging og vurdering - BREEAM-NOR\" \/>\n<meta property=\"og:url\" content=\"http:\/\/breeam-nor.byggalliansen.no\/v6\/kategorier-og-emner\/arealbruk-og-okologi\/le-02-okologisk-risiko-og-muligheter\/kartlegging-og-vurdering\/\" \/>\n<meta property=\"og:site_name\" content=\"BREEAM-NOR\" \/>\n<meta property=\"article:modified_time\" content=\"2025-07-03T08:40:55+00:00\" \/>\n<meta name=\"twitter:card\" content=\"summary_large_image\" \/>\n<meta name=\"twitter:label1\" content=\"Ansl. lesetid\" \/>\n\t<meta name=\"twitter:data1\" content=\"1 minutt\" \/>\n<script type=\"application\/ld+json\" class=\"yoast-schema-graph\">{\"@context\":\"https:\/\/schema.org\",\"@graph\":[{\"@type\":\"WebPage\",\"@id\":\"http:\/\/breeam-nor.byggalliansen.no\/v6\/kategorier-og-emner\/arealbruk-og-okologi\/le-02-okologisk-risiko-og-muligheter\/kartlegging-og-vurdering\/\",\"url\":\"http:\/\/breeam-nor.byggalliansen.no\/v6\/kategorier-og-emner\/arealbruk-og-okologi\/le-02-okologisk-risiko-og-muligheter\/kartlegging-og-vurdering\/\",\"name\":\"Kartlegging og vurdering - BREEAM-NOR\",\"isPartOf\":{\"@id\":\"https:\/\/breeam-nor.byggalliansen.no\/v6\/#website\"},\"datePublished\":\"2025-05-01T12:35:46+00:00\",\"dateModified\":\"2025-07-03T08:40:55+00:00\",\"breadcrumb\":{\"@id\":\"http:\/\/breeam-nor.byggalliansen.no\/v6\/kategorier-og-emner\/arealbruk-og-okologi\/le-02-okologisk-risiko-og-muligheter\/kartlegging-og-vurdering\/#breadcrumb\"},\"inLanguage\":\"nb-NO\",\"potentialAction\":[{\"@type\":\"ReadAction\",\"target\":[\"http:\/\/breeam-nor.byggalliansen.no\/v6\/kategorier-og-emner\/arealbruk-og-okologi\/le-02-okologisk-risiko-og-muligheter\/kartlegging-og-vurdering\/\"]}]},{\"@type\":\"BreadcrumbList\",\"@id\":\"http:\/\/breeam-nor.byggalliansen.no\/v6\/kategorier-og-emner\/arealbruk-og-okologi\/le-02-okologisk-risiko-og-muligheter\/kartlegging-og-vurdering\/#breadcrumb\",\"itemListElement\":[{\"@type\":\"ListItem\",\"position\":1,\"name\":\"BREEAM-NOR\",\"item\":\"https:\/\/breeam-nor.byggalliansen.no\/v6\/\"},{\"@type\":\"ListItem\",\"position\":2,\"name\":\"Kategorier og emner\",\"item\":\"https:\/\/breeam-nor.byggalliansen.no\/v6\/kategorier-og-emner\/\"},{\"@type\":\"ListItem\",\"position\":3,\"name\":\"Arealbruk og \u00f8kologi\",\"item\":\"https:\/\/breeam-nor.byggalliansen.no\/v6\/kategorier-og-emner\/arealbruk-og-okologi\/\"},{\"@type\":\"ListItem\",\"position\":4,\"name\":\"LE 02 \u00d8kologisk risiko og muligheter\",\"item\":\"http:\/\/breeam-nor.byggalliansen.no\/v6\/kategorier-og-emner\/arealbruk-og-okologi\/le-02-okologisk-risiko-og-muligheter\/\"},{\"@type\":\"ListItem\",\"position\":5,\"name\":\"Kartlegging og vurdering\"}]},{\"@type\":\"WebSite\",\"@id\":\"https:\/\/breeam-nor.byggalliansen.no\/v6\/#website\",\"url\":\"https:\/\/breeam-nor.byggalliansen.no\/v6\/\",\"name\":\"BREEAM-NOR\",\"description\":\"Versjon 6.1.1, 2024\",\"potentialAction\":[{\"@type\":\"SearchAction\",\"target\":{\"@type\":\"EntryPoint\",\"urlTemplate\":\"https:\/\/breeam-nor.byggalliansen.no\/v6\/?s={search_term_string}\"},\"query-input\":{\"@type\":\"PropertyValueSpecification\",\"valueRequired\":true,\"valueName\":\"search_term_string\"}}],\"inLanguage\":\"nb-NO\"}]}<\/script>\n<!-- \/ Yoast SEO plugin. -->","yoast_head_json":{"title":"Kartlegging og vurdering - BREEAM-NOR","robots":{"index":"index","follow":"follow","max-snippet":"max-snippet:-1","max-image-preview":"max-image-preview:large","max-video-preview":"max-video-preview:-1"},"canonical":"http:\/\/breeam-nor.byggalliansen.no\/v6\/kategorier-og-emner\/arealbruk-og-okologi\/le-02-okologisk-risiko-og-muligheter\/kartlegging-og-vurdering\/","og_locale":"nb_NO","og_type":"article","og_title":"Kartlegging og vurdering - BREEAM-NOR","og_url":"http:\/\/breeam-nor.byggalliansen.no\/v6\/kategorier-og-emner\/arealbruk-og-okologi\/le-02-okologisk-risiko-og-muligheter\/kartlegging-og-vurdering\/","og_site_name":"BREEAM-NOR","article_modified_time":"2025-07-03T08:40:55+00:00","twitter_card":"summary_large_image","twitter_misc":{"Ansl. lesetid":"1 minutt"},"schema":{"@context":"https:\/\/schema.org","@graph":[{"@type":"WebPage","@id":"http:\/\/breeam-nor.byggalliansen.no\/v6\/kategorier-og-emner\/arealbruk-og-okologi\/le-02-okologisk-risiko-og-muligheter\/kartlegging-og-vurdering\/","url":"http:\/\/breeam-nor.byggalliansen.no\/v6\/kategorier-og-emner\/arealbruk-og-okologi\/le-02-okologisk-risiko-og-muligheter\/kartlegging-og-vurdering\/","name":"Kartlegging og vurdering - BREEAM-NOR","isPartOf":{"@id":"https:\/\/breeam-nor.byggalliansen.no\/v6\/#website"},"datePublished":"2025-05-01T12:35:46+00:00","dateModified":"2025-07-03T08:40:55+00:00","breadcrumb":{"@id":"http:\/\/breeam-nor.byggalliansen.no\/v6\/kategorier-og-emner\/arealbruk-og-okologi\/le-02-okologisk-risiko-og-muligheter\/kartlegging-og-vurdering\/#breadcrumb"},"inLanguage":"nb-NO","potentialAction":[{"@type":"ReadAction","target":["http:\/\/breeam-nor.byggalliansen.no\/v6\/kategorier-og-emner\/arealbruk-og-okologi\/le-02-okologisk-risiko-og-muligheter\/kartlegging-og-vurdering\/"]}]},{"@type":"BreadcrumbList","@id":"http:\/\/breeam-nor.byggalliansen.no\/v6\/kategorier-og-emner\/arealbruk-og-okologi\/le-02-okologisk-risiko-og-muligheter\/kartlegging-og-vurdering\/#breadcrumb","itemListElement":[{"@type":"ListItem","position":1,"name":"BREEAM-NOR","item":"https:\/\/breeam-nor.byggalliansen.no\/v6\/"},{"@type":"ListItem","position":2,"name":"Kategorier og emner","item":"https:\/\/breeam-nor.byggalliansen.no\/v6\/kategorier-og-emner\/"},{"@type":"ListItem","position":3,"name":"Arealbruk og \u00f8kologi","item":"https:\/\/breeam-nor.byggalliansen.no\/v6\/kategorier-og-emner\/arealbruk-og-okologi\/"},{"@type":"ListItem","position":4,"name":"LE 02 \u00d8kologisk risiko og muligheter","item":"http:\/\/breeam-nor.byggalliansen.no\/v6\/kategorier-og-emner\/arealbruk-og-okologi\/le-02-okologisk-risiko-og-muligheter\/"},{"@type":"ListItem","position":5,"name":"Kartlegging og vurdering"}]},{"@type":"WebSite","@id":"https:\/\/breeam-nor.byggalliansen.no\/v6\/#website","url":"https:\/\/breeam-nor.byggalliansen.no\/v6\/","name":"BREEAM-NOR","description":"Versjon 6.1.1, 2024","potentialAction":[{"@type":"SearchAction","target":{"@type":"EntryPoint","urlTemplate":"https:\/\/breeam-nor.byggalliansen.no\/v6\/?s={search_term_string}"},"query-input":{"@type":"PropertyValueSpecification","valueRequired":true,"valueName":"search_term_string"}}],"inLanguage":"nb-NO"}]}},"_links":{"self":[{"href":"https:\/\/breeam-nor.byggalliansen.no\/v6\/wp-json\/wp\/v2\/pages\/4888","targetHints":{"allow":["GET"]}}],"collection":[{"href":"https:\/\/breeam-nor.byggalliansen.no\/v6\/wp-json\/wp\/v2\/pages"}],"about":[{"href":"https:\/\/breeam-nor.byggalliansen.no\/v6\/wp-json\/wp\/v2\/types\/page"}],"author":[{"embeddable":true,"href":"https:\/\/breeam-nor.byggalliansen.no\/v6\/wp-json\/wp\/v2\/users\/5"}],"replies":[{"embeddable":true,"href":"https:\/\/breeam-nor.byggalliansen.no\/v6\/wp-json\/wp\/v2\/comments?post=4888"}],"version-history":[{"count":2,"href":"https:\/\/breeam-nor.byggalliansen.no\/v6\/wp-json\/wp\/v2\/pages\/4888\/revisions"}],"predecessor-version":[{"id":5879,"href":"https:\/\/breeam-nor.byggalliansen.no\/v6\/wp-json\/wp\/v2\/pages\/4888\/revisions\/5879"}],"up":[{"embeddable":true,"href":"https:\/\/breeam-nor.byggalliansen.no\/v6\/wp-json\/wp\/v2\/pages\/4755"}],"wp:attachment":[{"href":"https:\/\/breeam-nor.byggalliansen.no\/v6\/wp-json\/wp\/v2\/media?parent=4888"}],"wp:term":[{"taxonomy":"category","embeddable":true,"href":"https:\/\/breeam-nor.byggalliansen.no\/v6\/wp-json\/wp\/v2\/categories?post=4888"},{"taxonomy":"connection","embeddable":true,"href":"https:\/\/breeam-nor.byggalliansen.no\/v6\/wp-json\/wp\/v2\/connection?post=4888"}],"curies":[{"name":"wp","href":"https:\/\/api.w.org\/{rel}","templated":true}]}}