{"id":4937,"date":"2025-05-02T06:45:23","date_gmt":"2025-05-02T06:45:24","guid":{"rendered":"https:\/\/breeam-nor.byggalliansen.no\/v6\/?page_id=4937"},"modified":"2025-07-03T10:26:58","modified_gmt":"2025-07-03T10:26:58","slug":"planlegging-og-tiltak-pa-utbyggingsomradet","status":"publish","type":"page","link":"https:\/\/breeam-nor.byggalliansen.no\/v6\/kategorier-og-emner\/arealbruk-og-okologi\/le-03-handtering-av-pavirkning-pa-okologi\/planlegging-og-tiltak-pa-utbyggingsomradet\/","title":{"rendered":"Planlegging og tiltak p\u00e5 utbyggingsomr\u00e5det"},"content":{"rendered":"\n<ol start=\"2\" class=\"wp-block-list\">\n<li>Det er gjennomf\u00f8rt ytterligere planlegging for \u00e5 unng\u00e5 og h\u00e5ndtere negativ p\u00e5virkning p\u00e5 \u00f8kologi p\u00e5 utbyggingsomr\u00e5det tidlig nok til \u00e5 p\u00e5virke prosjekteringen og klargj\u00f8ringen av byggeomr\u00e5det, vanligvis i l\u00f8pet av steg 3 (se Metode).&nbsp;<\/li>\n\n\n\n<li>Det er utf\u00f8rt tiltak p\u00e5 utbyggingsomr\u00e5det for \u00e5 h\u00e5ndtere negativ p\u00e5virkning p\u00e5 \u00f8kologien under klargj\u00f8ring av utbyggingsomr\u00e5det og bygging. Dette kan v\u00e6re risikoreduserende tiltak for \u00e5 beskytte eksisterende \u00f8kologiske funksjoner (se Metode).<\/li>\n\n\n\n<li>Kriterium 2\u20133 er basert p\u00e5 innspill fra prosjektgruppen i samarbeid med representative interessenter og data sammenstilt som en del av \u00ab<a href=\"https:\/\/breeam-nor.byggalliansen.no\/v6\/kategorier-og-emner\/arealbruk-og-okologi\/le-02-okologisk-risiko-og-muligheter\/fastsette-okologiske-muligheter\/\">Fastsettelse av \u00f8kologiske muligheter<\/a>\u00bb i LE 02 \u00d8kologisk risiko og muligheter (se Metode).<\/li>\n<\/ol>\n\n\n\n<p><\/p>\n","protected":false},"excerpt":{"rendered":"","protected":false},"author":5,"featured_media":0,"parent":4756,"menu_order":1,"comment_status":"closed","ping_status":"closed","template":"","meta":{"_acf_changed":false,"footnotes":""},"categories":[1],"connection":[318],"class_list":["post-4937","page","type-page","status-publish","hentry","category-kriterier","connection-8-3-2"],"acf":[],"yoast_head":"<!-- This site is optimized with the Yoast SEO plugin v25.4 - https:\/\/yoast.com\/wordpress\/plugins\/seo\/ -->\n<title>Planlegging og tiltak p\u00e5 utbyggingsomr\u00e5det - BREEAM-NOR<\/title>\n<meta name=\"robots\" content=\"index, follow, max-snippet:-1, max-image-preview:large, max-video-preview:-1\" \/>\n<link rel=\"canonical\" href=\"https:\/\/breeam-nor.byggalliansen.no\/v6\/kategorier-og-emner\/arealbruk-og-okologi\/le-03-handtering-av-pavirkning-pa-okologi\/planlegging-og-tiltak-pa-utbyggingsomradet\/\" \/>\n<meta property=\"og:locale\" content=\"nb_NO\" \/>\n<meta property=\"og:type\" content=\"article\" \/>\n<meta property=\"og:title\" content=\"Planlegging og tiltak p\u00e5 utbyggingsomr\u00e5det - BREEAM-NOR\" \/>\n<meta property=\"og:url\" content=\"https:\/\/breeam-nor.byggalliansen.no\/v6\/kategorier-og-emner\/arealbruk-og-okologi\/le-03-handtering-av-pavirkning-pa-okologi\/planlegging-og-tiltak-pa-utbyggingsomradet\/\" \/>\n<meta property=\"og:site_name\" content=\"BREEAM-NOR\" \/>\n<meta property=\"article:modified_time\" content=\"2025-07-03T10:26:58+00:00\" \/>\n<meta name=\"twitter:card\" content=\"summary_large_image\" \/>\n<meta name=\"twitter:label1\" content=\"Ansl. lesetid\" \/>\n\t<meta name=\"twitter:data1\" content=\"1 minutt\" \/>\n<script type=\"application\/ld+json\" class=\"yoast-schema-graph\">{\"@context\":\"https:\/\/schema.org\",\"@graph\":[{\"@type\":\"WebPage\",\"@id\":\"https:\/\/breeam-nor.byggalliansen.no\/v6\/kategorier-og-emner\/arealbruk-og-okologi\/le-03-handtering-av-pavirkning-pa-okologi\/planlegging-og-tiltak-pa-utbyggingsomradet\/\",\"url\":\"https:\/\/breeam-nor.byggalliansen.no\/v6\/kategorier-og-emner\/arealbruk-og-okologi\/le-03-handtering-av-pavirkning-pa-okologi\/planlegging-og-tiltak-pa-utbyggingsomradet\/\",\"name\":\"Planlegging og tiltak p\u00e5 utbyggingsomr\u00e5det - BREEAM-NOR\",\"isPartOf\":{\"@id\":\"https:\/\/breeam-nor.byggalliansen.no\/v6\/#website\"},\"datePublished\":\"2025-05-02T06:45:24+00:00\",\"dateModified\":\"2025-07-03T10:26:58+00:00\",\"breadcrumb\":{\"@id\":\"https:\/\/breeam-nor.byggalliansen.no\/v6\/kategorier-og-emner\/arealbruk-og-okologi\/le-03-handtering-av-pavirkning-pa-okologi\/planlegging-og-tiltak-pa-utbyggingsomradet\/#breadcrumb\"},\"inLanguage\":\"nb-NO\",\"potentialAction\":[{\"@type\":\"ReadAction\",\"target\":[\"https:\/\/breeam-nor.byggalliansen.no\/v6\/kategorier-og-emner\/arealbruk-og-okologi\/le-03-handtering-av-pavirkning-pa-okologi\/planlegging-og-tiltak-pa-utbyggingsomradet\/\"]}]},{\"@type\":\"BreadcrumbList\",\"@id\":\"https:\/\/breeam-nor.byggalliansen.no\/v6\/kategorier-og-emner\/arealbruk-og-okologi\/le-03-handtering-av-pavirkning-pa-okologi\/planlegging-og-tiltak-pa-utbyggingsomradet\/#breadcrumb\",\"itemListElement\":[{\"@type\":\"ListItem\",\"position\":1,\"name\":\"BREEAM-NOR\",\"item\":\"https:\/\/breeam-nor.byggalliansen.no\/v6\/\"},{\"@type\":\"ListItem\",\"position\":2,\"name\":\"Kategorier og emner\",\"item\":\"https:\/\/breeam-nor.byggalliansen.no\/v6\/kategorier-og-emner\/\"},{\"@type\":\"ListItem\",\"position\":3,\"name\":\"Arealbruk og \u00f8kologi\",\"item\":\"https:\/\/breeam-nor.byggalliansen.no\/v6\/kategorier-og-emner\/arealbruk-og-okologi\/\"},{\"@type\":\"ListItem\",\"position\":4,\"name\":\"LE 03 H\u00e5ndtering av p\u00e5virkning p\u00e5 \u00f8kologi\u00a0\",\"item\":\"https:\/\/breeam-nor.byggalliansen.no\/v6\/kategorier-og-emner\/arealbruk-og-okologi\/le-03-handtering-av-pavirkning-pa-okologi\/\"},{\"@type\":\"ListItem\",\"position\":5,\"name\":\"Planlegging og tiltak p\u00e5 utbyggingsomr\u00e5det\"}]},{\"@type\":\"WebSite\",\"@id\":\"https:\/\/breeam-nor.byggalliansen.no\/v6\/#website\",\"url\":\"https:\/\/breeam-nor.byggalliansen.no\/v6\/\",\"name\":\"BREEAM-NOR\",\"description\":\"Versjon 6.1.1, 2024\",\"potentialAction\":[{\"@type\":\"SearchAction\",\"target\":{\"@type\":\"EntryPoint\",\"urlTemplate\":\"https:\/\/breeam-nor.byggalliansen.no\/v6\/?s={search_term_string}\"},\"query-input\":{\"@type\":\"PropertyValueSpecification\",\"valueRequired\":true,\"valueName\":\"search_term_string\"}}],\"inLanguage\":\"nb-NO\"}]}<\/script>\n<!-- \/ Yoast SEO plugin. -->","yoast_head_json":{"title":"Planlegging og tiltak p\u00e5 utbyggingsomr\u00e5det - BREEAM-NOR","robots":{"index":"index","follow":"follow","max-snippet":"max-snippet:-1","max-image-preview":"max-image-preview:large","max-video-preview":"max-video-preview:-1"},"canonical":"https:\/\/breeam-nor.byggalliansen.no\/v6\/kategorier-og-emner\/arealbruk-og-okologi\/le-03-handtering-av-pavirkning-pa-okologi\/planlegging-og-tiltak-pa-utbyggingsomradet\/","og_locale":"nb_NO","og_type":"article","og_title":"Planlegging og tiltak p\u00e5 utbyggingsomr\u00e5det - BREEAM-NOR","og_url":"https:\/\/breeam-nor.byggalliansen.no\/v6\/kategorier-og-emner\/arealbruk-og-okologi\/le-03-handtering-av-pavirkning-pa-okologi\/planlegging-og-tiltak-pa-utbyggingsomradet\/","og_site_name":"BREEAM-NOR","article_modified_time":"2025-07-03T10:26:58+00:00","twitter_card":"summary_large_image","twitter_misc":{"Ansl. lesetid":"1 minutt"},"schema":{"@context":"https:\/\/schema.org","@graph":[{"@type":"WebPage","@id":"https:\/\/breeam-nor.byggalliansen.no\/v6\/kategorier-og-emner\/arealbruk-og-okologi\/le-03-handtering-av-pavirkning-pa-okologi\/planlegging-og-tiltak-pa-utbyggingsomradet\/","url":"https:\/\/breeam-nor.byggalliansen.no\/v6\/kategorier-og-emner\/arealbruk-og-okologi\/le-03-handtering-av-pavirkning-pa-okologi\/planlegging-og-tiltak-pa-utbyggingsomradet\/","name":"Planlegging og tiltak p\u00e5 utbyggingsomr\u00e5det - BREEAM-NOR","isPartOf":{"@id":"https:\/\/breeam-nor.byggalliansen.no\/v6\/#website"},"datePublished":"2025-05-02T06:45:24+00:00","dateModified":"2025-07-03T10:26:58+00:00","breadcrumb":{"@id":"https:\/\/breeam-nor.byggalliansen.no\/v6\/kategorier-og-emner\/arealbruk-og-okologi\/le-03-handtering-av-pavirkning-pa-okologi\/planlegging-og-tiltak-pa-utbyggingsomradet\/#breadcrumb"},"inLanguage":"nb-NO","potentialAction":[{"@type":"ReadAction","target":["https:\/\/breeam-nor.byggalliansen.no\/v6\/kategorier-og-emner\/arealbruk-og-okologi\/le-03-handtering-av-pavirkning-pa-okologi\/planlegging-og-tiltak-pa-utbyggingsomradet\/"]}]},{"@type":"BreadcrumbList","@id":"https:\/\/breeam-nor.byggalliansen.no\/v6\/kategorier-og-emner\/arealbruk-og-okologi\/le-03-handtering-av-pavirkning-pa-okologi\/planlegging-og-tiltak-pa-utbyggingsomradet\/#breadcrumb","itemListElement":[{"@type":"ListItem","position":1,"name":"BREEAM-NOR","item":"https:\/\/breeam-nor.byggalliansen.no\/v6\/"},{"@type":"ListItem","position":2,"name":"Kategorier og emner","item":"https:\/\/breeam-nor.byggalliansen.no\/v6\/kategorier-og-emner\/"},{"@type":"ListItem","position":3,"name":"Arealbruk og \u00f8kologi","item":"https:\/\/breeam-nor.byggalliansen.no\/v6\/kategorier-og-emner\/arealbruk-og-okologi\/"},{"@type":"ListItem","position":4,"name":"LE 03 H\u00e5ndtering av p\u00e5virkning p\u00e5 \u00f8kologi\u00a0","item":"https:\/\/breeam-nor.byggalliansen.no\/v6\/kategorier-og-emner\/arealbruk-og-okologi\/le-03-handtering-av-pavirkning-pa-okologi\/"},{"@type":"ListItem","position":5,"name":"Planlegging og tiltak p\u00e5 utbyggingsomr\u00e5det"}]},{"@type":"WebSite","@id":"https:\/\/breeam-nor.byggalliansen.no\/v6\/#website","url":"https:\/\/breeam-nor.byggalliansen.no\/v6\/","name":"BREEAM-NOR","description":"Versjon 6.1.1, 2024","potentialAction":[{"@type":"SearchAction","target":{"@type":"EntryPoint","urlTemplate":"https:\/\/breeam-nor.byggalliansen.no\/v6\/?s={search_term_string}"},"query-input":{"@type":"PropertyValueSpecification","valueRequired":true,"valueName":"search_term_string"}}],"inLanguage":"nb-NO"}]}},"_links":{"self":[{"href":"https:\/\/breeam-nor.byggalliansen.no\/v6\/wp-json\/wp\/v2\/pages\/4937","targetHints":{"allow":["GET"]}}],"collection":[{"href":"https:\/\/breeam-nor.byggalliansen.no\/v6\/wp-json\/wp\/v2\/pages"}],"about":[{"href":"https:\/\/breeam-nor.byggalliansen.no\/v6\/wp-json\/wp\/v2\/types\/page"}],"author":[{"embeddable":true,"href":"https:\/\/breeam-nor.byggalliansen.no\/v6\/wp-json\/wp\/v2\/users\/5"}],"replies":[{"embeddable":true,"href":"https:\/\/breeam-nor.byggalliansen.no\/v6\/wp-json\/wp\/v2\/comments?post=4937"}],"version-history":[{"count":3,"href":"https:\/\/breeam-nor.byggalliansen.no\/v6\/wp-json\/wp\/v2\/pages\/4937\/revisions"}],"predecessor-version":[{"id":5881,"href":"https:\/\/breeam-nor.byggalliansen.no\/v6\/wp-json\/wp\/v2\/pages\/4937\/revisions\/5881"}],"up":[{"embeddable":true,"href":"https:\/\/breeam-nor.byggalliansen.no\/v6\/wp-json\/wp\/v2\/pages\/4756"}],"wp:attachment":[{"href":"https:\/\/breeam-nor.byggalliansen.no\/v6\/wp-json\/wp\/v2\/media?parent=4937"}],"wp:term":[{"taxonomy":"category","embeddable":true,"href":"https:\/\/breeam-nor.byggalliansen.no\/v6\/wp-json\/wp\/v2\/categories?post=4937"},{"taxonomy":"connection","embeddable":true,"href":"https:\/\/breeam-nor.byggalliansen.no\/v6\/wp-json\/wp\/v2\/connection?post=4937"}],"curies":[{"name":"wp","href":"https:\/\/api.w.org\/{rel}","templated":true}]}}